{"id":5683878,"date":"2025-11-28T13:39:28","date_gmt":"2025-11-28T12:39:28","guid":{"rendered":"https:\/\/www.ladime.sk\/?post_type=product&#038;p=5683878"},"modified":"2025-12-02T17:37:40","modified_gmt":"2025-12-02T16:37:40","slug":"damska-bluzka-bianca-z-lanu-a-sorony-s-vyraznou-manzetou-na-rukave","status":"publish","type":"product","link":"https:\/\/www.ladime.sk\/cs\/nova-kolekcia\/damska-bluzka-bianca-z-lanu-a-sorony-s-vyraznou-manzetou-na-rukave\/","title":{"rendered":"D\u00e1mska bl\u00fazka Bianca z \u013eanu a sorony s v\u00fdraznou man\u017eetou na ruk\u00e1ve"},"content":{"rendered":"<div class=\"kvgmc6g5 cxmmr5t8 oygrvhab hcukyx3x c1et5uql\">\n<h2 data-start=\"695\" data-end=\"762\">D\u00e1mska bl\u00fazka Bianca \u2013 kr\u00e9mov\u00e1 bl\u00fazka, ktor\u00e1 zjemn\u00ed cel\u00fd outfit<\/h2>\n<p data-start=\"764\" data-end=\"946\">D\u00e1mska bl\u00fazka <strong data-start=\"778\" data-end=\"788\">Bianca<\/strong> je jeden z t\u00fdch k\u00faskov, pri ktor\u00fdch sta\u010d\u00ed m\u00e1lo \u2013 obliec\u0165 ju, zastr\u010di\u0165 do nohav\u00edc alebo sukne \u2013 a zrazu vyzer\u00e1\u0161 upravene, \u017eensky a ve\u013emi prirodzene elegantne.<\/p>\n<p data-start=\"948\" data-end=\"1010\">Kombin\u00e1cia <strong data-start=\"959\" data-end=\"976\">\u013eanu a sorony<\/strong> patr\u00ed medzi na\u0161e najob\u013e\u00fabenej\u0161ie:<\/p>\n<ul data-start=\"1012\" data-end=\"1153\">\n<li data-start=\"1012\" data-end=\"1052\">\n<p data-start=\"1014\" data-end=\"1052\">je pr\u00edjemne <strong data-start=\"1026\" data-end=\"1049\">vzdu\u0161n\u00e1 a priedu\u0161n\u00e1<\/strong>,<\/p>\n<\/li>\n<li data-start=\"1053\" data-end=\"1114\">\n<p data-start=\"1055\" data-end=\"1114\">m\u00e4kk\u00e1 na dotyk, bez \u201e\u0161krabkav\u00e9ho\u201c efektu klasick\u00e9ho \u013eanu,<\/p>\n<\/li>\n<li data-start=\"1115\" data-end=\"1153\">\n<p data-start=\"1117\" data-end=\"1153\">p\u00f4sob\u00ed uvo\u013enene, ale st\u00e1le pr\u00e9miovo.<\/p>\n<\/li>\n<\/ul>\n<p data-start=\"1155\" data-end=\"1270\">Kr\u00e9movo-biely odtie\u0148 roz\u017eiari ple\u0165 a n\u00e1dherne kontrastuje s teplou hnedou sukne <strong data-start=\"1235\" data-end=\"1244\">Mirai<\/strong> aj s \u010diernymi nohavicami.<\/p>\n<h3 data-start=\"1277\" data-end=\"1317\">V\u00fdstrih, ktor\u00fd p\u00f4sob\u00ed \u010disto a \u017eensky<\/h3>\n<p data-start=\"1319\" data-end=\"1349\">Bianca m\u00e1 <strong data-start=\"1329\" data-end=\"1348\">\u010dist\u00fd V-v\u00fdstrih<\/strong>:<\/p>\n<ul data-start=\"1351\" data-end=\"1524\">\n<li data-start=\"1351\" data-end=\"1395\">\n<p data-start=\"1353\" data-end=\"1395\">opticky predl\u017euje krk a zjem\u0148uje dekolt,<\/p>\n<\/li>\n<li data-start=\"1396\" data-end=\"1452\">\n<p data-start=\"1398\" data-end=\"1452\">nep\u00f4sob\u00ed pr\u00edli\u0161 hlboko, tak\u017ee je vhodn\u00e1 aj do pr\u00e1ce,<\/p>\n<\/li>\n<li data-start=\"1453\" data-end=\"1524\">\n<p data-start=\"1455\" data-end=\"1524\">pekne r\u00e1muje tv\u00e1r a nech\u00e1va vynikn\u00fa\u0165 n\u00e1u\u0161nice alebo jemn\u00fd n\u00e1hrdeln\u00edk.<\/p>\n<\/li>\n<\/ul>\n<p data-start=\"1526\" data-end=\"1665\">Strih tela je mierne vo\u013en\u00fd, tak\u017ee bl\u00fazka nep\u00f4sob\u00ed upnuto, ale st\u00e1le dr\u017e\u00ed pekn\u00fa siluetu \u2013 ide\u00e1lna na zastr\u010denie do p\u00e1su aj na vo\u013en\u00e9 nosenie.<\/p>\n<h3 data-start=\"1672\" data-end=\"1703\">Ruk\u00e1vy, ktor\u00e9 robia rozdiel<\/h3>\n<p data-start=\"1705\" data-end=\"1766\">Na Biance s\u00fa kr\u00e1sne pr\u00e1ve <strong data-start=\"1731\" data-end=\"1741\">ruk\u00e1vy<\/strong> \u2013 z profilu aj v pohybe:<\/p>\n<ul data-start=\"1768\" data-end=\"2004\">\n<li data-start=\"1768\" data-end=\"1832\">\n<p data-start=\"1770\" data-end=\"1832\">rameno m\u00e1 jemn\u00fd objem, ktor\u00fd dod\u00e1va bl\u00fazke \u017eensk\u00fd charakter,<\/p>\n<\/li>\n<li data-start=\"1833\" data-end=\"1906\">\n<p data-start=\"1835\" data-end=\"1906\">ruk\u00e1v je po d\u013a\u017eke <strong data-start=\"1853\" data-end=\"1903\">z\u013eahka nariasen\u00fd a stiahnut\u00fd smerom k z\u00e1p\u00e4stiu<\/strong>,<\/p>\n<\/li>\n<li data-start=\"1907\" data-end=\"2004\">\n<p data-start=\"1909\" data-end=\"2004\">pri z\u00e1p\u00e4st\u00ed prech\u00e1dza do <strong data-start=\"1934\" data-end=\"1952\">\u010distej man\u017eety<\/strong>, ktor\u00e1 ruk\u00e1v usad\u00ed a nech\u00e1 vynikn\u00fa\u0165 ruku aj \u0161perky.<\/p>\n<\/li>\n<\/ul>\n<p data-start=\"2006\" data-end=\"2154\">V\u010faka tomuto rie\u0161eniu ruk\u00e1v nep\u00f4sob\u00ed prehnane, ale na fotk\u00e1ch aj na\u017eivo okam\u017eite vidno, \u017ee ide o <strong data-start=\"2103\" data-end=\"2123\">dizajnov\u00fd detail<\/strong>, nie oby\u010dajn\u00fa ko\u0161e\u013eov\u00fa bl\u00fazku.<\/p>\n<h3 data-start=\"2161\" data-end=\"2186\">Ako Biancu kombinova\u0165<\/h3>\n<p data-start=\"2188\" data-end=\"2261\">Bianca je navrhnut\u00e1 tak, aby prirodzene zapadla do tvojej Lad\u00edme kapsuly:<\/p>\n<ul data-start=\"2263\" data-end=\"2551\">\n<li data-start=\"2263\" data-end=\"2354\">\n<p data-start=\"2265\" data-end=\"2354\">so suk\u0148ou <strong data-start=\"2275\" data-end=\"2284\">Mirai<\/strong> vytvor\u00ed elegantn\u00fd, ve\u013emi \u017eensk\u00fd outfit, ktor\u00fd pokojne nahrad\u00ed \u0161aty,<\/p>\n<\/li>\n<li data-start=\"2355\" data-end=\"2465\">\n<p data-start=\"2357\" data-end=\"2465\">s nohavicami <strong data-start=\"2370\" data-end=\"2379\">Ayako<\/strong> v hnedej aj \u010diernej farbe funguje ako \u010dist\u00fd, modern\u00fd komplet do officu aj na ve\u010der,<\/p>\n<\/li>\n<li data-start=\"2466\" data-end=\"2551\">\n<p data-start=\"2468\" data-end=\"2551\">s d\u017e\u00ednsami a lodi\u010dkami \u010di mokas\u00ednami p\u00f4sob\u00ed uvo\u013enene, ale st\u00e1le v\u00fdrazne \u201eupraveno\u201c.<\/p>\n<\/li>\n<\/ul>\n<p data-start=\"2553\" data-end=\"2692\">Je to bl\u00fazka, po ktorej siahne\u0161 v\u017edy, ke\u010f chce\u0161 ma\u0165 pocit, \u017ee m\u00e1\u0161 na sebe nie\u010do \u0161peci\u00e1lne \u2013 bez toho, aby si musela rie\u0161i\u0165 zlo\u017eit\u00fd styling.<\/p>\n<h3 data-start=\"2699\" data-end=\"2732\">Slow fashion &amp; lok\u00e1lna v\u00fdroba<\/h3>\n<p data-start=\"2734\" data-end=\"2794\">Bianca vznik\u00e1 v na\u0161ej dielni na Slovensku v men\u0161\u00edch s\u00e9ri\u00e1ch:<\/p>\n<ul data-start=\"2796\" data-end=\"2986\">\n<li data-start=\"2796\" data-end=\"2861\">\n<p data-start=\"2798\" data-end=\"2861\">podporuje\u0161 <strong data-start=\"2809\" data-end=\"2825\">slow fashion<\/strong> a udr\u017eate\u013en\u00fd pr\u00edstup k oble\u010deniu,<\/p>\n<\/li>\n<li data-start=\"2862\" data-end=\"2924\">\n<p data-start=\"2864\" data-end=\"2924\">stoj\u00ed\u0161 za lok\u00e1lnou zna\u010dkou <strong data-start=\"2891\" data-end=\"2901\">Lad\u00edme<\/strong> a poctiv\u00fdm remeslom,<\/p>\n<\/li>\n<li data-start=\"2925\" data-end=\"2986\">\n<p data-start=\"2927\" data-end=\"2986\">z\u00edskava\u0161 nad\u010dasov\u00fd k\u00fasok, ktor\u00fd nebude len na jednu sez\u00f3nu.<\/p>\n<\/li>\n<\/ul>\n<p data-start=\"2988\" data-end=\"3154\">Ak h\u013ead\u00e1\u0161 <strong data-start=\"2998\" data-end=\"3068\">kr\u00e9mov\u00fa d\u00e1msku bl\u00fazku z \u013eanu a sorony s kr\u00e1sne spracovan\u00fdm ruk\u00e1vom<\/strong>, Bianca je k\u00fasok, ktor\u00fd ti v \u0161atn\u00edku vypln\u00ed miesto \u201enie\u010do jemn\u00e9, \u017eensk\u00e9 a elegantn\u00e9\u201c.<\/p>\n<\/div>\n<div class=\"o9v6fnle cxmmr5t8 oygrvhab hcukyx3x c1et5uql\">Modelka Mia m\u00e1 oble\u010den\u00fa ve\u013ekos\u0165 36.\u00a0 V\u00fd\u0161ka modelky: cca 163cm a miery: 95-70-96<\/div>\n<div><\/div>\n","protected":false},"excerpt":{"rendered":"<div>\n<p data-start=\"258\" data-end=\"464\">D\u00e1mska bl\u00fazka <strong data-start=\"272\" data-end=\"282\">Bianca<\/strong> v jemnej kr\u00e9movo-bielej farbe je luxusn\u00fd k\u00fasok z na\u0161ej \u013eanovej kapsule. U\u0161it\u00e1 je z materi\u00e1lu <strong data-start=\"376\" data-end=\"392\">\u013ean + sorona<\/strong>, ktor\u00fd na\u0161i z\u00e1kazn\u00edci miluj\u00fa pre vzdu\u0161nos\u0165, m\u00e4kkos\u0165 a pr\u00edjemn\u00fd dotyk.<\/p>\n<p data-start=\"466\" data-end=\"734\">M\u00e1 \u017eensk\u00fd <strong data-start=\"476\" data-end=\"500\">prekladan\u00fd V-v\u00fdstrih<\/strong> a <strong data-start=\"503\" data-end=\"551\">tvarovan\u00e9 ruk\u00e1vy zakon\u010den\u00e9 v\u00fdraznou man\u017eetou<\/strong>, ktor\u00e9 dodaj\u00fa outfitu eleganciu a jemn\u00fd dizajnov\u00fd detail. Perfektn\u00e1 <strong data-start=\"620\" data-end=\"683\">d\u00e1mska bl\u00fazka do pr\u00e1ce, na ve\u010deru aj \u0161peci\u00e1lne pr\u00edle\u017eitosti<\/strong> \u2013 kr\u00e1sne lad\u00ed so suk\u0148ou Mirai aj nohavicami Ayako.<\/p>\n<p>UDR\u017dATE\u013dN\u00dd K\u00daSOK<\/p>\n<\/div>\n<div>\n<div><strong>Certifik\u00e1ty materi\u00e1lu: <\/strong>OEKO-TEX 100, Trieda 1<\/div>\n<div><\/div>\n<\/div>\n<div><strong>Materi\u00e1lov\u00e9 zlo\u017eenie:<\/strong>45% \u013ean, 22% visk\u00f3za, 18% sorona, 15% bavlna<\/div>\n<div><\/div>\n<div><\/div>\n","protected":false},"featured_media":5683881,"comment_status":"closed","ping_status":"closed","template":"","meta":{"_acf_changed":false,"inline_featured_image":false},"product_brand":[],"product_cat":[79,427],"product_tag":[],"class_list":{"0":"post-5683878","1":"product","2":"type-product","3":"status-publish","4":"has-post-thumbnail","6":"product_cat-damske-topy","7":"product_cat-nova-kolekcia","9":"first","10":"instock","11":"shipping-taxable","12":"purchasable","13":"product-type-variable","14":"wvs-archive-product-wrapper"},"acf":[],"yoast_head":"<!-- This site is optimized with the Yoast SEO plugin v27.4 - https:\/\/yoast.com\/product\/yoast-seo-wordpress\/ -->\n<title>D\u00e1mska bl\u00fazka Bianca z \u013eanu a sorony s v\u00fdraznou man\u017eetou na ruk\u00e1ve - ladime.sk<\/title>\n<meta name=\"description\" content=\"D\u00e1mska bl\u00fazka Bianca z \u013eanu a sorony v kr\u00e9movo-bielej farbe s V-v\u00fdstrihom a dlh\u00fdmi ruk\u00e1vmi s jemn\u00fdm riasen\u00edm a man\u017eetou. Elegantn\u00e1 \u017eensk\u00e1 bl\u00fazka od slow fashion zna\u010dky Lad\u00edme, ide\u00e1lna k sukni Mirai aj nohaviciam Ayako, u\u0161it\u00e1 na Slovensku.\" \/>\n<meta name=\"robots\" content=\"index, follow, max-snippet:-1, max-image-preview:large, max-video-preview:-1\" \/>\n<link rel=\"canonical\" href=\"https:\/\/www.ladime.sk\/nova-kolekcia\/damska-bluzka-bianca-z-lanu-a-sorony-s-vyraznou-manzetou-na-rukave\/\" \/>\n<meta property=\"og:locale\" content=\"cs_CZ\" \/>\n<meta property=\"og:type\" content=\"article\" \/>\n<meta property=\"og:title\" content=\"D\u00e1mska bl\u00fazka Bianca z \u013eanu a sorony s v\u00fdraznou man\u017eetou na ruk\u00e1ve - ladime.sk\" \/>\n<meta property=\"og:description\" content=\"D\u00e1mska bl\u00fazka Bianca z \u013eanu a sorony v kr\u00e9movo-bielej farbe s V-v\u00fdstrihom a dlh\u00fdmi ruk\u00e1vmi s jemn\u00fdm riasen\u00edm a man\u017eetou. Elegantn\u00e1 \u017eensk\u00e1 bl\u00fazka od slow fashion zna\u010dky Lad\u00edme, ide\u00e1lna k sukni Mirai aj nohaviciam Ayako, u\u0161it\u00e1 na Slovensku.\" \/>\n<meta property=\"og:url\" content=\"https:\/\/www.ladime.sk\/nova-kolekcia\/damska-bluzka-bianca-z-lanu-a-sorony-s-vyraznou-manzetou-na-rukave\/\" \/>\n<meta property=\"og:site_name\" content=\"ladime.sk\" \/>\n<meta property=\"article:modified_time\" content=\"2025-12-02T16:37:40+00:00\" \/>\n<meta property=\"og:image\" content=\"https:\/\/www.ladime.sk\/wp-content\/uploads\/2025\/11\/damska-bluzka-bianca-kremova-sukna-mirai-outfit-ladime-02.jpg\" \/>\n\t<meta property=\"og:image:width\" content=\"755\" \/>\n\t<meta property=\"og:image:height\" content=\"1006\" \/>\n\t<meta property=\"og:image:type\" content=\"image\/jpeg\" \/>\n<meta name=\"twitter:card\" content=\"summary_large_image\" \/>\n<meta name=\"twitter:label1\" content=\"Odhadovan\u00e1 doba \u010dten\u00ed\" \/>\n\t<meta name=\"twitter:data1\" content=\"3 minuty\" \/>\n<script type=\"application\/ld+json\" class=\"yoast-schema-graph\">{\"@context\":\"https:\\\/\\\/schema.org\",\"@graph\":[{\"@type\":\"WebPage\",\"@id\":\"https:\\\/\\\/www.ladime.sk\\\/nova-kolekcia\\\/damska-bluzka-bianca-z-lanu-a-sorony-s-vyraznou-manzetou-na-rukave\\\/\",\"url\":\"https:\\\/\\\/www.ladime.sk\\\/nova-kolekcia\\\/damska-bluzka-bianca-z-lanu-a-sorony-s-vyraznou-manzetou-na-rukave\\\/\",\"name\":\"D\u00e1mska bl\u00fazka Bianca z \u013eanu a sorony s v\u00fdraznou man\u017eetou na ruk\u00e1ve - ladime.sk\",\"isPartOf\":{\"@id\":\"https:\\\/\\\/www.ladime.sk\\\/#website\"},\"primaryImageOfPage\":{\"@id\":\"https:\\\/\\\/www.ladime.sk\\\/nova-kolekcia\\\/damska-bluzka-bianca-z-lanu-a-sorony-s-vyraznou-manzetou-na-rukave\\\/#primaryimage\"},\"image\":{\"@id\":\"https:\\\/\\\/www.ladime.sk\\\/nova-kolekcia\\\/damska-bluzka-bianca-z-lanu-a-sorony-s-vyraznou-manzetou-na-rukave\\\/#primaryimage\"},\"thumbnailUrl\":\"https:\\\/\\\/www.ladime.sk\\\/wp-content\\\/uploads\\\/2025\\\/11\\\/damska-bluzka-bianca-kremova-sukna-mirai-outfit-ladime-02.jpg\",\"datePublished\":\"2025-11-28T12:39:28+00:00\",\"dateModified\":\"2025-12-02T16:37:40+00:00\",\"description\":\"D\u00e1mska bl\u00fazka Bianca z \u013eanu a sorony v kr\u00e9movo-bielej farbe s V-v\u00fdstrihom a dlh\u00fdmi ruk\u00e1vmi s jemn\u00fdm riasen\u00edm a man\u017eetou. Elegantn\u00e1 \u017eensk\u00e1 bl\u00fazka od slow fashion zna\u010dky Lad\u00edme, ide\u00e1lna k sukni Mirai aj nohaviciam Ayako, u\u0161it\u00e1 na Slovensku.\",\"breadcrumb\":{\"@id\":\"https:\\\/\\\/www.ladime.sk\\\/nova-kolekcia\\\/damska-bluzka-bianca-z-lanu-a-sorony-s-vyraznou-manzetou-na-rukave\\\/#breadcrumb\"},\"inLanguage\":\"cs\",\"potentialAction\":[{\"@type\":\"ReadAction\",\"target\":[\"https:\\\/\\\/www.ladime.sk\\\/nova-kolekcia\\\/damska-bluzka-bianca-z-lanu-a-sorony-s-vyraznou-manzetou-na-rukave\\\/\"]}]},{\"@type\":\"ImageObject\",\"inLanguage\":\"cs\",\"@id\":\"https:\\\/\\\/www.ladime.sk\\\/nova-kolekcia\\\/damska-bluzka-bianca-z-lanu-a-sorony-s-vyraznou-manzetou-na-rukave\\\/#primaryimage\",\"url\":\"https:\\\/\\\/www.ladime.sk\\\/wp-content\\\/uploads\\\/2025\\\/11\\\/damska-bluzka-bianca-kremova-sukna-mirai-outfit-ladime-02.jpg\",\"contentUrl\":\"https:\\\/\\\/www.ladime.sk\\\/wp-content\\\/uploads\\\/2025\\\/11\\\/damska-bluzka-bianca-kremova-sukna-mirai-outfit-ladime-02.jpg\",\"width\":755,\"height\":1006},{\"@type\":\"BreadcrumbList\",\"@id\":\"https:\\\/\\\/www.ladime.sk\\\/nova-kolekcia\\\/damska-bluzka-bianca-z-lanu-a-sorony-s-vyraznou-manzetou-na-rukave\\\/#breadcrumb\",\"itemListElement\":[{\"@type\":\"ListItem\",\"position\":1,\"name\":\"\u00davod\",\"item\":\"https:\\\/\\\/www.ladime.sk\\\/\"},{\"@type\":\"ListItem\",\"position\":2,\"name\":\"Obchod\",\"item\":\"https:\\\/\\\/www.ladime.sk\\\/cs\\\/shop-cs\\\/\"},{\"@type\":\"ListItem\",\"position\":3,\"name\":\"D\u00e1mska bl\u00fazka Bianca z \u013eanu a sorony s v\u00fdraznou man\u017eetou na ruk\u00e1ve\"}]},{\"@type\":\"WebSite\",\"@id\":\"https:\\\/\\\/www.ladime.sk\\\/#website\",\"url\":\"https:\\\/\\\/www.ladime.sk\\\/\",\"name\":\"ladime.sk\",\"description\":\"Ke\u010f lad\u00edme so svetom, mysl\u00edme na bud\u00facnos\u0165.\",\"publisher\":{\"@id\":\"https:\\\/\\\/www.ladime.sk\\\/#organization\"},\"potentialAction\":[{\"@type\":\"SearchAction\",\"target\":{\"@type\":\"EntryPoint\",\"urlTemplate\":\"https:\\\/\\\/www.ladime.sk\\\/?s={search_term_string}\"},\"query-input\":{\"@type\":\"PropertyValueSpecification\",\"valueRequired\":true,\"valueName\":\"search_term_string\"}}],\"inLanguage\":\"cs\"},{\"@type\":\"Organization\",\"@id\":\"https:\\\/\\\/www.ladime.sk\\\/#organization\",\"name\":\"Lad\u00edme\",\"url\":\"https:\\\/\\\/www.ladime.sk\\\/\",\"logo\":{\"@type\":\"ImageObject\",\"inLanguage\":\"cs\",\"@id\":\"https:\\\/\\\/www.ladime.sk\\\/#\\\/schema\\\/logo\\\/image\\\/\",\"url\":\"https:\\\/\\\/www.ladime.sk\\\/wp-content\\\/uploads\\\/2021\\\/08\\\/logo_ladime.svg\",\"contentUrl\":\"https:\\\/\\\/www.ladime.sk\\\/wp-content\\\/uploads\\\/2021\\\/08\\\/logo_ladime.svg\",\"width\":366,\"height\":185,\"caption\":\"Lad\u00edme\"},\"image\":{\"@id\":\"https:\\\/\\\/www.ladime.sk\\\/#\\\/schema\\\/logo\\\/image\\\/\"}}]}<\/script>\n<!-- \/ Yoast SEO plugin. -->","yoast_head_json":{"title":"D\u00e1mska bl\u00fazka Bianca z \u013eanu a sorony s v\u00fdraznou man\u017eetou na ruk\u00e1ve - ladime.sk","description":"D\u00e1mska bl\u00fazka Bianca z \u013eanu a sorony v kr\u00e9movo-bielej farbe s V-v\u00fdstrihom a dlh\u00fdmi ruk\u00e1vmi s jemn\u00fdm riasen\u00edm a man\u017eetou. Elegantn\u00e1 \u017eensk\u00e1 bl\u00fazka od slow fashion zna\u010dky Lad\u00edme, ide\u00e1lna k sukni Mirai aj nohaviciam Ayako, u\u0161it\u00e1 na Slovensku.","robots":{"index":"index","follow":"follow","max-snippet":"max-snippet:-1","max-image-preview":"max-image-preview:large","max-video-preview":"max-video-preview:-1"},"canonical":"https:\/\/www.ladime.sk\/nova-kolekcia\/damska-bluzka-bianca-z-lanu-a-sorony-s-vyraznou-manzetou-na-rukave\/","og_locale":"cs_CZ","og_type":"article","og_title":"D\u00e1mska bl\u00fazka Bianca z \u013eanu a sorony s v\u00fdraznou man\u017eetou na ruk\u00e1ve - ladime.sk","og_description":"D\u00e1mska bl\u00fazka Bianca z \u013eanu a sorony v kr\u00e9movo-bielej farbe s V-v\u00fdstrihom a dlh\u00fdmi ruk\u00e1vmi s jemn\u00fdm riasen\u00edm a man\u017eetou. Elegantn\u00e1 \u017eensk\u00e1 bl\u00fazka od slow fashion zna\u010dky Lad\u00edme, ide\u00e1lna k sukni Mirai aj nohaviciam Ayako, u\u0161it\u00e1 na Slovensku.","og_url":"https:\/\/www.ladime.sk\/nova-kolekcia\/damska-bluzka-bianca-z-lanu-a-sorony-s-vyraznou-manzetou-na-rukave\/","og_site_name":"ladime.sk","article_modified_time":"2025-12-02T16:37:40+00:00","og_image":[{"width":755,"height":1006,"url":"https:\/\/www.ladime.sk\/wp-content\/uploads\/2025\/11\/damska-bluzka-bianca-kremova-sukna-mirai-outfit-ladime-02.jpg","type":"image\/jpeg"}],"twitter_card":"summary_large_image","twitter_misc":{"Odhadovan\u00e1 doba \u010dten\u00ed":"3 minuty"},"schema":{"@context":"https:\/\/schema.org","@graph":[{"@type":"WebPage","@id":"https:\/\/www.ladime.sk\/nova-kolekcia\/damska-bluzka-bianca-z-lanu-a-sorony-s-vyraznou-manzetou-na-rukave\/","url":"https:\/\/www.ladime.sk\/nova-kolekcia\/damska-bluzka-bianca-z-lanu-a-sorony-s-vyraznou-manzetou-na-rukave\/","name":"D\u00e1mska bl\u00fazka Bianca z \u013eanu a sorony s v\u00fdraznou man\u017eetou na ruk\u00e1ve - ladime.sk","isPartOf":{"@id":"https:\/\/www.ladime.sk\/#website"},"primaryImageOfPage":{"@id":"https:\/\/www.ladime.sk\/nova-kolekcia\/damska-bluzka-bianca-z-lanu-a-sorony-s-vyraznou-manzetou-na-rukave\/#primaryimage"},"image":{"@id":"https:\/\/www.ladime.sk\/nova-kolekcia\/damska-bluzka-bianca-z-lanu-a-sorony-s-vyraznou-manzetou-na-rukave\/#primaryimage"},"thumbnailUrl":"https:\/\/www.ladime.sk\/wp-content\/uploads\/2025\/11\/damska-bluzka-bianca-kremova-sukna-mirai-outfit-ladime-02.jpg","datePublished":"2025-11-28T12:39:28+00:00","dateModified":"2025-12-02T16:37:40+00:00","description":"D\u00e1mska bl\u00fazka Bianca z \u013eanu a sorony v kr\u00e9movo-bielej farbe s V-v\u00fdstrihom a dlh\u00fdmi ruk\u00e1vmi s jemn\u00fdm riasen\u00edm a man\u017eetou. Elegantn\u00e1 \u017eensk\u00e1 bl\u00fazka od slow fashion zna\u010dky Lad\u00edme, ide\u00e1lna k sukni Mirai aj nohaviciam Ayako, u\u0161it\u00e1 na Slovensku.","breadcrumb":{"@id":"https:\/\/www.ladime.sk\/nova-kolekcia\/damska-bluzka-bianca-z-lanu-a-sorony-s-vyraznou-manzetou-na-rukave\/#breadcrumb"},"inLanguage":"cs","potentialAction":[{"@type":"ReadAction","target":["https:\/\/www.ladime.sk\/nova-kolekcia\/damska-bluzka-bianca-z-lanu-a-sorony-s-vyraznou-manzetou-na-rukave\/"]}]},{"@type":"ImageObject","inLanguage":"cs","@id":"https:\/\/www.ladime.sk\/nova-kolekcia\/damska-bluzka-bianca-z-lanu-a-sorony-s-vyraznou-manzetou-na-rukave\/#primaryimage","url":"https:\/\/www.ladime.sk\/wp-content\/uploads\/2025\/11\/damska-bluzka-bianca-kremova-sukna-mirai-outfit-ladime-02.jpg","contentUrl":"https:\/\/www.ladime.sk\/wp-content\/uploads\/2025\/11\/damska-bluzka-bianca-kremova-sukna-mirai-outfit-ladime-02.jpg","width":755,"height":1006},{"@type":"BreadcrumbList","@id":"https:\/\/www.ladime.sk\/nova-kolekcia\/damska-bluzka-bianca-z-lanu-a-sorony-s-vyraznou-manzetou-na-rukave\/#breadcrumb","itemListElement":[{"@type":"ListItem","position":1,"name":"\u00davod","item":"https:\/\/www.ladime.sk\/"},{"@type":"ListItem","position":2,"name":"Obchod","item":"https:\/\/www.ladime.sk\/cs\/shop-cs\/"},{"@type":"ListItem","position":3,"name":"D\u00e1mska bl\u00fazka Bianca z \u013eanu a sorony s v\u00fdraznou man\u017eetou na ruk\u00e1ve"}]},{"@type":"WebSite","@id":"https:\/\/www.ladime.sk\/#website","url":"https:\/\/www.ladime.sk\/","name":"ladime.sk","description":"Ke\u010f lad\u00edme so svetom, mysl\u00edme na bud\u00facnos\u0165.","publisher":{"@id":"https:\/\/www.ladime.sk\/#organization"},"potentialAction":[{"@type":"SearchAction","target":{"@type":"EntryPoint","urlTemplate":"https:\/\/www.ladime.sk\/?s={search_term_string}"},"query-input":{"@type":"PropertyValueSpecification","valueRequired":true,"valueName":"search_term_string"}}],"inLanguage":"cs"},{"@type":"Organization","@id":"https:\/\/www.ladime.sk\/#organization","name":"Lad\u00edme","url":"https:\/\/www.ladime.sk\/","logo":{"@type":"ImageObject","inLanguage":"cs","@id":"https:\/\/www.ladime.sk\/#\/schema\/logo\/image\/","url":"https:\/\/www.ladime.sk\/wp-content\/uploads\/2021\/08\/logo_ladime.svg","contentUrl":"https:\/\/www.ladime.sk\/wp-content\/uploads\/2021\/08\/logo_ladime.svg","width":366,"height":185,"caption":"Lad\u00edme"},"image":{"@id":"https:\/\/www.ladime.sk\/#\/schema\/logo\/image\/"}}]}},"_links":{"self":[{"href":"https:\/\/www.ladime.sk\/cs\/wp-json\/wp\/v2\/product\/5683878","targetHints":{"allow":["GET"]}}],"collection":[{"href":"https:\/\/www.ladime.sk\/cs\/wp-json\/wp\/v2\/product"}],"about":[{"href":"https:\/\/www.ladime.sk\/cs\/wp-json\/wp\/v2\/types\/product"}],"replies":[{"embeddable":true,"href":"https:\/\/www.ladime.sk\/cs\/wp-json\/wp\/v2\/comments?post=5683878"}],"version-history":[{"count":0,"href":"https:\/\/www.ladime.sk\/cs\/wp-json\/wp\/v2\/product\/5683878\/revisions"}],"wp:featuredmedia":[{"embeddable":true,"href":"https:\/\/www.ladime.sk\/cs\/wp-json\/wp\/v2\/media\/5683881"}],"wp:attachment":[{"href":"https:\/\/www.ladime.sk\/cs\/wp-json\/wp\/v2\/media?parent=5683878"}],"wp:term":[{"taxonomy":"product_brand","embeddable":true,"href":"https:\/\/www.ladime.sk\/cs\/wp-json\/wp\/v2\/product_brand?post=5683878"},{"taxonomy":"product_cat","embeddable":true,"href":"https:\/\/www.ladime.sk\/cs\/wp-json\/wp\/v2\/product_cat?post=5683878"},{"taxonomy":"product_tag","embeddable":true,"href":"https:\/\/www.ladime.sk\/cs\/wp-json\/wp\/v2\/product_tag?post=5683878"}],"curies":[{"name":"wp","href":"https:\/\/api.w.org\/{rel}","templated":true}]}}