{"id":5683864,"date":"2025-11-28T13:23:48","date_gmt":"2025-11-28T12:23:48","guid":{"rendered":"https:\/\/www.ladime.sk\/?post_type=product&#038;p=5683864"},"modified":"2025-12-02T18:07:54","modified_gmt":"2025-12-02T17:07:54","slug":"damska-bluzka-atlanta-z-lanu-a-sorony-s-honosnymi-rukavmi","status":"publish","type":"product","link":"https:\/\/www.ladime.sk\/cs\/nova-kolekcia\/damska-bluzka-atlanta-z-lanu-a-sorony-s-honosnymi-rukavmi\/","title":{"rendered":"D\u00e1mska bl\u00fazka Atlanta z \u013eanu a sorony s honosn\u00fdmi ruk\u00e1vmi"},"content":{"rendered":"<div class=\"kvgmc6g5 cxmmr5t8 oygrvhab hcukyx3x c1et5uql\">\n<h2 data-start=\"701\" data-end=\"779\">D\u00e1mska bl\u00fazka Atlanta \u2013 kr\u00e9mov\u00e1 bl\u00fazka z \u013eanu a sorony s honosn\u00fdmi ruk\u00e1vmi<\/h2>\n<p data-start=\"781\" data-end=\"980\">Bl\u00fazka <strong data-start=\"788\" data-end=\"799\">Atlanta<\/strong> je presne ten k\u00fasok, ktor\u00fd si oble\u010die\u0161, ke\u010f chce\u0161 vyzera\u0165 \u017eensky, upravene a trochu \u201eextra\u201c, ale st\u00e1le sa c\u00edti\u0165 pohodlne.<br data-start=\"921\" data-end=\"924\" \/>Kombin\u00e1cia <strong data-start=\"935\" data-end=\"952\">\u013eanu a sorony<\/strong> vytv\u00e1ra materi\u00e1l, ktor\u00fd je:<\/p>\n<ul data-start=\"982\" data-end=\"1129\">\n<li data-start=\"982\" data-end=\"1019\">\n<p data-start=\"984\" data-end=\"1019\">pr\u00edjemne <strong data-start=\"993\" data-end=\"1016\">vzdu\u0161n\u00fd a priedu\u0161n\u00fd<\/strong>,<\/p>\n<\/li>\n<li data-start=\"1020\" data-end=\"1062\">\n<p data-start=\"1022\" data-end=\"1062\">m\u00e4k\u0161\u00ed a menej kr\u010div\u00fd ne\u017e klasick\u00fd \u013ean,<\/p>\n<\/li>\n<li data-start=\"1063\" data-end=\"1129\">\n<p data-start=\"1065\" data-end=\"1129\">vhodn\u00fd na celodenn\u00e9 nosenie \u2013 od kancel\u00e1rie a\u017e po ve\u010der v meste.<\/p>\n<\/li>\n<\/ul>\n<p data-start=\"1131\" data-end=\"1233\">Kr\u00e9mov\u00fd odtie\u0148 p\u00f4sob\u00ed luxusne, roz\u017eiari ple\u0165 a ve\u013emi \u013eahko sa kombinuje s ostatn\u00fdmi k\u00faskami v \u0161atn\u00edku.<\/p>\n<h3 data-start=\"1235\" data-end=\"1278\">Honosn\u00e9 ruk\u00e1vy, ktor\u00e9 robia cel\u00fa bl\u00fazku<\/h3>\n<p data-start=\"1280\" data-end=\"1328\">Najv\u00e4\u010d\u0161\u00edm \u0161perkom Atlanty s\u00fa <strong data-start=\"1309\" data-end=\"1327\">honosn\u00e9 ruk\u00e1vy<\/strong>:<\/p>\n<ul data-start=\"1330\" data-end=\"1496\">\n<li data-start=\"1330\" data-end=\"1367\">\n<p data-start=\"1332\" data-end=\"1367\">maj\u00fa v\u00fdrazn\u00fd tvar a kr\u00e1sny objem,<\/p>\n<\/li>\n<li data-start=\"1368\" data-end=\"1412\">\n<p data-start=\"1370\" data-end=\"1412\">pri pohybe p\u00f4sobia m\u00e4kko a ve\u013emi \u017eensky,<\/p>\n<\/li>\n<li data-start=\"1413\" data-end=\"1496\">\n<p data-start=\"1415\" data-end=\"1496\">dod\u00e1vaj\u00fa bl\u00fazke charakter, ktor\u00fd p\u00f4sob\u00ed luxusne aj bez ve\u013ek\u00e9ho mno\u017estva doplnkov.<\/p>\n<\/li>\n<\/ul>\n<p data-start=\"1498\" data-end=\"1605\">Sta\u010dia jednoduch\u00e9 nohavice, lodi\u010dky a jemn\u00fd \u0161perk \u2013 a zrazu je z be\u017en\u00e9ho d\u0148a outfit, ktor\u00fd si v\u0161imne ka\u017ed\u00fd.<\/p>\n<h3 data-start=\"1607\" data-end=\"1637\">V-v\u00fdstrih a pohodln\u00fd strih<\/h3>\n<p data-start=\"1639\" data-end=\"1657\">Bl\u00fazka Atlanta m\u00e1:<\/p>\n<ul data-start=\"1659\" data-end=\"1843\">\n<li data-start=\"1659\" data-end=\"1714\">\n<p data-start=\"1661\" data-end=\"1714\"><strong data-start=\"1661\" data-end=\"1674\">V-v\u00fdstrih<\/strong>, ktor\u00fd lichot\u00ed v\u00e4\u010d\u0161ine typov postavy,<\/p>\n<\/li>\n<li data-start=\"1715\" data-end=\"1789\">\n<p data-start=\"1717\" data-end=\"1789\">vo\u013enej\u0161\u00ed, ale premyslen\u00fd strih \u2013 neobop\u00edna, no st\u00e1le dr\u017e\u00ed pekn\u00fa l\u00edniu,<\/p>\n<\/li>\n<li data-start=\"1790\" data-end=\"1843\">\n<p data-start=\"1792\" data-end=\"1843\">d\u013a\u017eku, ktor\u00fa m\u00f4\u017ee\u0161 nosi\u0165 vo\u013ene aj zastr\u010den\u00fa v p\u00e1se.<\/p>\n<\/li>\n<\/ul>\n<p data-start=\"1845\" data-end=\"1975\">Je to bl\u00fazka, ktor\u00e1 ne\u0165ah\u00e1, ne\u0161krt\u00ed, ale v\u017edy p\u00f4sob\u00ed upravene \u2013 \u010di ju skombinuje\u0161 s nohavicami Ayako, d\u017e\u00ednsami alebo suk\u0148ou Mirai.<\/p>\n<h3 data-start=\"1977\" data-end=\"2020\">Materi\u00e1l, ktor\u00fd si z\u00e1kazn\u00edci zamilovali<\/h3>\n<p data-start=\"2022\" data-end=\"2107\">\u013dan so soronou patr\u00ed medzi materi\u00e1ly, ku ktor\u00fdm sa na\u0161e z\u00e1kazn\u00ed\u010dky opakovane vracaj\u00fa:<\/p>\n<ul data-start=\"2109\" data-end=\"2287\">\n<li data-start=\"2109\" data-end=\"2160\">\n<p data-start=\"2111\" data-end=\"2160\">je pr\u00edjemn\u00fd na poko\u017eke aj po\u010das teplej\u0161\u00edch dn\u00ed,<\/p>\n<\/li>\n<li data-start=\"2161\" data-end=\"2219\">\n<p data-start=\"2163\" data-end=\"2219\">m\u00e1 prirodzene <strong data-start=\"2177\" data-end=\"2216\">pr\u00e9miov\u00fd, mierne \u0161trukt\u00farovan\u00fd look<\/strong>,<\/p>\n<\/li>\n<li data-start=\"2220\" data-end=\"2287\">\n<p data-start=\"2222\" data-end=\"2287\">v\u010faka sorone je m\u00e4k\u0161\u00ed, padavej\u0161\u00ed a praktickej\u0161\u00ed na be\u017en\u00e9 nosenie.<\/p>\n<\/li>\n<\/ul>\n<p data-start=\"2289\" data-end=\"2409\">Atlanta je teda <strong data-start=\"2305\" data-end=\"2338\">d\u00e1mska bl\u00fazka z \u013eanu a sorony<\/strong>, ktor\u00e1 kombinuje udr\u017eate\u013en\u00fd charakter s komfortom a luxusn\u00fdm vzh\u013eadom.<\/p>\n<h3 data-start=\"2411\" data-end=\"2437\">Ako Atlantu kombinova\u0165<\/h3>\n<ul data-start=\"2439\" data-end=\"2721\">\n<li data-start=\"2439\" data-end=\"2503\">\n<p data-start=\"2441\" data-end=\"2503\">s hned\u00fdmi nohavicami <strong data-start=\"2462\" data-end=\"2471\">Ayako<\/strong> \u2013 tepl\u00fd, ve\u013emi \u017eensk\u00fd outfit,<\/p>\n<\/li>\n<li data-start=\"2504\" data-end=\"2572\">\n<p data-start=\"2506\" data-end=\"2572\">s \u010diernymi nohavicami <strong data-start=\"2528\" data-end=\"2537\">Ayako<\/strong> \u2013 elegantnej\u0161\u00ed, kontrastn\u00fd look,<\/p>\n<\/li>\n<li data-start=\"2573\" data-end=\"2660\">\n<p data-start=\"2575\" data-end=\"2660\">s vestou <strong data-start=\"2584\" data-end=\"2593\">Reiko<\/strong> \u2013 vrstven\u00fd outfit v r\u00e1mci bavlnenej sat\u00e9novej a \u013eanovej kapsuly,<\/p>\n<\/li>\n<li data-start=\"2661\" data-end=\"2721\">\n<p data-start=\"2663\" data-end=\"2721\">s d\u017e\u00ednsami a sand\u00e1lmi \u010di lodi\u010dkami \u2013 chic mestsk\u00fd styling.<\/p>\n<\/li>\n<\/ul>\n<h3 data-start=\"2723\" data-end=\"2756\">Slow fashion &amp; lok\u00e1lna v\u00fdroba<\/h3>\n<p data-start=\"2758\" data-end=\"2848\">Bl\u00fazka <strong data-start=\"2765\" data-end=\"2776\">Atlanta<\/strong> je navrhnut\u00e1 a \u0161it\u00e1 v lok\u00e1lnej dielni na Slovensku v men\u0161\u00edch s\u00e9ri\u00e1ch.<\/p>\n<p data-start=\"2850\" data-end=\"2867\">V\u00fdberom podpor\u00ed\u0161:<\/p>\n<ul data-start=\"2869\" data-end=\"3019\">\n<li data-start=\"2869\" data-end=\"2915\">\n<p data-start=\"2871\" data-end=\"2915\"><strong data-start=\"2871\" data-end=\"2887\">slow fashion<\/strong> a premyslen\u00e9 nakupovanie,<\/p>\n<\/li>\n<li data-start=\"2916\" data-end=\"2946\">\n<p data-start=\"2918\" data-end=\"2946\">lok\u00e1lnu zna\u010dku <strong data-start=\"2933\" data-end=\"2943\">Lad\u00edme<\/strong>,<\/p>\n<\/li>\n<li data-start=\"2947\" data-end=\"3019\">\n<p data-start=\"2949\" data-end=\"3019\">poctiv\u00e9 kraj\u010d\u00edrske remeslo a kvalitn\u00fd dizajn, ktor\u00fd vydr\u017e\u00ed viac sez\u00f3n.<\/p>\n<\/li>\n<\/ul>\n<p data-start=\"3021\" data-end=\"3187\">Ak h\u013ead\u00e1\u0161 <strong data-start=\"3031\" data-end=\"3092\">kr\u00e9mov\u00fa d\u00e1msku bl\u00fazku z \u013eanu a sorony s honosn\u00fdmi ruk\u00e1vmi<\/strong>, ktor\u00e1 p\u00f4sob\u00ed luxusne a je pritom kr\u00e1sne nosite\u013en\u00e1, <strong data-start=\"3145\" data-end=\"3156\">Atlanta<\/strong> bude tvoj nov\u00fd ob\u013e\u00faben\u00fd k\u00fasok.<\/p>\n<\/div>\n<div class=\"o9v6fnle cxmmr5t8 oygrvhab hcukyx3x c1et5uql\">Modelka Mia m\u00e1 oble\u010den\u00fa ve\u013ekos\u0165 36.\u00a0 V\u00fd\u0161ka modelky: cca 163cm a miery: 95-70-96<\/div>\n<div><\/div>\n","protected":false},"excerpt":{"rendered":"<div>\n<p data-start=\"187\" data-end=\"404\">D\u00e1mska bl\u00fazka <strong data-start=\"201\" data-end=\"212\">Atlanta<\/strong> je jemn\u00fd, ale v\u00fdnimo\u010dn\u00fd k\u00fasok z elegantnej l\u00ednie Lad\u00edme. U\u0161it\u00e1 je z kombin\u00e1cie <strong data-start=\"292\" data-end=\"309\">\u013eanu a sorony<\/strong>, materi\u00e1lu, ktor\u00fd si na\u0161i z\u00e1kazn\u00edci zamilovali pre jeho vzdu\u0161nos\u0165, m\u00e4kkos\u0165 a pr\u00edjemn\u00fd dotyk.<\/p>\n<p data-start=\"406\" data-end=\"661\">M\u00e1 kr\u00e1snu kr\u00e9mov\u00fa farbu, \u017eensk\u00fd <strong data-start=\"438\" data-end=\"451\">V-v\u00fdstrih<\/strong> a <strong data-start=\"454\" data-end=\"472\">honosn\u00e9 ruk\u00e1vy<\/strong>, ktor\u00e9 z ka\u017ed\u00e9ho outfitu spravia luxusnej\u0161iu verziu. Perfektn\u00e1 <strong data-start=\"536\" data-end=\"601\">d\u00e1mska bl\u00fazka do pr\u00e1ce, do mesta aj na \u0161peci\u00e1lne pr\u00edle\u017eitosti<\/strong> \u2013 skvelo lad\u00ed s nohavicami Ayako v hnedej aj \u010diernej farbe.<\/p>\n<p>UDR\u017dATE\u013dN\u00dd K\u00daSOK<\/p>\n<\/div>\n<div>\n<div><strong>Certifik\u00e1ty materi\u00e1lu: <\/strong>OEKO-TEX 100, Trieda 1<\/div>\n<div><\/div>\n<\/div>\n<div><strong>Materi\u00e1lov\u00e9 zlo\u017eenie:<\/strong>45% \u013ean, 22% visk\u00f3za, 18% sorona, 15% bavlna<\/div>\n<div><\/div>\n<div><\/div>\n","protected":false},"featured_media":5683867,"comment_status":"closed","ping_status":"closed","template":"","meta":{"_acf_changed":false,"inline_featured_image":false},"product_brand":[],"product_cat":[79,427],"product_tag":[],"class_list":{"0":"post-5683864","1":"product","2":"type-product","3":"status-publish","4":"has-post-thumbnail","6":"product_cat-damske-topy","7":"product_cat-nova-kolekcia","9":"first","10":"instock","11":"shipping-taxable","12":"purchasable","13":"product-type-variable","14":"wvs-archive-product-wrapper"},"acf":[],"yoast_head":"<!-- This site is optimized with the Yoast SEO plugin v27.4 - https:\/\/yoast.com\/product\/yoast-seo-wordpress\/ -->\n<title>D\u00e1mska bl\u00fazka Atlanta z \u013eanu a sorony s honosn\u00fdmi ruk\u00e1vmi - ladime.sk<\/title>\n<meta name=\"description\" content=\"D\u00e1mska bl\u00fazka Atlanta z \u013eanu a sorony v jemnej kr\u00e9movej farbe s honosn\u00fdmi ruk\u00e1vmi a V-v\u00fdstrihom. Elegantn\u00e1 \u017eensk\u00e1 bl\u00fazka od slow fashion zna\u010dky Lad\u00edme, u\u0161it\u00e1 na Slovensku, ide\u00e1lna do pr\u00e1ce aj na \u0161peci\u00e1lne pr\u00edle\u017eitosti.\" \/>\n<meta name=\"robots\" content=\"index, follow, max-snippet:-1, max-image-preview:large, max-video-preview:-1\" \/>\n<link rel=\"canonical\" href=\"https:\/\/www.ladime.sk\/nova-kolekcia\/damska-bluzka-atlanta-z-lanu-a-sorony-s-honosnymi-rukavmi\/\" \/>\n<meta property=\"og:locale\" content=\"cs_CZ\" \/>\n<meta property=\"og:type\" content=\"article\" \/>\n<meta property=\"og:title\" content=\"D\u00e1mska bl\u00fazka Atlanta z \u013eanu a sorony s honosn\u00fdmi ruk\u00e1vmi - ladime.sk\" \/>\n<meta property=\"og:description\" content=\"D\u00e1mska bl\u00fazka Atlanta z \u013eanu a sorony v jemnej kr\u00e9movej farbe s honosn\u00fdmi ruk\u00e1vmi a V-v\u00fdstrihom. Elegantn\u00e1 \u017eensk\u00e1 bl\u00fazka od slow fashion zna\u010dky Lad\u00edme, u\u0161it\u00e1 na Slovensku, ide\u00e1lna do pr\u00e1ce aj na \u0161peci\u00e1lne pr\u00edle\u017eitosti.\" \/>\n<meta property=\"og:url\" content=\"https:\/\/www.ladime.sk\/nova-kolekcia\/damska-bluzka-atlanta-z-lanu-a-sorony-s-honosnymi-rukavmi\/\" \/>\n<meta property=\"og:site_name\" content=\"ladime.sk\" \/>\n<meta property=\"article:modified_time\" content=\"2025-12-02T17:07:54+00:00\" \/>\n<meta property=\"og:image\" content=\"https:\/\/www.ladime.sk\/wp-content\/uploads\/2025\/11\/damska-bluzka-atlanta-detail-honosne-rukavy-ladime-01.jpg\" \/>\n\t<meta property=\"og:image:width\" content=\"755\" \/>\n\t<meta property=\"og:image:height\" content=\"1006\" \/>\n\t<meta property=\"og:image:type\" content=\"image\/jpeg\" \/>\n<meta name=\"twitter:card\" content=\"summary_large_image\" \/>\n<meta name=\"twitter:label1\" content=\"Odhadovan\u00e1 doba \u010dten\u00ed\" \/>\n\t<meta name=\"twitter:data1\" content=\"3 minuty\" \/>\n<script type=\"application\/ld+json\" class=\"yoast-schema-graph\">{\"@context\":\"https:\\\/\\\/schema.org\",\"@graph\":[{\"@type\":\"WebPage\",\"@id\":\"https:\\\/\\\/www.ladime.sk\\\/nova-kolekcia\\\/damska-bluzka-atlanta-z-lanu-a-sorony-s-honosnymi-rukavmi\\\/\",\"url\":\"https:\\\/\\\/www.ladime.sk\\\/nova-kolekcia\\\/damska-bluzka-atlanta-z-lanu-a-sorony-s-honosnymi-rukavmi\\\/\",\"name\":\"D\u00e1mska bl\u00fazka Atlanta z \u013eanu a sorony s honosn\u00fdmi ruk\u00e1vmi - ladime.sk\",\"isPartOf\":{\"@id\":\"https:\\\/\\\/www.ladime.sk\\\/#website\"},\"primaryImageOfPage\":{\"@id\":\"https:\\\/\\\/www.ladime.sk\\\/nova-kolekcia\\\/damska-bluzka-atlanta-z-lanu-a-sorony-s-honosnymi-rukavmi\\\/#primaryimage\"},\"image\":{\"@id\":\"https:\\\/\\\/www.ladime.sk\\\/nova-kolekcia\\\/damska-bluzka-atlanta-z-lanu-a-sorony-s-honosnymi-rukavmi\\\/#primaryimage\"},\"thumbnailUrl\":\"https:\\\/\\\/www.ladime.sk\\\/wp-content\\\/uploads\\\/2025\\\/11\\\/damska-bluzka-atlanta-detail-honosne-rukavy-ladime-01.jpg\",\"datePublished\":\"2025-11-28T12:23:48+00:00\",\"dateModified\":\"2025-12-02T17:07:54+00:00\",\"description\":\"D\u00e1mska bl\u00fazka Atlanta z \u013eanu a sorony v jemnej kr\u00e9movej farbe s honosn\u00fdmi ruk\u00e1vmi a V-v\u00fdstrihom. Elegantn\u00e1 \u017eensk\u00e1 bl\u00fazka od slow fashion zna\u010dky Lad\u00edme, u\u0161it\u00e1 na Slovensku, ide\u00e1lna do pr\u00e1ce aj na \u0161peci\u00e1lne pr\u00edle\u017eitosti.\",\"breadcrumb\":{\"@id\":\"https:\\\/\\\/www.ladime.sk\\\/nova-kolekcia\\\/damska-bluzka-atlanta-z-lanu-a-sorony-s-honosnymi-rukavmi\\\/#breadcrumb\"},\"inLanguage\":\"cs\",\"potentialAction\":[{\"@type\":\"ReadAction\",\"target\":[\"https:\\\/\\\/www.ladime.sk\\\/nova-kolekcia\\\/damska-bluzka-atlanta-z-lanu-a-sorony-s-honosnymi-rukavmi\\\/\"]}]},{\"@type\":\"ImageObject\",\"inLanguage\":\"cs\",\"@id\":\"https:\\\/\\\/www.ladime.sk\\\/nova-kolekcia\\\/damska-bluzka-atlanta-z-lanu-a-sorony-s-honosnymi-rukavmi\\\/#primaryimage\",\"url\":\"https:\\\/\\\/www.ladime.sk\\\/wp-content\\\/uploads\\\/2025\\\/11\\\/damska-bluzka-atlanta-detail-honosne-rukavy-ladime-01.jpg\",\"contentUrl\":\"https:\\\/\\\/www.ladime.sk\\\/wp-content\\\/uploads\\\/2025\\\/11\\\/damska-bluzka-atlanta-detail-honosne-rukavy-ladime-01.jpg\",\"width\":755,\"height\":1006},{\"@type\":\"BreadcrumbList\",\"@id\":\"https:\\\/\\\/www.ladime.sk\\\/nova-kolekcia\\\/damska-bluzka-atlanta-z-lanu-a-sorony-s-honosnymi-rukavmi\\\/#breadcrumb\",\"itemListElement\":[{\"@type\":\"ListItem\",\"position\":1,\"name\":\"\u00davod\",\"item\":\"https:\\\/\\\/www.ladime.sk\\\/\"},{\"@type\":\"ListItem\",\"position\":2,\"name\":\"Obchod\",\"item\":\"https:\\\/\\\/www.ladime.sk\\\/cs\\\/shop-cs\\\/\"},{\"@type\":\"ListItem\",\"position\":3,\"name\":\"D\u00e1mska bl\u00fazka Atlanta z \u013eanu a sorony s honosn\u00fdmi ruk\u00e1vmi\"}]},{\"@type\":\"WebSite\",\"@id\":\"https:\\\/\\\/www.ladime.sk\\\/#website\",\"url\":\"https:\\\/\\\/www.ladime.sk\\\/\",\"name\":\"ladime.sk\",\"description\":\"Ke\u010f lad\u00edme so svetom, mysl\u00edme na bud\u00facnos\u0165.\",\"publisher\":{\"@id\":\"https:\\\/\\\/www.ladime.sk\\\/#organization\"},\"potentialAction\":[{\"@type\":\"SearchAction\",\"target\":{\"@type\":\"EntryPoint\",\"urlTemplate\":\"https:\\\/\\\/www.ladime.sk\\\/?s={search_term_string}\"},\"query-input\":{\"@type\":\"PropertyValueSpecification\",\"valueRequired\":true,\"valueName\":\"search_term_string\"}}],\"inLanguage\":\"cs\"},{\"@type\":\"Organization\",\"@id\":\"https:\\\/\\\/www.ladime.sk\\\/#organization\",\"name\":\"Lad\u00edme\",\"url\":\"https:\\\/\\\/www.ladime.sk\\\/\",\"logo\":{\"@type\":\"ImageObject\",\"inLanguage\":\"cs\",\"@id\":\"https:\\\/\\\/www.ladime.sk\\\/#\\\/schema\\\/logo\\\/image\\\/\",\"url\":\"https:\\\/\\\/www.ladime.sk\\\/wp-content\\\/uploads\\\/2021\\\/08\\\/logo_ladime.svg\",\"contentUrl\":\"https:\\\/\\\/www.ladime.sk\\\/wp-content\\\/uploads\\\/2021\\\/08\\\/logo_ladime.svg\",\"width\":366,\"height\":185,\"caption\":\"Lad\u00edme\"},\"image\":{\"@id\":\"https:\\\/\\\/www.ladime.sk\\\/#\\\/schema\\\/logo\\\/image\\\/\"}}]}<\/script>\n<!-- \/ Yoast SEO plugin. -->","yoast_head_json":{"title":"D\u00e1mska bl\u00fazka Atlanta z \u013eanu a sorony s honosn\u00fdmi ruk\u00e1vmi - ladime.sk","description":"D\u00e1mska bl\u00fazka Atlanta z \u013eanu a sorony v jemnej kr\u00e9movej farbe s honosn\u00fdmi ruk\u00e1vmi a V-v\u00fdstrihom. Elegantn\u00e1 \u017eensk\u00e1 bl\u00fazka od slow fashion zna\u010dky Lad\u00edme, u\u0161it\u00e1 na Slovensku, ide\u00e1lna do pr\u00e1ce aj na \u0161peci\u00e1lne pr\u00edle\u017eitosti.","robots":{"index":"index","follow":"follow","max-snippet":"max-snippet:-1","max-image-preview":"max-image-preview:large","max-video-preview":"max-video-preview:-1"},"canonical":"https:\/\/www.ladime.sk\/nova-kolekcia\/damska-bluzka-atlanta-z-lanu-a-sorony-s-honosnymi-rukavmi\/","og_locale":"cs_CZ","og_type":"article","og_title":"D\u00e1mska bl\u00fazka Atlanta z \u013eanu a sorony s honosn\u00fdmi ruk\u00e1vmi - ladime.sk","og_description":"D\u00e1mska bl\u00fazka Atlanta z \u013eanu a sorony v jemnej kr\u00e9movej farbe s honosn\u00fdmi ruk\u00e1vmi a V-v\u00fdstrihom. Elegantn\u00e1 \u017eensk\u00e1 bl\u00fazka od slow fashion zna\u010dky Lad\u00edme, u\u0161it\u00e1 na Slovensku, ide\u00e1lna do pr\u00e1ce aj na \u0161peci\u00e1lne pr\u00edle\u017eitosti.","og_url":"https:\/\/www.ladime.sk\/nova-kolekcia\/damska-bluzka-atlanta-z-lanu-a-sorony-s-honosnymi-rukavmi\/","og_site_name":"ladime.sk","article_modified_time":"2025-12-02T17:07:54+00:00","og_image":[{"width":755,"height":1006,"url":"https:\/\/www.ladime.sk\/wp-content\/uploads\/2025\/11\/damska-bluzka-atlanta-detail-honosne-rukavy-ladime-01.jpg","type":"image\/jpeg"}],"twitter_card":"summary_large_image","twitter_misc":{"Odhadovan\u00e1 doba \u010dten\u00ed":"3 minuty"},"schema":{"@context":"https:\/\/schema.org","@graph":[{"@type":"WebPage","@id":"https:\/\/www.ladime.sk\/nova-kolekcia\/damska-bluzka-atlanta-z-lanu-a-sorony-s-honosnymi-rukavmi\/","url":"https:\/\/www.ladime.sk\/nova-kolekcia\/damska-bluzka-atlanta-z-lanu-a-sorony-s-honosnymi-rukavmi\/","name":"D\u00e1mska bl\u00fazka Atlanta z \u013eanu a sorony s honosn\u00fdmi ruk\u00e1vmi - ladime.sk","isPartOf":{"@id":"https:\/\/www.ladime.sk\/#website"},"primaryImageOfPage":{"@id":"https:\/\/www.ladime.sk\/nova-kolekcia\/damska-bluzka-atlanta-z-lanu-a-sorony-s-honosnymi-rukavmi\/#primaryimage"},"image":{"@id":"https:\/\/www.ladime.sk\/nova-kolekcia\/damska-bluzka-atlanta-z-lanu-a-sorony-s-honosnymi-rukavmi\/#primaryimage"},"thumbnailUrl":"https:\/\/www.ladime.sk\/wp-content\/uploads\/2025\/11\/damska-bluzka-atlanta-detail-honosne-rukavy-ladime-01.jpg","datePublished":"2025-11-28T12:23:48+00:00","dateModified":"2025-12-02T17:07:54+00:00","description":"D\u00e1mska bl\u00fazka Atlanta z \u013eanu a sorony v jemnej kr\u00e9movej farbe s honosn\u00fdmi ruk\u00e1vmi a V-v\u00fdstrihom. Elegantn\u00e1 \u017eensk\u00e1 bl\u00fazka od slow fashion zna\u010dky Lad\u00edme, u\u0161it\u00e1 na Slovensku, ide\u00e1lna do pr\u00e1ce aj na \u0161peci\u00e1lne pr\u00edle\u017eitosti.","breadcrumb":{"@id":"https:\/\/www.ladime.sk\/nova-kolekcia\/damska-bluzka-atlanta-z-lanu-a-sorony-s-honosnymi-rukavmi\/#breadcrumb"},"inLanguage":"cs","potentialAction":[{"@type":"ReadAction","target":["https:\/\/www.ladime.sk\/nova-kolekcia\/damska-bluzka-atlanta-z-lanu-a-sorony-s-honosnymi-rukavmi\/"]}]},{"@type":"ImageObject","inLanguage":"cs","@id":"https:\/\/www.ladime.sk\/nova-kolekcia\/damska-bluzka-atlanta-z-lanu-a-sorony-s-honosnymi-rukavmi\/#primaryimage","url":"https:\/\/www.ladime.sk\/wp-content\/uploads\/2025\/11\/damska-bluzka-atlanta-detail-honosne-rukavy-ladime-01.jpg","contentUrl":"https:\/\/www.ladime.sk\/wp-content\/uploads\/2025\/11\/damska-bluzka-atlanta-detail-honosne-rukavy-ladime-01.jpg","width":755,"height":1006},{"@type":"BreadcrumbList","@id":"https:\/\/www.ladime.sk\/nova-kolekcia\/damska-bluzka-atlanta-z-lanu-a-sorony-s-honosnymi-rukavmi\/#breadcrumb","itemListElement":[{"@type":"ListItem","position":1,"name":"\u00davod","item":"https:\/\/www.ladime.sk\/"},{"@type":"ListItem","position":2,"name":"Obchod","item":"https:\/\/www.ladime.sk\/cs\/shop-cs\/"},{"@type":"ListItem","position":3,"name":"D\u00e1mska bl\u00fazka Atlanta z \u013eanu a sorony s honosn\u00fdmi ruk\u00e1vmi"}]},{"@type":"WebSite","@id":"https:\/\/www.ladime.sk\/#website","url":"https:\/\/www.ladime.sk\/","name":"ladime.sk","description":"Ke\u010f lad\u00edme so svetom, mysl\u00edme na bud\u00facnos\u0165.","publisher":{"@id":"https:\/\/www.ladime.sk\/#organization"},"potentialAction":[{"@type":"SearchAction","target":{"@type":"EntryPoint","urlTemplate":"https:\/\/www.ladime.sk\/?s={search_term_string}"},"query-input":{"@type":"PropertyValueSpecification","valueRequired":true,"valueName":"search_term_string"}}],"inLanguage":"cs"},{"@type":"Organization","@id":"https:\/\/www.ladime.sk\/#organization","name":"Lad\u00edme","url":"https:\/\/www.ladime.sk\/","logo":{"@type":"ImageObject","inLanguage":"cs","@id":"https:\/\/www.ladime.sk\/#\/schema\/logo\/image\/","url":"https:\/\/www.ladime.sk\/wp-content\/uploads\/2021\/08\/logo_ladime.svg","contentUrl":"https:\/\/www.ladime.sk\/wp-content\/uploads\/2021\/08\/logo_ladime.svg","width":366,"height":185,"caption":"Lad\u00edme"},"image":{"@id":"https:\/\/www.ladime.sk\/#\/schema\/logo\/image\/"}}]}},"_links":{"self":[{"href":"https:\/\/www.ladime.sk\/cs\/wp-json\/wp\/v2\/product\/5683864","targetHints":{"allow":["GET"]}}],"collection":[{"href":"https:\/\/www.ladime.sk\/cs\/wp-json\/wp\/v2\/product"}],"about":[{"href":"https:\/\/www.ladime.sk\/cs\/wp-json\/wp\/v2\/types\/product"}],"replies":[{"embeddable":true,"href":"https:\/\/www.ladime.sk\/cs\/wp-json\/wp\/v2\/comments?post=5683864"}],"version-history":[{"count":0,"href":"https:\/\/www.ladime.sk\/cs\/wp-json\/wp\/v2\/product\/5683864\/revisions"}],"wp:featuredmedia":[{"embeddable":true,"href":"https:\/\/www.ladime.sk\/cs\/wp-json\/wp\/v2\/media\/5683867"}],"wp:attachment":[{"href":"https:\/\/www.ladime.sk\/cs\/wp-json\/wp\/v2\/media?parent=5683864"}],"wp:term":[{"taxonomy":"product_brand","embeddable":true,"href":"https:\/\/www.ladime.sk\/cs\/wp-json\/wp\/v2\/product_brand?post=5683864"},{"taxonomy":"product_cat","embeddable":true,"href":"https:\/\/www.ladime.sk\/cs\/wp-json\/wp\/v2\/product_cat?post=5683864"},{"taxonomy":"product_tag","embeddable":true,"href":"https:\/\/www.ladime.sk\/cs\/wp-json\/wp\/v2\/product_tag?post=5683864"}],"curies":[{"name":"wp","href":"https:\/\/api.w.org\/{rel}","templated":true}]}}