{"id":5683403,"date":"2025-09-16T14:13:18","date_gmt":"2025-09-16T12:13:18","guid":{"rendered":"https:\/\/www.ladime.sk\/?post_type=product&#038;p=5683403"},"modified":"2026-02-04T16:37:10","modified_gmt":"2026-02-04T15:37:10","slug":"damsky-organic-top-sara","status":"publish","type":"product","link":"https:\/\/www.ladime.sk\/cs\/zeny\/damske-topy\/damsky-organic-top-sara\/","title":{"rendered":"D\u00e1msky ORGANIC top S\u00e1ra"},"content":{"rendered":"<h2 data-start=\"92\" data-end=\"149\"><strong data-start=\"92\" data-end=\"149\">D\u00e1msky ORGANIC top S\u00e1ra \u2014 \u0161t\u00fdl, ktor\u00fd v\u00e1s roz\u017eiari<\/strong><\/h2>\n<p data-start=\"151\" data-end=\"528\">D\u00e1msky ORGANIC top S\u00e1ra sp\u00e1ja modern\u00fd dizajn, \u017eenskos\u0165 a pohodlie do jedn\u00e9ho nad\u010dasov\u00e9ho k\u00fasku. Jeho nad\u00fdchan\u00e9 ruk\u00e1vy s jemn\u00fdm nariasen\u00edm a rafinovan\u00fdm strihom s\u00fa neprehliadnute\u013en\u00fdm detailom, ktor\u00fd zv\u00fdrazn\u00ed v\u00e1\u0161 vkus a osobnos\u0165. Vyroben\u00fd z certifikovanej organickej bavlny, poskytuje v\u00fdnimo\u010dn\u00fa jemnos\u0165 a priedu\u0161nos\u0165 \u2014 ide\u00e1lny spolo\u010dn\u00edk na dni pln\u00e9 pohybu aj v\u00fdnimo\u010dn\u00e9 chv\u00edle.<\/p>\n<p data-start=\"530\" data-end=\"781\">\u010ci u\u017e sa rozhodnete pre le\u017e\u00e9rny \u0161t\u00fdl s vo\u013en\u00fdmi nohavicami alebo elegantn\u00fa kombin\u00e1ciu s \u00fazkou suk\u0148ou a op\u00e4tkami, <strong>top S\u00e1ra<\/strong>\u00a0sa v\u017edy prisp\u00f4sob\u00ed v\u00e1\u0161mu moment\u00e1lnemu \u0161t\u00fdlu. Ocen\u00edte ho nielen pre jeho \u0161t\u00fdlov\u00fd vzh\u013ead, ale aj pre zodpovedn\u00fd pr\u00edstup k v\u00fdrobe.<\/p>\n<p>Modelka Michi m\u00e1 oble\u010den\u00fa ve\u013ekos\u0165 34. V\u00fd\u0161ka modelky: 170cm a miery: 86-70-106<\/p>\n","protected":false},"excerpt":{"rendered":"<div class=\"o9v6fnle cxmmr5t8 oygrvhab hcukyx3x c1et5uql\">\n<div class=\"o9v6fnle cxmmr5t8 oygrvhab hcukyx3x c1et5uql\">\n<div>UDR\u017dATE\u013dN\u00dd K\u00daSOK<\/div>\n<div>\n<p><strong>Top S\u00e1ra<\/strong>\u00a0z organickej bavlny je k\u00faskom, ktor\u00fd si zamilujete na prv\u00fd dotyk. Vzdu\u0161n\u00e9 ruk\u00e1vy s jemn\u00fdm riasen\u00edm dod\u00e1vaj\u00fa outfitu \u0161mrnc, v\u010faka \u010domu za\u017eiarite v be\u017en\u00fd de\u0148 aj pri v\u00fdnimo\u010dnej pr\u00edle\u017eitosti.<\/p>\n<\/div>\n<div><strong>Popis materi\u00e1lu:<\/strong> organick\u00e1 elastick\u00e1 bavlna<\/div>\n<div>\n<div><strong>Certifik\u00e1ty materi\u00e1lu: <\/strong>OEKO-TEX 100, Trieda 1<\/div>\n<div>\u00a0 \u00a0 \u00a0 \u00a0 \u00a0 \u00a0 \u00a0 \u00a0 \u00a0 \u00a0 \u00a0 \u00a0 \u00a0 \u00a0 \u00a0 \u00a0 \u00a0 \u00a0 \u00a0 \u00a0 \u00a0 \u00a0 ORGANIC<\/div>\n<\/div>\n<div class=\"o9v6fnle cxmmr5t8 oygrvhab hcukyx3x c1et5uql\"><strong>Materi\u00e1lov\u00e9 zlo\u017eenie:<\/strong> 95% BIO bavlna 5% elastan<\/div>\n<div class=\"o9v6fnle cxmmr5t8 oygrvhab hcukyx3x c1et5uql\"><\/div>\n<\/div>\n<\/div>\n","protected":false},"featured_media":5683405,"comment_status":"closed","ping_status":"closed","template":"","meta":{"_acf_changed":false,"inline_featured_image":false},"product_brand":[],"product_cat":[79],"product_tag":[],"class_list":{"0":"post-5683403","1":"product","2":"type-product","3":"status-publish","4":"has-post-thumbnail","6":"product_cat-damske-topy","8":"first","9":"instock","10":"shipping-taxable","11":"purchasable","12":"product-type-variable","13":"wvs-archive-product-wrapper"},"acf":[],"yoast_head":"<!-- This site is optimized with the Yoast SEO plugin v27.4 - https:\/\/yoast.com\/product\/yoast-seo-wordpress\/ -->\n<title>D\u00e1msky ORGANIC top S\u00e1ra - ladime.sk<\/title>\n<meta name=\"description\" content=\"D\u00e1msky ORGANIC top S\u00e1ra s v\u00fdrazn\u00fdmi ruk\u00e1vmi sp\u00e1ja \u0161t\u00fdlov\u00fd dizajn a pohodlie. U\u0161it\u00fd z certifikovanej organickej bavlny.\" \/>\n<meta name=\"robots\" content=\"index, follow, max-snippet:-1, max-image-preview:large, max-video-preview:-1\" \/>\n<link rel=\"canonical\" href=\"https:\/\/www.ladime.sk\/zeny\/damske-topy\/damsky-organic-top-sara\/\" \/>\n<meta property=\"og:locale\" content=\"cs_CZ\" \/>\n<meta property=\"og:type\" content=\"article\" \/>\n<meta property=\"og:title\" content=\"D\u00e1msky ORGANIC top S\u00e1ra - ladime.sk\" \/>\n<meta property=\"og:description\" content=\"D\u00e1msky ORGANIC top S\u00e1ra s v\u00fdrazn\u00fdmi ruk\u00e1vmi sp\u00e1ja \u0161t\u00fdlov\u00fd dizajn a pohodlie. U\u0161it\u00fd z certifikovanej organickej bavlny.\" \/>\n<meta property=\"og:url\" content=\"https:\/\/www.ladime.sk\/zeny\/damske-topy\/damsky-organic-top-sara\/\" \/>\n<meta property=\"og:site_name\" content=\"ladime.sk\" \/>\n<meta property=\"article:modified_time\" content=\"2026-02-04T15:37:10+00:00\" \/>\n<meta property=\"og:image\" content=\"https:\/\/www.ladime.sk\/wp-content\/uploads\/2025\/09\/3O9A7430.jpg\" \/>\n\t<meta property=\"og:image:width\" content=\"1280\" \/>\n\t<meta property=\"og:image:height\" content=\"1920\" \/>\n\t<meta property=\"og:image:type\" content=\"image\/jpeg\" \/>\n<meta name=\"twitter:card\" content=\"summary_large_image\" \/>\n<meta name=\"twitter:label1\" content=\"Odhadovan\u00e1 doba \u010dten\u00ed\" \/>\n\t<meta name=\"twitter:data1\" content=\"1 minuta\" \/>\n<script type=\"application\/ld+json\" class=\"yoast-schema-graph\">{\"@context\":\"https:\\\/\\\/schema.org\",\"@graph\":[{\"@type\":\"WebPage\",\"@id\":\"https:\\\/\\\/www.ladime.sk\\\/zeny\\\/damske-topy\\\/damsky-organic-top-sara\\\/\",\"url\":\"https:\\\/\\\/www.ladime.sk\\\/zeny\\\/damske-topy\\\/damsky-organic-top-sara\\\/\",\"name\":\"D\u00e1msky ORGANIC top S\u00e1ra - ladime.sk\",\"isPartOf\":{\"@id\":\"https:\\\/\\\/www.ladime.sk\\\/#website\"},\"primaryImageOfPage\":{\"@id\":\"https:\\\/\\\/www.ladime.sk\\\/zeny\\\/damske-topy\\\/damsky-organic-top-sara\\\/#primaryimage\"},\"image\":{\"@id\":\"https:\\\/\\\/www.ladime.sk\\\/zeny\\\/damske-topy\\\/damsky-organic-top-sara\\\/#primaryimage\"},\"thumbnailUrl\":\"https:\\\/\\\/www.ladime.sk\\\/wp-content\\\/uploads\\\/2025\\\/09\\\/3O9A7430.jpg\",\"datePublished\":\"2025-09-16T12:13:18+00:00\",\"dateModified\":\"2026-02-04T15:37:10+00:00\",\"description\":\"D\u00e1msky ORGANIC top S\u00e1ra s v\u00fdrazn\u00fdmi ruk\u00e1vmi sp\u00e1ja \u0161t\u00fdlov\u00fd dizajn a pohodlie. U\u0161it\u00fd z certifikovanej organickej bavlny.\",\"breadcrumb\":{\"@id\":\"https:\\\/\\\/www.ladime.sk\\\/zeny\\\/damske-topy\\\/damsky-organic-top-sara\\\/#breadcrumb\"},\"inLanguage\":\"cs\",\"potentialAction\":[{\"@type\":\"ReadAction\",\"target\":[\"https:\\\/\\\/www.ladime.sk\\\/zeny\\\/damske-topy\\\/damsky-organic-top-sara\\\/\"]}]},{\"@type\":\"ImageObject\",\"inLanguage\":\"cs\",\"@id\":\"https:\\\/\\\/www.ladime.sk\\\/zeny\\\/damske-topy\\\/damsky-organic-top-sara\\\/#primaryimage\",\"url\":\"https:\\\/\\\/www.ladime.sk\\\/wp-content\\\/uploads\\\/2025\\\/09\\\/3O9A7430.jpg\",\"contentUrl\":\"https:\\\/\\\/www.ladime.sk\\\/wp-content\\\/uploads\\\/2025\\\/09\\\/3O9A7430.jpg\",\"width\":1280,\"height\":1920},{\"@type\":\"BreadcrumbList\",\"@id\":\"https:\\\/\\\/www.ladime.sk\\\/zeny\\\/damske-topy\\\/damsky-organic-top-sara\\\/#breadcrumb\",\"itemListElement\":[{\"@type\":\"ListItem\",\"position\":1,\"name\":\"\u00davod\",\"item\":\"https:\\\/\\\/www.ladime.sk\\\/\"},{\"@type\":\"ListItem\",\"position\":2,\"name\":\"Obchod\",\"item\":\"https:\\\/\\\/www.ladime.sk\\\/cs\\\/shop-cs\\\/\"},{\"@type\":\"ListItem\",\"position\":3,\"name\":\"D\u00e1msky ORGANIC top S\u00e1ra\"}]},{\"@type\":\"WebSite\",\"@id\":\"https:\\\/\\\/www.ladime.sk\\\/#website\",\"url\":\"https:\\\/\\\/www.ladime.sk\\\/\",\"name\":\"ladime.sk\",\"description\":\"Ke\u010f lad\u00edme so svetom, mysl\u00edme na bud\u00facnos\u0165.\",\"publisher\":{\"@id\":\"https:\\\/\\\/www.ladime.sk\\\/#organization\"},\"potentialAction\":[{\"@type\":\"SearchAction\",\"target\":{\"@type\":\"EntryPoint\",\"urlTemplate\":\"https:\\\/\\\/www.ladime.sk\\\/?s={search_term_string}\"},\"query-input\":{\"@type\":\"PropertyValueSpecification\",\"valueRequired\":true,\"valueName\":\"search_term_string\"}}],\"inLanguage\":\"cs\"},{\"@type\":\"Organization\",\"@id\":\"https:\\\/\\\/www.ladime.sk\\\/#organization\",\"name\":\"Lad\u00edme\",\"url\":\"https:\\\/\\\/www.ladime.sk\\\/\",\"logo\":{\"@type\":\"ImageObject\",\"inLanguage\":\"cs\",\"@id\":\"https:\\\/\\\/www.ladime.sk\\\/#\\\/schema\\\/logo\\\/image\\\/\",\"url\":\"https:\\\/\\\/www.ladime.sk\\\/wp-content\\\/uploads\\\/2021\\\/08\\\/logo_ladime.svg\",\"contentUrl\":\"https:\\\/\\\/www.ladime.sk\\\/wp-content\\\/uploads\\\/2021\\\/08\\\/logo_ladime.svg\",\"width\":366,\"height\":185,\"caption\":\"Lad\u00edme\"},\"image\":{\"@id\":\"https:\\\/\\\/www.ladime.sk\\\/#\\\/schema\\\/logo\\\/image\\\/\"}}]}<\/script>\n<!-- \/ Yoast SEO plugin. -->","yoast_head_json":{"title":"D\u00e1msky ORGANIC top S\u00e1ra - ladime.sk","description":"D\u00e1msky ORGANIC top S\u00e1ra s v\u00fdrazn\u00fdmi ruk\u00e1vmi sp\u00e1ja \u0161t\u00fdlov\u00fd dizajn a pohodlie. U\u0161it\u00fd z certifikovanej organickej bavlny.","robots":{"index":"index","follow":"follow","max-snippet":"max-snippet:-1","max-image-preview":"max-image-preview:large","max-video-preview":"max-video-preview:-1"},"canonical":"https:\/\/www.ladime.sk\/zeny\/damske-topy\/damsky-organic-top-sara\/","og_locale":"cs_CZ","og_type":"article","og_title":"D\u00e1msky ORGANIC top S\u00e1ra - ladime.sk","og_description":"D\u00e1msky ORGANIC top S\u00e1ra s v\u00fdrazn\u00fdmi ruk\u00e1vmi sp\u00e1ja \u0161t\u00fdlov\u00fd dizajn a pohodlie. U\u0161it\u00fd z certifikovanej organickej bavlny.","og_url":"https:\/\/www.ladime.sk\/zeny\/damske-topy\/damsky-organic-top-sara\/","og_site_name":"ladime.sk","article_modified_time":"2026-02-04T15:37:10+00:00","og_image":[{"width":1280,"height":1920,"url":"https:\/\/www.ladime.sk\/wp-content\/uploads\/2025\/09\/3O9A7430.jpg","type":"image\/jpeg"}],"twitter_card":"summary_large_image","twitter_misc":{"Odhadovan\u00e1 doba \u010dten\u00ed":"1 minuta"},"schema":{"@context":"https:\/\/schema.org","@graph":[{"@type":"WebPage","@id":"https:\/\/www.ladime.sk\/zeny\/damske-topy\/damsky-organic-top-sara\/","url":"https:\/\/www.ladime.sk\/zeny\/damske-topy\/damsky-organic-top-sara\/","name":"D\u00e1msky ORGANIC top S\u00e1ra - ladime.sk","isPartOf":{"@id":"https:\/\/www.ladime.sk\/#website"},"primaryImageOfPage":{"@id":"https:\/\/www.ladime.sk\/zeny\/damske-topy\/damsky-organic-top-sara\/#primaryimage"},"image":{"@id":"https:\/\/www.ladime.sk\/zeny\/damske-topy\/damsky-organic-top-sara\/#primaryimage"},"thumbnailUrl":"https:\/\/www.ladime.sk\/wp-content\/uploads\/2025\/09\/3O9A7430.jpg","datePublished":"2025-09-16T12:13:18+00:00","dateModified":"2026-02-04T15:37:10+00:00","description":"D\u00e1msky ORGANIC top S\u00e1ra s v\u00fdrazn\u00fdmi ruk\u00e1vmi sp\u00e1ja \u0161t\u00fdlov\u00fd dizajn a pohodlie. U\u0161it\u00fd z certifikovanej organickej bavlny.","breadcrumb":{"@id":"https:\/\/www.ladime.sk\/zeny\/damske-topy\/damsky-organic-top-sara\/#breadcrumb"},"inLanguage":"cs","potentialAction":[{"@type":"ReadAction","target":["https:\/\/www.ladime.sk\/zeny\/damske-topy\/damsky-organic-top-sara\/"]}]},{"@type":"ImageObject","inLanguage":"cs","@id":"https:\/\/www.ladime.sk\/zeny\/damske-topy\/damsky-organic-top-sara\/#primaryimage","url":"https:\/\/www.ladime.sk\/wp-content\/uploads\/2025\/09\/3O9A7430.jpg","contentUrl":"https:\/\/www.ladime.sk\/wp-content\/uploads\/2025\/09\/3O9A7430.jpg","width":1280,"height":1920},{"@type":"BreadcrumbList","@id":"https:\/\/www.ladime.sk\/zeny\/damske-topy\/damsky-organic-top-sara\/#breadcrumb","itemListElement":[{"@type":"ListItem","position":1,"name":"\u00davod","item":"https:\/\/www.ladime.sk\/"},{"@type":"ListItem","position":2,"name":"Obchod","item":"https:\/\/www.ladime.sk\/cs\/shop-cs\/"},{"@type":"ListItem","position":3,"name":"D\u00e1msky ORGANIC top S\u00e1ra"}]},{"@type":"WebSite","@id":"https:\/\/www.ladime.sk\/#website","url":"https:\/\/www.ladime.sk\/","name":"ladime.sk","description":"Ke\u010f lad\u00edme so svetom, mysl\u00edme na bud\u00facnos\u0165.","publisher":{"@id":"https:\/\/www.ladime.sk\/#organization"},"potentialAction":[{"@type":"SearchAction","target":{"@type":"EntryPoint","urlTemplate":"https:\/\/www.ladime.sk\/?s={search_term_string}"},"query-input":{"@type":"PropertyValueSpecification","valueRequired":true,"valueName":"search_term_string"}}],"inLanguage":"cs"},{"@type":"Organization","@id":"https:\/\/www.ladime.sk\/#organization","name":"Lad\u00edme","url":"https:\/\/www.ladime.sk\/","logo":{"@type":"ImageObject","inLanguage":"cs","@id":"https:\/\/www.ladime.sk\/#\/schema\/logo\/image\/","url":"https:\/\/www.ladime.sk\/wp-content\/uploads\/2021\/08\/logo_ladime.svg","contentUrl":"https:\/\/www.ladime.sk\/wp-content\/uploads\/2021\/08\/logo_ladime.svg","width":366,"height":185,"caption":"Lad\u00edme"},"image":{"@id":"https:\/\/www.ladime.sk\/#\/schema\/logo\/image\/"}}]}},"_links":{"self":[{"href":"https:\/\/www.ladime.sk\/cs\/wp-json\/wp\/v2\/product\/5683403","targetHints":{"allow":["GET"]}}],"collection":[{"href":"https:\/\/www.ladime.sk\/cs\/wp-json\/wp\/v2\/product"}],"about":[{"href":"https:\/\/www.ladime.sk\/cs\/wp-json\/wp\/v2\/types\/product"}],"replies":[{"embeddable":true,"href":"https:\/\/www.ladime.sk\/cs\/wp-json\/wp\/v2\/comments?post=5683403"}],"version-history":[{"count":0,"href":"https:\/\/www.ladime.sk\/cs\/wp-json\/wp\/v2\/product\/5683403\/revisions"}],"wp:featuredmedia":[{"embeddable":true,"href":"https:\/\/www.ladime.sk\/cs\/wp-json\/wp\/v2\/media\/5683405"}],"wp:attachment":[{"href":"https:\/\/www.ladime.sk\/cs\/wp-json\/wp\/v2\/media?parent=5683403"}],"wp:term":[{"taxonomy":"product_brand","embeddable":true,"href":"https:\/\/www.ladime.sk\/cs\/wp-json\/wp\/v2\/product_brand?post=5683403"},{"taxonomy":"product_cat","embeddable":true,"href":"https:\/\/www.ladime.sk\/cs\/wp-json\/wp\/v2\/product_cat?post=5683403"},{"taxonomy":"product_tag","embeddable":true,"href":"https:\/\/www.ladime.sk\/cs\/wp-json\/wp\/v2\/product_tag?post=5683403"}],"curies":[{"name":"wp","href":"https:\/\/api.w.org\/{rel}","templated":true}]}}