{"id":5683303,"date":"2025-07-25T10:05:28","date_gmt":"2025-07-25T08:05:28","guid":{"rendered":"https:\/\/www.ladime.sk\/?post_type=product&#038;p=5683303"},"modified":"2025-07-25T10:21:32","modified_gmt":"2025-07-25T08:21:32","slug":"panske-lanove-kratasy-aston-so-sorona-vlaknom","status":"publish","type":"product","link":"https:\/\/www.ladime.sk\/cs\/muzi\/panske-kratasy\/panske-lanove-kratasy-aston-so-sorona-vlaknom\/","title":{"rendered":"P\u00e1nske \u013eanov\u00e9 kra\u0165asy Aston so Sorona vl\u00e1knom"},"content":{"rendered":"<div class=\"kvgmc6g5 cxmmr5t8 oygrvhab hcukyx3x c1et5uql\">\n<div class=\"kvgmc6g5 cxmmr5t8 oygrvhab hcukyx3x c1et5uql\">\n<div class=\"kvgmc6g5 cxmmr5t8 oygrvhab hcukyx3x c1et5uql\">\n<div class=\"kvgmc6g5 cxmmr5t8 oygrvhab hcukyx3x c1et5uql\">\n<div class=\"kvgmc6g5 cxmmr5t8 oygrvhab hcukyx3x c1et5uql\">\n<div dir=\"auto\">\n<h2>P\u00e1nske \u013eanov\u00e9 kra\u0165asy Aston so Sorona vl\u00e1knom \u2013 \u013eahk\u00e9, \u0161t\u00fdlov\u00e9, udr\u017eate\u013en\u00e9<\/h2>\n<p data-start=\"555\" data-end=\"744\">Za\u017eite maxim\u00e1lne pohodlie po\u010das hor\u00facich dn\u00ed s p\u00e1nskymi kra\u0165asmi <strong data-start=\"620\" data-end=\"629\">Aston<\/strong> \u2013 u\u0161it\u00fdmi z kvalitn\u00e9ho <strong data-start=\"653\" data-end=\"672\">pr\u00edrodn\u00e9ho \u013eanu<\/strong> v kombin\u00e1cii s inovat\u00edvnym <strong data-start=\"700\" data-end=\"719\">Sorona\u00ae vl\u00e1knom<\/strong> z obnovite\u013en\u00fdch zdrojov.<\/p>\n<p data-start=\"746\" data-end=\"793\">T\u00e1to kombin\u00e1cia prin\u00e1\u0161a v\u00fdnimo\u010dn\u00e9 vlastnosti:<\/p>\n<ul data-start=\"794\" data-end=\"1005\">\n<li data-start=\"794\" data-end=\"838\">\n<p data-start=\"796\" data-end=\"838\"><strong data-start=\"796\" data-end=\"818\">Vysok\u00e1 priedu\u0161nos\u0165<\/strong> \u2013 ide\u00e1lne na leto<\/p>\n<\/li>\n<li data-start=\"839\" data-end=\"883\">\n<p data-start=\"841\" data-end=\"883\"><strong data-start=\"841\" data-end=\"881\">R\u00fdchle schnutie a absorpcia vlhkosti<\/strong><\/p>\n<\/li>\n<li data-start=\"884\" data-end=\"926\">\n<p data-start=\"886\" data-end=\"926\"><strong data-start=\"886\" data-end=\"924\">Pru\u017enos\u0165 bez kompromisu v pevnosti<\/strong><\/p>\n<\/li>\n<li data-start=\"927\" data-end=\"964\">\n<p data-start=\"929\" data-end=\"964\"><strong data-start=\"929\" data-end=\"962\">Ni\u017e\u0161ia kr\u010divos\u0165 ako be\u017en\u00fd \u013ean<\/strong><\/p>\n<\/li>\n<li data-start=\"965\" data-end=\"1005\">\n<p data-start=\"967\" data-end=\"1005\"><strong data-start=\"967\" data-end=\"1005\">Odolnos\u0165 vo\u010di UV \u017eiareniu a chl\u00f3ru<\/strong><\/p>\n<\/li>\n<\/ul>\n<p data-start=\"1007\" data-end=\"1183\">Kra\u0165asy maj\u00fa <strong data-start=\"1020\" data-end=\"1035\">rovn\u00fd strih<\/strong> s mierne zn\u00ed\u017een\u00fdm sedom pre maxim\u00e1lne pohodlie. Elegantn\u00e9 <strong data-start=\"1094\" data-end=\"1112\">li\u0161tov\u00e9 vreck\u00e1<\/strong> a jemn\u00e9 pre\u0161\u00edvanie v oblasti sedu dod\u00e1vaj\u00fa \u0161mrnc aj le\u017e\u00e9rnemu outfitu.<\/p>\n<p>Vhodn\u00e9 na be\u017en\u00e9 nosenie, dovolenky, v\u00fdlety aj neform\u00e1lne pracovn\u00e9 dni.<\/p>\n<p>Model J\u00e1n Dobr\u00edk m\u00e1 na sebe ve\u013ekos\u0165 L. V\u00fd\u0161ka modela 185cm.<\/p>\n<p>&nbsp;<\/p>\n<\/div>\n<\/div>\n<\/div>\n<\/div>\n<\/div>\n<\/div>\n","protected":false},"excerpt":{"rendered":"<div>\n<div>\n<p>\u013dahk\u00e9 a priedu\u0161n\u00e9 p\u00e1nske kra\u0165asy z pr\u00edrodn\u00e9ho \u013eanu a revolu\u010dn\u00e9ho vl\u00e1kna Sorona\u00ae. Pru\u017en\u00e9, menej kr\u010div\u00e9, r\u00fdchloschn\u00face a odoln\u00e9 vo\u010di UV aj chl\u00f3ru. Ide\u00e1lne na leto v meste aj na dovolenke.<\/p>\n<\/div>\n<div class=\"o9v6fnle cxmmr5t8 oygrvhab hcukyx3x c1et5uql\">UDR\u017dATE\u013dN\u00dd K\u00daSOK<\/div>\n<div><\/div>\n<div>\n<div class=\"o9v6fnle cxmmr5t8 oygrvhab hcukyx3x c1et5uql\"><strong>Materi\u00e1lov\u00e9 zlo\u017eenie:<\/strong> 45% \u013ean, 22% visk\u00f3za, 18% sorona, 15% bavlna<\/div>\n<div><\/div>\n<div>\n<div><strong>Certifik\u00e1ty materi\u00e1lu: <\/strong>OEKO-TEX 100, Trieda 1<\/div>\n<div><\/div>\n<\/div>\n<p><strong>Popis materi\u00e1lu: <\/strong>\u00a0menej kr\u010div\u00e1 zmes \u013eanu, bavlny a visk\u00f3zy s pr\u00edrodn\u00fdm elastanom (sorona), vhodn\u00e1 na ka\u017edodenn\u00e9 nosenie najm\u00e4 po\u010das hor\u00facich dn\u00ed v r\u00e1mci cel\u00e9ho roka<\/p>\n<\/div>\n<div><\/div>\n<\/div>\n<div><\/div>\n","protected":false},"featured_media":5683305,"comment_status":"closed","ping_status":"closed","template":"","meta":{"_acf_changed":false,"inline_featured_image":false},"product_brand":[],"product_cat":[98],"product_tag":[],"class_list":{"0":"post-5683303","1":"product","2":"type-product","3":"status-publish","4":"has-post-thumbnail","6":"product_cat-panske-kratasy","8":"first","9":"instock","10":"shipping-taxable","11":"purchasable","12":"product-type-variable","13":"wvs-archive-product-wrapper"},"acf":[],"yoast_head":"<!-- This site is optimized with the Yoast SEO plugin v27.4 - https:\/\/yoast.com\/product\/yoast-seo-wordpress\/ -->\n<title>P\u00e1nske \u013eanov\u00e9 kra\u0165asy Aston so Sorona vl\u00e1knom - ladime.sk<\/title>\n<meta name=\"description\" content=\"\u0160t\u00fdlov\u00e9 p\u00e1nske \u013eanov\u00e9 kra\u0165asy Aston s vl\u00e1knom Sorona \u2013 priedu\u0161n\u00e9, pru\u017en\u00e9, menej kr\u010div\u00e9 a ide\u00e1lne na leto. Pohodlie a kvalita v modernom dizajne.\" \/>\n<meta name=\"robots\" content=\"index, follow, max-snippet:-1, max-image-preview:large, max-video-preview:-1\" \/>\n<link rel=\"canonical\" href=\"https:\/\/www.ladime.sk\/muzi\/panske-kratasy\/panske-lanove-kratasy-aston-so-sorona-vlaknom\/\" \/>\n<meta property=\"og:locale\" content=\"cs_CZ\" \/>\n<meta property=\"og:type\" content=\"article\" \/>\n<meta property=\"og:title\" content=\"P\u00e1nske \u013eanov\u00e9 kra\u0165asy Aston so Sorona vl\u00e1knom - ladime.sk\" \/>\n<meta property=\"og:description\" content=\"\u0160t\u00fdlov\u00e9 p\u00e1nske \u013eanov\u00e9 kra\u0165asy Aston s vl\u00e1knom Sorona \u2013 priedu\u0161n\u00e9, pru\u017en\u00e9, menej kr\u010div\u00e9 a ide\u00e1lne na leto. Pohodlie a kvalita v modernom dizajne.\" \/>\n<meta property=\"og:url\" content=\"https:\/\/www.ladime.sk\/muzi\/panske-kratasy\/panske-lanove-kratasy-aston-so-sorona-vlaknom\/\" \/>\n<meta property=\"og:site_name\" content=\"ladime.sk\" \/>\n<meta property=\"article:modified_time\" content=\"2025-07-25T08:21:32+00:00\" \/>\n<meta property=\"og:image\" content=\"https:\/\/www.ladime.sk\/wp-content\/uploads\/2025\/07\/IMG_5590.jpeg\" \/>\n\t<meta property=\"og:image:width\" content=\"1440\" \/>\n\t<meta property=\"og:image:height\" content=\"1920\" \/>\n\t<meta property=\"og:image:type\" content=\"image\/jpeg\" \/>\n<meta name=\"twitter:card\" content=\"summary_large_image\" \/>\n<meta name=\"twitter:label1\" content=\"Odhadovan\u00e1 doba \u010dten\u00ed\" \/>\n\t<meta name=\"twitter:data1\" content=\"1 minuta\" \/>\n<script type=\"application\/ld+json\" class=\"yoast-schema-graph\">{\"@context\":\"https:\\\/\\\/schema.org\",\"@graph\":[{\"@type\":\"WebPage\",\"@id\":\"https:\\\/\\\/www.ladime.sk\\\/muzi\\\/panske-kratasy\\\/panske-lanove-kratasy-aston-so-sorona-vlaknom\\\/\",\"url\":\"https:\\\/\\\/www.ladime.sk\\\/muzi\\\/panske-kratasy\\\/panske-lanove-kratasy-aston-so-sorona-vlaknom\\\/\",\"name\":\"P\u00e1nske \u013eanov\u00e9 kra\u0165asy Aston so Sorona vl\u00e1knom - ladime.sk\",\"isPartOf\":{\"@id\":\"https:\\\/\\\/www.ladime.sk\\\/#website\"},\"primaryImageOfPage\":{\"@id\":\"https:\\\/\\\/www.ladime.sk\\\/muzi\\\/panske-kratasy\\\/panske-lanove-kratasy-aston-so-sorona-vlaknom\\\/#primaryimage\"},\"image\":{\"@id\":\"https:\\\/\\\/www.ladime.sk\\\/muzi\\\/panske-kratasy\\\/panske-lanove-kratasy-aston-so-sorona-vlaknom\\\/#primaryimage\"},\"thumbnailUrl\":\"https:\\\/\\\/www.ladime.sk\\\/wp-content\\\/uploads\\\/2025\\\/07\\\/IMG_5590.jpeg\",\"datePublished\":\"2025-07-25T08:05:28+00:00\",\"dateModified\":\"2025-07-25T08:21:32+00:00\",\"description\":\"\u0160t\u00fdlov\u00e9 p\u00e1nske \u013eanov\u00e9 kra\u0165asy Aston s vl\u00e1knom Sorona \u2013 priedu\u0161n\u00e9, pru\u017en\u00e9, menej kr\u010div\u00e9 a ide\u00e1lne na leto. Pohodlie a kvalita v modernom dizajne.\",\"breadcrumb\":{\"@id\":\"https:\\\/\\\/www.ladime.sk\\\/muzi\\\/panske-kratasy\\\/panske-lanove-kratasy-aston-so-sorona-vlaknom\\\/#breadcrumb\"},\"inLanguage\":\"cs\",\"potentialAction\":[{\"@type\":\"ReadAction\",\"target\":[\"https:\\\/\\\/www.ladime.sk\\\/muzi\\\/panske-kratasy\\\/panske-lanove-kratasy-aston-so-sorona-vlaknom\\\/\"]}]},{\"@type\":\"ImageObject\",\"inLanguage\":\"cs\",\"@id\":\"https:\\\/\\\/www.ladime.sk\\\/muzi\\\/panske-kratasy\\\/panske-lanove-kratasy-aston-so-sorona-vlaknom\\\/#primaryimage\",\"url\":\"https:\\\/\\\/www.ladime.sk\\\/wp-content\\\/uploads\\\/2025\\\/07\\\/IMG_5590.jpeg\",\"contentUrl\":\"https:\\\/\\\/www.ladime.sk\\\/wp-content\\\/uploads\\\/2025\\\/07\\\/IMG_5590.jpeg\",\"width\":1440,\"height\":1920},{\"@type\":\"BreadcrumbList\",\"@id\":\"https:\\\/\\\/www.ladime.sk\\\/muzi\\\/panske-kratasy\\\/panske-lanove-kratasy-aston-so-sorona-vlaknom\\\/#breadcrumb\",\"itemListElement\":[{\"@type\":\"ListItem\",\"position\":1,\"name\":\"\u00davod\",\"item\":\"https:\\\/\\\/www.ladime.sk\\\/\"},{\"@type\":\"ListItem\",\"position\":2,\"name\":\"Obchod\",\"item\":\"https:\\\/\\\/www.ladime.sk\\\/cs\\\/shop-cs\\\/\"},{\"@type\":\"ListItem\",\"position\":3,\"name\":\"P\u00e1nske \u013eanov\u00e9 kra\u0165asy Aston so Sorona vl\u00e1knom\"}]},{\"@type\":\"WebSite\",\"@id\":\"https:\\\/\\\/www.ladime.sk\\\/#website\",\"url\":\"https:\\\/\\\/www.ladime.sk\\\/\",\"name\":\"ladime.sk\",\"description\":\"Ke\u010f lad\u00edme so svetom, mysl\u00edme na bud\u00facnos\u0165.\",\"publisher\":{\"@id\":\"https:\\\/\\\/www.ladime.sk\\\/#organization\"},\"potentialAction\":[{\"@type\":\"SearchAction\",\"target\":{\"@type\":\"EntryPoint\",\"urlTemplate\":\"https:\\\/\\\/www.ladime.sk\\\/?s={search_term_string}\"},\"query-input\":{\"@type\":\"PropertyValueSpecification\",\"valueRequired\":true,\"valueName\":\"search_term_string\"}}],\"inLanguage\":\"cs\"},{\"@type\":\"Organization\",\"@id\":\"https:\\\/\\\/www.ladime.sk\\\/#organization\",\"name\":\"Lad\u00edme\",\"url\":\"https:\\\/\\\/www.ladime.sk\\\/\",\"logo\":{\"@type\":\"ImageObject\",\"inLanguage\":\"cs\",\"@id\":\"https:\\\/\\\/www.ladime.sk\\\/#\\\/schema\\\/logo\\\/image\\\/\",\"url\":\"https:\\\/\\\/www.ladime.sk\\\/wp-content\\\/uploads\\\/2021\\\/08\\\/logo_ladime.svg\",\"contentUrl\":\"https:\\\/\\\/www.ladime.sk\\\/wp-content\\\/uploads\\\/2021\\\/08\\\/logo_ladime.svg\",\"width\":366,\"height\":185,\"caption\":\"Lad\u00edme\"},\"image\":{\"@id\":\"https:\\\/\\\/www.ladime.sk\\\/#\\\/schema\\\/logo\\\/image\\\/\"}}]}<\/script>\n<!-- \/ Yoast SEO plugin. -->","yoast_head_json":{"title":"P\u00e1nske \u013eanov\u00e9 kra\u0165asy Aston so Sorona vl\u00e1knom - ladime.sk","description":"\u0160t\u00fdlov\u00e9 p\u00e1nske \u013eanov\u00e9 kra\u0165asy Aston s vl\u00e1knom Sorona \u2013 priedu\u0161n\u00e9, pru\u017en\u00e9, menej kr\u010div\u00e9 a ide\u00e1lne na leto. Pohodlie a kvalita v modernom dizajne.","robots":{"index":"index","follow":"follow","max-snippet":"max-snippet:-1","max-image-preview":"max-image-preview:large","max-video-preview":"max-video-preview:-1"},"canonical":"https:\/\/www.ladime.sk\/muzi\/panske-kratasy\/panske-lanove-kratasy-aston-so-sorona-vlaknom\/","og_locale":"cs_CZ","og_type":"article","og_title":"P\u00e1nske \u013eanov\u00e9 kra\u0165asy Aston so Sorona vl\u00e1knom - ladime.sk","og_description":"\u0160t\u00fdlov\u00e9 p\u00e1nske \u013eanov\u00e9 kra\u0165asy Aston s vl\u00e1knom Sorona \u2013 priedu\u0161n\u00e9, pru\u017en\u00e9, menej kr\u010div\u00e9 a ide\u00e1lne na leto. Pohodlie a kvalita v modernom dizajne.","og_url":"https:\/\/www.ladime.sk\/muzi\/panske-kratasy\/panske-lanove-kratasy-aston-so-sorona-vlaknom\/","og_site_name":"ladime.sk","article_modified_time":"2025-07-25T08:21:32+00:00","og_image":[{"width":1440,"height":1920,"url":"https:\/\/www.ladime.sk\/wp-content\/uploads\/2025\/07\/IMG_5590.jpeg","type":"image\/jpeg"}],"twitter_card":"summary_large_image","twitter_misc":{"Odhadovan\u00e1 doba \u010dten\u00ed":"1 minuta"},"schema":{"@context":"https:\/\/schema.org","@graph":[{"@type":"WebPage","@id":"https:\/\/www.ladime.sk\/muzi\/panske-kratasy\/panske-lanove-kratasy-aston-so-sorona-vlaknom\/","url":"https:\/\/www.ladime.sk\/muzi\/panske-kratasy\/panske-lanove-kratasy-aston-so-sorona-vlaknom\/","name":"P\u00e1nske \u013eanov\u00e9 kra\u0165asy Aston so Sorona vl\u00e1knom - ladime.sk","isPartOf":{"@id":"https:\/\/www.ladime.sk\/#website"},"primaryImageOfPage":{"@id":"https:\/\/www.ladime.sk\/muzi\/panske-kratasy\/panske-lanove-kratasy-aston-so-sorona-vlaknom\/#primaryimage"},"image":{"@id":"https:\/\/www.ladime.sk\/muzi\/panske-kratasy\/panske-lanove-kratasy-aston-so-sorona-vlaknom\/#primaryimage"},"thumbnailUrl":"https:\/\/www.ladime.sk\/wp-content\/uploads\/2025\/07\/IMG_5590.jpeg","datePublished":"2025-07-25T08:05:28+00:00","dateModified":"2025-07-25T08:21:32+00:00","description":"\u0160t\u00fdlov\u00e9 p\u00e1nske \u013eanov\u00e9 kra\u0165asy Aston s vl\u00e1knom Sorona \u2013 priedu\u0161n\u00e9, pru\u017en\u00e9, menej kr\u010div\u00e9 a ide\u00e1lne na leto. Pohodlie a kvalita v modernom dizajne.","breadcrumb":{"@id":"https:\/\/www.ladime.sk\/muzi\/panske-kratasy\/panske-lanove-kratasy-aston-so-sorona-vlaknom\/#breadcrumb"},"inLanguage":"cs","potentialAction":[{"@type":"ReadAction","target":["https:\/\/www.ladime.sk\/muzi\/panske-kratasy\/panske-lanove-kratasy-aston-so-sorona-vlaknom\/"]}]},{"@type":"ImageObject","inLanguage":"cs","@id":"https:\/\/www.ladime.sk\/muzi\/panske-kratasy\/panske-lanove-kratasy-aston-so-sorona-vlaknom\/#primaryimage","url":"https:\/\/www.ladime.sk\/wp-content\/uploads\/2025\/07\/IMG_5590.jpeg","contentUrl":"https:\/\/www.ladime.sk\/wp-content\/uploads\/2025\/07\/IMG_5590.jpeg","width":1440,"height":1920},{"@type":"BreadcrumbList","@id":"https:\/\/www.ladime.sk\/muzi\/panske-kratasy\/panske-lanove-kratasy-aston-so-sorona-vlaknom\/#breadcrumb","itemListElement":[{"@type":"ListItem","position":1,"name":"\u00davod","item":"https:\/\/www.ladime.sk\/"},{"@type":"ListItem","position":2,"name":"Obchod","item":"https:\/\/www.ladime.sk\/cs\/shop-cs\/"},{"@type":"ListItem","position":3,"name":"P\u00e1nske \u013eanov\u00e9 kra\u0165asy Aston so Sorona vl\u00e1knom"}]},{"@type":"WebSite","@id":"https:\/\/www.ladime.sk\/#website","url":"https:\/\/www.ladime.sk\/","name":"ladime.sk","description":"Ke\u010f lad\u00edme so svetom, mysl\u00edme na bud\u00facnos\u0165.","publisher":{"@id":"https:\/\/www.ladime.sk\/#organization"},"potentialAction":[{"@type":"SearchAction","target":{"@type":"EntryPoint","urlTemplate":"https:\/\/www.ladime.sk\/?s={search_term_string}"},"query-input":{"@type":"PropertyValueSpecification","valueRequired":true,"valueName":"search_term_string"}}],"inLanguage":"cs"},{"@type":"Organization","@id":"https:\/\/www.ladime.sk\/#organization","name":"Lad\u00edme","url":"https:\/\/www.ladime.sk\/","logo":{"@type":"ImageObject","inLanguage":"cs","@id":"https:\/\/www.ladime.sk\/#\/schema\/logo\/image\/","url":"https:\/\/www.ladime.sk\/wp-content\/uploads\/2021\/08\/logo_ladime.svg","contentUrl":"https:\/\/www.ladime.sk\/wp-content\/uploads\/2021\/08\/logo_ladime.svg","width":366,"height":185,"caption":"Lad\u00edme"},"image":{"@id":"https:\/\/www.ladime.sk\/#\/schema\/logo\/image\/"}}]}},"_links":{"self":[{"href":"https:\/\/www.ladime.sk\/cs\/wp-json\/wp\/v2\/product\/5683303","targetHints":{"allow":["GET"]}}],"collection":[{"href":"https:\/\/www.ladime.sk\/cs\/wp-json\/wp\/v2\/product"}],"about":[{"href":"https:\/\/www.ladime.sk\/cs\/wp-json\/wp\/v2\/types\/product"}],"replies":[{"embeddable":true,"href":"https:\/\/www.ladime.sk\/cs\/wp-json\/wp\/v2\/comments?post=5683303"}],"version-history":[{"count":0,"href":"https:\/\/www.ladime.sk\/cs\/wp-json\/wp\/v2\/product\/5683303\/revisions"}],"wp:featuredmedia":[{"embeddable":true,"href":"https:\/\/www.ladime.sk\/cs\/wp-json\/wp\/v2\/media\/5683305"}],"wp:attachment":[{"href":"https:\/\/www.ladime.sk\/cs\/wp-json\/wp\/v2\/media?parent=5683303"}],"wp:term":[{"taxonomy":"product_brand","embeddable":true,"href":"https:\/\/www.ladime.sk\/cs\/wp-json\/wp\/v2\/product_brand?post=5683303"},{"taxonomy":"product_cat","embeddable":true,"href":"https:\/\/www.ladime.sk\/cs\/wp-json\/wp\/v2\/product_cat?post=5683303"},{"taxonomy":"product_tag","embeddable":true,"href":"https:\/\/www.ladime.sk\/cs\/wp-json\/wp\/v2\/product_tag?post=5683303"}],"curies":[{"name":"wp","href":"https:\/\/api.w.org\/{rel}","templated":true}]}}