{"id":5683254,"date":"2025-07-15T11:08:10","date_gmt":"2025-07-15T09:08:10","guid":{"rendered":"https:\/\/www.ladime.sk\/?post_type=product&#038;p=5683254"},"modified":"2025-07-15T11:38:07","modified_gmt":"2025-07-15T09:38:07","slug":"panske-kratasy-bruno-z-recyklovanej-rifloviny","status":"publish","type":"product","link":"https:\/\/www.ladime.sk\/cs\/muzi\/panske-kratasy\/panske-kratasy-bruno-z-recyklovanej-rifloviny\/","title":{"rendered":"P\u00e1nske kra\u0165asy Bruno z recyklovanej rif\u013eoviny"},"content":{"rendered":"<h3 data-start=\"143\" data-end=\"234\"><strong data-start=\"147\" data-end=\"234\">P\u00e1nske kra\u0165asy Bruno z recyklovanej rif\u013eoviny \u2013 mestsk\u00fd \u0161t\u00fdl s ekologick\u00fdm postojom<\/strong><\/h3>\n<p data-start=\"236\" data-end=\"529\">P\u00e1nske kra\u0165asy Bruno s\u00fa vyroben\u00e9 z kvalitnej recyklovanej rif\u013eoviny, ktor\u00e1 im dod\u00e1va jedine\u010dn\u00fd vzh\u013ead a z\u00e1rove\u0148 \u0161etr\u00ed \u017eivotn\u00e9 prostredie. Ich modern\u00fd strih a premyslen\u00e9 detaily \u2013 vr\u00e1tane pohodln\u00e9ho p\u00e1su a praktick\u00fdch vreciek \u2013 zaru\u010dia, \u017ee sa v nich budete c\u00edti\u0165 uvo\u013enene a \u0161t\u00fdlovo po cel\u00fd de\u0148.<\/p>\n<p data-start=\"531\" data-end=\"758\">Odoln\u00e1 rif\u013eovina je m\u00e4k\u0161ia na dotyk, no z\u00e1rove\u0148 pevn\u00e1 a pripraven\u00e1 na ka\u017edodenn\u00e9 nosenie. Tieto kra\u0165asy s\u00fa d\u00f4kazom toho, \u017ee m\u00f3da m\u00f4\u017ee by\u0165 zodpovedn\u00e1 \u2013 ru\u010dne u\u0161it\u00e9 na Slovensku s d\u00f4razom na etick\u00fa v\u00fdrobu a recyklovan\u00e9 materi\u00e1ly.<\/p>\n<p data-start=\"760\" data-end=\"897\">Ide\u00e1lne do mesta, na v\u00fdlet aj na vo\u013en\u00fd v\u00edkend \u2013 kra\u0165asy Bruno s\u00fa nad\u010dasov\u00fd k\u00fasok, ktor\u00fd si ob\u013e\u00fabite nielen pre ich vzh\u013ead, ale aj pr\u00edbeh.<\/p>\n<p data-start=\"760\" data-end=\"897\">Model J\u00e1n Dobr\u00edk m\u00e1 na sebe ve\u013ekos\u0165 L. V\u00fd\u0161ka modela 185cm.<\/p>\n","protected":false},"excerpt":{"rendered":"<div class=\"o9v6fnle cxmmr5t8 oygrvhab hcukyx3x c1et5uql\">\n<div class=\"o9v6fnle cxmmr5t8 oygrvhab hcukyx3x c1et5uql\">\n<div>\n<p>\u0160t\u00fdlov\u00e9 p\u00e1nske kra\u0165asy Bruno s\u00fa vyroben\u00e9 z recyklovanej rif\u013eoviny \u2013 pevn\u00e9, no pr\u00edjemn\u00e9 na nosenie. V\u010faka praktick\u00e9mu strihu a pohodln\u00e9mu p\u00e1su s\u00fa ide\u00e1lne na ka\u017ed\u00fd de\u0148. Ru\u010dne \u0161it\u00e9 na Slovensku s d\u00f4razom na ekologick\u00e9 hodnoty a zodpovedn\u00fa v\u00fdrobu.<\/p>\n<\/div>\n<div class=\"o9v6fnle cxmmr5t8 oygrvhab hcukyx3x c1et5uql\"><strong>Materi\u00e1l:<\/strong> 77% recyklovan\u00e1 bavlna 21% polyester 2% elastan<\/div>\n<div><\/div>\n<div><\/div>\n<div>\n<div><strong>Certifik\u00e1ty materi\u00e1lu: <\/strong>OEKO-TEX 100, Trieda 1<\/div>\n<div><\/div>\n<\/div>\n<div><\/div>\n<\/div>\n<div><\/div>\n<div class=\"o9v6fnle cxmmr5t8 oygrvhab hcukyx3x c1et5uql\"><\/div>\n<div class=\"o9v6fnle cxmmr5t8 oygrvhab hcukyx3x c1et5uql\"><\/div>\n<\/div>\n","protected":false},"featured_media":5683259,"comment_status":"closed","ping_status":"closed","template":"","meta":{"_acf_changed":false,"inline_featured_image":false},"product_brand":[],"product_cat":[98],"product_tag":[],"class_list":{"0":"post-5683254","1":"product","2":"type-product","3":"status-publish","4":"has-post-thumbnail","6":"product_cat-panske-kratasy","8":"first","9":"instock","10":"shipping-taxable","11":"purchasable","12":"product-type-variable","13":"wvs-archive-product-wrapper"},"acf":[],"yoast_head":"<!-- This site is optimized with the Yoast SEO plugin v27.4 - https:\/\/yoast.com\/product\/yoast-seo-wordpress\/ -->\n<title>P\u00e1nske kra\u0165asy Bruno z recyklovanej rif\u013eoviny - ladime.sk<\/title>\n<meta name=\"description\" content=\"P\u00e1nske kra\u0165asy Bruno z recyklovanej rif\u013eoviny sp\u00e1jaj\u00fa mestsk\u00fd \u0161t\u00fdl s ekologick\u00fdm pr\u00edstupom. Pohodln\u00fd strih, praktick\u00e9 vreck\u00e1 a ru\u010dn\u00e1 v\u00fdroba zo Slovenska.\" \/>\n<meta name=\"robots\" content=\"index, follow, max-snippet:-1, max-image-preview:large, max-video-preview:-1\" \/>\n<link rel=\"canonical\" href=\"https:\/\/www.ladime.sk\/muzi\/panske-kratasy\/panske-kratasy-bruno-z-recyklovanej-rifloviny\/\" \/>\n<meta property=\"og:locale\" content=\"cs_CZ\" \/>\n<meta property=\"og:type\" content=\"article\" \/>\n<meta property=\"og:title\" content=\"P\u00e1nske kra\u0165asy Bruno z recyklovanej rif\u013eoviny - ladime.sk\" \/>\n<meta property=\"og:description\" content=\"P\u00e1nske kra\u0165asy Bruno z recyklovanej rif\u013eoviny sp\u00e1jaj\u00fa mestsk\u00fd \u0161t\u00fdl s ekologick\u00fdm pr\u00edstupom. Pohodln\u00fd strih, praktick\u00e9 vreck\u00e1 a ru\u010dn\u00e1 v\u00fdroba zo Slovenska.\" \/>\n<meta property=\"og:url\" content=\"https:\/\/www.ladime.sk\/muzi\/panske-kratasy\/panske-kratasy-bruno-z-recyklovanej-rifloviny\/\" \/>\n<meta property=\"og:site_name\" content=\"ladime.sk\" \/>\n<meta property=\"article:modified_time\" content=\"2025-07-15T09:38:07+00:00\" \/>\n<meta property=\"og:image\" content=\"https:\/\/www.ladime.sk\/wp-content\/uploads\/2025\/07\/1865D6CF-DC7A-490C-9591-01AD34B175A5.jpg\" \/>\n\t<meta property=\"og:image:width\" content=\"1440\" \/>\n\t<meta property=\"og:image:height\" content=\"1920\" \/>\n\t<meta property=\"og:image:type\" content=\"image\/jpeg\" \/>\n<meta name=\"twitter:card\" content=\"summary_large_image\" \/>\n<meta name=\"twitter:label1\" content=\"Odhadovan\u00e1 doba \u010dten\u00ed\" \/>\n\t<meta name=\"twitter:data1\" content=\"1 minuta\" \/>\n<script type=\"application\/ld+json\" class=\"yoast-schema-graph\">{\"@context\":\"https:\\\/\\\/schema.org\",\"@graph\":[{\"@type\":\"WebPage\",\"@id\":\"https:\\\/\\\/www.ladime.sk\\\/muzi\\\/panske-kratasy\\\/panske-kratasy-bruno-z-recyklovanej-rifloviny\\\/\",\"url\":\"https:\\\/\\\/www.ladime.sk\\\/muzi\\\/panske-kratasy\\\/panske-kratasy-bruno-z-recyklovanej-rifloviny\\\/\",\"name\":\"P\u00e1nske kra\u0165asy Bruno z recyklovanej rif\u013eoviny - ladime.sk\",\"isPartOf\":{\"@id\":\"https:\\\/\\\/www.ladime.sk\\\/#website\"},\"primaryImageOfPage\":{\"@id\":\"https:\\\/\\\/www.ladime.sk\\\/muzi\\\/panske-kratasy\\\/panske-kratasy-bruno-z-recyklovanej-rifloviny\\\/#primaryimage\"},\"image\":{\"@id\":\"https:\\\/\\\/www.ladime.sk\\\/muzi\\\/panske-kratasy\\\/panske-kratasy-bruno-z-recyklovanej-rifloviny\\\/#primaryimage\"},\"thumbnailUrl\":\"https:\\\/\\\/www.ladime.sk\\\/wp-content\\\/uploads\\\/2025\\\/07\\\/1865D6CF-DC7A-490C-9591-01AD34B175A5.jpg\",\"datePublished\":\"2025-07-15T09:08:10+00:00\",\"dateModified\":\"2025-07-15T09:38:07+00:00\",\"description\":\"P\u00e1nske kra\u0165asy Bruno z recyklovanej rif\u013eoviny sp\u00e1jaj\u00fa mestsk\u00fd \u0161t\u00fdl s ekologick\u00fdm pr\u00edstupom. Pohodln\u00fd strih, praktick\u00e9 vreck\u00e1 a ru\u010dn\u00e1 v\u00fdroba zo Slovenska.\",\"breadcrumb\":{\"@id\":\"https:\\\/\\\/www.ladime.sk\\\/muzi\\\/panske-kratasy\\\/panske-kratasy-bruno-z-recyklovanej-rifloviny\\\/#breadcrumb\"},\"inLanguage\":\"cs\",\"potentialAction\":[{\"@type\":\"ReadAction\",\"target\":[\"https:\\\/\\\/www.ladime.sk\\\/muzi\\\/panske-kratasy\\\/panske-kratasy-bruno-z-recyklovanej-rifloviny\\\/\"]}]},{\"@type\":\"ImageObject\",\"inLanguage\":\"cs\",\"@id\":\"https:\\\/\\\/www.ladime.sk\\\/muzi\\\/panske-kratasy\\\/panske-kratasy-bruno-z-recyklovanej-rifloviny\\\/#primaryimage\",\"url\":\"https:\\\/\\\/www.ladime.sk\\\/wp-content\\\/uploads\\\/2025\\\/07\\\/1865D6CF-DC7A-490C-9591-01AD34B175A5.jpg\",\"contentUrl\":\"https:\\\/\\\/www.ladime.sk\\\/wp-content\\\/uploads\\\/2025\\\/07\\\/1865D6CF-DC7A-490C-9591-01AD34B175A5.jpg\",\"width\":1440,\"height\":1920},{\"@type\":\"BreadcrumbList\",\"@id\":\"https:\\\/\\\/www.ladime.sk\\\/muzi\\\/panske-kratasy\\\/panske-kratasy-bruno-z-recyklovanej-rifloviny\\\/#breadcrumb\",\"itemListElement\":[{\"@type\":\"ListItem\",\"position\":1,\"name\":\"\u00davod\",\"item\":\"https:\\\/\\\/www.ladime.sk\\\/\"},{\"@type\":\"ListItem\",\"position\":2,\"name\":\"Obchod\",\"item\":\"https:\\\/\\\/www.ladime.sk\\\/cs\\\/shop-cs\\\/\"},{\"@type\":\"ListItem\",\"position\":3,\"name\":\"P\u00e1nske kra\u0165asy Bruno z recyklovanej rif\u013eoviny\"}]},{\"@type\":\"WebSite\",\"@id\":\"https:\\\/\\\/www.ladime.sk\\\/#website\",\"url\":\"https:\\\/\\\/www.ladime.sk\\\/\",\"name\":\"ladime.sk\",\"description\":\"Ke\u010f lad\u00edme so svetom, mysl\u00edme na bud\u00facnos\u0165.\",\"publisher\":{\"@id\":\"https:\\\/\\\/www.ladime.sk\\\/#organization\"},\"potentialAction\":[{\"@type\":\"SearchAction\",\"target\":{\"@type\":\"EntryPoint\",\"urlTemplate\":\"https:\\\/\\\/www.ladime.sk\\\/?s={search_term_string}\"},\"query-input\":{\"@type\":\"PropertyValueSpecification\",\"valueRequired\":true,\"valueName\":\"search_term_string\"}}],\"inLanguage\":\"cs\"},{\"@type\":\"Organization\",\"@id\":\"https:\\\/\\\/www.ladime.sk\\\/#organization\",\"name\":\"Lad\u00edme\",\"url\":\"https:\\\/\\\/www.ladime.sk\\\/\",\"logo\":{\"@type\":\"ImageObject\",\"inLanguage\":\"cs\",\"@id\":\"https:\\\/\\\/www.ladime.sk\\\/#\\\/schema\\\/logo\\\/image\\\/\",\"url\":\"https:\\\/\\\/www.ladime.sk\\\/wp-content\\\/uploads\\\/2021\\\/08\\\/logo_ladime.svg\",\"contentUrl\":\"https:\\\/\\\/www.ladime.sk\\\/wp-content\\\/uploads\\\/2021\\\/08\\\/logo_ladime.svg\",\"width\":366,\"height\":185,\"caption\":\"Lad\u00edme\"},\"image\":{\"@id\":\"https:\\\/\\\/www.ladime.sk\\\/#\\\/schema\\\/logo\\\/image\\\/\"}}]}<\/script>\n<!-- \/ Yoast SEO plugin. -->","yoast_head_json":{"title":"P\u00e1nske kra\u0165asy Bruno z recyklovanej rif\u013eoviny - ladime.sk","description":"P\u00e1nske kra\u0165asy Bruno z recyklovanej rif\u013eoviny sp\u00e1jaj\u00fa mestsk\u00fd \u0161t\u00fdl s ekologick\u00fdm pr\u00edstupom. Pohodln\u00fd strih, praktick\u00e9 vreck\u00e1 a ru\u010dn\u00e1 v\u00fdroba zo Slovenska.","robots":{"index":"index","follow":"follow","max-snippet":"max-snippet:-1","max-image-preview":"max-image-preview:large","max-video-preview":"max-video-preview:-1"},"canonical":"https:\/\/www.ladime.sk\/muzi\/panske-kratasy\/panske-kratasy-bruno-z-recyklovanej-rifloviny\/","og_locale":"cs_CZ","og_type":"article","og_title":"P\u00e1nske kra\u0165asy Bruno z recyklovanej rif\u013eoviny - ladime.sk","og_description":"P\u00e1nske kra\u0165asy Bruno z recyklovanej rif\u013eoviny sp\u00e1jaj\u00fa mestsk\u00fd \u0161t\u00fdl s ekologick\u00fdm pr\u00edstupom. Pohodln\u00fd strih, praktick\u00e9 vreck\u00e1 a ru\u010dn\u00e1 v\u00fdroba zo Slovenska.","og_url":"https:\/\/www.ladime.sk\/muzi\/panske-kratasy\/panske-kratasy-bruno-z-recyklovanej-rifloviny\/","og_site_name":"ladime.sk","article_modified_time":"2025-07-15T09:38:07+00:00","og_image":[{"width":1440,"height":1920,"url":"https:\/\/www.ladime.sk\/wp-content\/uploads\/2025\/07\/1865D6CF-DC7A-490C-9591-01AD34B175A5.jpg","type":"image\/jpeg"}],"twitter_card":"summary_large_image","twitter_misc":{"Odhadovan\u00e1 doba \u010dten\u00ed":"1 minuta"},"schema":{"@context":"https:\/\/schema.org","@graph":[{"@type":"WebPage","@id":"https:\/\/www.ladime.sk\/muzi\/panske-kratasy\/panske-kratasy-bruno-z-recyklovanej-rifloviny\/","url":"https:\/\/www.ladime.sk\/muzi\/panske-kratasy\/panske-kratasy-bruno-z-recyklovanej-rifloviny\/","name":"P\u00e1nske kra\u0165asy Bruno z recyklovanej rif\u013eoviny - ladime.sk","isPartOf":{"@id":"https:\/\/www.ladime.sk\/#website"},"primaryImageOfPage":{"@id":"https:\/\/www.ladime.sk\/muzi\/panske-kratasy\/panske-kratasy-bruno-z-recyklovanej-rifloviny\/#primaryimage"},"image":{"@id":"https:\/\/www.ladime.sk\/muzi\/panske-kratasy\/panske-kratasy-bruno-z-recyklovanej-rifloviny\/#primaryimage"},"thumbnailUrl":"https:\/\/www.ladime.sk\/wp-content\/uploads\/2025\/07\/1865D6CF-DC7A-490C-9591-01AD34B175A5.jpg","datePublished":"2025-07-15T09:08:10+00:00","dateModified":"2025-07-15T09:38:07+00:00","description":"P\u00e1nske kra\u0165asy Bruno z recyklovanej rif\u013eoviny sp\u00e1jaj\u00fa mestsk\u00fd \u0161t\u00fdl s ekologick\u00fdm pr\u00edstupom. Pohodln\u00fd strih, praktick\u00e9 vreck\u00e1 a ru\u010dn\u00e1 v\u00fdroba zo Slovenska.","breadcrumb":{"@id":"https:\/\/www.ladime.sk\/muzi\/panske-kratasy\/panske-kratasy-bruno-z-recyklovanej-rifloviny\/#breadcrumb"},"inLanguage":"cs","potentialAction":[{"@type":"ReadAction","target":["https:\/\/www.ladime.sk\/muzi\/panske-kratasy\/panske-kratasy-bruno-z-recyklovanej-rifloviny\/"]}]},{"@type":"ImageObject","inLanguage":"cs","@id":"https:\/\/www.ladime.sk\/muzi\/panske-kratasy\/panske-kratasy-bruno-z-recyklovanej-rifloviny\/#primaryimage","url":"https:\/\/www.ladime.sk\/wp-content\/uploads\/2025\/07\/1865D6CF-DC7A-490C-9591-01AD34B175A5.jpg","contentUrl":"https:\/\/www.ladime.sk\/wp-content\/uploads\/2025\/07\/1865D6CF-DC7A-490C-9591-01AD34B175A5.jpg","width":1440,"height":1920},{"@type":"BreadcrumbList","@id":"https:\/\/www.ladime.sk\/muzi\/panske-kratasy\/panske-kratasy-bruno-z-recyklovanej-rifloviny\/#breadcrumb","itemListElement":[{"@type":"ListItem","position":1,"name":"\u00davod","item":"https:\/\/www.ladime.sk\/"},{"@type":"ListItem","position":2,"name":"Obchod","item":"https:\/\/www.ladime.sk\/cs\/shop-cs\/"},{"@type":"ListItem","position":3,"name":"P\u00e1nske kra\u0165asy Bruno z recyklovanej rif\u013eoviny"}]},{"@type":"WebSite","@id":"https:\/\/www.ladime.sk\/#website","url":"https:\/\/www.ladime.sk\/","name":"ladime.sk","description":"Ke\u010f lad\u00edme so svetom, mysl\u00edme na bud\u00facnos\u0165.","publisher":{"@id":"https:\/\/www.ladime.sk\/#organization"},"potentialAction":[{"@type":"SearchAction","target":{"@type":"EntryPoint","urlTemplate":"https:\/\/www.ladime.sk\/?s={search_term_string}"},"query-input":{"@type":"PropertyValueSpecification","valueRequired":true,"valueName":"search_term_string"}}],"inLanguage":"cs"},{"@type":"Organization","@id":"https:\/\/www.ladime.sk\/#organization","name":"Lad\u00edme","url":"https:\/\/www.ladime.sk\/","logo":{"@type":"ImageObject","inLanguage":"cs","@id":"https:\/\/www.ladime.sk\/#\/schema\/logo\/image\/","url":"https:\/\/www.ladime.sk\/wp-content\/uploads\/2021\/08\/logo_ladime.svg","contentUrl":"https:\/\/www.ladime.sk\/wp-content\/uploads\/2021\/08\/logo_ladime.svg","width":366,"height":185,"caption":"Lad\u00edme"},"image":{"@id":"https:\/\/www.ladime.sk\/#\/schema\/logo\/image\/"}}]}},"_links":{"self":[{"href":"https:\/\/www.ladime.sk\/cs\/wp-json\/wp\/v2\/product\/5683254","targetHints":{"allow":["GET"]}}],"collection":[{"href":"https:\/\/www.ladime.sk\/cs\/wp-json\/wp\/v2\/product"}],"about":[{"href":"https:\/\/www.ladime.sk\/cs\/wp-json\/wp\/v2\/types\/product"}],"replies":[{"embeddable":true,"href":"https:\/\/www.ladime.sk\/cs\/wp-json\/wp\/v2\/comments?post=5683254"}],"version-history":[{"count":0,"href":"https:\/\/www.ladime.sk\/cs\/wp-json\/wp\/v2\/product\/5683254\/revisions"}],"wp:featuredmedia":[{"embeddable":true,"href":"https:\/\/www.ladime.sk\/cs\/wp-json\/wp\/v2\/media\/5683259"}],"wp:attachment":[{"href":"https:\/\/www.ladime.sk\/cs\/wp-json\/wp\/v2\/media?parent=5683254"}],"wp:term":[{"taxonomy":"product_brand","embeddable":true,"href":"https:\/\/www.ladime.sk\/cs\/wp-json\/wp\/v2\/product_brand?post=5683254"},{"taxonomy":"product_cat","embeddable":true,"href":"https:\/\/www.ladime.sk\/cs\/wp-json\/wp\/v2\/product_cat?post=5683254"},{"taxonomy":"product_tag","embeddable":true,"href":"https:\/\/www.ladime.sk\/cs\/wp-json\/wp\/v2\/product_tag?post=5683254"}],"curies":[{"name":"wp","href":"https:\/\/api.w.org\/{rel}","templated":true}]}}