{"id":5683138,"date":"2025-05-19T14:08:53","date_gmt":"2025-05-19T12:08:53","guid":{"rendered":"https:\/\/www.ladime.sk\/?post_type=product&#038;p=5683138"},"modified":"2026-03-19T10:31:15","modified_gmt":"2026-03-19T09:31:15","slug":"damske-organic-saty-orchid","status":"publish","type":"product","link":"https:\/\/www.ladime.sk\/cs\/zeny\/damske-saty\/damske-organic-saty-orchid\/","title":{"rendered":"D\u00e1mske ORGANIC boho \u0161aty Orchid"},"content":{"rendered":"<div class=\"kvgmc6g5 cxmmr5t8 oygrvhab hcukyx3x c1et5uql\">\n<h2>D\u00e1mske ORGANIC boho \u0161aty Orchid \u0161it\u00e9 z jemnej elastickej organickej bavlny<\/h2>\n<p>D\u00e1mske boho <a href=\"https:\/\/www.ladime.sk\/zeny\/damske-saty\/\">\u0161aty<\/a> Orchid v jemnom fialovom odtieni s\u00fa stelesnen\u00edm \u017eenskosti, elegancie a pohodlia. Ich vzdu\u0161n\u00fd strih s bal\u00f3nov\u00fdmi ruk\u00e1vmi lichot\u00ed ka\u017edej postave a poskytuje maxim\u00e1lne pohodlie po\u010das cel\u00e9ho d\u0148a. V\u010faka zav\u00e4zovaniu v p\u00e1se kr\u00e1sne zv\u00fdraznia siluetu a p\u00f4sobia \u0161t\u00fdlovo, no z\u00e1rove\u0148 nen\u00fatene.<\/p>\n<p>Jedine\u010dnos\u0165 t\u00fdchto \u0161iat spo\u010d\u00edva aj v ich variabilite \u2013 v\u00fdstrih do V m\u00f4\u017eete nosi\u0165 vpredu alebo na chrbte, pod\u013ea n\u00e1lady \u010di pr\u00edle\u017eitosti. D\u013a\u017eka nad kolen\u00e1 z nich rob\u00ed ide\u00e1lny k\u00fasok na be\u017en\u00e9 nosenie, ale aj na oslavy, ve\u010dere \u010di \u0161peci\u00e1lne udalosti.<\/p>\n<p>\u0160aty s\u00fa vyroben\u00e9 z certifikovanej elastickej organickej bavlny, ktor\u00e1 je jemn\u00e1, priedu\u0161n\u00e1 a \u0161etrn\u00e1 k poko\u017eke. T\u00fdmto k\u00faskom z\u00e1rove\u0148 vyjadrujeme n\u00e1\u0161 z\u00e1v\u00e4zok k udr\u017eate\u013enej a etickej m\u00f3de \u2013 v\u00fdberom pr\u00edrodn\u00fdch materi\u00e1lov chr\u00e1nime nielen plan\u00e9tu, ale aj va\u0161e zdravie.<\/p>\n<p>Skombinujte ich s podp\u00e4tkami pre elegantn\u00fd look alebo s teniskami na uvo\u013enen\u00fd de\u0148 v meste. V oboch pr\u00edpadoch sa budete c\u00edti\u0165 pohodlne a vyzera\u0165 skvelo.<\/p>\n<p>Opasok je s\u00fa\u010das\u0165ou \u0161iat.<\/p>\n<p>\u0160aty je mo\u017en\u00e9 objedna\u0165 aj v inej ako z\u00e1kladnej d\u013a\u017eke pre jednotliv\u00e9 ve\u013ekosti &#8211; pre viac info <a href=\"https:\/\/www.ladime.sk\/kontakt\/\">tu<\/a>.<\/p>\n<\/div>\n<div class=\"o9v6fnle cxmmr5t8 oygrvhab hcukyx3x c1et5uql\"><\/div>\n<div class=\"o9v6fnle cxmmr5t8 oygrvhab hcukyx3x c1et5uql\">Modelka Michi m\u00e1 oble\u010den\u00fa ve\u013ekos\u0165 34. V\u00fd\u0161ka modelky: cca 170cm a miery: 90-70-106<\/div>\n<div><\/div>\n","protected":false},"excerpt":{"rendered":"<div>\n<p>UDR\u017dATE\u013dN\u00dd K\u00daSOK<\/p>\n<p>D\u00e1mske ORGANIC boho \u0161aty Orchid s\u00fa vyroben\u00e9 z certifikovanej organickej bavlny, \u010do je s\u00fa\u010das\u0165ou n\u00e1\u0161ho z\u00e1v\u00e4zku k <strong data-start=\"891\" data-end=\"921\">udr\u017eate\u013enej a etickej m\u00f3de<\/strong>. Skombinujte ich s podp\u00e4tkami na sl\u00e1vnostn\u00fa pr\u00edle\u017eitos\u0165 alebo s teniskami na uvo\u013enen\u00fd de\u0148 v meste \u2013 v oboch pr\u00edpadoch za\u017eiarite.<\/p>\n<\/div>\n<div><\/div>\n<div>\n<div><strong>Certifik\u00e1ty materi\u00e1lu: <\/strong>OEKO-TEX 100, Trieda 1<\/div>\n<div>\u00a0 \u00a0 \u00a0 \u00a0 \u00a0 \u00a0 \u00a0 \u00a0 \u00a0 \u00a0 \u00a0 \u00a0 \u00a0 \u00a0 \u00a0 \u00a0 \u00a0 \u00a0 \u00a0 \u00a0 \u00a0 \u00a0 ORGANIC<\/div>\n<\/div>\n<div><strong>Materi\u00e1lov\u00e9 zlo\u017eenie:<\/strong> 95% BIO bavlna 5% elastan<\/div>\n<div>\u0160aty je mo\u017en\u00e9 objedna\u0165 aj v inej ako z\u00e1kladnej d\u013a\u017eke pre jednotliv\u00e9 ve\u013ekosti &#8211; pre viac info <a href=\"https:\/\/www.ladime.sk\/kontakt\/\">tu<\/a>.<\/div>\n<div>Opasok je s\u00fa\u010das\u0165ou \u0161iat.<\/div>\n","protected":false},"featured_media":5683142,"comment_status":"closed","ping_status":"closed","template":"","meta":{"_acf_changed":false,"inline_featured_image":false},"product_brand":[],"product_cat":[59,415],"product_tag":[],"class_list":{"0":"post-5683138","1":"product","2":"type-product","3":"status-publish","4":"has-post-thumbnail","6":"product_cat-damske-saty","7":"product_cat-limitky","9":"first","10":"instock","11":"shipping-taxable","12":"purchasable","13":"product-type-variable","14":"wvs-archive-product-wrapper"},"acf":[],"yoast_head":"<!-- This site is optimized with the Yoast SEO plugin v27.4 - https:\/\/yoast.com\/product\/yoast-seo-wordpress\/ -->\n<title>D\u00e1mske ORGANIC boho \u0161aty Orchid - ladime.sk<\/title>\n<meta name=\"description\" content=\"D\u00e1mske ORGANIC boho \u0161aty Orchid maj\u00fa ve\u013emi \u017eensk\u00fd strih, ktor\u00fd zv\u00fdrazn\u00ed kr\u00e1su va\u0161ej postavy. Ru\u010dne \u0161it\u00e9 z biobavlny s certifik\u00e1tom.\" \/>\n<meta name=\"robots\" content=\"index, follow, max-snippet:-1, max-image-preview:large, max-video-preview:-1\" \/>\n<link rel=\"canonical\" href=\"https:\/\/www.ladime.sk\/zeny\/damske-saty\/damske-organic-saty-orchid\/\" \/>\n<meta property=\"og:locale\" content=\"cs_CZ\" \/>\n<meta property=\"og:type\" content=\"article\" \/>\n<meta property=\"og:title\" content=\"D\u00e1mske ORGANIC boho \u0161aty Orchid - ladime.sk\" \/>\n<meta property=\"og:description\" content=\"D\u00e1mske ORGANIC boho \u0161aty Orchid maj\u00fa ve\u013emi \u017eensk\u00fd strih, ktor\u00fd zv\u00fdrazn\u00ed kr\u00e1su va\u0161ej postavy. Ru\u010dne \u0161it\u00e9 z biobavlny s certifik\u00e1tom.\" \/>\n<meta property=\"og:url\" content=\"https:\/\/www.ladime.sk\/zeny\/damske-saty\/damske-organic-saty-orchid\/\" \/>\n<meta property=\"og:site_name\" content=\"ladime.sk\" \/>\n<meta property=\"article:modified_time\" content=\"2026-03-19T09:31:15+00:00\" \/>\n<meta property=\"og:image\" content=\"https:\/\/www.ladime.sk\/wp-content\/uploads\/2025\/05\/ladime_zeny_Boho_saty_fialova_Orchid.jpg\" \/>\n\t<meta property=\"og:image:width\" content=\"1280\" \/>\n\t<meta property=\"og:image:height\" content=\"1920\" \/>\n\t<meta property=\"og:image:type\" content=\"image\/jpeg\" \/>\n<meta name=\"twitter:card\" content=\"summary_large_image\" \/>\n<meta name=\"twitter:label1\" content=\"Odhadovan\u00e1 doba \u010dten\u00ed\" \/>\n\t<meta name=\"twitter:data1\" content=\"2 minuty\" \/>\n<script type=\"application\/ld+json\" class=\"yoast-schema-graph\">{\"@context\":\"https:\\\/\\\/schema.org\",\"@graph\":[{\"@type\":\"WebPage\",\"@id\":\"https:\\\/\\\/www.ladime.sk\\\/zeny\\\/damske-saty\\\/damske-organic-saty-orchid\\\/\",\"url\":\"https:\\\/\\\/www.ladime.sk\\\/zeny\\\/damske-saty\\\/damske-organic-saty-orchid\\\/\",\"name\":\"D\u00e1mske ORGANIC boho \u0161aty Orchid - ladime.sk\",\"isPartOf\":{\"@id\":\"https:\\\/\\\/www.ladime.sk\\\/#website\"},\"primaryImageOfPage\":{\"@id\":\"https:\\\/\\\/www.ladime.sk\\\/zeny\\\/damske-saty\\\/damske-organic-saty-orchid\\\/#primaryimage\"},\"image\":{\"@id\":\"https:\\\/\\\/www.ladime.sk\\\/zeny\\\/damske-saty\\\/damske-organic-saty-orchid\\\/#primaryimage\"},\"thumbnailUrl\":\"https:\\\/\\\/www.ladime.sk\\\/wp-content\\\/uploads\\\/2025\\\/05\\\/ladime_zeny_Boho_saty_fialova_Orchid.jpg\",\"datePublished\":\"2025-05-19T12:08:53+00:00\",\"dateModified\":\"2026-03-19T09:31:15+00:00\",\"description\":\"D\u00e1mske ORGANIC boho \u0161aty Orchid maj\u00fa ve\u013emi \u017eensk\u00fd strih, ktor\u00fd zv\u00fdrazn\u00ed kr\u00e1su va\u0161ej postavy. Ru\u010dne \u0161it\u00e9 z biobavlny s certifik\u00e1tom.\",\"breadcrumb\":{\"@id\":\"https:\\\/\\\/www.ladime.sk\\\/zeny\\\/damske-saty\\\/damske-organic-saty-orchid\\\/#breadcrumb\"},\"inLanguage\":\"cs\",\"potentialAction\":[{\"@type\":\"ReadAction\",\"target\":[\"https:\\\/\\\/www.ladime.sk\\\/zeny\\\/damske-saty\\\/damske-organic-saty-orchid\\\/\"]}]},{\"@type\":\"ImageObject\",\"inLanguage\":\"cs\",\"@id\":\"https:\\\/\\\/www.ladime.sk\\\/zeny\\\/damske-saty\\\/damske-organic-saty-orchid\\\/#primaryimage\",\"url\":\"https:\\\/\\\/www.ladime.sk\\\/wp-content\\\/uploads\\\/2025\\\/05\\\/ladime_zeny_Boho_saty_fialova_Orchid.jpg\",\"contentUrl\":\"https:\\\/\\\/www.ladime.sk\\\/wp-content\\\/uploads\\\/2025\\\/05\\\/ladime_zeny_Boho_saty_fialova_Orchid.jpg\",\"width\":1280,\"height\":1920},{\"@type\":\"BreadcrumbList\",\"@id\":\"https:\\\/\\\/www.ladime.sk\\\/zeny\\\/damske-saty\\\/damske-organic-saty-orchid\\\/#breadcrumb\",\"itemListElement\":[{\"@type\":\"ListItem\",\"position\":1,\"name\":\"\u00davod\",\"item\":\"https:\\\/\\\/www.ladime.sk\\\/\"},{\"@type\":\"ListItem\",\"position\":2,\"name\":\"Obchod\",\"item\":\"https:\\\/\\\/www.ladime.sk\\\/cs\\\/shop-cs\\\/\"},{\"@type\":\"ListItem\",\"position\":3,\"name\":\"D\u00e1mske ORGANIC boho \u0161aty Orchid\"}]},{\"@type\":\"WebSite\",\"@id\":\"https:\\\/\\\/www.ladime.sk\\\/#website\",\"url\":\"https:\\\/\\\/www.ladime.sk\\\/\",\"name\":\"ladime.sk\",\"description\":\"Ke\u010f lad\u00edme so svetom, mysl\u00edme na bud\u00facnos\u0165.\",\"publisher\":{\"@id\":\"https:\\\/\\\/www.ladime.sk\\\/#organization\"},\"potentialAction\":[{\"@type\":\"SearchAction\",\"target\":{\"@type\":\"EntryPoint\",\"urlTemplate\":\"https:\\\/\\\/www.ladime.sk\\\/?s={search_term_string}\"},\"query-input\":{\"@type\":\"PropertyValueSpecification\",\"valueRequired\":true,\"valueName\":\"search_term_string\"}}],\"inLanguage\":\"cs\"},{\"@type\":\"Organization\",\"@id\":\"https:\\\/\\\/www.ladime.sk\\\/#organization\",\"name\":\"Lad\u00edme\",\"url\":\"https:\\\/\\\/www.ladime.sk\\\/\",\"logo\":{\"@type\":\"ImageObject\",\"inLanguage\":\"cs\",\"@id\":\"https:\\\/\\\/www.ladime.sk\\\/#\\\/schema\\\/logo\\\/image\\\/\",\"url\":\"https:\\\/\\\/www.ladime.sk\\\/wp-content\\\/uploads\\\/2021\\\/08\\\/logo_ladime.svg\",\"contentUrl\":\"https:\\\/\\\/www.ladime.sk\\\/wp-content\\\/uploads\\\/2021\\\/08\\\/logo_ladime.svg\",\"width\":366,\"height\":185,\"caption\":\"Lad\u00edme\"},\"image\":{\"@id\":\"https:\\\/\\\/www.ladime.sk\\\/#\\\/schema\\\/logo\\\/image\\\/\"}}]}<\/script>\n<!-- \/ Yoast SEO plugin. -->","yoast_head_json":{"title":"D\u00e1mske ORGANIC boho \u0161aty Orchid - ladime.sk","description":"D\u00e1mske ORGANIC boho \u0161aty Orchid maj\u00fa ve\u013emi \u017eensk\u00fd strih, ktor\u00fd zv\u00fdrazn\u00ed kr\u00e1su va\u0161ej postavy. Ru\u010dne \u0161it\u00e9 z biobavlny s certifik\u00e1tom.","robots":{"index":"index","follow":"follow","max-snippet":"max-snippet:-1","max-image-preview":"max-image-preview:large","max-video-preview":"max-video-preview:-1"},"canonical":"https:\/\/www.ladime.sk\/zeny\/damske-saty\/damske-organic-saty-orchid\/","og_locale":"cs_CZ","og_type":"article","og_title":"D\u00e1mske ORGANIC boho \u0161aty Orchid - ladime.sk","og_description":"D\u00e1mske ORGANIC boho \u0161aty Orchid maj\u00fa ve\u013emi \u017eensk\u00fd strih, ktor\u00fd zv\u00fdrazn\u00ed kr\u00e1su va\u0161ej postavy. Ru\u010dne \u0161it\u00e9 z biobavlny s certifik\u00e1tom.","og_url":"https:\/\/www.ladime.sk\/zeny\/damske-saty\/damske-organic-saty-orchid\/","og_site_name":"ladime.sk","article_modified_time":"2026-03-19T09:31:15+00:00","og_image":[{"width":1280,"height":1920,"url":"https:\/\/www.ladime.sk\/wp-content\/uploads\/2025\/05\/ladime_zeny_Boho_saty_fialova_Orchid.jpg","type":"image\/jpeg"}],"twitter_card":"summary_large_image","twitter_misc":{"Odhadovan\u00e1 doba \u010dten\u00ed":"2 minuty"},"schema":{"@context":"https:\/\/schema.org","@graph":[{"@type":"WebPage","@id":"https:\/\/www.ladime.sk\/zeny\/damske-saty\/damske-organic-saty-orchid\/","url":"https:\/\/www.ladime.sk\/zeny\/damske-saty\/damske-organic-saty-orchid\/","name":"D\u00e1mske ORGANIC boho \u0161aty Orchid - ladime.sk","isPartOf":{"@id":"https:\/\/www.ladime.sk\/#website"},"primaryImageOfPage":{"@id":"https:\/\/www.ladime.sk\/zeny\/damske-saty\/damske-organic-saty-orchid\/#primaryimage"},"image":{"@id":"https:\/\/www.ladime.sk\/zeny\/damske-saty\/damske-organic-saty-orchid\/#primaryimage"},"thumbnailUrl":"https:\/\/www.ladime.sk\/wp-content\/uploads\/2025\/05\/ladime_zeny_Boho_saty_fialova_Orchid.jpg","datePublished":"2025-05-19T12:08:53+00:00","dateModified":"2026-03-19T09:31:15+00:00","description":"D\u00e1mske ORGANIC boho \u0161aty Orchid maj\u00fa ve\u013emi \u017eensk\u00fd strih, ktor\u00fd zv\u00fdrazn\u00ed kr\u00e1su va\u0161ej postavy. Ru\u010dne \u0161it\u00e9 z biobavlny s certifik\u00e1tom.","breadcrumb":{"@id":"https:\/\/www.ladime.sk\/zeny\/damske-saty\/damske-organic-saty-orchid\/#breadcrumb"},"inLanguage":"cs","potentialAction":[{"@type":"ReadAction","target":["https:\/\/www.ladime.sk\/zeny\/damske-saty\/damske-organic-saty-orchid\/"]}]},{"@type":"ImageObject","inLanguage":"cs","@id":"https:\/\/www.ladime.sk\/zeny\/damske-saty\/damske-organic-saty-orchid\/#primaryimage","url":"https:\/\/www.ladime.sk\/wp-content\/uploads\/2025\/05\/ladime_zeny_Boho_saty_fialova_Orchid.jpg","contentUrl":"https:\/\/www.ladime.sk\/wp-content\/uploads\/2025\/05\/ladime_zeny_Boho_saty_fialova_Orchid.jpg","width":1280,"height":1920},{"@type":"BreadcrumbList","@id":"https:\/\/www.ladime.sk\/zeny\/damske-saty\/damske-organic-saty-orchid\/#breadcrumb","itemListElement":[{"@type":"ListItem","position":1,"name":"\u00davod","item":"https:\/\/www.ladime.sk\/"},{"@type":"ListItem","position":2,"name":"Obchod","item":"https:\/\/www.ladime.sk\/cs\/shop-cs\/"},{"@type":"ListItem","position":3,"name":"D\u00e1mske ORGANIC boho \u0161aty Orchid"}]},{"@type":"WebSite","@id":"https:\/\/www.ladime.sk\/#website","url":"https:\/\/www.ladime.sk\/","name":"ladime.sk","description":"Ke\u010f lad\u00edme so svetom, mysl\u00edme na bud\u00facnos\u0165.","publisher":{"@id":"https:\/\/www.ladime.sk\/#organization"},"potentialAction":[{"@type":"SearchAction","target":{"@type":"EntryPoint","urlTemplate":"https:\/\/www.ladime.sk\/?s={search_term_string}"},"query-input":{"@type":"PropertyValueSpecification","valueRequired":true,"valueName":"search_term_string"}}],"inLanguage":"cs"},{"@type":"Organization","@id":"https:\/\/www.ladime.sk\/#organization","name":"Lad\u00edme","url":"https:\/\/www.ladime.sk\/","logo":{"@type":"ImageObject","inLanguage":"cs","@id":"https:\/\/www.ladime.sk\/#\/schema\/logo\/image\/","url":"https:\/\/www.ladime.sk\/wp-content\/uploads\/2021\/08\/logo_ladime.svg","contentUrl":"https:\/\/www.ladime.sk\/wp-content\/uploads\/2021\/08\/logo_ladime.svg","width":366,"height":185,"caption":"Lad\u00edme"},"image":{"@id":"https:\/\/www.ladime.sk\/#\/schema\/logo\/image\/"}}]}},"_links":{"self":[{"href":"https:\/\/www.ladime.sk\/cs\/wp-json\/wp\/v2\/product\/5683138","targetHints":{"allow":["GET"]}}],"collection":[{"href":"https:\/\/www.ladime.sk\/cs\/wp-json\/wp\/v2\/product"}],"about":[{"href":"https:\/\/www.ladime.sk\/cs\/wp-json\/wp\/v2\/types\/product"}],"replies":[{"embeddable":true,"href":"https:\/\/www.ladime.sk\/cs\/wp-json\/wp\/v2\/comments?post=5683138"}],"version-history":[{"count":0,"href":"https:\/\/www.ladime.sk\/cs\/wp-json\/wp\/v2\/product\/5683138\/revisions"}],"wp:featuredmedia":[{"embeddable":true,"href":"https:\/\/www.ladime.sk\/cs\/wp-json\/wp\/v2\/media\/5683142"}],"wp:attachment":[{"href":"https:\/\/www.ladime.sk\/cs\/wp-json\/wp\/v2\/media?parent=5683138"}],"wp:term":[{"taxonomy":"product_brand","embeddable":true,"href":"https:\/\/www.ladime.sk\/cs\/wp-json\/wp\/v2\/product_brand?post=5683138"},{"taxonomy":"product_cat","embeddable":true,"href":"https:\/\/www.ladime.sk\/cs\/wp-json\/wp\/v2\/product_cat?post=5683138"},{"taxonomy":"product_tag","embeddable":true,"href":"https:\/\/www.ladime.sk\/cs\/wp-json\/wp\/v2\/product_tag?post=5683138"}],"curies":[{"name":"wp","href":"https:\/\/api.w.org\/{rel}","templated":true}]}}