{"id":5682721,"date":"2024-11-07T13:50:06","date_gmt":"2024-11-07T12:50:06","guid":{"rendered":"https:\/\/www.ladime.sk\/?post_type=product&#038;p=5682721"},"modified":"2026-01-21T09:01:26","modified_gmt":"2026-01-21T08:01:26","slug":"damske-mencestrove-nohavice-trine-s-vyraznym-pasom","status":"publish","type":"product","link":"https:\/\/www.ladime.sk\/cs\/zeny\/damske-nohavice\/damske-mencestrove-nohavice-trine-s-vyraznym-pasom\/","title":{"rendered":"D\u00e1mske men\u010destrov\u00e9 nohavice Trine s v\u00fdrazn\u00fdm p\u00e1som"},"content":{"rendered":"<div class=\"kvgmc6g5 cxmmr5t8 oygrvhab hcukyx3x c1et5uql\">\n<div class=\"kvgmc6g5 cxmmr5t8 oygrvhab hcukyx3x c1et5uql\">\n<h2>D\u00e1mske men\u010destrov\u00e9 nohavice Trine s tvaruj\u00facim p\u00e1som<\/h2>\n<p>Tieto <strong><a href=\"https:\/\/www.ladime.sk\/zeny\/damske-nohavice\/\">nad\u010dasov\u00e9 d\u00e1mske nohavice<\/a><\/strong> maj\u00fa klasick\u00fd sed, v\u00fdrazn\u00fd tvaruj\u00faci p\u00e1s a ich vzh\u013ead osvie\u017euje taktie\u017e zauj\u00edmav\u00e9 pre\u0161itie , ktor\u00e9 pritiahne pozornos\u0165 na va\u0161e nohy. Kombinova\u0165 ich m\u00f4\u017eete s bl\u00fazkou alebo <strong><a href=\"https:\/\/www.ladime.sk\/kategoria\/zeny\/topy\/\">topom<\/a><\/strong> z\u00a0na\u0161ej ponuky, kr\u00e1sne vynikn\u00fa s\u00a0teniskami aj lodi\u010dkami.<\/p>\n<p><strong>Pomal\u00e1 m\u00f3da<\/strong> vytv\u00e1ra nad\u010dasov\u00e9 k\u00fasky, preto sme aj pri v\u00fdrobe t\u00fdchto nohav\u00edc siahli po kvalitnom jemnom elastickom men\u010destri. Tieto nohavice s\u00fa navrhnut\u00e9 tak, aby zv\u00fdraznili va\u0161u \u017eenskos\u0165 a dodali v\u00e1m \u0161t\u00fdlov\u00fd a sofistikovan\u00fd vzh\u013ead. Men\u010dester, z ktor\u00e9ho s\u00fa nohavice vyroben\u00e9, je mimoriadne pr\u00edjemn\u00fd na nosenie, \u010d\u00edm zabezpe\u010duje maxim\u00e1lny komfort po cel\u00fd de\u0148.\u00a0 Pr\u00e1ve preto sme sa rozhodli zaodie\u0165 do tejto nesmrte\u013enej l\u00e1tky aj v\u00e1s. S na\u0161imi extravagantn\u00fdmi men\u010destrov\u00fdmi nohavicami sa stanete stredobodom pozornosti, nech u\u017e ich nos\u00edte kdeko\u013evek!<\/p>\n<\/div>\n<div class=\"o9v6fnle cxmmr5t8 oygrvhab hcukyx3x c1et5uql\"><\/div>\n<div class=\"o9v6fnle cxmmr5t8 oygrvhab hcukyx3x c1et5uql\">Modelka Mia m\u00e1 oble\u010den\u00fa ve\u013ekos\u0165 36. V\u00fd\u0161ka modelky: 163cm a miery: 90-70-92<\/div>\n<\/div>\n","protected":false},"excerpt":{"rendered":"<div>UDR\u017dATE\u013dN\u00dd K\u00daSOK<\/div>\n<div>\n<p>Vyjdite z priemeru a siahnite po originalite. <strong>D\u00e1mske men\u010destrov\u00e9 nohavice Trine<\/strong> osvie\u017een\u00e9 elegantn\u00fdm pre\u0161\u00edvan\u00edm okam\u017eite pritiahnu pozornos\u0165. Men\u010dester, z ktor\u00e9ho s\u00fa nohavice vyroben\u00e9, je mimoriadne pr\u00edjemn\u00fd na nosenie, \u010d\u00edm zabezpe\u010duje maxim\u00e1lny komfort po cel\u00fd de\u0148.<\/p>\n<\/div>\n<div><\/div>\n<div><\/div>\n<div class=\"o9v6fnle cxmmr5t8 oygrvhab hcukyx3x c1et5uql\"><strong>Materi\u00e1lov\u00e9 zlo\u017eenie:<\/strong> 70% bavlna 28% polyester 2% elastan<\/div>\n<div>\n<p>&nbsp;<\/p>\n<\/div>\n<div><\/div>\n<div><\/div>\n<div><\/div>\n<div class=\"o9v6fnle cxmmr5t8 oygrvhab hcukyx3x c1et5uql\"><\/div>\n","protected":false},"featured_media":5682724,"comment_status":"open","ping_status":"closed","template":"","meta":{"_acf_changed":false,"inline_featured_image":false},"product_brand":[],"product_cat":[88],"product_tag":[],"class_list":{"0":"post-5682721","1":"product","2":"type-product","3":"status-publish","4":"has-post-thumbnail","6":"product_cat-damske-nohavice","8":"first","9":"instock","10":"shipping-taxable","11":"purchasable","12":"product-type-variable","13":"wvs-archive-product-wrapper"},"acf":[],"yoast_head":"<!-- This site is optimized with the Yoast SEO plugin v27.4 - https:\/\/yoast.com\/product\/yoast-seo-wordpress\/ -->\n<title>D\u00e1mske men\u010destrov\u00e9 nohavice Trine s v\u00fdrazn\u00fdm p\u00e1som - ladime.sk<\/title>\n<meta name=\"description\" content=\"Vyjdite z priemeru a siahnite po originalite. D\u00e1mske men\u010destrov\u00e9 nohavice Trine osvie\u017een\u00e9 elegantn\u00fdm pre\u0161\u00edvan\u00edm okam\u017eite pritiahnu pozornos\u0165.\" \/>\n<meta name=\"robots\" content=\"index, follow, max-snippet:-1, max-image-preview:large, max-video-preview:-1\" \/>\n<link rel=\"canonical\" href=\"https:\/\/www.ladime.sk\/zeny\/damske-nohavice\/damske-mencestrove-nohavice-trine-s-vyraznym-pasom\/\" \/>\n<meta property=\"og:locale\" content=\"cs_CZ\" \/>\n<meta property=\"og:type\" content=\"article\" \/>\n<meta property=\"og:title\" content=\"D\u00e1mske men\u010destrov\u00e9 nohavice Trine s v\u00fdrazn\u00fdm p\u00e1som - ladime.sk\" \/>\n<meta property=\"og:description\" content=\"Vyjdite z priemeru a siahnite po originalite. D\u00e1mske men\u010destrov\u00e9 nohavice Trine osvie\u017een\u00e9 elegantn\u00fdm pre\u0161\u00edvan\u00edm okam\u017eite pritiahnu pozornos\u0165.\" \/>\n<meta property=\"og:url\" content=\"https:\/\/www.ladime.sk\/zeny\/damske-nohavice\/damske-mencestrove-nohavice-trine-s-vyraznym-pasom\/\" \/>\n<meta property=\"og:site_name\" content=\"ladime.sk\" \/>\n<meta property=\"article:modified_time\" content=\"2026-01-21T08:01:26+00:00\" \/>\n<meta property=\"og:image\" content=\"https:\/\/www.ladime.sk\/wp-content\/uploads\/2024\/11\/ladime_zeny_nohavice_mencester_cierna_moda_buducnosti.jpg\" \/>\n\t<meta property=\"og:image:width\" content=\"805\" \/>\n\t<meta property=\"og:image:height\" content=\"1006\" \/>\n\t<meta property=\"og:image:type\" content=\"image\/jpeg\" \/>\n<meta name=\"twitter:card\" content=\"summary_large_image\" \/>\n<meta name=\"twitter:label1\" content=\"Odhadovan\u00e1 doba \u010dten\u00ed\" \/>\n\t<meta name=\"twitter:data1\" content=\"1 minuta\" \/>\n<script type=\"application\/ld+json\" class=\"yoast-schema-graph\">{\"@context\":\"https:\\\/\\\/schema.org\",\"@graph\":[{\"@type\":\"WebPage\",\"@id\":\"https:\\\/\\\/www.ladime.sk\\\/zeny\\\/damske-nohavice\\\/damske-mencestrove-nohavice-trine-s-vyraznym-pasom\\\/\",\"url\":\"https:\\\/\\\/www.ladime.sk\\\/zeny\\\/damske-nohavice\\\/damske-mencestrove-nohavice-trine-s-vyraznym-pasom\\\/\",\"name\":\"D\u00e1mske men\u010destrov\u00e9 nohavice Trine s v\u00fdrazn\u00fdm p\u00e1som - ladime.sk\",\"isPartOf\":{\"@id\":\"https:\\\/\\\/www.ladime.sk\\\/#website\"},\"primaryImageOfPage\":{\"@id\":\"https:\\\/\\\/www.ladime.sk\\\/zeny\\\/damske-nohavice\\\/damske-mencestrove-nohavice-trine-s-vyraznym-pasom\\\/#primaryimage\"},\"image\":{\"@id\":\"https:\\\/\\\/www.ladime.sk\\\/zeny\\\/damske-nohavice\\\/damske-mencestrove-nohavice-trine-s-vyraznym-pasom\\\/#primaryimage\"},\"thumbnailUrl\":\"https:\\\/\\\/www.ladime.sk\\\/wp-content\\\/uploads\\\/2024\\\/11\\\/ladime_zeny_nohavice_mencester_cierna_moda_buducnosti.jpg\",\"datePublished\":\"2024-11-07T12:50:06+00:00\",\"dateModified\":\"2026-01-21T08:01:26+00:00\",\"description\":\"Vyjdite z priemeru a siahnite po originalite. D\u00e1mske men\u010destrov\u00e9 nohavice Trine osvie\u017een\u00e9 elegantn\u00fdm pre\u0161\u00edvan\u00edm okam\u017eite pritiahnu pozornos\u0165.\",\"breadcrumb\":{\"@id\":\"https:\\\/\\\/www.ladime.sk\\\/zeny\\\/damske-nohavice\\\/damske-mencestrove-nohavice-trine-s-vyraznym-pasom\\\/#breadcrumb\"},\"inLanguage\":\"cs\",\"potentialAction\":[{\"@type\":\"ReadAction\",\"target\":[\"https:\\\/\\\/www.ladime.sk\\\/zeny\\\/damske-nohavice\\\/damske-mencestrove-nohavice-trine-s-vyraznym-pasom\\\/\"]}]},{\"@type\":\"ImageObject\",\"inLanguage\":\"cs\",\"@id\":\"https:\\\/\\\/www.ladime.sk\\\/zeny\\\/damske-nohavice\\\/damske-mencestrove-nohavice-trine-s-vyraznym-pasom\\\/#primaryimage\",\"url\":\"https:\\\/\\\/www.ladime.sk\\\/wp-content\\\/uploads\\\/2024\\\/11\\\/ladime_zeny_nohavice_mencester_cierna_moda_buducnosti.jpg\",\"contentUrl\":\"https:\\\/\\\/www.ladime.sk\\\/wp-content\\\/uploads\\\/2024\\\/11\\\/ladime_zeny_nohavice_mencester_cierna_moda_buducnosti.jpg\",\"width\":805,\"height\":1006},{\"@type\":\"BreadcrumbList\",\"@id\":\"https:\\\/\\\/www.ladime.sk\\\/zeny\\\/damske-nohavice\\\/damske-mencestrove-nohavice-trine-s-vyraznym-pasom\\\/#breadcrumb\",\"itemListElement\":[{\"@type\":\"ListItem\",\"position\":1,\"name\":\"\u00davod\",\"item\":\"https:\\\/\\\/www.ladime.sk\\\/\"},{\"@type\":\"ListItem\",\"position\":2,\"name\":\"Obchod\",\"item\":\"https:\\\/\\\/www.ladime.sk\\\/cs\\\/shop-cs\\\/\"},{\"@type\":\"ListItem\",\"position\":3,\"name\":\"D\u00e1mske men\u010destrov\u00e9 nohavice Trine s v\u00fdrazn\u00fdm p\u00e1som\"}]},{\"@type\":\"WebSite\",\"@id\":\"https:\\\/\\\/www.ladime.sk\\\/#website\",\"url\":\"https:\\\/\\\/www.ladime.sk\\\/\",\"name\":\"ladime.sk\",\"description\":\"Ke\u010f lad\u00edme so svetom, mysl\u00edme na bud\u00facnos\u0165.\",\"publisher\":{\"@id\":\"https:\\\/\\\/www.ladime.sk\\\/#organization\"},\"potentialAction\":[{\"@type\":\"SearchAction\",\"target\":{\"@type\":\"EntryPoint\",\"urlTemplate\":\"https:\\\/\\\/www.ladime.sk\\\/?s={search_term_string}\"},\"query-input\":{\"@type\":\"PropertyValueSpecification\",\"valueRequired\":true,\"valueName\":\"search_term_string\"}}],\"inLanguage\":\"cs\"},{\"@type\":\"Organization\",\"@id\":\"https:\\\/\\\/www.ladime.sk\\\/#organization\",\"name\":\"Lad\u00edme\",\"url\":\"https:\\\/\\\/www.ladime.sk\\\/\",\"logo\":{\"@type\":\"ImageObject\",\"inLanguage\":\"cs\",\"@id\":\"https:\\\/\\\/www.ladime.sk\\\/#\\\/schema\\\/logo\\\/image\\\/\",\"url\":\"https:\\\/\\\/www.ladime.sk\\\/wp-content\\\/uploads\\\/2021\\\/08\\\/logo_ladime.svg\",\"contentUrl\":\"https:\\\/\\\/www.ladime.sk\\\/wp-content\\\/uploads\\\/2021\\\/08\\\/logo_ladime.svg\",\"width\":366,\"height\":185,\"caption\":\"Lad\u00edme\"},\"image\":{\"@id\":\"https:\\\/\\\/www.ladime.sk\\\/#\\\/schema\\\/logo\\\/image\\\/\"}}]}<\/script>\n<!-- \/ Yoast SEO plugin. -->","yoast_head_json":{"title":"D\u00e1mske men\u010destrov\u00e9 nohavice Trine s v\u00fdrazn\u00fdm p\u00e1som - ladime.sk","description":"Vyjdite z priemeru a siahnite po originalite. D\u00e1mske men\u010destrov\u00e9 nohavice Trine osvie\u017een\u00e9 elegantn\u00fdm pre\u0161\u00edvan\u00edm okam\u017eite pritiahnu pozornos\u0165.","robots":{"index":"index","follow":"follow","max-snippet":"max-snippet:-1","max-image-preview":"max-image-preview:large","max-video-preview":"max-video-preview:-1"},"canonical":"https:\/\/www.ladime.sk\/zeny\/damske-nohavice\/damske-mencestrove-nohavice-trine-s-vyraznym-pasom\/","og_locale":"cs_CZ","og_type":"article","og_title":"D\u00e1mske men\u010destrov\u00e9 nohavice Trine s v\u00fdrazn\u00fdm p\u00e1som - ladime.sk","og_description":"Vyjdite z priemeru a siahnite po originalite. D\u00e1mske men\u010destrov\u00e9 nohavice Trine osvie\u017een\u00e9 elegantn\u00fdm pre\u0161\u00edvan\u00edm okam\u017eite pritiahnu pozornos\u0165.","og_url":"https:\/\/www.ladime.sk\/zeny\/damske-nohavice\/damske-mencestrove-nohavice-trine-s-vyraznym-pasom\/","og_site_name":"ladime.sk","article_modified_time":"2026-01-21T08:01:26+00:00","og_image":[{"width":805,"height":1006,"url":"https:\/\/www.ladime.sk\/wp-content\/uploads\/2024\/11\/ladime_zeny_nohavice_mencester_cierna_moda_buducnosti.jpg","type":"image\/jpeg"}],"twitter_card":"summary_large_image","twitter_misc":{"Odhadovan\u00e1 doba \u010dten\u00ed":"1 minuta"},"schema":{"@context":"https:\/\/schema.org","@graph":[{"@type":"WebPage","@id":"https:\/\/www.ladime.sk\/zeny\/damske-nohavice\/damske-mencestrove-nohavice-trine-s-vyraznym-pasom\/","url":"https:\/\/www.ladime.sk\/zeny\/damske-nohavice\/damske-mencestrove-nohavice-trine-s-vyraznym-pasom\/","name":"D\u00e1mske men\u010destrov\u00e9 nohavice Trine s v\u00fdrazn\u00fdm p\u00e1som - ladime.sk","isPartOf":{"@id":"https:\/\/www.ladime.sk\/#website"},"primaryImageOfPage":{"@id":"https:\/\/www.ladime.sk\/zeny\/damske-nohavice\/damske-mencestrove-nohavice-trine-s-vyraznym-pasom\/#primaryimage"},"image":{"@id":"https:\/\/www.ladime.sk\/zeny\/damske-nohavice\/damske-mencestrove-nohavice-trine-s-vyraznym-pasom\/#primaryimage"},"thumbnailUrl":"https:\/\/www.ladime.sk\/wp-content\/uploads\/2024\/11\/ladime_zeny_nohavice_mencester_cierna_moda_buducnosti.jpg","datePublished":"2024-11-07T12:50:06+00:00","dateModified":"2026-01-21T08:01:26+00:00","description":"Vyjdite z priemeru a siahnite po originalite. D\u00e1mske men\u010destrov\u00e9 nohavice Trine osvie\u017een\u00e9 elegantn\u00fdm pre\u0161\u00edvan\u00edm okam\u017eite pritiahnu pozornos\u0165.","breadcrumb":{"@id":"https:\/\/www.ladime.sk\/zeny\/damske-nohavice\/damske-mencestrove-nohavice-trine-s-vyraznym-pasom\/#breadcrumb"},"inLanguage":"cs","potentialAction":[{"@type":"ReadAction","target":["https:\/\/www.ladime.sk\/zeny\/damske-nohavice\/damske-mencestrove-nohavice-trine-s-vyraznym-pasom\/"]}]},{"@type":"ImageObject","inLanguage":"cs","@id":"https:\/\/www.ladime.sk\/zeny\/damske-nohavice\/damske-mencestrove-nohavice-trine-s-vyraznym-pasom\/#primaryimage","url":"https:\/\/www.ladime.sk\/wp-content\/uploads\/2024\/11\/ladime_zeny_nohavice_mencester_cierna_moda_buducnosti.jpg","contentUrl":"https:\/\/www.ladime.sk\/wp-content\/uploads\/2024\/11\/ladime_zeny_nohavice_mencester_cierna_moda_buducnosti.jpg","width":805,"height":1006},{"@type":"BreadcrumbList","@id":"https:\/\/www.ladime.sk\/zeny\/damske-nohavice\/damske-mencestrove-nohavice-trine-s-vyraznym-pasom\/#breadcrumb","itemListElement":[{"@type":"ListItem","position":1,"name":"\u00davod","item":"https:\/\/www.ladime.sk\/"},{"@type":"ListItem","position":2,"name":"Obchod","item":"https:\/\/www.ladime.sk\/cs\/shop-cs\/"},{"@type":"ListItem","position":3,"name":"D\u00e1mske men\u010destrov\u00e9 nohavice Trine s v\u00fdrazn\u00fdm p\u00e1som"}]},{"@type":"WebSite","@id":"https:\/\/www.ladime.sk\/#website","url":"https:\/\/www.ladime.sk\/","name":"ladime.sk","description":"Ke\u010f lad\u00edme so svetom, mysl\u00edme na bud\u00facnos\u0165.","publisher":{"@id":"https:\/\/www.ladime.sk\/#organization"},"potentialAction":[{"@type":"SearchAction","target":{"@type":"EntryPoint","urlTemplate":"https:\/\/www.ladime.sk\/?s={search_term_string}"},"query-input":{"@type":"PropertyValueSpecification","valueRequired":true,"valueName":"search_term_string"}}],"inLanguage":"cs"},{"@type":"Organization","@id":"https:\/\/www.ladime.sk\/#organization","name":"Lad\u00edme","url":"https:\/\/www.ladime.sk\/","logo":{"@type":"ImageObject","inLanguage":"cs","@id":"https:\/\/www.ladime.sk\/#\/schema\/logo\/image\/","url":"https:\/\/www.ladime.sk\/wp-content\/uploads\/2021\/08\/logo_ladime.svg","contentUrl":"https:\/\/www.ladime.sk\/wp-content\/uploads\/2021\/08\/logo_ladime.svg","width":366,"height":185,"caption":"Lad\u00edme"},"image":{"@id":"https:\/\/www.ladime.sk\/#\/schema\/logo\/image\/"}}]}},"_links":{"self":[{"href":"https:\/\/www.ladime.sk\/cs\/wp-json\/wp\/v2\/product\/5682721","targetHints":{"allow":["GET"]}}],"collection":[{"href":"https:\/\/www.ladime.sk\/cs\/wp-json\/wp\/v2\/product"}],"about":[{"href":"https:\/\/www.ladime.sk\/cs\/wp-json\/wp\/v2\/types\/product"}],"replies":[{"embeddable":true,"href":"https:\/\/www.ladime.sk\/cs\/wp-json\/wp\/v2\/comments?post=5682721"}],"version-history":[{"count":0,"href":"https:\/\/www.ladime.sk\/cs\/wp-json\/wp\/v2\/product\/5682721\/revisions"}],"wp:featuredmedia":[{"embeddable":true,"href":"https:\/\/www.ladime.sk\/cs\/wp-json\/wp\/v2\/media\/5682724"}],"wp:attachment":[{"href":"https:\/\/www.ladime.sk\/cs\/wp-json\/wp\/v2\/media?parent=5682721"}],"wp:term":[{"taxonomy":"product_brand","embeddable":true,"href":"https:\/\/www.ladime.sk\/cs\/wp-json\/wp\/v2\/product_brand?post=5682721"},{"taxonomy":"product_cat","embeddable":true,"href":"https:\/\/www.ladime.sk\/cs\/wp-json\/wp\/v2\/product_cat?post=5682721"},{"taxonomy":"product_tag","embeddable":true,"href":"https:\/\/www.ladime.sk\/cs\/wp-json\/wp\/v2\/product_tag?post=5682721"}],"curies":[{"name":"wp","href":"https:\/\/api.w.org\/{rel}","templated":true}]}}