{"id":5682705,"date":"2024-11-07T13:50:03","date_gmt":"2024-11-07T12:50:03","guid":{"rendered":"https:\/\/www.ladime.sk\/?post_type=product&#038;p=5682705"},"modified":"2025-11-25T13:24:36","modified_gmt":"2025-11-25T12:24:36","slug":"damske-mencestrove-nohavice-andrea","status":"publish","type":"product","link":"https:\/\/www.ladime.sk\/cs\/zeny\/damske-nohavice\/damske-mencestrove-nohavice-andrea\/","title":{"rendered":"D\u00e1mske men\u010destrov\u00e9 nohavice Andrea"},"content":{"rendered":"<p><strong>Men\u010destrov\u00e1 Elegancia &#8211;\u00a0 Nohavice pre Sofistikovan\u00fa \u017denskos\u0165<\/strong><\/p>\n<p>Uvo\u013enite svoju vn\u00fatorn\u00fa \u017eenskos\u0165 s na\u0161imi jemn\u00fdmi <strong>zamatov\u00fdmi men\u010destrov\u00fdmi nohavicam<\/strong>i. Tieto nohavice nie s\u00fa iba o oble\u010den\u00ed, s\u00fa umeleck\u00fd prejav, ru\u010dne vyroben\u00e9 v srdci Slovenska, ktor\u00fd zd\u00f4raz\u0148uje kr\u00e1su \u017eenskej elegancie.<\/p>\n<p>Ka\u017ed\u00fd detail na t\u00fdchto nohaviciach je starostlivo premyslen\u00fd a ru\u010dne spracovan\u00fd. Pre\u0161\u00edvanie prid\u00e1va zauj\u00edmav\u00fd a origin\u00e1lny vzh\u013ead, ktor\u00fd v\u00e1m umo\u017e\u0148uje vynikn\u00fa\u0165 z davu. Tieto nohavice s\u00fa viac ne\u017e len o m\u00f3de, s\u00fa o jedine\u010dnosti. S hrdos\u0165ou nes\u00fa pe\u010diatku<strong> slovenskej zna\u010dky<\/strong>, ktor\u00e1 sa zaviazala k <strong>udr\u017eate\u013en\u00e9mu dizajnu<\/strong> a <strong>pomalej m\u00f3de<\/strong>.<\/p>\n<p>Kombinovate\u013enos\u0165 t\u00fdchto nohav\u00edc je obdivuhodn\u00e1. M\u00f4\u017eete ich nosi\u0165 s elegantn\u00fdmi topmi pre \u0161peci\u00e1lne pr\u00edle\u017eitosti alebo s pohodln\u00fdmi tri\u010dkami pre ka\u017edodenn\u00fd vzh\u013ead. Prevezmite kontrolu nad svoj\u00edm \u0161t\u00fdlom s t\u00fdmito <strong>men\u010destrov\u00fdmi nohavicami<\/strong>, ktor\u00e9 nie s\u00fa iba o m\u00f3dnom prejave, ale aj o vyjadren\u00ed v\u00e1\u0161ho jedine\u010dn\u00e9ho ja.<\/p>\n<p>Modelka Mia m\u00e1 oble\u010den\u00fa ve\u013ekos\u0165 36. V\u00fd\u0161ka modelky: 163cm a miery: 92-70-95<\/p>\n","protected":false},"excerpt":{"rendered":"<p>Oble\u010dte si <strong>d\u00e1mske men\u010destrov\u00e9 nohavice Andrea<\/strong>, ktor\u00e9 zd\u00f4raz\u0148uj\u00fa udr\u017eate\u013enos\u0165 a originalitu. Ich v\u00fdrazn\u00e9 pre\u0161it\u00e9 detaily dod\u00e1vaj\u00fa va\u0161ej \u017eenskosti jedine\u010dn\u00fd \u0161t\u00fdl a z\u00e1rove\u0148 podporuj\u00fa<strong> slovensk\u00fa zna\u010dku<\/strong> a <strong>pomal\u00fa m\u00f3du<\/strong>. V\u010faka ich v\u0161estrannosti m\u00f4\u017eete vytvori\u0165 nezamenite\u013en\u00e9 outfity.<\/p>\n<div><\/div>\n<div><\/div>\n<div><strong>Materi\u00e1lov\u00e9 zlo\u017eenie: <\/strong>70% bavlna 28% polyester 2% elastan<\/div>\n<div>\n<div><\/div>\n<\/div>\n<div><\/div>\n<div class=\"o9v6fnle cxmmr5t8 oygrvhab hcukyx3x c1et5uql\"><\/div>\n","protected":false},"featured_media":5682712,"comment_status":"closed","ping_status":"closed","template":"","meta":{"_acf_changed":false,"inline_featured_image":false},"product_brand":[],"product_cat":[88],"product_tag":[],"class_list":{"0":"post-5682705","1":"product","2":"type-product","3":"status-publish","4":"has-post-thumbnail","6":"product_cat-damske-nohavice","8":"first","9":"instock","10":"shipping-taxable","11":"purchasable","12":"product-type-variable","13":"wvs-archive-product-wrapper"},"acf":[],"yoast_head":"<!-- This site is optimized with the Yoast SEO plugin v27.4 - https:\/\/yoast.com\/product\/yoast-seo-wordpress\/ -->\n<title>D\u00e1mske men\u010destrov\u00e9 nohavice Andrea - ladime.sk<\/title>\n<meta name=\"description\" content=\"Z\u00edskajte nohavice, ktor\u00e9 s\u00fa zosobnen\u00edm udr\u017eate\u013enosti a originality. Ich zauj\u00edmav\u00e9 detaily s pre\u0161\u00edvan\u00edm v\u00e1m dodaj\u00fa \u017eenskos\u0165 a v\u00fdrazn\u00fd \u0161t\u00fdl.\" \/>\n<meta name=\"robots\" content=\"index, follow, max-snippet:-1, max-image-preview:large, max-video-preview:-1\" \/>\n<link rel=\"canonical\" href=\"https:\/\/www.ladime.sk\/zeny\/damske-nohavice\/damske-mencestrove-nohavice-andrea\/\" \/>\n<meta property=\"og:locale\" content=\"cs_CZ\" \/>\n<meta property=\"og:type\" content=\"article\" \/>\n<meta property=\"og:title\" content=\"D\u00e1mske men\u010destrov\u00e9 nohavice Andrea - ladime.sk\" \/>\n<meta property=\"og:description\" content=\"Z\u00edskajte nohavice, ktor\u00e9 s\u00fa zosobnen\u00edm udr\u017eate\u013enosti a originality. Ich zauj\u00edmav\u00e9 detaily s pre\u0161\u00edvan\u00edm v\u00e1m dodaj\u00fa \u017eenskos\u0165 a v\u00fdrazn\u00fd \u0161t\u00fdl.\" \/>\n<meta property=\"og:url\" content=\"https:\/\/www.ladime.sk\/zeny\/damske-nohavice\/damske-mencestrove-nohavice-andrea\/\" \/>\n<meta property=\"og:site_name\" content=\"ladime.sk\" \/>\n<meta property=\"article:modified_time\" content=\"2025-11-25T12:24:36+00:00\" \/>\n<meta property=\"og:image\" content=\"https:\/\/www.ladime.sk\/wp-content\/uploads\/2024\/11\/ladime_zeny_nohavice_mencester_cierna_moda_buducnosti_6.jpg\" \/>\n\t<meta property=\"og:image:width\" content=\"805\" \/>\n\t<meta property=\"og:image:height\" content=\"1006\" \/>\n\t<meta property=\"og:image:type\" content=\"image\/jpeg\" \/>\n<meta name=\"twitter:card\" content=\"summary_large_image\" \/>\n<meta name=\"twitter:label1\" content=\"Odhadovan\u00e1 doba \u010dten\u00ed\" \/>\n\t<meta name=\"twitter:data1\" content=\"1 minuta\" \/>\n<script type=\"application\/ld+json\" class=\"yoast-schema-graph\">{\"@context\":\"https:\\\/\\\/schema.org\",\"@graph\":[{\"@type\":\"WebPage\",\"@id\":\"https:\\\/\\\/www.ladime.sk\\\/zeny\\\/damske-nohavice\\\/damske-mencestrove-nohavice-andrea\\\/\",\"url\":\"https:\\\/\\\/www.ladime.sk\\\/zeny\\\/damske-nohavice\\\/damske-mencestrove-nohavice-andrea\\\/\",\"name\":\"D\u00e1mske men\u010destrov\u00e9 nohavice Andrea - ladime.sk\",\"isPartOf\":{\"@id\":\"https:\\\/\\\/www.ladime.sk\\\/#website\"},\"primaryImageOfPage\":{\"@id\":\"https:\\\/\\\/www.ladime.sk\\\/zeny\\\/damske-nohavice\\\/damske-mencestrove-nohavice-andrea\\\/#primaryimage\"},\"image\":{\"@id\":\"https:\\\/\\\/www.ladime.sk\\\/zeny\\\/damske-nohavice\\\/damske-mencestrove-nohavice-andrea\\\/#primaryimage\"},\"thumbnailUrl\":\"https:\\\/\\\/www.ladime.sk\\\/wp-content\\\/uploads\\\/2024\\\/11\\\/ladime_zeny_nohavice_mencester_cierna_moda_buducnosti_6.jpg\",\"datePublished\":\"2024-11-07T12:50:03+00:00\",\"dateModified\":\"2025-11-25T12:24:36+00:00\",\"description\":\"Z\u00edskajte nohavice, ktor\u00e9 s\u00fa zosobnen\u00edm udr\u017eate\u013enosti a originality. Ich zauj\u00edmav\u00e9 detaily s pre\u0161\u00edvan\u00edm v\u00e1m dodaj\u00fa \u017eenskos\u0165 a v\u00fdrazn\u00fd \u0161t\u00fdl.\",\"breadcrumb\":{\"@id\":\"https:\\\/\\\/www.ladime.sk\\\/zeny\\\/damske-nohavice\\\/damske-mencestrove-nohavice-andrea\\\/#breadcrumb\"},\"inLanguage\":\"cs\",\"potentialAction\":[{\"@type\":\"ReadAction\",\"target\":[\"https:\\\/\\\/www.ladime.sk\\\/zeny\\\/damske-nohavice\\\/damske-mencestrove-nohavice-andrea\\\/\"]}]},{\"@type\":\"ImageObject\",\"inLanguage\":\"cs\",\"@id\":\"https:\\\/\\\/www.ladime.sk\\\/zeny\\\/damske-nohavice\\\/damske-mencestrove-nohavice-andrea\\\/#primaryimage\",\"url\":\"https:\\\/\\\/www.ladime.sk\\\/wp-content\\\/uploads\\\/2024\\\/11\\\/ladime_zeny_nohavice_mencester_cierna_moda_buducnosti_6.jpg\",\"contentUrl\":\"https:\\\/\\\/www.ladime.sk\\\/wp-content\\\/uploads\\\/2024\\\/11\\\/ladime_zeny_nohavice_mencester_cierna_moda_buducnosti_6.jpg\",\"width\":805,\"height\":1006},{\"@type\":\"BreadcrumbList\",\"@id\":\"https:\\\/\\\/www.ladime.sk\\\/zeny\\\/damske-nohavice\\\/damske-mencestrove-nohavice-andrea\\\/#breadcrumb\",\"itemListElement\":[{\"@type\":\"ListItem\",\"position\":1,\"name\":\"\u00davod\",\"item\":\"https:\\\/\\\/www.ladime.sk\\\/\"},{\"@type\":\"ListItem\",\"position\":2,\"name\":\"Obchod\",\"item\":\"https:\\\/\\\/www.ladime.sk\\\/cs\\\/shop-cs\\\/\"},{\"@type\":\"ListItem\",\"position\":3,\"name\":\"D\u00e1mske men\u010destrov\u00e9 nohavice Andrea\"}]},{\"@type\":\"WebSite\",\"@id\":\"https:\\\/\\\/www.ladime.sk\\\/#website\",\"url\":\"https:\\\/\\\/www.ladime.sk\\\/\",\"name\":\"ladime.sk\",\"description\":\"Ke\u010f lad\u00edme so svetom, mysl\u00edme na bud\u00facnos\u0165.\",\"publisher\":{\"@id\":\"https:\\\/\\\/www.ladime.sk\\\/#organization\"},\"potentialAction\":[{\"@type\":\"SearchAction\",\"target\":{\"@type\":\"EntryPoint\",\"urlTemplate\":\"https:\\\/\\\/www.ladime.sk\\\/?s={search_term_string}\"},\"query-input\":{\"@type\":\"PropertyValueSpecification\",\"valueRequired\":true,\"valueName\":\"search_term_string\"}}],\"inLanguage\":\"cs\"},{\"@type\":\"Organization\",\"@id\":\"https:\\\/\\\/www.ladime.sk\\\/#organization\",\"name\":\"Lad\u00edme\",\"url\":\"https:\\\/\\\/www.ladime.sk\\\/\",\"logo\":{\"@type\":\"ImageObject\",\"inLanguage\":\"cs\",\"@id\":\"https:\\\/\\\/www.ladime.sk\\\/#\\\/schema\\\/logo\\\/image\\\/\",\"url\":\"https:\\\/\\\/www.ladime.sk\\\/wp-content\\\/uploads\\\/2021\\\/08\\\/logo_ladime.svg\",\"contentUrl\":\"https:\\\/\\\/www.ladime.sk\\\/wp-content\\\/uploads\\\/2021\\\/08\\\/logo_ladime.svg\",\"width\":366,\"height\":185,\"caption\":\"Lad\u00edme\"},\"image\":{\"@id\":\"https:\\\/\\\/www.ladime.sk\\\/#\\\/schema\\\/logo\\\/image\\\/\"}}]}<\/script>\n<!-- \/ Yoast SEO plugin. -->","yoast_head_json":{"title":"D\u00e1mske men\u010destrov\u00e9 nohavice Andrea - ladime.sk","description":"Z\u00edskajte nohavice, ktor\u00e9 s\u00fa zosobnen\u00edm udr\u017eate\u013enosti a originality. Ich zauj\u00edmav\u00e9 detaily s pre\u0161\u00edvan\u00edm v\u00e1m dodaj\u00fa \u017eenskos\u0165 a v\u00fdrazn\u00fd \u0161t\u00fdl.","robots":{"index":"index","follow":"follow","max-snippet":"max-snippet:-1","max-image-preview":"max-image-preview:large","max-video-preview":"max-video-preview:-1"},"canonical":"https:\/\/www.ladime.sk\/zeny\/damske-nohavice\/damske-mencestrove-nohavice-andrea\/","og_locale":"cs_CZ","og_type":"article","og_title":"D\u00e1mske men\u010destrov\u00e9 nohavice Andrea - ladime.sk","og_description":"Z\u00edskajte nohavice, ktor\u00e9 s\u00fa zosobnen\u00edm udr\u017eate\u013enosti a originality. Ich zauj\u00edmav\u00e9 detaily s pre\u0161\u00edvan\u00edm v\u00e1m dodaj\u00fa \u017eenskos\u0165 a v\u00fdrazn\u00fd \u0161t\u00fdl.","og_url":"https:\/\/www.ladime.sk\/zeny\/damske-nohavice\/damske-mencestrove-nohavice-andrea\/","og_site_name":"ladime.sk","article_modified_time":"2025-11-25T12:24:36+00:00","og_image":[{"width":805,"height":1006,"url":"https:\/\/www.ladime.sk\/wp-content\/uploads\/2024\/11\/ladime_zeny_nohavice_mencester_cierna_moda_buducnosti_6.jpg","type":"image\/jpeg"}],"twitter_card":"summary_large_image","twitter_misc":{"Odhadovan\u00e1 doba \u010dten\u00ed":"1 minuta"},"schema":{"@context":"https:\/\/schema.org","@graph":[{"@type":"WebPage","@id":"https:\/\/www.ladime.sk\/zeny\/damske-nohavice\/damske-mencestrove-nohavice-andrea\/","url":"https:\/\/www.ladime.sk\/zeny\/damske-nohavice\/damske-mencestrove-nohavice-andrea\/","name":"D\u00e1mske men\u010destrov\u00e9 nohavice Andrea - ladime.sk","isPartOf":{"@id":"https:\/\/www.ladime.sk\/#website"},"primaryImageOfPage":{"@id":"https:\/\/www.ladime.sk\/zeny\/damske-nohavice\/damske-mencestrove-nohavice-andrea\/#primaryimage"},"image":{"@id":"https:\/\/www.ladime.sk\/zeny\/damske-nohavice\/damske-mencestrove-nohavice-andrea\/#primaryimage"},"thumbnailUrl":"https:\/\/www.ladime.sk\/wp-content\/uploads\/2024\/11\/ladime_zeny_nohavice_mencester_cierna_moda_buducnosti_6.jpg","datePublished":"2024-11-07T12:50:03+00:00","dateModified":"2025-11-25T12:24:36+00:00","description":"Z\u00edskajte nohavice, ktor\u00e9 s\u00fa zosobnen\u00edm udr\u017eate\u013enosti a originality. Ich zauj\u00edmav\u00e9 detaily s pre\u0161\u00edvan\u00edm v\u00e1m dodaj\u00fa \u017eenskos\u0165 a v\u00fdrazn\u00fd \u0161t\u00fdl.","breadcrumb":{"@id":"https:\/\/www.ladime.sk\/zeny\/damske-nohavice\/damske-mencestrove-nohavice-andrea\/#breadcrumb"},"inLanguage":"cs","potentialAction":[{"@type":"ReadAction","target":["https:\/\/www.ladime.sk\/zeny\/damske-nohavice\/damske-mencestrove-nohavice-andrea\/"]}]},{"@type":"ImageObject","inLanguage":"cs","@id":"https:\/\/www.ladime.sk\/zeny\/damske-nohavice\/damske-mencestrove-nohavice-andrea\/#primaryimage","url":"https:\/\/www.ladime.sk\/wp-content\/uploads\/2024\/11\/ladime_zeny_nohavice_mencester_cierna_moda_buducnosti_6.jpg","contentUrl":"https:\/\/www.ladime.sk\/wp-content\/uploads\/2024\/11\/ladime_zeny_nohavice_mencester_cierna_moda_buducnosti_6.jpg","width":805,"height":1006},{"@type":"BreadcrumbList","@id":"https:\/\/www.ladime.sk\/zeny\/damske-nohavice\/damske-mencestrove-nohavice-andrea\/#breadcrumb","itemListElement":[{"@type":"ListItem","position":1,"name":"\u00davod","item":"https:\/\/www.ladime.sk\/"},{"@type":"ListItem","position":2,"name":"Obchod","item":"https:\/\/www.ladime.sk\/cs\/shop-cs\/"},{"@type":"ListItem","position":3,"name":"D\u00e1mske men\u010destrov\u00e9 nohavice Andrea"}]},{"@type":"WebSite","@id":"https:\/\/www.ladime.sk\/#website","url":"https:\/\/www.ladime.sk\/","name":"ladime.sk","description":"Ke\u010f lad\u00edme so svetom, mysl\u00edme na bud\u00facnos\u0165.","publisher":{"@id":"https:\/\/www.ladime.sk\/#organization"},"potentialAction":[{"@type":"SearchAction","target":{"@type":"EntryPoint","urlTemplate":"https:\/\/www.ladime.sk\/?s={search_term_string}"},"query-input":{"@type":"PropertyValueSpecification","valueRequired":true,"valueName":"search_term_string"}}],"inLanguage":"cs"},{"@type":"Organization","@id":"https:\/\/www.ladime.sk\/#organization","name":"Lad\u00edme","url":"https:\/\/www.ladime.sk\/","logo":{"@type":"ImageObject","inLanguage":"cs","@id":"https:\/\/www.ladime.sk\/#\/schema\/logo\/image\/","url":"https:\/\/www.ladime.sk\/wp-content\/uploads\/2021\/08\/logo_ladime.svg","contentUrl":"https:\/\/www.ladime.sk\/wp-content\/uploads\/2021\/08\/logo_ladime.svg","width":366,"height":185,"caption":"Lad\u00edme"},"image":{"@id":"https:\/\/www.ladime.sk\/#\/schema\/logo\/image\/"}}]}},"_links":{"self":[{"href":"https:\/\/www.ladime.sk\/cs\/wp-json\/wp\/v2\/product\/5682705","targetHints":{"allow":["GET"]}}],"collection":[{"href":"https:\/\/www.ladime.sk\/cs\/wp-json\/wp\/v2\/product"}],"about":[{"href":"https:\/\/www.ladime.sk\/cs\/wp-json\/wp\/v2\/types\/product"}],"replies":[{"embeddable":true,"href":"https:\/\/www.ladime.sk\/cs\/wp-json\/wp\/v2\/comments?post=5682705"}],"version-history":[{"count":0,"href":"https:\/\/www.ladime.sk\/cs\/wp-json\/wp\/v2\/product\/5682705\/revisions"}],"wp:featuredmedia":[{"embeddable":true,"href":"https:\/\/www.ladime.sk\/cs\/wp-json\/wp\/v2\/media\/5682712"}],"wp:attachment":[{"href":"https:\/\/www.ladime.sk\/cs\/wp-json\/wp\/v2\/media?parent=5682705"}],"wp:term":[{"taxonomy":"product_brand","embeddable":true,"href":"https:\/\/www.ladime.sk\/cs\/wp-json\/wp\/v2\/product_brand?post=5682705"},{"taxonomy":"product_cat","embeddable":true,"href":"https:\/\/www.ladime.sk\/cs\/wp-json\/wp\/v2\/product_cat?post=5682705"},{"taxonomy":"product_tag","embeddable":true,"href":"https:\/\/www.ladime.sk\/cs\/wp-json\/wp\/v2\/product_tag?post=5682705"}],"curies":[{"name":"wp","href":"https:\/\/api.w.org\/{rel}","templated":true}]}}