{"id":5682462,"date":"2024-11-07T13:49:59","date_gmt":"2024-11-07T12:49:59","guid":{"rendered":"https:\/\/www.ladime.sk\/?post_type=product&#038;p=5682462"},"modified":"2025-11-21T15:17:47","modified_gmt":"2025-11-21T14:17:47","slug":"pansky-softshellovy-nepremokavy-kabat-jens","status":"publish","type":"product","link":"https:\/\/www.ladime.sk\/cs\/muzi\/panske-bundy-parky\/pansky-softshellovy-nepremokavy-kabat-jens\/","title":{"rendered":"P\u00e1nsky nepremokav\u00fd softshellov\u00fd kab\u00e1t Jens"},"content":{"rendered":"<div class=\"kvgmc6g5 cxmmr5t8 oygrvhab hcukyx3x c1et5uql\">\n<div class=\"kvgmc6g5 cxmmr5t8 oygrvhab hcukyx3x c1et5uql\">\n<h2>P\u00e1nsky softshellov\u00fd kab\u00e1t Jens \u2013 modul\u00e1rna elegancia do mesta aj do da\u017e\u010fa<\/h2>\n<p data-start=\"1026\" data-end=\"1301\">P\u00e1nsky softshellov\u00fd nepremokav\u00fd kab\u00e1t Jens je n\u00e1\u0161 podpisov\u00fd k\u00fasok, ktor\u00fd stoj\u00ed na kri\u017eovatke outdoorov\u00e9ho oble\u010denia a mestskej m\u00f3dy. Sp\u00e1ja \u010dist\u00fa, mu\u017en\u00fa l\u00edniu s funk\u010dn\u00fdm softshellom, v\u010faka \u010domu je ide\u00e1lny ako <strong data-start=\"1234\" data-end=\"1300\">zimn\u00fd p\u00e1nsky kab\u00e1t do mesta, na cestu do pr\u00e1ce aj na vo\u013en\u00fd \u010das<\/strong>.<\/p>\n<p data-start=\"1303\" data-end=\"1496\">Navrhli sme ho pre mu\u017eov, ktor\u00ed chc\u00fa ma\u0165 v \u0161atn\u00edku <strong data-start=\"1354\" data-end=\"1381\">jeden univerz\u00e1lny kab\u00e1t<\/strong>, ktor\u00fd zvl\u00e1dne poradu, ve\u010deru v meste aj upr\u0161an\u00e9 jesenn\u00e9 dni \u2013 bez nutnosti strieda\u0165 bundy a kab\u00e1ty pod\u013ea po\u010dasia.<\/p>\n<h4 data-start=\"1498\" data-end=\"1539\">Elegantn\u00fd p\u00e1nsky kab\u00e1t zo softshellu<\/h4>\n<p data-start=\"1541\" data-end=\"1885\">Kab\u00e1t Jens je \u0161it\u00fd v elegantnej \u010diernej farbe so vzorom rybia kos\u0165 a \u010diernym detailingom. Silueta je vedome navrhnut\u00e1 tak, aby p\u00f4sobila <strong data-start=\"1677\" data-end=\"1707\">moderne, \u010disto a nad\u010dasovo<\/strong>, bez zbyto\u010dn\u00fdch prvkov.<br data-start=\"1731\" data-end=\"1734\" \/>V\u010faka svojmu modul\u00e1rnemu strihu a prepracovan\u00fdm detailom ho viete skvele prisp\u00f4sobi\u0165 r\u00f4znym outfitom \u2013 od chinos nohav\u00edc a ko\u0161ele a\u017e po d\u017e\u00edny a mikinu.<\/p>\n<h4 data-start=\"1887\" data-end=\"1928\">Strih a detaily, ktor\u00e9 robia rozdiel<\/h4>\n<ul data-start=\"1930\" data-end=\"2302\">\n<li data-start=\"1930\" data-end=\"2001\">\n<p data-start=\"1932\" data-end=\"2001\">vysok\u00fd stojat\u00fd <strong data-start=\"1947\" data-end=\"1969\">asymetrick\u00fd golier<\/strong>, ktor\u00fd chr\u00e1ni krk pred vetrom<\/p>\n<\/li>\n<li data-start=\"2002\" data-end=\"2070\">\n<p data-start=\"2004\" data-end=\"2070\"><strong data-start=\"2004\" data-end=\"2025\">praktick\u00e1 kapuc\u0148a<\/strong>, ktor\u00fa ocen\u00edte v da\u017edi aj sychravom po\u010das\u00ed<\/p>\n<\/li>\n<li data-start=\"2071\" data-end=\"2166\">\n<p data-start=\"2073\" data-end=\"2166\"><strong>celoprep\u00ednac\u00ed kvalitn\u00fd YKK zips prekryt\u00fd magnetick\u00fdm zap\u00ednan\u00edm<\/strong> \u2013 r\u00fdchle, komfortn\u00e9 a \u010dist\u00e9 na poh\u013ead<\/p>\n<\/li>\n<li data-start=\"2167\" data-end=\"2219\">\n<p data-start=\"2169\" data-end=\"2219\">dve bo\u010dn\u00e9 vreck\u00e1 + dve praktick\u00e9 vn\u00fatorn\u00e9 vreck\u00e1<\/p>\n<\/li>\n<li data-start=\"2220\" data-end=\"2302\">\n<p data-start=\"2222\" data-end=\"2302\">pred\u013a\u017een\u00fd, <strong data-start=\"2233\" data-end=\"2256\">zaoblen\u00fd zadn\u00fd diel<\/strong> pre lep\u0161iu ochranu chrbta a elegantn\u00fa l\u00edniu<\/p>\n<\/li>\n<\/ul>\n<p data-start=\"2304\" data-end=\"2402\">Kab\u00e1t p\u00f4sob\u00ed ve\u013emi upravene, no z\u00e1rove\u0148 sa v \u0148om c\u00edtite pohodlne \u2013 ako v ob\u013e\u00fabenej funk\u010dnej bunde.<\/p>\n<h4 data-start=\"2404\" data-end=\"2452\">Pr\u00e9miov\u00fd trojvrstvov\u00fd softshell s membr\u00e1nou<\/h4>\n<p data-start=\"2454\" data-end=\"2542\">Softshell pou\u017eit\u00fd na kab\u00e1te Jens je <strong data-start=\"2490\" data-end=\"2515\">trojvrstvov\u00fd materi\u00e1l<\/strong> so \u0161pi\u010dkov\u00fdmi parametrami:<\/p>\n<ul data-start=\"2544\" data-end=\"2660\">\n<li data-start=\"2544\" data-end=\"2575\">\n<p data-start=\"2546\" data-end=\"2575\">vodeodolnos\u0165: <strong data-start=\"2560\" data-end=\"2573\">10 000 mm<\/strong><\/p>\n<\/li>\n<li data-start=\"2576\" data-end=\"2612\">\n<p data-start=\"2578\" data-end=\"2612\">priedu\u0161nos\u0165: <strong data-start=\"2591\" data-end=\"2610\">3 000 g\/m\u00b2\/24 h<\/strong><\/p>\n<\/li>\n<li data-start=\"2613\" data-end=\"2660\">\n<p data-start=\"2615\" data-end=\"2660\">zateplenie: m\u00e4kk\u00fd fleece z vn\u00fatornej strany<\/p>\n<\/li>\n<\/ul>\n<p data-start=\"2662\" data-end=\"2685\">Materi\u00e1l sa sklad\u00e1 z:<\/p>\n<ul data-start=\"2686\" data-end=\"2798\">\n<li data-start=\"2686\" data-end=\"2721\">\n<p data-start=\"2688\" data-end=\"2721\">termoakt\u00edvnej vn\u00fatornej vrstvy,<\/p>\n<\/li>\n<li data-start=\"2722\" data-end=\"2753\">\n<p data-start=\"2724\" data-end=\"2753\">izola\u010dnej fleecovej vrstvy,<\/p>\n<\/li>\n<li data-start=\"2754\" data-end=\"2798\">\n<p data-start=\"2756\" data-end=\"2798\">vonkaj\u0161ej nepremokavej vrstvy s membr\u00e1nou.<\/p>\n<\/li>\n<\/ul>\n<p data-start=\"2800\" data-end=\"2950\">V\u00fdsledkom je <strong data-start=\"2813\" data-end=\"2846\">p\u00e1nsky kab\u00e1t do da\u017e\u010fa a vetra<\/strong>, ktor\u00fd zvl\u00e1dne jese\u0148, zimu aj vlhk\u00e9 upr\u0161an\u00e9 po\u010dasie bez toho, aby ste museli obetova\u0165 elegantn\u00fd vzh\u013ead.<\/p>\n<h4 data-start=\"2952\" data-end=\"2989\">Lok\u00e1lna v\u00fdroba &amp; udr\u017eate\u013en\u00e1 m\u00f3da<\/h4>\n<p data-start=\"2991\" data-end=\"3094\">Kab\u00e1t Jens navrhujeme a \u0161ijeme v na\u0161ej lok\u00e1lnej dielni na Slovensku v men\u0161\u00edch s\u00e9ri\u00e1ch.<br data-start=\"3077\" data-end=\"3080\" \/>Podpor\u00edte tak:<\/p>\n<ul data-start=\"3096\" data-end=\"3260\">\n<li data-start=\"3096\" data-end=\"3126\">\n<p data-start=\"3098\" data-end=\"3126\"><strong data-start=\"3098\" data-end=\"3123\">lok\u00e1lnu zna\u010dku Lad\u00edme<\/strong>,<\/p>\n<\/li>\n<li data-start=\"3127\" data-end=\"3208\">\n<p data-start=\"3129\" data-end=\"3208\"><strong data-start=\"3129\" data-end=\"3153\">slow fashion pr\u00edstup<\/strong> \u2013 premyslen\u00fd kapsulov\u00fd \u0161atn\u00edk namiesto r\u00fdchlej m\u00f3dy,<\/p>\n<\/li>\n<li data-start=\"3209\" data-end=\"3260\">\n<p data-start=\"3211\" data-end=\"3260\">f\u00e9rov\u00e9 podmienky pre kraj\u010d\u00edrky a poctiv\u00e9 remeslo.<\/p>\n<\/li>\n<\/ul>\n<p data-start=\"3262\" data-end=\"3362\">Jens je invest\u00edcia do kvalitn\u00e9ho p\u00e1nskeho kab\u00e1ta, ktor\u00fd v \u0161atn\u00edku vydr\u017e\u00ed roky \u2013 nielen jednu sez\u00f3nu.<\/p>\n<h4 data-start=\"3364\" data-end=\"3400\">Pre koho je kab\u00e1t Jens ide\u00e1lny?<\/h4>\n<ul data-start=\"3402\" data-end=\"3655\">\n<li data-start=\"3402\" data-end=\"3493\">\n<p data-start=\"3404\" data-end=\"3493\">pre mu\u017ea, ktor\u00fd h\u013ead\u00e1 <strong data-start=\"3426\" data-end=\"3491\">jeden univerz\u00e1lny p\u00e1nsky kab\u00e1t do mesta, do pr\u00e1ce aj na vo\u013eno<\/strong><\/p>\n<\/li>\n<li data-start=\"3494\" data-end=\"3570\">\n<p data-start=\"3496\" data-end=\"3570\">pre t\u00fdch, \u010do chc\u00fa elegantn\u00fd vzh\u013ead, no funk\u010dnos\u0165 <strong data-start=\"3545\" data-end=\"3568\">softshellovej bundy<\/strong><\/p>\n<\/li>\n<li data-start=\"3571\" data-end=\"3655\">\n<p data-start=\"3573\" data-end=\"3655\">pre milovn\u00edkov minimalistick\u00e9ho dizajnu, kvalitn\u00fdch materi\u00e1lov a lok\u00e1lnej v\u00fdroby<\/p>\n<\/li>\n<\/ul>\n<\/div>\n<\/div>\n<div class=\"kvgmc6g5 cxmmr5t8 oygrvhab hcukyx3x c1et5uql\">\n<div class=\"kvgmc6g5 cxmmr5t8 oygrvhab hcukyx3x c1et5uql\">\n<p>&nbsp;<\/p>\n<\/div>\n<\/div>\n<p>Model Robin m\u00e1 oble\u010den\u00fa ve\u013ekos\u0165 L. V\u00fd\u0161ka modela: 195cm.<\/p>\n<p>&nbsp;<\/p>\n","protected":false},"excerpt":{"rendered":"<div class=\"o9v6fnle cxmmr5t8 oygrvhab hcukyx3x c1et5uql\">\n<div class=\"o9v6fnle cxmmr5t8 oygrvhab hcukyx3x c1et5uql\">\n<p data-start=\"249\" data-end=\"533\">Objavte <strong>p\u00e1nsky softshellov\u00fd nepremokav\u00fd kab\u00e1t Jens<\/strong> od zna\u010dky Lad\u00edme, ktor\u00fd sp\u00e1ja elegantn\u00fd mestsk\u00fd dizajn, funk\u010dn\u00fd outdoorov\u00fd materi\u00e1l a v\u00fdrazn\u00fd vzor rybia kos\u0165. Celoprep\u00ednac\u00ed kvalitn\u00fd YKK zips prekryt\u00fd magnetick\u00fdm zap\u00ednan\u00edm\u00a0a praktick\u00e1 kapuc\u0148a z neho robia ide\u00e1lny kab\u00e1t do mesta aj do da\u017e\u010fa.<\/p>\n<p data-start=\"535\" data-end=\"740\">Trojvrstvov\u00fd softshell s membr\u00e1nou a fleecov\u00fdm zateplen\u00edm v\u00e1s spo\u013eahlivo ochr\u00e1ni pred vetrom, da\u017e\u010fom a chladom. Perfektn\u00fd k\u00fasok do kapsulov\u00e9ho \u0161atn\u00edka na jese\u0148 a zimu, u\u0161it\u00fd v lok\u00e1lnej dielni na Slovensku.<\/p>\n<p data-start=\"742\" data-end=\"905\"><strong data-start=\"742\" data-end=\"762\">Popis materi\u00e1lu:<\/strong> trojvrstvov\u00fd softshell s membr\u00e1nou a fleecov\u00fdm zateplen\u00edm<br data-start=\"820\" data-end=\"823\" \/><strong data-start=\"823\" data-end=\"839\">Certifik\u00e1ty:<\/strong> OEKO-TEX\u00ae Standard 100<br data-start=\"862\" data-end=\"865\" \/><strong data-start=\"865\" data-end=\"878\">Zlo\u017eenie:<\/strong> 100 % PES + TPU membr\u00e1na<\/p>\n<\/div>\n<\/div>\n","protected":false},"featured_media":5683627,"comment_status":"closed","ping_status":"closed","template":"","meta":{"_acf_changed":false,"inline_featured_image":false},"product_brand":[],"product_cat":[427,381],"product_tag":[],"class_list":{"0":"post-5682462","1":"product","2":"type-product","3":"status-publish","4":"has-post-thumbnail","6":"product_cat-nova-kolekcia","7":"product_cat-panske-bundy-parky","9":"first","10":"instock","11":"shipping-taxable","12":"purchasable","13":"product-type-variable","14":"wvs-archive-product-wrapper"},"acf":[],"yoast_head":"<!-- This site is optimized with the Yoast SEO plugin v27.4 - https:\/\/yoast.com\/product\/yoast-seo-wordpress\/ -->\n<title>P\u00e1nsky nepremokav\u00fd softshellov\u00fd kab\u00e1t Jens - ladime.sk<\/title>\n<meta name=\"description\" content=\"P\u00e1nsky softshellov\u00fd nepremokav\u00fd kab\u00e1t Jens od zna\u010dky Lad\u00edme je hybrid medzi bundou a kab\u00e1tom \u2013 elegantn\u00fd strih, vzor rybia kos\u0165, kapuc\u0148a a kvalitn\u00fd YKK zips s magnetick\u00fdm zap\u00ednan\u00edm. Funk\u010dn\u00fd kab\u00e1t do mesta aj do da\u017e\u010fa, u\u0161it\u00fd na Slovensku.\" \/>\n<meta name=\"robots\" content=\"index, follow, max-snippet:-1, max-image-preview:large, max-video-preview:-1\" \/>\n<link rel=\"canonical\" href=\"https:\/\/www.ladime.sk\/muzi\/panske-bundy-parky\/pansky-softshellovy-nepremokavy-kabat-jens\/\" \/>\n<meta property=\"og:locale\" content=\"cs_CZ\" \/>\n<meta property=\"og:type\" content=\"article\" \/>\n<meta property=\"og:title\" content=\"P\u00e1nsky nepremokav\u00fd softshellov\u00fd kab\u00e1t Jens - ladime.sk\" \/>\n<meta property=\"og:description\" content=\"P\u00e1nsky softshellov\u00fd nepremokav\u00fd kab\u00e1t Jens od zna\u010dky Lad\u00edme je hybrid medzi bundou a kab\u00e1tom \u2013 elegantn\u00fd strih, vzor rybia kos\u0165, kapuc\u0148a a kvalitn\u00fd YKK zips s magnetick\u00fdm zap\u00ednan\u00edm. Funk\u010dn\u00fd kab\u00e1t do mesta aj do da\u017e\u010fa, u\u0161it\u00fd na Slovensku.\" \/>\n<meta property=\"og:url\" content=\"https:\/\/www.ladime.sk\/muzi\/panske-bundy-parky\/pansky-softshellovy-nepremokavy-kabat-jens\/\" \/>\n<meta property=\"og:site_name\" content=\"ladime.sk\" \/>\n<meta property=\"article:modified_time\" content=\"2025-11-21T14:17:47+00:00\" \/>\n<meta property=\"og:image\" content=\"https:\/\/www.ladime.sk\/wp-content\/uploads\/2024\/11\/DSC5723male.jpg\" \/>\n\t<meta property=\"og:image:width\" content=\"1440\" \/>\n\t<meta property=\"og:image:height\" content=\"1920\" \/>\n\t<meta property=\"og:image:type\" content=\"image\/jpeg\" \/>\n<meta name=\"twitter:card\" content=\"summary_large_image\" \/>\n<meta name=\"twitter:label1\" content=\"Odhadovan\u00e1 doba \u010dten\u00ed\" \/>\n\t<meta name=\"twitter:data1\" content=\"3 minuty\" \/>\n<script type=\"application\/ld+json\" class=\"yoast-schema-graph\">{\"@context\":\"https:\\\/\\\/schema.org\",\"@graph\":[{\"@type\":\"WebPage\",\"@id\":\"https:\\\/\\\/www.ladime.sk\\\/muzi\\\/panske-bundy-parky\\\/pansky-softshellovy-nepremokavy-kabat-jens\\\/\",\"url\":\"https:\\\/\\\/www.ladime.sk\\\/muzi\\\/panske-bundy-parky\\\/pansky-softshellovy-nepremokavy-kabat-jens\\\/\",\"name\":\"P\u00e1nsky nepremokav\u00fd softshellov\u00fd kab\u00e1t Jens - ladime.sk\",\"isPartOf\":{\"@id\":\"https:\\\/\\\/www.ladime.sk\\\/#website\"},\"primaryImageOfPage\":{\"@id\":\"https:\\\/\\\/www.ladime.sk\\\/muzi\\\/panske-bundy-parky\\\/pansky-softshellovy-nepremokavy-kabat-jens\\\/#primaryimage\"},\"image\":{\"@id\":\"https:\\\/\\\/www.ladime.sk\\\/muzi\\\/panske-bundy-parky\\\/pansky-softshellovy-nepremokavy-kabat-jens\\\/#primaryimage\"},\"thumbnailUrl\":\"https:\\\/\\\/www.ladime.sk\\\/wp-content\\\/uploads\\\/2024\\\/11\\\/DSC5723male.jpg\",\"datePublished\":\"2024-11-07T12:49:59+00:00\",\"dateModified\":\"2025-11-21T14:17:47+00:00\",\"description\":\"P\u00e1nsky softshellov\u00fd nepremokav\u00fd kab\u00e1t Jens od zna\u010dky Lad\u00edme je hybrid medzi bundou a kab\u00e1tom \u2013 elegantn\u00fd strih, vzor rybia kos\u0165, kapuc\u0148a a kvalitn\u00fd YKK zips s magnetick\u00fdm zap\u00ednan\u00edm. Funk\u010dn\u00fd kab\u00e1t do mesta aj do da\u017e\u010fa, u\u0161it\u00fd na Slovensku.\",\"breadcrumb\":{\"@id\":\"https:\\\/\\\/www.ladime.sk\\\/muzi\\\/panske-bundy-parky\\\/pansky-softshellovy-nepremokavy-kabat-jens\\\/#breadcrumb\"},\"inLanguage\":\"cs\",\"potentialAction\":[{\"@type\":\"ReadAction\",\"target\":[\"https:\\\/\\\/www.ladime.sk\\\/muzi\\\/panske-bundy-parky\\\/pansky-softshellovy-nepremokavy-kabat-jens\\\/\"]}]},{\"@type\":\"ImageObject\",\"inLanguage\":\"cs\",\"@id\":\"https:\\\/\\\/www.ladime.sk\\\/muzi\\\/panske-bundy-parky\\\/pansky-softshellovy-nepremokavy-kabat-jens\\\/#primaryimage\",\"url\":\"https:\\\/\\\/www.ladime.sk\\\/wp-content\\\/uploads\\\/2024\\\/11\\\/DSC5723male.jpg\",\"contentUrl\":\"https:\\\/\\\/www.ladime.sk\\\/wp-content\\\/uploads\\\/2024\\\/11\\\/DSC5723male.jpg\",\"width\":1440,\"height\":1920},{\"@type\":\"BreadcrumbList\",\"@id\":\"https:\\\/\\\/www.ladime.sk\\\/muzi\\\/panske-bundy-parky\\\/pansky-softshellovy-nepremokavy-kabat-jens\\\/#breadcrumb\",\"itemListElement\":[{\"@type\":\"ListItem\",\"position\":1,\"name\":\"\u00davod\",\"item\":\"https:\\\/\\\/www.ladime.sk\\\/\"},{\"@type\":\"ListItem\",\"position\":2,\"name\":\"Obchod\",\"item\":\"https:\\\/\\\/www.ladime.sk\\\/cs\\\/shop-cs\\\/\"},{\"@type\":\"ListItem\",\"position\":3,\"name\":\"P\u00e1nsky nepremokav\u00fd softshellov\u00fd kab\u00e1t Jens\"}]},{\"@type\":\"WebSite\",\"@id\":\"https:\\\/\\\/www.ladime.sk\\\/#website\",\"url\":\"https:\\\/\\\/www.ladime.sk\\\/\",\"name\":\"ladime.sk\",\"description\":\"Ke\u010f lad\u00edme so svetom, mysl\u00edme na bud\u00facnos\u0165.\",\"publisher\":{\"@id\":\"https:\\\/\\\/www.ladime.sk\\\/#organization\"},\"potentialAction\":[{\"@type\":\"SearchAction\",\"target\":{\"@type\":\"EntryPoint\",\"urlTemplate\":\"https:\\\/\\\/www.ladime.sk\\\/?s={search_term_string}\"},\"query-input\":{\"@type\":\"PropertyValueSpecification\",\"valueRequired\":true,\"valueName\":\"search_term_string\"}}],\"inLanguage\":\"cs\"},{\"@type\":\"Organization\",\"@id\":\"https:\\\/\\\/www.ladime.sk\\\/#organization\",\"name\":\"Lad\u00edme\",\"url\":\"https:\\\/\\\/www.ladime.sk\\\/\",\"logo\":{\"@type\":\"ImageObject\",\"inLanguage\":\"cs\",\"@id\":\"https:\\\/\\\/www.ladime.sk\\\/#\\\/schema\\\/logo\\\/image\\\/\",\"url\":\"https:\\\/\\\/www.ladime.sk\\\/wp-content\\\/uploads\\\/2021\\\/08\\\/logo_ladime.svg\",\"contentUrl\":\"https:\\\/\\\/www.ladime.sk\\\/wp-content\\\/uploads\\\/2021\\\/08\\\/logo_ladime.svg\",\"width\":366,\"height\":185,\"caption\":\"Lad\u00edme\"},\"image\":{\"@id\":\"https:\\\/\\\/www.ladime.sk\\\/#\\\/schema\\\/logo\\\/image\\\/\"}}]}<\/script>\n<!-- \/ Yoast SEO plugin. -->","yoast_head_json":{"title":"P\u00e1nsky nepremokav\u00fd softshellov\u00fd kab\u00e1t Jens - ladime.sk","description":"P\u00e1nsky softshellov\u00fd nepremokav\u00fd kab\u00e1t Jens od zna\u010dky Lad\u00edme je hybrid medzi bundou a kab\u00e1tom \u2013 elegantn\u00fd strih, vzor rybia kos\u0165, kapuc\u0148a a kvalitn\u00fd YKK zips s magnetick\u00fdm zap\u00ednan\u00edm. Funk\u010dn\u00fd kab\u00e1t do mesta aj do da\u017e\u010fa, u\u0161it\u00fd na Slovensku.","robots":{"index":"index","follow":"follow","max-snippet":"max-snippet:-1","max-image-preview":"max-image-preview:large","max-video-preview":"max-video-preview:-1"},"canonical":"https:\/\/www.ladime.sk\/muzi\/panske-bundy-parky\/pansky-softshellovy-nepremokavy-kabat-jens\/","og_locale":"cs_CZ","og_type":"article","og_title":"P\u00e1nsky nepremokav\u00fd softshellov\u00fd kab\u00e1t Jens - ladime.sk","og_description":"P\u00e1nsky softshellov\u00fd nepremokav\u00fd kab\u00e1t Jens od zna\u010dky Lad\u00edme je hybrid medzi bundou a kab\u00e1tom \u2013 elegantn\u00fd strih, vzor rybia kos\u0165, kapuc\u0148a a kvalitn\u00fd YKK zips s magnetick\u00fdm zap\u00ednan\u00edm. Funk\u010dn\u00fd kab\u00e1t do mesta aj do da\u017e\u010fa, u\u0161it\u00fd na Slovensku.","og_url":"https:\/\/www.ladime.sk\/muzi\/panske-bundy-parky\/pansky-softshellovy-nepremokavy-kabat-jens\/","og_site_name":"ladime.sk","article_modified_time":"2025-11-21T14:17:47+00:00","og_image":[{"width":1440,"height":1920,"url":"https:\/\/www.ladime.sk\/wp-content\/uploads\/2024\/11\/DSC5723male.jpg","type":"image\/jpeg"}],"twitter_card":"summary_large_image","twitter_misc":{"Odhadovan\u00e1 doba \u010dten\u00ed":"3 minuty"},"schema":{"@context":"https:\/\/schema.org","@graph":[{"@type":"WebPage","@id":"https:\/\/www.ladime.sk\/muzi\/panske-bundy-parky\/pansky-softshellovy-nepremokavy-kabat-jens\/","url":"https:\/\/www.ladime.sk\/muzi\/panske-bundy-parky\/pansky-softshellovy-nepremokavy-kabat-jens\/","name":"P\u00e1nsky nepremokav\u00fd softshellov\u00fd kab\u00e1t Jens - ladime.sk","isPartOf":{"@id":"https:\/\/www.ladime.sk\/#website"},"primaryImageOfPage":{"@id":"https:\/\/www.ladime.sk\/muzi\/panske-bundy-parky\/pansky-softshellovy-nepremokavy-kabat-jens\/#primaryimage"},"image":{"@id":"https:\/\/www.ladime.sk\/muzi\/panske-bundy-parky\/pansky-softshellovy-nepremokavy-kabat-jens\/#primaryimage"},"thumbnailUrl":"https:\/\/www.ladime.sk\/wp-content\/uploads\/2024\/11\/DSC5723male.jpg","datePublished":"2024-11-07T12:49:59+00:00","dateModified":"2025-11-21T14:17:47+00:00","description":"P\u00e1nsky softshellov\u00fd nepremokav\u00fd kab\u00e1t Jens od zna\u010dky Lad\u00edme je hybrid medzi bundou a kab\u00e1tom \u2013 elegantn\u00fd strih, vzor rybia kos\u0165, kapuc\u0148a a kvalitn\u00fd YKK zips s magnetick\u00fdm zap\u00ednan\u00edm. Funk\u010dn\u00fd kab\u00e1t do mesta aj do da\u017e\u010fa, u\u0161it\u00fd na Slovensku.","breadcrumb":{"@id":"https:\/\/www.ladime.sk\/muzi\/panske-bundy-parky\/pansky-softshellovy-nepremokavy-kabat-jens\/#breadcrumb"},"inLanguage":"cs","potentialAction":[{"@type":"ReadAction","target":["https:\/\/www.ladime.sk\/muzi\/panske-bundy-parky\/pansky-softshellovy-nepremokavy-kabat-jens\/"]}]},{"@type":"ImageObject","inLanguage":"cs","@id":"https:\/\/www.ladime.sk\/muzi\/panske-bundy-parky\/pansky-softshellovy-nepremokavy-kabat-jens\/#primaryimage","url":"https:\/\/www.ladime.sk\/wp-content\/uploads\/2024\/11\/DSC5723male.jpg","contentUrl":"https:\/\/www.ladime.sk\/wp-content\/uploads\/2024\/11\/DSC5723male.jpg","width":1440,"height":1920},{"@type":"BreadcrumbList","@id":"https:\/\/www.ladime.sk\/muzi\/panske-bundy-parky\/pansky-softshellovy-nepremokavy-kabat-jens\/#breadcrumb","itemListElement":[{"@type":"ListItem","position":1,"name":"\u00davod","item":"https:\/\/www.ladime.sk\/"},{"@type":"ListItem","position":2,"name":"Obchod","item":"https:\/\/www.ladime.sk\/cs\/shop-cs\/"},{"@type":"ListItem","position":3,"name":"P\u00e1nsky nepremokav\u00fd softshellov\u00fd kab\u00e1t Jens"}]},{"@type":"WebSite","@id":"https:\/\/www.ladime.sk\/#website","url":"https:\/\/www.ladime.sk\/","name":"ladime.sk","description":"Ke\u010f lad\u00edme so svetom, mysl\u00edme na bud\u00facnos\u0165.","publisher":{"@id":"https:\/\/www.ladime.sk\/#organization"},"potentialAction":[{"@type":"SearchAction","target":{"@type":"EntryPoint","urlTemplate":"https:\/\/www.ladime.sk\/?s={search_term_string}"},"query-input":{"@type":"PropertyValueSpecification","valueRequired":true,"valueName":"search_term_string"}}],"inLanguage":"cs"},{"@type":"Organization","@id":"https:\/\/www.ladime.sk\/#organization","name":"Lad\u00edme","url":"https:\/\/www.ladime.sk\/","logo":{"@type":"ImageObject","inLanguage":"cs","@id":"https:\/\/www.ladime.sk\/#\/schema\/logo\/image\/","url":"https:\/\/www.ladime.sk\/wp-content\/uploads\/2021\/08\/logo_ladime.svg","contentUrl":"https:\/\/www.ladime.sk\/wp-content\/uploads\/2021\/08\/logo_ladime.svg","width":366,"height":185,"caption":"Lad\u00edme"},"image":{"@id":"https:\/\/www.ladime.sk\/#\/schema\/logo\/image\/"}}]}},"_links":{"self":[{"href":"https:\/\/www.ladime.sk\/cs\/wp-json\/wp\/v2\/product\/5682462","targetHints":{"allow":["GET"]}}],"collection":[{"href":"https:\/\/www.ladime.sk\/cs\/wp-json\/wp\/v2\/product"}],"about":[{"href":"https:\/\/www.ladime.sk\/cs\/wp-json\/wp\/v2\/types\/product"}],"replies":[{"embeddable":true,"href":"https:\/\/www.ladime.sk\/cs\/wp-json\/wp\/v2\/comments?post=5682462"}],"version-history":[{"count":0,"href":"https:\/\/www.ladime.sk\/cs\/wp-json\/wp\/v2\/product\/5682462\/revisions"}],"wp:featuredmedia":[{"embeddable":true,"href":"https:\/\/www.ladime.sk\/cs\/wp-json\/wp\/v2\/media\/5683627"}],"wp:attachment":[{"href":"https:\/\/www.ladime.sk\/cs\/wp-json\/wp\/v2\/media?parent=5682462"}],"wp:term":[{"taxonomy":"product_brand","embeddable":true,"href":"https:\/\/www.ladime.sk\/cs\/wp-json\/wp\/v2\/product_brand?post=5682462"},{"taxonomy":"product_cat","embeddable":true,"href":"https:\/\/www.ladime.sk\/cs\/wp-json\/wp\/v2\/product_cat?post=5682462"},{"taxonomy":"product_tag","embeddable":true,"href":"https:\/\/www.ladime.sk\/cs\/wp-json\/wp\/v2\/product_tag?post=5682462"}],"curies":[{"name":"wp","href":"https:\/\/api.w.org\/{rel}","templated":true}]}}