{"id":5682346,"date":"2024-11-07T13:49:56","date_gmt":"2024-11-07T12:49:56","guid":{"rendered":"https:\/\/www.ladime.sk\/?post_type=product&#038;p=5682346"},"modified":"2025-11-25T13:27:57","modified_gmt":"2025-11-25T12:27:57","slug":"damsky-organic-top-flavia","status":"publish","type":"product","link":"https:\/\/www.ladime.sk\/cs\/zeny\/damske-topy\/damsky-organic-top-flavia\/","title":{"rendered":"D\u00e1msky ORGANIC top Flavia"},"content":{"rendered":"<h2>D\u00e1msky ORGANIC Top Flavia &#8211; \u0160t\u00fdl so Zodpovednos\u0165ou k Plan\u00e9te<\/h2>\n<div class=\"flex-1 overflow-hidden\">\n<div class=\"react-scroll-to-bottom--css-vstcg-79elbk h-full dark:bg-gray-800\">\n<div class=\"react-scroll-to-bottom--css-vstcg-1n7m0yu\">\n<div class=\"flex flex-col text-sm dark:bg-gray-800\">\n<div class=\"group w-full text-token-text-primary border-b border-black\/10 dark:border-gray-900\/50 bg-gray-50 dark:bg-[#444654]\" data-testid=\"conversation-turn-9\">\n<div class=\"p-4 justify-center text-base md:gap-6 md:py-6 m-auto\">\n<div class=\"flex flex-1 gap-4 text-base mx-auto md:gap-6 md:max-w-2xl lg:max-w-[38rem] xl:max-w-3xl }\">\n<div class=\"relative flex w-[calc(100%-50px)] flex-col gap-1 md:gap-3 lg:w-[calc(100%-115px)]\">\n<div class=\"flex flex-grow flex-col gap-3 max-w-full\">\n<div class=\"min-h-[20px] flex flex-col items-start gap-3 overflow-x-auto whitespace-pre-wrap break-words\">\n<div class=\"markdown prose w-full break-words dark:prose-invert light\"><\/div>\n<\/div>\n<\/div>\n<\/div>\n<\/div>\n<\/div>\n<\/div>\n<\/div>\n<\/div>\n<\/div>\n<\/div>\n<div class=\"absolute bottom-0 left-0 w-full border-t md:border-t-0 dark:border-white\/20 md:border-transparent md:dark:border-transparent md:bg-vert-light-gradient bg-white dark:bg-gray-800 md:!bg-transparent dark:md:bg-vert-dark-gradient pt-2 md:pl-2 md:w-[calc(100%-.5rem)]\">\n<form class=\"stretch mx-2 flex flex-row gap-3 last:mb-2 md:mx-4 md:last:mb-6 lg:mx-auto lg:max-w-2xl xl:max-w-3xl\">\n<div class=\"relative flex h-full flex-1 items-stretch md:flex-col\">\n<div>\n<div class=\"h-full flex ml-1 md:w-full md:m-auto md:mb-4 gap-0 md:gap-2 justify-center\">\n<p>Na\u0161\u00edm <a href=\"https:\/\/www.ladime.sk\/zeny\/damske-topy\/\"><strong>d\u00e1mskym handmade topom<\/strong><\/a> Flavia sme vytvorili prav\u00fd klenot pomalej m\u00f3dy. Je to elegantn\u00fd k\u00fasok, ktor\u00fd v\u00e1m dod\u00e1 sebavedomie a \u0161t\u00fdl v ka\u017edej pr\u00edle\u017eitosti.<\/p>\n<p>Tento top je v\u00fdsledkom spojenia kvality, \u017eenskosti a udr\u017eate\u013enosti. Jeho nad\u00fdchan\u00e9 ruk\u00e1vy a pr\u00edjemn\u00fd materi\u00e1l z certifikovanej organickej elastickej bavlny s certifik\u00e1tom OEKO-TEX 100, ho robia ide\u00e1lnym pre ka\u017edodenn\u00e9 nosenie. Jeho jemnos\u0165 je priam ohromuj\u00faca a materi\u00e1l je dostato\u010dne priedu\u0161n\u00fd, aby va\u0161a poko\u017eka mohla slobodne d\u00fdcha\u0165.<\/p>\n<p>N\u00e1\u0161 d\u00e1msky top Flavia nie je len \u0161t\u00fdlov\u00fdm doplnkom v\u00e1\u0161ho \u0161atn\u00edka, ale aj prejavom va\u0161ej podpory <strong>udr\u017eate\u013enej m\u00f3de<\/strong>. Vytvorili sme ho so z\u00e1v\u00e4zkom k \u017eivotn\u00e9mu prostrediu, a preto aj po mnoh\u00fdch praniach zostane st\u00e1le \u010derstv\u00fd a nov\u00fd. S t\u00fdmto d\u00e1mskym topom si budete ist\u00e9, \u017ee bude vern\u00fdm spolo\u010dn\u00edkom vo va\u0161ej \u0161atn\u00edkovej zbierke po ve\u013emi dlh\u00fa dobu.<\/p>\n<p>Vyberte si ho a podporte <strong>udr\u017eate\u013en\u00fa slovensk\u00fa zna\u010dku<\/strong>, ktor\u00e1 prin\u00e1\u0161a kr\u00e1su a zodpovednos\u0165 do v\u00e1\u0161ho \u0161atn\u00edka.<\/p>\n<\/div>\n<\/div>\n<\/div>\n<\/form>\n<\/div>\n<p>Modelka mamina Mia m\u00e1 oble\u010den\u00fa ve\u013ekos\u0165 36. V\u00fd\u0161ka modelky: 163cm a miery: 90-70-92<\/p>\n","protected":false},"excerpt":{"rendered":"<div class=\"o9v6fnle cxmmr5t8 oygrvhab hcukyx3x c1et5uql\">\n<div class=\"o9v6fnle cxmmr5t8 oygrvhab hcukyx3x c1et5uql\">\n<div>\n<p>Jemn\u00fd dotyk, siln\u00fd z\u00e1v\u00e4zok:<strong> D\u00e1msky ORGANIC top Flavia<\/strong> z najjemnej\u0161ej elastickej organickej bavlny s certifik\u00e1tom OEKO-TEX 100. T\u00e1to hebk\u00e1 tkanina nie len splynie s va\u0161ou postavou a zd\u00f4razn\u00ed va\u0161u \u017eenskos\u0165, ale je aj srdcom udr\u017eate\u013en\u00e9ho \u0161atn\u00edka. U\u017e\u00edvajte si neprekonate\u013en\u00fd komfort ka\u017ed\u00fd de\u0148 svedomito.<\/p>\n<p>&nbsp;<\/p>\n<\/div>\n<div>UDR\u017dATE\u013dN\u00dd K\u00daSOK<\/div>\n<div><\/div>\n<div><strong>Materi\u00e1lov\u00e9 zlo\u017eenie:<\/strong> 95% BIO bavlna 5% elastan<\/div>\n<div>\n<div><strong>Certifik\u00e1ty materi\u00e1lu: <\/strong>OEKO-TEX 100, Trieda 1<\/div>\n<div>\u00a0 \u00a0 \u00a0 \u00a0 \u00a0 \u00a0 \u00a0 \u00a0 \u00a0 \u00a0 \u00a0 \u00a0 \u00a0 \u00a0 \u00a0 \u00a0 \u00a0 \u00a0 \u00a0 \u00a0 \u00a0 \u00a0 ORGANIC<\/div>\n<div><\/div>\n<\/div>\n<div class=\"o9v6fnle cxmmr5t8 oygrvhab hcukyx3x c1et5uql\"><\/div>\n<\/div>\n<\/div>\n","protected":false},"featured_media":5683413,"comment_status":"closed","ping_status":"closed","template":"","meta":{"_acf_changed":false,"inline_featured_image":false},"product_brand":[],"product_cat":[79],"product_tag":[],"class_list":{"0":"post-5682346","1":"product","2":"type-product","3":"status-publish","4":"has-post-thumbnail","6":"product_cat-damske-topy","8":"first","9":"instock","10":"shipping-taxable","11":"purchasable","12":"product-type-variable","13":"wvs-archive-product-wrapper"},"acf":[],"yoast_head":"<!-- This site is optimized with the Yoast SEO plugin v27.4 - https:\/\/yoast.com\/product\/yoast-seo-wordpress\/ -->\n<title>D\u00e1msky ORGANIC top Flavia - ladime.sk<\/title>\n<meta name=\"description\" content=\"D\u00e1msky ORGANIC top Flavia z najjemnej\u0161ej organickej elastickej bavlny v\u00e1s obklop\u00ed svojou jemnos\u0165ou. Hebk\u00e1 tkanina dovol\u00ed vynikn\u00fa\u0165 va\u0161ej \u017eenskosti.\" \/>\n<meta name=\"robots\" content=\"index, follow, max-snippet:-1, max-image-preview:large, max-video-preview:-1\" \/>\n<link rel=\"canonical\" href=\"https:\/\/www.ladime.sk\/zeny\/damske-topy\/damsky-organic-top-flavia\/\" \/>\n<meta property=\"og:locale\" content=\"cs_CZ\" \/>\n<meta property=\"og:type\" content=\"article\" \/>\n<meta property=\"og:title\" content=\"D\u00e1msky ORGANIC top Flavia - ladime.sk\" \/>\n<meta property=\"og:description\" content=\"D\u00e1msky ORGANIC top Flavia z najjemnej\u0161ej organickej elastickej bavlny v\u00e1s obklop\u00ed svojou jemnos\u0165ou. Hebk\u00e1 tkanina dovol\u00ed vynikn\u00fa\u0165 va\u0161ej \u017eenskosti.\" \/>\n<meta property=\"og:url\" content=\"https:\/\/www.ladime.sk\/zeny\/damske-topy\/damsky-organic-top-flavia\/\" \/>\n<meta property=\"og:site_name\" content=\"ladime.sk\" \/>\n<meta property=\"article:modified_time\" content=\"2025-11-25T12:27:57+00:00\" \/>\n<meta property=\"og:image\" content=\"https:\/\/www.ladime.sk\/wp-content\/uploads\/2024\/11\/DSC5078male.jpg\" \/>\n\t<meta property=\"og:image:width\" content=\"1440\" \/>\n\t<meta property=\"og:image:height\" content=\"1920\" \/>\n\t<meta property=\"og:image:type\" content=\"image\/jpeg\" \/>\n<meta name=\"twitter:card\" content=\"summary_large_image\" \/>\n<meta name=\"twitter:label1\" content=\"Odhadovan\u00e1 doba \u010dten\u00ed\" \/>\n\t<meta name=\"twitter:data1\" content=\"2 minuty\" \/>\n<script type=\"application\/ld+json\" class=\"yoast-schema-graph\">{\"@context\":\"https:\\\/\\\/schema.org\",\"@graph\":[{\"@type\":\"WebPage\",\"@id\":\"https:\\\/\\\/www.ladime.sk\\\/zeny\\\/damske-topy\\\/damsky-organic-top-flavia\\\/\",\"url\":\"https:\\\/\\\/www.ladime.sk\\\/zeny\\\/damske-topy\\\/damsky-organic-top-flavia\\\/\",\"name\":\"D\u00e1msky ORGANIC top Flavia - ladime.sk\",\"isPartOf\":{\"@id\":\"https:\\\/\\\/www.ladime.sk\\\/#website\"},\"primaryImageOfPage\":{\"@id\":\"https:\\\/\\\/www.ladime.sk\\\/zeny\\\/damske-topy\\\/damsky-organic-top-flavia\\\/#primaryimage\"},\"image\":{\"@id\":\"https:\\\/\\\/www.ladime.sk\\\/zeny\\\/damske-topy\\\/damsky-organic-top-flavia\\\/#primaryimage\"},\"thumbnailUrl\":\"https:\\\/\\\/www.ladime.sk\\\/wp-content\\\/uploads\\\/2024\\\/11\\\/DSC5078male.jpg\",\"datePublished\":\"2024-11-07T12:49:56+00:00\",\"dateModified\":\"2025-11-25T12:27:57+00:00\",\"description\":\"D\u00e1msky ORGANIC top Flavia z najjemnej\u0161ej organickej elastickej bavlny v\u00e1s obklop\u00ed svojou jemnos\u0165ou. Hebk\u00e1 tkanina dovol\u00ed vynikn\u00fa\u0165 va\u0161ej \u017eenskosti.\",\"breadcrumb\":{\"@id\":\"https:\\\/\\\/www.ladime.sk\\\/zeny\\\/damske-topy\\\/damsky-organic-top-flavia\\\/#breadcrumb\"},\"inLanguage\":\"cs\",\"potentialAction\":[{\"@type\":\"ReadAction\",\"target\":[\"https:\\\/\\\/www.ladime.sk\\\/zeny\\\/damske-topy\\\/damsky-organic-top-flavia\\\/\"]}]},{\"@type\":\"ImageObject\",\"inLanguage\":\"cs\",\"@id\":\"https:\\\/\\\/www.ladime.sk\\\/zeny\\\/damske-topy\\\/damsky-organic-top-flavia\\\/#primaryimage\",\"url\":\"https:\\\/\\\/www.ladime.sk\\\/wp-content\\\/uploads\\\/2024\\\/11\\\/DSC5078male.jpg\",\"contentUrl\":\"https:\\\/\\\/www.ladime.sk\\\/wp-content\\\/uploads\\\/2024\\\/11\\\/DSC5078male.jpg\",\"width\":1440,\"height\":1920},{\"@type\":\"BreadcrumbList\",\"@id\":\"https:\\\/\\\/www.ladime.sk\\\/zeny\\\/damske-topy\\\/damsky-organic-top-flavia\\\/#breadcrumb\",\"itemListElement\":[{\"@type\":\"ListItem\",\"position\":1,\"name\":\"\u00davod\",\"item\":\"https:\\\/\\\/www.ladime.sk\\\/\"},{\"@type\":\"ListItem\",\"position\":2,\"name\":\"Obchod\",\"item\":\"https:\\\/\\\/www.ladime.sk\\\/cs\\\/shop-cs\\\/\"},{\"@type\":\"ListItem\",\"position\":3,\"name\":\"D\u00e1msky ORGANIC top Flavia\"}]},{\"@type\":\"WebSite\",\"@id\":\"https:\\\/\\\/www.ladime.sk\\\/#website\",\"url\":\"https:\\\/\\\/www.ladime.sk\\\/\",\"name\":\"ladime.sk\",\"description\":\"Ke\u010f lad\u00edme so svetom, mysl\u00edme na bud\u00facnos\u0165.\",\"publisher\":{\"@id\":\"https:\\\/\\\/www.ladime.sk\\\/#organization\"},\"potentialAction\":[{\"@type\":\"SearchAction\",\"target\":{\"@type\":\"EntryPoint\",\"urlTemplate\":\"https:\\\/\\\/www.ladime.sk\\\/?s={search_term_string}\"},\"query-input\":{\"@type\":\"PropertyValueSpecification\",\"valueRequired\":true,\"valueName\":\"search_term_string\"}}],\"inLanguage\":\"cs\"},{\"@type\":\"Organization\",\"@id\":\"https:\\\/\\\/www.ladime.sk\\\/#organization\",\"name\":\"Lad\u00edme\",\"url\":\"https:\\\/\\\/www.ladime.sk\\\/\",\"logo\":{\"@type\":\"ImageObject\",\"inLanguage\":\"cs\",\"@id\":\"https:\\\/\\\/www.ladime.sk\\\/#\\\/schema\\\/logo\\\/image\\\/\",\"url\":\"https:\\\/\\\/www.ladime.sk\\\/wp-content\\\/uploads\\\/2021\\\/08\\\/logo_ladime.svg\",\"contentUrl\":\"https:\\\/\\\/www.ladime.sk\\\/wp-content\\\/uploads\\\/2021\\\/08\\\/logo_ladime.svg\",\"width\":366,\"height\":185,\"caption\":\"Lad\u00edme\"},\"image\":{\"@id\":\"https:\\\/\\\/www.ladime.sk\\\/#\\\/schema\\\/logo\\\/image\\\/\"}}]}<\/script>\n<!-- \/ Yoast SEO plugin. -->","yoast_head_json":{"title":"D\u00e1msky ORGANIC top Flavia - ladime.sk","description":"D\u00e1msky ORGANIC top Flavia z najjemnej\u0161ej organickej elastickej bavlny v\u00e1s obklop\u00ed svojou jemnos\u0165ou. Hebk\u00e1 tkanina dovol\u00ed vynikn\u00fa\u0165 va\u0161ej \u017eenskosti.","robots":{"index":"index","follow":"follow","max-snippet":"max-snippet:-1","max-image-preview":"max-image-preview:large","max-video-preview":"max-video-preview:-1"},"canonical":"https:\/\/www.ladime.sk\/zeny\/damske-topy\/damsky-organic-top-flavia\/","og_locale":"cs_CZ","og_type":"article","og_title":"D\u00e1msky ORGANIC top Flavia - ladime.sk","og_description":"D\u00e1msky ORGANIC top Flavia z najjemnej\u0161ej organickej elastickej bavlny v\u00e1s obklop\u00ed svojou jemnos\u0165ou. Hebk\u00e1 tkanina dovol\u00ed vynikn\u00fa\u0165 va\u0161ej \u017eenskosti.","og_url":"https:\/\/www.ladime.sk\/zeny\/damske-topy\/damsky-organic-top-flavia\/","og_site_name":"ladime.sk","article_modified_time":"2025-11-25T12:27:57+00:00","og_image":[{"width":1440,"height":1920,"url":"https:\/\/www.ladime.sk\/wp-content\/uploads\/2024\/11\/DSC5078male.jpg","type":"image\/jpeg"}],"twitter_card":"summary_large_image","twitter_misc":{"Odhadovan\u00e1 doba \u010dten\u00ed":"2 minuty"},"schema":{"@context":"https:\/\/schema.org","@graph":[{"@type":"WebPage","@id":"https:\/\/www.ladime.sk\/zeny\/damske-topy\/damsky-organic-top-flavia\/","url":"https:\/\/www.ladime.sk\/zeny\/damske-topy\/damsky-organic-top-flavia\/","name":"D\u00e1msky ORGANIC top Flavia - ladime.sk","isPartOf":{"@id":"https:\/\/www.ladime.sk\/#website"},"primaryImageOfPage":{"@id":"https:\/\/www.ladime.sk\/zeny\/damske-topy\/damsky-organic-top-flavia\/#primaryimage"},"image":{"@id":"https:\/\/www.ladime.sk\/zeny\/damske-topy\/damsky-organic-top-flavia\/#primaryimage"},"thumbnailUrl":"https:\/\/www.ladime.sk\/wp-content\/uploads\/2024\/11\/DSC5078male.jpg","datePublished":"2024-11-07T12:49:56+00:00","dateModified":"2025-11-25T12:27:57+00:00","description":"D\u00e1msky ORGANIC top Flavia z najjemnej\u0161ej organickej elastickej bavlny v\u00e1s obklop\u00ed svojou jemnos\u0165ou. Hebk\u00e1 tkanina dovol\u00ed vynikn\u00fa\u0165 va\u0161ej \u017eenskosti.","breadcrumb":{"@id":"https:\/\/www.ladime.sk\/zeny\/damske-topy\/damsky-organic-top-flavia\/#breadcrumb"},"inLanguage":"cs","potentialAction":[{"@type":"ReadAction","target":["https:\/\/www.ladime.sk\/zeny\/damske-topy\/damsky-organic-top-flavia\/"]}]},{"@type":"ImageObject","inLanguage":"cs","@id":"https:\/\/www.ladime.sk\/zeny\/damske-topy\/damsky-organic-top-flavia\/#primaryimage","url":"https:\/\/www.ladime.sk\/wp-content\/uploads\/2024\/11\/DSC5078male.jpg","contentUrl":"https:\/\/www.ladime.sk\/wp-content\/uploads\/2024\/11\/DSC5078male.jpg","width":1440,"height":1920},{"@type":"BreadcrumbList","@id":"https:\/\/www.ladime.sk\/zeny\/damske-topy\/damsky-organic-top-flavia\/#breadcrumb","itemListElement":[{"@type":"ListItem","position":1,"name":"\u00davod","item":"https:\/\/www.ladime.sk\/"},{"@type":"ListItem","position":2,"name":"Obchod","item":"https:\/\/www.ladime.sk\/cs\/shop-cs\/"},{"@type":"ListItem","position":3,"name":"D\u00e1msky ORGANIC top Flavia"}]},{"@type":"WebSite","@id":"https:\/\/www.ladime.sk\/#website","url":"https:\/\/www.ladime.sk\/","name":"ladime.sk","description":"Ke\u010f lad\u00edme so svetom, mysl\u00edme na bud\u00facnos\u0165.","publisher":{"@id":"https:\/\/www.ladime.sk\/#organization"},"potentialAction":[{"@type":"SearchAction","target":{"@type":"EntryPoint","urlTemplate":"https:\/\/www.ladime.sk\/?s={search_term_string}"},"query-input":{"@type":"PropertyValueSpecification","valueRequired":true,"valueName":"search_term_string"}}],"inLanguage":"cs"},{"@type":"Organization","@id":"https:\/\/www.ladime.sk\/#organization","name":"Lad\u00edme","url":"https:\/\/www.ladime.sk\/","logo":{"@type":"ImageObject","inLanguage":"cs","@id":"https:\/\/www.ladime.sk\/#\/schema\/logo\/image\/","url":"https:\/\/www.ladime.sk\/wp-content\/uploads\/2021\/08\/logo_ladime.svg","contentUrl":"https:\/\/www.ladime.sk\/wp-content\/uploads\/2021\/08\/logo_ladime.svg","width":366,"height":185,"caption":"Lad\u00edme"},"image":{"@id":"https:\/\/www.ladime.sk\/#\/schema\/logo\/image\/"}}]}},"_links":{"self":[{"href":"https:\/\/www.ladime.sk\/cs\/wp-json\/wp\/v2\/product\/5682346","targetHints":{"allow":["GET"]}}],"collection":[{"href":"https:\/\/www.ladime.sk\/cs\/wp-json\/wp\/v2\/product"}],"about":[{"href":"https:\/\/www.ladime.sk\/cs\/wp-json\/wp\/v2\/types\/product"}],"replies":[{"embeddable":true,"href":"https:\/\/www.ladime.sk\/cs\/wp-json\/wp\/v2\/comments?post=5682346"}],"version-history":[{"count":0,"href":"https:\/\/www.ladime.sk\/cs\/wp-json\/wp\/v2\/product\/5682346\/revisions"}],"wp:featuredmedia":[{"embeddable":true,"href":"https:\/\/www.ladime.sk\/cs\/wp-json\/wp\/v2\/media\/5683413"}],"wp:attachment":[{"href":"https:\/\/www.ladime.sk\/cs\/wp-json\/wp\/v2\/media?parent=5682346"}],"wp:term":[{"taxonomy":"product_brand","embeddable":true,"href":"https:\/\/www.ladime.sk\/cs\/wp-json\/wp\/v2\/product_brand?post=5682346"},{"taxonomy":"product_cat","embeddable":true,"href":"https:\/\/www.ladime.sk\/cs\/wp-json\/wp\/v2\/product_cat?post=5682346"},{"taxonomy":"product_tag","embeddable":true,"href":"https:\/\/www.ladime.sk\/cs\/wp-json\/wp\/v2\/product_tag?post=5682346"}],"curies":[{"name":"wp","href":"https:\/\/api.w.org\/{rel}","templated":true}]}}