{"id":5681511,"date":"2024-03-06T11:47:14","date_gmt":"2024-03-06T10:47:14","guid":{"rendered":"https:\/\/www.ladime.sk\/?post_type=product&#038;p=5681511"},"modified":"2026-03-25T18:01:42","modified_gmt":"2026-03-25T17:01:42","slug":"panska-softshellova-bombera-andrew","status":"publish","type":"product","link":"https:\/\/www.ladime.sk\/cs\/muzi\/panske-bundy-parky\/panska-softshellova-bombera-andrew\/","title":{"rendered":"P\u00e1nska nepremokav\u00e1 softshellov\u00e1 bombera Andrew"},"content":{"rendered":"<div class=\"kvgmc6g5 cxmmr5t8 oygrvhab hcukyx3x c1et5uql\">\n<div class=\"kvgmc6g5 cxmmr5t8 oygrvhab hcukyx3x c1et5uql\">\n<div class=\"kvgmc6g5 cxmmr5t8 oygrvhab hcukyx3x c1et5uql\">\n<h2>Ikonick\u00e1 p\u00e1nska softshellov\u00e1 bombera &#8211; spojenie \u0161portovej funk\u010dnosti a mestskej elegancie<\/h2>\n<p><strong>P\u00e1nska softshellov\u00e1 bombera Andrew<\/strong> s miernym stojat\u00fdm golierom zaujme svoj\u00edm vkusn\u00fdm preveden\u00edm nielen mu\u017esk\u00e9 oko. U\u0161it\u00e1 je v strihu do p\u00e1sa so zap\u00ednan\u00edm na zips skryt\u00fdm pod l\u00e9gou. Ruk\u00e1vy s\u00fa rovn\u00e9, dole zakon\u010den\u00e9 \u0161ik man\u017eetou, ktor\u00e1 im dod\u00e1va uhladen\u00fd efekt. \u0160t\u00fdlov\u00e9 vrecko na \u013eavom ruk\u00e1ve e\u0161te viac zv\u00fdrazn\u00ed jej p\u00f4sobiv\u00fd punc.<\/p>\n<p><strong><a href=\"https:\/\/www.ladime.sk\/muzi\/panske-bundy-parky\/\">P\u00e1nska bombera<\/a><\/strong> Andrew je <strong><a href=\"https:\/\/www.ladime.sk\/\" target=\"_blank\" rel=\"noopener\">udr\u017eate\u013en\u00fd k\u00fasok<\/a><\/strong> u\u0161it\u00fd z priedu\u0161n\u00e9ho softshellu vyroben\u00e9ho z recyklovan\u00fdch flia\u0161. Tento materi\u00e1l vynik\u00e1 kvalitou a ochr\u00e1ni pred nepriazniv\u00fdm po\u010das\u00edm vo vetre i v da\u017edi. Zabezpe\u010d\u00ed tak komfort aj po\u010das bl\u00e1zniv\u00fdch jarn\u00fdch \u010di jesenn\u00fdch dn\u00ed.<\/p>\n<\/div>\n<\/div>\n<div class=\"kvgmc6g5 cxmmr5t8 oygrvhab hcukyx3x c1et5uql\">\n<div class=\"kvgmc6g5 cxmmr5t8 oygrvhab hcukyx3x c1et5uql\">\n<div class=\"kvgmc6g5 cxmmr5t8 oygrvhab hcukyx3x c1et5uql\">\n<div class=\"kvgmc6g5 cxmmr5t8 oygrvhab hcukyx3x c1et5uql\">\n<ul>\n<li>Raglanov\u00e9 ruk\u00e1vy s vyrazn\u00fdmi man\u017eetami<\/li>\n<li>Dve bo\u010dn\u00e9 vonkaj\u0161ie vreck\u00e1, jedno vrecko na zap\u00ednanie na ruk\u00e1ve a dve skryt\u00e9 vn\u00fatorn\u00e9 vreck\u00e1<\/li>\n<li>U\u0161ko na zavesenie<\/li>\n<li>Vhodn\u00e9 na jese\u0148, jar, vlhk\u00e9 a upr\u0161an\u00e9 po\u010dasie na prech\u00e1dzku do mesta i do lesa<\/li>\n<li>Vodeodoln\u00e1, priedu\u0161n\u00e1, vetruodoln\u00e1<\/li>\n<\/ul>\n<\/div>\n<\/div>\n<div class=\"kvgmc6g5 cxmmr5t8 oygrvhab hcukyx3x c1et5uql\">\n<div class=\"kvgmc6g5 cxmmr5t8 oygrvhab hcukyx3x c1et5uql\">\n<p>Materi\u00e1l &#8211; trojvrstvov\u00fd softshell:<\/p>\n<p>Vodeodolnos\u0165 17 000 mm<br \/>\nPriedu\u0161nos\u0165 3000 g\/m2\/24h<\/p>\n<p>Softshell sa sklad\u00e1 z troch vrstiev s membr\u00e1nou.<\/p>\n<\/div>\n<\/div>\n<\/div>\n<div class=\"o9v6fnle cxmmr5t8 oygrvhab hcukyx3x c1et5uql\"><\/div>\n<div class=\"o9v6fnle cxmmr5t8 oygrvhab hcukyx3x c1et5uql\">Model Robin m\u00e1 oble\u010den\u00fa ve\u013ekos\u0165 L. V\u00fd\u0161ka modela: 195cm<\/div>\n<\/div>\n<\/div>\n","protected":false},"excerpt":{"rendered":"<div>\n<p>Ruk\u00e1vy s v\u00fdrazn\u00fdmi man\u017eetami, dve bo\u010dn\u00e9 vreck\u00e1, vodoodolnos\u0165, priedu\u0161nos\u0165 a vetruodolnos\u0165. To v\u0161etko pon\u00faka p\u00e1nska softshellov\u00e1 bombera Andrew. T\u00e1to p\u00e1nska bombera je ide\u00e1lna na nosenie na jese\u0148 aj na jar a nesklame v\u00e1s ani v da\u017edivom po\u010das\u00ed.<\/p>\n<\/div>\n<div><strong style=\"font-size: 16px;\">Popis materi\u00e1lu: <\/strong><span style=\"font-size: 16px;\">\u00a0softshell s membr\u00e1nou a zateplen\u00edm fleesom<\/span><\/div>\n<div><strong>Certifik\u00e1ty: <\/strong>OEKO-TEX 100<\/div>\n<div class=\"o9v6fnle cxmmr5t8 oygrvhab hcukyx3x c1et5uql\"><strong>Materi\u00e1lov\u00e9 zlo\u017eenie:<\/strong> 100% PES + TPU membr\u00e1na<\/div>\n","protected":false},"featured_media":5681713,"comment_status":"closed","ping_status":"closed","template":"","meta":{"_acf_changed":false,"inline_featured_image":false},"product_brand":[],"product_cat":[381],"product_tag":[],"class_list":{"0":"post-5681511","1":"product","2":"type-product","3":"status-publish","4":"has-post-thumbnail","6":"product_cat-panske-bundy-parky","8":"first","9":"instock","10":"shipping-taxable","11":"purchasable","12":"product-type-variable","13":"wvs-archive-product-wrapper"},"acf":[],"yoast_head":"<!-- This site is optimized with the Yoast SEO plugin v27.4 - https:\/\/yoast.com\/product\/yoast-seo-wordpress\/ -->\n<title>P\u00e1nska nepremokav\u00e1 softshellov\u00e1 bombera Andrew - ladime.sk<\/title>\n<meta name=\"description\" content=\"P\u00e1nska softshellov\u00e1 bombera Andrew je spojen\u00edm \u0161portovej funk\u010dnosti a mestskej elegancie v ka\u017edom detaile. Vodeodoln\u00e1 a nepref\u00fakav\u00e1.\" \/>\n<meta name=\"robots\" content=\"index, follow, max-snippet:-1, max-image-preview:large, max-video-preview:-1\" \/>\n<link rel=\"canonical\" href=\"https:\/\/www.ladime.sk\/muzi\/panske-bundy-parky\/panska-softshellova-bombera-andrew\/\" \/>\n<meta property=\"og:locale\" content=\"cs_CZ\" \/>\n<meta property=\"og:type\" content=\"article\" \/>\n<meta property=\"og:title\" content=\"P\u00e1nska nepremokav\u00e1 softshellov\u00e1 bombera Andrew - ladime.sk\" \/>\n<meta property=\"og:description\" content=\"P\u00e1nska softshellov\u00e1 bombera Andrew je spojen\u00edm \u0161portovej funk\u010dnosti a mestskej elegancie v ka\u017edom detaile. Vodeodoln\u00e1 a nepref\u00fakav\u00e1.\" \/>\n<meta property=\"og:url\" content=\"https:\/\/www.ladime.sk\/muzi\/panske-bundy-parky\/panska-softshellova-bombera-andrew\/\" \/>\n<meta property=\"og:site_name\" content=\"ladime.sk\" \/>\n<meta property=\"article:modified_time\" content=\"2026-03-25T17:01:42+00:00\" \/>\n<meta property=\"og:image\" content=\"https:\/\/www.ladime.sk\/wp-content\/uploads\/2024\/03\/ladime_muzi_panska_bombera_softshell_zelena_rifle_nohavice_modra_slovenska-znacka_slovenska-moda_handmade_4.jpg\" \/>\n\t<meta property=\"og:image:width\" content=\"1536\" \/>\n\t<meta property=\"og:image:height\" content=\"1920\" \/>\n\t<meta property=\"og:image:type\" content=\"image\/jpeg\" \/>\n<meta name=\"twitter:card\" content=\"summary_large_image\" \/>\n<meta name=\"twitter:label1\" content=\"Odhadovan\u00e1 doba \u010dten\u00ed\" \/>\n\t<meta name=\"twitter:data1\" content=\"2 minuty\" \/>\n<script type=\"application\/ld+json\" class=\"yoast-schema-graph\">{\"@context\":\"https:\\\/\\\/schema.org\",\"@graph\":[{\"@type\":\"WebPage\",\"@id\":\"https:\\\/\\\/www.ladime.sk\\\/muzi\\\/panske-bundy-parky\\\/panska-softshellova-bombera-andrew\\\/\",\"url\":\"https:\\\/\\\/www.ladime.sk\\\/muzi\\\/panske-bundy-parky\\\/panska-softshellova-bombera-andrew\\\/\",\"name\":\"P\u00e1nska nepremokav\u00e1 softshellov\u00e1 bombera Andrew - ladime.sk\",\"isPartOf\":{\"@id\":\"https:\\\/\\\/www.ladime.sk\\\/#website\"},\"primaryImageOfPage\":{\"@id\":\"https:\\\/\\\/www.ladime.sk\\\/muzi\\\/panske-bundy-parky\\\/panska-softshellova-bombera-andrew\\\/#primaryimage\"},\"image\":{\"@id\":\"https:\\\/\\\/www.ladime.sk\\\/muzi\\\/panske-bundy-parky\\\/panska-softshellova-bombera-andrew\\\/#primaryimage\"},\"thumbnailUrl\":\"https:\\\/\\\/www.ladime.sk\\\/wp-content\\\/uploads\\\/2024\\\/03\\\/ladime_muzi_panska_bombera_softshell_zelena_rifle_nohavice_modra_slovenska-znacka_slovenska-moda_handmade_4.jpg\",\"datePublished\":\"2024-03-06T10:47:14+00:00\",\"dateModified\":\"2026-03-25T17:01:42+00:00\",\"description\":\"P\u00e1nska softshellov\u00e1 bombera Andrew je spojen\u00edm \u0161portovej funk\u010dnosti a mestskej elegancie v ka\u017edom detaile. Vodeodoln\u00e1 a nepref\u00fakav\u00e1.\",\"breadcrumb\":{\"@id\":\"https:\\\/\\\/www.ladime.sk\\\/muzi\\\/panske-bundy-parky\\\/panska-softshellova-bombera-andrew\\\/#breadcrumb\"},\"inLanguage\":\"cs\",\"potentialAction\":[{\"@type\":\"ReadAction\",\"target\":[\"https:\\\/\\\/www.ladime.sk\\\/muzi\\\/panske-bundy-parky\\\/panska-softshellova-bombera-andrew\\\/\"]}]},{\"@type\":\"ImageObject\",\"inLanguage\":\"cs\",\"@id\":\"https:\\\/\\\/www.ladime.sk\\\/muzi\\\/panske-bundy-parky\\\/panska-softshellova-bombera-andrew\\\/#primaryimage\",\"url\":\"https:\\\/\\\/www.ladime.sk\\\/wp-content\\\/uploads\\\/2024\\\/03\\\/ladime_muzi_panska_bombera_softshell_zelena_rifle_nohavice_modra_slovenska-znacka_slovenska-moda_handmade_4.jpg\",\"contentUrl\":\"https:\\\/\\\/www.ladime.sk\\\/wp-content\\\/uploads\\\/2024\\\/03\\\/ladime_muzi_panska_bombera_softshell_zelena_rifle_nohavice_modra_slovenska-znacka_slovenska-moda_handmade_4.jpg\",\"width\":1536,\"height\":1920},{\"@type\":\"BreadcrumbList\",\"@id\":\"https:\\\/\\\/www.ladime.sk\\\/muzi\\\/panske-bundy-parky\\\/panska-softshellova-bombera-andrew\\\/#breadcrumb\",\"itemListElement\":[{\"@type\":\"ListItem\",\"position\":1,\"name\":\"\u00davod\",\"item\":\"https:\\\/\\\/www.ladime.sk\\\/\"},{\"@type\":\"ListItem\",\"position\":2,\"name\":\"Obchod\",\"item\":\"https:\\\/\\\/www.ladime.sk\\\/cs\\\/shop-cs\\\/\"},{\"@type\":\"ListItem\",\"position\":3,\"name\":\"P\u00e1nska nepremokav\u00e1 softshellov\u00e1 bombera Andrew\"}]},{\"@type\":\"WebSite\",\"@id\":\"https:\\\/\\\/www.ladime.sk\\\/#website\",\"url\":\"https:\\\/\\\/www.ladime.sk\\\/\",\"name\":\"ladime.sk\",\"description\":\"Ke\u010f lad\u00edme so svetom, mysl\u00edme na bud\u00facnos\u0165.\",\"publisher\":{\"@id\":\"https:\\\/\\\/www.ladime.sk\\\/#organization\"},\"potentialAction\":[{\"@type\":\"SearchAction\",\"target\":{\"@type\":\"EntryPoint\",\"urlTemplate\":\"https:\\\/\\\/www.ladime.sk\\\/?s={search_term_string}\"},\"query-input\":{\"@type\":\"PropertyValueSpecification\",\"valueRequired\":true,\"valueName\":\"search_term_string\"}}],\"inLanguage\":\"cs\"},{\"@type\":\"Organization\",\"@id\":\"https:\\\/\\\/www.ladime.sk\\\/#organization\",\"name\":\"Lad\u00edme\",\"url\":\"https:\\\/\\\/www.ladime.sk\\\/\",\"logo\":{\"@type\":\"ImageObject\",\"inLanguage\":\"cs\",\"@id\":\"https:\\\/\\\/www.ladime.sk\\\/#\\\/schema\\\/logo\\\/image\\\/\",\"url\":\"https:\\\/\\\/www.ladime.sk\\\/wp-content\\\/uploads\\\/2021\\\/08\\\/logo_ladime.svg\",\"contentUrl\":\"https:\\\/\\\/www.ladime.sk\\\/wp-content\\\/uploads\\\/2021\\\/08\\\/logo_ladime.svg\",\"width\":366,\"height\":185,\"caption\":\"Lad\u00edme\"},\"image\":{\"@id\":\"https:\\\/\\\/www.ladime.sk\\\/#\\\/schema\\\/logo\\\/image\\\/\"}}]}<\/script>\n<!-- \/ Yoast SEO plugin. -->","yoast_head_json":{"title":"P\u00e1nska nepremokav\u00e1 softshellov\u00e1 bombera Andrew - ladime.sk","description":"P\u00e1nska softshellov\u00e1 bombera Andrew je spojen\u00edm \u0161portovej funk\u010dnosti a mestskej elegancie v ka\u017edom detaile. Vodeodoln\u00e1 a nepref\u00fakav\u00e1.","robots":{"index":"index","follow":"follow","max-snippet":"max-snippet:-1","max-image-preview":"max-image-preview:large","max-video-preview":"max-video-preview:-1"},"canonical":"https:\/\/www.ladime.sk\/muzi\/panske-bundy-parky\/panska-softshellova-bombera-andrew\/","og_locale":"cs_CZ","og_type":"article","og_title":"P\u00e1nska nepremokav\u00e1 softshellov\u00e1 bombera Andrew - ladime.sk","og_description":"P\u00e1nska softshellov\u00e1 bombera Andrew je spojen\u00edm \u0161portovej funk\u010dnosti a mestskej elegancie v ka\u017edom detaile. Vodeodoln\u00e1 a nepref\u00fakav\u00e1.","og_url":"https:\/\/www.ladime.sk\/muzi\/panske-bundy-parky\/panska-softshellova-bombera-andrew\/","og_site_name":"ladime.sk","article_modified_time":"2026-03-25T17:01:42+00:00","og_image":[{"width":1536,"height":1920,"url":"https:\/\/www.ladime.sk\/wp-content\/uploads\/2024\/03\/ladime_muzi_panska_bombera_softshell_zelena_rifle_nohavice_modra_slovenska-znacka_slovenska-moda_handmade_4.jpg","type":"image\/jpeg"}],"twitter_card":"summary_large_image","twitter_misc":{"Odhadovan\u00e1 doba \u010dten\u00ed":"2 minuty"},"schema":{"@context":"https:\/\/schema.org","@graph":[{"@type":"WebPage","@id":"https:\/\/www.ladime.sk\/muzi\/panske-bundy-parky\/panska-softshellova-bombera-andrew\/","url":"https:\/\/www.ladime.sk\/muzi\/panske-bundy-parky\/panska-softshellova-bombera-andrew\/","name":"P\u00e1nska nepremokav\u00e1 softshellov\u00e1 bombera Andrew - ladime.sk","isPartOf":{"@id":"https:\/\/www.ladime.sk\/#website"},"primaryImageOfPage":{"@id":"https:\/\/www.ladime.sk\/muzi\/panske-bundy-parky\/panska-softshellova-bombera-andrew\/#primaryimage"},"image":{"@id":"https:\/\/www.ladime.sk\/muzi\/panske-bundy-parky\/panska-softshellova-bombera-andrew\/#primaryimage"},"thumbnailUrl":"https:\/\/www.ladime.sk\/wp-content\/uploads\/2024\/03\/ladime_muzi_panska_bombera_softshell_zelena_rifle_nohavice_modra_slovenska-znacka_slovenska-moda_handmade_4.jpg","datePublished":"2024-03-06T10:47:14+00:00","dateModified":"2026-03-25T17:01:42+00:00","description":"P\u00e1nska softshellov\u00e1 bombera Andrew je spojen\u00edm \u0161portovej funk\u010dnosti a mestskej elegancie v ka\u017edom detaile. Vodeodoln\u00e1 a nepref\u00fakav\u00e1.","breadcrumb":{"@id":"https:\/\/www.ladime.sk\/muzi\/panske-bundy-parky\/panska-softshellova-bombera-andrew\/#breadcrumb"},"inLanguage":"cs","potentialAction":[{"@type":"ReadAction","target":["https:\/\/www.ladime.sk\/muzi\/panske-bundy-parky\/panska-softshellova-bombera-andrew\/"]}]},{"@type":"ImageObject","inLanguage":"cs","@id":"https:\/\/www.ladime.sk\/muzi\/panske-bundy-parky\/panska-softshellova-bombera-andrew\/#primaryimage","url":"https:\/\/www.ladime.sk\/wp-content\/uploads\/2024\/03\/ladime_muzi_panska_bombera_softshell_zelena_rifle_nohavice_modra_slovenska-znacka_slovenska-moda_handmade_4.jpg","contentUrl":"https:\/\/www.ladime.sk\/wp-content\/uploads\/2024\/03\/ladime_muzi_panska_bombera_softshell_zelena_rifle_nohavice_modra_slovenska-znacka_slovenska-moda_handmade_4.jpg","width":1536,"height":1920},{"@type":"BreadcrumbList","@id":"https:\/\/www.ladime.sk\/muzi\/panske-bundy-parky\/panska-softshellova-bombera-andrew\/#breadcrumb","itemListElement":[{"@type":"ListItem","position":1,"name":"\u00davod","item":"https:\/\/www.ladime.sk\/"},{"@type":"ListItem","position":2,"name":"Obchod","item":"https:\/\/www.ladime.sk\/cs\/shop-cs\/"},{"@type":"ListItem","position":3,"name":"P\u00e1nska nepremokav\u00e1 softshellov\u00e1 bombera Andrew"}]},{"@type":"WebSite","@id":"https:\/\/www.ladime.sk\/#website","url":"https:\/\/www.ladime.sk\/","name":"ladime.sk","description":"Ke\u010f lad\u00edme so svetom, mysl\u00edme na bud\u00facnos\u0165.","publisher":{"@id":"https:\/\/www.ladime.sk\/#organization"},"potentialAction":[{"@type":"SearchAction","target":{"@type":"EntryPoint","urlTemplate":"https:\/\/www.ladime.sk\/?s={search_term_string}"},"query-input":{"@type":"PropertyValueSpecification","valueRequired":true,"valueName":"search_term_string"}}],"inLanguage":"cs"},{"@type":"Organization","@id":"https:\/\/www.ladime.sk\/#organization","name":"Lad\u00edme","url":"https:\/\/www.ladime.sk\/","logo":{"@type":"ImageObject","inLanguage":"cs","@id":"https:\/\/www.ladime.sk\/#\/schema\/logo\/image\/","url":"https:\/\/www.ladime.sk\/wp-content\/uploads\/2021\/08\/logo_ladime.svg","contentUrl":"https:\/\/www.ladime.sk\/wp-content\/uploads\/2021\/08\/logo_ladime.svg","width":366,"height":185,"caption":"Lad\u00edme"},"image":{"@id":"https:\/\/www.ladime.sk\/#\/schema\/logo\/image\/"}}]}},"_links":{"self":[{"href":"https:\/\/www.ladime.sk\/cs\/wp-json\/wp\/v2\/product\/5681511","targetHints":{"allow":["GET"]}}],"collection":[{"href":"https:\/\/www.ladime.sk\/cs\/wp-json\/wp\/v2\/product"}],"about":[{"href":"https:\/\/www.ladime.sk\/cs\/wp-json\/wp\/v2\/types\/product"}],"replies":[{"embeddable":true,"href":"https:\/\/www.ladime.sk\/cs\/wp-json\/wp\/v2\/comments?post=5681511"}],"version-history":[{"count":0,"href":"https:\/\/www.ladime.sk\/cs\/wp-json\/wp\/v2\/product\/5681511\/revisions"}],"wp:featuredmedia":[{"embeddable":true,"href":"https:\/\/www.ladime.sk\/cs\/wp-json\/wp\/v2\/media\/5681713"}],"wp:attachment":[{"href":"https:\/\/www.ladime.sk\/cs\/wp-json\/wp\/v2\/media?parent=5681511"}],"wp:term":[{"taxonomy":"product_brand","embeddable":true,"href":"https:\/\/www.ladime.sk\/cs\/wp-json\/wp\/v2\/product_brand?post=5681511"},{"taxonomy":"product_cat","embeddable":true,"href":"https:\/\/www.ladime.sk\/cs\/wp-json\/wp\/v2\/product_cat?post=5681511"},{"taxonomy":"product_tag","embeddable":true,"href":"https:\/\/www.ladime.sk\/cs\/wp-json\/wp\/v2\/product_tag?post=5681511"}],"curies":[{"name":"wp","href":"https:\/\/api.w.org\/{rel}","templated":true}]}}