{"id":5681495,"date":"2024-03-13T19:31:16","date_gmt":"2024-03-13T18:31:16","guid":{"rendered":"https:\/\/www.ladime.sk\/?post_type=product&#038;p=5681495"},"modified":"2025-10-21T08:21:47","modified_gmt":"2025-10-21T06:21:47","slug":"damske-organic-nohavice-amia","status":"publish","type":"product","link":"https:\/\/www.ladime.sk\/cs\/zeny\/damske-nohavice\/damske-organic-nohavice-amia\/","title":{"rendered":"D\u00e1mske ORGANIC nohavice Amia"},"content":{"rendered":"<div class=\"kvgmc6g5 cxmmr5t8 oygrvhab hcukyx3x c1et5uql\">\n<div class=\"kvgmc6g5 cxmmr5t8 oygrvhab hcukyx3x c1et5uql\">\n<h2>D\u00e1mske ORGANIC nohavice Amia &#8211; zmysel pre detail<\/h2>\n<\/div>\n<p>Oble\u010dte sa do nohav\u00edc z certifikovanej organickej bavlny, ktor\u00e9 nes\u00fa v sebe jedine\u010dn\u00fd \u0161arm kr\u00e1snych a zauj\u00edmav\u00fdch z\u00e1\u0161evkov. Tieto detaily nie len dod\u00e1vaj\u00fa eleganciu, ale aj jedine\u010dnos\u0165 cel\u00e9mu k\u00fasku. <strong>Organick\u00e1 bavlna,<\/strong> z ktorej s\u00fa vyroben\u00e9, je nielen ve\u013emi jemn\u00e1 na dotyk, ale aj priedu\u0161n\u00e1. Pestovan\u00e1 je ekologicky s oh\u013eadom na udr\u017eate\u013enos\u0165, \u010d\u00edm sa st\u00e1va nielen \u0161t\u00fdlov\u00fdm, ale aj oh\u013eadupln\u00fdm v\u00fdberom pre v\u00e1\u0161 \u0161atn\u00edk<\/p>\n<div class=\"kvgmc6g5 cxmmr5t8 oygrvhab hcukyx3x c1et5uql\">\n<p>Tieto nad\u010dasov\u00e9 <strong><a href=\"https:\/\/www.ladime.sk\/zeny\/damske-nohavice\/\" target=\"_blank\" rel=\"noopener\">d\u00e1mske nohavice Amia<\/a><\/strong> sa stan\u00fa va\u0161\u00edm najob\u013e\u00fabenej\u0161\u00edm k\u00faskom. M\u00f4\u017eete ich kombinova\u0165 s\u00a0teniskami i\u00a0lodi\u010dkami. Ak chcete zd\u00f4razni\u0165 ich eleganciu, sta\u010d\u00ed prida\u0165 priliehav\u00fd <strong><a href=\"https:\/\/www.ladime.sk\/zeny\/damske-topy\/\" target=\"_blank\" rel=\"noopener\">top<\/a><\/strong> a spolu s le\u017e\u00e9rnymi topmi navod\u00edte pocit vo\u013eno\u010dasov\u00e9ho k\u00fasku. Vybra\u0165 si ich m\u00f4\u017eete v\u00a0r\u00f4znych farebn\u00fdch odtie\u0148och.<\/p>\n<\/div>\n<div class=\"o9v6fnle cxmmr5t8 oygrvhab hcukyx3x c1et5uql\"><\/div>\n<div class=\"o9v6fnle cxmmr5t8 oygrvhab hcukyx3x c1et5uql\">Modelka Mia m\u00e1 oble\u010den\u00fa ve\u013ekos\u0165 36. V\u00fd\u0161ka modelky: 163cm a miery: 93-70-95<\/div>\n<\/div>\n","protected":false},"excerpt":{"rendered":"<div>UDR\u017dATE\u013dN\u00dd K\u00daSOK<\/div>\n<div>\n<p><strong>D\u00e1mske ORGANIC nohavice Amia<\/strong> u\u0161it\u00e9 z jemnej biobavlny s pridan\u00fdm elastanom naplnia va\u0161e po\u017eiadavky na kvalitu aj pohodlie. Strih so zv\u00fdraznen\u00fdm detailmi, ktor\u00e9 nohaviciam dod\u00e1vaj\u00fa na zauj\u00edmavosti, d\u00e1va vynikn\u00fa\u0165 postave. Kombinova\u0165 ich m\u00f4\u017eete s topmi z na\u0161ej ponuky.<\/p>\n<\/div>\n<div><strong>Materi\u00e1lov\u00e9 zlo\u017eenie:<\/strong> 95% BIO bavlna 5% elastan<\/div>\n<div><strong>Farba:\u00a0<\/strong>\u010dierna, biela, tmav\u00e1 ihli\u010dnat\u00e1 zelen\u00e1<\/div>\n<div>\n<div><strong>Certifik\u00e1ty materi\u00e1lu: <\/strong>OEKO-TEX 100, Trieda 1<\/div>\n<div>\u00a0 \u00a0 \u00a0 \u00a0 \u00a0 \u00a0 \u00a0 \u00a0 \u00a0 \u00a0 \u00a0 \u00a0 \u00a0 \u00a0 \u00a0 \u00a0 \u00a0 \u00a0 \u00a0 \u00a0 \u00a0 \u00a0 \u00a0 \u00a0 ORGANIC<\/div>\n<\/div>\n<div class=\"o9v6fnle cxmmr5t8 oygrvhab hcukyx3x c1et5uql\"><strong>Popis materi\u00e1lu:<\/strong> nepo\u010desan\u00e1 organick\u00e1 elastick\u00e1 bavlna, vhodn\u00e1 na ka\u017edodenn\u00e9 nosenie po\u010das cel\u00e9ho roka<\/div>\n<div><\/div>\n<div><\/div>\n<div><\/div>\n<div class=\"o9v6fnle cxmmr5t8 oygrvhab hcukyx3x c1et5uql\"><\/div>\n","protected":false},"featured_media":5681739,"comment_status":"closed","ping_status":"closed","template":"","meta":{"_acf_changed":false,"inline_featured_image":false},"product_brand":[],"product_cat":[88],"product_tag":[],"class_list":{"0":"post-5681495","1":"product","2":"type-product","3":"status-publish","4":"has-post-thumbnail","6":"product_cat-damske-nohavice","8":"first","9":"instock","10":"shipping-taxable","11":"purchasable","12":"product-type-variable","13":"wvs-archive-product-wrapper"},"acf":[],"yoast_head":"<!-- This site is optimized with the Yoast SEO plugin v27.4 - https:\/\/yoast.com\/product\/yoast-seo-wordpress\/ -->\n<title>D\u00e1mske ORGANIC nohavice Amia - ladime.sk<\/title>\n<meta name=\"description\" content=\"D\u00e1mske ORGANIC nohavice Amia s p\u00f4sobiv\u00fdmi z\u00e1\u0161evkami sp\u00e1jaj\u00fa m\u00f3dnu jedine\u010dnos\u0165 s oh\u013eaduplnos\u0165ou k \u017eivotn\u00e9mu prostrediu aj v\u010faka pou\u017eitej organickej bavlne.\" \/>\n<meta name=\"robots\" content=\"index, follow, max-snippet:-1, max-image-preview:large, max-video-preview:-1\" \/>\n<link rel=\"canonical\" href=\"https:\/\/www.ladime.sk\/zeny\/damske-nohavice\/damske-organic-nohavice-amia\/\" \/>\n<meta property=\"og:locale\" content=\"cs_CZ\" \/>\n<meta property=\"og:type\" content=\"article\" \/>\n<meta property=\"og:title\" content=\"D\u00e1mske ORGANIC nohavice Amia - ladime.sk\" \/>\n<meta property=\"og:description\" content=\"D\u00e1mske ORGANIC nohavice Amia s p\u00f4sobiv\u00fdmi z\u00e1\u0161evkami sp\u00e1jaj\u00fa m\u00f3dnu jedine\u010dnos\u0165 s oh\u013eaduplnos\u0165ou k \u017eivotn\u00e9mu prostrediu aj v\u010faka pou\u017eitej organickej bavlne.\" \/>\n<meta property=\"og:url\" content=\"https:\/\/www.ladime.sk\/zeny\/damske-nohavice\/damske-organic-nohavice-amia\/\" \/>\n<meta property=\"og:site_name\" content=\"ladime.sk\" \/>\n<meta property=\"article:modified_time\" content=\"2025-10-21T06:21:47+00:00\" \/>\n<meta property=\"og:image\" content=\"https:\/\/www.ladime.sk\/wp-content\/uploads\/2024\/03\/ladime_zeny_damsky-top_biobavlna_biela_-nohavice_zelena_slovenska-znacka_slovenska-moda_handmade.jpg\" \/>\n\t<meta property=\"og:image:width\" content=\"1536\" \/>\n\t<meta property=\"og:image:height\" content=\"1920\" \/>\n\t<meta property=\"og:image:type\" content=\"image\/jpeg\" \/>\n<meta name=\"twitter:card\" content=\"summary_large_image\" \/>\n<meta name=\"twitter:label1\" content=\"Odhadovan\u00e1 doba \u010dten\u00ed\" \/>\n\t<meta name=\"twitter:data1\" content=\"1 minuta\" \/>\n<script type=\"application\/ld+json\" class=\"yoast-schema-graph\">{\"@context\":\"https:\\\/\\\/schema.org\",\"@graph\":[{\"@type\":\"WebPage\",\"@id\":\"https:\\\/\\\/www.ladime.sk\\\/zeny\\\/damske-nohavice\\\/damske-organic-nohavice-amia\\\/\",\"url\":\"https:\\\/\\\/www.ladime.sk\\\/zeny\\\/damske-nohavice\\\/damske-organic-nohavice-amia\\\/\",\"name\":\"D\u00e1mske ORGANIC nohavice Amia - ladime.sk\",\"isPartOf\":{\"@id\":\"https:\\\/\\\/www.ladime.sk\\\/#website\"},\"primaryImageOfPage\":{\"@id\":\"https:\\\/\\\/www.ladime.sk\\\/zeny\\\/damske-nohavice\\\/damske-organic-nohavice-amia\\\/#primaryimage\"},\"image\":{\"@id\":\"https:\\\/\\\/www.ladime.sk\\\/zeny\\\/damske-nohavice\\\/damske-organic-nohavice-amia\\\/#primaryimage\"},\"thumbnailUrl\":\"https:\\\/\\\/www.ladime.sk\\\/wp-content\\\/uploads\\\/2024\\\/03\\\/ladime_zeny_damsky-top_biobavlna_biela_-nohavice_zelena_slovenska-znacka_slovenska-moda_handmade.jpg\",\"datePublished\":\"2024-03-13T18:31:16+00:00\",\"dateModified\":\"2025-10-21T06:21:47+00:00\",\"description\":\"D\u00e1mske ORGANIC nohavice Amia s p\u00f4sobiv\u00fdmi z\u00e1\u0161evkami sp\u00e1jaj\u00fa m\u00f3dnu jedine\u010dnos\u0165 s oh\u013eaduplnos\u0165ou k \u017eivotn\u00e9mu prostrediu aj v\u010faka pou\u017eitej organickej bavlne.\",\"breadcrumb\":{\"@id\":\"https:\\\/\\\/www.ladime.sk\\\/zeny\\\/damske-nohavice\\\/damske-organic-nohavice-amia\\\/#breadcrumb\"},\"inLanguage\":\"cs\",\"potentialAction\":[{\"@type\":\"ReadAction\",\"target\":[\"https:\\\/\\\/www.ladime.sk\\\/zeny\\\/damske-nohavice\\\/damske-organic-nohavice-amia\\\/\"]}]},{\"@type\":\"ImageObject\",\"inLanguage\":\"cs\",\"@id\":\"https:\\\/\\\/www.ladime.sk\\\/zeny\\\/damske-nohavice\\\/damske-organic-nohavice-amia\\\/#primaryimage\",\"url\":\"https:\\\/\\\/www.ladime.sk\\\/wp-content\\\/uploads\\\/2024\\\/03\\\/ladime_zeny_damsky-top_biobavlna_biela_-nohavice_zelena_slovenska-znacka_slovenska-moda_handmade.jpg\",\"contentUrl\":\"https:\\\/\\\/www.ladime.sk\\\/wp-content\\\/uploads\\\/2024\\\/03\\\/ladime_zeny_damsky-top_biobavlna_biela_-nohavice_zelena_slovenska-znacka_slovenska-moda_handmade.jpg\",\"width\":1536,\"height\":1920,\"caption\":\"vyrobene na slovensku\"},{\"@type\":\"BreadcrumbList\",\"@id\":\"https:\\\/\\\/www.ladime.sk\\\/zeny\\\/damske-nohavice\\\/damske-organic-nohavice-amia\\\/#breadcrumb\",\"itemListElement\":[{\"@type\":\"ListItem\",\"position\":1,\"name\":\"\u00davod\",\"item\":\"https:\\\/\\\/www.ladime.sk\\\/\"},{\"@type\":\"ListItem\",\"position\":2,\"name\":\"Obchod\",\"item\":\"https:\\\/\\\/www.ladime.sk\\\/cs\\\/shop-cs\\\/\"},{\"@type\":\"ListItem\",\"position\":3,\"name\":\"D\u00e1mske ORGANIC nohavice Amia\"}]},{\"@type\":\"WebSite\",\"@id\":\"https:\\\/\\\/www.ladime.sk\\\/#website\",\"url\":\"https:\\\/\\\/www.ladime.sk\\\/\",\"name\":\"ladime.sk\",\"description\":\"Ke\u010f lad\u00edme so svetom, mysl\u00edme na bud\u00facnos\u0165.\",\"publisher\":{\"@id\":\"https:\\\/\\\/www.ladime.sk\\\/#organization\"},\"potentialAction\":[{\"@type\":\"SearchAction\",\"target\":{\"@type\":\"EntryPoint\",\"urlTemplate\":\"https:\\\/\\\/www.ladime.sk\\\/?s={search_term_string}\"},\"query-input\":{\"@type\":\"PropertyValueSpecification\",\"valueRequired\":true,\"valueName\":\"search_term_string\"}}],\"inLanguage\":\"cs\"},{\"@type\":\"Organization\",\"@id\":\"https:\\\/\\\/www.ladime.sk\\\/#organization\",\"name\":\"Lad\u00edme\",\"url\":\"https:\\\/\\\/www.ladime.sk\\\/\",\"logo\":{\"@type\":\"ImageObject\",\"inLanguage\":\"cs\",\"@id\":\"https:\\\/\\\/www.ladime.sk\\\/#\\\/schema\\\/logo\\\/image\\\/\",\"url\":\"https:\\\/\\\/www.ladime.sk\\\/wp-content\\\/uploads\\\/2021\\\/08\\\/logo_ladime.svg\",\"contentUrl\":\"https:\\\/\\\/www.ladime.sk\\\/wp-content\\\/uploads\\\/2021\\\/08\\\/logo_ladime.svg\",\"width\":366,\"height\":185,\"caption\":\"Lad\u00edme\"},\"image\":{\"@id\":\"https:\\\/\\\/www.ladime.sk\\\/#\\\/schema\\\/logo\\\/image\\\/\"}}]}<\/script>\n<!-- \/ Yoast SEO plugin. -->","yoast_head_json":{"title":"D\u00e1mske ORGANIC nohavice Amia - ladime.sk","description":"D\u00e1mske ORGANIC nohavice Amia s p\u00f4sobiv\u00fdmi z\u00e1\u0161evkami sp\u00e1jaj\u00fa m\u00f3dnu jedine\u010dnos\u0165 s oh\u013eaduplnos\u0165ou k \u017eivotn\u00e9mu prostrediu aj v\u010faka pou\u017eitej organickej bavlne.","robots":{"index":"index","follow":"follow","max-snippet":"max-snippet:-1","max-image-preview":"max-image-preview:large","max-video-preview":"max-video-preview:-1"},"canonical":"https:\/\/www.ladime.sk\/zeny\/damske-nohavice\/damske-organic-nohavice-amia\/","og_locale":"cs_CZ","og_type":"article","og_title":"D\u00e1mske ORGANIC nohavice Amia - ladime.sk","og_description":"D\u00e1mske ORGANIC nohavice Amia s p\u00f4sobiv\u00fdmi z\u00e1\u0161evkami sp\u00e1jaj\u00fa m\u00f3dnu jedine\u010dnos\u0165 s oh\u013eaduplnos\u0165ou k \u017eivotn\u00e9mu prostrediu aj v\u010faka pou\u017eitej organickej bavlne.","og_url":"https:\/\/www.ladime.sk\/zeny\/damske-nohavice\/damske-organic-nohavice-amia\/","og_site_name":"ladime.sk","article_modified_time":"2025-10-21T06:21:47+00:00","og_image":[{"width":1536,"height":1920,"url":"https:\/\/www.ladime.sk\/wp-content\/uploads\/2024\/03\/ladime_zeny_damsky-top_biobavlna_biela_-nohavice_zelena_slovenska-znacka_slovenska-moda_handmade.jpg","type":"image\/jpeg"}],"twitter_card":"summary_large_image","twitter_misc":{"Odhadovan\u00e1 doba \u010dten\u00ed":"1 minuta"},"schema":{"@context":"https:\/\/schema.org","@graph":[{"@type":"WebPage","@id":"https:\/\/www.ladime.sk\/zeny\/damske-nohavice\/damske-organic-nohavice-amia\/","url":"https:\/\/www.ladime.sk\/zeny\/damske-nohavice\/damske-organic-nohavice-amia\/","name":"D\u00e1mske ORGANIC nohavice Amia - ladime.sk","isPartOf":{"@id":"https:\/\/www.ladime.sk\/#website"},"primaryImageOfPage":{"@id":"https:\/\/www.ladime.sk\/zeny\/damske-nohavice\/damske-organic-nohavice-amia\/#primaryimage"},"image":{"@id":"https:\/\/www.ladime.sk\/zeny\/damske-nohavice\/damske-organic-nohavice-amia\/#primaryimage"},"thumbnailUrl":"https:\/\/www.ladime.sk\/wp-content\/uploads\/2024\/03\/ladime_zeny_damsky-top_biobavlna_biela_-nohavice_zelena_slovenska-znacka_slovenska-moda_handmade.jpg","datePublished":"2024-03-13T18:31:16+00:00","dateModified":"2025-10-21T06:21:47+00:00","description":"D\u00e1mske ORGANIC nohavice Amia s p\u00f4sobiv\u00fdmi z\u00e1\u0161evkami sp\u00e1jaj\u00fa m\u00f3dnu jedine\u010dnos\u0165 s oh\u013eaduplnos\u0165ou k \u017eivotn\u00e9mu prostrediu aj v\u010faka pou\u017eitej organickej bavlne.","breadcrumb":{"@id":"https:\/\/www.ladime.sk\/zeny\/damske-nohavice\/damske-organic-nohavice-amia\/#breadcrumb"},"inLanguage":"cs","potentialAction":[{"@type":"ReadAction","target":["https:\/\/www.ladime.sk\/zeny\/damske-nohavice\/damske-organic-nohavice-amia\/"]}]},{"@type":"ImageObject","inLanguage":"cs","@id":"https:\/\/www.ladime.sk\/zeny\/damske-nohavice\/damske-organic-nohavice-amia\/#primaryimage","url":"https:\/\/www.ladime.sk\/wp-content\/uploads\/2024\/03\/ladime_zeny_damsky-top_biobavlna_biela_-nohavice_zelena_slovenska-znacka_slovenska-moda_handmade.jpg","contentUrl":"https:\/\/www.ladime.sk\/wp-content\/uploads\/2024\/03\/ladime_zeny_damsky-top_biobavlna_biela_-nohavice_zelena_slovenska-znacka_slovenska-moda_handmade.jpg","width":1536,"height":1920,"caption":"vyrobene na slovensku"},{"@type":"BreadcrumbList","@id":"https:\/\/www.ladime.sk\/zeny\/damske-nohavice\/damske-organic-nohavice-amia\/#breadcrumb","itemListElement":[{"@type":"ListItem","position":1,"name":"\u00davod","item":"https:\/\/www.ladime.sk\/"},{"@type":"ListItem","position":2,"name":"Obchod","item":"https:\/\/www.ladime.sk\/cs\/shop-cs\/"},{"@type":"ListItem","position":3,"name":"D\u00e1mske ORGANIC nohavice Amia"}]},{"@type":"WebSite","@id":"https:\/\/www.ladime.sk\/#website","url":"https:\/\/www.ladime.sk\/","name":"ladime.sk","description":"Ke\u010f lad\u00edme so svetom, mysl\u00edme na bud\u00facnos\u0165.","publisher":{"@id":"https:\/\/www.ladime.sk\/#organization"},"potentialAction":[{"@type":"SearchAction","target":{"@type":"EntryPoint","urlTemplate":"https:\/\/www.ladime.sk\/?s={search_term_string}"},"query-input":{"@type":"PropertyValueSpecification","valueRequired":true,"valueName":"search_term_string"}}],"inLanguage":"cs"},{"@type":"Organization","@id":"https:\/\/www.ladime.sk\/#organization","name":"Lad\u00edme","url":"https:\/\/www.ladime.sk\/","logo":{"@type":"ImageObject","inLanguage":"cs","@id":"https:\/\/www.ladime.sk\/#\/schema\/logo\/image\/","url":"https:\/\/www.ladime.sk\/wp-content\/uploads\/2021\/08\/logo_ladime.svg","contentUrl":"https:\/\/www.ladime.sk\/wp-content\/uploads\/2021\/08\/logo_ladime.svg","width":366,"height":185,"caption":"Lad\u00edme"},"image":{"@id":"https:\/\/www.ladime.sk\/#\/schema\/logo\/image\/"}}]}},"_links":{"self":[{"href":"https:\/\/www.ladime.sk\/cs\/wp-json\/wp\/v2\/product\/5681495","targetHints":{"allow":["GET"]}}],"collection":[{"href":"https:\/\/www.ladime.sk\/cs\/wp-json\/wp\/v2\/product"}],"about":[{"href":"https:\/\/www.ladime.sk\/cs\/wp-json\/wp\/v2\/types\/product"}],"replies":[{"embeddable":true,"href":"https:\/\/www.ladime.sk\/cs\/wp-json\/wp\/v2\/comments?post=5681495"}],"version-history":[{"count":0,"href":"https:\/\/www.ladime.sk\/cs\/wp-json\/wp\/v2\/product\/5681495\/revisions"}],"wp:featuredmedia":[{"embeddable":true,"href":"https:\/\/www.ladime.sk\/cs\/wp-json\/wp\/v2\/media\/5681739"}],"wp:attachment":[{"href":"https:\/\/www.ladime.sk\/cs\/wp-json\/wp\/v2\/media?parent=5681495"}],"wp:term":[{"taxonomy":"product_brand","embeddable":true,"href":"https:\/\/www.ladime.sk\/cs\/wp-json\/wp\/v2\/product_brand?post=5681495"},{"taxonomy":"product_cat","embeddable":true,"href":"https:\/\/www.ladime.sk\/cs\/wp-json\/wp\/v2\/product_cat?post=5681495"},{"taxonomy":"product_tag","embeddable":true,"href":"https:\/\/www.ladime.sk\/cs\/wp-json\/wp\/v2\/product_tag?post=5681495"}],"curies":[{"name":"wp","href":"https:\/\/api.w.org\/{rel}","templated":true}]}}