{"id":5681479,"date":"2024-03-13T19:31:20","date_gmt":"2024-03-13T18:31:20","guid":{"rendered":"https:\/\/www.ladime.sk\/?post_type=product&#038;p=5681479"},"modified":"2026-02-04T14:53:40","modified_gmt":"2026-02-04T13:53:40","slug":"damske-organic-saty-viktoria","status":"publish","type":"product","link":"https:\/\/www.ladime.sk\/cs\/zeny\/damske-saty\/damske-organic-saty-viktoria\/","title":{"rendered":"D\u00e1mske ORGANIC \u0161aty Viktoria"},"content":{"rendered":"<h2>D\u00e1mske ORGANIC \u0161aty Viktoria \u2014 P\u00f4vab Jednoduchosti<\/h2>\n<p>Vytvorte si svoj vlastn\u00fd \u0161t\u00fdl s t\u00fdmito exkluz\u00edvnymi \u0161atami z organickej bavlny, ktor\u00e9 kombinuj\u00fa charizmu \u0161t\u00fdlovej elegancie s \u010darom rafinovan\u00fdch skladov a nad\u00fdchan\u00fdch zvonov\u00fdch ruk\u00e1vov. Ka\u017ed\u00fd detail t\u00fdchto \u0161iat je \u0161peci\u00e1lne premyslen\u00fd, od ich udr\u017eate\u013en\u00e9ho z\u00e1kladu z organickej bavlny po ohromuj\u00face zvonov\u00e9 ruk\u00e1vy, ktor\u00e9 dod\u00e1vaj\u00fa cel\u00e9mu k\u00fasku nezamenite\u013en\u00fd \u0161arm. Nosite\u013eky t\u00fdchto \u0161iat sa nevyh\u00fdbaj\u00fa \u0161t\u00fdlu, ale ani zodpovednosti vo\u010di \u017eivotn\u00e9mu prostrediu.<\/p>\n<p>Tento unik\u00e1tny k\u00fasok p\u00f4sob\u00ed elegantne a origin\u00e1lne, garantuj\u00fac v\u00e1m kr\u00e1\u013eovsk\u00fd vzh\u013ead ka\u017ed\u00fd de\u0148. M\u00f4\u017eete ich nosi\u0165 s alebo bez opasku &#8211; v ka\u017edej kombin\u00e1cii bud\u00fa vyzera\u0165 nesmierne \u017eensky. Opasok v\u00e1m poskytuje mo\u017enos\u0165 meni\u0165 ich vzh\u013ead pod\u013ea aktu\u00e1lnej n\u00e1lady.<\/p>\n<p>Tieto <a href=\"https:\/\/www.ladime.sk\/zeny\/damske-saty\/\" target=\"_blank\" rel=\"noopener\">handmade d\u00e1mske \u0161aty<\/a> s\u00fa vyroben\u00e9 z jemnej organickej certifikovanej bavlny, ktor\u00e1 je pr\u00edjemn\u00e1 na dotyk. Je priedu\u0161n\u00e1 a antialergick\u00e1, \u010do zabezpe\u010duje pohodln\u00e9 nosenie. Okrem toho tento materi\u00e1l sp\u013a\u0148a v\u0161etky po\u017eiadavky fairtrade.<\/p>\n<p>Opasok je nenahradite\u013enou s\u00fa\u010das\u0165ou t\u00fdchto \u0161iat, prid\u00e1vaj\u00fac im e\u0161te viac \u0161t\u00fdlu a variabilnosti.<\/p>\n<p>\u0160aty je mo\u017en\u00e9 objedna\u0165 aj v inej ako z\u00e1kladnej d\u013a\u017eke pre jednotliv\u00e9 ve\u013ekosti &#8211; pre viac info <a href=\"https:\/\/www.ladime.sk\/kontakt\/\" target=\"_blank\" rel=\"noopener\">tu<\/a>.<\/p>\n<p>Modelka Mia m\u00e1 oble\u010den\u00fa ve\u013ekos\u0165 36. V\u00fd\u0161ka modelky: 163cm a miery: 93-70-95<\/p>\n","protected":false},"excerpt":{"rendered":"<div class=\"o9v6fnle cxmmr5t8 oygrvhab hcukyx3x c1et5uql\">UDR\u017dATE\u013dN\u00dd K\u00daSOK<\/div>\n<div><\/div>\n<div>\n<p>Otvorte si cestu k vlastn\u00e9mu \u0161t\u00fdlu s t\u00fdmito exkluz\u00edvnymi \u0161atami Viktoria z organickej bavlny, ktor\u00e9 sp\u00e1jaj\u00fa charizmu \u0161t\u00fdlovej elegancie s oh\u013eadom na udr\u017eate\u013enos\u0165. Ka\u017ed\u00fd detail je premyslen\u00fd u\u017e od ich z\u00e1kladu a\u017e po ohromuj\u00face ruk\u00e1vy. Ich nosite\u013eky zd\u00f4raz\u0148uj\u00fa nielen \u0161t\u00fdl, ale aj zodpovednos\u0165 vo\u010di \u017eivotn\u00e9mu prostrediu.<\/p>\n<\/div>\n<div><\/div>\n<div><strong>Popis materi\u00e1lu: <\/strong>certifikovan\u00e1 organick\u00e1 elastick\u00e1 bavlna<\/div>\n<div><strong>Farba: <\/strong>\u00a0\u010dierna, biela, ihli\u010dnat\u00e1 zelen\u00e1<\/div>\n<div>\n<div><strong>Certifik\u00e1ty materi\u00e1lu: <\/strong>OEKO-TEX 100, Trieda 1<\/div>\n<div>\u00a0 \u00a0 \u00a0 \u00a0 \u00a0 \u00a0 \u00a0 \u00a0 \u00a0 \u00a0 \u00a0 \u00a0 \u00a0 \u00a0 \u00a0 \u00a0 \u00a0 \u00a0 \u00a0 \u00a0 \u00a0 \u00a0 ORGANIC<\/div>\n<\/div>\n<div><strong>Materi\u00e1lov\u00e9 zlo\u017eenie:<\/strong> 95 % BIO bavlna 5 % elastan<\/div>\n<div>\u0160aty je mo\u017en\u00e9 objedna\u0165 aj v inej ako z\u00e1kladnej d\u013a\u017eke pre jednotliv\u00e9 ve\u013ekosti &#8211; pre viac info <a href=\"https:\/\/www.ladime.sk\/kontakt\/\">tu<\/a>.<\/div>\n<div>Opasok je s\u00fa\u010das\u0165ou \u0161iat.<\/div>\n","protected":false},"featured_media":5681762,"comment_status":"closed","ping_status":"closed","template":"","meta":{"_acf_changed":false,"inline_featured_image":false},"product_brand":[],"product_cat":[59],"product_tag":[],"class_list":{"0":"post-5681479","1":"product","2":"type-product","3":"status-publish","4":"has-post-thumbnail","6":"product_cat-damske-saty","8":"first","9":"instock","10":"shipping-taxable","11":"purchasable","12":"product-type-variable","13":"wvs-archive-product-wrapper"},"acf":[],"yoast_head":"<!-- This site is optimized with the Yoast SEO plugin v27.4 - https:\/\/yoast.com\/product\/yoast-seo-wordpress\/ -->\n<title>D\u00e1mske ORGANIC \u0161aty Viktoria - ladime.sk<\/title>\n<meta name=\"description\" content=\"D\u00e1mske \u0161aty Viktoria z organickej bavlny s nad\u00fdchan\u00fdmi zvonov\u00fdmi ruk\u00e1vmi. Dokonal\u00e9 spojenie elegancie a udr\u017eate\u013enosti v jednom k\u00fasku.\" \/>\n<meta name=\"robots\" content=\"index, follow, max-snippet:-1, max-image-preview:large, max-video-preview:-1\" \/>\n<link rel=\"canonical\" href=\"https:\/\/www.ladime.sk\/zeny\/damske-saty\/damske-organic-saty-viktoria\/\" \/>\n<meta property=\"og:locale\" content=\"cs_CZ\" \/>\n<meta property=\"og:type\" content=\"article\" \/>\n<meta property=\"og:title\" content=\"D\u00e1mske ORGANIC \u0161aty Viktoria - ladime.sk\" \/>\n<meta property=\"og:description\" content=\"D\u00e1mske \u0161aty Viktoria z organickej bavlny s nad\u00fdchan\u00fdmi zvonov\u00fdmi ruk\u00e1vmi. Dokonal\u00e9 spojenie elegancie a udr\u017eate\u013enosti v jednom k\u00fasku.\" \/>\n<meta property=\"og:url\" content=\"https:\/\/www.ladime.sk\/zeny\/damske-saty\/damske-organic-saty-viktoria\/\" \/>\n<meta property=\"og:site_name\" content=\"ladime.sk\" \/>\n<meta property=\"article:modified_time\" content=\"2026-02-04T13:53:40+00:00\" \/>\n<meta property=\"og:image\" content=\"https:\/\/www.ladime.sk\/wp-content\/uploads\/2024\/03\/ladime_zeny_saty_biobavlna_biela_slovenska-znacka_slovenska-moda_handmade_6.jpg\" \/>\n\t<meta property=\"og:image:width\" content=\"1536\" \/>\n\t<meta property=\"og:image:height\" content=\"1920\" \/>\n\t<meta property=\"og:image:type\" content=\"image\/jpeg\" \/>\n<meta name=\"twitter:card\" content=\"summary_large_image\" \/>\n<meta name=\"twitter:label1\" content=\"Odhadovan\u00e1 doba \u010dten\u00ed\" \/>\n\t<meta name=\"twitter:data1\" content=\"2 minuty\" \/>\n<script type=\"application\/ld+json\" class=\"yoast-schema-graph\">{\"@context\":\"https:\\\/\\\/schema.org\",\"@graph\":[{\"@type\":\"WebPage\",\"@id\":\"https:\\\/\\\/www.ladime.sk\\\/zeny\\\/damske-saty\\\/damske-organic-saty-viktoria\\\/\",\"url\":\"https:\\\/\\\/www.ladime.sk\\\/zeny\\\/damske-saty\\\/damske-organic-saty-viktoria\\\/\",\"name\":\"D\u00e1mske ORGANIC \u0161aty Viktoria - ladime.sk\",\"isPartOf\":{\"@id\":\"https:\\\/\\\/www.ladime.sk\\\/#website\"},\"primaryImageOfPage\":{\"@id\":\"https:\\\/\\\/www.ladime.sk\\\/zeny\\\/damske-saty\\\/damske-organic-saty-viktoria\\\/#primaryimage\"},\"image\":{\"@id\":\"https:\\\/\\\/www.ladime.sk\\\/zeny\\\/damske-saty\\\/damske-organic-saty-viktoria\\\/#primaryimage\"},\"thumbnailUrl\":\"https:\\\/\\\/www.ladime.sk\\\/wp-content\\\/uploads\\\/2024\\\/03\\\/ladime_zeny_saty_biobavlna_biela_slovenska-znacka_slovenska-moda_handmade_6.jpg\",\"datePublished\":\"2024-03-13T18:31:20+00:00\",\"dateModified\":\"2026-02-04T13:53:40+00:00\",\"description\":\"D\u00e1mske \u0161aty Viktoria z organickej bavlny s nad\u00fdchan\u00fdmi zvonov\u00fdmi ruk\u00e1vmi. Dokonal\u00e9 spojenie elegancie a udr\u017eate\u013enosti v jednom k\u00fasku.\",\"breadcrumb\":{\"@id\":\"https:\\\/\\\/www.ladime.sk\\\/zeny\\\/damske-saty\\\/damske-organic-saty-viktoria\\\/#breadcrumb\"},\"inLanguage\":\"cs\",\"potentialAction\":[{\"@type\":\"ReadAction\",\"target\":[\"https:\\\/\\\/www.ladime.sk\\\/zeny\\\/damske-saty\\\/damske-organic-saty-viktoria\\\/\"]}]},{\"@type\":\"ImageObject\",\"inLanguage\":\"cs\",\"@id\":\"https:\\\/\\\/www.ladime.sk\\\/zeny\\\/damske-saty\\\/damske-organic-saty-viktoria\\\/#primaryimage\",\"url\":\"https:\\\/\\\/www.ladime.sk\\\/wp-content\\\/uploads\\\/2024\\\/03\\\/ladime_zeny_saty_biobavlna_biela_slovenska-znacka_slovenska-moda_handmade_6.jpg\",\"contentUrl\":\"https:\\\/\\\/www.ladime.sk\\\/wp-content\\\/uploads\\\/2024\\\/03\\\/ladime_zeny_saty_biobavlna_biela_slovenska-znacka_slovenska-moda_handmade_6.jpg\",\"width\":1536,\"height\":1920},{\"@type\":\"BreadcrumbList\",\"@id\":\"https:\\\/\\\/www.ladime.sk\\\/zeny\\\/damske-saty\\\/damske-organic-saty-viktoria\\\/#breadcrumb\",\"itemListElement\":[{\"@type\":\"ListItem\",\"position\":1,\"name\":\"\u00davod\",\"item\":\"https:\\\/\\\/www.ladime.sk\\\/\"},{\"@type\":\"ListItem\",\"position\":2,\"name\":\"Obchod\",\"item\":\"https:\\\/\\\/www.ladime.sk\\\/cs\\\/shop-cs\\\/\"},{\"@type\":\"ListItem\",\"position\":3,\"name\":\"D\u00e1mske ORGANIC \u0161aty Viktoria\"}]},{\"@type\":\"WebSite\",\"@id\":\"https:\\\/\\\/www.ladime.sk\\\/#website\",\"url\":\"https:\\\/\\\/www.ladime.sk\\\/\",\"name\":\"ladime.sk\",\"description\":\"Ke\u010f lad\u00edme so svetom, mysl\u00edme na bud\u00facnos\u0165.\",\"publisher\":{\"@id\":\"https:\\\/\\\/www.ladime.sk\\\/#organization\"},\"potentialAction\":[{\"@type\":\"SearchAction\",\"target\":{\"@type\":\"EntryPoint\",\"urlTemplate\":\"https:\\\/\\\/www.ladime.sk\\\/?s={search_term_string}\"},\"query-input\":{\"@type\":\"PropertyValueSpecification\",\"valueRequired\":true,\"valueName\":\"search_term_string\"}}],\"inLanguage\":\"cs\"},{\"@type\":\"Organization\",\"@id\":\"https:\\\/\\\/www.ladime.sk\\\/#organization\",\"name\":\"Lad\u00edme\",\"url\":\"https:\\\/\\\/www.ladime.sk\\\/\",\"logo\":{\"@type\":\"ImageObject\",\"inLanguage\":\"cs\",\"@id\":\"https:\\\/\\\/www.ladime.sk\\\/#\\\/schema\\\/logo\\\/image\\\/\",\"url\":\"https:\\\/\\\/www.ladime.sk\\\/wp-content\\\/uploads\\\/2021\\\/08\\\/logo_ladime.svg\",\"contentUrl\":\"https:\\\/\\\/www.ladime.sk\\\/wp-content\\\/uploads\\\/2021\\\/08\\\/logo_ladime.svg\",\"width\":366,\"height\":185,\"caption\":\"Lad\u00edme\"},\"image\":{\"@id\":\"https:\\\/\\\/www.ladime.sk\\\/#\\\/schema\\\/logo\\\/image\\\/\"}}]}<\/script>\n<!-- \/ Yoast SEO plugin. -->","yoast_head_json":{"title":"D\u00e1mske ORGANIC \u0161aty Viktoria - ladime.sk","description":"D\u00e1mske \u0161aty Viktoria z organickej bavlny s nad\u00fdchan\u00fdmi zvonov\u00fdmi ruk\u00e1vmi. Dokonal\u00e9 spojenie elegancie a udr\u017eate\u013enosti v jednom k\u00fasku.","robots":{"index":"index","follow":"follow","max-snippet":"max-snippet:-1","max-image-preview":"max-image-preview:large","max-video-preview":"max-video-preview:-1"},"canonical":"https:\/\/www.ladime.sk\/zeny\/damske-saty\/damske-organic-saty-viktoria\/","og_locale":"cs_CZ","og_type":"article","og_title":"D\u00e1mske ORGANIC \u0161aty Viktoria - ladime.sk","og_description":"D\u00e1mske \u0161aty Viktoria z organickej bavlny s nad\u00fdchan\u00fdmi zvonov\u00fdmi ruk\u00e1vmi. Dokonal\u00e9 spojenie elegancie a udr\u017eate\u013enosti v jednom k\u00fasku.","og_url":"https:\/\/www.ladime.sk\/zeny\/damske-saty\/damske-organic-saty-viktoria\/","og_site_name":"ladime.sk","article_modified_time":"2026-02-04T13:53:40+00:00","og_image":[{"width":1536,"height":1920,"url":"https:\/\/www.ladime.sk\/wp-content\/uploads\/2024\/03\/ladime_zeny_saty_biobavlna_biela_slovenska-znacka_slovenska-moda_handmade_6.jpg","type":"image\/jpeg"}],"twitter_card":"summary_large_image","twitter_misc":{"Odhadovan\u00e1 doba \u010dten\u00ed":"2 minuty"},"schema":{"@context":"https:\/\/schema.org","@graph":[{"@type":"WebPage","@id":"https:\/\/www.ladime.sk\/zeny\/damske-saty\/damske-organic-saty-viktoria\/","url":"https:\/\/www.ladime.sk\/zeny\/damske-saty\/damske-organic-saty-viktoria\/","name":"D\u00e1mske ORGANIC \u0161aty Viktoria - ladime.sk","isPartOf":{"@id":"https:\/\/www.ladime.sk\/#website"},"primaryImageOfPage":{"@id":"https:\/\/www.ladime.sk\/zeny\/damske-saty\/damske-organic-saty-viktoria\/#primaryimage"},"image":{"@id":"https:\/\/www.ladime.sk\/zeny\/damske-saty\/damske-organic-saty-viktoria\/#primaryimage"},"thumbnailUrl":"https:\/\/www.ladime.sk\/wp-content\/uploads\/2024\/03\/ladime_zeny_saty_biobavlna_biela_slovenska-znacka_slovenska-moda_handmade_6.jpg","datePublished":"2024-03-13T18:31:20+00:00","dateModified":"2026-02-04T13:53:40+00:00","description":"D\u00e1mske \u0161aty Viktoria z organickej bavlny s nad\u00fdchan\u00fdmi zvonov\u00fdmi ruk\u00e1vmi. Dokonal\u00e9 spojenie elegancie a udr\u017eate\u013enosti v jednom k\u00fasku.","breadcrumb":{"@id":"https:\/\/www.ladime.sk\/zeny\/damske-saty\/damske-organic-saty-viktoria\/#breadcrumb"},"inLanguage":"cs","potentialAction":[{"@type":"ReadAction","target":["https:\/\/www.ladime.sk\/zeny\/damske-saty\/damske-organic-saty-viktoria\/"]}]},{"@type":"ImageObject","inLanguage":"cs","@id":"https:\/\/www.ladime.sk\/zeny\/damske-saty\/damske-organic-saty-viktoria\/#primaryimage","url":"https:\/\/www.ladime.sk\/wp-content\/uploads\/2024\/03\/ladime_zeny_saty_biobavlna_biela_slovenska-znacka_slovenska-moda_handmade_6.jpg","contentUrl":"https:\/\/www.ladime.sk\/wp-content\/uploads\/2024\/03\/ladime_zeny_saty_biobavlna_biela_slovenska-znacka_slovenska-moda_handmade_6.jpg","width":1536,"height":1920},{"@type":"BreadcrumbList","@id":"https:\/\/www.ladime.sk\/zeny\/damske-saty\/damske-organic-saty-viktoria\/#breadcrumb","itemListElement":[{"@type":"ListItem","position":1,"name":"\u00davod","item":"https:\/\/www.ladime.sk\/"},{"@type":"ListItem","position":2,"name":"Obchod","item":"https:\/\/www.ladime.sk\/cs\/shop-cs\/"},{"@type":"ListItem","position":3,"name":"D\u00e1mske ORGANIC \u0161aty Viktoria"}]},{"@type":"WebSite","@id":"https:\/\/www.ladime.sk\/#website","url":"https:\/\/www.ladime.sk\/","name":"ladime.sk","description":"Ke\u010f lad\u00edme so svetom, mysl\u00edme na bud\u00facnos\u0165.","publisher":{"@id":"https:\/\/www.ladime.sk\/#organization"},"potentialAction":[{"@type":"SearchAction","target":{"@type":"EntryPoint","urlTemplate":"https:\/\/www.ladime.sk\/?s={search_term_string}"},"query-input":{"@type":"PropertyValueSpecification","valueRequired":true,"valueName":"search_term_string"}}],"inLanguage":"cs"},{"@type":"Organization","@id":"https:\/\/www.ladime.sk\/#organization","name":"Lad\u00edme","url":"https:\/\/www.ladime.sk\/","logo":{"@type":"ImageObject","inLanguage":"cs","@id":"https:\/\/www.ladime.sk\/#\/schema\/logo\/image\/","url":"https:\/\/www.ladime.sk\/wp-content\/uploads\/2021\/08\/logo_ladime.svg","contentUrl":"https:\/\/www.ladime.sk\/wp-content\/uploads\/2021\/08\/logo_ladime.svg","width":366,"height":185,"caption":"Lad\u00edme"},"image":{"@id":"https:\/\/www.ladime.sk\/#\/schema\/logo\/image\/"}}]}},"_links":{"self":[{"href":"https:\/\/www.ladime.sk\/cs\/wp-json\/wp\/v2\/product\/5681479","targetHints":{"allow":["GET"]}}],"collection":[{"href":"https:\/\/www.ladime.sk\/cs\/wp-json\/wp\/v2\/product"}],"about":[{"href":"https:\/\/www.ladime.sk\/cs\/wp-json\/wp\/v2\/types\/product"}],"replies":[{"embeddable":true,"href":"https:\/\/www.ladime.sk\/cs\/wp-json\/wp\/v2\/comments?post=5681479"}],"version-history":[{"count":0,"href":"https:\/\/www.ladime.sk\/cs\/wp-json\/wp\/v2\/product\/5681479\/revisions"}],"wp:featuredmedia":[{"embeddable":true,"href":"https:\/\/www.ladime.sk\/cs\/wp-json\/wp\/v2\/media\/5681762"}],"wp:attachment":[{"href":"https:\/\/www.ladime.sk\/cs\/wp-json\/wp\/v2\/media?parent=5681479"}],"wp:term":[{"taxonomy":"product_brand","embeddable":true,"href":"https:\/\/www.ladime.sk\/cs\/wp-json\/wp\/v2\/product_brand?post=5681479"},{"taxonomy":"product_cat","embeddable":true,"href":"https:\/\/www.ladime.sk\/cs\/wp-json\/wp\/v2\/product_cat?post=5681479"},{"taxonomy":"product_tag","embeddable":true,"href":"https:\/\/www.ladime.sk\/cs\/wp-json\/wp\/v2\/product_tag?post=5681479"}],"curies":[{"name":"wp","href":"https:\/\/api.w.org\/{rel}","templated":true}]}}