{"id":5680416,"date":"2023-09-30T13:42:56","date_gmt":"2023-09-30T11:42:56","guid":{"rendered":"https:\/\/www.ladime.sk\/?post_type=product&#038;p=5680416"},"modified":"2026-03-25T18:07:02","modified_gmt":"2026-03-25T17:07:02","slug":"panska-softshellova-bombera-hefaistos","status":"publish","type":"product","link":"https:\/\/www.ladime.sk\/cs\/muzi\/panske-bundy-parky\/panska-softshellova-bombera-hefaistos\/","title":{"rendered":"P\u00e1nska nepremokav\u00e1 softshellov\u00e1 bombera H\u00e9faistos"},"content":{"rendered":"<div class=\"kvgmc6g5 cxmmr5t8 oygrvhab hcukyx3x c1et5uql\">\n<div class=\"kvgmc6g5 cxmmr5t8 oygrvhab hcukyx3x c1et5uql\">\n<div class=\"kvgmc6g5 cxmmr5t8 oygrvhab hcukyx3x c1et5uql\">\n<h2>P\u00e1nska nepremokav\u00e1 softshellov\u00e1 bombera H\u00e9faistos \u2013 mestsk\u00e1 bunda, ktor\u00e1 zvl\u00e1dne aj d\u00e1\u017e\u010f<\/h2>\n<p data-start=\"1255\" data-end=\"1559\">Toto je bunda, po ktor\u00fa siahne\u0161 v\u017edy, ke\u010f chce\u0161 vyzera\u0165 upravene a z\u00e1rove\u0148 sa spo\u013eahn\u00fa\u0165, \u017ee zvl\u00e1dne aj hor\u0161ie po\u010dasie.<br data-start=\"1373\" data-end=\"1376\" \/><strong data-start=\"1376\" data-end=\"1429\">P\u00e1nska nepremokav\u00e1 softshellov\u00e1 bombera H\u00e9faistos<\/strong> je origin\u00e1lna p\u00e1nska mestsk\u00e1 bunda do p\u00e1sa, ktor\u00e1 sp\u00e1ja \u010dist\u00fd dizajn bomberky s funk\u010dnos\u0165ou <strong data-start=\"1522\" data-end=\"1558\">nepremokavej softshellovej bundy<\/strong>.<\/p>\n<p data-start=\"1561\" data-end=\"1841\">Vyzer\u00e1 skvelo k d\u017e\u00ednsom, chinosk\u00e1m, tenisk\u00e1m aj ko\u017een\u00fdm top\u00e1nkam. Perfektn\u00e1 na doch\u00e1dzanie do pr\u00e1ce, stretnutia v meste, v\u00fdjazdy s rodinou \u010di ve\u010dern\u00fa prech\u00e1dzku po n\u00e1bre\u017e\u00ed \u2013 v\u0161ade tam, kde chce\u0161 p\u00f4sobi\u0165 upravene, ale nechce\u0161 rie\u0161i\u0165 pr\u00edli\u0161 form\u00e1lny kab\u00e1t ani typick\u00fa outdoor bundu.<\/p>\n<h4 data-start=\"1843\" data-end=\"1874\">Dizajn, ktor\u00fd hr\u00e1 pre teba<\/h4>\n<p data-start=\"1876\" data-end=\"1956\">H\u00e9faistos je bunda, ktor\u00e1 je na poh\u013ead jasne mestsk\u00e1, ale m\u00e1 premyslen\u00e9 detaily:<\/p>\n<ul data-start=\"1958\" data-end=\"2550\">\n<li data-start=\"1958\" data-end=\"2028\">\n<p data-start=\"1960\" data-end=\"2028\">mierne stojat\u00fd golier dr\u017e\u00ed tvar a dod\u00e1va bunde elegantn\u00fd charakter<\/p>\n<\/li>\n<li data-start=\"2029\" data-end=\"2089\">\n<p data-start=\"2031\" data-end=\"2089\">strih <strong data-start=\"2037\" data-end=\"2048\">do p\u00e1sa<\/strong> so zap\u00ednan\u00edm na zips skryt\u00fdm pod l\u00e9gou<\/p>\n<\/li>\n<li data-start=\"2090\" data-end=\"2198\">\n<p data-start=\"2092\" data-end=\"2198\">pod l\u00e9gou sa ukr\u00fdva <strong data-start=\"2112\" data-end=\"2136\">magnetick\u00e9 zap\u00ednanie<\/strong>, ktor\u00e9 udr\u017euje l\u00e9gou pekne na mieste a u\u013eah\u010duje manipul\u00e1ciu<\/p>\n<\/li>\n<li data-start=\"2199\" data-end=\"2273\">\n<p data-start=\"2201\" data-end=\"2273\">ozdobn\u00fd vonkaj\u0161\u00ed z\u00e1hyb na l\u00e9ge prid\u00e1va bunde zauj\u00edmav\u00fd vizu\u00e1lny detail<\/p>\n<\/li>\n<li data-start=\"2274\" data-end=\"2353\">\n<p data-start=\"2276\" data-end=\"2353\">ruk\u00e1vy s\u00fa rovn\u00e9, zakon\u010den\u00e9 v\u00fdraznou \u0161ik <strong data-start=\"2316\" data-end=\"2328\">man\u017eetou<\/strong>, ktor\u00e1 p\u00f4sob\u00ed noblesne<\/p>\n<\/li>\n<li data-start=\"2354\" data-end=\"2420\">\n<p data-start=\"2356\" data-end=\"2420\"><strong data-start=\"2356\" data-end=\"2390\">\u0161t\u00fdlov\u00e9 vrecko na \u013eavom ruk\u00e1ve<\/strong> zv\u00fdrazn\u00ed charakter bomberky<\/p>\n<\/li>\n<li data-start=\"2421\" data-end=\"2471\">\n<p data-start=\"2423\" data-end=\"2471\"><strong data-start=\"2423\" data-end=\"2443\">dve bo\u010dn\u00e9 vreck\u00e1<\/strong> na ruky, k\u013e\u00fa\u010de \u010di telef\u00f3n<\/p>\n<\/li>\n<li data-start=\"2472\" data-end=\"2550\">\n<p data-start=\"2474\" data-end=\"2550\">praktick\u00e9 <strong data-start=\"2484\" data-end=\"2505\">u\u0161ko na zavesenie<\/strong>, aby bunda neskon\u010dila na operadle stoli\u010dky<\/p>\n<\/li>\n<\/ul>\n<p data-start=\"2552\" data-end=\"2733\">Je to ten typ bundy, ktor\u00fa si oble\u010die\u0161 do officu, na obed v meste aj na ve\u010dern\u00e9 stretnutie \u2013 a st\u00e1le bude p\u00f4sobi\u0165 <strong data-start=\"2666\" data-end=\"2699\">upravene, elegantne a mestsky<\/strong>, nie ako technick\u00e1 outdoor bunda.<\/p>\n<h4 data-start=\"2735\" data-end=\"2788\">Nepremokav\u00e1 a udr\u017eate\u013en\u00e1 \u2013 z recyklovan\u00fdch flia\u0161<\/h4>\n<p data-start=\"2790\" data-end=\"2911\">P\u00e1nska bombera H\u00e9faistos je u\u0161it\u00e1 z <strong data-start=\"2826\" data-end=\"2890\">d\u017eersejov\u00e9ho softshellu vyroben\u00e9ho z recyklovan\u00fdch PET flia\u0161<\/strong>. V praxi to znamen\u00e1:<\/p>\n<ul data-start=\"2913\" data-end=\"3196\">\n<li data-start=\"2913\" data-end=\"2997\">\n<p data-start=\"2915\" data-end=\"2997\"><strong data-start=\"2915\" data-end=\"2939\">nepremokav\u00fd materi\u00e1l<\/strong> \u2013 vodeodolnos\u0165 6 500 mm, tak\u017ee zvl\u00e1dne aj mestsk\u00fd lejak<\/p>\n<\/li>\n<li data-start=\"2998\" data-end=\"3066\">\n<p data-start=\"3000\" data-end=\"3066\"><strong data-start=\"3000\" data-end=\"3015\">vetruodoln\u00e1<\/strong> \u2013 ochrana pred nepr\u00edjemn\u00fdm vetrom medzi budovami<\/p>\n<\/li>\n<li data-start=\"3067\" data-end=\"3138\">\n<p data-start=\"3069\" data-end=\"3138\"><strong data-start=\"3069\" data-end=\"3082\">priedu\u0161n\u00e1<\/strong> \u2013 priedu\u0161nos\u0165 300 g\/m\u00b2\/24 h, tak\u017ee sa v nej nezapar\u00ed\u0161<\/p>\n<\/li>\n<li data-start=\"3139\" data-end=\"3196\">\n<p data-start=\"3141\" data-end=\"3196\">pr\u00edjemn\u00fd, mierne pru\u017en\u00fd materi\u00e1l, ktor\u00fd sa dobre nos\u00ed<\/p>\n<\/li>\n<\/ul>\n<p data-start=\"3198\" data-end=\"3260\">Softshell je <strong data-start=\"3211\" data-end=\"3248\">trojvrstvov\u00fd materi\u00e1l s membr\u00e1nou<\/strong>, zlo\u017een\u00fd z:<\/p>\n<ul data-start=\"3262\" data-end=\"3364\">\n<li data-start=\"3262\" data-end=\"3297\">\n<p data-start=\"3264\" data-end=\"3297\">termoakt\u00edvnej vn\u00fatornej vrstvy,<\/p>\n<\/li>\n<li data-start=\"3298\" data-end=\"3319\">\n<p data-start=\"3300\" data-end=\"3319\">izola\u010dnej vrstvy,<\/p>\n<\/li>\n<li data-start=\"3320\" data-end=\"3364\">\n<p data-start=\"3322\" data-end=\"3364\">vonkaj\u0161ej nepremokavej vrstvy s membr\u00e1nou.<\/p>\n<\/li>\n<\/ul>\n<p data-start=\"3366\" data-end=\"3498\">V\u00fdsledkom je <strong data-start=\"3379\" data-end=\"3416\">funk\u010dn\u00e1 mestsk\u00e1 nepremokav\u00e1 bunda<\/strong>, ktor\u00e1 bez probl\u00e9mov zvl\u00e1dne jarn\u00e9 preh\u00e1nky, jesenn\u00fd d\u00e1\u017e\u010f aj vetern\u00e9 dni v meste.<\/p>\n<h4 data-start=\"3500\" data-end=\"3559\">Udr\u017eate\u013en\u00e1 mestsk\u00e1 bunda, ktor\u00e1 nie je na jednu sez\u00f3nu<\/h4>\n<p data-start=\"3561\" data-end=\"3622\">H\u00e9faistos je <strong data-start=\"3574\" data-end=\"3604\">udr\u017eate\u013en\u00fd k\u00fasok v \u0161atn\u00edku<\/strong>, ktor\u00fdm podpor\u00ed\u0161:<\/p>\n<ul data-start=\"3624\" data-end=\"3819\">\n<li data-start=\"3624\" data-end=\"3683\">\n<p data-start=\"3626\" data-end=\"3683\">recykl\u00e1ciu materi\u00e1lov \u2013 softshell z recyklovan\u00fdch flia\u0161<\/p>\n<\/li>\n<li data-start=\"3684\" data-end=\"3758\">\n<p data-start=\"3686\" data-end=\"3758\"><strong data-start=\"3686\" data-end=\"3702\">slow fashion<\/strong> \u2013 rad\u0161ej jedna kvalitn\u00e1 bunda ne\u017e viacero priemern\u00fdch<\/p>\n<\/li>\n<li data-start=\"3759\" data-end=\"3819\">\n<p data-start=\"3761\" data-end=\"3819\">lok\u00e1lnu tvorbu \u2013 bunda je navrhnut\u00e1 a u\u0161it\u00e1 v na\u0161ej dielni<\/p>\n<\/li>\n<\/ul>\n<p data-start=\"3821\" data-end=\"3832\">Je ide\u00e1lna:<\/p>\n<ul data-start=\"3834\" data-end=\"3979\">\n<li data-start=\"3834\" data-end=\"3857\">\n<p data-start=\"3836\" data-end=\"3857\">na <strong data-start=\"3839\" data-end=\"3854\">jar a jese\u0148<\/strong>,<\/p>\n<\/li>\n<li data-start=\"3858\" data-end=\"3907\">\n<p data-start=\"3860\" data-end=\"3907\">do <strong data-start=\"3863\" data-end=\"3904\">vlhk\u00e9ho a upr\u0161an\u00e9ho mestsk\u00e9ho po\u010dasia<\/strong>,<\/p>\n<\/li>\n<li data-start=\"3908\" data-end=\"3979\">\n<p data-start=\"3910\" data-end=\"3979\">na ka\u017edodenn\u00e9 nosenie \u2013 od pr\u00e1ce cez k\u00e1vu v meste po ve\u010dern\u00fd program.<\/p>\n<\/li>\n<\/ul>\n<h4 data-start=\"3981\" data-end=\"3995\">Ako sed\u00ed?<\/h4>\n<p data-start=\"3997\" data-end=\"4142\">Model Robin m\u00e1 oble\u010den\u00fa ve\u013ekos\u0165 <strong data-start=\"4029\" data-end=\"4034\">L<\/strong> a meria <strong data-start=\"4043\" data-end=\"4053\">195 cm<\/strong>.<br data-start=\"4054\" data-end=\"4057\" \/>Ak m\u00e1\u0161 podobn\u00fa v\u00fd\u0161ku alebo postavu, vie\u0161 si pod\u013ea toho \u013eah\u0161ie vybra\u0165 spr\u00e1vnu ve\u013ekos\u0165.<\/p>\n<\/div>\n<\/div>\n<\/div>\n","protected":false},"excerpt":{"rendered":"<p data-start=\"335\" data-end=\"628\">P\u00e1nska <strong data-start=\"342\" data-end=\"378\">nepremokav\u00e1 softshellov\u00e1 bombera<\/strong> H\u00e9faistos od zna\u010dky Lad\u00edme je mestsk\u00e1 bunda, v ktorej vyzer\u00e1\u0161 upravene od r\u00e1na do ve\u010dera. Strih do p\u00e1sa, mierne stojat\u00fd golier, \u0161t\u00fdlov\u00e9 vrecko na ruk\u00e1ve a v\u00fdrazn\u00e9 man\u017eety vytv\u00e1raj\u00fa k\u00fasok, ktor\u00fd si oble\u010die\u0161 do pr\u00e1ce, na k\u00e1vu aj na ve\u010dern\u00e9 stretnutie.<\/p>\n<p data-start=\"630\" data-end=\"968\">U\u0161it\u00e1 je zo sat\u00e9nov\u00e9ho<strong data-start=\"641\" data-end=\"690\">\u00a0softshellu z recyklovan\u00fdch flia\u0161<\/strong>, ktor\u00fd je nepremokav\u00fd, vetruodoln\u00fd a priedu\u0161n\u00fd. Zap\u00ednanie na zips je skryt\u00e9 pod l\u00e9gou s <strong data-start=\"779\" data-end=\"804\">magnetick\u00fdm zap\u00ednan\u00edm<\/strong>, tak\u017ee bunda p\u00f4sob\u00ed uhladene a z\u00e1rove\u0148 sa pohodlne nos\u00ed. Ide\u00e1lna <strong data-start=\"870\" data-end=\"911\">jarn\u00e1 a jesenn\u00e1 p\u00e1nska bunda do mesta<\/strong>, ke\u010f nechce\u0161 robi\u0165 kompromis medzi \u0161t\u00fdlom a funk\u010dnos\u0165ou.<\/p>\n<p data-start=\"970\" data-end=\"1119\"><strong data-start=\"970\" data-end=\"983\">Materi\u00e1l:<\/strong> sat\u00e9nov\u00fd softshell, 3-vrstvov\u00fd s membr\u00e1nou<br data-start=\"1028\" data-end=\"1031\" \/><strong data-start=\"1031\" data-end=\"1048\">Vodeodolnos\u0165:<\/strong> 6 500 mm \u2013 <strong data-start=\"1060\" data-end=\"1084\">nepremokav\u00fd materi\u00e1l<\/strong><br data-start=\"1084\" data-end=\"1087\" \/><strong data-start=\"1087\" data-end=\"1103\">Priedu\u0161nos\u0165:<\/strong> 300 g\/m\u00b2\/24 h<\/p>\n","protected":false},"featured_media":5680423,"comment_status":"closed","ping_status":"closed","template":"","meta":{"_acf_changed":false,"inline_featured_image":false},"product_brand":[],"product_cat":[381],"product_tag":[],"class_list":{"0":"post-5680416","1":"product","2":"type-product","3":"status-publish","4":"has-post-thumbnail","6":"product_cat-panske-bundy-parky","8":"first","9":"instock","10":"shipping-taxable","11":"purchasable","12":"product-type-variable","13":"wvs-archive-product-wrapper"},"acf":[],"yoast_head":"<!-- This site is optimized with the Yoast SEO plugin v27.4 - https:\/\/yoast.com\/product\/yoast-seo-wordpress\/ -->\n<title>P\u00e1nska nepremokav\u00e1 softshellov\u00e1 bombera H\u00e9faistos - ladime.sk<\/title>\n<meta name=\"description\" content=\"Origin\u00e1lna p\u00e1nska nepremokav\u00e1 softshellov\u00e1 bombera H\u00e9faistos \u2013 mestsk\u00e1 p\u00e1nska bunda do p\u00e1sa zo sat\u00e9nov\u00e9ho softshellu z recyklovan\u00fdch flia\u0161. Vodeodoln\u00e1, priedu\u0161n\u00e1 a vetruodoln\u00e1, so zipsom skryt\u00fdm pod l\u00e9gou s magnetick\u00fdm zap\u00ednan\u00edm. Ide\u00e1lna jarn\u00e1 a jesenn\u00e1 bunda do mesta.\" \/>\n<meta name=\"robots\" content=\"index, follow, max-snippet:-1, max-image-preview:large, max-video-preview:-1\" \/>\n<link rel=\"canonical\" href=\"https:\/\/www.ladime.sk\/muzi\/panske-bundy-parky\/panska-softshellova-bombera-hefaistos\/\" \/>\n<meta property=\"og:locale\" content=\"cs_CZ\" \/>\n<meta property=\"og:type\" content=\"article\" \/>\n<meta property=\"og:title\" content=\"P\u00e1nska nepremokav\u00e1 softshellov\u00e1 bombera H\u00e9faistos - ladime.sk\" \/>\n<meta property=\"og:description\" content=\"Origin\u00e1lna p\u00e1nska nepremokav\u00e1 softshellov\u00e1 bombera H\u00e9faistos \u2013 mestsk\u00e1 p\u00e1nska bunda do p\u00e1sa zo sat\u00e9nov\u00e9ho softshellu z recyklovan\u00fdch flia\u0161. Vodeodoln\u00e1, priedu\u0161n\u00e1 a vetruodoln\u00e1, so zipsom skryt\u00fdm pod l\u00e9gou s magnetick\u00fdm zap\u00ednan\u00edm. Ide\u00e1lna jarn\u00e1 a jesenn\u00e1 bunda do mesta.\" \/>\n<meta property=\"og:url\" content=\"https:\/\/www.ladime.sk\/muzi\/panske-bundy-parky\/panska-softshellova-bombera-hefaistos\/\" \/>\n<meta property=\"og:site_name\" content=\"ladime.sk\" \/>\n<meta property=\"article:modified_time\" content=\"2026-03-25T17:07:02+00:00\" \/>\n<meta property=\"og:image\" content=\"https:\/\/www.ladime.sk\/wp-content\/uploads\/2023\/09\/DSC9013male.jpg\" \/>\n\t<meta property=\"og:image:width\" content=\"1536\" \/>\n\t<meta property=\"og:image:height\" content=\"1920\" \/>\n\t<meta property=\"og:image:type\" content=\"image\/jpeg\" \/>\n<meta name=\"twitter:card\" content=\"summary_large_image\" \/>\n<meta name=\"twitter:label1\" content=\"Odhadovan\u00e1 doba \u010dten\u00ed\" \/>\n\t<meta name=\"twitter:data1\" content=\"3 minuty\" \/>\n<script type=\"application\/ld+json\" class=\"yoast-schema-graph\">{\"@context\":\"https:\\\/\\\/schema.org\",\"@graph\":[{\"@type\":\"WebPage\",\"@id\":\"https:\\\/\\\/www.ladime.sk\\\/muzi\\\/panske-bundy-parky\\\/panska-softshellova-bombera-hefaistos\\\/\",\"url\":\"https:\\\/\\\/www.ladime.sk\\\/muzi\\\/panske-bundy-parky\\\/panska-softshellova-bombera-hefaistos\\\/\",\"name\":\"P\u00e1nska nepremokav\u00e1 softshellov\u00e1 bombera H\u00e9faistos - ladime.sk\",\"isPartOf\":{\"@id\":\"https:\\\/\\\/www.ladime.sk\\\/#website\"},\"primaryImageOfPage\":{\"@id\":\"https:\\\/\\\/www.ladime.sk\\\/muzi\\\/panske-bundy-parky\\\/panska-softshellova-bombera-hefaistos\\\/#primaryimage\"},\"image\":{\"@id\":\"https:\\\/\\\/www.ladime.sk\\\/muzi\\\/panske-bundy-parky\\\/panska-softshellova-bombera-hefaistos\\\/#primaryimage\"},\"thumbnailUrl\":\"https:\\\/\\\/www.ladime.sk\\\/wp-content\\\/uploads\\\/2023\\\/09\\\/DSC9013male.jpg\",\"datePublished\":\"2023-09-30T11:42:56+00:00\",\"dateModified\":\"2026-03-25T17:07:02+00:00\",\"description\":\"Origin\u00e1lna p\u00e1nska nepremokav\u00e1 softshellov\u00e1 bombera H\u00e9faistos \u2013 mestsk\u00e1 p\u00e1nska bunda do p\u00e1sa zo sat\u00e9nov\u00e9ho softshellu z recyklovan\u00fdch flia\u0161. Vodeodoln\u00e1, priedu\u0161n\u00e1 a vetruodoln\u00e1, so zipsom skryt\u00fdm pod l\u00e9gou s magnetick\u00fdm zap\u00ednan\u00edm. Ide\u00e1lna jarn\u00e1 a jesenn\u00e1 bunda do mesta.\",\"breadcrumb\":{\"@id\":\"https:\\\/\\\/www.ladime.sk\\\/muzi\\\/panske-bundy-parky\\\/panska-softshellova-bombera-hefaistos\\\/#breadcrumb\"},\"inLanguage\":\"cs\",\"potentialAction\":[{\"@type\":\"ReadAction\",\"target\":[\"https:\\\/\\\/www.ladime.sk\\\/muzi\\\/panske-bundy-parky\\\/panska-softshellova-bombera-hefaistos\\\/\"]}]},{\"@type\":\"ImageObject\",\"inLanguage\":\"cs\",\"@id\":\"https:\\\/\\\/www.ladime.sk\\\/muzi\\\/panske-bundy-parky\\\/panska-softshellova-bombera-hefaistos\\\/#primaryimage\",\"url\":\"https:\\\/\\\/www.ladime.sk\\\/wp-content\\\/uploads\\\/2023\\\/09\\\/DSC9013male.jpg\",\"contentUrl\":\"https:\\\/\\\/www.ladime.sk\\\/wp-content\\\/uploads\\\/2023\\\/09\\\/DSC9013male.jpg\",\"width\":1536,\"height\":1920},{\"@type\":\"BreadcrumbList\",\"@id\":\"https:\\\/\\\/www.ladime.sk\\\/muzi\\\/panske-bundy-parky\\\/panska-softshellova-bombera-hefaistos\\\/#breadcrumb\",\"itemListElement\":[{\"@type\":\"ListItem\",\"position\":1,\"name\":\"\u00davod\",\"item\":\"https:\\\/\\\/www.ladime.sk\\\/\"},{\"@type\":\"ListItem\",\"position\":2,\"name\":\"Obchod\",\"item\":\"https:\\\/\\\/www.ladime.sk\\\/cs\\\/shop-cs\\\/\"},{\"@type\":\"ListItem\",\"position\":3,\"name\":\"P\u00e1nska nepremokav\u00e1 softshellov\u00e1 bombera H\u00e9faistos\"}]},{\"@type\":\"WebSite\",\"@id\":\"https:\\\/\\\/www.ladime.sk\\\/#website\",\"url\":\"https:\\\/\\\/www.ladime.sk\\\/\",\"name\":\"ladime.sk\",\"description\":\"Ke\u010f lad\u00edme so svetom, mysl\u00edme na bud\u00facnos\u0165.\",\"publisher\":{\"@id\":\"https:\\\/\\\/www.ladime.sk\\\/#organization\"},\"potentialAction\":[{\"@type\":\"SearchAction\",\"target\":{\"@type\":\"EntryPoint\",\"urlTemplate\":\"https:\\\/\\\/www.ladime.sk\\\/?s={search_term_string}\"},\"query-input\":{\"@type\":\"PropertyValueSpecification\",\"valueRequired\":true,\"valueName\":\"search_term_string\"}}],\"inLanguage\":\"cs\"},{\"@type\":\"Organization\",\"@id\":\"https:\\\/\\\/www.ladime.sk\\\/#organization\",\"name\":\"Lad\u00edme\",\"url\":\"https:\\\/\\\/www.ladime.sk\\\/\",\"logo\":{\"@type\":\"ImageObject\",\"inLanguage\":\"cs\",\"@id\":\"https:\\\/\\\/www.ladime.sk\\\/#\\\/schema\\\/logo\\\/image\\\/\",\"url\":\"https:\\\/\\\/www.ladime.sk\\\/wp-content\\\/uploads\\\/2021\\\/08\\\/logo_ladime.svg\",\"contentUrl\":\"https:\\\/\\\/www.ladime.sk\\\/wp-content\\\/uploads\\\/2021\\\/08\\\/logo_ladime.svg\",\"width\":366,\"height\":185,\"caption\":\"Lad\u00edme\"},\"image\":{\"@id\":\"https:\\\/\\\/www.ladime.sk\\\/#\\\/schema\\\/logo\\\/image\\\/\"}}]}<\/script>\n<!-- \/ Yoast SEO plugin. -->","yoast_head_json":{"title":"P\u00e1nska nepremokav\u00e1 softshellov\u00e1 bombera H\u00e9faistos - ladime.sk","description":"Origin\u00e1lna p\u00e1nska nepremokav\u00e1 softshellov\u00e1 bombera H\u00e9faistos \u2013 mestsk\u00e1 p\u00e1nska bunda do p\u00e1sa zo sat\u00e9nov\u00e9ho softshellu z recyklovan\u00fdch flia\u0161. Vodeodoln\u00e1, priedu\u0161n\u00e1 a vetruodoln\u00e1, so zipsom skryt\u00fdm pod l\u00e9gou s magnetick\u00fdm zap\u00ednan\u00edm. Ide\u00e1lna jarn\u00e1 a jesenn\u00e1 bunda do mesta.","robots":{"index":"index","follow":"follow","max-snippet":"max-snippet:-1","max-image-preview":"max-image-preview:large","max-video-preview":"max-video-preview:-1"},"canonical":"https:\/\/www.ladime.sk\/muzi\/panske-bundy-parky\/panska-softshellova-bombera-hefaistos\/","og_locale":"cs_CZ","og_type":"article","og_title":"P\u00e1nska nepremokav\u00e1 softshellov\u00e1 bombera H\u00e9faistos - ladime.sk","og_description":"Origin\u00e1lna p\u00e1nska nepremokav\u00e1 softshellov\u00e1 bombera H\u00e9faistos \u2013 mestsk\u00e1 p\u00e1nska bunda do p\u00e1sa zo sat\u00e9nov\u00e9ho softshellu z recyklovan\u00fdch flia\u0161. Vodeodoln\u00e1, priedu\u0161n\u00e1 a vetruodoln\u00e1, so zipsom skryt\u00fdm pod l\u00e9gou s magnetick\u00fdm zap\u00ednan\u00edm. Ide\u00e1lna jarn\u00e1 a jesenn\u00e1 bunda do mesta.","og_url":"https:\/\/www.ladime.sk\/muzi\/panske-bundy-parky\/panska-softshellova-bombera-hefaistos\/","og_site_name":"ladime.sk","article_modified_time":"2026-03-25T17:07:02+00:00","og_image":[{"width":1536,"height":1920,"url":"https:\/\/www.ladime.sk\/wp-content\/uploads\/2023\/09\/DSC9013male.jpg","type":"image\/jpeg"}],"twitter_card":"summary_large_image","twitter_misc":{"Odhadovan\u00e1 doba \u010dten\u00ed":"3 minuty"},"schema":{"@context":"https:\/\/schema.org","@graph":[{"@type":"WebPage","@id":"https:\/\/www.ladime.sk\/muzi\/panske-bundy-parky\/panska-softshellova-bombera-hefaistos\/","url":"https:\/\/www.ladime.sk\/muzi\/panske-bundy-parky\/panska-softshellova-bombera-hefaistos\/","name":"P\u00e1nska nepremokav\u00e1 softshellov\u00e1 bombera H\u00e9faistos - ladime.sk","isPartOf":{"@id":"https:\/\/www.ladime.sk\/#website"},"primaryImageOfPage":{"@id":"https:\/\/www.ladime.sk\/muzi\/panske-bundy-parky\/panska-softshellova-bombera-hefaistos\/#primaryimage"},"image":{"@id":"https:\/\/www.ladime.sk\/muzi\/panske-bundy-parky\/panska-softshellova-bombera-hefaistos\/#primaryimage"},"thumbnailUrl":"https:\/\/www.ladime.sk\/wp-content\/uploads\/2023\/09\/DSC9013male.jpg","datePublished":"2023-09-30T11:42:56+00:00","dateModified":"2026-03-25T17:07:02+00:00","description":"Origin\u00e1lna p\u00e1nska nepremokav\u00e1 softshellov\u00e1 bombera H\u00e9faistos \u2013 mestsk\u00e1 p\u00e1nska bunda do p\u00e1sa zo sat\u00e9nov\u00e9ho softshellu z recyklovan\u00fdch flia\u0161. Vodeodoln\u00e1, priedu\u0161n\u00e1 a vetruodoln\u00e1, so zipsom skryt\u00fdm pod l\u00e9gou s magnetick\u00fdm zap\u00ednan\u00edm. Ide\u00e1lna jarn\u00e1 a jesenn\u00e1 bunda do mesta.","breadcrumb":{"@id":"https:\/\/www.ladime.sk\/muzi\/panske-bundy-parky\/panska-softshellova-bombera-hefaistos\/#breadcrumb"},"inLanguage":"cs","potentialAction":[{"@type":"ReadAction","target":["https:\/\/www.ladime.sk\/muzi\/panske-bundy-parky\/panska-softshellova-bombera-hefaistos\/"]}]},{"@type":"ImageObject","inLanguage":"cs","@id":"https:\/\/www.ladime.sk\/muzi\/panske-bundy-parky\/panska-softshellova-bombera-hefaistos\/#primaryimage","url":"https:\/\/www.ladime.sk\/wp-content\/uploads\/2023\/09\/DSC9013male.jpg","contentUrl":"https:\/\/www.ladime.sk\/wp-content\/uploads\/2023\/09\/DSC9013male.jpg","width":1536,"height":1920},{"@type":"BreadcrumbList","@id":"https:\/\/www.ladime.sk\/muzi\/panske-bundy-parky\/panska-softshellova-bombera-hefaistos\/#breadcrumb","itemListElement":[{"@type":"ListItem","position":1,"name":"\u00davod","item":"https:\/\/www.ladime.sk\/"},{"@type":"ListItem","position":2,"name":"Obchod","item":"https:\/\/www.ladime.sk\/cs\/shop-cs\/"},{"@type":"ListItem","position":3,"name":"P\u00e1nska nepremokav\u00e1 softshellov\u00e1 bombera H\u00e9faistos"}]},{"@type":"WebSite","@id":"https:\/\/www.ladime.sk\/#website","url":"https:\/\/www.ladime.sk\/","name":"ladime.sk","description":"Ke\u010f lad\u00edme so svetom, mysl\u00edme na bud\u00facnos\u0165.","publisher":{"@id":"https:\/\/www.ladime.sk\/#organization"},"potentialAction":[{"@type":"SearchAction","target":{"@type":"EntryPoint","urlTemplate":"https:\/\/www.ladime.sk\/?s={search_term_string}"},"query-input":{"@type":"PropertyValueSpecification","valueRequired":true,"valueName":"search_term_string"}}],"inLanguage":"cs"},{"@type":"Organization","@id":"https:\/\/www.ladime.sk\/#organization","name":"Lad\u00edme","url":"https:\/\/www.ladime.sk\/","logo":{"@type":"ImageObject","inLanguage":"cs","@id":"https:\/\/www.ladime.sk\/#\/schema\/logo\/image\/","url":"https:\/\/www.ladime.sk\/wp-content\/uploads\/2021\/08\/logo_ladime.svg","contentUrl":"https:\/\/www.ladime.sk\/wp-content\/uploads\/2021\/08\/logo_ladime.svg","width":366,"height":185,"caption":"Lad\u00edme"},"image":{"@id":"https:\/\/www.ladime.sk\/#\/schema\/logo\/image\/"}}]}},"_links":{"self":[{"href":"https:\/\/www.ladime.sk\/cs\/wp-json\/wp\/v2\/product\/5680416","targetHints":{"allow":["GET"]}}],"collection":[{"href":"https:\/\/www.ladime.sk\/cs\/wp-json\/wp\/v2\/product"}],"about":[{"href":"https:\/\/www.ladime.sk\/cs\/wp-json\/wp\/v2\/types\/product"}],"replies":[{"embeddable":true,"href":"https:\/\/www.ladime.sk\/cs\/wp-json\/wp\/v2\/comments?post=5680416"}],"version-history":[{"count":0,"href":"https:\/\/www.ladime.sk\/cs\/wp-json\/wp\/v2\/product\/5680416\/revisions"}],"wp:featuredmedia":[{"embeddable":true,"href":"https:\/\/www.ladime.sk\/cs\/wp-json\/wp\/v2\/media\/5680423"}],"wp:attachment":[{"href":"https:\/\/www.ladime.sk\/cs\/wp-json\/wp\/v2\/media?parent=5680416"}],"wp:term":[{"taxonomy":"product_brand","embeddable":true,"href":"https:\/\/www.ladime.sk\/cs\/wp-json\/wp\/v2\/product_brand?post=5680416"},{"taxonomy":"product_cat","embeddable":true,"href":"https:\/\/www.ladime.sk\/cs\/wp-json\/wp\/v2\/product_cat?post=5680416"},{"taxonomy":"product_tag","embeddable":true,"href":"https:\/\/www.ladime.sk\/cs\/wp-json\/wp\/v2\/product_tag?post=5680416"}],"curies":[{"name":"wp","href":"https:\/\/api.w.org\/{rel}","templated":true}]}}