{"id":5680122,"date":"2023-09-24T20:02:33","date_gmt":"2023-09-24T18:02:33","guid":{"rendered":"https:\/\/www.ladime.sk\/?post_type=product&#038;p=5680122"},"modified":"2025-11-25T13:28:25","modified_gmt":"2025-11-25T12:28:25","slug":"panske-organic-boxerky","status":"publish","type":"product","link":"https:\/\/www.ladime.sk\/cs\/doplnky\/panske-organic-boxerky\/","title":{"rendered":"P\u00e1nske ORGANIC boxerky"},"content":{"rendered":"<div class=\"kvgmc6g5 cxmmr5t8 oygrvhab hcukyx3x c1et5uql\">\n<div class=\"kvgmc6g5 cxmmr5t8 oygrvhab hcukyx3x c1et5uql\">\n<div class=\"kvgmc6g5 cxmmr5t8 oygrvhab hcukyx3x c1et5uql\">\n<div class=\"kvgmc6g5 cxmmr5t8 oygrvhab hcukyx3x c1et5uql\">\n<div class=\"kvgmc6g5 cxmmr5t8 oygrvhab hcukyx3x c1et5uql\">\n<div>\n<div dir=\"auto\">\n<h2>Handmade p\u00e1nske ORGANIC boxerky z certifikovanej organickej elastickej bavlny<\/h2>\n<p><a href=\"https:\/\/www.ladime.sk\/doplnky\/\"><strong>P\u00e1nske boxerky<\/strong><\/a> z certifikovanej elastickej organickej bavlny: V\u017edy ste h\u013eadali dokonal\u00fa rovnov\u00e1hu medzi komfortom a udr\u017eate\u013enos\u0165ou vo va\u0161om spodnom pr\u00e1dle? Na\u0161a kolekcia p\u00e1nskych boxeriek z pr\u00edrodnej organickej bavlny v\u00e1m pon\u00faka presne toto. Vyrobili sme ich s oh\u013eadom na va\u0161e pohodlie, pri\u010dom sme sa s\u00fastredili na ekologick\u00fa <strong>udr\u017eate\u013enos\u0165<\/strong>. Tieto boxerky s\u00fa prirodzen\u00e9 a bezpe\u010dn\u00e9 pre va\u0161u poko\u017eku, vytvoren\u00e9 z materi\u00e1lu, ktor\u00fd neobsahuje \u0161kodliv\u00e9 l\u00e1tky a je priate\u013esk\u00fd k \u017eivotn\u00e9mu prostrediu.<\/p>\n<p>Okrem toho, p\u00e1nske boxerky z organickej bavlny s\u00fa navrhnut\u00e9 s d\u00f4razom na \u0161t\u00fdl a funk\u010dnos\u0165. Ich jemn\u00e1 elastick\u00e1 guma poskytuje pohodln\u00fd fit, ktor\u00fd dr\u017e\u00ed v spr\u00e1vnej polohe, a zabezpe\u010duje, \u017ee sa nec\u00edtite obmedzovan\u00ed. V\u010faka ich \u0161t\u00fdlov\u00e9mu dizajnu sa stan\u00fa nielen praktick\u00fdm spodn\u00fdm pr\u00e1dlom, ale aj \u0161t\u00fdlov\u00fdm doplnkom v\u00e1\u0161ho \u0161atn\u00edka. V\u00fdber boxeriek je d\u00f4le\u017eit\u00fdm rozhodnut\u00edm, a na\u0161a kolekcia v\u00e1m d\u00e1va pr\u00edle\u017eitos\u0165<strong> investova\u0165 do kvality a udr\u017eate\u013enosti bez kompromisov<\/strong>.<\/p>\n<\/div>\n<\/div>\n<div class=\"adL\"><\/div>\n<div class=\"adL\"><\/div>\n<\/div>\n<\/div>\n<\/div>\n<div class=\"o9v6fnle cxmmr5t8 oygrvhab hcukyx3x c1et5uql\"><\/div>\n<div class=\"o9v6fnle cxmmr5t8 oygrvhab hcukyx3x c1et5uql\">Model Robin nos\u00ed oble\u010den\u00fa ve\u013ekos\u0165 L. V\u00fd\u0161ka modela 195cm.<\/div>\n<\/div>\n<\/div>\n","protected":false},"excerpt":{"rendered":"<div>\n<div>\n<p><strong>P\u00e1nske boxerky<\/strong> z certifikovanej organickej elastickej bavlny: Spojenie komfortu a <strong>udr\u017eate\u013enosti<\/strong> vo va\u0161om spodnom pr\u00e1dle. Vyroben\u00e9 s oh\u013eadom na pohodlie a \u017eivotn\u00e9 prostredie, tieto boxerky s\u00fa \u0161t\u00fdlov\u00fdm a ekologick\u00fdm doplnkom v\u00e1\u0161ho \u0161atn\u00edka.<\/p>\n<\/div>\n<div class=\"o9v6fnle cxmmr5t8 oygrvhab hcukyx3x c1et5uql\">UDR\u017dATE\u013dN\u00dd K\u00daSOK<\/div>\n<div><\/div>\n<div>\n<div class=\"o9v6fnle cxmmr5t8 oygrvhab hcukyx3x c1et5uql\"><strong>Materi\u00e1lov\u00e9 zlo\u017eenie:<\/strong> 95% BIO bavlna 5% elastan<\/div>\n<div><\/div>\n<div>\n<div><strong>Certifik\u00e1ty materi\u00e1lu: <\/strong>OEKO-TEX 100, Trieda 1<\/div>\n<div>\u00a0 \u00a0 \u00a0 \u00a0 \u00a0 \u00a0 \u00a0 \u00a0 \u00a0 \u00a0 \u00a0 \u00a0 \u00a0 \u00a0 \u00a0 \u00a0 \u00a0 \u00a0 \u00a0 \u00a0 \u00a0 \u00a0 ORGANIC<\/div>\n<\/div>\n<p>&nbsp;<\/p>\n<\/div>\n<div><\/div>\n<\/div>\n<div><\/div>\n","protected":false},"featured_media":5680126,"comment_status":"closed","ping_status":"closed","template":"","meta":{"_acf_changed":false,"inline_featured_image":false},"product_brand":[],"product_cat":[121,48],"product_tag":[],"class_list":{"0":"post-5680122","1":"product","2":"type-product","3":"status-publish","4":"has-post-thumbnail","6":"product_cat-doplnky","7":"product_cat-muzi","9":"first","10":"instock","11":"shipping-taxable","12":"purchasable","13":"product-type-variable","14":"wvs-archive-product-wrapper"},"acf":[],"yoast_head":"<!-- This site is optimized with the Yoast SEO plugin v27.4 - https:\/\/yoast.com\/product\/yoast-seo-wordpress\/ -->\n<title>P\u00e1nske ORGANIC boxerky - ladime.sk<\/title>\n<meta name=\"description\" content=\"P\u00e1nske boxerky z organickej bavlny: Kvalita a oh\u013eaduplnos\u0165 pre citliv\u00fa poko\u017eku. Osvie\u017ete svoje spodn\u00e9 pr\u00e1dlo udr\u017eate\u013en\u00fdmi boxerkami.\" \/>\n<meta name=\"robots\" content=\"index, follow, max-snippet:-1, max-image-preview:large, max-video-preview:-1\" \/>\n<link rel=\"canonical\" href=\"https:\/\/www.ladime.sk\/doplnky\/panske-organic-boxerky\/\" \/>\n<meta property=\"og:locale\" content=\"cs_CZ\" \/>\n<meta property=\"og:type\" content=\"article\" \/>\n<meta property=\"og:title\" content=\"P\u00e1nske ORGANIC boxerky - ladime.sk\" \/>\n<meta property=\"og:description\" content=\"P\u00e1nske boxerky z organickej bavlny: Kvalita a oh\u013eaduplnos\u0165 pre citliv\u00fa poko\u017eku. Osvie\u017ete svoje spodn\u00e9 pr\u00e1dlo udr\u017eate\u013en\u00fdmi boxerkami.\" \/>\n<meta property=\"og:url\" content=\"https:\/\/www.ladime.sk\/doplnky\/panske-organic-boxerky\/\" \/>\n<meta property=\"og:site_name\" content=\"ladime.sk\" \/>\n<meta property=\"article:modified_time\" content=\"2025-11-25T12:28:25+00:00\" \/>\n<meta property=\"og:image\" content=\"https:\/\/www.ladime.sk\/wp-content\/uploads\/2023\/09\/ladime_zeny_panske-boxerky_biobavlna_cierna_biela_slovenska-znacka_slovenska-moda_handmade.webp\" \/>\n\t<meta property=\"og:image:width\" content=\"805\" \/>\n\t<meta property=\"og:image:height\" content=\"1006\" \/>\n\t<meta property=\"og:image:type\" content=\"image\/webp\" \/>\n<meta name=\"twitter:card\" content=\"summary_large_image\" \/>\n<meta name=\"twitter:label1\" content=\"Odhadovan\u00e1 doba \u010dten\u00ed\" \/>\n\t<meta name=\"twitter:data1\" content=\"2 minuty\" \/>\n<script type=\"application\/ld+json\" class=\"yoast-schema-graph\">{\"@context\":\"https:\\\/\\\/schema.org\",\"@graph\":[{\"@type\":\"WebPage\",\"@id\":\"https:\\\/\\\/www.ladime.sk\\\/doplnky\\\/panske-organic-boxerky\\\/\",\"url\":\"https:\\\/\\\/www.ladime.sk\\\/doplnky\\\/panske-organic-boxerky\\\/\",\"name\":\"P\u00e1nske ORGANIC boxerky - ladime.sk\",\"isPartOf\":{\"@id\":\"https:\\\/\\\/www.ladime.sk\\\/#website\"},\"primaryImageOfPage\":{\"@id\":\"https:\\\/\\\/www.ladime.sk\\\/doplnky\\\/panske-organic-boxerky\\\/#primaryimage\"},\"image\":{\"@id\":\"https:\\\/\\\/www.ladime.sk\\\/doplnky\\\/panske-organic-boxerky\\\/#primaryimage\"},\"thumbnailUrl\":\"https:\\\/\\\/www.ladime.sk\\\/wp-content\\\/uploads\\\/2023\\\/09\\\/ladime_zeny_panske-boxerky_biobavlna_cierna_biela_slovenska-znacka_slovenska-moda_handmade.webp\",\"datePublished\":\"2023-09-24T18:02:33+00:00\",\"dateModified\":\"2025-11-25T12:28:25+00:00\",\"description\":\"P\u00e1nske boxerky z organickej bavlny: Kvalita a oh\u013eaduplnos\u0165 pre citliv\u00fa poko\u017eku. Osvie\u017ete svoje spodn\u00e9 pr\u00e1dlo udr\u017eate\u013en\u00fdmi boxerkami.\",\"breadcrumb\":{\"@id\":\"https:\\\/\\\/www.ladime.sk\\\/doplnky\\\/panske-organic-boxerky\\\/#breadcrumb\"},\"inLanguage\":\"cs\",\"potentialAction\":[{\"@type\":\"ReadAction\",\"target\":[\"https:\\\/\\\/www.ladime.sk\\\/doplnky\\\/panske-organic-boxerky\\\/\"]}]},{\"@type\":\"ImageObject\",\"inLanguage\":\"cs\",\"@id\":\"https:\\\/\\\/www.ladime.sk\\\/doplnky\\\/panske-organic-boxerky\\\/#primaryimage\",\"url\":\"https:\\\/\\\/www.ladime.sk\\\/wp-content\\\/uploads\\\/2023\\\/09\\\/ladime_zeny_panske-boxerky_biobavlna_cierna_biela_slovenska-znacka_slovenska-moda_handmade.webp\",\"contentUrl\":\"https:\\\/\\\/www.ladime.sk\\\/wp-content\\\/uploads\\\/2023\\\/09\\\/ladime_zeny_panske-boxerky_biobavlna_cierna_biela_slovenska-znacka_slovenska-moda_handmade.webp\",\"width\":805,\"height\":1006},{\"@type\":\"BreadcrumbList\",\"@id\":\"https:\\\/\\\/www.ladime.sk\\\/doplnky\\\/panske-organic-boxerky\\\/#breadcrumb\",\"itemListElement\":[{\"@type\":\"ListItem\",\"position\":1,\"name\":\"\u00davod\",\"item\":\"https:\\\/\\\/www.ladime.sk\\\/\"},{\"@type\":\"ListItem\",\"position\":2,\"name\":\"Obchod\",\"item\":\"https:\\\/\\\/www.ladime.sk\\\/cs\\\/shop-cs\\\/\"},{\"@type\":\"ListItem\",\"position\":3,\"name\":\"P\u00e1nske ORGANIC boxerky\"}]},{\"@type\":\"WebSite\",\"@id\":\"https:\\\/\\\/www.ladime.sk\\\/#website\",\"url\":\"https:\\\/\\\/www.ladime.sk\\\/\",\"name\":\"ladime.sk\",\"description\":\"Ke\u010f lad\u00edme so svetom, mysl\u00edme na bud\u00facnos\u0165.\",\"publisher\":{\"@id\":\"https:\\\/\\\/www.ladime.sk\\\/#organization\"},\"potentialAction\":[{\"@type\":\"SearchAction\",\"target\":{\"@type\":\"EntryPoint\",\"urlTemplate\":\"https:\\\/\\\/www.ladime.sk\\\/?s={search_term_string}\"},\"query-input\":{\"@type\":\"PropertyValueSpecification\",\"valueRequired\":true,\"valueName\":\"search_term_string\"}}],\"inLanguage\":\"cs\"},{\"@type\":\"Organization\",\"@id\":\"https:\\\/\\\/www.ladime.sk\\\/#organization\",\"name\":\"Lad\u00edme\",\"url\":\"https:\\\/\\\/www.ladime.sk\\\/\",\"logo\":{\"@type\":\"ImageObject\",\"inLanguage\":\"cs\",\"@id\":\"https:\\\/\\\/www.ladime.sk\\\/#\\\/schema\\\/logo\\\/image\\\/\",\"url\":\"https:\\\/\\\/www.ladime.sk\\\/wp-content\\\/uploads\\\/2021\\\/08\\\/logo_ladime.svg\",\"contentUrl\":\"https:\\\/\\\/www.ladime.sk\\\/wp-content\\\/uploads\\\/2021\\\/08\\\/logo_ladime.svg\",\"width\":366,\"height\":185,\"caption\":\"Lad\u00edme\"},\"image\":{\"@id\":\"https:\\\/\\\/www.ladime.sk\\\/#\\\/schema\\\/logo\\\/image\\\/\"}}]}<\/script>\n<!-- \/ Yoast SEO plugin. -->","yoast_head_json":{"title":"P\u00e1nske ORGANIC boxerky - ladime.sk","description":"P\u00e1nske boxerky z organickej bavlny: Kvalita a oh\u013eaduplnos\u0165 pre citliv\u00fa poko\u017eku. Osvie\u017ete svoje spodn\u00e9 pr\u00e1dlo udr\u017eate\u013en\u00fdmi boxerkami.","robots":{"index":"index","follow":"follow","max-snippet":"max-snippet:-1","max-image-preview":"max-image-preview:large","max-video-preview":"max-video-preview:-1"},"canonical":"https:\/\/www.ladime.sk\/doplnky\/panske-organic-boxerky\/","og_locale":"cs_CZ","og_type":"article","og_title":"P\u00e1nske ORGANIC boxerky - ladime.sk","og_description":"P\u00e1nske boxerky z organickej bavlny: Kvalita a oh\u013eaduplnos\u0165 pre citliv\u00fa poko\u017eku. Osvie\u017ete svoje spodn\u00e9 pr\u00e1dlo udr\u017eate\u013en\u00fdmi boxerkami.","og_url":"https:\/\/www.ladime.sk\/doplnky\/panske-organic-boxerky\/","og_site_name":"ladime.sk","article_modified_time":"2025-11-25T12:28:25+00:00","og_image":[{"width":805,"height":1006,"url":"https:\/\/www.ladime.sk\/wp-content\/uploads\/2023\/09\/ladime_zeny_panske-boxerky_biobavlna_cierna_biela_slovenska-znacka_slovenska-moda_handmade.webp","type":"image\/webp"}],"twitter_card":"summary_large_image","twitter_misc":{"Odhadovan\u00e1 doba \u010dten\u00ed":"2 minuty"},"schema":{"@context":"https:\/\/schema.org","@graph":[{"@type":"WebPage","@id":"https:\/\/www.ladime.sk\/doplnky\/panske-organic-boxerky\/","url":"https:\/\/www.ladime.sk\/doplnky\/panske-organic-boxerky\/","name":"P\u00e1nske ORGANIC boxerky - ladime.sk","isPartOf":{"@id":"https:\/\/www.ladime.sk\/#website"},"primaryImageOfPage":{"@id":"https:\/\/www.ladime.sk\/doplnky\/panske-organic-boxerky\/#primaryimage"},"image":{"@id":"https:\/\/www.ladime.sk\/doplnky\/panske-organic-boxerky\/#primaryimage"},"thumbnailUrl":"https:\/\/www.ladime.sk\/wp-content\/uploads\/2023\/09\/ladime_zeny_panske-boxerky_biobavlna_cierna_biela_slovenska-znacka_slovenska-moda_handmade.webp","datePublished":"2023-09-24T18:02:33+00:00","dateModified":"2025-11-25T12:28:25+00:00","description":"P\u00e1nske boxerky z organickej bavlny: Kvalita a oh\u013eaduplnos\u0165 pre citliv\u00fa poko\u017eku. Osvie\u017ete svoje spodn\u00e9 pr\u00e1dlo udr\u017eate\u013en\u00fdmi boxerkami.","breadcrumb":{"@id":"https:\/\/www.ladime.sk\/doplnky\/panske-organic-boxerky\/#breadcrumb"},"inLanguage":"cs","potentialAction":[{"@type":"ReadAction","target":["https:\/\/www.ladime.sk\/doplnky\/panske-organic-boxerky\/"]}]},{"@type":"ImageObject","inLanguage":"cs","@id":"https:\/\/www.ladime.sk\/doplnky\/panske-organic-boxerky\/#primaryimage","url":"https:\/\/www.ladime.sk\/wp-content\/uploads\/2023\/09\/ladime_zeny_panske-boxerky_biobavlna_cierna_biela_slovenska-znacka_slovenska-moda_handmade.webp","contentUrl":"https:\/\/www.ladime.sk\/wp-content\/uploads\/2023\/09\/ladime_zeny_panske-boxerky_biobavlna_cierna_biela_slovenska-znacka_slovenska-moda_handmade.webp","width":805,"height":1006},{"@type":"BreadcrumbList","@id":"https:\/\/www.ladime.sk\/doplnky\/panske-organic-boxerky\/#breadcrumb","itemListElement":[{"@type":"ListItem","position":1,"name":"\u00davod","item":"https:\/\/www.ladime.sk\/"},{"@type":"ListItem","position":2,"name":"Obchod","item":"https:\/\/www.ladime.sk\/cs\/shop-cs\/"},{"@type":"ListItem","position":3,"name":"P\u00e1nske ORGANIC boxerky"}]},{"@type":"WebSite","@id":"https:\/\/www.ladime.sk\/#website","url":"https:\/\/www.ladime.sk\/","name":"ladime.sk","description":"Ke\u010f lad\u00edme so svetom, mysl\u00edme na bud\u00facnos\u0165.","publisher":{"@id":"https:\/\/www.ladime.sk\/#organization"},"potentialAction":[{"@type":"SearchAction","target":{"@type":"EntryPoint","urlTemplate":"https:\/\/www.ladime.sk\/?s={search_term_string}"},"query-input":{"@type":"PropertyValueSpecification","valueRequired":true,"valueName":"search_term_string"}}],"inLanguage":"cs"},{"@type":"Organization","@id":"https:\/\/www.ladime.sk\/#organization","name":"Lad\u00edme","url":"https:\/\/www.ladime.sk\/","logo":{"@type":"ImageObject","inLanguage":"cs","@id":"https:\/\/www.ladime.sk\/#\/schema\/logo\/image\/","url":"https:\/\/www.ladime.sk\/wp-content\/uploads\/2021\/08\/logo_ladime.svg","contentUrl":"https:\/\/www.ladime.sk\/wp-content\/uploads\/2021\/08\/logo_ladime.svg","width":366,"height":185,"caption":"Lad\u00edme"},"image":{"@id":"https:\/\/www.ladime.sk\/#\/schema\/logo\/image\/"}}]}},"_links":{"self":[{"href":"https:\/\/www.ladime.sk\/cs\/wp-json\/wp\/v2\/product\/5680122","targetHints":{"allow":["GET"]}}],"collection":[{"href":"https:\/\/www.ladime.sk\/cs\/wp-json\/wp\/v2\/product"}],"about":[{"href":"https:\/\/www.ladime.sk\/cs\/wp-json\/wp\/v2\/types\/product"}],"replies":[{"embeddable":true,"href":"https:\/\/www.ladime.sk\/cs\/wp-json\/wp\/v2\/comments?post=5680122"}],"version-history":[{"count":0,"href":"https:\/\/www.ladime.sk\/cs\/wp-json\/wp\/v2\/product\/5680122\/revisions"}],"wp:featuredmedia":[{"embeddable":true,"href":"https:\/\/www.ladime.sk\/cs\/wp-json\/wp\/v2\/media\/5680126"}],"wp:attachment":[{"href":"https:\/\/www.ladime.sk\/cs\/wp-json\/wp\/v2\/media?parent=5680122"}],"wp:term":[{"taxonomy":"product_brand","embeddable":true,"href":"https:\/\/www.ladime.sk\/cs\/wp-json\/wp\/v2\/product_brand?post=5680122"},{"taxonomy":"product_cat","embeddable":true,"href":"https:\/\/www.ladime.sk\/cs\/wp-json\/wp\/v2\/product_cat?post=5680122"},{"taxonomy":"product_tag","embeddable":true,"href":"https:\/\/www.ladime.sk\/cs\/wp-json\/wp\/v2\/product_tag?post=5680122"}],"curies":[{"name":"wp","href":"https:\/\/api.w.org\/{rel}","templated":true}]}}