{"id":5680098,"date":"2023-09-24T20:02:35","date_gmt":"2023-09-24T18:02:35","guid":{"rendered":"https:\/\/www.ladime.sk\/?post_type=product&#038;p=5680098"},"modified":"2026-02-20T05:04:51","modified_gmt":"2026-02-20T04:04:51","slug":"damska-organic-mikina-ema","status":"publish","type":"product","link":"https:\/\/www.ladime.sk\/cs\/zeny\/damske-mikiny\/damska-organic-mikina-ema\/","title":{"rendered":"D\u00e1mska ORGANIC mikina Ema"},"content":{"rendered":"<p><strong>D\u00e1mska mikina Ema s oversize kapuc\u0148ou &#8211; zhmotnenie pomalej m\u00f3dy.<\/strong><\/p>\n<p>Na\u0161a <a href=\"https:\/\/www.ladime.sk\/zeny\/damske-mikiny\/\"><strong>d\u00e1mska mikina<\/strong><\/a> s oversize kapuc\u0148ou je spojen\u00edm \u017eenskosti a \u0161portovej elegancie. Je vyroben\u00e1 z jemnej elastickej organickej bavlny, ktor\u00e1 v\u00e1m poskytne maxim\u00e1lny komfort a pohodlie. T\u00e1to mikina nie je len be\u017en\u00fdm k\u00faskom do v\u00e1\u0161ho \u0161atn\u00edka, je to prejav va\u0161ej jedine\u010dnej \u017eenskosti a \u0161t\u00fdlovej elegancie.<\/p>\n<p>Svoj\u00edm nad\u010dasov\u00fdm dizajnom a zv\u00fdraznen\u00edm kr\u00e1sy \u017eenskej postavy v\u00e1m na\u0161a mikina prinesie istotu a sebavedomie. Je ide\u00e1lnym spolo\u010dn\u00edkom pre akt\u00edvny \u017eivotn\u00fd \u0161t\u00fdl, ktor\u00fd v\u0161ak nezab\u00fada na \u0161t\u00fdl a eleganciu. Kapuc\u0148a dod\u00e1va doj\u00edmav\u00fd dotyk extravagancie, z\u00e1rove\u0148 v\u00e1s ochr\u00e1ni pred vetrom a chladom, \u010di u\u017e ste na prech\u00e1dzke v pr\u00edrode alebo na ceste do fitnes centra.<\/p>\n<p>T\u00e1to mikina nie je len o pohodl\u00ed, je o vyjadren\u00ed v\u00e1\u0161ho jedine\u010dn\u00e9ho \u0161t\u00fdlu a o podpore <strong>udr\u017eate\u013enosti<\/strong>. Materi\u00e1l tejto mikiny je \u0161etrn\u00fd k \u017eivotn\u00e9mu prostrediu, \u010do z nej rob\u00ed nie len m\u00f3dnym k\u00faskom, ale aj zodpovedn\u00fdm v\u00fdberom pre va\u0161u \u0161at\u0148u. Zd\u00f4raznite svoju \u017eenskos\u0165, eleganciu a akt\u00edvny \u017eivotn\u00fd \u0161t\u00fdl s touto \u00fa\u017easnou mikinou, ktor\u00e1 v\u00e1m poskytne to najlep\u0161ie z oboch svetov.<\/p>\n<p>Modelka Mia m\u00e1 oble\u010den\u00fa ve\u013ekos\u0165 36. V\u00fd\u0161ka modelky: 163cm a miery: 92-70-95<\/p>\n<p>&nbsp;<\/p>\n","protected":false},"excerpt":{"rendered":"<div>\n<div>\n<p><strong>D\u00e1mska mikina Ema<\/strong> s oversize kapuc\u0148ou &#8211; zhmotnenie <strong>pomalej m\u00f3dy<\/strong>. Dizajn kombinuje \u0161portov\u00fa eleganciu a \u017eenskos\u0165, pri\u010dom pou\u017eit\u00e1 organick\u00e1 bavlna db\u00e1 aj na udr\u017eate\u013enos\u0165. Z\u00edskate tak \u0161t\u00fdlov\u00fd k\u00fasok, ktor\u00fd podporuje trval\u00fa hodnotu a \u0161etrnos\u0165 k \u017eivotn\u00e9mu prostrediu.<\/p>\n<div>UDR\u017dATE\u013dN\u00dd K\u00daSOK<\/div>\n<div><\/div>\n<\/div>\n<div class=\"o9v6fnle cxmmr5t8 oygrvhab hcukyx3x c1et5uql\"><strong>Materi\u00e1lov\u00e9 zlo\u017eenie:<\/strong>\u00a095% BIO bavlna 5% elastan<\/div>\n<div><\/div>\n<\/div>\n<div>\n<div><strong>Certifik\u00e1ty materi\u00e1lu: <\/strong>OEKO-TEX 100, Trieda 1<\/div>\n<div>\u00a0 \u00a0 \u00a0 \u00a0 \u00a0 \u00a0 \u00a0 \u00a0 \u00a0 \u00a0 \u00a0 \u00a0 \u00a0 \u00a0 \u00a0 \u00a0 \u00a0 \u00a0 \u00a0 \u00a0 \u00a0 \u00a0 ORGANIC<\/div>\n<\/div>\n<div class=\"o9v6fnle cxmmr5t8 oygrvhab hcukyx3x c1et5uql\"><\/div>\n","protected":false},"featured_media":5679976,"comment_status":"closed","ping_status":"closed","template":"","meta":{"_acf_changed":false,"inline_featured_image":false},"product_brand":[],"product_cat":[627],"product_tag":[],"class_list":{"0":"post-5680098","1":"product","2":"type-product","3":"status-publish","4":"has-post-thumbnail","6":"product_cat-damske-mikiny","8":"first","9":"outofstock","10":"shipping-taxable","11":"purchasable","12":"product-type-variable","13":"wvs-archive-product-wrapper"},"acf":[],"yoast_head":"<!-- This site is optimized with the Yoast SEO plugin v27.4 - https:\/\/yoast.com\/product\/yoast-seo-wordpress\/ -->\n<title>D\u00e1mska ORGANIC mikina Ema - ladime.sk<\/title>\n<meta name=\"description\" content=\"D\u00e1mska mikina Ema s oversize kapuc\u0148ou - sp\u00e1ja \u017eenskos\u0165 so \u0161portovou eleganciou v duchu pomalej m\u00f3dy. Osvie\u017ete svoj outfit v ka\u017edej sez\u00f3ne.\" \/>\n<meta name=\"robots\" content=\"index, follow, max-snippet:-1, max-image-preview:large, max-video-preview:-1\" \/>\n<link rel=\"canonical\" href=\"https:\/\/www.ladime.sk\/zeny\/damske-mikiny\/damska-organic-mikina-ema\/\" \/>\n<meta property=\"og:locale\" content=\"cs_CZ\" \/>\n<meta property=\"og:type\" content=\"article\" \/>\n<meta property=\"og:title\" content=\"D\u00e1mska ORGANIC mikina Ema - ladime.sk\" \/>\n<meta property=\"og:description\" content=\"D\u00e1mska mikina Ema s oversize kapuc\u0148ou - sp\u00e1ja \u017eenskos\u0165 so \u0161portovou eleganciou v duchu pomalej m\u00f3dy. Osvie\u017ete svoj outfit v ka\u017edej sez\u00f3ne.\" \/>\n<meta property=\"og:url\" content=\"https:\/\/www.ladime.sk\/zeny\/damske-mikiny\/damska-organic-mikina-ema\/\" \/>\n<meta property=\"og:site_name\" content=\"ladime.sk\" \/>\n<meta property=\"article:modified_time\" content=\"2026-02-20T04:04:51+00:00\" \/>\n<meta property=\"og:image\" content=\"https:\/\/www.ladime.sk\/wp-content\/uploads\/2023\/08\/ladime_zeny_nohavice_softshell_antracitova_mikina_biobavlna_cierna_moda_buducnosti_handmade_2.webp\" \/>\n\t<meta property=\"og:image:width\" content=\"805\" \/>\n\t<meta property=\"og:image:height\" content=\"1006\" \/>\n\t<meta property=\"og:image:type\" content=\"image\/webp\" \/>\n<meta name=\"twitter:card\" content=\"summary_large_image\" \/>\n<meta name=\"twitter:label1\" content=\"Odhadovan\u00e1 doba \u010dten\u00ed\" \/>\n\t<meta name=\"twitter:data1\" content=\"2 minuty\" \/>\n<script type=\"application\/ld+json\" class=\"yoast-schema-graph\">{\"@context\":\"https:\\\/\\\/schema.org\",\"@graph\":[{\"@type\":\"WebPage\",\"@id\":\"https:\\\/\\\/www.ladime.sk\\\/zeny\\\/damske-mikiny\\\/damska-organic-mikina-ema\\\/\",\"url\":\"https:\\\/\\\/www.ladime.sk\\\/zeny\\\/damske-mikiny\\\/damska-organic-mikina-ema\\\/\",\"name\":\"D\u00e1mska ORGANIC mikina Ema - ladime.sk\",\"isPartOf\":{\"@id\":\"https:\\\/\\\/www.ladime.sk\\\/#website\"},\"primaryImageOfPage\":{\"@id\":\"https:\\\/\\\/www.ladime.sk\\\/zeny\\\/damske-mikiny\\\/damska-organic-mikina-ema\\\/#primaryimage\"},\"image\":{\"@id\":\"https:\\\/\\\/www.ladime.sk\\\/zeny\\\/damske-mikiny\\\/damska-organic-mikina-ema\\\/#primaryimage\"},\"thumbnailUrl\":\"https:\\\/\\\/www.ladime.sk\\\/wp-content\\\/uploads\\\/2023\\\/08\\\/ladime_zeny_nohavice_softshell_antracitova_mikina_biobavlna_cierna_moda_buducnosti_handmade_2.webp\",\"datePublished\":\"2023-09-24T18:02:35+00:00\",\"dateModified\":\"2026-02-20T04:04:51+00:00\",\"description\":\"D\u00e1mska mikina Ema s oversize kapuc\u0148ou - sp\u00e1ja \u017eenskos\u0165 so \u0161portovou eleganciou v duchu pomalej m\u00f3dy. Osvie\u017ete svoj outfit v ka\u017edej sez\u00f3ne.\",\"breadcrumb\":{\"@id\":\"https:\\\/\\\/www.ladime.sk\\\/zeny\\\/damske-mikiny\\\/damska-organic-mikina-ema\\\/#breadcrumb\"},\"inLanguage\":\"cs\",\"potentialAction\":[{\"@type\":\"ReadAction\",\"target\":[\"https:\\\/\\\/www.ladime.sk\\\/zeny\\\/damske-mikiny\\\/damska-organic-mikina-ema\\\/\"]}]},{\"@type\":\"ImageObject\",\"inLanguage\":\"cs\",\"@id\":\"https:\\\/\\\/www.ladime.sk\\\/zeny\\\/damske-mikiny\\\/damska-organic-mikina-ema\\\/#primaryimage\",\"url\":\"https:\\\/\\\/www.ladime.sk\\\/wp-content\\\/uploads\\\/2023\\\/08\\\/ladime_zeny_nohavice_softshell_antracitova_mikina_biobavlna_cierna_moda_buducnosti_handmade_2.webp\",\"contentUrl\":\"https:\\\/\\\/www.ladime.sk\\\/wp-content\\\/uploads\\\/2023\\\/08\\\/ladime_zeny_nohavice_softshell_antracitova_mikina_biobavlna_cierna_moda_buducnosti_handmade_2.webp\",\"width\":805,\"height\":1006},{\"@type\":\"BreadcrumbList\",\"@id\":\"https:\\\/\\\/www.ladime.sk\\\/zeny\\\/damske-mikiny\\\/damska-organic-mikina-ema\\\/#breadcrumb\",\"itemListElement\":[{\"@type\":\"ListItem\",\"position\":1,\"name\":\"\u00davod\",\"item\":\"https:\\\/\\\/www.ladime.sk\\\/\"},{\"@type\":\"ListItem\",\"position\":2,\"name\":\"Obchod\",\"item\":\"https:\\\/\\\/www.ladime.sk\\\/cs\\\/shop-cs\\\/\"},{\"@type\":\"ListItem\",\"position\":3,\"name\":\"D\u00e1mska ORGANIC mikina Ema\"}]},{\"@type\":\"WebSite\",\"@id\":\"https:\\\/\\\/www.ladime.sk\\\/#website\",\"url\":\"https:\\\/\\\/www.ladime.sk\\\/\",\"name\":\"ladime.sk\",\"description\":\"Ke\u010f lad\u00edme so svetom, mysl\u00edme na bud\u00facnos\u0165.\",\"publisher\":{\"@id\":\"https:\\\/\\\/www.ladime.sk\\\/#organization\"},\"potentialAction\":[{\"@type\":\"SearchAction\",\"target\":{\"@type\":\"EntryPoint\",\"urlTemplate\":\"https:\\\/\\\/www.ladime.sk\\\/?s={search_term_string}\"},\"query-input\":{\"@type\":\"PropertyValueSpecification\",\"valueRequired\":true,\"valueName\":\"search_term_string\"}}],\"inLanguage\":\"cs\"},{\"@type\":\"Organization\",\"@id\":\"https:\\\/\\\/www.ladime.sk\\\/#organization\",\"name\":\"Lad\u00edme\",\"url\":\"https:\\\/\\\/www.ladime.sk\\\/\",\"logo\":{\"@type\":\"ImageObject\",\"inLanguage\":\"cs\",\"@id\":\"https:\\\/\\\/www.ladime.sk\\\/#\\\/schema\\\/logo\\\/image\\\/\",\"url\":\"https:\\\/\\\/www.ladime.sk\\\/wp-content\\\/uploads\\\/2021\\\/08\\\/logo_ladime.svg\",\"contentUrl\":\"https:\\\/\\\/www.ladime.sk\\\/wp-content\\\/uploads\\\/2021\\\/08\\\/logo_ladime.svg\",\"width\":366,\"height\":185,\"caption\":\"Lad\u00edme\"},\"image\":{\"@id\":\"https:\\\/\\\/www.ladime.sk\\\/#\\\/schema\\\/logo\\\/image\\\/\"}}]}<\/script>\n<!-- \/ Yoast SEO plugin. -->","yoast_head_json":{"title":"D\u00e1mska ORGANIC mikina Ema - ladime.sk","description":"D\u00e1mska mikina Ema s oversize kapuc\u0148ou - sp\u00e1ja \u017eenskos\u0165 so \u0161portovou eleganciou v duchu pomalej m\u00f3dy. Osvie\u017ete svoj outfit v ka\u017edej sez\u00f3ne.","robots":{"index":"index","follow":"follow","max-snippet":"max-snippet:-1","max-image-preview":"max-image-preview:large","max-video-preview":"max-video-preview:-1"},"canonical":"https:\/\/www.ladime.sk\/zeny\/damske-mikiny\/damska-organic-mikina-ema\/","og_locale":"cs_CZ","og_type":"article","og_title":"D\u00e1mska ORGANIC mikina Ema - ladime.sk","og_description":"D\u00e1mska mikina Ema s oversize kapuc\u0148ou - sp\u00e1ja \u017eenskos\u0165 so \u0161portovou eleganciou v duchu pomalej m\u00f3dy. Osvie\u017ete svoj outfit v ka\u017edej sez\u00f3ne.","og_url":"https:\/\/www.ladime.sk\/zeny\/damske-mikiny\/damska-organic-mikina-ema\/","og_site_name":"ladime.sk","article_modified_time":"2026-02-20T04:04:51+00:00","og_image":[{"width":805,"height":1006,"url":"https:\/\/www.ladime.sk\/wp-content\/uploads\/2023\/08\/ladime_zeny_nohavice_softshell_antracitova_mikina_biobavlna_cierna_moda_buducnosti_handmade_2.webp","type":"image\/webp"}],"twitter_card":"summary_large_image","twitter_misc":{"Odhadovan\u00e1 doba \u010dten\u00ed":"2 minuty"},"schema":{"@context":"https:\/\/schema.org","@graph":[{"@type":"WebPage","@id":"https:\/\/www.ladime.sk\/zeny\/damske-mikiny\/damska-organic-mikina-ema\/","url":"https:\/\/www.ladime.sk\/zeny\/damske-mikiny\/damska-organic-mikina-ema\/","name":"D\u00e1mska ORGANIC mikina Ema - ladime.sk","isPartOf":{"@id":"https:\/\/www.ladime.sk\/#website"},"primaryImageOfPage":{"@id":"https:\/\/www.ladime.sk\/zeny\/damske-mikiny\/damska-organic-mikina-ema\/#primaryimage"},"image":{"@id":"https:\/\/www.ladime.sk\/zeny\/damske-mikiny\/damska-organic-mikina-ema\/#primaryimage"},"thumbnailUrl":"https:\/\/www.ladime.sk\/wp-content\/uploads\/2023\/08\/ladime_zeny_nohavice_softshell_antracitova_mikina_biobavlna_cierna_moda_buducnosti_handmade_2.webp","datePublished":"2023-09-24T18:02:35+00:00","dateModified":"2026-02-20T04:04:51+00:00","description":"D\u00e1mska mikina Ema s oversize kapuc\u0148ou - sp\u00e1ja \u017eenskos\u0165 so \u0161portovou eleganciou v duchu pomalej m\u00f3dy. Osvie\u017ete svoj outfit v ka\u017edej sez\u00f3ne.","breadcrumb":{"@id":"https:\/\/www.ladime.sk\/zeny\/damske-mikiny\/damska-organic-mikina-ema\/#breadcrumb"},"inLanguage":"cs","potentialAction":[{"@type":"ReadAction","target":["https:\/\/www.ladime.sk\/zeny\/damske-mikiny\/damska-organic-mikina-ema\/"]}]},{"@type":"ImageObject","inLanguage":"cs","@id":"https:\/\/www.ladime.sk\/zeny\/damske-mikiny\/damska-organic-mikina-ema\/#primaryimage","url":"https:\/\/www.ladime.sk\/wp-content\/uploads\/2023\/08\/ladime_zeny_nohavice_softshell_antracitova_mikina_biobavlna_cierna_moda_buducnosti_handmade_2.webp","contentUrl":"https:\/\/www.ladime.sk\/wp-content\/uploads\/2023\/08\/ladime_zeny_nohavice_softshell_antracitova_mikina_biobavlna_cierna_moda_buducnosti_handmade_2.webp","width":805,"height":1006},{"@type":"BreadcrumbList","@id":"https:\/\/www.ladime.sk\/zeny\/damske-mikiny\/damska-organic-mikina-ema\/#breadcrumb","itemListElement":[{"@type":"ListItem","position":1,"name":"\u00davod","item":"https:\/\/www.ladime.sk\/"},{"@type":"ListItem","position":2,"name":"Obchod","item":"https:\/\/www.ladime.sk\/cs\/shop-cs\/"},{"@type":"ListItem","position":3,"name":"D\u00e1mska ORGANIC mikina Ema"}]},{"@type":"WebSite","@id":"https:\/\/www.ladime.sk\/#website","url":"https:\/\/www.ladime.sk\/","name":"ladime.sk","description":"Ke\u010f lad\u00edme so svetom, mysl\u00edme na bud\u00facnos\u0165.","publisher":{"@id":"https:\/\/www.ladime.sk\/#organization"},"potentialAction":[{"@type":"SearchAction","target":{"@type":"EntryPoint","urlTemplate":"https:\/\/www.ladime.sk\/?s={search_term_string}"},"query-input":{"@type":"PropertyValueSpecification","valueRequired":true,"valueName":"search_term_string"}}],"inLanguage":"cs"},{"@type":"Organization","@id":"https:\/\/www.ladime.sk\/#organization","name":"Lad\u00edme","url":"https:\/\/www.ladime.sk\/","logo":{"@type":"ImageObject","inLanguage":"cs","@id":"https:\/\/www.ladime.sk\/#\/schema\/logo\/image\/","url":"https:\/\/www.ladime.sk\/wp-content\/uploads\/2021\/08\/logo_ladime.svg","contentUrl":"https:\/\/www.ladime.sk\/wp-content\/uploads\/2021\/08\/logo_ladime.svg","width":366,"height":185,"caption":"Lad\u00edme"},"image":{"@id":"https:\/\/www.ladime.sk\/#\/schema\/logo\/image\/"}}]}},"_links":{"self":[{"href":"https:\/\/www.ladime.sk\/cs\/wp-json\/wp\/v2\/product\/5680098","targetHints":{"allow":["GET"]}}],"collection":[{"href":"https:\/\/www.ladime.sk\/cs\/wp-json\/wp\/v2\/product"}],"about":[{"href":"https:\/\/www.ladime.sk\/cs\/wp-json\/wp\/v2\/types\/product"}],"replies":[{"embeddable":true,"href":"https:\/\/www.ladime.sk\/cs\/wp-json\/wp\/v2\/comments?post=5680098"}],"version-history":[{"count":0,"href":"https:\/\/www.ladime.sk\/cs\/wp-json\/wp\/v2\/product\/5680098\/revisions"}],"wp:featuredmedia":[{"embeddable":true,"href":"https:\/\/www.ladime.sk\/cs\/wp-json\/wp\/v2\/media\/5679976"}],"wp:attachment":[{"href":"https:\/\/www.ladime.sk\/cs\/wp-json\/wp\/v2\/media?parent=5680098"}],"wp:term":[{"taxonomy":"product_brand","embeddable":true,"href":"https:\/\/www.ladime.sk\/cs\/wp-json\/wp\/v2\/product_brand?post=5680098"},{"taxonomy":"product_cat","embeddable":true,"href":"https:\/\/www.ladime.sk\/cs\/wp-json\/wp\/v2\/product_cat?post=5680098"},{"taxonomy":"product_tag","embeddable":true,"href":"https:\/\/www.ladime.sk\/cs\/wp-json\/wp\/v2\/product_tag?post=5680098"}],"curies":[{"name":"wp","href":"https:\/\/api.w.org\/{rel}","templated":true}]}}