{"id":5680075,"date":"2023-09-24T20:02:36","date_gmt":"2023-09-24T18:02:36","guid":{"rendered":"https:\/\/www.ladime.sk\/?post_type=product&#038;p=5680075"},"modified":"2025-11-06T09:23:35","modified_gmt":"2025-11-06T08:23:35","slug":"damska-organic-sukna-luna","status":"publish","type":"product","link":"https:\/\/www.ladime.sk\/cs\/zeny\/damske-sukne\/damska-organic-sukna-luna\/","title":{"rendered":"D\u00e1mska ORGANIC suk\u0148a Luna"},"content":{"rendered":"<div class=\"kvgmc6g5 cxmmr5t8 oygrvhab hcukyx3x c1et5uql\">\n<h2>Organick\u00e1 Elegancia &#8211;\u00a0 D\u00e1mska Suk\u0148a z Udr\u017eate\u013enej Bavlny prospieva Va\u0161ej Kr\u00e1se a Plan\u00e9te<\/h2>\n<p><a href=\"https:\/\/www.ladime.sk\/zeny\/damske-sukne\/\"><strong>D\u00e1mska suk\u0148a<\/strong><\/a> <strong>Luna<\/strong> z jemnej certifikovanej organickej elastickej bavlny je neodolate\u013en\u00fdm k\u00faskom, ktor\u00fd zl\u00fa\u010di va\u0161e najlep\u0161ie vlastnosti s v\u00e1\u0161\u0148ou pre udr\u017eate\u013en\u00fd sp\u00f4sob \u017eivota. Je to viac ne\u017e len k\u00fasok oble\u010denia; je to v\u00fdraz v\u00e1\u0161ho \u0161t\u00fdlu, va\u0161ej osobnosti a va\u0161ej zodpovednosti vo\u010di pr\u00edrode.<\/p>\n<p>T\u00e1to suk\u0148a v\u00e1m umo\u017e\u0148uje spoji\u0165 kr\u00e1su s etikou. Je vyroben\u00e1 z certifikovanej organickej bavlny, ktor\u00e1 je \u0161etrn\u00e1 k \u017eivotn\u00e9mu prostrediu a prirodzene pr\u00edjemn\u00e1 na nosenie. Jej jemn\u00fd dotyk poko\u017eky v\u00e1m zabezpe\u010d\u00ed komfort po\u010das cel\u00e9ho d\u0148a. Okrem toho jej jednoduch\u00fd, no elegantn\u00fd dizajn je vhodn\u00fd pre r\u00f4zne pr\u00edle\u017eitosti.<\/p>\n<p>S touto suk\u0148ou m\u00f4\u017eete vyjadri\u0165 svoj osobn\u00fd \u0161t\u00fdl a podpori\u0165 <strong>udr\u017eate\u013enos\u0165<\/strong> v jednom. Je to symbol v\u00e1\u0161ho hlb\u0161ieho povedomia o v\u00fdzvach, ktor\u00fdm \u010del\u00ed na\u0161a plan\u00e9ta, a va\u0161ej odhodlanosti kona\u0165. Doprajte si t\u00fato jedine\u010dn\u00fa suk\u0148u a bu\u010fte pr\u00edkladom udr\u017eate\u013en\u00e9ho \u017eivota, bez toho aby ste museli obetova\u0165 \u0161t\u00fdl a eleganciu.<\/p>\n<p>Suk\u0148u je mo\u017en\u00e9 objedna\u0165 aj v inej ako z\u00e1kladnej d\u013a\u017eke pre jednotliv\u00e9 ve\u013ekosti &#8211; pre viac info <a href=\"https:\/\/www.ladime.sk\/kontakt\/\">tu<\/a>.<\/p>\n<p>&nbsp;<\/p>\n<\/div>\n<div class=\"o9v6fnle cxmmr5t8 oygrvhab hcukyx3x c1et5uql\"><\/div>\n<div class=\"o9v6fnle cxmmr5t8 oygrvhab hcukyx3x c1et5uql\">Modelka Mia m\u00e1 oble\u010den\u00fa ve\u013ekos\u0165 36. V\u00fd\u0161ka modelky: 163cm a miery: 92-70-95<\/div>\n<div><\/div>\n","protected":false},"excerpt":{"rendered":"<div>\n<p><strong>D\u00e1mska suk\u0148a Luna<\/strong> z jemnej elastickej organickej bavlny &#8211; dokonal\u00fd spolo\u010dn\u00edk pre vytvorenie elegantn\u00fdch aj ka\u017edodenn\u00fdch outfitov. Jej \u0161t\u00fdlov\u00fd a pr\u00edrodn\u00fd dizajn sp\u00e1ja pohodlie s udr\u017eate\u013enos\u0165ou, a tak m\u00f4\u017eete by\u0165 nielen \u0161t\u00fdlov\u00e1, ale aj ekologicky zodpovedn\u00e1. T\u00e1to suk\u0148a je nielen kr\u00e1snym modelom, ale aj prejavom va\u0161ej podpory pre <strong>udr\u017eate\u013en\u00fa m\u00f3du<\/strong>. Doprajte si t\u00fato exkluz\u00edvnu suk\u0148u a zv\u00fdraznite svoju kr\u00e1su a osobn\u00fd \u0161t\u00fdl v harm\u00f3nii s pr\u00edrodou<\/p>\n<\/div>\n<div class=\"o9v6fnle cxmmr5t8 oygrvhab hcukyx3x c1et5uql\">UDR\u017dATE\u013dN\u00dd K\u00daSOK<\/div>\n<div><\/div>\n<div><strong>Materi\u00e1lov\u00e9 zlo\u017eenie:<\/strong> 95% BIO bavlna 5% elastan<\/div>\n<div>\n<div><strong>Certifik\u00e1ty materi\u00e1lu: <\/strong>OEKO-TEX 100, Trieda 1<\/div>\n<div>\u00a0 \u00a0 \u00a0 \u00a0 \u00a0 \u00a0 \u00a0 \u00a0 \u00a0 \u00a0 \u00a0 \u00a0 \u00a0 \u00a0 \u00a0 \u00a0 \u00a0 \u00a0 \u00a0 \u00a0 \u00a0 \u00a0 ORGANIC<\/div>\n<\/div>\n<div><\/div>\n<div>Suk\u0148u je mo\u017en\u00e9 objedna\u0165 aj v inej ako z\u00e1kladnej d\u013a\u017eke pre jednotliv\u00e9 ve\u013ekosti &#8211; pre viac info <a href=\"https:\/\/www.ladime.sk\/kontakt\/\">tu<\/a>.<\/div>\n<div><\/div>\n<div><\/div>\n","protected":false},"featured_media":5680091,"comment_status":"closed","ping_status":"closed","template":"","meta":{"_acf_changed":false,"inline_featured_image":false},"product_brand":[],"product_cat":[203],"product_tag":[],"class_list":{"0":"post-5680075","1":"product","2":"type-product","3":"status-publish","4":"has-post-thumbnail","6":"product_cat-damske-sukne","8":"first","9":"instock","10":"sale","11":"shipping-taxable","12":"purchasable","13":"product-type-variable","14":"wvs-archive-product-wrapper"},"acf":[],"yoast_head":"<!-- This site is optimized with the Yoast SEO plugin v27.4 - https:\/\/yoast.com\/product\/yoast-seo-wordpress\/ -->\n<title>D\u00e1mska ORGANIC suk\u0148a Luna - ladime.sk<\/title>\n<meta name=\"description\" content=\"O\u017eivte svoj \u0161atn\u00edk s na\u0161ou d\u00e1mskou suk\u0148ou Luna z organickej elastickej bavlny. Udr\u017eate\u013en\u00fdm a \u0161t\u00fdlov\u00fdm sp\u00f4sobom zd\u00f4raznite svoju kr\u00e1su.\" \/>\n<meta name=\"robots\" content=\"index, follow, max-snippet:-1, max-image-preview:large, max-video-preview:-1\" \/>\n<link rel=\"canonical\" href=\"https:\/\/www.ladime.sk\/zeny\/damske-sukne\/damska-organic-sukna-luna\/\" \/>\n<meta property=\"og:locale\" content=\"cs_CZ\" \/>\n<meta property=\"og:type\" content=\"article\" \/>\n<meta property=\"og:title\" content=\"D\u00e1mska ORGANIC suk\u0148a Luna - ladime.sk\" \/>\n<meta property=\"og:description\" content=\"O\u017eivte svoj \u0161atn\u00edk s na\u0161ou d\u00e1mskou suk\u0148ou Luna z organickej elastickej bavlny. Udr\u017eate\u013en\u00fdm a \u0161t\u00fdlov\u00fdm sp\u00f4sobom zd\u00f4raznite svoju kr\u00e1su.\" \/>\n<meta property=\"og:url\" content=\"https:\/\/www.ladime.sk\/zeny\/damske-sukne\/damska-organic-sukna-luna\/\" \/>\n<meta property=\"og:site_name\" content=\"ladime.sk\" \/>\n<meta property=\"article:modified_time\" content=\"2025-11-06T08:23:35+00:00\" \/>\n<meta property=\"og:image\" content=\"https:\/\/www.ladime.sk\/wp-content\/uploads\/2023\/09\/ladime_zeny_sukna_biobavlna_hneda_smotanova_modra_moda_buducnosti_handmade_6.webp\" \/>\n\t<meta property=\"og:image:width\" content=\"805\" \/>\n\t<meta property=\"og:image:height\" content=\"1006\" \/>\n\t<meta property=\"og:image:type\" content=\"image\/webp\" \/>\n<meta name=\"twitter:card\" content=\"summary_large_image\" \/>\n<meta name=\"twitter:label1\" content=\"Odhadovan\u00e1 doba \u010dten\u00ed\" \/>\n\t<meta name=\"twitter:data1\" content=\"2 minuty\" \/>\n<script type=\"application\/ld+json\" class=\"yoast-schema-graph\">{\"@context\":\"https:\\\/\\\/schema.org\",\"@graph\":[{\"@type\":\"WebPage\",\"@id\":\"https:\\\/\\\/www.ladime.sk\\\/zeny\\\/damske-sukne\\\/damska-organic-sukna-luna\\\/\",\"url\":\"https:\\\/\\\/www.ladime.sk\\\/zeny\\\/damske-sukne\\\/damska-organic-sukna-luna\\\/\",\"name\":\"D\u00e1mska ORGANIC suk\u0148a Luna - ladime.sk\",\"isPartOf\":{\"@id\":\"https:\\\/\\\/www.ladime.sk\\\/#website\"},\"primaryImageOfPage\":{\"@id\":\"https:\\\/\\\/www.ladime.sk\\\/zeny\\\/damske-sukne\\\/damska-organic-sukna-luna\\\/#primaryimage\"},\"image\":{\"@id\":\"https:\\\/\\\/www.ladime.sk\\\/zeny\\\/damske-sukne\\\/damska-organic-sukna-luna\\\/#primaryimage\"},\"thumbnailUrl\":\"https:\\\/\\\/www.ladime.sk\\\/wp-content\\\/uploads\\\/2023\\\/09\\\/ladime_zeny_sukna_biobavlna_hneda_smotanova_modra_moda_buducnosti_handmade_6.webp\",\"datePublished\":\"2023-09-24T18:02:36+00:00\",\"dateModified\":\"2025-11-06T08:23:35+00:00\",\"description\":\"O\u017eivte svoj \u0161atn\u00edk s na\u0161ou d\u00e1mskou suk\u0148ou Luna z organickej elastickej bavlny. Udr\u017eate\u013en\u00fdm a \u0161t\u00fdlov\u00fdm sp\u00f4sobom zd\u00f4raznite svoju kr\u00e1su.\",\"breadcrumb\":{\"@id\":\"https:\\\/\\\/www.ladime.sk\\\/zeny\\\/damske-sukne\\\/damska-organic-sukna-luna\\\/#breadcrumb\"},\"inLanguage\":\"cs\",\"potentialAction\":[{\"@type\":\"ReadAction\",\"target\":[\"https:\\\/\\\/www.ladime.sk\\\/zeny\\\/damske-sukne\\\/damska-organic-sukna-luna\\\/\"]}]},{\"@type\":\"ImageObject\",\"inLanguage\":\"cs\",\"@id\":\"https:\\\/\\\/www.ladime.sk\\\/zeny\\\/damske-sukne\\\/damska-organic-sukna-luna\\\/#primaryimage\",\"url\":\"https:\\\/\\\/www.ladime.sk\\\/wp-content\\\/uploads\\\/2023\\\/09\\\/ladime_zeny_sukna_biobavlna_hneda_smotanova_modra_moda_buducnosti_handmade_6.webp\",\"contentUrl\":\"https:\\\/\\\/www.ladime.sk\\\/wp-content\\\/uploads\\\/2023\\\/09\\\/ladime_zeny_sukna_biobavlna_hneda_smotanova_modra_moda_buducnosti_handmade_6.webp\",\"width\":805,\"height\":1006},{\"@type\":\"BreadcrumbList\",\"@id\":\"https:\\\/\\\/www.ladime.sk\\\/zeny\\\/damske-sukne\\\/damska-organic-sukna-luna\\\/#breadcrumb\",\"itemListElement\":[{\"@type\":\"ListItem\",\"position\":1,\"name\":\"\u00davod\",\"item\":\"https:\\\/\\\/www.ladime.sk\\\/\"},{\"@type\":\"ListItem\",\"position\":2,\"name\":\"Obchod\",\"item\":\"https:\\\/\\\/www.ladime.sk\\\/cs\\\/shop-cs\\\/\"},{\"@type\":\"ListItem\",\"position\":3,\"name\":\"D\u00e1mska ORGANIC suk\u0148a Luna\"}]},{\"@type\":\"WebSite\",\"@id\":\"https:\\\/\\\/www.ladime.sk\\\/#website\",\"url\":\"https:\\\/\\\/www.ladime.sk\\\/\",\"name\":\"ladime.sk\",\"description\":\"Ke\u010f lad\u00edme so svetom, mysl\u00edme na bud\u00facnos\u0165.\",\"publisher\":{\"@id\":\"https:\\\/\\\/www.ladime.sk\\\/#organization\"},\"potentialAction\":[{\"@type\":\"SearchAction\",\"target\":{\"@type\":\"EntryPoint\",\"urlTemplate\":\"https:\\\/\\\/www.ladime.sk\\\/?s={search_term_string}\"},\"query-input\":{\"@type\":\"PropertyValueSpecification\",\"valueRequired\":true,\"valueName\":\"search_term_string\"}}],\"inLanguage\":\"cs\"},{\"@type\":\"Organization\",\"@id\":\"https:\\\/\\\/www.ladime.sk\\\/#organization\",\"name\":\"Lad\u00edme\",\"url\":\"https:\\\/\\\/www.ladime.sk\\\/\",\"logo\":{\"@type\":\"ImageObject\",\"inLanguage\":\"cs\",\"@id\":\"https:\\\/\\\/www.ladime.sk\\\/#\\\/schema\\\/logo\\\/image\\\/\",\"url\":\"https:\\\/\\\/www.ladime.sk\\\/wp-content\\\/uploads\\\/2021\\\/08\\\/logo_ladime.svg\",\"contentUrl\":\"https:\\\/\\\/www.ladime.sk\\\/wp-content\\\/uploads\\\/2021\\\/08\\\/logo_ladime.svg\",\"width\":366,\"height\":185,\"caption\":\"Lad\u00edme\"},\"image\":{\"@id\":\"https:\\\/\\\/www.ladime.sk\\\/#\\\/schema\\\/logo\\\/image\\\/\"}}]}<\/script>\n<!-- \/ Yoast SEO plugin. -->","yoast_head_json":{"title":"D\u00e1mska ORGANIC suk\u0148a Luna - ladime.sk","description":"O\u017eivte svoj \u0161atn\u00edk s na\u0161ou d\u00e1mskou suk\u0148ou Luna z organickej elastickej bavlny. Udr\u017eate\u013en\u00fdm a \u0161t\u00fdlov\u00fdm sp\u00f4sobom zd\u00f4raznite svoju kr\u00e1su.","robots":{"index":"index","follow":"follow","max-snippet":"max-snippet:-1","max-image-preview":"max-image-preview:large","max-video-preview":"max-video-preview:-1"},"canonical":"https:\/\/www.ladime.sk\/zeny\/damske-sukne\/damska-organic-sukna-luna\/","og_locale":"cs_CZ","og_type":"article","og_title":"D\u00e1mska ORGANIC suk\u0148a Luna - ladime.sk","og_description":"O\u017eivte svoj \u0161atn\u00edk s na\u0161ou d\u00e1mskou suk\u0148ou Luna z organickej elastickej bavlny. Udr\u017eate\u013en\u00fdm a \u0161t\u00fdlov\u00fdm sp\u00f4sobom zd\u00f4raznite svoju kr\u00e1su.","og_url":"https:\/\/www.ladime.sk\/zeny\/damske-sukne\/damska-organic-sukna-luna\/","og_site_name":"ladime.sk","article_modified_time":"2025-11-06T08:23:35+00:00","og_image":[{"width":805,"height":1006,"url":"https:\/\/www.ladime.sk\/wp-content\/uploads\/2023\/09\/ladime_zeny_sukna_biobavlna_hneda_smotanova_modra_moda_buducnosti_handmade_6.webp","type":"image\/webp"}],"twitter_card":"summary_large_image","twitter_misc":{"Odhadovan\u00e1 doba \u010dten\u00ed":"2 minuty"},"schema":{"@context":"https:\/\/schema.org","@graph":[{"@type":"WebPage","@id":"https:\/\/www.ladime.sk\/zeny\/damske-sukne\/damska-organic-sukna-luna\/","url":"https:\/\/www.ladime.sk\/zeny\/damske-sukne\/damska-organic-sukna-luna\/","name":"D\u00e1mska ORGANIC suk\u0148a Luna - ladime.sk","isPartOf":{"@id":"https:\/\/www.ladime.sk\/#website"},"primaryImageOfPage":{"@id":"https:\/\/www.ladime.sk\/zeny\/damske-sukne\/damska-organic-sukna-luna\/#primaryimage"},"image":{"@id":"https:\/\/www.ladime.sk\/zeny\/damske-sukne\/damska-organic-sukna-luna\/#primaryimage"},"thumbnailUrl":"https:\/\/www.ladime.sk\/wp-content\/uploads\/2023\/09\/ladime_zeny_sukna_biobavlna_hneda_smotanova_modra_moda_buducnosti_handmade_6.webp","datePublished":"2023-09-24T18:02:36+00:00","dateModified":"2025-11-06T08:23:35+00:00","description":"O\u017eivte svoj \u0161atn\u00edk s na\u0161ou d\u00e1mskou suk\u0148ou Luna z organickej elastickej bavlny. Udr\u017eate\u013en\u00fdm a \u0161t\u00fdlov\u00fdm sp\u00f4sobom zd\u00f4raznite svoju kr\u00e1su.","breadcrumb":{"@id":"https:\/\/www.ladime.sk\/zeny\/damske-sukne\/damska-organic-sukna-luna\/#breadcrumb"},"inLanguage":"cs","potentialAction":[{"@type":"ReadAction","target":["https:\/\/www.ladime.sk\/zeny\/damske-sukne\/damska-organic-sukna-luna\/"]}]},{"@type":"ImageObject","inLanguage":"cs","@id":"https:\/\/www.ladime.sk\/zeny\/damske-sukne\/damska-organic-sukna-luna\/#primaryimage","url":"https:\/\/www.ladime.sk\/wp-content\/uploads\/2023\/09\/ladime_zeny_sukna_biobavlna_hneda_smotanova_modra_moda_buducnosti_handmade_6.webp","contentUrl":"https:\/\/www.ladime.sk\/wp-content\/uploads\/2023\/09\/ladime_zeny_sukna_biobavlna_hneda_smotanova_modra_moda_buducnosti_handmade_6.webp","width":805,"height":1006},{"@type":"BreadcrumbList","@id":"https:\/\/www.ladime.sk\/zeny\/damske-sukne\/damska-organic-sukna-luna\/#breadcrumb","itemListElement":[{"@type":"ListItem","position":1,"name":"\u00davod","item":"https:\/\/www.ladime.sk\/"},{"@type":"ListItem","position":2,"name":"Obchod","item":"https:\/\/www.ladime.sk\/cs\/shop-cs\/"},{"@type":"ListItem","position":3,"name":"D\u00e1mska ORGANIC suk\u0148a Luna"}]},{"@type":"WebSite","@id":"https:\/\/www.ladime.sk\/#website","url":"https:\/\/www.ladime.sk\/","name":"ladime.sk","description":"Ke\u010f lad\u00edme so svetom, mysl\u00edme na bud\u00facnos\u0165.","publisher":{"@id":"https:\/\/www.ladime.sk\/#organization"},"potentialAction":[{"@type":"SearchAction","target":{"@type":"EntryPoint","urlTemplate":"https:\/\/www.ladime.sk\/?s={search_term_string}"},"query-input":{"@type":"PropertyValueSpecification","valueRequired":true,"valueName":"search_term_string"}}],"inLanguage":"cs"},{"@type":"Organization","@id":"https:\/\/www.ladime.sk\/#organization","name":"Lad\u00edme","url":"https:\/\/www.ladime.sk\/","logo":{"@type":"ImageObject","inLanguage":"cs","@id":"https:\/\/www.ladime.sk\/#\/schema\/logo\/image\/","url":"https:\/\/www.ladime.sk\/wp-content\/uploads\/2021\/08\/logo_ladime.svg","contentUrl":"https:\/\/www.ladime.sk\/wp-content\/uploads\/2021\/08\/logo_ladime.svg","width":366,"height":185,"caption":"Lad\u00edme"},"image":{"@id":"https:\/\/www.ladime.sk\/#\/schema\/logo\/image\/"}}]}},"_links":{"self":[{"href":"https:\/\/www.ladime.sk\/cs\/wp-json\/wp\/v2\/product\/5680075","targetHints":{"allow":["GET"]}}],"collection":[{"href":"https:\/\/www.ladime.sk\/cs\/wp-json\/wp\/v2\/product"}],"about":[{"href":"https:\/\/www.ladime.sk\/cs\/wp-json\/wp\/v2\/types\/product"}],"replies":[{"embeddable":true,"href":"https:\/\/www.ladime.sk\/cs\/wp-json\/wp\/v2\/comments?post=5680075"}],"version-history":[{"count":0,"href":"https:\/\/www.ladime.sk\/cs\/wp-json\/wp\/v2\/product\/5680075\/revisions"}],"wp:featuredmedia":[{"embeddable":true,"href":"https:\/\/www.ladime.sk\/cs\/wp-json\/wp\/v2\/media\/5680091"}],"wp:attachment":[{"href":"https:\/\/www.ladime.sk\/cs\/wp-json\/wp\/v2\/media?parent=5680075"}],"wp:term":[{"taxonomy":"product_brand","embeddable":true,"href":"https:\/\/www.ladime.sk\/cs\/wp-json\/wp\/v2\/product_brand?post=5680075"},{"taxonomy":"product_cat","embeddable":true,"href":"https:\/\/www.ladime.sk\/cs\/wp-json\/wp\/v2\/product_cat?post=5680075"},{"taxonomy":"product_tag","embeddable":true,"href":"https:\/\/www.ladime.sk\/cs\/wp-json\/wp\/v2\/product_tag?post=5680075"}],"curies":[{"name":"wp","href":"https:\/\/api.w.org\/{rel}","templated":true}]}}