{"id":5680027,"date":"2023-09-24T20:03:14","date_gmt":"2023-09-24T18:03:14","guid":{"rendered":"https:\/\/www.ladime.sk\/?post_type=product&#038;p=5680027"},"modified":"2024-05-03T19:37:19","modified_gmt":"2024-05-03T17:37:19","slug":"damske-nohavice-riflova-elegancia","status":"publish","type":"product","link":"https:\/\/www.ladime.sk\/cs\/zeny\/damske-nohavice\/damske-nohavice-riflova-elegancia\/","title":{"rendered":"D\u00e1mske rif\u013eov\u00e9 nohavice &#8211; Elegancia"},"content":{"rendered":"<p><strong>Rif\u013eov\u00e1 Elegancia &#8211;\u00a0 Udr\u017eate\u013en\u00e9 D\u00e1mske Nohavice s \u017densk\u00fdm \u0161armom<\/strong><\/p>\n<p>Z\u00edskajte nohavice, ktor\u00e9 nie s\u00fa len oby\u010dajn\u00fdm oble\u010den\u00edm, ale aj vyjadren\u00edm va\u0161ej podpory udr\u017eate\u013en\u00e9mu \u017eivotn\u00e9mu \u0161t\u00fdlu. Na\u0161e <a href=\"https:\/\/www.ladime.sk\/zeny\/damske-nohavice\/\"><strong>d\u00e1mske nohavice<\/strong><\/a> s\u00fa vyroben\u00e9 z recyklovanej rif\u013eoviny, \u010do z nich rob\u00ed nielen kr\u00e1sny k\u00fasok oble\u010denia, ale aj udr\u017eate\u013en\u00fd pr\u00edbeh. Pri v\u00fdbere na\u0161ich nohav\u00edc podporujete nielen na\u0161u zna\u010dku, ale aj \u017eivotn\u00e9 prostredie.<\/p>\n<p>Tieto nohavice s\u00fa \u017eensk\u00e9 a sofistikovan\u00e9. Zaujme v\u00e1s ich detailn\u00fd strih a prec\u00edzne pre\u0161\u00edvanie, ktor\u00e9 dod\u00e1va unik\u00e1tny charakter. Ka\u017ed\u00fd k\u00fasok je vyroben\u00fd s l\u00e1skou a starostlivos\u0165ou v r\u00e1mci <strong>handmade<\/strong> procesu. Na\u0161a slovensk\u00e1 zna\u010dka sa hrd\u00ed originalitou a kreativitou, ktor\u00e9 prin\u00e1\u0161ame do ka\u017ed\u00e9ho modelu.<\/p>\n<p>Nohavice nie s\u00fa len o m\u00f3de; s\u00fa o v\u00fdraze va\u0161ej osobnosti a v\u00e1\u0161ho postavenia k <strong>pomalej m\u00f3de<\/strong>. Pomal\u00e1 m\u00f3da n\u00e1s u\u010d\u00ed oceni\u0165 kvalitu nad kvantitou, a na\u0161e nohavice s\u00fa toho d\u00f4kazom. S\u00fa \u013eahko kombinovate\u013en\u00e9 s r\u00f4znymi topmi a doplnkami, \u010do v\u00e1m umo\u017e\u0148uje vytv\u00e1ra\u0165 vlastn\u00e9, jedine\u010dn\u00e9 outfity pre r\u00f4zne pr\u00edle\u017eitosti.<\/p>\n<p>S na\u0161imi nohavicami budete vyzera\u0165 nielen \u0161t\u00fdlovo, ale aj v s\u00falade s hodnotami udr\u017eate\u013enej m\u00f3dy. Rozhodnite sa pre ne a bu\u010fte s\u00fa\u010das\u0165ou pozit\u00edvnej zmeny vo svete m\u00f3dy.<\/p>\n<p>Opasok nie je s\u00fa\u010das\u0165ou topu, objedna\u0165 tu.<\/p>\n<p>Modelka Mia m\u00e1 oble\u010den\u00fa ve\u013ekos\u0165 36. V\u00fd\u0161ka modelky: 163cm a miery: 92-70-95<\/p>\n","protected":false},"excerpt":{"rendered":"<p>Z\u00edskajte nohavice, ktor\u00e9 s\u00fa zosobnen\u00edm udr\u017eate\u013enosti a originality. Ich zauj\u00edmav\u00e9 detaily s pre\u0161\u00edvan\u00edm v\u00e1m dodaj\u00fa \u017eenskos\u0165 a v\u00fdrazn\u00fd \u0161t\u00fdl, pri\u010dom z\u00e1rove\u0148 podporujete <strong>slovensk\u00fa zna\u010dku<\/strong> a <strong>pomal\u00fa m\u00f3du<\/strong>. Kombinovate\u013enos\u0165 t\u00fdchto nohav\u00edc v\u00e1m umo\u017en\u00ed vytvori\u0165 jedine\u010dn\u00e9 outfity<\/p>\n<div><\/div>\n<div><\/div>\n<div><strong>Materi\u00e1lov\u00e9 zlo\u017eenie:<\/strong> 77% recyklovan\u00e1 bavlna 21% polyester 2% elastan<\/div>\n<div><\/div>\n<div>\n<div><strong>Certifik\u00e1ty materi\u00e1lu: <\/strong>OEKO-TEX 100, Trieda 1<\/div>\n<div><\/div>\n<\/div>\n<div class=\"o9v6fnle cxmmr5t8 oygrvhab hcukyx3x c1et5uql\"><\/div>\n<div>Opasok nie je s\u00fa\u010das\u0165ou topu, objedna\u0165 tu.<\/div>\n<div class=\"o9v6fnle cxmmr5t8 oygrvhab hcukyx3x c1et5uql\"><\/div>\n","protected":false},"featured_media":5680401,"comment_status":"closed","ping_status":"closed","template":"","meta":{"_acf_changed":false,"inline_featured_image":false},"product_brand":[],"product_cat":[88],"product_tag":[],"class_list":{"0":"post-5680027","1":"product","2":"type-product","3":"status-publish","4":"has-post-thumbnail","6":"product_cat-damske-nohavice","8":"first","9":"instock","10":"shipping-taxable","11":"purchasable","12":"product-type-variable","13":"wvs-archive-product-wrapper"},"acf":[],"yoast_head":"<!-- This site is optimized with the Yoast SEO plugin v27.4 - https:\/\/yoast.com\/product\/yoast-seo-wordpress\/ -->\n<title>D\u00e1mske rif\u013eov\u00e9 nohavice - Elegancia - ladime.sk<\/title>\n<meta name=\"description\" content=\"Z\u00edskajte nohavice, ktor\u00e9 s\u00fa zosobnen\u00edm udr\u017eate\u013enosti a originality. Ich zauj\u00edmav\u00e9 detaily s pre\u0161\u00edvan\u00edm v\u00e1m dodaj\u00fa \u017eenskos\u0165 a v\u00fdrazn\u00fd \u0161t\u00fdl.\" \/>\n<meta name=\"robots\" content=\"index, follow, max-snippet:-1, max-image-preview:large, max-video-preview:-1\" \/>\n<link rel=\"canonical\" href=\"https:\/\/www.ladime.sk\/zeny\/damske-nohavice\/damske-nohavice-riflova-elegancia\/\" \/>\n<meta property=\"og:locale\" content=\"cs_CZ\" \/>\n<meta property=\"og:type\" content=\"article\" \/>\n<meta property=\"og:title\" content=\"D\u00e1mske rif\u013eov\u00e9 nohavice - Elegancia - ladime.sk\" \/>\n<meta property=\"og:description\" content=\"Z\u00edskajte nohavice, ktor\u00e9 s\u00fa zosobnen\u00edm udr\u017eate\u013enosti a originality. Ich zauj\u00edmav\u00e9 detaily s pre\u0161\u00edvan\u00edm v\u00e1m dodaj\u00fa \u017eenskos\u0165 a v\u00fdrazn\u00fd \u0161t\u00fdl.\" \/>\n<meta property=\"og:url\" content=\"https:\/\/www.ladime.sk\/zeny\/damske-nohavice\/damske-nohavice-riflova-elegancia\/\" \/>\n<meta property=\"og:site_name\" content=\"ladime.sk\" \/>\n<meta property=\"article:modified_time\" content=\"2024-05-03T17:37:19+00:00\" \/>\n<meta property=\"og:image\" content=\"https:\/\/www.ladime.sk\/wp-content\/uploads\/2023\/09\/DSC8783male.jpg\" \/>\n\t<meta property=\"og:image:width\" content=\"1536\" \/>\n\t<meta property=\"og:image:height\" content=\"1920\" \/>\n\t<meta property=\"og:image:type\" content=\"image\/jpeg\" \/>\n<meta name=\"twitter:card\" content=\"summary_large_image\" \/>\n<meta name=\"twitter:label1\" content=\"Odhadovan\u00e1 doba \u010dten\u00ed\" \/>\n\t<meta name=\"twitter:data1\" content=\"2 minuty\" \/>\n<script type=\"application\/ld+json\" class=\"yoast-schema-graph\">{\"@context\":\"https:\\\/\\\/schema.org\",\"@graph\":[{\"@type\":\"WebPage\",\"@id\":\"https:\\\/\\\/www.ladime.sk\\\/zeny\\\/damske-nohavice\\\/damske-nohavice-riflova-elegancia\\\/\",\"url\":\"https:\\\/\\\/www.ladime.sk\\\/zeny\\\/damske-nohavice\\\/damske-nohavice-riflova-elegancia\\\/\",\"name\":\"D\u00e1mske rif\u013eov\u00e9 nohavice - Elegancia - ladime.sk\",\"isPartOf\":{\"@id\":\"https:\\\/\\\/www.ladime.sk\\\/#website\"},\"primaryImageOfPage\":{\"@id\":\"https:\\\/\\\/www.ladime.sk\\\/zeny\\\/damske-nohavice\\\/damske-nohavice-riflova-elegancia\\\/#primaryimage\"},\"image\":{\"@id\":\"https:\\\/\\\/www.ladime.sk\\\/zeny\\\/damske-nohavice\\\/damske-nohavice-riflova-elegancia\\\/#primaryimage\"},\"thumbnailUrl\":\"https:\\\/\\\/www.ladime.sk\\\/wp-content\\\/uploads\\\/2023\\\/09\\\/DSC8783male.jpg\",\"datePublished\":\"2023-09-24T18:03:14+00:00\",\"dateModified\":\"2024-05-03T17:37:19+00:00\",\"description\":\"Z\u00edskajte nohavice, ktor\u00e9 s\u00fa zosobnen\u00edm udr\u017eate\u013enosti a originality. Ich zauj\u00edmav\u00e9 detaily s pre\u0161\u00edvan\u00edm v\u00e1m dodaj\u00fa \u017eenskos\u0165 a v\u00fdrazn\u00fd \u0161t\u00fdl.\",\"breadcrumb\":{\"@id\":\"https:\\\/\\\/www.ladime.sk\\\/zeny\\\/damske-nohavice\\\/damske-nohavice-riflova-elegancia\\\/#breadcrumb\"},\"inLanguage\":\"cs\",\"potentialAction\":[{\"@type\":\"ReadAction\",\"target\":[\"https:\\\/\\\/www.ladime.sk\\\/zeny\\\/damske-nohavice\\\/damske-nohavice-riflova-elegancia\\\/\"]}]},{\"@type\":\"ImageObject\",\"inLanguage\":\"cs\",\"@id\":\"https:\\\/\\\/www.ladime.sk\\\/zeny\\\/damske-nohavice\\\/damske-nohavice-riflova-elegancia\\\/#primaryimage\",\"url\":\"https:\\\/\\\/www.ladime.sk\\\/wp-content\\\/uploads\\\/2023\\\/09\\\/DSC8783male.jpg\",\"contentUrl\":\"https:\\\/\\\/www.ladime.sk\\\/wp-content\\\/uploads\\\/2023\\\/09\\\/DSC8783male.jpg\",\"width\":1536,\"height\":1920},{\"@type\":\"BreadcrumbList\",\"@id\":\"https:\\\/\\\/www.ladime.sk\\\/zeny\\\/damske-nohavice\\\/damske-nohavice-riflova-elegancia\\\/#breadcrumb\",\"itemListElement\":[{\"@type\":\"ListItem\",\"position\":1,\"name\":\"\u00davod\",\"item\":\"https:\\\/\\\/www.ladime.sk\\\/\"},{\"@type\":\"ListItem\",\"position\":2,\"name\":\"Obchod\",\"item\":\"https:\\\/\\\/www.ladime.sk\\\/cs\\\/shop-cs\\\/\"},{\"@type\":\"ListItem\",\"position\":3,\"name\":\"D\u00e1mske rif\u013eov\u00e9 nohavice &#8211; Elegancia\"}]},{\"@type\":\"WebSite\",\"@id\":\"https:\\\/\\\/www.ladime.sk\\\/#website\",\"url\":\"https:\\\/\\\/www.ladime.sk\\\/\",\"name\":\"ladime.sk\",\"description\":\"Ke\u010f lad\u00edme so svetom, mysl\u00edme na bud\u00facnos\u0165.\",\"publisher\":{\"@id\":\"https:\\\/\\\/www.ladime.sk\\\/#organization\"},\"potentialAction\":[{\"@type\":\"SearchAction\",\"target\":{\"@type\":\"EntryPoint\",\"urlTemplate\":\"https:\\\/\\\/www.ladime.sk\\\/?s={search_term_string}\"},\"query-input\":{\"@type\":\"PropertyValueSpecification\",\"valueRequired\":true,\"valueName\":\"search_term_string\"}}],\"inLanguage\":\"cs\"},{\"@type\":\"Organization\",\"@id\":\"https:\\\/\\\/www.ladime.sk\\\/#organization\",\"name\":\"Lad\u00edme\",\"url\":\"https:\\\/\\\/www.ladime.sk\\\/\",\"logo\":{\"@type\":\"ImageObject\",\"inLanguage\":\"cs\",\"@id\":\"https:\\\/\\\/www.ladime.sk\\\/#\\\/schema\\\/logo\\\/image\\\/\",\"url\":\"https:\\\/\\\/www.ladime.sk\\\/wp-content\\\/uploads\\\/2021\\\/08\\\/logo_ladime.svg\",\"contentUrl\":\"https:\\\/\\\/www.ladime.sk\\\/wp-content\\\/uploads\\\/2021\\\/08\\\/logo_ladime.svg\",\"width\":366,\"height\":185,\"caption\":\"Lad\u00edme\"},\"image\":{\"@id\":\"https:\\\/\\\/www.ladime.sk\\\/#\\\/schema\\\/logo\\\/image\\\/\"}}]}<\/script>\n<!-- \/ Yoast SEO plugin. -->","yoast_head_json":{"title":"D\u00e1mske rif\u013eov\u00e9 nohavice - Elegancia - ladime.sk","description":"Z\u00edskajte nohavice, ktor\u00e9 s\u00fa zosobnen\u00edm udr\u017eate\u013enosti a originality. Ich zauj\u00edmav\u00e9 detaily s pre\u0161\u00edvan\u00edm v\u00e1m dodaj\u00fa \u017eenskos\u0165 a v\u00fdrazn\u00fd \u0161t\u00fdl.","robots":{"index":"index","follow":"follow","max-snippet":"max-snippet:-1","max-image-preview":"max-image-preview:large","max-video-preview":"max-video-preview:-1"},"canonical":"https:\/\/www.ladime.sk\/zeny\/damske-nohavice\/damske-nohavice-riflova-elegancia\/","og_locale":"cs_CZ","og_type":"article","og_title":"D\u00e1mske rif\u013eov\u00e9 nohavice - Elegancia - ladime.sk","og_description":"Z\u00edskajte nohavice, ktor\u00e9 s\u00fa zosobnen\u00edm udr\u017eate\u013enosti a originality. Ich zauj\u00edmav\u00e9 detaily s pre\u0161\u00edvan\u00edm v\u00e1m dodaj\u00fa \u017eenskos\u0165 a v\u00fdrazn\u00fd \u0161t\u00fdl.","og_url":"https:\/\/www.ladime.sk\/zeny\/damske-nohavice\/damske-nohavice-riflova-elegancia\/","og_site_name":"ladime.sk","article_modified_time":"2024-05-03T17:37:19+00:00","og_image":[{"width":1536,"height":1920,"url":"https:\/\/www.ladime.sk\/wp-content\/uploads\/2023\/09\/DSC8783male.jpg","type":"image\/jpeg"}],"twitter_card":"summary_large_image","twitter_misc":{"Odhadovan\u00e1 doba \u010dten\u00ed":"2 minuty"},"schema":{"@context":"https:\/\/schema.org","@graph":[{"@type":"WebPage","@id":"https:\/\/www.ladime.sk\/zeny\/damske-nohavice\/damske-nohavice-riflova-elegancia\/","url":"https:\/\/www.ladime.sk\/zeny\/damske-nohavice\/damske-nohavice-riflova-elegancia\/","name":"D\u00e1mske rif\u013eov\u00e9 nohavice - Elegancia - ladime.sk","isPartOf":{"@id":"https:\/\/www.ladime.sk\/#website"},"primaryImageOfPage":{"@id":"https:\/\/www.ladime.sk\/zeny\/damske-nohavice\/damske-nohavice-riflova-elegancia\/#primaryimage"},"image":{"@id":"https:\/\/www.ladime.sk\/zeny\/damske-nohavice\/damske-nohavice-riflova-elegancia\/#primaryimage"},"thumbnailUrl":"https:\/\/www.ladime.sk\/wp-content\/uploads\/2023\/09\/DSC8783male.jpg","datePublished":"2023-09-24T18:03:14+00:00","dateModified":"2024-05-03T17:37:19+00:00","description":"Z\u00edskajte nohavice, ktor\u00e9 s\u00fa zosobnen\u00edm udr\u017eate\u013enosti a originality. Ich zauj\u00edmav\u00e9 detaily s pre\u0161\u00edvan\u00edm v\u00e1m dodaj\u00fa \u017eenskos\u0165 a v\u00fdrazn\u00fd \u0161t\u00fdl.","breadcrumb":{"@id":"https:\/\/www.ladime.sk\/zeny\/damske-nohavice\/damske-nohavice-riflova-elegancia\/#breadcrumb"},"inLanguage":"cs","potentialAction":[{"@type":"ReadAction","target":["https:\/\/www.ladime.sk\/zeny\/damske-nohavice\/damske-nohavice-riflova-elegancia\/"]}]},{"@type":"ImageObject","inLanguage":"cs","@id":"https:\/\/www.ladime.sk\/zeny\/damske-nohavice\/damske-nohavice-riflova-elegancia\/#primaryimage","url":"https:\/\/www.ladime.sk\/wp-content\/uploads\/2023\/09\/DSC8783male.jpg","contentUrl":"https:\/\/www.ladime.sk\/wp-content\/uploads\/2023\/09\/DSC8783male.jpg","width":1536,"height":1920},{"@type":"BreadcrumbList","@id":"https:\/\/www.ladime.sk\/zeny\/damske-nohavice\/damske-nohavice-riflova-elegancia\/#breadcrumb","itemListElement":[{"@type":"ListItem","position":1,"name":"\u00davod","item":"https:\/\/www.ladime.sk\/"},{"@type":"ListItem","position":2,"name":"Obchod","item":"https:\/\/www.ladime.sk\/cs\/shop-cs\/"},{"@type":"ListItem","position":3,"name":"D\u00e1mske rif\u013eov\u00e9 nohavice &#8211; Elegancia"}]},{"@type":"WebSite","@id":"https:\/\/www.ladime.sk\/#website","url":"https:\/\/www.ladime.sk\/","name":"ladime.sk","description":"Ke\u010f lad\u00edme so svetom, mysl\u00edme na bud\u00facnos\u0165.","publisher":{"@id":"https:\/\/www.ladime.sk\/#organization"},"potentialAction":[{"@type":"SearchAction","target":{"@type":"EntryPoint","urlTemplate":"https:\/\/www.ladime.sk\/?s={search_term_string}"},"query-input":{"@type":"PropertyValueSpecification","valueRequired":true,"valueName":"search_term_string"}}],"inLanguage":"cs"},{"@type":"Organization","@id":"https:\/\/www.ladime.sk\/#organization","name":"Lad\u00edme","url":"https:\/\/www.ladime.sk\/","logo":{"@type":"ImageObject","inLanguage":"cs","@id":"https:\/\/www.ladime.sk\/#\/schema\/logo\/image\/","url":"https:\/\/www.ladime.sk\/wp-content\/uploads\/2021\/08\/logo_ladime.svg","contentUrl":"https:\/\/www.ladime.sk\/wp-content\/uploads\/2021\/08\/logo_ladime.svg","width":366,"height":185,"caption":"Lad\u00edme"},"image":{"@id":"https:\/\/www.ladime.sk\/#\/schema\/logo\/image\/"}}]}},"_links":{"self":[{"href":"https:\/\/www.ladime.sk\/cs\/wp-json\/wp\/v2\/product\/5680027","targetHints":{"allow":["GET"]}}],"collection":[{"href":"https:\/\/www.ladime.sk\/cs\/wp-json\/wp\/v2\/product"}],"about":[{"href":"https:\/\/www.ladime.sk\/cs\/wp-json\/wp\/v2\/types\/product"}],"replies":[{"embeddable":true,"href":"https:\/\/www.ladime.sk\/cs\/wp-json\/wp\/v2\/comments?post=5680027"}],"version-history":[{"count":0,"href":"https:\/\/www.ladime.sk\/cs\/wp-json\/wp\/v2\/product\/5680027\/revisions"}],"wp:featuredmedia":[{"embeddable":true,"href":"https:\/\/www.ladime.sk\/cs\/wp-json\/wp\/v2\/media\/5680401"}],"wp:attachment":[{"href":"https:\/\/www.ladime.sk\/cs\/wp-json\/wp\/v2\/media?parent=5680027"}],"wp:term":[{"taxonomy":"product_brand","embeddable":true,"href":"https:\/\/www.ladime.sk\/cs\/wp-json\/wp\/v2\/product_brand?post=5680027"},{"taxonomy":"product_cat","embeddable":true,"href":"https:\/\/www.ladime.sk\/cs\/wp-json\/wp\/v2\/product_cat?post=5680027"},{"taxonomy":"product_tag","embeddable":true,"href":"https:\/\/www.ladime.sk\/cs\/wp-json\/wp\/v2\/product_tag?post=5680027"}],"curies":[{"name":"wp","href":"https:\/\/api.w.org\/{rel}","templated":true}]}}