{"id":5680005,"date":"2023-09-24T20:03:15","date_gmt":"2023-09-24T18:03:15","guid":{"rendered":"https:\/\/www.ladime.sk\/?post_type=product&#038;p=5680005"},"modified":"2025-11-28T20:19:29","modified_gmt":"2025-11-28T19:19:29","slug":"damsky-organic-top-kerkyra","status":"publish","type":"product","link":"https:\/\/www.ladime.sk\/cs\/zeny\/damske-topy\/damsky-organic-top-kerkyra\/","title":{"rendered":"D\u00e1msky ORGANIC top Kerkyra"},"content":{"rendered":"<h2>D\u00e1msky ORGANIC top Kerkyra &#8211; Zjedno\u0165te Eleganciu a Pohodlie<\/h2>\n<p>Elegancia a \u0161t\u00fdlov\u00fd dizajn sa spojili s jemnos\u0165ou v <strong>d\u00e1mskom ORGANIC tope Kerkyra<\/strong>. Jeho man\u017eetov\u00e9 pre\u0161\u00edvan\u00edm zdoben\u00e9 ruk\u00e1vy dokonale zd\u00f4raznia va\u0161u \u017eenskos\u0165, zatia\u013e \u010do certifikovan\u00e1 organick\u00e1 elastick\u00e1 bavlna zabezpe\u010d\u00ed va\u0161e pohodlie. T\u00e1to kombin\u00e1cia je nesmierne pr\u00ed\u0165a\u017eliv\u00e1. U\u017e teraz m\u00f4\u017eete predstavi\u0165 ten jemn\u00fd dotyk na svojej poko\u017eke. Aj v hektick\u00fdch d\u0148och budete v tomto tope c\u00edti\u0165 pohodlie.<\/p>\n<p>Tento <strong>d\u00e1msky top s dlh\u00fdm ruk\u00e1vom<\/strong> sa stane skvel\u00fdm spolo\u010dn\u00edkom vo va\u0161om \u0161atn\u00edku. M\u00f4\u017eete ho skombinova\u0165 s na\u0161imi rif\u013eami, softshellovkami alebo tepl\u00e1kov\u00fdmi nohavicami. Jeho v\u0161estrannos\u0165 ho predur\u010duje na ka\u017edodenn\u00e9 nosenie, ale aj na in\u00e9 pr\u00edle\u017eitosti. V\u00fdborne sa hod\u00ed k tenisk\u00e1m, lodi\u010dk\u00e1m alebo elegantn\u00fdm doplnkom. <strong><a href=\"https:\/\/www.ladime.sk\/zeny\/damske-topy\/\">D\u00e1msky top<\/a> Kerkyra j<\/strong>e k dispoz\u00edcii v r\u00f4znych farebn\u00fdch odtie\u0148och, \u010d\u00edm podporuje vytvorenie v\u00e1\u0161ho <strong>nad\u010dasov\u00e9ho \u0161atn\u00edka<\/strong> s oh\u013eadom na <strong>udr\u017eate\u013enos\u0165<\/strong>.<\/p>\n<p>Modelka Mia m\u00e1 oble\u010den\u00fa ve\u013ekos\u0165 36. V\u00fd\u0161ka modelky: 163cm a miery: 92-70-95<\/p>\n","protected":false},"excerpt":{"rendered":"<div class=\"o9v6fnle cxmmr5t8 oygrvhab hcukyx3x c1et5uql\">\n<div class=\"o9v6fnle cxmmr5t8 oygrvhab hcukyx3x c1et5uql\">\n<div>\n<p><strong>D\u00e1msky ORGANIC top Kerkyra<\/strong>\u00a0z jemnu\u010dkej biobavlny z v\u00e1s urob\u00ed neodolate\u013en\u00fa a o\u010daruj\u00facu \u017eenu, ktor\u00e1 pritiahne pozornos\u0165, kamko\u013evek pr\u00edde. Tento d\u00e1msky top zaujme noblesn\u00fdm ruk\u00e1vom a dovol\u00ed vynikn\u00fa\u0165 va\u0161im \u017eensk\u00fdm krivk\u00e1m. Organick\u00e1 bavlna v\u00e1s bude rozmazn\u00e1va\u0165 svojou jemnos\u0165ou pri ka\u017edom pohybe.<\/p>\n<\/div>\n<div>UDR\u017dATE\u013dN\u00dd K\u00daSOK<\/div>\n<div><strong>Materi\u00e1lov\u00e9 zlo\u017eenie:<\/strong>\u00a095% BIO bavlna 5% elastan<\/div>\n<div>\n<div><strong>Certifik\u00e1ty materi\u00e1lu: <\/strong>OEKO-TEX 100, Trieda 1<\/div>\n<div>\u00a0 \u00a0 \u00a0 \u00a0 \u00a0 \u00a0 \u00a0 \u00a0 \u00a0 \u00a0 \u00a0 \u00a0 \u00a0 \u00a0 \u00a0 \u00a0 \u00a0 \u00a0 \u00a0 \u00a0 \u00a0 \u00a0 ORGANIC<\/div>\n<\/div>\n<div class=\"o9v6fnle cxmmr5t8 oygrvhab hcukyx3x c1et5uql\"><\/div>\n<\/div>\n<\/div>\n","protected":false},"featured_media":5680015,"comment_status":"closed","ping_status":"closed","template":"","meta":{"_acf_changed":false,"inline_featured_image":false},"product_brand":[],"product_cat":[79],"product_tag":[],"class_list":{"0":"post-5680005","1":"product","2":"type-product","3":"status-publish","4":"has-post-thumbnail","6":"product_cat-damske-topy","8":"first","9":"instock","10":"shipping-taxable","11":"purchasable","12":"product-type-variable","13":"wvs-archive-product-wrapper"},"acf":[],"yoast_head":"<!-- This site is optimized with the Yoast SEO plugin v27.4 - https:\/\/yoast.com\/product\/yoast-seo-wordpress\/ -->\n<title>D\u00e1msky ORGANIC top Kerkyra - ladime.sk<\/title>\n<meta name=\"description\" content=\"Zosobnite svoju neodolate\u013en\u00fa a o\u010daruj\u00facu str\u00e1nku s d\u00e1mskym ORGANIC topom Kerkyra z jemnej certifikovanej biobavlny. Nechajte svoje prav\u00e9 &#039;ja&#039; za\u017eiari\u0165.\" \/>\n<meta name=\"robots\" content=\"index, follow, max-snippet:-1, max-image-preview:large, max-video-preview:-1\" \/>\n<link rel=\"canonical\" href=\"https:\/\/www.ladime.sk\/zeny\/damske-topy\/damsky-organic-top-kerkyra\/\" \/>\n<meta property=\"og:locale\" content=\"cs_CZ\" \/>\n<meta property=\"og:type\" content=\"article\" \/>\n<meta property=\"og:title\" content=\"D\u00e1msky ORGANIC top Kerkyra - ladime.sk\" \/>\n<meta property=\"og:description\" content=\"Zosobnite svoju neodolate\u013en\u00fa a o\u010daruj\u00facu str\u00e1nku s d\u00e1mskym ORGANIC topom Kerkyra z jemnej certifikovanej biobavlny. Nechajte svoje prav\u00e9 &#039;ja&#039; za\u017eiari\u0165.\" \/>\n<meta property=\"og:url\" content=\"https:\/\/www.ladime.sk\/zeny\/damske-topy\/damsky-organic-top-kerkyra\/\" \/>\n<meta property=\"og:site_name\" content=\"ladime.sk\" \/>\n<meta property=\"article:modified_time\" content=\"2025-11-28T19:19:29+00:00\" \/>\n<meta property=\"og:image\" content=\"https:\/\/www.ladime.sk\/wp-content\/uploads\/2023\/09\/ladime_zeny_damsky-top_biobavlna_okrova_nohavice_cierna_slovenska-znacka_slovenska-moda_handmade_4.webp\" \/>\n\t<meta property=\"og:image:width\" content=\"805\" \/>\n\t<meta property=\"og:image:height\" content=\"1006\" \/>\n\t<meta property=\"og:image:type\" content=\"image\/webp\" \/>\n<meta name=\"twitter:card\" content=\"summary_large_image\" \/>\n<meta name=\"twitter:label1\" content=\"Odhadovan\u00e1 doba \u010dten\u00ed\" \/>\n\t<meta name=\"twitter:data1\" content=\"1 minuta\" \/>\n<script type=\"application\/ld+json\" class=\"yoast-schema-graph\">{\"@context\":\"https:\\\/\\\/schema.org\",\"@graph\":[{\"@type\":\"WebPage\",\"@id\":\"https:\\\/\\\/www.ladime.sk\\\/zeny\\\/damske-topy\\\/damsky-organic-top-kerkyra\\\/\",\"url\":\"https:\\\/\\\/www.ladime.sk\\\/zeny\\\/damske-topy\\\/damsky-organic-top-kerkyra\\\/\",\"name\":\"D\u00e1msky ORGANIC top Kerkyra - ladime.sk\",\"isPartOf\":{\"@id\":\"https:\\\/\\\/www.ladime.sk\\\/#website\"},\"primaryImageOfPage\":{\"@id\":\"https:\\\/\\\/www.ladime.sk\\\/zeny\\\/damske-topy\\\/damsky-organic-top-kerkyra\\\/#primaryimage\"},\"image\":{\"@id\":\"https:\\\/\\\/www.ladime.sk\\\/zeny\\\/damske-topy\\\/damsky-organic-top-kerkyra\\\/#primaryimage\"},\"thumbnailUrl\":\"https:\\\/\\\/www.ladime.sk\\\/wp-content\\\/uploads\\\/2023\\\/09\\\/ladime_zeny_damsky-top_biobavlna_okrova_nohavice_cierna_slovenska-znacka_slovenska-moda_handmade_4.webp\",\"datePublished\":\"2023-09-24T18:03:15+00:00\",\"dateModified\":\"2025-11-28T19:19:29+00:00\",\"description\":\"Zosobnite svoju neodolate\u013en\u00fa a o\u010daruj\u00facu str\u00e1nku s d\u00e1mskym ORGANIC topom Kerkyra z jemnej certifikovanej biobavlny. Nechajte svoje prav\u00e9 'ja' za\u017eiari\u0165.\",\"breadcrumb\":{\"@id\":\"https:\\\/\\\/www.ladime.sk\\\/zeny\\\/damske-topy\\\/damsky-organic-top-kerkyra\\\/#breadcrumb\"},\"inLanguage\":\"cs\",\"potentialAction\":[{\"@type\":\"ReadAction\",\"target\":[\"https:\\\/\\\/www.ladime.sk\\\/zeny\\\/damske-topy\\\/damsky-organic-top-kerkyra\\\/\"]}]},{\"@type\":\"ImageObject\",\"inLanguage\":\"cs\",\"@id\":\"https:\\\/\\\/www.ladime.sk\\\/zeny\\\/damske-topy\\\/damsky-organic-top-kerkyra\\\/#primaryimage\",\"url\":\"https:\\\/\\\/www.ladime.sk\\\/wp-content\\\/uploads\\\/2023\\\/09\\\/ladime_zeny_damsky-top_biobavlna_okrova_nohavice_cierna_slovenska-znacka_slovenska-moda_handmade_4.webp\",\"contentUrl\":\"https:\\\/\\\/www.ladime.sk\\\/wp-content\\\/uploads\\\/2023\\\/09\\\/ladime_zeny_damsky-top_biobavlna_okrova_nohavice_cierna_slovenska-znacka_slovenska-moda_handmade_4.webp\",\"width\":805,\"height\":1006},{\"@type\":\"BreadcrumbList\",\"@id\":\"https:\\\/\\\/www.ladime.sk\\\/zeny\\\/damske-topy\\\/damsky-organic-top-kerkyra\\\/#breadcrumb\",\"itemListElement\":[{\"@type\":\"ListItem\",\"position\":1,\"name\":\"\u00davod\",\"item\":\"https:\\\/\\\/www.ladime.sk\\\/\"},{\"@type\":\"ListItem\",\"position\":2,\"name\":\"Obchod\",\"item\":\"https:\\\/\\\/www.ladime.sk\\\/cs\\\/shop-cs\\\/\"},{\"@type\":\"ListItem\",\"position\":3,\"name\":\"D\u00e1msky ORGANIC top Kerkyra\"}]},{\"@type\":\"WebSite\",\"@id\":\"https:\\\/\\\/www.ladime.sk\\\/#website\",\"url\":\"https:\\\/\\\/www.ladime.sk\\\/\",\"name\":\"ladime.sk\",\"description\":\"Ke\u010f lad\u00edme so svetom, mysl\u00edme na bud\u00facnos\u0165.\",\"publisher\":{\"@id\":\"https:\\\/\\\/www.ladime.sk\\\/#organization\"},\"potentialAction\":[{\"@type\":\"SearchAction\",\"target\":{\"@type\":\"EntryPoint\",\"urlTemplate\":\"https:\\\/\\\/www.ladime.sk\\\/?s={search_term_string}\"},\"query-input\":{\"@type\":\"PropertyValueSpecification\",\"valueRequired\":true,\"valueName\":\"search_term_string\"}}],\"inLanguage\":\"cs\"},{\"@type\":\"Organization\",\"@id\":\"https:\\\/\\\/www.ladime.sk\\\/#organization\",\"name\":\"Lad\u00edme\",\"url\":\"https:\\\/\\\/www.ladime.sk\\\/\",\"logo\":{\"@type\":\"ImageObject\",\"inLanguage\":\"cs\",\"@id\":\"https:\\\/\\\/www.ladime.sk\\\/#\\\/schema\\\/logo\\\/image\\\/\",\"url\":\"https:\\\/\\\/www.ladime.sk\\\/wp-content\\\/uploads\\\/2021\\\/08\\\/logo_ladime.svg\",\"contentUrl\":\"https:\\\/\\\/www.ladime.sk\\\/wp-content\\\/uploads\\\/2021\\\/08\\\/logo_ladime.svg\",\"width\":366,\"height\":185,\"caption\":\"Lad\u00edme\"},\"image\":{\"@id\":\"https:\\\/\\\/www.ladime.sk\\\/#\\\/schema\\\/logo\\\/image\\\/\"}}]}<\/script>\n<!-- \/ Yoast SEO plugin. -->","yoast_head_json":{"title":"D\u00e1msky ORGANIC top Kerkyra - ladime.sk","description":"Zosobnite svoju neodolate\u013en\u00fa a o\u010daruj\u00facu str\u00e1nku s d\u00e1mskym ORGANIC topom Kerkyra z jemnej certifikovanej biobavlny. Nechajte svoje prav\u00e9 'ja' za\u017eiari\u0165.","robots":{"index":"index","follow":"follow","max-snippet":"max-snippet:-1","max-image-preview":"max-image-preview:large","max-video-preview":"max-video-preview:-1"},"canonical":"https:\/\/www.ladime.sk\/zeny\/damske-topy\/damsky-organic-top-kerkyra\/","og_locale":"cs_CZ","og_type":"article","og_title":"D\u00e1msky ORGANIC top Kerkyra - ladime.sk","og_description":"Zosobnite svoju neodolate\u013en\u00fa a o\u010daruj\u00facu str\u00e1nku s d\u00e1mskym ORGANIC topom Kerkyra z jemnej certifikovanej biobavlny. Nechajte svoje prav\u00e9 'ja' za\u017eiari\u0165.","og_url":"https:\/\/www.ladime.sk\/zeny\/damske-topy\/damsky-organic-top-kerkyra\/","og_site_name":"ladime.sk","article_modified_time":"2025-11-28T19:19:29+00:00","og_image":[{"width":805,"height":1006,"url":"https:\/\/www.ladime.sk\/wp-content\/uploads\/2023\/09\/ladime_zeny_damsky-top_biobavlna_okrova_nohavice_cierna_slovenska-znacka_slovenska-moda_handmade_4.webp","type":"image\/webp"}],"twitter_card":"summary_large_image","twitter_misc":{"Odhadovan\u00e1 doba \u010dten\u00ed":"1 minuta"},"schema":{"@context":"https:\/\/schema.org","@graph":[{"@type":"WebPage","@id":"https:\/\/www.ladime.sk\/zeny\/damske-topy\/damsky-organic-top-kerkyra\/","url":"https:\/\/www.ladime.sk\/zeny\/damske-topy\/damsky-organic-top-kerkyra\/","name":"D\u00e1msky ORGANIC top Kerkyra - ladime.sk","isPartOf":{"@id":"https:\/\/www.ladime.sk\/#website"},"primaryImageOfPage":{"@id":"https:\/\/www.ladime.sk\/zeny\/damske-topy\/damsky-organic-top-kerkyra\/#primaryimage"},"image":{"@id":"https:\/\/www.ladime.sk\/zeny\/damske-topy\/damsky-organic-top-kerkyra\/#primaryimage"},"thumbnailUrl":"https:\/\/www.ladime.sk\/wp-content\/uploads\/2023\/09\/ladime_zeny_damsky-top_biobavlna_okrova_nohavice_cierna_slovenska-znacka_slovenska-moda_handmade_4.webp","datePublished":"2023-09-24T18:03:15+00:00","dateModified":"2025-11-28T19:19:29+00:00","description":"Zosobnite svoju neodolate\u013en\u00fa a o\u010daruj\u00facu str\u00e1nku s d\u00e1mskym ORGANIC topom Kerkyra z jemnej certifikovanej biobavlny. Nechajte svoje prav\u00e9 'ja' za\u017eiari\u0165.","breadcrumb":{"@id":"https:\/\/www.ladime.sk\/zeny\/damske-topy\/damsky-organic-top-kerkyra\/#breadcrumb"},"inLanguage":"cs","potentialAction":[{"@type":"ReadAction","target":["https:\/\/www.ladime.sk\/zeny\/damske-topy\/damsky-organic-top-kerkyra\/"]}]},{"@type":"ImageObject","inLanguage":"cs","@id":"https:\/\/www.ladime.sk\/zeny\/damske-topy\/damsky-organic-top-kerkyra\/#primaryimage","url":"https:\/\/www.ladime.sk\/wp-content\/uploads\/2023\/09\/ladime_zeny_damsky-top_biobavlna_okrova_nohavice_cierna_slovenska-znacka_slovenska-moda_handmade_4.webp","contentUrl":"https:\/\/www.ladime.sk\/wp-content\/uploads\/2023\/09\/ladime_zeny_damsky-top_biobavlna_okrova_nohavice_cierna_slovenska-znacka_slovenska-moda_handmade_4.webp","width":805,"height":1006},{"@type":"BreadcrumbList","@id":"https:\/\/www.ladime.sk\/zeny\/damske-topy\/damsky-organic-top-kerkyra\/#breadcrumb","itemListElement":[{"@type":"ListItem","position":1,"name":"\u00davod","item":"https:\/\/www.ladime.sk\/"},{"@type":"ListItem","position":2,"name":"Obchod","item":"https:\/\/www.ladime.sk\/cs\/shop-cs\/"},{"@type":"ListItem","position":3,"name":"D\u00e1msky ORGANIC top Kerkyra"}]},{"@type":"WebSite","@id":"https:\/\/www.ladime.sk\/#website","url":"https:\/\/www.ladime.sk\/","name":"ladime.sk","description":"Ke\u010f lad\u00edme so svetom, mysl\u00edme na bud\u00facnos\u0165.","publisher":{"@id":"https:\/\/www.ladime.sk\/#organization"},"potentialAction":[{"@type":"SearchAction","target":{"@type":"EntryPoint","urlTemplate":"https:\/\/www.ladime.sk\/?s={search_term_string}"},"query-input":{"@type":"PropertyValueSpecification","valueRequired":true,"valueName":"search_term_string"}}],"inLanguage":"cs"},{"@type":"Organization","@id":"https:\/\/www.ladime.sk\/#organization","name":"Lad\u00edme","url":"https:\/\/www.ladime.sk\/","logo":{"@type":"ImageObject","inLanguage":"cs","@id":"https:\/\/www.ladime.sk\/#\/schema\/logo\/image\/","url":"https:\/\/www.ladime.sk\/wp-content\/uploads\/2021\/08\/logo_ladime.svg","contentUrl":"https:\/\/www.ladime.sk\/wp-content\/uploads\/2021\/08\/logo_ladime.svg","width":366,"height":185,"caption":"Lad\u00edme"},"image":{"@id":"https:\/\/www.ladime.sk\/#\/schema\/logo\/image\/"}}]}},"_links":{"self":[{"href":"https:\/\/www.ladime.sk\/cs\/wp-json\/wp\/v2\/product\/5680005","targetHints":{"allow":["GET"]}}],"collection":[{"href":"https:\/\/www.ladime.sk\/cs\/wp-json\/wp\/v2\/product"}],"about":[{"href":"https:\/\/www.ladime.sk\/cs\/wp-json\/wp\/v2\/types\/product"}],"replies":[{"embeddable":true,"href":"https:\/\/www.ladime.sk\/cs\/wp-json\/wp\/v2\/comments?post=5680005"}],"version-history":[{"count":0,"href":"https:\/\/www.ladime.sk\/cs\/wp-json\/wp\/v2\/product\/5680005\/revisions"}],"wp:featuredmedia":[{"embeddable":true,"href":"https:\/\/www.ladime.sk\/cs\/wp-json\/wp\/v2\/media\/5680015"}],"wp:attachment":[{"href":"https:\/\/www.ladime.sk\/cs\/wp-json\/wp\/v2\/media?parent=5680005"}],"wp:term":[{"taxonomy":"product_brand","embeddable":true,"href":"https:\/\/www.ladime.sk\/cs\/wp-json\/wp\/v2\/product_brand?post=5680005"},{"taxonomy":"product_cat","embeddable":true,"href":"https:\/\/www.ladime.sk\/cs\/wp-json\/wp\/v2\/product_cat?post=5680005"},{"taxonomy":"product_tag","embeddable":true,"href":"https:\/\/www.ladime.sk\/cs\/wp-json\/wp\/v2\/product_tag?post=5680005"}],"curies":[{"name":"wp","href":"https:\/\/api.w.org\/{rel}","templated":true}]}}