{"id":5677655,"date":"2023-05-19T09:31:20","date_gmt":"2023-05-19T07:31:20","guid":{"rendered":"https:\/\/www.ladime.sk\/?post_type=product&#038;p=5677655"},"modified":"2026-01-21T08:47:51","modified_gmt":"2026-01-21T07:47:51","slug":"damske-organic-leginy-olivia","status":"publish","type":"product","link":"https:\/\/www.ladime.sk\/cs\/zeny\/damske-nohavice\/damske-organic-leginy-olivia\/","title":{"rendered":"D\u00e1mske ORGANIC leg\u00edny Olivia"},"content":{"rendered":"<div class=\"kvgmc6g5 cxmmr5t8 oygrvhab hcukyx3x c1et5uql\">\n<div class=\"kvgmc6g5 cxmmr5t8 oygrvhab hcukyx3x c1et5uql\">\n<h2>D\u00e1mske ORGANIC leg\u00edny Ol\u00edvia v\u00e1m prines\u00fa pocit pohodlia i originality<\/h2>\n<p>U\u017e v\u00e1s unavuj\u00fa klasick\u00e9 strihy leg\u00edn, ktor\u00e9 sa od seba takmer v ni\u010dom nel\u00ed\u0161ia? V tom pr\u00edpade s\u00fa pre v\u00e1s <strong>d\u00e1mske leg\u00edny Ol\u00edvia<\/strong>\u00a0tou spr\u00e1vnou vo\u013ebou. Tieto <strong><a href=\"https:\/\/www.ladime.sk\/zeny\/damske-nohavice\/\">nad\u010dasov\u00e9 d\u00e1mske nohavice<\/a><\/strong> maj\u00fa\u00a0 zauj\u00edmav\u00e9 pre\u0161itie , ktor\u00e9 pritiahne pozornos\u0165 na va\u0161e nohy. Kombinova\u0165 ich m\u00f4\u017eete s bl\u00fazkou alebo <strong><a href=\"https:\/\/www.ladime.sk\/zeny\/damske-topy\/\">topom<\/a><\/strong> z\u00a0na\u0161ej ponuky, kr\u00e1sne vynikn\u00fa s\u00a0teniskami aj lodi\u010dkami.<\/p>\n<div class=\"kvgmc6g5 cxmmr5t8 oygrvhab hcukyx3x c1et5uql\">\n<p>Na\u0161\u00edm cie\u013eom je prin\u00e1\u0161a\u0165 k\u00fasky, ktor\u00e9 zodpovedaj\u00fa n\u00e1rokom na udr\u017eate\u013enos\u0165. Aj tieto <strong>d\u00e1mske leg\u00edny<\/strong> s\u00fa preto \u0161it\u00e9 v nad\u010dasovom strihu z kvalitnej organick\u00e9ho elastickej bavlny, ktor\u00e1 m\u00e1 certifik\u00e1t OEKO-TEX 100, Trieda 1. Tento materi\u00e1l sa prisp\u00f4sob\u00ed postave, zaru\u010d\u00ed pocit komfortu, je priedu\u0161n\u00fd, nesp\u00f4sobuje alergick\u00e9 reakcie a v\u00fdborne si zachov\u00e1va tvar.<\/p>\n<\/div>\n<div class=\"o9v6fnle cxmmr5t8 oygrvhab hcukyx3x c1et5uql\"><\/div>\n<\/div>\n<div class=\"o9v6fnle cxmmr5t8 oygrvhab hcukyx3x c1et5uql\"><\/div>\n<div class=\"o9v6fnle cxmmr5t8 oygrvhab hcukyx3x c1et5uql\">Modelka Mia m\u00e1 oble\u010den\u00fa ve\u013ekos\u0165 36. V\u00fd\u0161ka modelky: 163cm a miery: 90-70-92<\/div>\n<\/div>\n","protected":false},"excerpt":{"rendered":"<div>UDR\u017dATE\u013dN\u00dd K\u00daSOK<\/div>\n<div>\n<p>Vyjdite z priemeru a siahnite po originalite. D\u00e1mske leg\u00edny Ol\u00edvia osvie\u017een\u00e9 elegantn\u00fdm pre\u0161\u00edvan\u00edm okam\u017eite pritiahnu pozornos\u0165. U\u0161it\u00e9 s\u00fa z kvalitnej organickej elastickej bavlny, ktor\u00e1 si po dlh\u00fd \u010das zachov\u00e1va svoj dokonal\u00fd vzh\u013ead aj jemnos\u0165.<\/p>\n<\/div>\n<div>\n<div><\/div>\n<div><strong>Farba:\u00a0<\/strong>\u010dierna, biela, lososov\u00e1, \u0161ed\u00e9 striebro,ru\u017eov\u00e1<\/div>\n<div>\n<div><strong>Certifik\u00e1ty materi\u00e1lu: <\/strong>OEKO-TEX 100, Trieda 1<\/div>\n<div>\u00a0 \u00a0 \u00a0 \u00a0 \u00a0 \u00a0 \u00a0 \u00a0 \u00a0 \u00a0 \u00a0 \u00a0 \u00a0 \u00a0 \u00a0 \u00a0 \u00a0 \u00a0 \u00a0 \u00a0 \u00a0 \u00a0 ORGANIC<\/div>\n<\/div>\n<div class=\"o9v6fnle cxmmr5t8 oygrvhab hcukyx3x c1et5uql\"><strong>Materi\u00e1lov\u00e9 zlo\u017eenie:<\/strong> 95% BIO bavlna 5% elastan<\/div>\n<\/div>\n<div><strong>Popis materi\u00e1lu:<\/strong> nepo\u010desan\u00e1 organick\u00e1 elastick\u00e1 bavlna, vhodn\u00e1 na ka\u017edodenn\u00e9 nosenie aj po\u010das teplej\u0161\u00edch dn\u00ed v r\u00e1mci cel\u00e9ho roka<\/div>\n<div><\/div>\n<div><\/div>\n<div class=\"o9v6fnle cxmmr5t8 oygrvhab hcukyx3x c1et5uql\"><\/div>\n","protected":false},"featured_media":5677657,"comment_status":"closed","ping_status":"closed","template":"","meta":{"_acf_changed":false,"inline_featured_image":false},"product_brand":[],"product_cat":[88],"product_tag":[],"class_list":{"0":"post-5677655","1":"product","2":"type-product","3":"status-publish","4":"has-post-thumbnail","6":"product_cat-damske-nohavice","8":"first","9":"instock","10":"shipping-taxable","11":"purchasable","12":"product-type-variable","13":"wvs-archive-product-wrapper"},"acf":[],"yoast_head":"<!-- This site is optimized with the Yoast SEO plugin v27.4 - https:\/\/yoast.com\/product\/yoast-seo-wordpress\/ -->\n<title>D\u00e1mske ORGANIC leg\u00edny Olivia - ladime.sk<\/title>\n<meta name=\"description\" content=\"Vyjdite z priemeru a siahnite po originalite. D\u00e1mske ORGANIC leg\u00edny Ol\u00edvia osvie\u017een\u00e9 elegantn\u00fdm pre\u0161\u00edvan\u00edm okam\u017eite pritiahnu pozornos\u0165 kamko\u013evek vst\u00fapite.\" \/>\n<meta name=\"robots\" content=\"index, follow, max-snippet:-1, max-image-preview:large, max-video-preview:-1\" \/>\n<link rel=\"canonical\" href=\"https:\/\/www.ladime.sk\/zeny\/damske-nohavice\/damske-organic-leginy-olivia\/\" \/>\n<meta property=\"og:locale\" content=\"cs_CZ\" \/>\n<meta property=\"og:type\" content=\"article\" \/>\n<meta property=\"og:title\" content=\"D\u00e1mske ORGANIC leg\u00edny Olivia - ladime.sk\" \/>\n<meta property=\"og:description\" content=\"Vyjdite z priemeru a siahnite po originalite. D\u00e1mske ORGANIC leg\u00edny Ol\u00edvia osvie\u017een\u00e9 elegantn\u00fdm pre\u0161\u00edvan\u00edm okam\u017eite pritiahnu pozornos\u0165 kamko\u013evek vst\u00fapite.\" \/>\n<meta property=\"og:url\" content=\"https:\/\/www.ladime.sk\/zeny\/damske-nohavice\/damske-organic-leginy-olivia\/\" \/>\n<meta property=\"og:site_name\" content=\"ladime.sk\" \/>\n<meta property=\"article:modified_time\" content=\"2026-01-21T07:47:51+00:00\" \/>\n<meta property=\"og:image\" content=\"https:\/\/www.ladime.sk\/wp-content\/uploads\/2023\/05\/ladime_zeny_bavlnene_leginy_Olivia_organic_seda_moda_buducnosti.webp\" \/>\n\t<meta property=\"og:image:width\" content=\"805\" \/>\n\t<meta property=\"og:image:height\" content=\"1006\" \/>\n\t<meta property=\"og:image:type\" content=\"image\/webp\" \/>\n<meta name=\"twitter:card\" content=\"summary_large_image\" \/>\n<meta name=\"twitter:label1\" content=\"Odhadovan\u00e1 doba \u010dten\u00ed\" \/>\n\t<meta name=\"twitter:data1\" content=\"1 minuta\" \/>\n<script type=\"application\/ld+json\" class=\"yoast-schema-graph\">{\"@context\":\"https:\\\/\\\/schema.org\",\"@graph\":[{\"@type\":\"WebPage\",\"@id\":\"https:\\\/\\\/www.ladime.sk\\\/zeny\\\/damske-nohavice\\\/damske-organic-leginy-olivia\\\/\",\"url\":\"https:\\\/\\\/www.ladime.sk\\\/zeny\\\/damske-nohavice\\\/damske-organic-leginy-olivia\\\/\",\"name\":\"D\u00e1mske ORGANIC leg\u00edny Olivia - ladime.sk\",\"isPartOf\":{\"@id\":\"https:\\\/\\\/www.ladime.sk\\\/#website\"},\"primaryImageOfPage\":{\"@id\":\"https:\\\/\\\/www.ladime.sk\\\/zeny\\\/damske-nohavice\\\/damske-organic-leginy-olivia\\\/#primaryimage\"},\"image\":{\"@id\":\"https:\\\/\\\/www.ladime.sk\\\/zeny\\\/damske-nohavice\\\/damske-organic-leginy-olivia\\\/#primaryimage\"},\"thumbnailUrl\":\"https:\\\/\\\/www.ladime.sk\\\/wp-content\\\/uploads\\\/2023\\\/05\\\/ladime_zeny_bavlnene_leginy_Olivia_organic_seda_moda_buducnosti.webp\",\"datePublished\":\"2023-05-19T07:31:20+00:00\",\"dateModified\":\"2026-01-21T07:47:51+00:00\",\"description\":\"Vyjdite z priemeru a siahnite po originalite. D\u00e1mske ORGANIC leg\u00edny Ol\u00edvia osvie\u017een\u00e9 elegantn\u00fdm pre\u0161\u00edvan\u00edm okam\u017eite pritiahnu pozornos\u0165 kamko\u013evek vst\u00fapite.\",\"breadcrumb\":{\"@id\":\"https:\\\/\\\/www.ladime.sk\\\/zeny\\\/damske-nohavice\\\/damske-organic-leginy-olivia\\\/#breadcrumb\"},\"inLanguage\":\"cs\",\"potentialAction\":[{\"@type\":\"ReadAction\",\"target\":[\"https:\\\/\\\/www.ladime.sk\\\/zeny\\\/damske-nohavice\\\/damske-organic-leginy-olivia\\\/\"]}]},{\"@type\":\"ImageObject\",\"inLanguage\":\"cs\",\"@id\":\"https:\\\/\\\/www.ladime.sk\\\/zeny\\\/damske-nohavice\\\/damske-organic-leginy-olivia\\\/#primaryimage\",\"url\":\"https:\\\/\\\/www.ladime.sk\\\/wp-content\\\/uploads\\\/2023\\\/05\\\/ladime_zeny_bavlnene_leginy_Olivia_organic_seda_moda_buducnosti.webp\",\"contentUrl\":\"https:\\\/\\\/www.ladime.sk\\\/wp-content\\\/uploads\\\/2023\\\/05\\\/ladime_zeny_bavlnene_leginy_Olivia_organic_seda_moda_buducnosti.webp\",\"width\":805,\"height\":1006,\"caption\":\"D\u00e1mske ORGANIC leg\u00edny Olivia\"},{\"@type\":\"BreadcrumbList\",\"@id\":\"https:\\\/\\\/www.ladime.sk\\\/zeny\\\/damske-nohavice\\\/damske-organic-leginy-olivia\\\/#breadcrumb\",\"itemListElement\":[{\"@type\":\"ListItem\",\"position\":1,\"name\":\"\u00davod\",\"item\":\"https:\\\/\\\/www.ladime.sk\\\/\"},{\"@type\":\"ListItem\",\"position\":2,\"name\":\"Obchod\",\"item\":\"https:\\\/\\\/www.ladime.sk\\\/cs\\\/shop-cs\\\/\"},{\"@type\":\"ListItem\",\"position\":3,\"name\":\"D\u00e1mske ORGANIC leg\u00edny Olivia\"}]},{\"@type\":\"WebSite\",\"@id\":\"https:\\\/\\\/www.ladime.sk\\\/#website\",\"url\":\"https:\\\/\\\/www.ladime.sk\\\/\",\"name\":\"ladime.sk\",\"description\":\"Ke\u010f lad\u00edme so svetom, mysl\u00edme na bud\u00facnos\u0165.\",\"publisher\":{\"@id\":\"https:\\\/\\\/www.ladime.sk\\\/#organization\"},\"potentialAction\":[{\"@type\":\"SearchAction\",\"target\":{\"@type\":\"EntryPoint\",\"urlTemplate\":\"https:\\\/\\\/www.ladime.sk\\\/?s={search_term_string}\"},\"query-input\":{\"@type\":\"PropertyValueSpecification\",\"valueRequired\":true,\"valueName\":\"search_term_string\"}}],\"inLanguage\":\"cs\"},{\"@type\":\"Organization\",\"@id\":\"https:\\\/\\\/www.ladime.sk\\\/#organization\",\"name\":\"Lad\u00edme\",\"url\":\"https:\\\/\\\/www.ladime.sk\\\/\",\"logo\":{\"@type\":\"ImageObject\",\"inLanguage\":\"cs\",\"@id\":\"https:\\\/\\\/www.ladime.sk\\\/#\\\/schema\\\/logo\\\/image\\\/\",\"url\":\"https:\\\/\\\/www.ladime.sk\\\/wp-content\\\/uploads\\\/2021\\\/08\\\/logo_ladime.svg\",\"contentUrl\":\"https:\\\/\\\/www.ladime.sk\\\/wp-content\\\/uploads\\\/2021\\\/08\\\/logo_ladime.svg\",\"width\":366,\"height\":185,\"caption\":\"Lad\u00edme\"},\"image\":{\"@id\":\"https:\\\/\\\/www.ladime.sk\\\/#\\\/schema\\\/logo\\\/image\\\/\"}}]}<\/script>\n<!-- \/ Yoast SEO plugin. -->","yoast_head_json":{"title":"D\u00e1mske ORGANIC leg\u00edny Olivia - ladime.sk","description":"Vyjdite z priemeru a siahnite po originalite. D\u00e1mske ORGANIC leg\u00edny Ol\u00edvia osvie\u017een\u00e9 elegantn\u00fdm pre\u0161\u00edvan\u00edm okam\u017eite pritiahnu pozornos\u0165 kamko\u013evek vst\u00fapite.","robots":{"index":"index","follow":"follow","max-snippet":"max-snippet:-1","max-image-preview":"max-image-preview:large","max-video-preview":"max-video-preview:-1"},"canonical":"https:\/\/www.ladime.sk\/zeny\/damske-nohavice\/damske-organic-leginy-olivia\/","og_locale":"cs_CZ","og_type":"article","og_title":"D\u00e1mske ORGANIC leg\u00edny Olivia - ladime.sk","og_description":"Vyjdite z priemeru a siahnite po originalite. D\u00e1mske ORGANIC leg\u00edny Ol\u00edvia osvie\u017een\u00e9 elegantn\u00fdm pre\u0161\u00edvan\u00edm okam\u017eite pritiahnu pozornos\u0165 kamko\u013evek vst\u00fapite.","og_url":"https:\/\/www.ladime.sk\/zeny\/damske-nohavice\/damske-organic-leginy-olivia\/","og_site_name":"ladime.sk","article_modified_time":"2026-01-21T07:47:51+00:00","og_image":[{"width":805,"height":1006,"url":"https:\/\/www.ladime.sk\/wp-content\/uploads\/2023\/05\/ladime_zeny_bavlnene_leginy_Olivia_organic_seda_moda_buducnosti.webp","type":"image\/webp"}],"twitter_card":"summary_large_image","twitter_misc":{"Odhadovan\u00e1 doba \u010dten\u00ed":"1 minuta"},"schema":{"@context":"https:\/\/schema.org","@graph":[{"@type":"WebPage","@id":"https:\/\/www.ladime.sk\/zeny\/damske-nohavice\/damske-organic-leginy-olivia\/","url":"https:\/\/www.ladime.sk\/zeny\/damske-nohavice\/damske-organic-leginy-olivia\/","name":"D\u00e1mske ORGANIC leg\u00edny Olivia - ladime.sk","isPartOf":{"@id":"https:\/\/www.ladime.sk\/#website"},"primaryImageOfPage":{"@id":"https:\/\/www.ladime.sk\/zeny\/damske-nohavice\/damske-organic-leginy-olivia\/#primaryimage"},"image":{"@id":"https:\/\/www.ladime.sk\/zeny\/damske-nohavice\/damske-organic-leginy-olivia\/#primaryimage"},"thumbnailUrl":"https:\/\/www.ladime.sk\/wp-content\/uploads\/2023\/05\/ladime_zeny_bavlnene_leginy_Olivia_organic_seda_moda_buducnosti.webp","datePublished":"2023-05-19T07:31:20+00:00","dateModified":"2026-01-21T07:47:51+00:00","description":"Vyjdite z priemeru a siahnite po originalite. D\u00e1mske ORGANIC leg\u00edny Ol\u00edvia osvie\u017een\u00e9 elegantn\u00fdm pre\u0161\u00edvan\u00edm okam\u017eite pritiahnu pozornos\u0165 kamko\u013evek vst\u00fapite.","breadcrumb":{"@id":"https:\/\/www.ladime.sk\/zeny\/damske-nohavice\/damske-organic-leginy-olivia\/#breadcrumb"},"inLanguage":"cs","potentialAction":[{"@type":"ReadAction","target":["https:\/\/www.ladime.sk\/zeny\/damske-nohavice\/damske-organic-leginy-olivia\/"]}]},{"@type":"ImageObject","inLanguage":"cs","@id":"https:\/\/www.ladime.sk\/zeny\/damske-nohavice\/damske-organic-leginy-olivia\/#primaryimage","url":"https:\/\/www.ladime.sk\/wp-content\/uploads\/2023\/05\/ladime_zeny_bavlnene_leginy_Olivia_organic_seda_moda_buducnosti.webp","contentUrl":"https:\/\/www.ladime.sk\/wp-content\/uploads\/2023\/05\/ladime_zeny_bavlnene_leginy_Olivia_organic_seda_moda_buducnosti.webp","width":805,"height":1006,"caption":"D\u00e1mske ORGANIC leg\u00edny Olivia"},{"@type":"BreadcrumbList","@id":"https:\/\/www.ladime.sk\/zeny\/damske-nohavice\/damske-organic-leginy-olivia\/#breadcrumb","itemListElement":[{"@type":"ListItem","position":1,"name":"\u00davod","item":"https:\/\/www.ladime.sk\/"},{"@type":"ListItem","position":2,"name":"Obchod","item":"https:\/\/www.ladime.sk\/cs\/shop-cs\/"},{"@type":"ListItem","position":3,"name":"D\u00e1mske ORGANIC leg\u00edny Olivia"}]},{"@type":"WebSite","@id":"https:\/\/www.ladime.sk\/#website","url":"https:\/\/www.ladime.sk\/","name":"ladime.sk","description":"Ke\u010f lad\u00edme so svetom, mysl\u00edme na bud\u00facnos\u0165.","publisher":{"@id":"https:\/\/www.ladime.sk\/#organization"},"potentialAction":[{"@type":"SearchAction","target":{"@type":"EntryPoint","urlTemplate":"https:\/\/www.ladime.sk\/?s={search_term_string}"},"query-input":{"@type":"PropertyValueSpecification","valueRequired":true,"valueName":"search_term_string"}}],"inLanguage":"cs"},{"@type":"Organization","@id":"https:\/\/www.ladime.sk\/#organization","name":"Lad\u00edme","url":"https:\/\/www.ladime.sk\/","logo":{"@type":"ImageObject","inLanguage":"cs","@id":"https:\/\/www.ladime.sk\/#\/schema\/logo\/image\/","url":"https:\/\/www.ladime.sk\/wp-content\/uploads\/2021\/08\/logo_ladime.svg","contentUrl":"https:\/\/www.ladime.sk\/wp-content\/uploads\/2021\/08\/logo_ladime.svg","width":366,"height":185,"caption":"Lad\u00edme"},"image":{"@id":"https:\/\/www.ladime.sk\/#\/schema\/logo\/image\/"}}]}},"_links":{"self":[{"href":"https:\/\/www.ladime.sk\/cs\/wp-json\/wp\/v2\/product\/5677655","targetHints":{"allow":["GET"]}}],"collection":[{"href":"https:\/\/www.ladime.sk\/cs\/wp-json\/wp\/v2\/product"}],"about":[{"href":"https:\/\/www.ladime.sk\/cs\/wp-json\/wp\/v2\/types\/product"}],"replies":[{"embeddable":true,"href":"https:\/\/www.ladime.sk\/cs\/wp-json\/wp\/v2\/comments?post=5677655"}],"version-history":[{"count":0,"href":"https:\/\/www.ladime.sk\/cs\/wp-json\/wp\/v2\/product\/5677655\/revisions"}],"wp:featuredmedia":[{"embeddable":true,"href":"https:\/\/www.ladime.sk\/cs\/wp-json\/wp\/v2\/media\/5677657"}],"wp:attachment":[{"href":"https:\/\/www.ladime.sk\/cs\/wp-json\/wp\/v2\/media?parent=5677655"}],"wp:term":[{"taxonomy":"product_brand","embeddable":true,"href":"https:\/\/www.ladime.sk\/cs\/wp-json\/wp\/v2\/product_brand?post=5677655"},{"taxonomy":"product_cat","embeddable":true,"href":"https:\/\/www.ladime.sk\/cs\/wp-json\/wp\/v2\/product_cat?post=5677655"},{"taxonomy":"product_tag","embeddable":true,"href":"https:\/\/www.ladime.sk\/cs\/wp-json\/wp\/v2\/product_tag?post=5677655"}],"curies":[{"name":"wp","href":"https:\/\/api.w.org\/{rel}","templated":true}]}}