{"id":5677641,"date":"2023-05-18T17:00:26","date_gmt":"2023-05-18T15:00:26","guid":{"rendered":"https:\/\/www.ladime.sk\/?post_type=product&#038;p=5677641"},"modified":"2025-05-06T14:04:23","modified_gmt":"2025-05-06T12:04:23","slug":"damske-lanove-nohavice-xenia","status":"publish","type":"product","link":"https:\/\/www.ladime.sk\/cs\/zeny\/damske-nohavice\/damske-lanove-nohavice-xenia\/","title":{"rendered":"D\u00e1mske \u013eanov\u00e9 nohavice Xenia"},"content":{"rendered":"<div class=\"kvgmc6g5 cxmmr5t8 oygrvhab hcukyx3x c1et5uql\">\n<div class=\"kvgmc6g5 cxmmr5t8 oygrvhab hcukyx3x c1et5uql\">\n<h2>D\u00e1mske \u013eanov\u00e9 nohavice Xenia v\u00e1m prines\u00fa pocit pohodlia i luxusu<\/h2>\n<p>U\u017e v\u00e1s unavuj\u00fa neforemn\u00e9 strihy \u013eanov\u00fdch nohav\u00edc, ktor\u00e9 sa od seba takmer v ni\u010dom nel\u00ed\u0161ia? V tom pr\u00edpade s\u00fa pre v\u00e1s <strong>d\u00e1mske \u013eanov\u00e9 nohavice Xenia<\/strong>\u00a0tou spr\u00e1vnou vo\u013ebou. Tieto <strong><a href=\"https:\/\/www.ladime.sk\/zeny\/damske-nohavice\/\">nad\u010dasov\u00e9 d\u00e1mske nohavice<\/a><\/strong> maj\u00fa klasick\u00fd sed, elegantn\u00e9 li\u0161tov\u00e9 vreck\u00e1 a ich vzh\u013ead osvie\u017euje taktie\u017e zauj\u00edmav\u00e9 pre\u0161itie , ktor\u00e9 pritiahne pozornos\u0165 na va\u0161e nohy. Kombinova\u0165 ich m\u00f4\u017eete s bl\u00fazkou alebo <strong><a href=\"https:\/\/www.ladime.sk\/kategoria\/zeny\/topy\/\">topom<\/a><\/strong> z\u00a0na\u0161ej ponuky, kr\u00e1sne vynikn\u00fa s\u00a0teniskami aj lodi\u010dkami.<\/p>\n<p><strong>Pomal\u00e1 m\u00f3da<\/strong> chr\u00e1ni pr\u00edrodu, preto sme aj pri v\u00fdrobe t\u00fdchto nohav\u00edc siahli po kvalitnom \u013eane so soronou. Vynik\u00e1 priedu\u0161nos\u0165ou a ob\u00e1va\u0165 sa nemus\u00edte ani nadmernej kr\u010divosti v\u010faka sorone, ktor\u00e1 dod\u00e1va be\u017ene pevnej\u0161iemu \u013eanu pru\u017enos\u0165. Oble\u010denie vyroben\u00e9 z tohto spojenia pr\u00edrodn\u00fdch materi\u00e1lov je taktie\u017e m\u00e4k\u0161ie, \u013eah\u0161ie, priedu\u0161n\u00e9, r\u00fdchlo schn\u00face a odoln\u00e9 vo\u010di UV \u017eiareniu a chl\u00f3ru.\u00a0 Pr\u00e1ve preto sme sa rozhodli zaodie\u0165 do tejto nesmrte\u013enej l\u00e1tky aj v\u00e1s.<\/p>\n<\/div>\n<div class=\"o9v6fnle cxmmr5t8 oygrvhab hcukyx3x c1et5uql\"><\/div>\n<div class=\"o9v6fnle cxmmr5t8 oygrvhab hcukyx3x c1et5uql\">Modelka Mia m\u00e1 oble\u010den\u00fa ve\u013ekos\u0165 36. V\u00fd\u0161ka modelky: 163cm a miery: 90-70-92<\/div>\n<\/div>\n","protected":false},"excerpt":{"rendered":"<div>UDR\u017dATE\u013dN\u00dd K\u00daSOK<\/div>\n<div>\n<p>Vyjdite z priemeru a siahnite po originalite. D\u00e1mske \u013eanov\u00e9 nohavice Xenia osvie\u017een\u00e9 elegantn\u00fdm pre\u0161\u00edvan\u00edm okam\u017eite pritiahnu pozornos\u0165. U\u0161it\u00e9 s\u00fa z kvalitn\u00e9ho \u013eanu so soronou, ktor\u00fd si po dlh\u00fd \u010das zachov\u00e1va svoj dokonal\u00fd vzh\u013ead aj jemnos\u0165.<\/p>\n<\/div>\n<div><\/div>\n<div><strong>Farba: <\/strong>\u010dierna, &#8222;navy&#8220; modr\u00e1, antracitovo hned\u00e1<\/div>\n<div class=\"o9v6fnle cxmmr5t8 oygrvhab hcukyx3x c1et5uql\"><strong>Materi\u00e1lov\u00e9 zlo\u017eenie:<\/strong> 45% \u013ean, 22% visk\u00f3za, 18% sorona, 15% bavlna<\/div>\n<div>\n<p><strong>Popis materi\u00e1lu:<\/strong> \u00a0menej kr\u010div\u00e1 zmes \u013eanu, bavlny a visk\u00f3zy s pr\u00edrodn\u00fdm elastanom (sorona), vhodn\u00e1 na ka\u017edodenn\u00e9 nosenie najm\u00e4 po\u010das hor\u00facich dn\u00ed v r\u00e1mci cel\u00e9ho roka<\/p>\n<\/div>\n<div><\/div>\n<div><\/div>\n<div><\/div>\n<div class=\"o9v6fnle cxmmr5t8 oygrvhab hcukyx3x c1et5uql\"><\/div>\n","protected":false},"featured_media":5677643,"comment_status":"open","ping_status":"closed","template":"","meta":{"_acf_changed":false,"inline_featured_image":false},"product_brand":[],"product_cat":[88],"product_tag":[],"class_list":{"0":"post-5677641","1":"product","2":"type-product","3":"status-publish","4":"has-post-thumbnail","6":"product_cat-damske-nohavice","8":"first","9":"instock","10":"shipping-taxable","11":"purchasable","12":"product-type-variable","13":"wvs-archive-product-wrapper"},"acf":[],"yoast_head":"<!-- This site is optimized with the Yoast SEO plugin v27.4 - https:\/\/yoast.com\/product\/yoast-seo-wordpress\/ -->\n<title>D\u00e1mske \u013eanov\u00e9 nohavice Xenia - ladime.sk<\/title>\n<meta name=\"description\" content=\"Vyjdite z priemeru a siahnite po originalite. D\u00e1mske \u013eanov\u00e9 nohavice Xenia osvie\u017een\u00e9 elegantn\u00fdm pre\u0161\u00edvan\u00edm okam\u017eite pritiahnu pozornos\u0165.\" \/>\n<meta name=\"robots\" content=\"index, follow, max-snippet:-1, max-image-preview:large, max-video-preview:-1\" \/>\n<link rel=\"canonical\" href=\"https:\/\/www.ladime.sk\/zeny\/damske-nohavice\/damske-lanove-nohavice-xenia\/\" \/>\n<meta property=\"og:locale\" content=\"cs_CZ\" \/>\n<meta property=\"og:type\" content=\"article\" \/>\n<meta property=\"og:title\" content=\"D\u00e1mske \u013eanov\u00e9 nohavice Xenia - ladime.sk\" \/>\n<meta property=\"og:description\" content=\"Vyjdite z priemeru a siahnite po originalite. D\u00e1mske \u013eanov\u00e9 nohavice Xenia osvie\u017een\u00e9 elegantn\u00fdm pre\u0161\u00edvan\u00edm okam\u017eite pritiahnu pozornos\u0165.\" \/>\n<meta property=\"og:url\" content=\"https:\/\/www.ladime.sk\/zeny\/damske-nohavice\/damske-lanove-nohavice-xenia\/\" \/>\n<meta property=\"og:site_name\" content=\"ladime.sk\" \/>\n<meta property=\"article:modified_time\" content=\"2025-05-06T12:04:23+00:00\" \/>\n<meta property=\"og:image\" content=\"https:\/\/www.ladime.sk\/wp-content\/uploads\/2023\/05\/ladime_zeny_cierna_lanove_nohavice_sorona_oragnic_moda_buducnosti.webp\" \/>\n\t<meta property=\"og:image:width\" content=\"805\" \/>\n\t<meta property=\"og:image:height\" content=\"1006\" \/>\n\t<meta property=\"og:image:type\" content=\"image\/webp\" \/>\n<meta name=\"twitter:card\" content=\"summary_large_image\" \/>\n<meta name=\"twitter:label1\" content=\"Odhadovan\u00e1 doba \u010dten\u00ed\" \/>\n\t<meta name=\"twitter:data1\" content=\"2 minuty\" \/>\n<script type=\"application\/ld+json\" class=\"yoast-schema-graph\">{\"@context\":\"https:\\\/\\\/schema.org\",\"@graph\":[{\"@type\":\"WebPage\",\"@id\":\"https:\\\/\\\/www.ladime.sk\\\/zeny\\\/damske-nohavice\\\/damske-lanove-nohavice-xenia\\\/\",\"url\":\"https:\\\/\\\/www.ladime.sk\\\/zeny\\\/damske-nohavice\\\/damske-lanove-nohavice-xenia\\\/\",\"name\":\"D\u00e1mske \u013eanov\u00e9 nohavice Xenia - ladime.sk\",\"isPartOf\":{\"@id\":\"https:\\\/\\\/www.ladime.sk\\\/#website\"},\"primaryImageOfPage\":{\"@id\":\"https:\\\/\\\/www.ladime.sk\\\/zeny\\\/damske-nohavice\\\/damske-lanove-nohavice-xenia\\\/#primaryimage\"},\"image\":{\"@id\":\"https:\\\/\\\/www.ladime.sk\\\/zeny\\\/damske-nohavice\\\/damske-lanove-nohavice-xenia\\\/#primaryimage\"},\"thumbnailUrl\":\"https:\\\/\\\/www.ladime.sk\\\/wp-content\\\/uploads\\\/2023\\\/05\\\/ladime_zeny_cierna_lanove_nohavice_sorona_oragnic_moda_buducnosti.webp\",\"datePublished\":\"2023-05-18T15:00:26+00:00\",\"dateModified\":\"2025-05-06T12:04:23+00:00\",\"description\":\"Vyjdite z priemeru a siahnite po originalite. D\u00e1mske \u013eanov\u00e9 nohavice Xenia osvie\u017een\u00e9 elegantn\u00fdm pre\u0161\u00edvan\u00edm okam\u017eite pritiahnu pozornos\u0165.\",\"breadcrumb\":{\"@id\":\"https:\\\/\\\/www.ladime.sk\\\/zeny\\\/damske-nohavice\\\/damske-lanove-nohavice-xenia\\\/#breadcrumb\"},\"inLanguage\":\"cs\",\"potentialAction\":[{\"@type\":\"ReadAction\",\"target\":[\"https:\\\/\\\/www.ladime.sk\\\/zeny\\\/damske-nohavice\\\/damske-lanove-nohavice-xenia\\\/\"]}]},{\"@type\":\"ImageObject\",\"inLanguage\":\"cs\",\"@id\":\"https:\\\/\\\/www.ladime.sk\\\/zeny\\\/damske-nohavice\\\/damske-lanove-nohavice-xenia\\\/#primaryimage\",\"url\":\"https:\\\/\\\/www.ladime.sk\\\/wp-content\\\/uploads\\\/2023\\\/05\\\/ladime_zeny_cierna_lanove_nohavice_sorona_oragnic_moda_buducnosti.webp\",\"contentUrl\":\"https:\\\/\\\/www.ladime.sk\\\/wp-content\\\/uploads\\\/2023\\\/05\\\/ladime_zeny_cierna_lanove_nohavice_sorona_oragnic_moda_buducnosti.webp\",\"width\":805,\"height\":1006,\"caption\":\"D\u00e1mske \u013eanov\u00e9 nohavice Xenia\"},{\"@type\":\"BreadcrumbList\",\"@id\":\"https:\\\/\\\/www.ladime.sk\\\/zeny\\\/damske-nohavice\\\/damske-lanove-nohavice-xenia\\\/#breadcrumb\",\"itemListElement\":[{\"@type\":\"ListItem\",\"position\":1,\"name\":\"\u00davod\",\"item\":\"https:\\\/\\\/www.ladime.sk\\\/\"},{\"@type\":\"ListItem\",\"position\":2,\"name\":\"Obchod\",\"item\":\"https:\\\/\\\/www.ladime.sk\\\/cs\\\/shop-cs\\\/\"},{\"@type\":\"ListItem\",\"position\":3,\"name\":\"D\u00e1mske \u013eanov\u00e9 nohavice Xenia\"}]},{\"@type\":\"WebSite\",\"@id\":\"https:\\\/\\\/www.ladime.sk\\\/#website\",\"url\":\"https:\\\/\\\/www.ladime.sk\\\/\",\"name\":\"ladime.sk\",\"description\":\"Ke\u010f lad\u00edme so svetom, mysl\u00edme na bud\u00facnos\u0165.\",\"publisher\":{\"@id\":\"https:\\\/\\\/www.ladime.sk\\\/#organization\"},\"potentialAction\":[{\"@type\":\"SearchAction\",\"target\":{\"@type\":\"EntryPoint\",\"urlTemplate\":\"https:\\\/\\\/www.ladime.sk\\\/?s={search_term_string}\"},\"query-input\":{\"@type\":\"PropertyValueSpecification\",\"valueRequired\":true,\"valueName\":\"search_term_string\"}}],\"inLanguage\":\"cs\"},{\"@type\":\"Organization\",\"@id\":\"https:\\\/\\\/www.ladime.sk\\\/#organization\",\"name\":\"Lad\u00edme\",\"url\":\"https:\\\/\\\/www.ladime.sk\\\/\",\"logo\":{\"@type\":\"ImageObject\",\"inLanguage\":\"cs\",\"@id\":\"https:\\\/\\\/www.ladime.sk\\\/#\\\/schema\\\/logo\\\/image\\\/\",\"url\":\"https:\\\/\\\/www.ladime.sk\\\/wp-content\\\/uploads\\\/2021\\\/08\\\/logo_ladime.svg\",\"contentUrl\":\"https:\\\/\\\/www.ladime.sk\\\/wp-content\\\/uploads\\\/2021\\\/08\\\/logo_ladime.svg\",\"width\":366,\"height\":185,\"caption\":\"Lad\u00edme\"},\"image\":{\"@id\":\"https:\\\/\\\/www.ladime.sk\\\/#\\\/schema\\\/logo\\\/image\\\/\"}}]}<\/script>\n<!-- \/ Yoast SEO plugin. -->","yoast_head_json":{"title":"D\u00e1mske \u013eanov\u00e9 nohavice Xenia - ladime.sk","description":"Vyjdite z priemeru a siahnite po originalite. D\u00e1mske \u013eanov\u00e9 nohavice Xenia osvie\u017een\u00e9 elegantn\u00fdm pre\u0161\u00edvan\u00edm okam\u017eite pritiahnu pozornos\u0165.","robots":{"index":"index","follow":"follow","max-snippet":"max-snippet:-1","max-image-preview":"max-image-preview:large","max-video-preview":"max-video-preview:-1"},"canonical":"https:\/\/www.ladime.sk\/zeny\/damske-nohavice\/damske-lanove-nohavice-xenia\/","og_locale":"cs_CZ","og_type":"article","og_title":"D\u00e1mske \u013eanov\u00e9 nohavice Xenia - ladime.sk","og_description":"Vyjdite z priemeru a siahnite po originalite. D\u00e1mske \u013eanov\u00e9 nohavice Xenia osvie\u017een\u00e9 elegantn\u00fdm pre\u0161\u00edvan\u00edm okam\u017eite pritiahnu pozornos\u0165.","og_url":"https:\/\/www.ladime.sk\/zeny\/damske-nohavice\/damske-lanove-nohavice-xenia\/","og_site_name":"ladime.sk","article_modified_time":"2025-05-06T12:04:23+00:00","og_image":[{"width":805,"height":1006,"url":"https:\/\/www.ladime.sk\/wp-content\/uploads\/2023\/05\/ladime_zeny_cierna_lanove_nohavice_sorona_oragnic_moda_buducnosti.webp","type":"image\/webp"}],"twitter_card":"summary_large_image","twitter_misc":{"Odhadovan\u00e1 doba \u010dten\u00ed":"2 minuty"},"schema":{"@context":"https:\/\/schema.org","@graph":[{"@type":"WebPage","@id":"https:\/\/www.ladime.sk\/zeny\/damske-nohavice\/damske-lanove-nohavice-xenia\/","url":"https:\/\/www.ladime.sk\/zeny\/damske-nohavice\/damske-lanove-nohavice-xenia\/","name":"D\u00e1mske \u013eanov\u00e9 nohavice Xenia - ladime.sk","isPartOf":{"@id":"https:\/\/www.ladime.sk\/#website"},"primaryImageOfPage":{"@id":"https:\/\/www.ladime.sk\/zeny\/damske-nohavice\/damske-lanove-nohavice-xenia\/#primaryimage"},"image":{"@id":"https:\/\/www.ladime.sk\/zeny\/damske-nohavice\/damske-lanove-nohavice-xenia\/#primaryimage"},"thumbnailUrl":"https:\/\/www.ladime.sk\/wp-content\/uploads\/2023\/05\/ladime_zeny_cierna_lanove_nohavice_sorona_oragnic_moda_buducnosti.webp","datePublished":"2023-05-18T15:00:26+00:00","dateModified":"2025-05-06T12:04:23+00:00","description":"Vyjdite z priemeru a siahnite po originalite. D\u00e1mske \u013eanov\u00e9 nohavice Xenia osvie\u017een\u00e9 elegantn\u00fdm pre\u0161\u00edvan\u00edm okam\u017eite pritiahnu pozornos\u0165.","breadcrumb":{"@id":"https:\/\/www.ladime.sk\/zeny\/damske-nohavice\/damske-lanove-nohavice-xenia\/#breadcrumb"},"inLanguage":"cs","potentialAction":[{"@type":"ReadAction","target":["https:\/\/www.ladime.sk\/zeny\/damske-nohavice\/damske-lanove-nohavice-xenia\/"]}]},{"@type":"ImageObject","inLanguage":"cs","@id":"https:\/\/www.ladime.sk\/zeny\/damske-nohavice\/damske-lanove-nohavice-xenia\/#primaryimage","url":"https:\/\/www.ladime.sk\/wp-content\/uploads\/2023\/05\/ladime_zeny_cierna_lanove_nohavice_sorona_oragnic_moda_buducnosti.webp","contentUrl":"https:\/\/www.ladime.sk\/wp-content\/uploads\/2023\/05\/ladime_zeny_cierna_lanove_nohavice_sorona_oragnic_moda_buducnosti.webp","width":805,"height":1006,"caption":"D\u00e1mske \u013eanov\u00e9 nohavice Xenia"},{"@type":"BreadcrumbList","@id":"https:\/\/www.ladime.sk\/zeny\/damske-nohavice\/damske-lanove-nohavice-xenia\/#breadcrumb","itemListElement":[{"@type":"ListItem","position":1,"name":"\u00davod","item":"https:\/\/www.ladime.sk\/"},{"@type":"ListItem","position":2,"name":"Obchod","item":"https:\/\/www.ladime.sk\/cs\/shop-cs\/"},{"@type":"ListItem","position":3,"name":"D\u00e1mske \u013eanov\u00e9 nohavice Xenia"}]},{"@type":"WebSite","@id":"https:\/\/www.ladime.sk\/#website","url":"https:\/\/www.ladime.sk\/","name":"ladime.sk","description":"Ke\u010f lad\u00edme so svetom, mysl\u00edme na bud\u00facnos\u0165.","publisher":{"@id":"https:\/\/www.ladime.sk\/#organization"},"potentialAction":[{"@type":"SearchAction","target":{"@type":"EntryPoint","urlTemplate":"https:\/\/www.ladime.sk\/?s={search_term_string}"},"query-input":{"@type":"PropertyValueSpecification","valueRequired":true,"valueName":"search_term_string"}}],"inLanguage":"cs"},{"@type":"Organization","@id":"https:\/\/www.ladime.sk\/#organization","name":"Lad\u00edme","url":"https:\/\/www.ladime.sk\/","logo":{"@type":"ImageObject","inLanguage":"cs","@id":"https:\/\/www.ladime.sk\/#\/schema\/logo\/image\/","url":"https:\/\/www.ladime.sk\/wp-content\/uploads\/2021\/08\/logo_ladime.svg","contentUrl":"https:\/\/www.ladime.sk\/wp-content\/uploads\/2021\/08\/logo_ladime.svg","width":366,"height":185,"caption":"Lad\u00edme"},"image":{"@id":"https:\/\/www.ladime.sk\/#\/schema\/logo\/image\/"}}]}},"_links":{"self":[{"href":"https:\/\/www.ladime.sk\/cs\/wp-json\/wp\/v2\/product\/5677641","targetHints":{"allow":["GET"]}}],"collection":[{"href":"https:\/\/www.ladime.sk\/cs\/wp-json\/wp\/v2\/product"}],"about":[{"href":"https:\/\/www.ladime.sk\/cs\/wp-json\/wp\/v2\/types\/product"}],"replies":[{"embeddable":true,"href":"https:\/\/www.ladime.sk\/cs\/wp-json\/wp\/v2\/comments?post=5677641"}],"version-history":[{"count":0,"href":"https:\/\/www.ladime.sk\/cs\/wp-json\/wp\/v2\/product\/5677641\/revisions"}],"wp:featuredmedia":[{"embeddable":true,"href":"https:\/\/www.ladime.sk\/cs\/wp-json\/wp\/v2\/media\/5677643"}],"wp:attachment":[{"href":"https:\/\/www.ladime.sk\/cs\/wp-json\/wp\/v2\/media?parent=5677641"}],"wp:term":[{"taxonomy":"product_brand","embeddable":true,"href":"https:\/\/www.ladime.sk\/cs\/wp-json\/wp\/v2\/product_brand?post=5677641"},{"taxonomy":"product_cat","embeddable":true,"href":"https:\/\/www.ladime.sk\/cs\/wp-json\/wp\/v2\/product_cat?post=5677641"},{"taxonomy":"product_tag","embeddable":true,"href":"https:\/\/www.ladime.sk\/cs\/wp-json\/wp\/v2\/product_tag?post=5677641"}],"curies":[{"name":"wp","href":"https:\/\/api.w.org\/{rel}","templated":true}]}}