{"id":5677069,"date":"2023-03-03T10:43:41","date_gmt":"2023-03-03T09:43:41","guid":{"rendered":"https:\/\/www.ladime.sk\/?post_type=product&#038;p=5677069"},"modified":"2025-11-11T09:09:06","modified_gmt":"2025-11-11T08:09:06","slug":"organic-damske-nohavice-heda","status":"publish","type":"product","link":"https:\/\/www.ladime.sk\/cs\/zeny\/damske-nohavice\/organic-damske-nohavice-heda\/","title":{"rendered":"D\u00e1mske ORGANIC nohavice Heda"},"content":{"rendered":"<div class=\"kvgmc6g5 cxmmr5t8 oygrvhab hcukyx3x c1et5uql\">\n<div class=\"kvgmc6g5 cxmmr5t8 oygrvhab hcukyx3x c1et5uql\">\n<h2>D\u00e1mske ORGANIC nohavice Heda s\u00a0certifik\u00e1tom OEKO-TEX 100<\/h2>\n<p>V\u00fdrazn\u00fd p\u00e1s, z\u00fa\u017een\u00fd strih nohav\u00edc a\u00a0praktick\u00e9 vreck\u00e1, ktor\u00e9 z\u00e1rove\u0148 dotv\u00e1raj\u00fa ich vzh\u013ead. To s\u00fa <strong>d\u00e1mske ORGANIC nohavice Heda. <\/strong>Tento k\u00fasok napln\u00ed po\u017eiadavky ka\u017edej \u017eeny na modern\u00fd dizajn a\u00a0nekone\u010dn\u00e9 mo\u017enosti kombin\u00e1ci\u00ed. <strong>Handmade nohavice Heda<\/strong> si m\u00f4\u017eete obliec\u0165 s\u00a0vo\u013en\u00fdm tri\u010dkom a\u00a0vytvori\u0165 tak le\u017e\u00e9rny outfit. Ve\u013emi dobre bud\u00fa vyzera\u0165 s\u00a0teniskami a\u00a0dokonca aj s\u00a0lodi\u010dkami a\u00a0priliehav\u00fdm <strong><a href=\"https:\/\/www.ladime.sk\/kategoria\/zeny\/topy\/\" target=\"_blank\" rel=\"noopener\">topom<\/a><\/strong>. Z\u00e1le\u017e\u00ed len na va\u0161om vkuse a\u00a0aktu\u00e1lnej n\u00e1lade.<\/p>\n<p>Na\u0161\u00edm cie\u013eom je prin\u00e1\u0161a\u0165 k\u00fasky, ktor\u00e9 zodpovedaj\u00fa n\u00e1rokom na udr\u017eate\u013enos\u0165. Aj tieto <strong><a href=\"https:\/\/www.ladime.sk\/zeny\/damske-nohavice\/\" target=\"_blank\" rel=\"noopener\">d\u00e1mske nohavice<\/a><\/strong> s\u00fa preto \u0161it\u00e9 v\u00a0nad\u010dasovom strihu z\u00a0kvalitn\u00e9ho organick\u00e9ho bavlnen\u00e9ho \u00fapletu, ktor\u00fd m\u00e1 certifik\u00e1t OEKO-TEX 100, Trieda 1. Tento materi\u00e1l sa prisp\u00f4sob\u00ed postave, zaru\u010d\u00ed pocit komfortu, je priedu\u0161n\u00fd, nesp\u00f4sobuje alergick\u00e9 reakcie a\u00a0v\u00fdborne si zachov\u00e1va tvar.<\/p>\n<\/div>\n<div class=\"o9v6fnle cxmmr5t8 oygrvhab hcukyx3x c1et5uql\"><\/div>\n<div class=\"o9v6fnle cxmmr5t8 oygrvhab hcukyx3x c1et5uql\">Modelka Mia m\u00e1 oble\u010den\u00fa ve\u013ekos\u0165 36. V\u00fd\u0161ka modelky: 163cm a miery: 93-70-95<\/div>\n<\/div>\n","protected":false},"excerpt":{"rendered":"<div>UDR\u017dATE\u013dN\u00dd K\u00daSOK<\/div>\n<div>\n<p>D\u00e1mske ORGANIC nohavice Heda si v\u00e1s z\u00edskaj\u00fa od prv\u00e9ho momentu. Neuverite\u013ene pohodln\u00e1 organick\u00e1 bavlna s\u00a0elastanom bude rozmazn\u00e1va\u0165 va\u0161u poko\u017eku a\u00a0poskytne v\u00e1m dokonal\u00fa vo\u013enos\u0165 pri ka\u017edom pohybe. Strih, ktor\u00fd d\u00e1va vynikn\u00fa\u0165 va\u0161im krivk\u00e1m, ich priam predur\u010duje na nosenie s\u00a0vo\u013en\u00fdmi aj obtiahnut\u00fdmi topmi. Sta\u010d\u00ed si len vytvori\u0165 va\u0161e ob\u013e\u00faben\u00e9 kombin\u00e1cie.<\/p>\n<\/div>\n<div><strong>Popis materi\u00e1lu:<\/strong> organick\u00fd bavlnen\u00fd \u00faplet<\/div>\n<div><strong>Farba:\u00a0<\/strong>\u010dierna, biela, tmav\u00e1 ihli\u010dnat\u00e1 zelen\u00e1, malinov\u00e1, svetl\u00e1 mintovo zelen\u00e1<\/div>\n<div>\n<div><strong>Certifik\u00e1ty materi\u00e1lu: <\/strong>OEKO-TEX 100, Trieda 1<\/div>\n<div>\u00a0 \u00a0 \u00a0 \u00a0 \u00a0 \u00a0 \u00a0 \u00a0 \u00a0 \u00a0 \u00a0 \u00a0 \u00a0 \u00a0 \u00a0 \u00a0 \u00a0 \u00a0 \u00a0 \u00a0 \u00a0 \u00a0 ORGANIC<\/div>\n<\/div>\n<div class=\"o9v6fnle cxmmr5t8 oygrvhab hcukyx3x c1et5uql\"><strong>Materi\u00e1lov\u00e9 zlo\u017eenie:<\/strong> 95% BIO bavlna 5% elastan<\/div>\n<div><\/div>\n<div>\n<div>\n<p><strong>Popis materi\u00e1lu:<\/strong> nepo\u010desan\u00e1 organick\u00e1 elastick\u00e1 bavlna, vhodn\u00e1 na ka\u017edodenn\u00e9 nosenie po\u010das cel\u00e9ho roka<\/p>\n<\/div>\n<div><\/div>\n<\/div>\n<div><\/div>\n<div><\/div>\n<div class=\"o9v6fnle cxmmr5t8 oygrvhab hcukyx3x c1et5uql\"><\/div>\n","protected":false},"featured_media":5677139,"comment_status":"closed","ping_status":"closed","template":"","meta":{"_acf_changed":false,"inline_featured_image":false},"product_brand":[],"product_cat":[88],"product_tag":[],"class_list":{"0":"post-5677069","1":"product","2":"type-product","3":"status-publish","4":"has-post-thumbnail","6":"product_cat-damske-nohavice","8":"first","9":"instock","10":"shipping-taxable","11":"purchasable","12":"product-type-variable","13":"wvs-archive-product-wrapper"},"acf":[],"yoast_head":"<!-- This site is optimized with the Yoast SEO plugin v27.4 - https:\/\/yoast.com\/product\/yoast-seo-wordpress\/ -->\n<title>D\u00e1mske ORGANIC nohavice Heda - ladime.sk<\/title>\n<meta name=\"description\" content=\"D\u00e1mske ORGANIC nohavice Heda si v\u00e1s z\u00edskaj\u00fa od prv\u00e9ho momentu. U\u0161it\u00e9 z pohodlnej organickej bavlny s elastanom.\" \/>\n<meta name=\"robots\" content=\"index, follow, max-snippet:-1, max-image-preview:large, max-video-preview:-1\" \/>\n<link rel=\"canonical\" href=\"https:\/\/www.ladime.sk\/zeny\/damske-nohavice\/organic-damske-nohavice-heda\/\" \/>\n<meta property=\"og:locale\" content=\"cs_CZ\" \/>\n<meta property=\"og:type\" content=\"article\" \/>\n<meta property=\"og:title\" content=\"D\u00e1mske ORGANIC nohavice Heda - ladime.sk\" \/>\n<meta property=\"og:description\" content=\"D\u00e1mske ORGANIC nohavice Heda si v\u00e1s z\u00edskaj\u00fa od prv\u00e9ho momentu. U\u0161it\u00e9 z pohodlnej organickej bavlny s elastanom.\" \/>\n<meta property=\"og:url\" content=\"https:\/\/www.ladime.sk\/zeny\/damske-nohavice\/organic-damske-nohavice-heda\/\" \/>\n<meta property=\"og:site_name\" content=\"ladime.sk\" \/>\n<meta property=\"article:modified_time\" content=\"2025-11-11T08:09:06+00:00\" \/>\n<meta property=\"og:image\" content=\"https:\/\/www.ladime.sk\/wp-content\/uploads\/2023\/03\/ladime_zeny_top_oragnic_biela_nohavice_malinova_moda_buducnosti_4.jpg\" \/>\n\t<meta property=\"og:image:width\" content=\"805\" \/>\n\t<meta property=\"og:image:height\" content=\"1006\" \/>\n\t<meta property=\"og:image:type\" content=\"image\/jpeg\" \/>\n<meta name=\"twitter:card\" content=\"summary_large_image\" \/>\n<meta name=\"twitter:label1\" content=\"Odhadovan\u00e1 doba \u010dten\u00ed\" \/>\n\t<meta name=\"twitter:data1\" content=\"1 minuta\" \/>\n<script type=\"application\/ld+json\" class=\"yoast-schema-graph\">{\"@context\":\"https:\\\/\\\/schema.org\",\"@graph\":[{\"@type\":\"WebPage\",\"@id\":\"https:\\\/\\\/www.ladime.sk\\\/zeny\\\/damske-nohavice\\\/organic-damske-nohavice-heda\\\/\",\"url\":\"https:\\\/\\\/www.ladime.sk\\\/zeny\\\/damske-nohavice\\\/organic-damske-nohavice-heda\\\/\",\"name\":\"D\u00e1mske ORGANIC nohavice Heda - ladime.sk\",\"isPartOf\":{\"@id\":\"https:\\\/\\\/www.ladime.sk\\\/#website\"},\"primaryImageOfPage\":{\"@id\":\"https:\\\/\\\/www.ladime.sk\\\/zeny\\\/damske-nohavice\\\/organic-damske-nohavice-heda\\\/#primaryimage\"},\"image\":{\"@id\":\"https:\\\/\\\/www.ladime.sk\\\/zeny\\\/damske-nohavice\\\/organic-damske-nohavice-heda\\\/#primaryimage\"},\"thumbnailUrl\":\"https:\\\/\\\/www.ladime.sk\\\/wp-content\\\/uploads\\\/2023\\\/03\\\/ladime_zeny_top_oragnic_biela_nohavice_malinova_moda_buducnosti_4.jpg\",\"datePublished\":\"2023-03-03T09:43:41+00:00\",\"dateModified\":\"2025-11-11T08:09:06+00:00\",\"description\":\"D\u00e1mske ORGANIC nohavice Heda si v\u00e1s z\u00edskaj\u00fa od prv\u00e9ho momentu. U\u0161it\u00e9 z pohodlnej organickej bavlny s elastanom.\",\"breadcrumb\":{\"@id\":\"https:\\\/\\\/www.ladime.sk\\\/zeny\\\/damske-nohavice\\\/organic-damske-nohavice-heda\\\/#breadcrumb\"},\"inLanguage\":\"cs\",\"potentialAction\":[{\"@type\":\"ReadAction\",\"target\":[\"https:\\\/\\\/www.ladime.sk\\\/zeny\\\/damske-nohavice\\\/organic-damske-nohavice-heda\\\/\"]}]},{\"@type\":\"ImageObject\",\"inLanguage\":\"cs\",\"@id\":\"https:\\\/\\\/www.ladime.sk\\\/zeny\\\/damske-nohavice\\\/organic-damske-nohavice-heda\\\/#primaryimage\",\"url\":\"https:\\\/\\\/www.ladime.sk\\\/wp-content\\\/uploads\\\/2023\\\/03\\\/ladime_zeny_top_oragnic_biela_nohavice_malinova_moda_buducnosti_4.jpg\",\"contentUrl\":\"https:\\\/\\\/www.ladime.sk\\\/wp-content\\\/uploads\\\/2023\\\/03\\\/ladime_zeny_top_oragnic_biela_nohavice_malinova_moda_buducnosti_4.jpg\",\"width\":805,\"height\":1006,\"caption\":\"D\u00e1mske ORGANIC nohavice Heda\"},{\"@type\":\"BreadcrumbList\",\"@id\":\"https:\\\/\\\/www.ladime.sk\\\/zeny\\\/damske-nohavice\\\/organic-damske-nohavice-heda\\\/#breadcrumb\",\"itemListElement\":[{\"@type\":\"ListItem\",\"position\":1,\"name\":\"\u00davod\",\"item\":\"https:\\\/\\\/www.ladime.sk\\\/\"},{\"@type\":\"ListItem\",\"position\":2,\"name\":\"Obchod\",\"item\":\"https:\\\/\\\/www.ladime.sk\\\/cs\\\/shop-cs\\\/\"},{\"@type\":\"ListItem\",\"position\":3,\"name\":\"D\u00e1mske ORGANIC nohavice Heda\"}]},{\"@type\":\"WebSite\",\"@id\":\"https:\\\/\\\/www.ladime.sk\\\/#website\",\"url\":\"https:\\\/\\\/www.ladime.sk\\\/\",\"name\":\"ladime.sk\",\"description\":\"Ke\u010f lad\u00edme so svetom, mysl\u00edme na bud\u00facnos\u0165.\",\"publisher\":{\"@id\":\"https:\\\/\\\/www.ladime.sk\\\/#organization\"},\"potentialAction\":[{\"@type\":\"SearchAction\",\"target\":{\"@type\":\"EntryPoint\",\"urlTemplate\":\"https:\\\/\\\/www.ladime.sk\\\/?s={search_term_string}\"},\"query-input\":{\"@type\":\"PropertyValueSpecification\",\"valueRequired\":true,\"valueName\":\"search_term_string\"}}],\"inLanguage\":\"cs\"},{\"@type\":\"Organization\",\"@id\":\"https:\\\/\\\/www.ladime.sk\\\/#organization\",\"name\":\"Lad\u00edme\",\"url\":\"https:\\\/\\\/www.ladime.sk\\\/\",\"logo\":{\"@type\":\"ImageObject\",\"inLanguage\":\"cs\",\"@id\":\"https:\\\/\\\/www.ladime.sk\\\/#\\\/schema\\\/logo\\\/image\\\/\",\"url\":\"https:\\\/\\\/www.ladime.sk\\\/wp-content\\\/uploads\\\/2021\\\/08\\\/logo_ladime.svg\",\"contentUrl\":\"https:\\\/\\\/www.ladime.sk\\\/wp-content\\\/uploads\\\/2021\\\/08\\\/logo_ladime.svg\",\"width\":366,\"height\":185,\"caption\":\"Lad\u00edme\"},\"image\":{\"@id\":\"https:\\\/\\\/www.ladime.sk\\\/#\\\/schema\\\/logo\\\/image\\\/\"}}]}<\/script>\n<!-- \/ Yoast SEO plugin. -->","yoast_head_json":{"title":"D\u00e1mske ORGANIC nohavice Heda - ladime.sk","description":"D\u00e1mske ORGANIC nohavice Heda si v\u00e1s z\u00edskaj\u00fa od prv\u00e9ho momentu. U\u0161it\u00e9 z pohodlnej organickej bavlny s elastanom.","robots":{"index":"index","follow":"follow","max-snippet":"max-snippet:-1","max-image-preview":"max-image-preview:large","max-video-preview":"max-video-preview:-1"},"canonical":"https:\/\/www.ladime.sk\/zeny\/damske-nohavice\/organic-damske-nohavice-heda\/","og_locale":"cs_CZ","og_type":"article","og_title":"D\u00e1mske ORGANIC nohavice Heda - ladime.sk","og_description":"D\u00e1mske ORGANIC nohavice Heda si v\u00e1s z\u00edskaj\u00fa od prv\u00e9ho momentu. U\u0161it\u00e9 z pohodlnej organickej bavlny s elastanom.","og_url":"https:\/\/www.ladime.sk\/zeny\/damske-nohavice\/organic-damske-nohavice-heda\/","og_site_name":"ladime.sk","article_modified_time":"2025-11-11T08:09:06+00:00","og_image":[{"width":805,"height":1006,"url":"https:\/\/www.ladime.sk\/wp-content\/uploads\/2023\/03\/ladime_zeny_top_oragnic_biela_nohavice_malinova_moda_buducnosti_4.jpg","type":"image\/jpeg"}],"twitter_card":"summary_large_image","twitter_misc":{"Odhadovan\u00e1 doba \u010dten\u00ed":"1 minuta"},"schema":{"@context":"https:\/\/schema.org","@graph":[{"@type":"WebPage","@id":"https:\/\/www.ladime.sk\/zeny\/damske-nohavice\/organic-damske-nohavice-heda\/","url":"https:\/\/www.ladime.sk\/zeny\/damske-nohavice\/organic-damske-nohavice-heda\/","name":"D\u00e1mske ORGANIC nohavice Heda - ladime.sk","isPartOf":{"@id":"https:\/\/www.ladime.sk\/#website"},"primaryImageOfPage":{"@id":"https:\/\/www.ladime.sk\/zeny\/damske-nohavice\/organic-damske-nohavice-heda\/#primaryimage"},"image":{"@id":"https:\/\/www.ladime.sk\/zeny\/damske-nohavice\/organic-damske-nohavice-heda\/#primaryimage"},"thumbnailUrl":"https:\/\/www.ladime.sk\/wp-content\/uploads\/2023\/03\/ladime_zeny_top_oragnic_biela_nohavice_malinova_moda_buducnosti_4.jpg","datePublished":"2023-03-03T09:43:41+00:00","dateModified":"2025-11-11T08:09:06+00:00","description":"D\u00e1mske ORGANIC nohavice Heda si v\u00e1s z\u00edskaj\u00fa od prv\u00e9ho momentu. U\u0161it\u00e9 z pohodlnej organickej bavlny s elastanom.","breadcrumb":{"@id":"https:\/\/www.ladime.sk\/zeny\/damske-nohavice\/organic-damske-nohavice-heda\/#breadcrumb"},"inLanguage":"cs","potentialAction":[{"@type":"ReadAction","target":["https:\/\/www.ladime.sk\/zeny\/damske-nohavice\/organic-damske-nohavice-heda\/"]}]},{"@type":"ImageObject","inLanguage":"cs","@id":"https:\/\/www.ladime.sk\/zeny\/damske-nohavice\/organic-damske-nohavice-heda\/#primaryimage","url":"https:\/\/www.ladime.sk\/wp-content\/uploads\/2023\/03\/ladime_zeny_top_oragnic_biela_nohavice_malinova_moda_buducnosti_4.jpg","contentUrl":"https:\/\/www.ladime.sk\/wp-content\/uploads\/2023\/03\/ladime_zeny_top_oragnic_biela_nohavice_malinova_moda_buducnosti_4.jpg","width":805,"height":1006,"caption":"D\u00e1mske ORGANIC nohavice Heda"},{"@type":"BreadcrumbList","@id":"https:\/\/www.ladime.sk\/zeny\/damske-nohavice\/organic-damske-nohavice-heda\/#breadcrumb","itemListElement":[{"@type":"ListItem","position":1,"name":"\u00davod","item":"https:\/\/www.ladime.sk\/"},{"@type":"ListItem","position":2,"name":"Obchod","item":"https:\/\/www.ladime.sk\/cs\/shop-cs\/"},{"@type":"ListItem","position":3,"name":"D\u00e1mske ORGANIC nohavice Heda"}]},{"@type":"WebSite","@id":"https:\/\/www.ladime.sk\/#website","url":"https:\/\/www.ladime.sk\/","name":"ladime.sk","description":"Ke\u010f lad\u00edme so svetom, mysl\u00edme na bud\u00facnos\u0165.","publisher":{"@id":"https:\/\/www.ladime.sk\/#organization"},"potentialAction":[{"@type":"SearchAction","target":{"@type":"EntryPoint","urlTemplate":"https:\/\/www.ladime.sk\/?s={search_term_string}"},"query-input":{"@type":"PropertyValueSpecification","valueRequired":true,"valueName":"search_term_string"}}],"inLanguage":"cs"},{"@type":"Organization","@id":"https:\/\/www.ladime.sk\/#organization","name":"Lad\u00edme","url":"https:\/\/www.ladime.sk\/","logo":{"@type":"ImageObject","inLanguage":"cs","@id":"https:\/\/www.ladime.sk\/#\/schema\/logo\/image\/","url":"https:\/\/www.ladime.sk\/wp-content\/uploads\/2021\/08\/logo_ladime.svg","contentUrl":"https:\/\/www.ladime.sk\/wp-content\/uploads\/2021\/08\/logo_ladime.svg","width":366,"height":185,"caption":"Lad\u00edme"},"image":{"@id":"https:\/\/www.ladime.sk\/#\/schema\/logo\/image\/"}}]}},"_links":{"self":[{"href":"https:\/\/www.ladime.sk\/cs\/wp-json\/wp\/v2\/product\/5677069","targetHints":{"allow":["GET"]}}],"collection":[{"href":"https:\/\/www.ladime.sk\/cs\/wp-json\/wp\/v2\/product"}],"about":[{"href":"https:\/\/www.ladime.sk\/cs\/wp-json\/wp\/v2\/types\/product"}],"replies":[{"embeddable":true,"href":"https:\/\/www.ladime.sk\/cs\/wp-json\/wp\/v2\/comments?post=5677069"}],"version-history":[{"count":0,"href":"https:\/\/www.ladime.sk\/cs\/wp-json\/wp\/v2\/product\/5677069\/revisions"}],"wp:featuredmedia":[{"embeddable":true,"href":"https:\/\/www.ladime.sk\/cs\/wp-json\/wp\/v2\/media\/5677139"}],"wp:attachment":[{"href":"https:\/\/www.ladime.sk\/cs\/wp-json\/wp\/v2\/media?parent=5677069"}],"wp:term":[{"taxonomy":"product_brand","embeddable":true,"href":"https:\/\/www.ladime.sk\/cs\/wp-json\/wp\/v2\/product_brand?post=5677069"},{"taxonomy":"product_cat","embeddable":true,"href":"https:\/\/www.ladime.sk\/cs\/wp-json\/wp\/v2\/product_cat?post=5677069"},{"taxonomy":"product_tag","embeddable":true,"href":"https:\/\/www.ladime.sk\/cs\/wp-json\/wp\/v2\/product_tag?post=5677069"}],"curies":[{"name":"wp","href":"https:\/\/api.w.org\/{rel}","templated":true}]}}