{"id":5677065,"date":"2023-03-03T10:01:20","date_gmt":"2023-03-03T09:01:20","guid":{"rendered":"https:\/\/www.ladime.sk\/?post_type=product&#038;p=5677065"},"modified":"2025-10-10T12:48:13","modified_gmt":"2025-10-10T10:48:13","slug":"organic-damsky-croptop-oxy","status":"publish","type":"product","link":"https:\/\/www.ladime.sk\/cs\/zeny\/damske-topy\/organic-damsky-croptop-oxy\/","title":{"rendered":"D\u00e1msky ORGANIC croptop Oxy"},"content":{"rendered":"<h2>D\u00e1msky ORGANIC croptopov\u00fd top Oxy z pr\u00edrodnej bavlny<\/h2>\n<p>H\u013ead\u00e1te rafinovan\u00fd k\u00fasok, ktor\u00fd m\u00f4\u017eete nosi\u0165 na jar \u010di v\u00a0lete? ORGANIC d\u00e1msky croptopov\u00fd top Oxy je basic k\u00fasok, ktor\u00fd zaujme polodlh\u00fdmi strihan\u00fdmi ruk\u00e1vmi. V\u010faka nim tento <strong><a href=\"https:\/\/www.ladime.sk\/zeny\/damske-topy\/\">d\u00e1msky top<\/a><\/strong> vyu\u017eijete aj po\u010das vetern\u00fdch dn\u00ed. Z\u00e1rove\u0148 s\u00fa dostato\u010dne \u0161irok\u00e9 a\u00a0zvy\u0161uj\u00fa priedu\u0161nos\u0165 topu, \u010do ocen\u00edte \u00a0po\u010das hor\u00facich dn\u00ed.<\/p>\n<p>Nad\u010dasov\u00fd k\u00fasok do ka\u017ed\u00e9ho \u017eensk\u00e9ho \u0161atn\u00edka, ak\u00fdm je aj <strong>handmade<\/strong> <strong>d\u00e1msky croptopov\u00fd top<\/strong> <strong>Oxy,<\/strong> m\u00f4\u017eete dokonca nosi\u0165 pod\u013ea aktu\u00e1lnej n\u00e1lady. Vyu\u017eijete ho aj ako top s odhalen\u00fdm ramenom. Jeho d\u013a\u017eka je nastaven\u00e1 tak, aby nebol pr\u00edli\u0161 kr\u00e1tky, naopak, kr\u00e1sne pod\u010diarkne v\u00e1\u0161 vzh\u013ead v\u00a0nohaviciach aj sukni.<\/p>\n<p><strong>Udr\u017eate\u013en\u00e1 m\u00f3da<\/strong> v\u00a0na\u0161ej ponuke vynik\u00e1 tie\u017e vysokou kvalitou. <strong>Pr\u00edrodn\u00e1 bavlna s\u00a0elastanom<\/strong>, z\u00a0ktorej je vyroben\u00fd, je pru\u017en\u00e1 a nestr\u00e1ca svoj tvar. <strong>Organick\u00e1 bavlna<\/strong> je na dotyk jemnej\u0161ia, dlho vydr\u017e\u00ed, je odolnej\u0161ia a\u00a0priedu\u0161nej\u0161ia ako be\u017en\u00e9 bavlnen\u00e9 l\u00e1tky. Spo\u013eahn\u00fa\u0165 sa m\u00f4\u017eete tie\u017e na to, \u017ee nesp\u00f4sobuje \u017eiadne alergick\u00e9 reakcie.<\/p>\n<p>Modelka Mia m\u00e1 oble\u010den\u00fa ve\u013ekos\u0165 36. V\u00fd\u0161ka modelky: 163cm a miery: 93-70-95<\/p>\n<p>&nbsp;<\/p>\n","protected":false},"excerpt":{"rendered":"<div>\n<div>UDR\u017dATE\u013dN\u00dd K\u00daSOK<\/div>\n<div>\n<p>Handmade d\u00e1msky ORGANIC croptopov\u00fd top Oxy zaujme polodlh\u00fdmi strihan\u00fdmi ruk\u00e1vmi. V\u010faka nim ho vyu\u017eijete po\u010das vetern\u00fdch aj hor\u00facich dn\u00ed. Pr\u00edrodn\u00e1 bavlna s\u00a0elastanom vynik\u00e1 pru\u017enos\u0165ou, nestr\u00e1ca tvar, je na dotyk jemnej\u0161ia a nesp\u00f4sobuje \u017eiadne alergick\u00e9 reakcie.<\/p>\n<\/div>\n<div><strong>Popis materi\u00e1lu:\u00a0 <\/strong>organick\u00fd bavlnen\u00fd \u00faplet<\/div>\n<div class=\"o9v6fnle cxmmr5t8 oygrvhab hcukyx3x c1et5uql\"><strong>Farba:\u00a0<\/strong>\u010dierna, biela, pastelov\u00e1 ru\u017eov\u00e1 &#8222;old pink&#8220;, smaragdovo zelen\u00e1, lososov\u00e1, \u0161ed\u00e9 striebro<\/div>\n<\/div>\n<div>\n<div><strong>Certifik\u00e1ty materi\u00e1lu: <\/strong>OEKO-TEX 100, Trieda 1<\/div>\n<div>\u00a0 \u00a0 \u00a0 \u00a0 \u00a0 \u00a0 \u00a0 \u00a0 \u00a0 \u00a0 \u00a0 \u00a0 \u00a0 \u00a0 \u00a0 \u00a0 \u00a0 \u00a0 \u00a0 \u00a0 \u00a0 \u00a0 ORGANIC<\/div>\n<\/div>\n<div class=\"o9v6fnle cxmmr5t8 oygrvhab hcukyx3x c1et5uql\"><strong>Materi\u00e1lov\u00e9 zlo\u017eenie:<\/strong> 95% BIO bavlna 5% elastan<\/div>\n<div class=\"o9v6fnle cxmmr5t8 oygrvhab hcukyx3x c1et5uql\"><\/div>\n","protected":false},"featured_media":5677127,"comment_status":"closed","ping_status":"closed","template":"","meta":{"_acf_changed":false,"inline_featured_image":false},"product_brand":[],"product_cat":[79],"product_tag":[],"class_list":{"0":"post-5677065","1":"product","2":"type-product","3":"status-publish","4":"has-post-thumbnail","6":"product_cat-damske-topy","8":"first","9":"instock","10":"shipping-taxable","11":"purchasable","12":"product-type-variable","13":"wvs-archive-product-wrapper"},"acf":[],"yoast_head":"<!-- This site is optimized with the Yoast SEO plugin v27.4 - https:\/\/yoast.com\/product\/yoast-seo-wordpress\/ -->\n<title>D\u00e1msky ORGANIC croptop Oxy - ladime.sk<\/title>\n<meta name=\"description\" content=\"Handmade d\u00e1msky ORGANIC croptop Oxy zaujme polodlh\u00fdmi strihan\u00fdmi ruk\u00e1vmi. V\u010faka nim ho vyu\u017eijete po\u010das vetern\u00fdch aj hor\u00facich dn\u00ed.\" \/>\n<meta name=\"robots\" content=\"index, follow, max-snippet:-1, max-image-preview:large, max-video-preview:-1\" \/>\n<link rel=\"canonical\" href=\"https:\/\/www.ladime.sk\/zeny\/damske-topy\/organic-damsky-croptop-oxy\/\" \/>\n<meta property=\"og:locale\" content=\"cs_CZ\" \/>\n<meta property=\"og:type\" content=\"article\" \/>\n<meta property=\"og:title\" content=\"D\u00e1msky ORGANIC croptop Oxy - ladime.sk\" \/>\n<meta property=\"og:description\" content=\"Handmade d\u00e1msky ORGANIC croptop Oxy zaujme polodlh\u00fdmi strihan\u00fdmi ruk\u00e1vmi. V\u010faka nim ho vyu\u017eijete po\u010das vetern\u00fdch aj hor\u00facich dn\u00ed.\" \/>\n<meta property=\"og:url\" content=\"https:\/\/www.ladime.sk\/zeny\/damske-topy\/organic-damsky-croptop-oxy\/\" \/>\n<meta property=\"og:site_name\" content=\"ladime.sk\" \/>\n<meta property=\"article:modified_time\" content=\"2025-10-10T10:48:13+00:00\" \/>\n<meta property=\"og:image\" content=\"https:\/\/www.ladime.sk\/wp-content\/uploads\/2023\/03\/ladime_zeny_top_oragnic_top_seda_moda_buducnosti_1.jpg\" \/>\n\t<meta property=\"og:image:width\" content=\"805\" \/>\n\t<meta property=\"og:image:height\" content=\"1006\" \/>\n\t<meta property=\"og:image:type\" content=\"image\/jpeg\" \/>\n<meta name=\"twitter:card\" content=\"summary_large_image\" \/>\n<meta name=\"twitter:label1\" content=\"Odhadovan\u00e1 doba \u010dten\u00ed\" \/>\n\t<meta name=\"twitter:data1\" content=\"2 minuty\" \/>\n<script type=\"application\/ld+json\" class=\"yoast-schema-graph\">{\"@context\":\"https:\\\/\\\/schema.org\",\"@graph\":[{\"@type\":\"WebPage\",\"@id\":\"https:\\\/\\\/www.ladime.sk\\\/zeny\\\/damske-topy\\\/organic-damsky-croptop-oxy\\\/\",\"url\":\"https:\\\/\\\/www.ladime.sk\\\/zeny\\\/damske-topy\\\/organic-damsky-croptop-oxy\\\/\",\"name\":\"D\u00e1msky ORGANIC croptop Oxy - ladime.sk\",\"isPartOf\":{\"@id\":\"https:\\\/\\\/www.ladime.sk\\\/#website\"},\"primaryImageOfPage\":{\"@id\":\"https:\\\/\\\/www.ladime.sk\\\/zeny\\\/damske-topy\\\/organic-damsky-croptop-oxy\\\/#primaryimage\"},\"image\":{\"@id\":\"https:\\\/\\\/www.ladime.sk\\\/zeny\\\/damske-topy\\\/organic-damsky-croptop-oxy\\\/#primaryimage\"},\"thumbnailUrl\":\"https:\\\/\\\/www.ladime.sk\\\/wp-content\\\/uploads\\\/2023\\\/03\\\/ladime_zeny_top_oragnic_top_seda_moda_buducnosti_1.jpg\",\"datePublished\":\"2023-03-03T09:01:20+00:00\",\"dateModified\":\"2025-10-10T10:48:13+00:00\",\"description\":\"Handmade d\u00e1msky ORGANIC croptop Oxy zaujme polodlh\u00fdmi strihan\u00fdmi ruk\u00e1vmi. V\u010faka nim ho vyu\u017eijete po\u010das vetern\u00fdch aj hor\u00facich dn\u00ed.\",\"breadcrumb\":{\"@id\":\"https:\\\/\\\/www.ladime.sk\\\/zeny\\\/damske-topy\\\/organic-damsky-croptop-oxy\\\/#breadcrumb\"},\"inLanguage\":\"cs\",\"potentialAction\":[{\"@type\":\"ReadAction\",\"target\":[\"https:\\\/\\\/www.ladime.sk\\\/zeny\\\/damske-topy\\\/organic-damsky-croptop-oxy\\\/\"]}]},{\"@type\":\"ImageObject\",\"inLanguage\":\"cs\",\"@id\":\"https:\\\/\\\/www.ladime.sk\\\/zeny\\\/damske-topy\\\/organic-damsky-croptop-oxy\\\/#primaryimage\",\"url\":\"https:\\\/\\\/www.ladime.sk\\\/wp-content\\\/uploads\\\/2023\\\/03\\\/ladime_zeny_top_oragnic_top_seda_moda_buducnosti_1.jpg\",\"contentUrl\":\"https:\\\/\\\/www.ladime.sk\\\/wp-content\\\/uploads\\\/2023\\\/03\\\/ladime_zeny_top_oragnic_top_seda_moda_buducnosti_1.jpg\",\"width\":805,\"height\":1006,\"caption\":\"D\u00e1msky ORGANIC croptopov\u00fd top Oxy\"},{\"@type\":\"BreadcrumbList\",\"@id\":\"https:\\\/\\\/www.ladime.sk\\\/zeny\\\/damske-topy\\\/organic-damsky-croptop-oxy\\\/#breadcrumb\",\"itemListElement\":[{\"@type\":\"ListItem\",\"position\":1,\"name\":\"\u00davod\",\"item\":\"https:\\\/\\\/www.ladime.sk\\\/\"},{\"@type\":\"ListItem\",\"position\":2,\"name\":\"Obchod\",\"item\":\"https:\\\/\\\/www.ladime.sk\\\/cs\\\/shop-cs\\\/\"},{\"@type\":\"ListItem\",\"position\":3,\"name\":\"D\u00e1msky ORGANIC croptop Oxy\"}]},{\"@type\":\"WebSite\",\"@id\":\"https:\\\/\\\/www.ladime.sk\\\/#website\",\"url\":\"https:\\\/\\\/www.ladime.sk\\\/\",\"name\":\"ladime.sk\",\"description\":\"Ke\u010f lad\u00edme so svetom, mysl\u00edme na bud\u00facnos\u0165.\",\"publisher\":{\"@id\":\"https:\\\/\\\/www.ladime.sk\\\/#organization\"},\"potentialAction\":[{\"@type\":\"SearchAction\",\"target\":{\"@type\":\"EntryPoint\",\"urlTemplate\":\"https:\\\/\\\/www.ladime.sk\\\/?s={search_term_string}\"},\"query-input\":{\"@type\":\"PropertyValueSpecification\",\"valueRequired\":true,\"valueName\":\"search_term_string\"}}],\"inLanguage\":\"cs\"},{\"@type\":\"Organization\",\"@id\":\"https:\\\/\\\/www.ladime.sk\\\/#organization\",\"name\":\"Lad\u00edme\",\"url\":\"https:\\\/\\\/www.ladime.sk\\\/\",\"logo\":{\"@type\":\"ImageObject\",\"inLanguage\":\"cs\",\"@id\":\"https:\\\/\\\/www.ladime.sk\\\/#\\\/schema\\\/logo\\\/image\\\/\",\"url\":\"https:\\\/\\\/www.ladime.sk\\\/wp-content\\\/uploads\\\/2021\\\/08\\\/logo_ladime.svg\",\"contentUrl\":\"https:\\\/\\\/www.ladime.sk\\\/wp-content\\\/uploads\\\/2021\\\/08\\\/logo_ladime.svg\",\"width\":366,\"height\":185,\"caption\":\"Lad\u00edme\"},\"image\":{\"@id\":\"https:\\\/\\\/www.ladime.sk\\\/#\\\/schema\\\/logo\\\/image\\\/\"}}]}<\/script>\n<!-- \/ Yoast SEO plugin. -->","yoast_head_json":{"title":"D\u00e1msky ORGANIC croptop Oxy - ladime.sk","description":"Handmade d\u00e1msky ORGANIC croptop Oxy zaujme polodlh\u00fdmi strihan\u00fdmi ruk\u00e1vmi. V\u010faka nim ho vyu\u017eijete po\u010das vetern\u00fdch aj hor\u00facich dn\u00ed.","robots":{"index":"index","follow":"follow","max-snippet":"max-snippet:-1","max-image-preview":"max-image-preview:large","max-video-preview":"max-video-preview:-1"},"canonical":"https:\/\/www.ladime.sk\/zeny\/damske-topy\/organic-damsky-croptop-oxy\/","og_locale":"cs_CZ","og_type":"article","og_title":"D\u00e1msky ORGANIC croptop Oxy - ladime.sk","og_description":"Handmade d\u00e1msky ORGANIC croptop Oxy zaujme polodlh\u00fdmi strihan\u00fdmi ruk\u00e1vmi. V\u010faka nim ho vyu\u017eijete po\u010das vetern\u00fdch aj hor\u00facich dn\u00ed.","og_url":"https:\/\/www.ladime.sk\/zeny\/damske-topy\/organic-damsky-croptop-oxy\/","og_site_name":"ladime.sk","article_modified_time":"2025-10-10T10:48:13+00:00","og_image":[{"width":805,"height":1006,"url":"https:\/\/www.ladime.sk\/wp-content\/uploads\/2023\/03\/ladime_zeny_top_oragnic_top_seda_moda_buducnosti_1.jpg","type":"image\/jpeg"}],"twitter_card":"summary_large_image","twitter_misc":{"Odhadovan\u00e1 doba \u010dten\u00ed":"2 minuty"},"schema":{"@context":"https:\/\/schema.org","@graph":[{"@type":"WebPage","@id":"https:\/\/www.ladime.sk\/zeny\/damske-topy\/organic-damsky-croptop-oxy\/","url":"https:\/\/www.ladime.sk\/zeny\/damske-topy\/organic-damsky-croptop-oxy\/","name":"D\u00e1msky ORGANIC croptop Oxy - ladime.sk","isPartOf":{"@id":"https:\/\/www.ladime.sk\/#website"},"primaryImageOfPage":{"@id":"https:\/\/www.ladime.sk\/zeny\/damske-topy\/organic-damsky-croptop-oxy\/#primaryimage"},"image":{"@id":"https:\/\/www.ladime.sk\/zeny\/damske-topy\/organic-damsky-croptop-oxy\/#primaryimage"},"thumbnailUrl":"https:\/\/www.ladime.sk\/wp-content\/uploads\/2023\/03\/ladime_zeny_top_oragnic_top_seda_moda_buducnosti_1.jpg","datePublished":"2023-03-03T09:01:20+00:00","dateModified":"2025-10-10T10:48:13+00:00","description":"Handmade d\u00e1msky ORGANIC croptop Oxy zaujme polodlh\u00fdmi strihan\u00fdmi ruk\u00e1vmi. V\u010faka nim ho vyu\u017eijete po\u010das vetern\u00fdch aj hor\u00facich dn\u00ed.","breadcrumb":{"@id":"https:\/\/www.ladime.sk\/zeny\/damske-topy\/organic-damsky-croptop-oxy\/#breadcrumb"},"inLanguage":"cs","potentialAction":[{"@type":"ReadAction","target":["https:\/\/www.ladime.sk\/zeny\/damske-topy\/organic-damsky-croptop-oxy\/"]}]},{"@type":"ImageObject","inLanguage":"cs","@id":"https:\/\/www.ladime.sk\/zeny\/damske-topy\/organic-damsky-croptop-oxy\/#primaryimage","url":"https:\/\/www.ladime.sk\/wp-content\/uploads\/2023\/03\/ladime_zeny_top_oragnic_top_seda_moda_buducnosti_1.jpg","contentUrl":"https:\/\/www.ladime.sk\/wp-content\/uploads\/2023\/03\/ladime_zeny_top_oragnic_top_seda_moda_buducnosti_1.jpg","width":805,"height":1006,"caption":"D\u00e1msky ORGANIC croptopov\u00fd top Oxy"},{"@type":"BreadcrumbList","@id":"https:\/\/www.ladime.sk\/zeny\/damske-topy\/organic-damsky-croptop-oxy\/#breadcrumb","itemListElement":[{"@type":"ListItem","position":1,"name":"\u00davod","item":"https:\/\/www.ladime.sk\/"},{"@type":"ListItem","position":2,"name":"Obchod","item":"https:\/\/www.ladime.sk\/cs\/shop-cs\/"},{"@type":"ListItem","position":3,"name":"D\u00e1msky ORGANIC croptop Oxy"}]},{"@type":"WebSite","@id":"https:\/\/www.ladime.sk\/#website","url":"https:\/\/www.ladime.sk\/","name":"ladime.sk","description":"Ke\u010f lad\u00edme so svetom, mysl\u00edme na bud\u00facnos\u0165.","publisher":{"@id":"https:\/\/www.ladime.sk\/#organization"},"potentialAction":[{"@type":"SearchAction","target":{"@type":"EntryPoint","urlTemplate":"https:\/\/www.ladime.sk\/?s={search_term_string}"},"query-input":{"@type":"PropertyValueSpecification","valueRequired":true,"valueName":"search_term_string"}}],"inLanguage":"cs"},{"@type":"Organization","@id":"https:\/\/www.ladime.sk\/#organization","name":"Lad\u00edme","url":"https:\/\/www.ladime.sk\/","logo":{"@type":"ImageObject","inLanguage":"cs","@id":"https:\/\/www.ladime.sk\/#\/schema\/logo\/image\/","url":"https:\/\/www.ladime.sk\/wp-content\/uploads\/2021\/08\/logo_ladime.svg","contentUrl":"https:\/\/www.ladime.sk\/wp-content\/uploads\/2021\/08\/logo_ladime.svg","width":366,"height":185,"caption":"Lad\u00edme"},"image":{"@id":"https:\/\/www.ladime.sk\/#\/schema\/logo\/image\/"}}]}},"_links":{"self":[{"href":"https:\/\/www.ladime.sk\/cs\/wp-json\/wp\/v2\/product\/5677065","targetHints":{"allow":["GET"]}}],"collection":[{"href":"https:\/\/www.ladime.sk\/cs\/wp-json\/wp\/v2\/product"}],"about":[{"href":"https:\/\/www.ladime.sk\/cs\/wp-json\/wp\/v2\/types\/product"}],"replies":[{"embeddable":true,"href":"https:\/\/www.ladime.sk\/cs\/wp-json\/wp\/v2\/comments?post=5677065"}],"version-history":[{"count":0,"href":"https:\/\/www.ladime.sk\/cs\/wp-json\/wp\/v2\/product\/5677065\/revisions"}],"wp:featuredmedia":[{"embeddable":true,"href":"https:\/\/www.ladime.sk\/cs\/wp-json\/wp\/v2\/media\/5677127"}],"wp:attachment":[{"href":"https:\/\/www.ladime.sk\/cs\/wp-json\/wp\/v2\/media?parent=5677065"}],"wp:term":[{"taxonomy":"product_brand","embeddable":true,"href":"https:\/\/www.ladime.sk\/cs\/wp-json\/wp\/v2\/product_brand?post=5677065"},{"taxonomy":"product_cat","embeddable":true,"href":"https:\/\/www.ladime.sk\/cs\/wp-json\/wp\/v2\/product_cat?post=5677065"},{"taxonomy":"product_tag","embeddable":true,"href":"https:\/\/www.ladime.sk\/cs\/wp-json\/wp\/v2\/product_tag?post=5677065"}],"curies":[{"name":"wp","href":"https:\/\/api.w.org\/{rel}","templated":true}]}}