{"id":5677062,"date":"2023-03-03T09:46:26","date_gmt":"2023-03-03T08:46:26","guid":{"rendered":"https:\/\/www.ladime.sk\/?post_type=product&#038;p=5677062"},"modified":"2025-11-28T20:15:34","modified_gmt":"2025-11-28T19:15:34","slug":"organic-damsky-top-enna","status":"publish","type":"product","link":"https:\/\/www.ladime.sk\/cs\/zeny\/damske-topy\/organic-damsky-top-enna\/","title":{"rendered":"D\u00e1msky ORGANIC top Enna"},"content":{"rendered":"<h2>D\u00e1msky ORGANIC top Enna v\u00a0elegantnom aj ka\u017edodennom outfite<\/h2>\n<p>Elegancia, v\u00fdrazn\u00fd dizajn a\u00a0jemnos\u0165 prevedenia v\u00a0jednom \u2014 to je <strong>d\u00e1msky ORGANIC top Enna. <\/strong>Jeho riasen\u00e9 zvonov\u00e9 ruk\u00e1vy pod\u010diarknu va\u0161u \u017eenskos\u0165 a\u00a0<strong>certifikovan\u00fd<\/strong> <strong>organick\u00fd bavlnen\u00fd \u00faplet <\/strong>sa postar\u00e1 o\u00a0va\u0161e pohodlie. T\u00e1to kombin\u00e1cia je vskutku neodolate\u013en\u00e1. U\u017e c\u00edtite jemn\u00fd dotyk jeho hebk\u00e9ho povrchu na va\u0161ej poko\u017eke? Aj po\u010das dn\u00ed pln\u00fdch povinnost\u00ed sa v\u00a0\u0148om budete c\u00edti\u0165 komfortne.<\/p>\n<p>Tento <strong><a href=\"https:\/\/www.ladime.sk\/zeny\/damske-topy\/\" target=\"_blank\" rel=\"noopener\">d\u00e1msky top s\u00a0dlh\u00fdm ruk\u00e1vom<\/a><\/strong> sa zarad\u00ed ku k\u00faskom, po ktor\u00fdch \u010dasto siahate. Kombinova\u0165 ho m\u00f4\u017eete s\u00a0rif\u013eami, softshell alebo <strong><a href=\"https:\/\/www.ladime.sk\/zeny\/damske-nohavice\/\" target=\"_blank\" rel=\"noopener\">tepl\u00e1kov\u00fdmi nohavicami<\/a><\/strong> z\u00a0na\u0161ej ponuky. Kr\u00e1sne vynikne, \u010di si obujete tenisky alebo lodi\u010dky a\u00a0s\u00a0vhodn\u00fdmi doplnkami si ho m\u00f4\u017eete obliec\u0165 aj na spolo\u010densk\u00fa udalos\u0165. <strong>D\u00e1msky top z\u00a0pr\u00edrodnej bavlny Enna <\/strong>je dostupn\u00fd v\u00a0r\u00f4znych farebn\u00fdch odtie\u0148och.<\/p>\n<p>Modelka Mia\u00a0 m\u00e1 oble\u010den\u00fa ve\u013ekos\u0165 36. V\u00fd\u0161ka modelky: 163cm a miery: 93-70-95<\/p>\n","protected":false},"excerpt":{"rendered":"<div class=\"o9v6fnle cxmmr5t8 oygrvhab hcukyx3x c1et5uql\">\n<div class=\"o9v6fnle cxmmr5t8 oygrvhab hcukyx3x c1et5uql\">\n<div>UDR\u017dATE\u013dN\u00dd K\u00daSOK<\/div>\n<div>\n<p>D\u00e1msky ORGANIC top Enna v\u00a0sebe sp\u00e1ja eleganciu, v\u00fdrazn\u00fd dizajn a\u00a0jemnos\u0165 prevedenia. U\u0161it\u00fd je z certifikovan\u00e9ho pr\u00edrodn\u00e9ho bavlnen\u00e9ho \u00fapletu, v\u00a0ktorom sa budete c\u00edti\u0165 komfortne. Kombinova\u0165 ho m\u00f4\u017eete s\u00a0rif\u013eami, softshell alebo tepl\u00e1kov\u00fdmi nohavicami z\u00a0na\u0161ej ponuky.<\/p>\n<\/div>\n<div><strong>Popis materi\u00e1lu:<\/strong> organick\u00fd bavlnen\u00fd \u00faplet<\/div>\n<div><strong>Farba:<\/strong> \u010dierna, biela, \u0161ed\u00e9 striebro, smaragdovo zelen\u00e1, pastelov\u00e1 ru\u017eov\u00e1<\/div>\n<div>\n<div><strong>Certifik\u00e1ty materi\u00e1lu: <\/strong>OEKO-TEX 100, Trieda 1<\/div>\n<div>\u00a0 \u00a0 \u00a0 \u00a0 \u00a0 \u00a0 \u00a0 \u00a0 \u00a0 \u00a0 \u00a0 \u00a0 \u00a0 \u00a0 \u00a0 \u00a0 \u00a0 \u00a0 \u00a0 \u00a0 \u00a0 \u00a0 ORGANIC<\/div>\n<\/div>\n<div class=\"o9v6fnle cxmmr5t8 oygrvhab hcukyx3x c1et5uql\"><strong>Materi\u00e1lov\u00e9 zlo\u017eenie:<\/strong> 95% BIO bavlna 5% elastan<\/div>\n<div class=\"o9v6fnle cxmmr5t8 oygrvhab hcukyx3x c1et5uql\"><\/div>\n<\/div>\n<\/div>\n","protected":false},"featured_media":5677106,"comment_status":"closed","ping_status":"closed","template":"","meta":{"_acf_changed":false,"inline_featured_image":false},"product_brand":[],"product_cat":[79],"product_tag":[],"class_list":{"0":"post-5677062","1":"product","2":"type-product","3":"status-publish","4":"has-post-thumbnail","6":"product_cat-damske-topy","8":"first","9":"instock","10":"shipping-taxable","11":"purchasable","12":"product-type-variable","13":"wvs-archive-product-wrapper"},"acf":[],"yoast_head":"<!-- This site is optimized with the Yoast SEO plugin v27.4 - https:\/\/yoast.com\/product\/yoast-seo-wordpress\/ -->\n<title>D\u00e1msky ORGANIC top Enna - ladime.sk<\/title>\n<meta name=\"description\" content=\"D\u00e1msky ORGANIC top Enna v sebe sp\u00e1ja eleganciu, v\u00fdrazn\u00fd dizajn a jemnos\u0165 prevedenia. U\u0161it\u00fd je z certifikovan\u00e9ho pr\u00edrodn\u00e9ho bavlnen\u00e9ho \u00fapletu.\" \/>\n<meta name=\"robots\" content=\"index, follow, max-snippet:-1, max-image-preview:large, max-video-preview:-1\" \/>\n<link rel=\"canonical\" href=\"https:\/\/www.ladime.sk\/zeny\/damske-topy\/organic-damsky-top-enna\/\" \/>\n<meta property=\"og:locale\" content=\"cs_CZ\" \/>\n<meta property=\"og:type\" content=\"article\" \/>\n<meta property=\"og:title\" content=\"D\u00e1msky ORGANIC top Enna - ladime.sk\" \/>\n<meta property=\"og:description\" content=\"D\u00e1msky ORGANIC top Enna v sebe sp\u00e1ja eleganciu, v\u00fdrazn\u00fd dizajn a jemnos\u0165 prevedenia. U\u0161it\u00fd je z certifikovan\u00e9ho pr\u00edrodn\u00e9ho bavlnen\u00e9ho \u00fapletu.\" \/>\n<meta property=\"og:url\" content=\"https:\/\/www.ladime.sk\/zeny\/damske-topy\/organic-damsky-top-enna\/\" \/>\n<meta property=\"og:site_name\" content=\"ladime.sk\" \/>\n<meta property=\"article:modified_time\" content=\"2025-11-28T19:15:34+00:00\" \/>\n<meta property=\"og:image\" content=\"https:\/\/www.ladime.sk\/wp-content\/uploads\/2023\/03\/ladime_zeny_top_oragnic_mintova_softshell_nohavice_moda_buducnosti-1.jpg\" \/>\n\t<meta property=\"og:image:width\" content=\"805\" \/>\n\t<meta property=\"og:image:height\" content=\"1006\" \/>\n\t<meta property=\"og:image:type\" content=\"image\/jpeg\" \/>\n<meta name=\"twitter:card\" content=\"summary_large_image\" \/>\n<meta name=\"twitter:label1\" content=\"Odhadovan\u00e1 doba \u010dten\u00ed\" \/>\n\t<meta name=\"twitter:data1\" content=\"1 minuta\" \/>\n<script type=\"application\/ld+json\" class=\"yoast-schema-graph\">{\"@context\":\"https:\\\/\\\/schema.org\",\"@graph\":[{\"@type\":\"WebPage\",\"@id\":\"https:\\\/\\\/www.ladime.sk\\\/zeny\\\/damske-topy\\\/organic-damsky-top-enna\\\/\",\"url\":\"https:\\\/\\\/www.ladime.sk\\\/zeny\\\/damske-topy\\\/organic-damsky-top-enna\\\/\",\"name\":\"D\u00e1msky ORGANIC top Enna - ladime.sk\",\"isPartOf\":{\"@id\":\"https:\\\/\\\/www.ladime.sk\\\/#website\"},\"primaryImageOfPage\":{\"@id\":\"https:\\\/\\\/www.ladime.sk\\\/zeny\\\/damske-topy\\\/organic-damsky-top-enna\\\/#primaryimage\"},\"image\":{\"@id\":\"https:\\\/\\\/www.ladime.sk\\\/zeny\\\/damske-topy\\\/organic-damsky-top-enna\\\/#primaryimage\"},\"thumbnailUrl\":\"https:\\\/\\\/www.ladime.sk\\\/wp-content\\\/uploads\\\/2023\\\/03\\\/ladime_zeny_top_oragnic_mintova_softshell_nohavice_moda_buducnosti-1.jpg\",\"datePublished\":\"2023-03-03T08:46:26+00:00\",\"dateModified\":\"2025-11-28T19:15:34+00:00\",\"description\":\"D\u00e1msky ORGANIC top Enna v sebe sp\u00e1ja eleganciu, v\u00fdrazn\u00fd dizajn a jemnos\u0165 prevedenia. U\u0161it\u00fd je z certifikovan\u00e9ho pr\u00edrodn\u00e9ho bavlnen\u00e9ho \u00fapletu.\",\"breadcrumb\":{\"@id\":\"https:\\\/\\\/www.ladime.sk\\\/zeny\\\/damske-topy\\\/organic-damsky-top-enna\\\/#breadcrumb\"},\"inLanguage\":\"cs\",\"potentialAction\":[{\"@type\":\"ReadAction\",\"target\":[\"https:\\\/\\\/www.ladime.sk\\\/zeny\\\/damske-topy\\\/organic-damsky-top-enna\\\/\"]}]},{\"@type\":\"ImageObject\",\"inLanguage\":\"cs\",\"@id\":\"https:\\\/\\\/www.ladime.sk\\\/zeny\\\/damske-topy\\\/organic-damsky-top-enna\\\/#primaryimage\",\"url\":\"https:\\\/\\\/www.ladime.sk\\\/wp-content\\\/uploads\\\/2023\\\/03\\\/ladime_zeny_top_oragnic_mintova_softshell_nohavice_moda_buducnosti-1.jpg\",\"contentUrl\":\"https:\\\/\\\/www.ladime.sk\\\/wp-content\\\/uploads\\\/2023\\\/03\\\/ladime_zeny_top_oragnic_mintova_softshell_nohavice_moda_buducnosti-1.jpg\",\"width\":805,\"height\":1006,\"caption\":\"D\u00e1msky ORGANIC top Enna\"},{\"@type\":\"BreadcrumbList\",\"@id\":\"https:\\\/\\\/www.ladime.sk\\\/zeny\\\/damske-topy\\\/organic-damsky-top-enna\\\/#breadcrumb\",\"itemListElement\":[{\"@type\":\"ListItem\",\"position\":1,\"name\":\"\u00davod\",\"item\":\"https:\\\/\\\/www.ladime.sk\\\/\"},{\"@type\":\"ListItem\",\"position\":2,\"name\":\"Obchod\",\"item\":\"https:\\\/\\\/www.ladime.sk\\\/cs\\\/shop-cs\\\/\"},{\"@type\":\"ListItem\",\"position\":3,\"name\":\"D\u00e1msky ORGANIC top Enna\"}]},{\"@type\":\"WebSite\",\"@id\":\"https:\\\/\\\/www.ladime.sk\\\/#website\",\"url\":\"https:\\\/\\\/www.ladime.sk\\\/\",\"name\":\"ladime.sk\",\"description\":\"Ke\u010f lad\u00edme so svetom, mysl\u00edme na bud\u00facnos\u0165.\",\"publisher\":{\"@id\":\"https:\\\/\\\/www.ladime.sk\\\/#organization\"},\"potentialAction\":[{\"@type\":\"SearchAction\",\"target\":{\"@type\":\"EntryPoint\",\"urlTemplate\":\"https:\\\/\\\/www.ladime.sk\\\/?s={search_term_string}\"},\"query-input\":{\"@type\":\"PropertyValueSpecification\",\"valueRequired\":true,\"valueName\":\"search_term_string\"}}],\"inLanguage\":\"cs\"},{\"@type\":\"Organization\",\"@id\":\"https:\\\/\\\/www.ladime.sk\\\/#organization\",\"name\":\"Lad\u00edme\",\"url\":\"https:\\\/\\\/www.ladime.sk\\\/\",\"logo\":{\"@type\":\"ImageObject\",\"inLanguage\":\"cs\",\"@id\":\"https:\\\/\\\/www.ladime.sk\\\/#\\\/schema\\\/logo\\\/image\\\/\",\"url\":\"https:\\\/\\\/www.ladime.sk\\\/wp-content\\\/uploads\\\/2021\\\/08\\\/logo_ladime.svg\",\"contentUrl\":\"https:\\\/\\\/www.ladime.sk\\\/wp-content\\\/uploads\\\/2021\\\/08\\\/logo_ladime.svg\",\"width\":366,\"height\":185,\"caption\":\"Lad\u00edme\"},\"image\":{\"@id\":\"https:\\\/\\\/www.ladime.sk\\\/#\\\/schema\\\/logo\\\/image\\\/\"}}]}<\/script>\n<!-- \/ Yoast SEO plugin. -->","yoast_head_json":{"title":"D\u00e1msky ORGANIC top Enna - ladime.sk","description":"D\u00e1msky ORGANIC top Enna v sebe sp\u00e1ja eleganciu, v\u00fdrazn\u00fd dizajn a jemnos\u0165 prevedenia. U\u0161it\u00fd je z certifikovan\u00e9ho pr\u00edrodn\u00e9ho bavlnen\u00e9ho \u00fapletu.","robots":{"index":"index","follow":"follow","max-snippet":"max-snippet:-1","max-image-preview":"max-image-preview:large","max-video-preview":"max-video-preview:-1"},"canonical":"https:\/\/www.ladime.sk\/zeny\/damske-topy\/organic-damsky-top-enna\/","og_locale":"cs_CZ","og_type":"article","og_title":"D\u00e1msky ORGANIC top Enna - ladime.sk","og_description":"D\u00e1msky ORGANIC top Enna v sebe sp\u00e1ja eleganciu, v\u00fdrazn\u00fd dizajn a jemnos\u0165 prevedenia. U\u0161it\u00fd je z certifikovan\u00e9ho pr\u00edrodn\u00e9ho bavlnen\u00e9ho \u00fapletu.","og_url":"https:\/\/www.ladime.sk\/zeny\/damske-topy\/organic-damsky-top-enna\/","og_site_name":"ladime.sk","article_modified_time":"2025-11-28T19:15:34+00:00","og_image":[{"width":805,"height":1006,"url":"https:\/\/www.ladime.sk\/wp-content\/uploads\/2023\/03\/ladime_zeny_top_oragnic_mintova_softshell_nohavice_moda_buducnosti-1.jpg","type":"image\/jpeg"}],"twitter_card":"summary_large_image","twitter_misc":{"Odhadovan\u00e1 doba \u010dten\u00ed":"1 minuta"},"schema":{"@context":"https:\/\/schema.org","@graph":[{"@type":"WebPage","@id":"https:\/\/www.ladime.sk\/zeny\/damske-topy\/organic-damsky-top-enna\/","url":"https:\/\/www.ladime.sk\/zeny\/damske-topy\/organic-damsky-top-enna\/","name":"D\u00e1msky ORGANIC top Enna - ladime.sk","isPartOf":{"@id":"https:\/\/www.ladime.sk\/#website"},"primaryImageOfPage":{"@id":"https:\/\/www.ladime.sk\/zeny\/damske-topy\/organic-damsky-top-enna\/#primaryimage"},"image":{"@id":"https:\/\/www.ladime.sk\/zeny\/damske-topy\/organic-damsky-top-enna\/#primaryimage"},"thumbnailUrl":"https:\/\/www.ladime.sk\/wp-content\/uploads\/2023\/03\/ladime_zeny_top_oragnic_mintova_softshell_nohavice_moda_buducnosti-1.jpg","datePublished":"2023-03-03T08:46:26+00:00","dateModified":"2025-11-28T19:15:34+00:00","description":"D\u00e1msky ORGANIC top Enna v sebe sp\u00e1ja eleganciu, v\u00fdrazn\u00fd dizajn a jemnos\u0165 prevedenia. U\u0161it\u00fd je z certifikovan\u00e9ho pr\u00edrodn\u00e9ho bavlnen\u00e9ho \u00fapletu.","breadcrumb":{"@id":"https:\/\/www.ladime.sk\/zeny\/damske-topy\/organic-damsky-top-enna\/#breadcrumb"},"inLanguage":"cs","potentialAction":[{"@type":"ReadAction","target":["https:\/\/www.ladime.sk\/zeny\/damske-topy\/organic-damsky-top-enna\/"]}]},{"@type":"ImageObject","inLanguage":"cs","@id":"https:\/\/www.ladime.sk\/zeny\/damske-topy\/organic-damsky-top-enna\/#primaryimage","url":"https:\/\/www.ladime.sk\/wp-content\/uploads\/2023\/03\/ladime_zeny_top_oragnic_mintova_softshell_nohavice_moda_buducnosti-1.jpg","contentUrl":"https:\/\/www.ladime.sk\/wp-content\/uploads\/2023\/03\/ladime_zeny_top_oragnic_mintova_softshell_nohavice_moda_buducnosti-1.jpg","width":805,"height":1006,"caption":"D\u00e1msky ORGANIC top Enna"},{"@type":"BreadcrumbList","@id":"https:\/\/www.ladime.sk\/zeny\/damske-topy\/organic-damsky-top-enna\/#breadcrumb","itemListElement":[{"@type":"ListItem","position":1,"name":"\u00davod","item":"https:\/\/www.ladime.sk\/"},{"@type":"ListItem","position":2,"name":"Obchod","item":"https:\/\/www.ladime.sk\/cs\/shop-cs\/"},{"@type":"ListItem","position":3,"name":"D\u00e1msky ORGANIC top Enna"}]},{"@type":"WebSite","@id":"https:\/\/www.ladime.sk\/#website","url":"https:\/\/www.ladime.sk\/","name":"ladime.sk","description":"Ke\u010f lad\u00edme so svetom, mysl\u00edme na bud\u00facnos\u0165.","publisher":{"@id":"https:\/\/www.ladime.sk\/#organization"},"potentialAction":[{"@type":"SearchAction","target":{"@type":"EntryPoint","urlTemplate":"https:\/\/www.ladime.sk\/?s={search_term_string}"},"query-input":{"@type":"PropertyValueSpecification","valueRequired":true,"valueName":"search_term_string"}}],"inLanguage":"cs"},{"@type":"Organization","@id":"https:\/\/www.ladime.sk\/#organization","name":"Lad\u00edme","url":"https:\/\/www.ladime.sk\/","logo":{"@type":"ImageObject","inLanguage":"cs","@id":"https:\/\/www.ladime.sk\/#\/schema\/logo\/image\/","url":"https:\/\/www.ladime.sk\/wp-content\/uploads\/2021\/08\/logo_ladime.svg","contentUrl":"https:\/\/www.ladime.sk\/wp-content\/uploads\/2021\/08\/logo_ladime.svg","width":366,"height":185,"caption":"Lad\u00edme"},"image":{"@id":"https:\/\/www.ladime.sk\/#\/schema\/logo\/image\/"}}]}},"_links":{"self":[{"href":"https:\/\/www.ladime.sk\/cs\/wp-json\/wp\/v2\/product\/5677062","targetHints":{"allow":["GET"]}}],"collection":[{"href":"https:\/\/www.ladime.sk\/cs\/wp-json\/wp\/v2\/product"}],"about":[{"href":"https:\/\/www.ladime.sk\/cs\/wp-json\/wp\/v2\/types\/product"}],"replies":[{"embeddable":true,"href":"https:\/\/www.ladime.sk\/cs\/wp-json\/wp\/v2\/comments?post=5677062"}],"version-history":[{"count":0,"href":"https:\/\/www.ladime.sk\/cs\/wp-json\/wp\/v2\/product\/5677062\/revisions"}],"wp:featuredmedia":[{"embeddable":true,"href":"https:\/\/www.ladime.sk\/cs\/wp-json\/wp\/v2\/media\/5677106"}],"wp:attachment":[{"href":"https:\/\/www.ladime.sk\/cs\/wp-json\/wp\/v2\/media?parent=5677062"}],"wp:term":[{"taxonomy":"product_brand","embeddable":true,"href":"https:\/\/www.ladime.sk\/cs\/wp-json\/wp\/v2\/product_brand?post=5677062"},{"taxonomy":"product_cat","embeddable":true,"href":"https:\/\/www.ladime.sk\/cs\/wp-json\/wp\/v2\/product_cat?post=5677062"},{"taxonomy":"product_tag","embeddable":true,"href":"https:\/\/www.ladime.sk\/cs\/wp-json\/wp\/v2\/product_tag?post=5677062"}],"curies":[{"name":"wp","href":"https:\/\/api.w.org\/{rel}","templated":true}]}}