{"id":5677060,"date":"2023-03-03T09:35:31","date_gmt":"2023-03-03T08:35:31","guid":{"rendered":"https:\/\/www.ladime.sk\/?post_type=product&#038;p=5677060"},"modified":"2026-01-12T12:46:22","modified_gmt":"2026-01-12T11:46:22","slug":"satenove-softshellove-tvarujuce-nohavice-liana","status":"publish","type":"product","link":"https:\/\/www.ladime.sk\/cs\/zeny\/damske-nohavice\/satenove-softshellove-tvarujuce-nohavice-liana\/","title":{"rendered":"D\u00e1mske softshellov\u00e9 tvaruj\u00face nohavice Liana"},"content":{"rendered":"<div class=\"kvgmc6g5 cxmmr5t8 oygrvhab hcukyx3x c1et5uql\">\n<div class=\"kvgmc6g5 cxmmr5t8 oygrvhab hcukyx3x c1et5uql\">\n<div class=\"kvgmc6g5 cxmmr5t8 oygrvhab hcukyx3x c1et5uql\">\n<h2>D\u00e1mske softshellov\u00e9 tvaruj\u00face nohavice Liana v\u00e1m prines\u00fa pocit luxusu<\/h2>\n<p>Elegancia a\u00a0jemnos\u0165 povrchu l\u00e1tky, ktor\u00e1 v\u00e1s bude rozmazn\u00e1va\u0165 na ka\u017edom kroku. T\u00fdm v\u0161etk\u00fdm si v\u00e1s z\u00edskaj\u00fa u\u017e od prv\u00e9ho oble\u010denia <strong>d\u00e1mske softshellov\u00e9 tvaruj\u00face nohavice Liana. <\/strong>M\u00f4\u017eete po nich siahnu\u0165 kedyko\u013evek sa vyberiete do mesta, na prech\u00e1dzku s\u00a0de\u0165mi, n\u00e1kupy alebo aj do pr\u00edrody. Aby ste si ich mohli vybra\u0165 vo svojej ob\u013e\u00fabenej farbe, k\u00a0dispoz\u00edcii s\u00fa hne\u010f v\u00a0nieko\u013ek\u00fdch odtie\u0148och.<\/p>\n<p><strong>D\u00e1mske softshellov\u00e9 tvaruj\u00face <a href=\"https:\/\/www.ladime.sk\/zeny\/damske-nohavice\/\" target=\"_blank\" rel=\"noopener\">nohavice<\/a><\/strong> s\u00fa u\u0161it\u00e9 zo &#8222;sat\u00e9nov\u00e9ho&#8220; softshellu, ktor\u00fd sa v\u00e1m prisp\u00f4sob\u00ed pri ka\u017edom pohybe a nebude v\u00e1s v ni\u010dom limitova\u0165. Pokojne sa v nich m\u00f4\u017eete zahra\u0165 s va\u0161imi de\u0165mi aj na nah\u00e1\u0148a\u010dku. Samozrejmos\u0165ou je vynikaj\u00faca kvalita l\u00e1tky, ktor\u00e1 m\u00e1 <strong>certifik\u00e1t\u00a0OEKO-TEX 100<\/strong>.<\/p>\n<div class=\"kvgmc6g5 cxmmr5t8 oygrvhab hcukyx3x c1et5uql\">\n<div class=\"kvgmc6g5 cxmmr5t8 oygrvhab hcukyx3x c1et5uql\">\n<ul>\n<li>Praktick\u00e9 a jednoduch\u00e9 obliekanie<\/li>\n<li>V p\u00e1se pru\u017en\u00e1 tvaruj\u00faca guma<\/li>\n<li>Ozdobn\u00e9 prvky na s\u00e1rach nohav\u00edc<\/li>\n<li>Bez zateplenia<\/li>\n<li>Vhodn\u00e9 na jese\u0148, jar, vlhk\u00e9 a upr\u0161an\u00e9 po\u010dasie na prech\u00e1dzku do mesta i do lesa<\/li>\n<li>Vodeodoln\u00e9, priedu\u0161n\u00e9, vetruodoln\u00e9<\/li>\n<\/ul>\n<\/div>\n<\/div>\n<div class=\"kvgmc6g5 cxmmr5t8 oygrvhab hcukyx3x c1et5uql\">\n<div class=\"kvgmc6g5 cxmmr5t8 oygrvhab hcukyx3x c1et5uql\">\n<p>Materi\u00e1l &#8211; d\u017eersejov\u00fd softshell:<\/p>\n<p>Vodeodolnos\u0165 6500 mm<br \/>\nPriedu\u0161nos\u0165 300 g\/m2\/24h<\/p>\n<p>Softshell sa sklad\u00e1 z troch vrstiev s membr\u00e1nou<\/p>\n<\/div>\n<\/div>\n<\/div>\n<div class=\"o9v6fnle cxmmr5t8 oygrvhab hcukyx3x c1et5uql\"><\/div>\n<div class=\"o9v6fnle cxmmr5t8 oygrvhab hcukyx3x c1et5uql\">Modelka mamina Mia m\u00e1 oble\u010den\u00fa ve\u013ekos\u0165 36. V\u00fd\u0161ka modelky: 163cm a miery: 93-70-95<\/div>\n<\/div>\n<\/div>\n","protected":false},"excerpt":{"rendered":"<div>\n<p>D\u00e1mske softshellov\u00e9 tvaruj\u00face nohavice Liana zo softshellu so sat\u00e9nov\u00fdm lookom. Za\u017eite vo\u013enos\u0165 pohybu v k\u00fasku, ktor\u00fd v\u00e1s z\u00e1rove\u0148 ochr\u00e1ni pred vetrom aj da\u017e\u010fom. Tieto nohavice si m\u00f4\u017eete vybra\u0165 v nieko\u013ek\u00fdch farb\u00e1ch presne pod\u013ea v\u00e1\u0161ho vkusu.<\/p>\n<\/div>\n<div><strong style=\"font-size: 16px;\">Popis materi\u00e1lu: <\/strong><span style=\"font-size: 16px;\">\u00a0softshell s membr\u00e1nou bez zateplenia<\/span><\/div>\n<div><strong style=\"font-size: 16px;\">Farba:<\/strong><span style=\"font-size: 16px;\">\u00a0p\u00fadrovo ru\u017eov\u00e1, biela, smotanovo &#8211; biela, \u010derven\u00e1, az\u00farov\u00e1 zelen\u00e1<\/span><\/div>\n<div><strong>Certifik\u00e1ty: <\/strong>OEKO-TEX 100<\/div>\n<div class=\"o9v6fnle cxmmr5t8 oygrvhab hcukyx3x c1et5uql\"><strong>Materi\u00e1lov\u00e9 zlo\u017eenie:<\/strong> 100% PES + TPU membr\u00e1na<\/div>\n<div><\/div>\n","protected":false},"featured_media":5677136,"comment_status":"closed","ping_status":"closed","template":"","meta":{"_acf_changed":false,"inline_featured_image":false},"product_brand":[],"product_cat":[88],"product_tag":[],"class_list":{"0":"post-5677060","1":"product","2":"type-product","3":"status-publish","4":"has-post-thumbnail","6":"product_cat-damske-nohavice","8":"first","9":"instock","10":"shipping-taxable","11":"purchasable","12":"product-type-variable","13":"wvs-archive-product-wrapper"},"acf":[],"yoast_head":"<!-- This site is optimized with the Yoast SEO plugin v27.4 - https:\/\/yoast.com\/product\/yoast-seo-wordpress\/ -->\n<title>D\u00e1mske softshellov\u00e9 tvaruj\u00face nohavice Liana - ladime.sk<\/title>\n<meta name=\"description\" content=\"D\u00e1mske softshellov\u00e9 tvaruj\u00face nohavice Liana z d\u017eersejov\u00e9ho softshellu so sat\u00e9nov\u00fdm lookom. V nieko\u013ek\u00fdch farb\u00e1ch presne pod\u013ea v\u00e1\u0161ho vkusu.\" \/>\n<meta name=\"robots\" content=\"index, follow, max-snippet:-1, max-image-preview:large, max-video-preview:-1\" \/>\n<link rel=\"canonical\" href=\"https:\/\/www.ladime.sk\/zeny\/damske-nohavice\/satenove-softshellove-tvarujuce-nohavice-liana\/\" \/>\n<meta property=\"og:locale\" content=\"cs_CZ\" \/>\n<meta property=\"og:type\" content=\"article\" \/>\n<meta property=\"og:title\" content=\"D\u00e1mske softshellov\u00e9 tvaruj\u00face nohavice Liana - ladime.sk\" \/>\n<meta property=\"og:description\" content=\"D\u00e1mske softshellov\u00e9 tvaruj\u00face nohavice Liana z d\u017eersejov\u00e9ho softshellu so sat\u00e9nov\u00fdm lookom. V nieko\u013ek\u00fdch farb\u00e1ch presne pod\u013ea v\u00e1\u0161ho vkusu.\" \/>\n<meta property=\"og:url\" content=\"https:\/\/www.ladime.sk\/zeny\/damske-nohavice\/satenove-softshellove-tvarujuce-nohavice-liana\/\" \/>\n<meta property=\"og:site_name\" content=\"ladime.sk\" \/>\n<meta property=\"article:modified_time\" content=\"2026-01-12T11:46:22+00:00\" \/>\n<meta property=\"og:image\" content=\"https:\/\/www.ladime.sk\/wp-content\/uploads\/2023\/03\/ladime_zeny_top_oragnic_biela_softshell_nohavice_cervena_moda_buducnosti_5.jpg\" \/>\n\t<meta property=\"og:image:width\" content=\"805\" \/>\n\t<meta property=\"og:image:height\" content=\"1006\" \/>\n\t<meta property=\"og:image:type\" content=\"image\/jpeg\" \/>\n<meta name=\"twitter:card\" content=\"summary_large_image\" \/>\n<meta name=\"twitter:label1\" content=\"Odhadovan\u00e1 doba \u010dten\u00ed\" \/>\n\t<meta name=\"twitter:data1\" content=\"2 minuty\" \/>\n<script type=\"application\/ld+json\" class=\"yoast-schema-graph\">{\"@context\":\"https:\\\/\\\/schema.org\",\"@graph\":[{\"@type\":\"WebPage\",\"@id\":\"https:\\\/\\\/www.ladime.sk\\\/zeny\\\/damske-nohavice\\\/satenove-softshellove-tvarujuce-nohavice-liana\\\/\",\"url\":\"https:\\\/\\\/www.ladime.sk\\\/zeny\\\/damske-nohavice\\\/satenove-softshellove-tvarujuce-nohavice-liana\\\/\",\"name\":\"D\u00e1mske softshellov\u00e9 tvaruj\u00face nohavice Liana - ladime.sk\",\"isPartOf\":{\"@id\":\"https:\\\/\\\/www.ladime.sk\\\/#website\"},\"primaryImageOfPage\":{\"@id\":\"https:\\\/\\\/www.ladime.sk\\\/zeny\\\/damske-nohavice\\\/satenove-softshellove-tvarujuce-nohavice-liana\\\/#primaryimage\"},\"image\":{\"@id\":\"https:\\\/\\\/www.ladime.sk\\\/zeny\\\/damske-nohavice\\\/satenove-softshellove-tvarujuce-nohavice-liana\\\/#primaryimage\"},\"thumbnailUrl\":\"https:\\\/\\\/www.ladime.sk\\\/wp-content\\\/uploads\\\/2023\\\/03\\\/ladime_zeny_top_oragnic_biela_softshell_nohavice_cervena_moda_buducnosti_5.jpg\",\"datePublished\":\"2023-03-03T08:35:31+00:00\",\"dateModified\":\"2026-01-12T11:46:22+00:00\",\"description\":\"D\u00e1mske softshellov\u00e9 tvaruj\u00face nohavice Liana z d\u017eersejov\u00e9ho softshellu so sat\u00e9nov\u00fdm lookom. V nieko\u013ek\u00fdch farb\u00e1ch presne pod\u013ea v\u00e1\u0161ho vkusu.\",\"breadcrumb\":{\"@id\":\"https:\\\/\\\/www.ladime.sk\\\/zeny\\\/damske-nohavice\\\/satenove-softshellove-tvarujuce-nohavice-liana\\\/#breadcrumb\"},\"inLanguage\":\"cs\",\"potentialAction\":[{\"@type\":\"ReadAction\",\"target\":[\"https:\\\/\\\/www.ladime.sk\\\/zeny\\\/damske-nohavice\\\/satenove-softshellove-tvarujuce-nohavice-liana\\\/\"]}]},{\"@type\":\"ImageObject\",\"inLanguage\":\"cs\",\"@id\":\"https:\\\/\\\/www.ladime.sk\\\/zeny\\\/damske-nohavice\\\/satenove-softshellove-tvarujuce-nohavice-liana\\\/#primaryimage\",\"url\":\"https:\\\/\\\/www.ladime.sk\\\/wp-content\\\/uploads\\\/2023\\\/03\\\/ladime_zeny_top_oragnic_biela_softshell_nohavice_cervena_moda_buducnosti_5.jpg\",\"contentUrl\":\"https:\\\/\\\/www.ladime.sk\\\/wp-content\\\/uploads\\\/2023\\\/03\\\/ladime_zeny_top_oragnic_biela_softshell_nohavice_cervena_moda_buducnosti_5.jpg\",\"width\":805,\"height\":1006,\"caption\":\"D\u00e1mske softshellov\u00e9 tvaruj\u00face nohavice Liana\"},{\"@type\":\"BreadcrumbList\",\"@id\":\"https:\\\/\\\/www.ladime.sk\\\/zeny\\\/damske-nohavice\\\/satenove-softshellove-tvarujuce-nohavice-liana\\\/#breadcrumb\",\"itemListElement\":[{\"@type\":\"ListItem\",\"position\":1,\"name\":\"\u00davod\",\"item\":\"https:\\\/\\\/www.ladime.sk\\\/\"},{\"@type\":\"ListItem\",\"position\":2,\"name\":\"Obchod\",\"item\":\"https:\\\/\\\/www.ladime.sk\\\/cs\\\/shop-cs\\\/\"},{\"@type\":\"ListItem\",\"position\":3,\"name\":\"D\u00e1mske softshellov\u00e9 tvaruj\u00face nohavice Liana\"}]},{\"@type\":\"WebSite\",\"@id\":\"https:\\\/\\\/www.ladime.sk\\\/#website\",\"url\":\"https:\\\/\\\/www.ladime.sk\\\/\",\"name\":\"ladime.sk\",\"description\":\"Ke\u010f lad\u00edme so svetom, mysl\u00edme na bud\u00facnos\u0165.\",\"publisher\":{\"@id\":\"https:\\\/\\\/www.ladime.sk\\\/#organization\"},\"potentialAction\":[{\"@type\":\"SearchAction\",\"target\":{\"@type\":\"EntryPoint\",\"urlTemplate\":\"https:\\\/\\\/www.ladime.sk\\\/?s={search_term_string}\"},\"query-input\":{\"@type\":\"PropertyValueSpecification\",\"valueRequired\":true,\"valueName\":\"search_term_string\"}}],\"inLanguage\":\"cs\"},{\"@type\":\"Organization\",\"@id\":\"https:\\\/\\\/www.ladime.sk\\\/#organization\",\"name\":\"Lad\u00edme\",\"url\":\"https:\\\/\\\/www.ladime.sk\\\/\",\"logo\":{\"@type\":\"ImageObject\",\"inLanguage\":\"cs\",\"@id\":\"https:\\\/\\\/www.ladime.sk\\\/#\\\/schema\\\/logo\\\/image\\\/\",\"url\":\"https:\\\/\\\/www.ladime.sk\\\/wp-content\\\/uploads\\\/2021\\\/08\\\/logo_ladime.svg\",\"contentUrl\":\"https:\\\/\\\/www.ladime.sk\\\/wp-content\\\/uploads\\\/2021\\\/08\\\/logo_ladime.svg\",\"width\":366,\"height\":185,\"caption\":\"Lad\u00edme\"},\"image\":{\"@id\":\"https:\\\/\\\/www.ladime.sk\\\/#\\\/schema\\\/logo\\\/image\\\/\"}}]}<\/script>\n<!-- \/ Yoast SEO plugin. -->","yoast_head_json":{"title":"D\u00e1mske softshellov\u00e9 tvaruj\u00face nohavice Liana - ladime.sk","description":"D\u00e1mske softshellov\u00e9 tvaruj\u00face nohavice Liana z d\u017eersejov\u00e9ho softshellu so sat\u00e9nov\u00fdm lookom. V nieko\u013ek\u00fdch farb\u00e1ch presne pod\u013ea v\u00e1\u0161ho vkusu.","robots":{"index":"index","follow":"follow","max-snippet":"max-snippet:-1","max-image-preview":"max-image-preview:large","max-video-preview":"max-video-preview:-1"},"canonical":"https:\/\/www.ladime.sk\/zeny\/damske-nohavice\/satenove-softshellove-tvarujuce-nohavice-liana\/","og_locale":"cs_CZ","og_type":"article","og_title":"D\u00e1mske softshellov\u00e9 tvaruj\u00face nohavice Liana - ladime.sk","og_description":"D\u00e1mske softshellov\u00e9 tvaruj\u00face nohavice Liana z d\u017eersejov\u00e9ho softshellu so sat\u00e9nov\u00fdm lookom. V nieko\u013ek\u00fdch farb\u00e1ch presne pod\u013ea v\u00e1\u0161ho vkusu.","og_url":"https:\/\/www.ladime.sk\/zeny\/damske-nohavice\/satenove-softshellove-tvarujuce-nohavice-liana\/","og_site_name":"ladime.sk","article_modified_time":"2026-01-12T11:46:22+00:00","og_image":[{"width":805,"height":1006,"url":"https:\/\/www.ladime.sk\/wp-content\/uploads\/2023\/03\/ladime_zeny_top_oragnic_biela_softshell_nohavice_cervena_moda_buducnosti_5.jpg","type":"image\/jpeg"}],"twitter_card":"summary_large_image","twitter_misc":{"Odhadovan\u00e1 doba \u010dten\u00ed":"2 minuty"},"schema":{"@context":"https:\/\/schema.org","@graph":[{"@type":"WebPage","@id":"https:\/\/www.ladime.sk\/zeny\/damske-nohavice\/satenove-softshellove-tvarujuce-nohavice-liana\/","url":"https:\/\/www.ladime.sk\/zeny\/damske-nohavice\/satenove-softshellove-tvarujuce-nohavice-liana\/","name":"D\u00e1mske softshellov\u00e9 tvaruj\u00face nohavice Liana - ladime.sk","isPartOf":{"@id":"https:\/\/www.ladime.sk\/#website"},"primaryImageOfPage":{"@id":"https:\/\/www.ladime.sk\/zeny\/damske-nohavice\/satenove-softshellove-tvarujuce-nohavice-liana\/#primaryimage"},"image":{"@id":"https:\/\/www.ladime.sk\/zeny\/damske-nohavice\/satenove-softshellove-tvarujuce-nohavice-liana\/#primaryimage"},"thumbnailUrl":"https:\/\/www.ladime.sk\/wp-content\/uploads\/2023\/03\/ladime_zeny_top_oragnic_biela_softshell_nohavice_cervena_moda_buducnosti_5.jpg","datePublished":"2023-03-03T08:35:31+00:00","dateModified":"2026-01-12T11:46:22+00:00","description":"D\u00e1mske softshellov\u00e9 tvaruj\u00face nohavice Liana z d\u017eersejov\u00e9ho softshellu so sat\u00e9nov\u00fdm lookom. V nieko\u013ek\u00fdch farb\u00e1ch presne pod\u013ea v\u00e1\u0161ho vkusu.","breadcrumb":{"@id":"https:\/\/www.ladime.sk\/zeny\/damske-nohavice\/satenove-softshellove-tvarujuce-nohavice-liana\/#breadcrumb"},"inLanguage":"cs","potentialAction":[{"@type":"ReadAction","target":["https:\/\/www.ladime.sk\/zeny\/damske-nohavice\/satenove-softshellove-tvarujuce-nohavice-liana\/"]}]},{"@type":"ImageObject","inLanguage":"cs","@id":"https:\/\/www.ladime.sk\/zeny\/damske-nohavice\/satenove-softshellove-tvarujuce-nohavice-liana\/#primaryimage","url":"https:\/\/www.ladime.sk\/wp-content\/uploads\/2023\/03\/ladime_zeny_top_oragnic_biela_softshell_nohavice_cervena_moda_buducnosti_5.jpg","contentUrl":"https:\/\/www.ladime.sk\/wp-content\/uploads\/2023\/03\/ladime_zeny_top_oragnic_biela_softshell_nohavice_cervena_moda_buducnosti_5.jpg","width":805,"height":1006,"caption":"D\u00e1mske softshellov\u00e9 tvaruj\u00face nohavice Liana"},{"@type":"BreadcrumbList","@id":"https:\/\/www.ladime.sk\/zeny\/damske-nohavice\/satenove-softshellove-tvarujuce-nohavice-liana\/#breadcrumb","itemListElement":[{"@type":"ListItem","position":1,"name":"\u00davod","item":"https:\/\/www.ladime.sk\/"},{"@type":"ListItem","position":2,"name":"Obchod","item":"https:\/\/www.ladime.sk\/cs\/shop-cs\/"},{"@type":"ListItem","position":3,"name":"D\u00e1mske softshellov\u00e9 tvaruj\u00face nohavice Liana"}]},{"@type":"WebSite","@id":"https:\/\/www.ladime.sk\/#website","url":"https:\/\/www.ladime.sk\/","name":"ladime.sk","description":"Ke\u010f lad\u00edme so svetom, mysl\u00edme na bud\u00facnos\u0165.","publisher":{"@id":"https:\/\/www.ladime.sk\/#organization"},"potentialAction":[{"@type":"SearchAction","target":{"@type":"EntryPoint","urlTemplate":"https:\/\/www.ladime.sk\/?s={search_term_string}"},"query-input":{"@type":"PropertyValueSpecification","valueRequired":true,"valueName":"search_term_string"}}],"inLanguage":"cs"},{"@type":"Organization","@id":"https:\/\/www.ladime.sk\/#organization","name":"Lad\u00edme","url":"https:\/\/www.ladime.sk\/","logo":{"@type":"ImageObject","inLanguage":"cs","@id":"https:\/\/www.ladime.sk\/#\/schema\/logo\/image\/","url":"https:\/\/www.ladime.sk\/wp-content\/uploads\/2021\/08\/logo_ladime.svg","contentUrl":"https:\/\/www.ladime.sk\/wp-content\/uploads\/2021\/08\/logo_ladime.svg","width":366,"height":185,"caption":"Lad\u00edme"},"image":{"@id":"https:\/\/www.ladime.sk\/#\/schema\/logo\/image\/"}}]}},"_links":{"self":[{"href":"https:\/\/www.ladime.sk\/cs\/wp-json\/wp\/v2\/product\/5677060","targetHints":{"allow":["GET"]}}],"collection":[{"href":"https:\/\/www.ladime.sk\/cs\/wp-json\/wp\/v2\/product"}],"about":[{"href":"https:\/\/www.ladime.sk\/cs\/wp-json\/wp\/v2\/types\/product"}],"replies":[{"embeddable":true,"href":"https:\/\/www.ladime.sk\/cs\/wp-json\/wp\/v2\/comments?post=5677060"}],"version-history":[{"count":0,"href":"https:\/\/www.ladime.sk\/cs\/wp-json\/wp\/v2\/product\/5677060\/revisions"}],"wp:featuredmedia":[{"embeddable":true,"href":"https:\/\/www.ladime.sk\/cs\/wp-json\/wp\/v2\/media\/5677136"}],"wp:attachment":[{"href":"https:\/\/www.ladime.sk\/cs\/wp-json\/wp\/v2\/media?parent=5677060"}],"wp:term":[{"taxonomy":"product_brand","embeddable":true,"href":"https:\/\/www.ladime.sk\/cs\/wp-json\/wp\/v2\/product_brand?post=5677060"},{"taxonomy":"product_cat","embeddable":true,"href":"https:\/\/www.ladime.sk\/cs\/wp-json\/wp\/v2\/product_cat?post=5677060"},{"taxonomy":"product_tag","embeddable":true,"href":"https:\/\/www.ladime.sk\/cs\/wp-json\/wp\/v2\/product_tag?post=5677060"}],"curies":[{"name":"wp","href":"https:\/\/api.w.org\/{rel}","templated":true}]}}