{"id":5677058,"date":"2023-03-01T14:08:04","date_gmt":"2023-03-01T13:08:04","guid":{"rendered":"https:\/\/www.ladime.sk\/?post_type=product&#038;p=5677058"},"modified":"2026-01-12T12:59:39","modified_gmt":"2026-01-12T11:59:39","slug":"satenove-softshellove-tvarujuce-nohavice-mystic","status":"publish","type":"product","link":"https:\/\/www.ladime.sk\/cs\/zeny\/damske-nohavice\/satenove-softshellove-tvarujuce-nohavice-mystic\/","title":{"rendered":"D\u00e1mske softshellov\u00e9 tvaruj\u00face nohavice Mystic"},"content":{"rendered":"<div class=\"kvgmc6g5 cxmmr5t8 oygrvhab hcukyx3x c1et5uql\">\n<div class=\"kvgmc6g5 cxmmr5t8 oygrvhab hcukyx3x c1et5uql\">\n<div class=\"kvgmc6g5 cxmmr5t8 oygrvhab hcukyx3x c1et5uql\">\n<h2>Neuverite\u013ene pohodln\u00e9 d\u00e1mske softshellov\u00e9 tvaruj\u00face nohavice Mystic<\/h2>\n<p>H\u013ead\u00e1te nohavice, v\u00a0ktor\u00fdch sa budete c\u00edti\u0165 komfortne a\u00a0z\u00e1rove\u0148 v\u00a0nich budete v\u00fdborne vyzera\u0165? Potom s\u00fa <strong>d\u00e1mske softshellov\u00e9 tvaruj\u00face nohavice Mystic<\/strong> so \u0161irok\u00fdm p\u00e1som pre v\u00e1s to prav\u00e9. <strong><a href=\"https:\/\/www.ladime.sk\/\" target=\"_blank\" rel=\"noopener\">U\u0161it\u00e9 ru\u010dne<\/a><\/strong> v\u00a0mestskom \u0161t\u00fdle, ktor\u00fd z\u00e1rove\u0148 d\u00fdcha eleganciou, jedine\u010dn\u00fdm sp\u00f4sobom nech\u00e1vaj\u00fa vynikn\u00fa\u0165 \u017eensk\u00e9 krivky.<\/p>\n<p>D\u017eersejov\u00fd softshell, z\u00a0ktor\u00e9ho s\u00fa u\u0161it\u00e9, prekvap\u00ed jemnos\u0165ou, priedu\u0161nos\u0165ou a\u00a0navy\u0161e je nepremokav\u00fd. Ochr\u00e1ni v\u00e1s aj pred chladn\u00fdm jesenn\u00fdm alebo jarn\u00fdm vetrom. Tieto <strong><a href=\"https:\/\/www.ladime.sk\/zeny\/damske-nohavice\/\" target=\"_blank\" rel=\"noopener\">d\u00e1mske tvaruj\u00face nohavice<\/a><\/strong> si m\u00f4\u017eete da\u0165 na seba pri r\u00f4znych pr\u00edle\u017eitostiach. U\u017e viete, kam sa v\u00a0nich vyberiete? Bude to na prech\u00e1dzku so psom alebo na v\u00fdlet do pr\u00edrody?<\/p>\n<div class=\"kvgmc6g5 cxmmr5t8 oygrvhab hcukyx3x c1et5uql\">\n<div class=\"kvgmc6g5 cxmmr5t8 oygrvhab hcukyx3x c1et5uql\">\n<ul>\n<li>Praktick\u00e9 a jednoduch\u00e9 obliekanie<\/li>\n<li>V p\u00e1se pru\u017en\u00e1 tvaruj\u00faca guma<\/li>\n<li>Ozdobn\u00e9 prvky na s\u00e1rach nohav\u00edc<\/li>\n<li>Bez zateplenia<\/li>\n<li>Vhodn\u00e9 na jese\u0148, jar, vlhk\u00e9 a upr\u0161an\u00e9 po\u010dasie na prech\u00e1dzku do mesta i do lesa<\/li>\n<li>Vodeodoln\u00e9, priedu\u0161n\u00e9, vetruodoln\u00e9<\/li>\n<\/ul>\n<\/div>\n<\/div>\n<div class=\"kvgmc6g5 cxmmr5t8 oygrvhab hcukyx3x c1et5uql\">\n<div class=\"kvgmc6g5 cxmmr5t8 oygrvhab hcukyx3x c1et5uql\">\n<p>Materi\u00e1l &#8211; d\u017eersejov\u00fd softshell:<\/p>\n<p>Vodeodolnos\u0165 6500 mm<br \/>\nPriedu\u0161nos\u0165 300 g\/m2\/24h<\/p>\n<p>Softshell sa sklad\u00e1 z troch vrstiev s membr\u00e1nou<\/p>\n<\/div>\n<\/div>\n<\/div>\n<div class=\"o9v6fnle cxmmr5t8 oygrvhab hcukyx3x c1et5uql\"><\/div>\n<div class=\"o9v6fnle cxmmr5t8 oygrvhab hcukyx3x c1et5uql\">Modelka mamina Mia m\u00e1 oble\u010den\u00fa ve\u013ekos\u0165 36. V\u00fd\u0161ka modelky: 163cm a miery: 93-70-95<\/div>\n<\/div>\n<\/div>\n","protected":false},"excerpt":{"rendered":"<div>\n<p>Doprajte si pohodlie na prech\u00e1dzke v\u00a0meste aj v\u00a0pr\u00edrode. D\u00e1mske softshellov\u00e9 tvaruj\u00face nohavice Mystic s\u00fa u\u0161it\u00e9 z\u00a0jemn\u00e9ho d\u017eersejov\u00e9ho softshellu so sat\u00e9nov\u00fdm lookom, ktor\u00fd im dod\u00e1va v\u00fdnimo\u010dn\u00fd vzh\u013ead. \u0160irok\u00fd p\u00e1s dokonale vytvaruje va\u0161u postavu a\u00a0dovol\u00ed vynikn\u00fa\u0165 va\u0161ej prirodzenej kr\u00e1se.<\/p>\n<\/div>\n<div><strong style=\"font-size: 16px;\">Popis materi\u00e1lu: <\/strong><span style=\"font-size: 16px;\">\u00a0d\u017eersejov\u00fd softshell s membr\u00e1nou bez zateplenia<\/span><\/div>\n<div><strong style=\"font-size: 16px;\">Farba: <\/strong><span style=\"font-size: 16px;\">smotanovo biela, p\u00fadrovo ru\u017eov\u00e1, biela, smotanovo &#8211; biela, \u010derven\u00e1, az\u00farov\u00e1 zelen\u00e1<\/span><\/div>\n<div><strong>Certifik\u00e1ty: <\/strong>OEKO-TEX 100<\/div>\n<div class=\"o9v6fnle cxmmr5t8 oygrvhab hcukyx3x c1et5uql\"><strong>Materi\u00e1lov\u00e9 zlo\u017eenie:<\/strong> 100% PES + TPU membr\u00e1na<\/div>\n<div><\/div>\n","protected":false},"featured_media":5677086,"comment_status":"closed","ping_status":"closed","template":"","meta":{"_acf_changed":false,"inline_featured_image":false},"product_brand":[],"product_cat":[88],"product_tag":[],"class_list":{"0":"post-5677058","1":"product","2":"type-product","3":"status-publish","4":"has-post-thumbnail","6":"product_cat-damske-nohavice","8":"first","9":"instock","10":"shipping-taxable","11":"purchasable","12":"product-type-variable","13":"wvs-archive-product-wrapper"},"acf":[],"yoast_head":"<!-- This site is optimized with the Yoast SEO plugin v27.5 - https:\/\/yoast.com\/product\/yoast-seo-wordpress\/ -->\n<title>D\u00e1mske softshellov\u00e9 tvaruj\u00face nohavice Mystic - ladime.sk<\/title>\n<meta name=\"description\" content=\"Handmade d\u00e1mske softshellov\u00e9 tvaruj\u00face nohavice Mystic s\u00fa u\u0161it\u00e9 z jemn\u00e9ho d\u017eersejov\u00e9ho softshellu so sat\u00e9nov\u00fdm lookom pre v\u00fdnimo\u010dn\u00fd vzh\u013ead.\" \/>\n<meta name=\"robots\" content=\"index, follow, max-snippet:-1, max-image-preview:large, max-video-preview:-1\" \/>\n<link rel=\"canonical\" href=\"https:\/\/www.ladime.sk\/zeny\/damske-nohavice\/satenove-softshellove-tvarujuce-nohavice-mystic\/\" \/>\n<meta property=\"og:locale\" content=\"cs_CZ\" \/>\n<meta property=\"og:type\" content=\"article\" \/>\n<meta property=\"og:title\" content=\"D\u00e1mske softshellov\u00e9 tvaruj\u00face nohavice Mystic - ladime.sk\" \/>\n<meta property=\"og:description\" content=\"Handmade d\u00e1mske softshellov\u00e9 tvaruj\u00face nohavice Mystic s\u00fa u\u0161it\u00e9 z jemn\u00e9ho d\u017eersejov\u00e9ho softshellu so sat\u00e9nov\u00fdm lookom pre v\u00fdnimo\u010dn\u00fd vzh\u013ead.\" \/>\n<meta property=\"og:url\" content=\"https:\/\/www.ladime.sk\/zeny\/damske-nohavice\/satenove-softshellove-tvarujuce-nohavice-mystic\/\" \/>\n<meta property=\"og:site_name\" content=\"ladime.sk\" \/>\n<meta property=\"article:modified_time\" content=\"2026-01-12T11:59:39+00:00\" \/>\n<meta property=\"og:image\" content=\"https:\/\/www.ladime.sk\/wp-content\/uploads\/2023\/03\/ladime_zeny_mintova_softshell_nohavice_moda_buducnosti.jpg\" \/>\n\t<meta property=\"og:image:width\" content=\"805\" \/>\n\t<meta property=\"og:image:height\" content=\"1006\" \/>\n\t<meta property=\"og:image:type\" content=\"image\/jpeg\" \/>\n<meta name=\"twitter:card\" content=\"summary_large_image\" \/>\n<meta name=\"twitter:label1\" content=\"Odhadovan\u00e1 doba \u010dten\u00ed\" \/>\n\t<meta name=\"twitter:data1\" content=\"2 minuty\" \/>\n<script type=\"application\/ld+json\" class=\"yoast-schema-graph\">{\"@context\":\"https:\\\/\\\/schema.org\",\"@graph\":[{\"@type\":\"WebPage\",\"@id\":\"https:\\\/\\\/www.ladime.sk\\\/zeny\\\/damske-nohavice\\\/satenove-softshellove-tvarujuce-nohavice-mystic\\\/\",\"url\":\"https:\\\/\\\/www.ladime.sk\\\/zeny\\\/damske-nohavice\\\/satenove-softshellove-tvarujuce-nohavice-mystic\\\/\",\"name\":\"D\u00e1mske softshellov\u00e9 tvaruj\u00face nohavice Mystic - ladime.sk\",\"isPartOf\":{\"@id\":\"https:\\\/\\\/www.ladime.sk\\\/#website\"},\"primaryImageOfPage\":{\"@id\":\"https:\\\/\\\/www.ladime.sk\\\/zeny\\\/damske-nohavice\\\/satenove-softshellove-tvarujuce-nohavice-mystic\\\/#primaryimage\"},\"image\":{\"@id\":\"https:\\\/\\\/www.ladime.sk\\\/zeny\\\/damske-nohavice\\\/satenove-softshellove-tvarujuce-nohavice-mystic\\\/#primaryimage\"},\"thumbnailUrl\":\"https:\\\/\\\/www.ladime.sk\\\/wp-content\\\/uploads\\\/2023\\\/03\\\/ladime_zeny_mintova_softshell_nohavice_moda_buducnosti.jpg\",\"datePublished\":\"2023-03-01T13:08:04+00:00\",\"dateModified\":\"2026-01-12T11:59:39+00:00\",\"description\":\"Handmade d\u00e1mske softshellov\u00e9 tvaruj\u00face nohavice Mystic s\u00fa u\u0161it\u00e9 z jemn\u00e9ho d\u017eersejov\u00e9ho softshellu so sat\u00e9nov\u00fdm lookom pre v\u00fdnimo\u010dn\u00fd vzh\u013ead.\",\"breadcrumb\":{\"@id\":\"https:\\\/\\\/www.ladime.sk\\\/zeny\\\/damske-nohavice\\\/satenove-softshellove-tvarujuce-nohavice-mystic\\\/#breadcrumb\"},\"inLanguage\":\"cs\",\"potentialAction\":[{\"@type\":\"ReadAction\",\"target\":[\"https:\\\/\\\/www.ladime.sk\\\/zeny\\\/damske-nohavice\\\/satenove-softshellove-tvarujuce-nohavice-mystic\\\/\"]}]},{\"@type\":\"ImageObject\",\"inLanguage\":\"cs\",\"@id\":\"https:\\\/\\\/www.ladime.sk\\\/zeny\\\/damske-nohavice\\\/satenove-softshellove-tvarujuce-nohavice-mystic\\\/#primaryimage\",\"url\":\"https:\\\/\\\/www.ladime.sk\\\/wp-content\\\/uploads\\\/2023\\\/03\\\/ladime_zeny_mintova_softshell_nohavice_moda_buducnosti.jpg\",\"contentUrl\":\"https:\\\/\\\/www.ladime.sk\\\/wp-content\\\/uploads\\\/2023\\\/03\\\/ladime_zeny_mintova_softshell_nohavice_moda_buducnosti.jpg\",\"width\":805,\"height\":1006,\"caption\":\"D\u00e1mske softshellov\u00e9 tvaruj\u00face nohavice Mystic\"},{\"@type\":\"BreadcrumbList\",\"@id\":\"https:\\\/\\\/www.ladime.sk\\\/zeny\\\/damske-nohavice\\\/satenove-softshellove-tvarujuce-nohavice-mystic\\\/#breadcrumb\",\"itemListElement\":[{\"@type\":\"ListItem\",\"position\":1,\"name\":\"\u00davod\",\"item\":\"https:\\\/\\\/www.ladime.sk\\\/\"},{\"@type\":\"ListItem\",\"position\":2,\"name\":\"Obchod\",\"item\":\"https:\\\/\\\/www.ladime.sk\\\/cs\\\/shop-cs\\\/\"},{\"@type\":\"ListItem\",\"position\":3,\"name\":\"D\u00e1mske softshellov\u00e9 tvaruj\u00face nohavice Mystic\"}]},{\"@type\":\"WebSite\",\"@id\":\"https:\\\/\\\/www.ladime.sk\\\/#website\",\"url\":\"https:\\\/\\\/www.ladime.sk\\\/\",\"name\":\"ladime.sk\",\"description\":\"Ke\u010f lad\u00edme so svetom, mysl\u00edme na bud\u00facnos\u0165.\",\"publisher\":{\"@id\":\"https:\\\/\\\/www.ladime.sk\\\/#organization\"},\"potentialAction\":[{\"@type\":\"SearchAction\",\"target\":{\"@type\":\"EntryPoint\",\"urlTemplate\":\"https:\\\/\\\/www.ladime.sk\\\/?s={search_term_string}\"},\"query-input\":{\"@type\":\"PropertyValueSpecification\",\"valueRequired\":true,\"valueName\":\"search_term_string\"}}],\"inLanguage\":\"cs\"},{\"@type\":\"Organization\",\"@id\":\"https:\\\/\\\/www.ladime.sk\\\/#organization\",\"name\":\"Lad\u00edme\",\"url\":\"https:\\\/\\\/www.ladime.sk\\\/\",\"logo\":{\"@type\":\"ImageObject\",\"inLanguage\":\"cs\",\"@id\":\"https:\\\/\\\/www.ladime.sk\\\/#\\\/schema\\\/logo\\\/image\\\/\",\"url\":\"https:\\\/\\\/www.ladime.sk\\\/wp-content\\\/uploads\\\/2021\\\/08\\\/logo_ladime.svg\",\"contentUrl\":\"https:\\\/\\\/www.ladime.sk\\\/wp-content\\\/uploads\\\/2021\\\/08\\\/logo_ladime.svg\",\"width\":366,\"height\":185,\"caption\":\"Lad\u00edme\"},\"image\":{\"@id\":\"https:\\\/\\\/www.ladime.sk\\\/#\\\/schema\\\/logo\\\/image\\\/\"}}]}<\/script>\n<!-- \/ Yoast SEO plugin. -->","yoast_head_json":{"title":"D\u00e1mske softshellov\u00e9 tvaruj\u00face nohavice Mystic - ladime.sk","description":"Handmade d\u00e1mske softshellov\u00e9 tvaruj\u00face nohavice Mystic s\u00fa u\u0161it\u00e9 z jemn\u00e9ho d\u017eersejov\u00e9ho softshellu so sat\u00e9nov\u00fdm lookom pre v\u00fdnimo\u010dn\u00fd vzh\u013ead.","robots":{"index":"index","follow":"follow","max-snippet":"max-snippet:-1","max-image-preview":"max-image-preview:large","max-video-preview":"max-video-preview:-1"},"canonical":"https:\/\/www.ladime.sk\/zeny\/damske-nohavice\/satenove-softshellove-tvarujuce-nohavice-mystic\/","og_locale":"cs_CZ","og_type":"article","og_title":"D\u00e1mske softshellov\u00e9 tvaruj\u00face nohavice Mystic - ladime.sk","og_description":"Handmade d\u00e1mske softshellov\u00e9 tvaruj\u00face nohavice Mystic s\u00fa u\u0161it\u00e9 z jemn\u00e9ho d\u017eersejov\u00e9ho softshellu so sat\u00e9nov\u00fdm lookom pre v\u00fdnimo\u010dn\u00fd vzh\u013ead.","og_url":"https:\/\/www.ladime.sk\/zeny\/damske-nohavice\/satenove-softshellove-tvarujuce-nohavice-mystic\/","og_site_name":"ladime.sk","article_modified_time":"2026-01-12T11:59:39+00:00","og_image":[{"width":805,"height":1006,"url":"https:\/\/www.ladime.sk\/wp-content\/uploads\/2023\/03\/ladime_zeny_mintova_softshell_nohavice_moda_buducnosti.jpg","type":"image\/jpeg"}],"twitter_card":"summary_large_image","twitter_misc":{"Odhadovan\u00e1 doba \u010dten\u00ed":"2 minuty"},"schema":{"@context":"https:\/\/schema.org","@graph":[{"@type":"WebPage","@id":"https:\/\/www.ladime.sk\/zeny\/damske-nohavice\/satenove-softshellove-tvarujuce-nohavice-mystic\/","url":"https:\/\/www.ladime.sk\/zeny\/damske-nohavice\/satenove-softshellove-tvarujuce-nohavice-mystic\/","name":"D\u00e1mske softshellov\u00e9 tvaruj\u00face nohavice Mystic - ladime.sk","isPartOf":{"@id":"https:\/\/www.ladime.sk\/#website"},"primaryImageOfPage":{"@id":"https:\/\/www.ladime.sk\/zeny\/damske-nohavice\/satenove-softshellove-tvarujuce-nohavice-mystic\/#primaryimage"},"image":{"@id":"https:\/\/www.ladime.sk\/zeny\/damske-nohavice\/satenove-softshellove-tvarujuce-nohavice-mystic\/#primaryimage"},"thumbnailUrl":"https:\/\/www.ladime.sk\/wp-content\/uploads\/2023\/03\/ladime_zeny_mintova_softshell_nohavice_moda_buducnosti.jpg","datePublished":"2023-03-01T13:08:04+00:00","dateModified":"2026-01-12T11:59:39+00:00","description":"Handmade d\u00e1mske softshellov\u00e9 tvaruj\u00face nohavice Mystic s\u00fa u\u0161it\u00e9 z jemn\u00e9ho d\u017eersejov\u00e9ho softshellu so sat\u00e9nov\u00fdm lookom pre v\u00fdnimo\u010dn\u00fd vzh\u013ead.","breadcrumb":{"@id":"https:\/\/www.ladime.sk\/zeny\/damske-nohavice\/satenove-softshellove-tvarujuce-nohavice-mystic\/#breadcrumb"},"inLanguage":"cs","potentialAction":[{"@type":"ReadAction","target":["https:\/\/www.ladime.sk\/zeny\/damske-nohavice\/satenove-softshellove-tvarujuce-nohavice-mystic\/"]}]},{"@type":"ImageObject","inLanguage":"cs","@id":"https:\/\/www.ladime.sk\/zeny\/damske-nohavice\/satenove-softshellove-tvarujuce-nohavice-mystic\/#primaryimage","url":"https:\/\/www.ladime.sk\/wp-content\/uploads\/2023\/03\/ladime_zeny_mintova_softshell_nohavice_moda_buducnosti.jpg","contentUrl":"https:\/\/www.ladime.sk\/wp-content\/uploads\/2023\/03\/ladime_zeny_mintova_softshell_nohavice_moda_buducnosti.jpg","width":805,"height":1006,"caption":"D\u00e1mske softshellov\u00e9 tvaruj\u00face nohavice Mystic"},{"@type":"BreadcrumbList","@id":"https:\/\/www.ladime.sk\/zeny\/damske-nohavice\/satenove-softshellove-tvarujuce-nohavice-mystic\/#breadcrumb","itemListElement":[{"@type":"ListItem","position":1,"name":"\u00davod","item":"https:\/\/www.ladime.sk\/"},{"@type":"ListItem","position":2,"name":"Obchod","item":"https:\/\/www.ladime.sk\/cs\/shop-cs\/"},{"@type":"ListItem","position":3,"name":"D\u00e1mske softshellov\u00e9 tvaruj\u00face nohavice Mystic"}]},{"@type":"WebSite","@id":"https:\/\/www.ladime.sk\/#website","url":"https:\/\/www.ladime.sk\/","name":"ladime.sk","description":"Ke\u010f lad\u00edme so svetom, mysl\u00edme na bud\u00facnos\u0165.","publisher":{"@id":"https:\/\/www.ladime.sk\/#organization"},"potentialAction":[{"@type":"SearchAction","target":{"@type":"EntryPoint","urlTemplate":"https:\/\/www.ladime.sk\/?s={search_term_string}"},"query-input":{"@type":"PropertyValueSpecification","valueRequired":true,"valueName":"search_term_string"}}],"inLanguage":"cs"},{"@type":"Organization","@id":"https:\/\/www.ladime.sk\/#organization","name":"Lad\u00edme","url":"https:\/\/www.ladime.sk\/","logo":{"@type":"ImageObject","inLanguage":"cs","@id":"https:\/\/www.ladime.sk\/#\/schema\/logo\/image\/","url":"https:\/\/www.ladime.sk\/wp-content\/uploads\/2021\/08\/logo_ladime.svg","contentUrl":"https:\/\/www.ladime.sk\/wp-content\/uploads\/2021\/08\/logo_ladime.svg","width":366,"height":185,"caption":"Lad\u00edme"},"image":{"@id":"https:\/\/www.ladime.sk\/#\/schema\/logo\/image\/"}}]}},"_links":{"self":[{"href":"https:\/\/www.ladime.sk\/cs\/wp-json\/wp\/v2\/product\/5677058","targetHints":{"allow":["GET"]}}],"collection":[{"href":"https:\/\/www.ladime.sk\/cs\/wp-json\/wp\/v2\/product"}],"about":[{"href":"https:\/\/www.ladime.sk\/cs\/wp-json\/wp\/v2\/types\/product"}],"replies":[{"embeddable":true,"href":"https:\/\/www.ladime.sk\/cs\/wp-json\/wp\/v2\/comments?post=5677058"}],"version-history":[{"count":0,"href":"https:\/\/www.ladime.sk\/cs\/wp-json\/wp\/v2\/product\/5677058\/revisions"}],"wp:featuredmedia":[{"embeddable":true,"href":"https:\/\/www.ladime.sk\/cs\/wp-json\/wp\/v2\/media\/5677086"}],"wp:attachment":[{"href":"https:\/\/www.ladime.sk\/cs\/wp-json\/wp\/v2\/media?parent=5677058"}],"wp:term":[{"taxonomy":"product_brand","embeddable":true,"href":"https:\/\/www.ladime.sk\/cs\/wp-json\/wp\/v2\/product_brand?post=5677058"},{"taxonomy":"product_cat","embeddable":true,"href":"https:\/\/www.ladime.sk\/cs\/wp-json\/wp\/v2\/product_cat?post=5677058"},{"taxonomy":"product_tag","embeddable":true,"href":"https:\/\/www.ladime.sk\/cs\/wp-json\/wp\/v2\/product_tag?post=5677058"}],"curies":[{"name":"wp","href":"https:\/\/api.w.org\/{rel}","templated":true}]}}