{"id":5677027,"date":"2023-02-16T19:45:48","date_gmt":"2023-02-16T18:45:48","guid":{"rendered":"https:\/\/www.ladime.sk\/?post_type=product&#038;p=5677027"},"modified":"2026-01-12T13:02:55","modified_gmt":"2026-01-12T12:02:55","slug":"elegantne-nepremokave-softshell-nohavice-goldymo","status":"publish","type":"product","link":"https:\/\/www.ladime.sk\/cs\/zeny\/damske-nohavice\/elegantne-nepremokave-softshell-nohavice-goldymo\/","title":{"rendered":"D\u00e1mske elegantn\u00e9 nepremokav\u00e9 softshell nohavice GOLDYMO"},"content":{"rendered":"<div class=\"kvgmc6g5 cxmmr5t8 oygrvhab hcukyx3x c1et5uql\">\n<div class=\"kvgmc6g5 cxmmr5t8 oygrvhab hcukyx3x c1et5uql\">\n<h2>D\u00e1mske elegantn\u00e9 nepremokav\u00e9 softshell nohavice GOLDYMO na hory aj do mesta<\/h2>\n<p>Za\u017eiarte, \u010di ste pr\u00e1ve na dovolenke alebo sa prech\u00e1dzate po meste. <strong>D\u00e1mske elegantn\u00e9 nepremokav\u00e9 softshell nohavice GOLDYMO<\/strong> kr\u00e1sne vytvaruj\u00fa va\u0161u postavu a\u00a0zv\u00fdraznia \u0161t\u00edhly p\u00e1s. To v\u0161ak nie je v\u0161etko, \u010d\u00edm si v\u00e1s z\u00edskaj\u00fa. Tieto <strong><a href=\"https:\/\/www.ladime.sk\/zeny\/damske-nohavice\/\" target=\"_blank\" rel=\"noopener\">handmade nohavice<\/a><\/strong> s\u00fa u\u0161it\u00e9 z\u00a0nepremokav\u00e9ho pr\u00e9miov\u00e9ho softshellu, ktor\u00fd v\u00e1s ochr\u00e1ni aj pred studen\u00fdm zimn\u00fdm \u010di jesenn\u00fdm vetrom. O\u00a0dokonal\u00fd komfort sa postar\u00e1 zateplenie fleesom.<\/p>\n<p>Kladieme d\u00f4raz na <strong><a href=\"https:\/\/www.ladime.sk\/\" target=\"_blank\" rel=\"noopener\">udr\u017eate\u013enos\u0165 a fairtrade<\/a><\/strong>, preto s\u00fa materi\u00e1ly, ktor\u00e9 pri \u0161it\u00ed nohav\u00edc pou\u017e\u00edvame, 100 % recyklovan\u00e9. Samozrejmos\u0165ou je dodr\u017eanie v\u0161etk\u00fdch ekologick\u00fdch, soci\u00e1lnych aj ekonomick\u00fdch krit\u00e9ri\u00ed po\u010das cel\u00e9ho procesu v\u00fdroby. Pr\u00e9miov\u00fd softshell aj fleece naplnia tie\u017e va\u0161e po\u017eiadavky na kvalitu. Maj\u00fa <strong>certifik\u00e1ty\u00a0<\/strong><strong>OEKO-TEX 100<\/strong> a\u00a0s\u00fa antialergick\u00e9.<\/p>\n<div class=\"kvgmc6g5 cxmmr5t8 oygrvhab hcukyx3x c1et5uql\">\n<div class=\"kvgmc6g5 cxmmr5t8 oygrvhab hcukyx3x c1et5uql\">\n<ul>\n<li>Praktick\u00e9 a jednoduch\u00e9 obliekania<\/li>\n<li>V p\u00e1se pru\u017en\u00e1 \u0161irok\u00e1 guma<\/li>\n<li>Ozdobn\u00e9 elegantn\u00e9 prvky na s\u00e1rach nohav\u00edc<\/li>\n<li>Zateplenie fleesom<\/li>\n<li>Vhodn\u00e9 na jese\u0148\/zimu\/vlhk\u00e9 po\u010dasie do mesta, do lesa, na prech\u00e1dzku i horsk\u00fd v\u00fdstup<\/li>\n<li>Vodeodoln\u00e9, priedu\u0161n\u00e9, vetruodoln\u00e9<\/li>\n<\/ul>\n<\/div>\n<\/div>\n<div class=\"kvgmc6g5 cxmmr5t8 oygrvhab hcukyx3x c1et5uql\">\n<div class=\"kvgmc6g5 cxmmr5t8 oygrvhab hcukyx3x c1et5uql\">\n<p>Materi\u00e1l &#8211; zimn\u00fd softshell:<\/p>\n<p>Vodeodolnos\u0165 10000 mm<br \/>\nPriedu\u0161nos\u0165 3000 g\/m2\/24h<\/p>\n<p>Softshell sa sklad\u00e1 z troch vrstiev: termoakt\u00edvna l\u00e1tka, izola\u010dn\u00e1 vrstva m\u00e4kk\u00fd fleece, vonkaj\u0161\u00ed nepremokav\u00fd materi\u00e1l s membr\u00e1nou<\/p>\n<\/div>\n<\/div>\n<p>&nbsp;<\/p>\n<div class=\"kvgmc6g5 cxmmr5t8 oygrvhab hcukyx3x c1et5uql\">\n<div class=\"kvgmc6g5 cxmmr5t8 oygrvhab hcukyx3x c1et5uql\">\n<p>Zrza m\u00e1 oble\u010den\u00fa ve\u013ekos\u0165 36 upravovan\u00fa v\u0161ak na mieru, s vy\u0161\u0161\u00edm p\u00e1som. Tak\u00e1to \u00faprava je mo\u017en\u00e1 po dohode, av\u0161ak tovar ktor\u00fd je vyr\u00e1ban\u00fd na mieru nie je mo\u017en\u00e9 vr\u00e1ti\u0165 ani vymeni\u0165. V pr\u00edpade, \u017ee m\u00e1te z\u00e1ujem o \u00fapravu na mieru kontaktujte n\u00e1s <a href=\"https:\/\/www.ladime.sk\/kontakt\/\">tu<\/a>. M\u00f4\u017eete taktie\u017e vyu\u017ei\u0165 kontakt aj cez na\u0161e soci\u00e1lne siete FB a IG.<\/p>\n<\/div>\n<\/div>\n<\/div>\n<\/div>\n","protected":false},"excerpt":{"rendered":"<div class=\"o9v6fnle cxmmr5t8 oygrvhab hcukyx3x c1et5uql\">\n<div class=\"o9v6fnle cxmmr5t8 oygrvhab hcukyx3x c1et5uql\">\n<div class=\"o9v6fnle cxmmr5t8 oygrvhab hcukyx3x c1et5uql\">\n<div class=\"o9v6fnle cxmmr5t8 oygrvhab hcukyx3x c1et5uql\">\n<div>\n<p>D\u00e1mske elegantn\u00e9 nepremokav\u00e9 softshell nohavice GOLDYMO s\u00fa k\u00faskom, v\u00a0ktorom vyniknete a\u00a0navy\u0161e v\u00e1s pr\u00edjemne zahrej\u00fa. Tieto handmade nohavice s\u00fa tie\u017e nepremokav\u00e9 a odoln\u00e9 vo\u010di vetru. Pri ich v\u00fdrobe sme mysleli aj na va\u0161e pohodlie. V\u010faka pru\u017enej, \u0161irokej gume sa \u013eahko obliekaj\u00fa, jemn\u00fd materi\u00e1l je pr\u00edjemn\u00fd k poko\u017eke.<\/p>\n<\/div>\n<div><strong style=\"font-size: 16px;\">Popis materi\u00e1lu: <\/strong><span style=\"font-size: 16px;\">\u00a0pr\u00e9miov\u00fd softshell, zateplenie fleesom<\/span><\/div>\n<div class=\"o9v6fnle cxmmr5t8 oygrvhab hcukyx3x c1et5uql\"><strong style=\"font-size: 16px;\">Farba:\u00a0 <\/strong>\u010dokol\u00e1dov\u00e1 hned\u00e1, ihli\u010dnat\u00e1 zelen\u00e1<\/div>\n<div><strong>Certifik\u00e1ty: <\/strong>OEKO-TEX 100<\/div>\n<\/div>\n<div><strong>Materi\u00e1lov\u00e9 zlo\u017eenie:<\/strong> 100% PES + TPU membr\u00e1na<\/div>\n<\/div>\n<\/div>\n<\/div>\n<div>Zrza m\u00e1 oble\u010den\u00fa ve\u013ekos\u0165 36 upravovan\u00fa na mieru s vy\u0161\u0161\u00edm p\u00e1som. Tak\u00e1to \u00faprava je mo\u017en\u00e1 po dohode, av\u0161ak tovar ktor\u00fd je vyr\u00e1ban\u00fd na mieru nie je mo\u017en\u00e9 vr\u00e1ti\u0165 ani vymeni\u0165. V pr\u00edpade, \u017ee m\u00e1te z\u00e1ujem o \u00fapravu na mieru kontaktujte n\u00e1s <a href=\"https:\/\/www.ladime.sk\/kontakt\/\">tu<\/a>. M\u00f4\u017eete taktie\u017e vyu\u017ei\u0165 kontakt aj cez na\u0161e soci\u00e1lne siete FB a IG.<\/div>\n","protected":false},"featured_media":5677034,"comment_status":"closed","ping_status":"closed","template":"","meta":{"_acf_changed":false,"inline_featured_image":false},"product_brand":[],"product_cat":[88],"product_tag":[],"class_list":{"0":"post-5677027","1":"product","2":"type-product","3":"status-publish","4":"has-post-thumbnail","6":"product_cat-damske-nohavice","8":"first","9":"instock","10":"shipping-taxable","11":"purchasable","12":"product-type-variable","13":"wvs-archive-product-wrapper"},"acf":[],"yoast_head":"<!-- This site is optimized with the Yoast SEO plugin v27.5 - https:\/\/yoast.com\/product\/yoast-seo-wordpress\/ -->\n<title>D\u00e1mske elegantn\u00e9 nepremokav\u00e9 softshell nohavice GOLDYMO - ladime.sk<\/title>\n<meta name=\"description\" content=\"D\u00e1mske elegantn\u00e9 nepremokav\u00e9 softshell nohavice GOLDYMO s\u00fa k\u00faskom, v ktorom vyniknete. Pr\u00edjemne zahrej\u00fa, s\u00fa nepremokav\u00e9 a odoln\u00e9 vo\u010di vetru.\" \/>\n<meta name=\"robots\" content=\"index, follow, max-snippet:-1, max-image-preview:large, max-video-preview:-1\" \/>\n<link rel=\"canonical\" href=\"https:\/\/www.ladime.sk\/zeny\/damske-nohavice\/elegantne-nepremokave-softshell-nohavice-goldymo\/\" \/>\n<meta property=\"og:locale\" content=\"cs_CZ\" \/>\n<meta property=\"og:type\" content=\"article\" \/>\n<meta property=\"og:title\" content=\"D\u00e1mske elegantn\u00e9 nepremokav\u00e9 softshell nohavice GOLDYMO - ladime.sk\" \/>\n<meta property=\"og:description\" content=\"D\u00e1mske elegantn\u00e9 nepremokav\u00e9 softshell nohavice GOLDYMO s\u00fa k\u00faskom, v ktorom vyniknete. Pr\u00edjemne zahrej\u00fa, s\u00fa nepremokav\u00e9 a odoln\u00e9 vo\u010di vetru.\" \/>\n<meta property=\"og:url\" content=\"https:\/\/www.ladime.sk\/zeny\/damske-nohavice\/elegantne-nepremokave-softshell-nohavice-goldymo\/\" \/>\n<meta property=\"og:site_name\" content=\"ladime.sk\" \/>\n<meta property=\"article:modified_time\" content=\"2026-01-12T12:02:55+00:00\" \/>\n<meta property=\"og:image\" content=\"https:\/\/www.ladime.sk\/wp-content\/uploads\/2023\/02\/image4.jpeg\" \/>\n\t<meta property=\"og:image:width\" content=\"1200\" \/>\n\t<meta property=\"og:image:height\" content=\"1500\" \/>\n\t<meta property=\"og:image:type\" content=\"image\/jpeg\" \/>\n<meta name=\"twitter:card\" content=\"summary_large_image\" \/>\n<meta name=\"twitter:label1\" content=\"Odhadovan\u00e1 doba \u010dten\u00ed\" \/>\n\t<meta name=\"twitter:data1\" content=\"2 minuty\" \/>\n<script type=\"application\/ld+json\" class=\"yoast-schema-graph\">{\"@context\":\"https:\\\/\\\/schema.org\",\"@graph\":[{\"@type\":\"WebPage\",\"@id\":\"https:\\\/\\\/www.ladime.sk\\\/zeny\\\/damske-nohavice\\\/elegantne-nepremokave-softshell-nohavice-goldymo\\\/\",\"url\":\"https:\\\/\\\/www.ladime.sk\\\/zeny\\\/damske-nohavice\\\/elegantne-nepremokave-softshell-nohavice-goldymo\\\/\",\"name\":\"D\u00e1mske elegantn\u00e9 nepremokav\u00e9 softshell nohavice GOLDYMO - ladime.sk\",\"isPartOf\":{\"@id\":\"https:\\\/\\\/www.ladime.sk\\\/#website\"},\"primaryImageOfPage\":{\"@id\":\"https:\\\/\\\/www.ladime.sk\\\/zeny\\\/damske-nohavice\\\/elegantne-nepremokave-softshell-nohavice-goldymo\\\/#primaryimage\"},\"image\":{\"@id\":\"https:\\\/\\\/www.ladime.sk\\\/zeny\\\/damske-nohavice\\\/elegantne-nepremokave-softshell-nohavice-goldymo\\\/#primaryimage\"},\"thumbnailUrl\":\"https:\\\/\\\/www.ladime.sk\\\/wp-content\\\/uploads\\\/2023\\\/02\\\/image4.jpeg\",\"datePublished\":\"2023-02-16T18:45:48+00:00\",\"dateModified\":\"2026-01-12T12:02:55+00:00\",\"description\":\"D\u00e1mske elegantn\u00e9 nepremokav\u00e9 softshell nohavice GOLDYMO s\u00fa k\u00faskom, v ktorom vyniknete. Pr\u00edjemne zahrej\u00fa, s\u00fa nepremokav\u00e9 a odoln\u00e9 vo\u010di vetru.\",\"breadcrumb\":{\"@id\":\"https:\\\/\\\/www.ladime.sk\\\/zeny\\\/damske-nohavice\\\/elegantne-nepremokave-softshell-nohavice-goldymo\\\/#breadcrumb\"},\"inLanguage\":\"cs\",\"potentialAction\":[{\"@type\":\"ReadAction\",\"target\":[\"https:\\\/\\\/www.ladime.sk\\\/zeny\\\/damske-nohavice\\\/elegantne-nepremokave-softshell-nohavice-goldymo\\\/\"]}]},{\"@type\":\"ImageObject\",\"inLanguage\":\"cs\",\"@id\":\"https:\\\/\\\/www.ladime.sk\\\/zeny\\\/damske-nohavice\\\/elegantne-nepremokave-softshell-nohavice-goldymo\\\/#primaryimage\",\"url\":\"https:\\\/\\\/www.ladime.sk\\\/wp-content\\\/uploads\\\/2023\\\/02\\\/image4.jpeg\",\"contentUrl\":\"https:\\\/\\\/www.ladime.sk\\\/wp-content\\\/uploads\\\/2023\\\/02\\\/image4.jpeg\",\"width\":1200,\"height\":1500,\"caption\":\"D\u00e1mske elegantn\u00e9 nepremokav\u00e9 softshell nohavice GOLDYMO\"},{\"@type\":\"BreadcrumbList\",\"@id\":\"https:\\\/\\\/www.ladime.sk\\\/zeny\\\/damske-nohavice\\\/elegantne-nepremokave-softshell-nohavice-goldymo\\\/#breadcrumb\",\"itemListElement\":[{\"@type\":\"ListItem\",\"position\":1,\"name\":\"\u00davod\",\"item\":\"https:\\\/\\\/www.ladime.sk\\\/\"},{\"@type\":\"ListItem\",\"position\":2,\"name\":\"Obchod\",\"item\":\"https:\\\/\\\/www.ladime.sk\\\/cs\\\/shop-cs\\\/\"},{\"@type\":\"ListItem\",\"position\":3,\"name\":\"D\u00e1mske elegantn\u00e9 nepremokav\u00e9 softshell nohavice GOLDYMO\"}]},{\"@type\":\"WebSite\",\"@id\":\"https:\\\/\\\/www.ladime.sk\\\/#website\",\"url\":\"https:\\\/\\\/www.ladime.sk\\\/\",\"name\":\"ladime.sk\",\"description\":\"Ke\u010f lad\u00edme so svetom, mysl\u00edme na bud\u00facnos\u0165.\",\"publisher\":{\"@id\":\"https:\\\/\\\/www.ladime.sk\\\/#organization\"},\"potentialAction\":[{\"@type\":\"SearchAction\",\"target\":{\"@type\":\"EntryPoint\",\"urlTemplate\":\"https:\\\/\\\/www.ladime.sk\\\/?s={search_term_string}\"},\"query-input\":{\"@type\":\"PropertyValueSpecification\",\"valueRequired\":true,\"valueName\":\"search_term_string\"}}],\"inLanguage\":\"cs\"},{\"@type\":\"Organization\",\"@id\":\"https:\\\/\\\/www.ladime.sk\\\/#organization\",\"name\":\"Lad\u00edme\",\"url\":\"https:\\\/\\\/www.ladime.sk\\\/\",\"logo\":{\"@type\":\"ImageObject\",\"inLanguage\":\"cs\",\"@id\":\"https:\\\/\\\/www.ladime.sk\\\/#\\\/schema\\\/logo\\\/image\\\/\",\"url\":\"https:\\\/\\\/www.ladime.sk\\\/wp-content\\\/uploads\\\/2021\\\/08\\\/logo_ladime.svg\",\"contentUrl\":\"https:\\\/\\\/www.ladime.sk\\\/wp-content\\\/uploads\\\/2021\\\/08\\\/logo_ladime.svg\",\"width\":366,\"height\":185,\"caption\":\"Lad\u00edme\"},\"image\":{\"@id\":\"https:\\\/\\\/www.ladime.sk\\\/#\\\/schema\\\/logo\\\/image\\\/\"}}]}<\/script>\n<!-- \/ Yoast SEO plugin. -->","yoast_head_json":{"title":"D\u00e1mske elegantn\u00e9 nepremokav\u00e9 softshell nohavice GOLDYMO - ladime.sk","description":"D\u00e1mske elegantn\u00e9 nepremokav\u00e9 softshell nohavice GOLDYMO s\u00fa k\u00faskom, v ktorom vyniknete. Pr\u00edjemne zahrej\u00fa, s\u00fa nepremokav\u00e9 a odoln\u00e9 vo\u010di vetru.","robots":{"index":"index","follow":"follow","max-snippet":"max-snippet:-1","max-image-preview":"max-image-preview:large","max-video-preview":"max-video-preview:-1"},"canonical":"https:\/\/www.ladime.sk\/zeny\/damske-nohavice\/elegantne-nepremokave-softshell-nohavice-goldymo\/","og_locale":"cs_CZ","og_type":"article","og_title":"D\u00e1mske elegantn\u00e9 nepremokav\u00e9 softshell nohavice GOLDYMO - ladime.sk","og_description":"D\u00e1mske elegantn\u00e9 nepremokav\u00e9 softshell nohavice GOLDYMO s\u00fa k\u00faskom, v ktorom vyniknete. Pr\u00edjemne zahrej\u00fa, s\u00fa nepremokav\u00e9 a odoln\u00e9 vo\u010di vetru.","og_url":"https:\/\/www.ladime.sk\/zeny\/damske-nohavice\/elegantne-nepremokave-softshell-nohavice-goldymo\/","og_site_name":"ladime.sk","article_modified_time":"2026-01-12T12:02:55+00:00","og_image":[{"width":1200,"height":1500,"url":"https:\/\/www.ladime.sk\/wp-content\/uploads\/2023\/02\/image4.jpeg","type":"image\/jpeg"}],"twitter_card":"summary_large_image","twitter_misc":{"Odhadovan\u00e1 doba \u010dten\u00ed":"2 minuty"},"schema":{"@context":"https:\/\/schema.org","@graph":[{"@type":"WebPage","@id":"https:\/\/www.ladime.sk\/zeny\/damske-nohavice\/elegantne-nepremokave-softshell-nohavice-goldymo\/","url":"https:\/\/www.ladime.sk\/zeny\/damske-nohavice\/elegantne-nepremokave-softshell-nohavice-goldymo\/","name":"D\u00e1mske elegantn\u00e9 nepremokav\u00e9 softshell nohavice GOLDYMO - ladime.sk","isPartOf":{"@id":"https:\/\/www.ladime.sk\/#website"},"primaryImageOfPage":{"@id":"https:\/\/www.ladime.sk\/zeny\/damske-nohavice\/elegantne-nepremokave-softshell-nohavice-goldymo\/#primaryimage"},"image":{"@id":"https:\/\/www.ladime.sk\/zeny\/damske-nohavice\/elegantne-nepremokave-softshell-nohavice-goldymo\/#primaryimage"},"thumbnailUrl":"https:\/\/www.ladime.sk\/wp-content\/uploads\/2023\/02\/image4.jpeg","datePublished":"2023-02-16T18:45:48+00:00","dateModified":"2026-01-12T12:02:55+00:00","description":"D\u00e1mske elegantn\u00e9 nepremokav\u00e9 softshell nohavice GOLDYMO s\u00fa k\u00faskom, v ktorom vyniknete. Pr\u00edjemne zahrej\u00fa, s\u00fa nepremokav\u00e9 a odoln\u00e9 vo\u010di vetru.","breadcrumb":{"@id":"https:\/\/www.ladime.sk\/zeny\/damske-nohavice\/elegantne-nepremokave-softshell-nohavice-goldymo\/#breadcrumb"},"inLanguage":"cs","potentialAction":[{"@type":"ReadAction","target":["https:\/\/www.ladime.sk\/zeny\/damske-nohavice\/elegantne-nepremokave-softshell-nohavice-goldymo\/"]}]},{"@type":"ImageObject","inLanguage":"cs","@id":"https:\/\/www.ladime.sk\/zeny\/damske-nohavice\/elegantne-nepremokave-softshell-nohavice-goldymo\/#primaryimage","url":"https:\/\/www.ladime.sk\/wp-content\/uploads\/2023\/02\/image4.jpeg","contentUrl":"https:\/\/www.ladime.sk\/wp-content\/uploads\/2023\/02\/image4.jpeg","width":1200,"height":1500,"caption":"D\u00e1mske elegantn\u00e9 nepremokav\u00e9 softshell nohavice GOLDYMO"},{"@type":"BreadcrumbList","@id":"https:\/\/www.ladime.sk\/zeny\/damske-nohavice\/elegantne-nepremokave-softshell-nohavice-goldymo\/#breadcrumb","itemListElement":[{"@type":"ListItem","position":1,"name":"\u00davod","item":"https:\/\/www.ladime.sk\/"},{"@type":"ListItem","position":2,"name":"Obchod","item":"https:\/\/www.ladime.sk\/cs\/shop-cs\/"},{"@type":"ListItem","position":3,"name":"D\u00e1mske elegantn\u00e9 nepremokav\u00e9 softshell nohavice GOLDYMO"}]},{"@type":"WebSite","@id":"https:\/\/www.ladime.sk\/#website","url":"https:\/\/www.ladime.sk\/","name":"ladime.sk","description":"Ke\u010f lad\u00edme so svetom, mysl\u00edme na bud\u00facnos\u0165.","publisher":{"@id":"https:\/\/www.ladime.sk\/#organization"},"potentialAction":[{"@type":"SearchAction","target":{"@type":"EntryPoint","urlTemplate":"https:\/\/www.ladime.sk\/?s={search_term_string}"},"query-input":{"@type":"PropertyValueSpecification","valueRequired":true,"valueName":"search_term_string"}}],"inLanguage":"cs"},{"@type":"Organization","@id":"https:\/\/www.ladime.sk\/#organization","name":"Lad\u00edme","url":"https:\/\/www.ladime.sk\/","logo":{"@type":"ImageObject","inLanguage":"cs","@id":"https:\/\/www.ladime.sk\/#\/schema\/logo\/image\/","url":"https:\/\/www.ladime.sk\/wp-content\/uploads\/2021\/08\/logo_ladime.svg","contentUrl":"https:\/\/www.ladime.sk\/wp-content\/uploads\/2021\/08\/logo_ladime.svg","width":366,"height":185,"caption":"Lad\u00edme"},"image":{"@id":"https:\/\/www.ladime.sk\/#\/schema\/logo\/image\/"}}]}},"_links":{"self":[{"href":"https:\/\/www.ladime.sk\/cs\/wp-json\/wp\/v2\/product\/5677027","targetHints":{"allow":["GET"]}}],"collection":[{"href":"https:\/\/www.ladime.sk\/cs\/wp-json\/wp\/v2\/product"}],"about":[{"href":"https:\/\/www.ladime.sk\/cs\/wp-json\/wp\/v2\/types\/product"}],"replies":[{"embeddable":true,"href":"https:\/\/www.ladime.sk\/cs\/wp-json\/wp\/v2\/comments?post=5677027"}],"version-history":[{"count":0,"href":"https:\/\/www.ladime.sk\/cs\/wp-json\/wp\/v2\/product\/5677027\/revisions"}],"wp:featuredmedia":[{"embeddable":true,"href":"https:\/\/www.ladime.sk\/cs\/wp-json\/wp\/v2\/media\/5677034"}],"wp:attachment":[{"href":"https:\/\/www.ladime.sk\/cs\/wp-json\/wp\/v2\/media?parent=5677027"}],"wp:term":[{"taxonomy":"product_brand","embeddable":true,"href":"https:\/\/www.ladime.sk\/cs\/wp-json\/wp\/v2\/product_brand?post=5677027"},{"taxonomy":"product_cat","embeddable":true,"href":"https:\/\/www.ladime.sk\/cs\/wp-json\/wp\/v2\/product_cat?post=5677027"},{"taxonomy":"product_tag","embeddable":true,"href":"https:\/\/www.ladime.sk\/cs\/wp-json\/wp\/v2\/product_tag?post=5677027"}],"curies":[{"name":"wp","href":"https:\/\/api.w.org\/{rel}","templated":true}]}}