{"id":5676771,"date":"2022-11-28T14:52:34","date_gmt":"2022-11-28T13:52:34","guid":{"rendered":"https:\/\/www.ladime.sk\/?post_type=product&#038;p=5676771"},"modified":"2026-01-12T13:11:51","modified_gmt":"2026-01-12T12:11:51","slug":"nepremokave-softshellove-damske-nohavice-courage","status":"publish","type":"product","link":"https:\/\/www.ladime.sk\/cs\/zeny\/damske-nohavice\/nepremokave-softshellove-damske-nohavice-courage\/","title":{"rendered":"D\u00e1mske nepremokav\u00e9 softshellov\u00e9 d\u00e1mske nohavice Courage"},"content":{"rendered":"<div class=\"kvgmc6g5 cxmmr5t8 oygrvhab hcukyx3x c1et5uql\">\n<div class=\"kvgmc6g5 cxmmr5t8 oygrvhab hcukyx3x c1et5uql\">\n<h2>Elegantn\u00e9 d\u00e1mske nepremokav\u00e9 softshellov\u00e9 nohavice Courage<\/h2>\n<p><strong>D\u00e1mske nepremokav\u00e9 softshellov\u00e9 nohavice Courage<\/strong> zaujm\u00fa neuverite\u013ene pohodln\u00fdm strihom. Pocit luxusu pri nosen\u00ed v\u0161ak nie je to jedin\u00e9, \u010do na nich ocen\u00edte. U\u0161it\u00e9 s\u00fa v\u00a0\u0161t\u00fdle \u0161portovej elegancie v\u00a0\u010diernej farbe, ktor\u00e1 ich priam predur\u010duje na vytvorenie mnoh\u00fdch kombin\u00e1ci\u00ed. M\u00f4\u017eete si k\u00a0nim vybra\u0165 <strong><a href=\"https:\/\/www.ladime.sk\/zeny\/damske-topy\/\" target=\"_blank\" rel=\"noopener\">top<\/a><\/strong>, vestu alebo bundu z\u00a0na\u0161ej ponuky.<\/p>\n<p>Db\u00e1me o\u00a0<strong>udr\u017eate\u013enos\u0165<\/strong>, preto sme vsadili na materi\u00e1ly, ktor\u00e9 dosahuj\u00fa dlh\u00fa \u017eivotnos\u0165 aj pri intenz\u00edvnom pou\u017e\u00edvan\u00ed. <strong>Pomal\u00e1 m\u00f3da<\/strong> napln\u00ed tie\u017e va\u0161e po\u017eiadavky na komfort. Pr\u00e9miov\u00fd softshell vynikaj\u00faco ochr\u00e1ni pred prenikan\u00edm vlhkosti a\u00a0vetrom. Zateplenie <strong><a href=\"https:\/\/www.ladime.sk\/zeny\/damske-nohavice\/\" target=\"_blank\" rel=\"noopener\">nohav\u00edc<\/a><\/strong> fleesom sa postar\u00e1 o\u00a0to, aby v\u00e1m v\u00a0nich nebolo zima.<\/p>\n<div class=\"kvgmc6g5 cxmmr5t8 oygrvhab hcukyx3x c1et5uql\">\n<div class=\"kvgmc6g5 cxmmr5t8 oygrvhab hcukyx3x c1et5uql\">\n<ul>\n<li>Praktick\u00e9 a jednoduch\u00e9 obliekania<\/li>\n<li>V p\u00e1se pru\u017en\u00e1 guma<\/li>\n<li>Ozdobn\u00e9 elegantn\u00e9 prvky na s\u00e1rach nohav\u00edc<\/li>\n<li>Zateplenie fleesom<\/li>\n<li>Vhodn\u00e9 na jese\u0148\/zimu\/vlhk\u00e9 po\u010dasie do mesta, do lesa, na prech\u00e1dzku i horsk\u00fd v\u00fdstup<\/li>\n<li>Vodeodoln\u00e9, priedu\u0161n\u00e9, vetruodoln\u00e9<\/li>\n<\/ul>\n<\/div>\n<\/div>\n<div class=\"kvgmc6g5 cxmmr5t8 oygrvhab hcukyx3x c1et5uql\">\n<div class=\"kvgmc6g5 cxmmr5t8 oygrvhab hcukyx3x c1et5uql\">\n<p>Materi\u00e1l &#8211; zimn\u00fd softshell:<\/p>\n<p>Vodeodolnos\u0165 12 000 mm<br \/>\nPriedu\u0161nos\u0165 3000 g\/m2\/24h<\/p>\n<p>Softshell sa sklad\u00e1 z troch vrstiev: termoakt\u00edvna l\u00e1tka, izola\u010dn\u00e1 vrstva m\u00e4kk\u00fd fleece, vonkaj\u0161\u00ed nepremokav\u00fd materi\u00e1l s membr\u00e1nou<\/p>\n<\/div>\n<\/div>\n<\/div>\n<\/div>\n","protected":false},"excerpt":{"rendered":"<div class=\"o9v6fnle cxmmr5t8 oygrvhab hcukyx3x c1et5uql\">\n<div class=\"o9v6fnle cxmmr5t8 oygrvhab hcukyx3x c1et5uql\">\n<div class=\"o9v6fnle cxmmr5t8 oygrvhab hcukyx3x c1et5uql\">\n<div class=\"o9v6fnle cxmmr5t8 oygrvhab hcukyx3x c1et5uql\">\n<div>\n<p>D\u00e1mske nepremokav\u00e9 softshellov\u00e9 nohavice Courage sa postaraj\u00fa o pocit luxusu na prech\u00e1dzke v\u00a0meste aj v\u00a0lese. U\u0161it\u00e9 v\u00a0\u0161t\u00fdle \u0161portovej elegancie v\u00e1m umo\u017enia vytvori\u0165 outfity, ktor\u00e9 maj\u00fa ten spr\u00e1vny \u0161mrnc. Pr\u00e9miov\u00fd softshell a zateplenie fleesom sa postaraj\u00fa o\u00a0ochranu pred chladom aj vetrom.<\/p>\n<\/div>\n<div><strong style=\"font-size: 16px;\">Popis materi\u00e1lu: <\/strong><span style=\"font-size: 16px;\">\u00a0pr\u00e9miov\u00fd softshell, zateplenie fleesom<\/span><\/div>\n<div class=\"o9v6fnle cxmmr5t8 oygrvhab hcukyx3x c1et5uql\"><strong style=\"font-size: 16px;\">Farba: <\/strong><span style=\"font-size: 16px;\">\u00a0\u010dierna<\/span><\/div>\n<div><strong>Certifik\u00e1ty: <\/strong>OEKO-TEX 100<\/div>\n<\/div>\n<div><strong>Materi\u00e1lov\u00e9 zlo\u017eenie:<\/strong> 100% PES + TPU membr\u00e1na<\/div>\n<\/div>\n<\/div>\n<div><\/div>\n<\/div>\n","protected":false},"featured_media":5674202,"comment_status":"closed","ping_status":"closed","template":"","meta":{"_acf_changed":false,"inline_featured_image":false},"product_brand":[],"product_cat":[88],"product_tag":[],"class_list":{"0":"post-5676771","1":"product","2":"type-product","3":"status-publish","4":"has-post-thumbnail","6":"product_cat-damske-nohavice","8":"first","9":"instock","10":"shipping-taxable","11":"purchasable","12":"product-type-variable","13":"wvs-archive-product-wrapper"},"acf":[],"yoast_head":"<!-- This site is optimized with the Yoast SEO plugin v27.4 - https:\/\/yoast.com\/product\/yoast-seo-wordpress\/ -->\n<title>D\u00e1mske nepremokav\u00e9 softshellov\u00e9 d\u00e1mske nohavice Courage - ladime.sk<\/title>\n<meta name=\"description\" content=\"D\u00e1mske nepremokav\u00e9 softshellov\u00e9 nohavice Courage v \u0161t\u00fdle \u0161portovej elegancie sa postaraj\u00fa o pocit luxusu na prech\u00e1dzke v meste aj v lese.\" \/>\n<meta name=\"robots\" content=\"index, follow, max-snippet:-1, max-image-preview:large, max-video-preview:-1\" \/>\n<link rel=\"canonical\" href=\"https:\/\/www.ladime.sk\/zeny\/damske-nohavice\/nepremokave-softshellove-damske-nohavice-courage\/\" \/>\n<meta property=\"og:locale\" content=\"cs_CZ\" \/>\n<meta property=\"og:type\" content=\"article\" \/>\n<meta property=\"og:title\" content=\"D\u00e1mske nepremokav\u00e9 softshellov\u00e9 d\u00e1mske nohavice Courage - ladime.sk\" \/>\n<meta property=\"og:description\" content=\"D\u00e1mske nepremokav\u00e9 softshellov\u00e9 nohavice Courage v \u0161t\u00fdle \u0161portovej elegancie sa postaraj\u00fa o pocit luxusu na prech\u00e1dzke v meste aj v lese.\" \/>\n<meta property=\"og:url\" content=\"https:\/\/www.ladime.sk\/zeny\/damske-nohavice\/nepremokave-softshellove-damske-nohavice-courage\/\" \/>\n<meta property=\"og:site_name\" content=\"ladime.sk\" \/>\n<meta property=\"article:modified_time\" content=\"2026-01-12T12:11:51+00:00\" \/>\n<meta property=\"og:image\" content=\"https:\/\/www.ladime.sk\/wp-content\/uploads\/2021\/09\/ladime_zeny_top_vesta_ruzova_softshell_nohavice_cierna_bunda_cierna_kolekcia_futuro-8.jpg\" \/>\n\t<meta property=\"og:image:width\" content=\"805\" \/>\n\t<meta property=\"og:image:height\" content=\"1006\" \/>\n\t<meta property=\"og:image:type\" content=\"image\/jpeg\" \/>\n<meta name=\"twitter:card\" content=\"summary_large_image\" \/>\n<meta name=\"twitter:label1\" content=\"Odhadovan\u00e1 doba \u010dten\u00ed\" \/>\n\t<meta name=\"twitter:data1\" content=\"2 minuty\" \/>\n<script type=\"application\/ld+json\" class=\"yoast-schema-graph\">{\"@context\":\"https:\\\/\\\/schema.org\",\"@graph\":[{\"@type\":\"WebPage\",\"@id\":\"https:\\\/\\\/www.ladime.sk\\\/zeny\\\/damske-nohavice\\\/nepremokave-softshellove-damske-nohavice-courage\\\/\",\"url\":\"https:\\\/\\\/www.ladime.sk\\\/zeny\\\/damske-nohavice\\\/nepremokave-softshellove-damske-nohavice-courage\\\/\",\"name\":\"D\u00e1mske nepremokav\u00e9 softshellov\u00e9 d\u00e1mske nohavice Courage - ladime.sk\",\"isPartOf\":{\"@id\":\"https:\\\/\\\/www.ladime.sk\\\/#website\"},\"primaryImageOfPage\":{\"@id\":\"https:\\\/\\\/www.ladime.sk\\\/zeny\\\/damske-nohavice\\\/nepremokave-softshellove-damske-nohavice-courage\\\/#primaryimage\"},\"image\":{\"@id\":\"https:\\\/\\\/www.ladime.sk\\\/zeny\\\/damske-nohavice\\\/nepremokave-softshellove-damske-nohavice-courage\\\/#primaryimage\"},\"thumbnailUrl\":\"https:\\\/\\\/www.ladime.sk\\\/wp-content\\\/uploads\\\/2021\\\/09\\\/ladime_zeny_top_vesta_ruzova_softshell_nohavice_cierna_bunda_cierna_kolekcia_futuro-8.jpg\",\"datePublished\":\"2022-11-28T13:52:34+00:00\",\"dateModified\":\"2026-01-12T12:11:51+00:00\",\"description\":\"D\u00e1mske nepremokav\u00e9 softshellov\u00e9 nohavice Courage v \u0161t\u00fdle \u0161portovej elegancie sa postaraj\u00fa o pocit luxusu na prech\u00e1dzke v meste aj v lese.\",\"breadcrumb\":{\"@id\":\"https:\\\/\\\/www.ladime.sk\\\/zeny\\\/damske-nohavice\\\/nepremokave-softshellove-damske-nohavice-courage\\\/#breadcrumb\"},\"inLanguage\":\"cs\",\"potentialAction\":[{\"@type\":\"ReadAction\",\"target\":[\"https:\\\/\\\/www.ladime.sk\\\/zeny\\\/damske-nohavice\\\/nepremokave-softshellove-damske-nohavice-courage\\\/\"]}]},{\"@type\":\"ImageObject\",\"inLanguage\":\"cs\",\"@id\":\"https:\\\/\\\/www.ladime.sk\\\/zeny\\\/damske-nohavice\\\/nepremokave-softshellove-damske-nohavice-courage\\\/#primaryimage\",\"url\":\"https:\\\/\\\/www.ladime.sk\\\/wp-content\\\/uploads\\\/2021\\\/09\\\/ladime_zeny_top_vesta_ruzova_softshell_nohavice_cierna_bunda_cierna_kolekcia_futuro-8.jpg\",\"contentUrl\":\"https:\\\/\\\/www.ladime.sk\\\/wp-content\\\/uploads\\\/2021\\\/09\\\/ladime_zeny_top_vesta_ruzova_softshell_nohavice_cierna_bunda_cierna_kolekcia_futuro-8.jpg\",\"width\":805,\"height\":1006,\"caption\":\"D\u00e1mske nepremokav\u00e9 softshellov\u00e9 d\u00e1mske nohavice Courage\"},{\"@type\":\"BreadcrumbList\",\"@id\":\"https:\\\/\\\/www.ladime.sk\\\/zeny\\\/damske-nohavice\\\/nepremokave-softshellove-damske-nohavice-courage\\\/#breadcrumb\",\"itemListElement\":[{\"@type\":\"ListItem\",\"position\":1,\"name\":\"\u00davod\",\"item\":\"https:\\\/\\\/www.ladime.sk\\\/\"},{\"@type\":\"ListItem\",\"position\":2,\"name\":\"Obchod\",\"item\":\"https:\\\/\\\/www.ladime.sk\\\/cs\\\/shop-cs\\\/\"},{\"@type\":\"ListItem\",\"position\":3,\"name\":\"D\u00e1mske nepremokav\u00e9 softshellov\u00e9 d\u00e1mske nohavice Courage\"}]},{\"@type\":\"WebSite\",\"@id\":\"https:\\\/\\\/www.ladime.sk\\\/#website\",\"url\":\"https:\\\/\\\/www.ladime.sk\\\/\",\"name\":\"ladime.sk\",\"description\":\"Ke\u010f lad\u00edme so svetom, mysl\u00edme na bud\u00facnos\u0165.\",\"publisher\":{\"@id\":\"https:\\\/\\\/www.ladime.sk\\\/#organization\"},\"potentialAction\":[{\"@type\":\"SearchAction\",\"target\":{\"@type\":\"EntryPoint\",\"urlTemplate\":\"https:\\\/\\\/www.ladime.sk\\\/?s={search_term_string}\"},\"query-input\":{\"@type\":\"PropertyValueSpecification\",\"valueRequired\":true,\"valueName\":\"search_term_string\"}}],\"inLanguage\":\"cs\"},{\"@type\":\"Organization\",\"@id\":\"https:\\\/\\\/www.ladime.sk\\\/#organization\",\"name\":\"Lad\u00edme\",\"url\":\"https:\\\/\\\/www.ladime.sk\\\/\",\"logo\":{\"@type\":\"ImageObject\",\"inLanguage\":\"cs\",\"@id\":\"https:\\\/\\\/www.ladime.sk\\\/#\\\/schema\\\/logo\\\/image\\\/\",\"url\":\"https:\\\/\\\/www.ladime.sk\\\/wp-content\\\/uploads\\\/2021\\\/08\\\/logo_ladime.svg\",\"contentUrl\":\"https:\\\/\\\/www.ladime.sk\\\/wp-content\\\/uploads\\\/2021\\\/08\\\/logo_ladime.svg\",\"width\":366,\"height\":185,\"caption\":\"Lad\u00edme\"},\"image\":{\"@id\":\"https:\\\/\\\/www.ladime.sk\\\/#\\\/schema\\\/logo\\\/image\\\/\"}}]}<\/script>\n<!-- \/ Yoast SEO plugin. -->","yoast_head_json":{"title":"D\u00e1mske nepremokav\u00e9 softshellov\u00e9 d\u00e1mske nohavice Courage - ladime.sk","description":"D\u00e1mske nepremokav\u00e9 softshellov\u00e9 nohavice Courage v \u0161t\u00fdle \u0161portovej elegancie sa postaraj\u00fa o pocit luxusu na prech\u00e1dzke v meste aj v lese.","robots":{"index":"index","follow":"follow","max-snippet":"max-snippet:-1","max-image-preview":"max-image-preview:large","max-video-preview":"max-video-preview:-1"},"canonical":"https:\/\/www.ladime.sk\/zeny\/damske-nohavice\/nepremokave-softshellove-damske-nohavice-courage\/","og_locale":"cs_CZ","og_type":"article","og_title":"D\u00e1mske nepremokav\u00e9 softshellov\u00e9 d\u00e1mske nohavice Courage - ladime.sk","og_description":"D\u00e1mske nepremokav\u00e9 softshellov\u00e9 nohavice Courage v \u0161t\u00fdle \u0161portovej elegancie sa postaraj\u00fa o pocit luxusu na prech\u00e1dzke v meste aj v lese.","og_url":"https:\/\/www.ladime.sk\/zeny\/damske-nohavice\/nepremokave-softshellove-damske-nohavice-courage\/","og_site_name":"ladime.sk","article_modified_time":"2026-01-12T12:11:51+00:00","og_image":[{"width":805,"height":1006,"url":"https:\/\/www.ladime.sk\/wp-content\/uploads\/2021\/09\/ladime_zeny_top_vesta_ruzova_softshell_nohavice_cierna_bunda_cierna_kolekcia_futuro-8.jpg","type":"image\/jpeg"}],"twitter_card":"summary_large_image","twitter_misc":{"Odhadovan\u00e1 doba \u010dten\u00ed":"2 minuty"},"schema":{"@context":"https:\/\/schema.org","@graph":[{"@type":"WebPage","@id":"https:\/\/www.ladime.sk\/zeny\/damske-nohavice\/nepremokave-softshellove-damske-nohavice-courage\/","url":"https:\/\/www.ladime.sk\/zeny\/damske-nohavice\/nepremokave-softshellove-damske-nohavice-courage\/","name":"D\u00e1mske nepremokav\u00e9 softshellov\u00e9 d\u00e1mske nohavice Courage - ladime.sk","isPartOf":{"@id":"https:\/\/www.ladime.sk\/#website"},"primaryImageOfPage":{"@id":"https:\/\/www.ladime.sk\/zeny\/damske-nohavice\/nepremokave-softshellove-damske-nohavice-courage\/#primaryimage"},"image":{"@id":"https:\/\/www.ladime.sk\/zeny\/damske-nohavice\/nepremokave-softshellove-damske-nohavice-courage\/#primaryimage"},"thumbnailUrl":"https:\/\/www.ladime.sk\/wp-content\/uploads\/2021\/09\/ladime_zeny_top_vesta_ruzova_softshell_nohavice_cierna_bunda_cierna_kolekcia_futuro-8.jpg","datePublished":"2022-11-28T13:52:34+00:00","dateModified":"2026-01-12T12:11:51+00:00","description":"D\u00e1mske nepremokav\u00e9 softshellov\u00e9 nohavice Courage v \u0161t\u00fdle \u0161portovej elegancie sa postaraj\u00fa o pocit luxusu na prech\u00e1dzke v meste aj v lese.","breadcrumb":{"@id":"https:\/\/www.ladime.sk\/zeny\/damske-nohavice\/nepremokave-softshellove-damske-nohavice-courage\/#breadcrumb"},"inLanguage":"cs","potentialAction":[{"@type":"ReadAction","target":["https:\/\/www.ladime.sk\/zeny\/damske-nohavice\/nepremokave-softshellove-damske-nohavice-courage\/"]}]},{"@type":"ImageObject","inLanguage":"cs","@id":"https:\/\/www.ladime.sk\/zeny\/damske-nohavice\/nepremokave-softshellove-damske-nohavice-courage\/#primaryimage","url":"https:\/\/www.ladime.sk\/wp-content\/uploads\/2021\/09\/ladime_zeny_top_vesta_ruzova_softshell_nohavice_cierna_bunda_cierna_kolekcia_futuro-8.jpg","contentUrl":"https:\/\/www.ladime.sk\/wp-content\/uploads\/2021\/09\/ladime_zeny_top_vesta_ruzova_softshell_nohavice_cierna_bunda_cierna_kolekcia_futuro-8.jpg","width":805,"height":1006,"caption":"D\u00e1mske nepremokav\u00e9 softshellov\u00e9 d\u00e1mske nohavice Courage"},{"@type":"BreadcrumbList","@id":"https:\/\/www.ladime.sk\/zeny\/damske-nohavice\/nepremokave-softshellove-damske-nohavice-courage\/#breadcrumb","itemListElement":[{"@type":"ListItem","position":1,"name":"\u00davod","item":"https:\/\/www.ladime.sk\/"},{"@type":"ListItem","position":2,"name":"Obchod","item":"https:\/\/www.ladime.sk\/cs\/shop-cs\/"},{"@type":"ListItem","position":3,"name":"D\u00e1mske nepremokav\u00e9 softshellov\u00e9 d\u00e1mske nohavice Courage"}]},{"@type":"WebSite","@id":"https:\/\/www.ladime.sk\/#website","url":"https:\/\/www.ladime.sk\/","name":"ladime.sk","description":"Ke\u010f lad\u00edme so svetom, mysl\u00edme na bud\u00facnos\u0165.","publisher":{"@id":"https:\/\/www.ladime.sk\/#organization"},"potentialAction":[{"@type":"SearchAction","target":{"@type":"EntryPoint","urlTemplate":"https:\/\/www.ladime.sk\/?s={search_term_string}"},"query-input":{"@type":"PropertyValueSpecification","valueRequired":true,"valueName":"search_term_string"}}],"inLanguage":"cs"},{"@type":"Organization","@id":"https:\/\/www.ladime.sk\/#organization","name":"Lad\u00edme","url":"https:\/\/www.ladime.sk\/","logo":{"@type":"ImageObject","inLanguage":"cs","@id":"https:\/\/www.ladime.sk\/#\/schema\/logo\/image\/","url":"https:\/\/www.ladime.sk\/wp-content\/uploads\/2021\/08\/logo_ladime.svg","contentUrl":"https:\/\/www.ladime.sk\/wp-content\/uploads\/2021\/08\/logo_ladime.svg","width":366,"height":185,"caption":"Lad\u00edme"},"image":{"@id":"https:\/\/www.ladime.sk\/#\/schema\/logo\/image\/"}}]}},"_links":{"self":[{"href":"https:\/\/www.ladime.sk\/cs\/wp-json\/wp\/v2\/product\/5676771","targetHints":{"allow":["GET"]}}],"collection":[{"href":"https:\/\/www.ladime.sk\/cs\/wp-json\/wp\/v2\/product"}],"about":[{"href":"https:\/\/www.ladime.sk\/cs\/wp-json\/wp\/v2\/types\/product"}],"replies":[{"embeddable":true,"href":"https:\/\/www.ladime.sk\/cs\/wp-json\/wp\/v2\/comments?post=5676771"}],"version-history":[{"count":0,"href":"https:\/\/www.ladime.sk\/cs\/wp-json\/wp\/v2\/product\/5676771\/revisions"}],"wp:featuredmedia":[{"embeddable":true,"href":"https:\/\/www.ladime.sk\/cs\/wp-json\/wp\/v2\/media\/5674202"}],"wp:attachment":[{"href":"https:\/\/www.ladime.sk\/cs\/wp-json\/wp\/v2\/media?parent=5676771"}],"wp:term":[{"taxonomy":"product_brand","embeddable":true,"href":"https:\/\/www.ladime.sk\/cs\/wp-json\/wp\/v2\/product_brand?post=5676771"},{"taxonomy":"product_cat","embeddable":true,"href":"https:\/\/www.ladime.sk\/cs\/wp-json\/wp\/v2\/product_cat?post=5676771"},{"taxonomy":"product_tag","embeddable":true,"href":"https:\/\/www.ladime.sk\/cs\/wp-json\/wp\/v2\/product_tag?post=5676771"}],"curies":[{"name":"wp","href":"https:\/\/api.w.org\/{rel}","templated":true}]}}