{"id":5676768,"date":"2022-11-28T14:40:22","date_gmt":"2022-11-28T13:40:22","guid":{"rendered":"https:\/\/www.ladime.sk\/?post_type=product&#038;p=5676768"},"modified":"2026-03-11T12:48:33","modified_gmt":"2026-03-11T11:48:33","slug":"zateplena-nepremokava-parka-dee","status":"publish","type":"product","link":"https:\/\/www.ladime.sk\/cs\/zeny\/damske-bundy-kabaty-vesty\/zateplena-nepremokava-parka-dee\/","title":{"rendered":"D\u00e1mska zateplen\u00e1 nepremokav\u00e1 parka Dee"},"content":{"rendered":"<div class=\"kvgmc6g5 cxmmr5t8 oygrvhab hcukyx3x c1et5uql\">\n<div class=\"kvgmc6g5 cxmmr5t8 oygrvhab hcukyx3x c1et5uql\">\n<h2>Ikonick\u00e1 d\u00e1mska zateplen\u00e1 nepremokav\u00e1 parka Dee v elegantnom strihu<\/h2>\n<p>Aj v\u00a0zime m\u00f4\u017eete siahnu\u0165 po elegantno \u2013 \u0161portov\u00fdch k\u00faskoch, ktor\u00e9 sa daj\u00fa \u013eahko zladi\u0165 so <strong><a href=\"https:\/\/www.ladime.sk\/zeny\/damske-sukne\/\">suk\u0148ou<\/a><\/strong> aj nohavicami. Pre vetrom i da\u017e\u010fom v\u00e1s dokonale ochr\u00e1ni <strong>d\u00e1mska zateplen\u00e1 nepremokav\u00e1 parka Dee<\/strong>. Jej \u017eensk\u00fd vzh\u013ead zv\u00fdraz\u0148uje s\u0165ahovacia \u0161n\u00farka v\u00a0p\u00e1se, kapuc\u0148a v oversize \u0161t\u00fdle v\u00e1m umo\u017en\u00ed pr\u00edjemne sa do nej zababu\u0161i\u0165.<\/p>\n<p>T\u00e1to <strong><a href=\"https:\/\/www.ladime.sk\/zeny\/damske-bundy-kabaty-vesty\/\">d\u00e1mska zimn\u00e1 bunda<\/a><\/strong> je u\u0161it\u00e1 z\u00a0trojvrstvov\u00e9ho softshellu s\u00a0membr\u00e1nou, ktor\u00fd je nepremokav\u00fd a\u00a0odoln\u00fd vo\u010di vetru. Zateplen\u00e1 je fleesom. Aj pri tomto k\u00fasku sme mysleli na kvalitu, preto m\u00e1<strong> d\u00e1mska zimn\u00e1 bunda<\/strong> <strong>Dee<\/strong>\u00a0certifik\u00e1t<strong>\u00a0<\/strong>OEKO-TEX 100.<\/p>\n<ul>\n<li>Vysok\u00fd stoja\u010dik s ve\u013ekorysou elegantnou kapuc\u0148ou<\/li>\n<li>Zap\u00ednanie na zips skryt\u00fd pod chlop\u0148ou a magnetky<\/li>\n<li>Noblesn\u00e9 ruk\u00e1vy s vyrazn\u00fdmi man\u017eetami<\/li>\n<li>Dve bo\u010dn\u00e9 vreck\u00e1 a dve vn\u00fatorn\u00e9 vreck\u00e1<\/li>\n<li>Pred\u013a\u017een\u00fd zaoblen\u00fd zadn\u00fd diel<\/li>\n<li>S\u0165ahovanie na \u0161n\u00farku v p\u00e1se<\/li>\n<li>Zateplenie fleesom<\/li>\n<li>U\u0161ko na zavesenie<\/li>\n<li>Vhodn\u00e1 na zimu\/vlhk\u00e9 upr\u0161an\u00e9 po\u010dasie<\/li>\n<li>Vodeodoln\u00e1, priedu\u0161n\u00e1, vetruodoln\u00e1<\/li>\n<\/ul>\n<\/div>\n<\/div>\n<div class=\"kvgmc6g5 cxmmr5t8 oygrvhab hcukyx3x c1et5uql\">\n<div class=\"kvgmc6g5 cxmmr5t8 oygrvhab hcukyx3x c1et5uql\">\n<p>Materi\u00e1l &#8211; zimn\u00fd softshell:<\/p>\n<p>Vodeodolnos\u0165 12 000 mm<br \/>\nPriedu\u0161nos\u0165 3000 g\/m2\/24h<\/p>\n<p>Softshell sa sklad\u00e1 z troch vrstiev: termoakt\u00edvna l\u00e1tka, izola\u010dn\u00e1 vrstva m\u00e4kk\u00fd fleece, vonkaj\u0161\u00ed nepremokav\u00fd materi\u00e1l s membr\u00e1nou<\/p>\n<\/div>\n<\/div>\n<p>Modelka Mia m\u00e1 oble\u010den\u00fa ve\u013ekos\u0165 36. V\u00fd\u0161ka modelky: 163cm a miery: 93-70-95<\/p>\n<p>&nbsp;<\/p>\n","protected":false},"excerpt":{"rendered":"<div class=\"o9v6fnle cxmmr5t8 oygrvhab hcukyx3x c1et5uql\">\n<div class=\"o9v6fnle cxmmr5t8 oygrvhab hcukyx3x c1et5uql\">\n<div>\n<p>Handmade d\u00e1mska zimn\u00e1 bunda z materi\u00e1lu, ktor\u00fd sp\u013a\u0148a n\u00e1roky na kvalitu, udr\u017eate\u013enos\u0165 a fairtrade. D\u00e1mska zateplen\u00e1 nepremokav\u00e1 parka Dee v\u0161ak zaujme aj \u010fal\u0161\u00edmi vlastnos\u0165ami. U\u0161it\u00e1 je v strihu \u0161portovej elegancie, je nepremokav\u00e1, odoln\u00e1 vo\u010di vetru a kr\u00e1sne v\u00e1s zhreje aj pri teplot\u00e1ch pod nulou.<\/p>\n<\/div>\n<div><strong style=\"font-size: 16px;\">Popis materi\u00e1lu: <\/strong><span style=\"font-size: 16px;\">\u00a0trojvrstvov\u00fd softshell s membr\u00e1nou a fleesov\u00fdm zateplen\u00edm<\/span><\/div>\n<div><strong style=\"font-size: 16px;\">Farba: <\/strong><span style=\"font-size: 16px;\">\u00a0\u010dierna<\/span><\/div>\n<div><strong>Certifik\u00e1ty: <\/strong>OEKO-TEX 100<\/div>\n<div class=\"o9v6fnle cxmmr5t8 oygrvhab hcukyx3x c1et5uql\"><strong>Materi\u00e1lov\u00e9 zlo\u017eenie:<\/strong> 100% PES + TPU membr\u00e1na<\/div>\n<\/div>\n<\/div>\n","protected":false},"featured_media":5683760,"comment_status":"closed","ping_status":"closed","template":"","meta":{"_acf_changed":false,"inline_featured_image":false},"product_brand":[],"product_cat":[298],"product_tag":[],"class_list":{"0":"post-5676768","1":"product","2":"type-product","3":"status-publish","4":"has-post-thumbnail","6":"product_cat-damske-bundy-kabaty-vesty","8":"first","9":"instock","10":"shipping-taxable","11":"purchasable","12":"product-type-variable","13":"wvs-archive-product-wrapper"},"acf":[],"yoast_head":"<!-- This site is optimized with the Yoast SEO plugin v27.4 - https:\/\/yoast.com\/product\/yoast-seo-wordpress\/ -->\n<title>D\u00e1mska zateplen\u00e1 nepremokav\u00e1 parka Dee - ladime.sk<\/title>\n<meta name=\"description\" content=\"D\u00e1mska zateplen\u00e1 nepremokav\u00e1 parka Dee u\u0161it\u00e1 v strihu \u0161portovej elegancie. Je nepremokav\u00e1, odoln\u00e1 vo\u010di vetru a kr\u00e1sne v\u00e1s zhreje.\" \/>\n<meta name=\"robots\" content=\"index, follow, max-snippet:-1, max-image-preview:large, max-video-preview:-1\" \/>\n<link rel=\"canonical\" href=\"https:\/\/www.ladime.sk\/zeny\/damske-bundy-kabaty-vesty\/zateplena-nepremokava-parka-dee\/\" \/>\n<meta property=\"og:locale\" content=\"cs_CZ\" \/>\n<meta property=\"og:type\" content=\"article\" \/>\n<meta property=\"og:title\" content=\"D\u00e1mska zateplen\u00e1 nepremokav\u00e1 parka Dee - ladime.sk\" \/>\n<meta property=\"og:description\" content=\"D\u00e1mska zateplen\u00e1 nepremokav\u00e1 parka Dee u\u0161it\u00e1 v strihu \u0161portovej elegancie. Je nepremokav\u00e1, odoln\u00e1 vo\u010di vetru a kr\u00e1sne v\u00e1s zhreje.\" \/>\n<meta property=\"og:url\" content=\"https:\/\/www.ladime.sk\/zeny\/damske-bundy-kabaty-vesty\/zateplena-nepremokava-parka-dee\/\" \/>\n<meta property=\"og:site_name\" content=\"ladime.sk\" \/>\n<meta property=\"article:modified_time\" content=\"2026-03-11T11:48:33+00:00\" \/>\n<meta property=\"og:image\" content=\"https:\/\/www.ladime.sk\/wp-content\/uploads\/2022\/11\/DSC0357male.jpg\" \/>\n\t<meta property=\"og:image:width\" content=\"1535\" \/>\n\t<meta property=\"og:image:height\" content=\"1920\" \/>\n\t<meta property=\"og:image:type\" content=\"image\/jpeg\" \/>\n<meta name=\"twitter:card\" content=\"summary_large_image\" \/>\n<meta name=\"twitter:label1\" content=\"Odhadovan\u00e1 doba \u010dten\u00ed\" \/>\n\t<meta name=\"twitter:data1\" content=\"2 minuty\" \/>\n<script type=\"application\/ld+json\" class=\"yoast-schema-graph\">{\"@context\":\"https:\\\/\\\/schema.org\",\"@graph\":[{\"@type\":\"WebPage\",\"@id\":\"https:\\\/\\\/www.ladime.sk\\\/zeny\\\/damske-bundy-kabaty-vesty\\\/zateplena-nepremokava-parka-dee\\\/\",\"url\":\"https:\\\/\\\/www.ladime.sk\\\/zeny\\\/damske-bundy-kabaty-vesty\\\/zateplena-nepremokava-parka-dee\\\/\",\"name\":\"D\u00e1mska zateplen\u00e1 nepremokav\u00e1 parka Dee - ladime.sk\",\"isPartOf\":{\"@id\":\"https:\\\/\\\/www.ladime.sk\\\/#website\"},\"primaryImageOfPage\":{\"@id\":\"https:\\\/\\\/www.ladime.sk\\\/zeny\\\/damske-bundy-kabaty-vesty\\\/zateplena-nepremokava-parka-dee\\\/#primaryimage\"},\"image\":{\"@id\":\"https:\\\/\\\/www.ladime.sk\\\/zeny\\\/damske-bundy-kabaty-vesty\\\/zateplena-nepremokava-parka-dee\\\/#primaryimage\"},\"thumbnailUrl\":\"https:\\\/\\\/www.ladime.sk\\\/wp-content\\\/uploads\\\/2022\\\/11\\\/DSC0357male.jpg\",\"datePublished\":\"2022-11-28T13:40:22+00:00\",\"dateModified\":\"2026-03-11T11:48:33+00:00\",\"description\":\"D\u00e1mska zateplen\u00e1 nepremokav\u00e1 parka Dee u\u0161it\u00e1 v strihu \u0161portovej elegancie. Je nepremokav\u00e1, odoln\u00e1 vo\u010di vetru a kr\u00e1sne v\u00e1s zhreje.\",\"breadcrumb\":{\"@id\":\"https:\\\/\\\/www.ladime.sk\\\/zeny\\\/damske-bundy-kabaty-vesty\\\/zateplena-nepremokava-parka-dee\\\/#breadcrumb\"},\"inLanguage\":\"cs\",\"potentialAction\":[{\"@type\":\"ReadAction\",\"target\":[\"https:\\\/\\\/www.ladime.sk\\\/zeny\\\/damske-bundy-kabaty-vesty\\\/zateplena-nepremokava-parka-dee\\\/\"]}]},{\"@type\":\"ImageObject\",\"inLanguage\":\"cs\",\"@id\":\"https:\\\/\\\/www.ladime.sk\\\/zeny\\\/damske-bundy-kabaty-vesty\\\/zateplena-nepremokava-parka-dee\\\/#primaryimage\",\"url\":\"https:\\\/\\\/www.ladime.sk\\\/wp-content\\\/uploads\\\/2022\\\/11\\\/DSC0357male.jpg\",\"contentUrl\":\"https:\\\/\\\/www.ladime.sk\\\/wp-content\\\/uploads\\\/2022\\\/11\\\/DSC0357male.jpg\",\"width\":1535,\"height\":1920},{\"@type\":\"BreadcrumbList\",\"@id\":\"https:\\\/\\\/www.ladime.sk\\\/zeny\\\/damske-bundy-kabaty-vesty\\\/zateplena-nepremokava-parka-dee\\\/#breadcrumb\",\"itemListElement\":[{\"@type\":\"ListItem\",\"position\":1,\"name\":\"\u00davod\",\"item\":\"https:\\\/\\\/www.ladime.sk\\\/\"},{\"@type\":\"ListItem\",\"position\":2,\"name\":\"Obchod\",\"item\":\"https:\\\/\\\/www.ladime.sk\\\/cs\\\/shop-cs\\\/\"},{\"@type\":\"ListItem\",\"position\":3,\"name\":\"D\u00e1mska zateplen\u00e1 nepremokav\u00e1 parka Dee\"}]},{\"@type\":\"WebSite\",\"@id\":\"https:\\\/\\\/www.ladime.sk\\\/#website\",\"url\":\"https:\\\/\\\/www.ladime.sk\\\/\",\"name\":\"ladime.sk\",\"description\":\"Ke\u010f lad\u00edme so svetom, mysl\u00edme na bud\u00facnos\u0165.\",\"publisher\":{\"@id\":\"https:\\\/\\\/www.ladime.sk\\\/#organization\"},\"potentialAction\":[{\"@type\":\"SearchAction\",\"target\":{\"@type\":\"EntryPoint\",\"urlTemplate\":\"https:\\\/\\\/www.ladime.sk\\\/?s={search_term_string}\"},\"query-input\":{\"@type\":\"PropertyValueSpecification\",\"valueRequired\":true,\"valueName\":\"search_term_string\"}}],\"inLanguage\":\"cs\"},{\"@type\":\"Organization\",\"@id\":\"https:\\\/\\\/www.ladime.sk\\\/#organization\",\"name\":\"Lad\u00edme\",\"url\":\"https:\\\/\\\/www.ladime.sk\\\/\",\"logo\":{\"@type\":\"ImageObject\",\"inLanguage\":\"cs\",\"@id\":\"https:\\\/\\\/www.ladime.sk\\\/#\\\/schema\\\/logo\\\/image\\\/\",\"url\":\"https:\\\/\\\/www.ladime.sk\\\/wp-content\\\/uploads\\\/2021\\\/08\\\/logo_ladime.svg\",\"contentUrl\":\"https:\\\/\\\/www.ladime.sk\\\/wp-content\\\/uploads\\\/2021\\\/08\\\/logo_ladime.svg\",\"width\":366,\"height\":185,\"caption\":\"Lad\u00edme\"},\"image\":{\"@id\":\"https:\\\/\\\/www.ladime.sk\\\/#\\\/schema\\\/logo\\\/image\\\/\"}}]}<\/script>\n<!-- \/ Yoast SEO plugin. -->","yoast_head_json":{"title":"D\u00e1mska zateplen\u00e1 nepremokav\u00e1 parka Dee - ladime.sk","description":"D\u00e1mska zateplen\u00e1 nepremokav\u00e1 parka Dee u\u0161it\u00e1 v strihu \u0161portovej elegancie. Je nepremokav\u00e1, odoln\u00e1 vo\u010di vetru a kr\u00e1sne v\u00e1s zhreje.","robots":{"index":"index","follow":"follow","max-snippet":"max-snippet:-1","max-image-preview":"max-image-preview:large","max-video-preview":"max-video-preview:-1"},"canonical":"https:\/\/www.ladime.sk\/zeny\/damske-bundy-kabaty-vesty\/zateplena-nepremokava-parka-dee\/","og_locale":"cs_CZ","og_type":"article","og_title":"D\u00e1mska zateplen\u00e1 nepremokav\u00e1 parka Dee - ladime.sk","og_description":"D\u00e1mska zateplen\u00e1 nepremokav\u00e1 parka Dee u\u0161it\u00e1 v strihu \u0161portovej elegancie. Je nepremokav\u00e1, odoln\u00e1 vo\u010di vetru a kr\u00e1sne v\u00e1s zhreje.","og_url":"https:\/\/www.ladime.sk\/zeny\/damske-bundy-kabaty-vesty\/zateplena-nepremokava-parka-dee\/","og_site_name":"ladime.sk","article_modified_time":"2026-03-11T11:48:33+00:00","og_image":[{"width":1535,"height":1920,"url":"https:\/\/www.ladime.sk\/wp-content\/uploads\/2022\/11\/DSC0357male.jpg","type":"image\/jpeg"}],"twitter_card":"summary_large_image","twitter_misc":{"Odhadovan\u00e1 doba \u010dten\u00ed":"2 minuty"},"schema":{"@context":"https:\/\/schema.org","@graph":[{"@type":"WebPage","@id":"https:\/\/www.ladime.sk\/zeny\/damske-bundy-kabaty-vesty\/zateplena-nepremokava-parka-dee\/","url":"https:\/\/www.ladime.sk\/zeny\/damske-bundy-kabaty-vesty\/zateplena-nepremokava-parka-dee\/","name":"D\u00e1mska zateplen\u00e1 nepremokav\u00e1 parka Dee - ladime.sk","isPartOf":{"@id":"https:\/\/www.ladime.sk\/#website"},"primaryImageOfPage":{"@id":"https:\/\/www.ladime.sk\/zeny\/damske-bundy-kabaty-vesty\/zateplena-nepremokava-parka-dee\/#primaryimage"},"image":{"@id":"https:\/\/www.ladime.sk\/zeny\/damske-bundy-kabaty-vesty\/zateplena-nepremokava-parka-dee\/#primaryimage"},"thumbnailUrl":"https:\/\/www.ladime.sk\/wp-content\/uploads\/2022\/11\/DSC0357male.jpg","datePublished":"2022-11-28T13:40:22+00:00","dateModified":"2026-03-11T11:48:33+00:00","description":"D\u00e1mska zateplen\u00e1 nepremokav\u00e1 parka Dee u\u0161it\u00e1 v strihu \u0161portovej elegancie. Je nepremokav\u00e1, odoln\u00e1 vo\u010di vetru a kr\u00e1sne v\u00e1s zhreje.","breadcrumb":{"@id":"https:\/\/www.ladime.sk\/zeny\/damske-bundy-kabaty-vesty\/zateplena-nepremokava-parka-dee\/#breadcrumb"},"inLanguage":"cs","potentialAction":[{"@type":"ReadAction","target":["https:\/\/www.ladime.sk\/zeny\/damske-bundy-kabaty-vesty\/zateplena-nepremokava-parka-dee\/"]}]},{"@type":"ImageObject","inLanguage":"cs","@id":"https:\/\/www.ladime.sk\/zeny\/damske-bundy-kabaty-vesty\/zateplena-nepremokava-parka-dee\/#primaryimage","url":"https:\/\/www.ladime.sk\/wp-content\/uploads\/2022\/11\/DSC0357male.jpg","contentUrl":"https:\/\/www.ladime.sk\/wp-content\/uploads\/2022\/11\/DSC0357male.jpg","width":1535,"height":1920},{"@type":"BreadcrumbList","@id":"https:\/\/www.ladime.sk\/zeny\/damske-bundy-kabaty-vesty\/zateplena-nepremokava-parka-dee\/#breadcrumb","itemListElement":[{"@type":"ListItem","position":1,"name":"\u00davod","item":"https:\/\/www.ladime.sk\/"},{"@type":"ListItem","position":2,"name":"Obchod","item":"https:\/\/www.ladime.sk\/cs\/shop-cs\/"},{"@type":"ListItem","position":3,"name":"D\u00e1mska zateplen\u00e1 nepremokav\u00e1 parka Dee"}]},{"@type":"WebSite","@id":"https:\/\/www.ladime.sk\/#website","url":"https:\/\/www.ladime.sk\/","name":"ladime.sk","description":"Ke\u010f lad\u00edme so svetom, mysl\u00edme na bud\u00facnos\u0165.","publisher":{"@id":"https:\/\/www.ladime.sk\/#organization"},"potentialAction":[{"@type":"SearchAction","target":{"@type":"EntryPoint","urlTemplate":"https:\/\/www.ladime.sk\/?s={search_term_string}"},"query-input":{"@type":"PropertyValueSpecification","valueRequired":true,"valueName":"search_term_string"}}],"inLanguage":"cs"},{"@type":"Organization","@id":"https:\/\/www.ladime.sk\/#organization","name":"Lad\u00edme","url":"https:\/\/www.ladime.sk\/","logo":{"@type":"ImageObject","inLanguage":"cs","@id":"https:\/\/www.ladime.sk\/#\/schema\/logo\/image\/","url":"https:\/\/www.ladime.sk\/wp-content\/uploads\/2021\/08\/logo_ladime.svg","contentUrl":"https:\/\/www.ladime.sk\/wp-content\/uploads\/2021\/08\/logo_ladime.svg","width":366,"height":185,"caption":"Lad\u00edme"},"image":{"@id":"https:\/\/www.ladime.sk\/#\/schema\/logo\/image\/"}}]}},"_links":{"self":[{"href":"https:\/\/www.ladime.sk\/cs\/wp-json\/wp\/v2\/product\/5676768","targetHints":{"allow":["GET"]}}],"collection":[{"href":"https:\/\/www.ladime.sk\/cs\/wp-json\/wp\/v2\/product"}],"about":[{"href":"https:\/\/www.ladime.sk\/cs\/wp-json\/wp\/v2\/types\/product"}],"replies":[{"embeddable":true,"href":"https:\/\/www.ladime.sk\/cs\/wp-json\/wp\/v2\/comments?post=5676768"}],"version-history":[{"count":0,"href":"https:\/\/www.ladime.sk\/cs\/wp-json\/wp\/v2\/product\/5676768\/revisions"}],"wp:featuredmedia":[{"embeddable":true,"href":"https:\/\/www.ladime.sk\/cs\/wp-json\/wp\/v2\/media\/5683760"}],"wp:attachment":[{"href":"https:\/\/www.ladime.sk\/cs\/wp-json\/wp\/v2\/media?parent=5676768"}],"wp:term":[{"taxonomy":"product_brand","embeddable":true,"href":"https:\/\/www.ladime.sk\/cs\/wp-json\/wp\/v2\/product_brand?post=5676768"},{"taxonomy":"product_cat","embeddable":true,"href":"https:\/\/www.ladime.sk\/cs\/wp-json\/wp\/v2\/product_cat?post=5676768"},{"taxonomy":"product_tag","embeddable":true,"href":"https:\/\/www.ladime.sk\/cs\/wp-json\/wp\/v2\/product_tag?post=5676768"}],"curies":[{"name":"wp","href":"https:\/\/api.w.org\/{rel}","templated":true}]}}