{"id":5676600,"date":"2022-10-14T14:58:22","date_gmt":"2022-10-14T12:58:22","guid":{"rendered":"https:\/\/www.ladime.sk\/?post_type=product&#038;p=5676600"},"modified":"2025-11-11T09:16:30","modified_gmt":"2025-11-11T08:16:30","slug":"organic-damske-nohavice-nataly","status":"publish","type":"product","link":"https:\/\/www.ladime.sk\/cs\/zeny\/damske-nohavice\/organic-damske-nohavice-nataly\/","title":{"rendered":"D\u00e1mske ORGANIC nohavice Nataly"},"content":{"rendered":"<div class=\"kvgmc6g5 cxmmr5t8 oygrvhab hcukyx3x c1et5uql\">\n<div class=\"kvgmc6g5 cxmmr5t8 oygrvhab hcukyx3x c1et5uql\">\n<h2>D\u00e1mske ORGANIC nohavice Nataly<\/h2>\n<p>U\u017e v\u00e1s unavuj\u00fa nudn\u00e9 strihy nohav\u00edc, ktor\u00e9 sa od seba takmer v\u00a0ni\u010dom nel\u00ed\u0161ia? V\u00a0tom pr\u00edpade s\u00fa pre v\u00e1s <strong>d\u00e1mske ORGANIC nohavice Nataly<\/strong> tou spr\u00e1vnou vo\u013ebou. Tieto <strong><a href=\"https:\/\/www.ladime.sk\/zeny\/damske-nohavice\/\" target=\"_blank\" rel=\"noopener\">nad\u010dasov\u00e9 d\u00e1mske nohavice<\/a><\/strong> maj\u00fa jemne zn\u00ed\u017een\u00fd sed, ich vzh\u013ead osvie\u017euje elegantn\u00fd preklad, ktor\u00fd pritiahne pozornos\u0165 na va\u0161e nohy. Kombinova\u0165 ich m\u00f4\u017eete s\u00a0bl\u00fazkou alebo <strong><a href=\"https:\/\/www.ladime.sk\/zeny\/damske-topy\/\" target=\"_blank\" rel=\"noopener\">topom<\/a><\/strong> z\u00a0na\u0161ej ponuky, kr\u00e1sne vynikn\u00fa s\u00a0teniskami aj lodi\u010dkami.<\/p>\n<p><strong>Pomal\u00e1 m\u00f3da<\/strong> chr\u00e1ni pr\u00edrodu, preto sme aj pri v\u00fdrobe t\u00fdchto nohav\u00edc siahli po kvalitnej <strong>biobavlne<\/strong>. <strong>Organick\u00fd bavlnen\u00fd \u00faplet<\/strong> s jemn\u00fdm po\u010desom z rubovej strany l\u00e1tky v\u00fdborne odol\u00e1va oderu a\u00a0zachov\u00e1va si tvar aj po mnoh\u00fdch opraniach. Vynik\u00e1 tie\u017e priedu\u0161nos\u0165ou a\u00a0ob\u00e1va\u0165 sa nemus\u00edte \u017eiadnych alergick\u00fdch reakci\u00ed.<\/p>\n<\/div>\n<div class=\"o9v6fnle cxmmr5t8 oygrvhab hcukyx3x c1et5uql\"><\/div>\n<div class=\"o9v6fnle cxmmr5t8 oygrvhab hcukyx3x c1et5uql\">Modelka Val\u00e9ria m\u00e1 oble\u010den\u00fa ve\u013ekos\u0165 36. V\u00fd\u0161ka modelky: 163cm a miery: 90-70-92<\/div>\n<\/div>\n","protected":false},"excerpt":{"rendered":"<div>UDR\u017dATE\u013dN\u00dd K\u00daSOK<\/div>\n<div>\n<p>Vyjdite z priemeru a siahnite po originalite. D\u00e1mske ORGANIC nohavice Nataly so zn\u00ed\u017een\u00fdm sedom osvie\u017een\u00e9 elegantn\u00fdm prekladom okam\u017eite pritiahnu pozornos\u0165. U\u0161it\u00e9 s\u00fa z kvalitn\u00e9ho organick\u00e9ho bavlnen\u00e9ho \u00fapletu, ktor\u00fd si po dlh\u00fd \u010das zachov\u00e1va svoj dokonal\u00fd vzh\u013ead aj jemnos\u0165.<\/p>\n<\/div>\n<div><\/div>\n<div><strong>Farba:\u00a0<\/strong>\u010dierna, mint zelen\u00e1, smotanovo biela, taupe zelen\u00e1<\/div>\n<div>\n<div><strong>Certifik\u00e1ty materi\u00e1lu: <\/strong>OEKO-TEX 100, Trieda 1<\/div>\n<div>\u00a0 \u00a0 \u00a0 \u00a0 \u00a0 \u00a0 \u00a0 \u00a0 \u00a0 \u00a0 \u00a0 \u00a0 \u00a0 \u00a0 \u00a0 \u00a0 \u00a0 \u00a0 \u00a0 \u00a0 \u00a0 \u00a0 ORGANIC<\/div>\n<\/div>\n<div class=\"o9v6fnle cxmmr5t8 oygrvhab hcukyx3x c1et5uql\"><strong>Materi\u00e1lov\u00e9 zlo\u017eenie:<\/strong> 95% BIO bavlna 5% elastan<\/div>\n<div>\n<p><strong>Popis materi\u00e1lu:<\/strong> po\u010desan\u00e1 organick\u00e1 elastick\u00e1 bavlna, vhodn\u00e1 na ka\u017edodenn\u00e9 nosenie aj po\u010das chladnej\u0161\u00edch dn\u00ed\u00a0 v r\u00e1mci cel\u00e9ho roka<\/p>\n<\/div>\n<div><\/div>\n<div><\/div>\n<div class=\"o9v6fnle cxmmr5t8 oygrvhab hcukyx3x c1et5uql\"><\/div>\n","protected":false},"featured_media":5676606,"comment_status":"closed","ping_status":"closed","template":"","meta":{"_acf_changed":false,"inline_featured_image":false},"product_brand":[],"product_cat":[88],"product_tag":[],"class_list":{"0":"post-5676600","1":"product","2":"type-product","3":"status-publish","4":"has-post-thumbnail","6":"product_cat-damske-nohavice","8":"first","9":"instock","10":"shipping-taxable","11":"purchasable","12":"product-type-variable","13":"wvs-archive-product-wrapper"},"acf":[],"yoast_head":"<!-- This site is optimized with the Yoast SEO plugin v27.4 - https:\/\/yoast.com\/product\/yoast-seo-wordpress\/ -->\n<title>D\u00e1mske ORGANIC nohavice Nataly - ladime.sk<\/title>\n<meta name=\"description\" content=\"Vyjdite z priemeru a siahnite po originalite. D\u00e1mske ORGANIC nohavice Nataly maj\u00fa zn\u00ed\u017een\u00fd sed, osvie\u017een\u00e9 s\u00fa elegantn\u00fdm prekladom.\" \/>\n<meta name=\"robots\" content=\"index, follow, max-snippet:-1, max-image-preview:large, max-video-preview:-1\" \/>\n<link rel=\"canonical\" href=\"https:\/\/www.ladime.sk\/zeny\/damske-nohavice\/organic-damske-nohavice-nataly\/\" \/>\n<meta property=\"og:locale\" content=\"cs_CZ\" \/>\n<meta property=\"og:type\" content=\"article\" \/>\n<meta property=\"og:title\" content=\"D\u00e1mske ORGANIC nohavice Nataly - ladime.sk\" \/>\n<meta property=\"og:description\" content=\"Vyjdite z priemeru a siahnite po originalite. D\u00e1mske ORGANIC nohavice Nataly maj\u00fa zn\u00ed\u017een\u00fd sed, osvie\u017een\u00e9 s\u00fa elegantn\u00fdm prekladom.\" \/>\n<meta property=\"og:url\" content=\"https:\/\/www.ladime.sk\/zeny\/damske-nohavice\/organic-damske-nohavice-nataly\/\" \/>\n<meta property=\"og:site_name\" content=\"ladime.sk\" \/>\n<meta property=\"article:modified_time\" content=\"2025-11-11T08:16:30+00:00\" \/>\n<meta property=\"og:image\" content=\"https:\/\/www.ladime.sk\/wp-content\/uploads\/2022\/10\/ladime_zeny_nohavice_antracitova_moda_buducnosti_na-kazdy-den-a-kazdu-prilezitost_3.jpg\" \/>\n\t<meta property=\"og:image:width\" content=\"805\" \/>\n\t<meta property=\"og:image:height\" content=\"1006\" \/>\n\t<meta property=\"og:image:type\" content=\"image\/jpeg\" \/>\n<meta name=\"twitter:card\" content=\"summary_large_image\" \/>\n<meta name=\"twitter:label1\" content=\"Odhadovan\u00e1 doba \u010dten\u00ed\" \/>\n\t<meta name=\"twitter:data1\" content=\"1 minuta\" \/>\n<script type=\"application\/ld+json\" class=\"yoast-schema-graph\">{\"@context\":\"https:\\\/\\\/schema.org\",\"@graph\":[{\"@type\":\"WebPage\",\"@id\":\"https:\\\/\\\/www.ladime.sk\\\/zeny\\\/damske-nohavice\\\/organic-damske-nohavice-nataly\\\/\",\"url\":\"https:\\\/\\\/www.ladime.sk\\\/zeny\\\/damske-nohavice\\\/organic-damske-nohavice-nataly\\\/\",\"name\":\"D\u00e1mske ORGANIC nohavice Nataly - ladime.sk\",\"isPartOf\":{\"@id\":\"https:\\\/\\\/www.ladime.sk\\\/#website\"},\"primaryImageOfPage\":{\"@id\":\"https:\\\/\\\/www.ladime.sk\\\/zeny\\\/damske-nohavice\\\/organic-damske-nohavice-nataly\\\/#primaryimage\"},\"image\":{\"@id\":\"https:\\\/\\\/www.ladime.sk\\\/zeny\\\/damske-nohavice\\\/organic-damske-nohavice-nataly\\\/#primaryimage\"},\"thumbnailUrl\":\"https:\\\/\\\/www.ladime.sk\\\/wp-content\\\/uploads\\\/2022\\\/10\\\/ladime_zeny_nohavice_antracitova_moda_buducnosti_na-kazdy-den-a-kazdu-prilezitost_3.jpg\",\"datePublished\":\"2022-10-14T12:58:22+00:00\",\"dateModified\":\"2025-11-11T08:16:30+00:00\",\"description\":\"Vyjdite z priemeru a siahnite po originalite. D\u00e1mske ORGANIC nohavice Nataly maj\u00fa zn\u00ed\u017een\u00fd sed, osvie\u017een\u00e9 s\u00fa elegantn\u00fdm prekladom.\",\"breadcrumb\":{\"@id\":\"https:\\\/\\\/www.ladime.sk\\\/zeny\\\/damske-nohavice\\\/organic-damske-nohavice-nataly\\\/#breadcrumb\"},\"inLanguage\":\"cs\",\"potentialAction\":[{\"@type\":\"ReadAction\",\"target\":[\"https:\\\/\\\/www.ladime.sk\\\/zeny\\\/damske-nohavice\\\/organic-damske-nohavice-nataly\\\/\"]}]},{\"@type\":\"ImageObject\",\"inLanguage\":\"cs\",\"@id\":\"https:\\\/\\\/www.ladime.sk\\\/zeny\\\/damske-nohavice\\\/organic-damske-nohavice-nataly\\\/#primaryimage\",\"url\":\"https:\\\/\\\/www.ladime.sk\\\/wp-content\\\/uploads\\\/2022\\\/10\\\/ladime_zeny_nohavice_antracitova_moda_buducnosti_na-kazdy-den-a-kazdu-prilezitost_3.jpg\",\"contentUrl\":\"https:\\\/\\\/www.ladime.sk\\\/wp-content\\\/uploads\\\/2022\\\/10\\\/ladime_zeny_nohavice_antracitova_moda_buducnosti_na-kazdy-den-a-kazdu-prilezitost_3.jpg\",\"width\":805,\"height\":1006,\"caption\":\"D\u00e1mske ORGANIC nohavice Nataly\"},{\"@type\":\"BreadcrumbList\",\"@id\":\"https:\\\/\\\/www.ladime.sk\\\/zeny\\\/damske-nohavice\\\/organic-damske-nohavice-nataly\\\/#breadcrumb\",\"itemListElement\":[{\"@type\":\"ListItem\",\"position\":1,\"name\":\"\u00davod\",\"item\":\"https:\\\/\\\/www.ladime.sk\\\/\"},{\"@type\":\"ListItem\",\"position\":2,\"name\":\"Obchod\",\"item\":\"https:\\\/\\\/www.ladime.sk\\\/cs\\\/shop-cs\\\/\"},{\"@type\":\"ListItem\",\"position\":3,\"name\":\"D\u00e1mske ORGANIC nohavice Nataly\"}]},{\"@type\":\"WebSite\",\"@id\":\"https:\\\/\\\/www.ladime.sk\\\/#website\",\"url\":\"https:\\\/\\\/www.ladime.sk\\\/\",\"name\":\"ladime.sk\",\"description\":\"Ke\u010f lad\u00edme so svetom, mysl\u00edme na bud\u00facnos\u0165.\",\"publisher\":{\"@id\":\"https:\\\/\\\/www.ladime.sk\\\/#organization\"},\"potentialAction\":[{\"@type\":\"SearchAction\",\"target\":{\"@type\":\"EntryPoint\",\"urlTemplate\":\"https:\\\/\\\/www.ladime.sk\\\/?s={search_term_string}\"},\"query-input\":{\"@type\":\"PropertyValueSpecification\",\"valueRequired\":true,\"valueName\":\"search_term_string\"}}],\"inLanguage\":\"cs\"},{\"@type\":\"Organization\",\"@id\":\"https:\\\/\\\/www.ladime.sk\\\/#organization\",\"name\":\"Lad\u00edme\",\"url\":\"https:\\\/\\\/www.ladime.sk\\\/\",\"logo\":{\"@type\":\"ImageObject\",\"inLanguage\":\"cs\",\"@id\":\"https:\\\/\\\/www.ladime.sk\\\/#\\\/schema\\\/logo\\\/image\\\/\",\"url\":\"https:\\\/\\\/www.ladime.sk\\\/wp-content\\\/uploads\\\/2021\\\/08\\\/logo_ladime.svg\",\"contentUrl\":\"https:\\\/\\\/www.ladime.sk\\\/wp-content\\\/uploads\\\/2021\\\/08\\\/logo_ladime.svg\",\"width\":366,\"height\":185,\"caption\":\"Lad\u00edme\"},\"image\":{\"@id\":\"https:\\\/\\\/www.ladime.sk\\\/#\\\/schema\\\/logo\\\/image\\\/\"}}]}<\/script>\n<!-- \/ Yoast SEO plugin. -->","yoast_head_json":{"title":"D\u00e1mske ORGANIC nohavice Nataly - ladime.sk","description":"Vyjdite z priemeru a siahnite po originalite. D\u00e1mske ORGANIC nohavice Nataly maj\u00fa zn\u00ed\u017een\u00fd sed, osvie\u017een\u00e9 s\u00fa elegantn\u00fdm prekladom.","robots":{"index":"index","follow":"follow","max-snippet":"max-snippet:-1","max-image-preview":"max-image-preview:large","max-video-preview":"max-video-preview:-1"},"canonical":"https:\/\/www.ladime.sk\/zeny\/damske-nohavice\/organic-damske-nohavice-nataly\/","og_locale":"cs_CZ","og_type":"article","og_title":"D\u00e1mske ORGANIC nohavice Nataly - ladime.sk","og_description":"Vyjdite z priemeru a siahnite po originalite. D\u00e1mske ORGANIC nohavice Nataly maj\u00fa zn\u00ed\u017een\u00fd sed, osvie\u017een\u00e9 s\u00fa elegantn\u00fdm prekladom.","og_url":"https:\/\/www.ladime.sk\/zeny\/damske-nohavice\/organic-damske-nohavice-nataly\/","og_site_name":"ladime.sk","article_modified_time":"2025-11-11T08:16:30+00:00","og_image":[{"width":805,"height":1006,"url":"https:\/\/www.ladime.sk\/wp-content\/uploads\/2022\/10\/ladime_zeny_nohavice_antracitova_moda_buducnosti_na-kazdy-den-a-kazdu-prilezitost_3.jpg","type":"image\/jpeg"}],"twitter_card":"summary_large_image","twitter_misc":{"Odhadovan\u00e1 doba \u010dten\u00ed":"1 minuta"},"schema":{"@context":"https:\/\/schema.org","@graph":[{"@type":"WebPage","@id":"https:\/\/www.ladime.sk\/zeny\/damske-nohavice\/organic-damske-nohavice-nataly\/","url":"https:\/\/www.ladime.sk\/zeny\/damske-nohavice\/organic-damske-nohavice-nataly\/","name":"D\u00e1mske ORGANIC nohavice Nataly - ladime.sk","isPartOf":{"@id":"https:\/\/www.ladime.sk\/#website"},"primaryImageOfPage":{"@id":"https:\/\/www.ladime.sk\/zeny\/damske-nohavice\/organic-damske-nohavice-nataly\/#primaryimage"},"image":{"@id":"https:\/\/www.ladime.sk\/zeny\/damske-nohavice\/organic-damske-nohavice-nataly\/#primaryimage"},"thumbnailUrl":"https:\/\/www.ladime.sk\/wp-content\/uploads\/2022\/10\/ladime_zeny_nohavice_antracitova_moda_buducnosti_na-kazdy-den-a-kazdu-prilezitost_3.jpg","datePublished":"2022-10-14T12:58:22+00:00","dateModified":"2025-11-11T08:16:30+00:00","description":"Vyjdite z priemeru a siahnite po originalite. D\u00e1mske ORGANIC nohavice Nataly maj\u00fa zn\u00ed\u017een\u00fd sed, osvie\u017een\u00e9 s\u00fa elegantn\u00fdm prekladom.","breadcrumb":{"@id":"https:\/\/www.ladime.sk\/zeny\/damske-nohavice\/organic-damske-nohavice-nataly\/#breadcrumb"},"inLanguage":"cs","potentialAction":[{"@type":"ReadAction","target":["https:\/\/www.ladime.sk\/zeny\/damske-nohavice\/organic-damske-nohavice-nataly\/"]}]},{"@type":"ImageObject","inLanguage":"cs","@id":"https:\/\/www.ladime.sk\/zeny\/damske-nohavice\/organic-damske-nohavice-nataly\/#primaryimage","url":"https:\/\/www.ladime.sk\/wp-content\/uploads\/2022\/10\/ladime_zeny_nohavice_antracitova_moda_buducnosti_na-kazdy-den-a-kazdu-prilezitost_3.jpg","contentUrl":"https:\/\/www.ladime.sk\/wp-content\/uploads\/2022\/10\/ladime_zeny_nohavice_antracitova_moda_buducnosti_na-kazdy-den-a-kazdu-prilezitost_3.jpg","width":805,"height":1006,"caption":"D\u00e1mske ORGANIC nohavice Nataly"},{"@type":"BreadcrumbList","@id":"https:\/\/www.ladime.sk\/zeny\/damske-nohavice\/organic-damske-nohavice-nataly\/#breadcrumb","itemListElement":[{"@type":"ListItem","position":1,"name":"\u00davod","item":"https:\/\/www.ladime.sk\/"},{"@type":"ListItem","position":2,"name":"Obchod","item":"https:\/\/www.ladime.sk\/cs\/shop-cs\/"},{"@type":"ListItem","position":3,"name":"D\u00e1mske ORGANIC nohavice Nataly"}]},{"@type":"WebSite","@id":"https:\/\/www.ladime.sk\/#website","url":"https:\/\/www.ladime.sk\/","name":"ladime.sk","description":"Ke\u010f lad\u00edme so svetom, mysl\u00edme na bud\u00facnos\u0165.","publisher":{"@id":"https:\/\/www.ladime.sk\/#organization"},"potentialAction":[{"@type":"SearchAction","target":{"@type":"EntryPoint","urlTemplate":"https:\/\/www.ladime.sk\/?s={search_term_string}"},"query-input":{"@type":"PropertyValueSpecification","valueRequired":true,"valueName":"search_term_string"}}],"inLanguage":"cs"},{"@type":"Organization","@id":"https:\/\/www.ladime.sk\/#organization","name":"Lad\u00edme","url":"https:\/\/www.ladime.sk\/","logo":{"@type":"ImageObject","inLanguage":"cs","@id":"https:\/\/www.ladime.sk\/#\/schema\/logo\/image\/","url":"https:\/\/www.ladime.sk\/wp-content\/uploads\/2021\/08\/logo_ladime.svg","contentUrl":"https:\/\/www.ladime.sk\/wp-content\/uploads\/2021\/08\/logo_ladime.svg","width":366,"height":185,"caption":"Lad\u00edme"},"image":{"@id":"https:\/\/www.ladime.sk\/#\/schema\/logo\/image\/"}}]}},"_links":{"self":[{"href":"https:\/\/www.ladime.sk\/cs\/wp-json\/wp\/v2\/product\/5676600","targetHints":{"allow":["GET"]}}],"collection":[{"href":"https:\/\/www.ladime.sk\/cs\/wp-json\/wp\/v2\/product"}],"about":[{"href":"https:\/\/www.ladime.sk\/cs\/wp-json\/wp\/v2\/types\/product"}],"replies":[{"embeddable":true,"href":"https:\/\/www.ladime.sk\/cs\/wp-json\/wp\/v2\/comments?post=5676600"}],"version-history":[{"count":0,"href":"https:\/\/www.ladime.sk\/cs\/wp-json\/wp\/v2\/product\/5676600\/revisions"}],"wp:featuredmedia":[{"embeddable":true,"href":"https:\/\/www.ladime.sk\/cs\/wp-json\/wp\/v2\/media\/5676606"}],"wp:attachment":[{"href":"https:\/\/www.ladime.sk\/cs\/wp-json\/wp\/v2\/media?parent=5676600"}],"wp:term":[{"taxonomy":"product_brand","embeddable":true,"href":"https:\/\/www.ladime.sk\/cs\/wp-json\/wp\/v2\/product_brand?post=5676600"},{"taxonomy":"product_cat","embeddable":true,"href":"https:\/\/www.ladime.sk\/cs\/wp-json\/wp\/v2\/product_cat?post=5676600"},{"taxonomy":"product_tag","embeddable":true,"href":"https:\/\/www.ladime.sk\/cs\/wp-json\/wp\/v2\/product_tag?post=5676600"}],"curies":[{"name":"wp","href":"https:\/\/api.w.org\/{rel}","templated":true}]}}