{"id":5676593,"date":"2024-11-07T13:49:02","date_gmt":"2024-11-07T12:49:02","guid":{"rendered":"https:\/\/www.ladime.sk\/?post_type=product&#038;p=5676593"},"modified":"2026-02-04T16:54:07","modified_gmt":"2026-02-04T15:54:07","slug":"organic-damsky-top-mina","status":"publish","type":"product","link":"https:\/\/www.ladime.sk\/cs\/zeny\/damske-topy\/organic-damsky-top-mina\/","title":{"rendered":"D\u00e1msky ORGANIC top Mina"},"content":{"rendered":"<h2>D\u00e1msky ORGANIC top Mina<\/h2>\n<p>Tento origin\u00e1lny <strong><a href=\"https:\/\/www.ladime.sk\/zeny\/damske-topy\/\" target=\"_blank\" rel=\"noopener\">handmade celoro\u010dn\u00fd top<\/a><\/strong> s man\u017eetou do p\u00e1sa sme vyrobili pre tie z v\u00e1s, ktor\u00e9 sa neboja extravagancie a h\u013eadaj\u00fa komfortn\u00fa eleganciu. Jeho vzh\u013ead dotv\u00e1raj\u00fa v\u00fdrazn\u00e9 nariasen\u00e9 ruk\u00e1vy s pred\u013a\u017eenou man\u017eetou. Spolu s jemnos\u0165ou materi\u00e1lu z neho robia k\u00fasok, ktor\u00fd p\u00f4sob\u00ed elegantne a \u017eensky. Aby mohol vynikn\u00fa\u0165 v\u00e1\u0161 pekne tvarovan\u00fd p\u00e1s, zv\u00fdrazn\u00ed ho man\u017eeta.<\/p>\n<p><strong>D\u00e1msky top<\/strong> <strong>Mina<\/strong> z jemnej <strong>biobavlny<\/strong> sa postar\u00e1 o pocit pohodlia, \u010di budete v pr\u00e1ci, v divadle alebo si budete chcie\u0165 posedie\u0165 pri ve\u010deri s priate\u013emi. \u0160t\u00fdlov\u00fd elegantn\u00fd <strong>outfit<\/strong> vytvor\u00edte spolu s men\u010destrov\u00fdmi \u010di organic <strong><a href=\"https:\/\/www.ladime.sk\/zeny\/damske-nohavice\/\" target=\"_blank\" rel=\"noopener\">nohavicami<\/a><\/strong> a \u010di\u017emi\u010dkami.<\/p>\n<p>Modelka Mia\u00a0 m\u00e1 oble\u010den\u00fa ve\u013ekos\u0165 36. V\u00fd\u0161ka modelky: 163cm a miery: 92-70-95<\/p>\n","protected":false},"excerpt":{"rendered":"<div class=\"o9v6fnle cxmmr5t8 oygrvhab hcukyx3x c1et5uql\">\n<div class=\"o9v6fnle cxmmr5t8 oygrvhab hcukyx3x c1et5uql\">\n<div>UDR\u017dATE\u013dN\u00dd K\u00daSOK<\/div>\n<div>\n<p><strong>Origin\u00e1lny d\u00e1msky ORGANIC top Mina<\/strong> dovol\u00ed vynikn\u00fa\u0165 krivk\u00e1m va\u0161ej postavy. Pr\u00edrodn\u00e1 biobavlna sa postar\u00e1 o pocit pohodlia, jedine\u010dn\u00e9 ruk\u00e1vy z\u00e1rove\u0148 dodaj\u00fa na zauj\u00edmavosti ka\u017ed\u00e9mu outfitu.<\/p>\n<\/div>\n<div><strong>Materi\u00e1lov\u00e9 zlo\u017eenie:<\/strong>\u00a095% BIO bavlna 5% elastan<\/div>\n<div>\n<div><strong>Certifik\u00e1ty materi\u00e1lu: <\/strong>OEKO-TEX 100, Trieda 1<\/div>\n<div>\u00a0 \u00a0 \u00a0 \u00a0 \u00a0 \u00a0 \u00a0 \u00a0 \u00a0 \u00a0 \u00a0 \u00a0 \u00a0 \u00a0 \u00a0 \u00a0 \u00a0 \u00a0 \u00a0 \u00a0 \u00a0 \u00a0 ORGANIC<\/div>\n<\/div>\n<div class=\"o9v6fnle cxmmr5t8 oygrvhab hcukyx3x c1et5uql\"><\/div>\n<\/div>\n<\/div>\n","protected":false},"featured_media":5682650,"comment_status":"closed","ping_status":"closed","template":"","meta":{"_acf_changed":false,"inline_featured_image":false},"product_brand":[],"product_cat":[79],"product_tag":[],"class_list":{"0":"post-5676593","1":"product","2":"type-product","3":"status-publish","4":"has-post-thumbnail","6":"product_cat-damske-topy","8":"first","9":"onbackorder","10":"shipping-taxable","11":"purchasable","12":"product-type-variable","13":"wvs-archive-product-wrapper"},"acf":[],"yoast_head":"<!-- This site is optimized with the Yoast SEO plugin v27.4 - https:\/\/yoast.com\/product\/yoast-seo-wordpress\/ -->\n<title>D\u00e1msky ORGANIC top Mina - ladime.sk<\/title>\n<meta name=\"description\" content=\"Origin\u00e1lny celoro\u010dn\u00fd d\u00e1msky ORGANIC top Mina dovol\u00ed vynikn\u00fa\u0165 krivk\u00e1m va\u0161ej postavy. Pr\u00edrodn\u00fd po\u010desan\u00fd bavlnen\u00fd \u00faplet sa postar\u00e1 o pohodlie.\" \/>\n<meta name=\"robots\" content=\"index, follow, max-snippet:-1, max-image-preview:large, max-video-preview:-1\" \/>\n<link rel=\"canonical\" href=\"https:\/\/www.ladime.sk\/zeny\/damske-topy\/organic-damsky-top-mina\/\" \/>\n<meta property=\"og:locale\" content=\"cs_CZ\" \/>\n<meta property=\"og:type\" content=\"article\" \/>\n<meta property=\"og:title\" content=\"D\u00e1msky ORGANIC top Mina - ladime.sk\" \/>\n<meta property=\"og:description\" content=\"Origin\u00e1lny celoro\u010dn\u00fd d\u00e1msky ORGANIC top Mina dovol\u00ed vynikn\u00fa\u0165 krivk\u00e1m va\u0161ej postavy. Pr\u00edrodn\u00fd po\u010desan\u00fd bavlnen\u00fd \u00faplet sa postar\u00e1 o pohodlie.\" \/>\n<meta property=\"og:url\" content=\"https:\/\/www.ladime.sk\/zeny\/damske-topy\/organic-damsky-top-mina\/\" \/>\n<meta property=\"og:site_name\" content=\"ladime.sk\" \/>\n<meta property=\"article:modified_time\" content=\"2026-02-04T15:54:07+00:00\" \/>\n<meta property=\"og:image\" content=\"https:\/\/www.ladime.sk\/wp-content\/uploads\/2022\/10\/ladime_zeny_top_organic_ruzovofialova_moda_buducnosti_1.jpg\" \/>\n\t<meta property=\"og:image:width\" content=\"805\" \/>\n\t<meta property=\"og:image:height\" content=\"1006\" \/>\n\t<meta property=\"og:image:type\" content=\"image\/jpeg\" \/>\n<meta name=\"twitter:card\" content=\"summary_large_image\" \/>\n<meta name=\"twitter:label1\" content=\"Odhadovan\u00e1 doba \u010dten\u00ed\" \/>\n\t<meta name=\"twitter:data1\" content=\"1 minuta\" \/>\n<script type=\"application\/ld+json\" class=\"yoast-schema-graph\">{\"@context\":\"https:\\\/\\\/schema.org\",\"@graph\":[{\"@type\":\"WebPage\",\"@id\":\"https:\\\/\\\/www.ladime.sk\\\/zeny\\\/damske-topy\\\/organic-damsky-top-mina\\\/\",\"url\":\"https:\\\/\\\/www.ladime.sk\\\/zeny\\\/damske-topy\\\/organic-damsky-top-mina\\\/\",\"name\":\"D\u00e1msky ORGANIC top Mina - ladime.sk\",\"isPartOf\":{\"@id\":\"https:\\\/\\\/www.ladime.sk\\\/#website\"},\"primaryImageOfPage\":{\"@id\":\"https:\\\/\\\/www.ladime.sk\\\/zeny\\\/damske-topy\\\/organic-damsky-top-mina\\\/#primaryimage\"},\"image\":{\"@id\":\"https:\\\/\\\/www.ladime.sk\\\/zeny\\\/damske-topy\\\/organic-damsky-top-mina\\\/#primaryimage\"},\"thumbnailUrl\":\"https:\\\/\\\/www.ladime.sk\\\/wp-content\\\/uploads\\\/2022\\\/10\\\/ladime_zeny_top_organic_ruzovofialova_moda_buducnosti_1.jpg\",\"datePublished\":\"2024-11-07T12:49:02+00:00\",\"dateModified\":\"2026-02-04T15:54:07+00:00\",\"description\":\"Origin\u00e1lny celoro\u010dn\u00fd d\u00e1msky ORGANIC top Mina dovol\u00ed vynikn\u00fa\u0165 krivk\u00e1m va\u0161ej postavy. Pr\u00edrodn\u00fd po\u010desan\u00fd bavlnen\u00fd \u00faplet sa postar\u00e1 o pohodlie.\",\"breadcrumb\":{\"@id\":\"https:\\\/\\\/www.ladime.sk\\\/zeny\\\/damske-topy\\\/organic-damsky-top-mina\\\/#breadcrumb\"},\"inLanguage\":\"cs\",\"potentialAction\":[{\"@type\":\"ReadAction\",\"target\":[\"https:\\\/\\\/www.ladime.sk\\\/zeny\\\/damske-topy\\\/organic-damsky-top-mina\\\/\"]}]},{\"@type\":\"ImageObject\",\"inLanguage\":\"cs\",\"@id\":\"https:\\\/\\\/www.ladime.sk\\\/zeny\\\/damske-topy\\\/organic-damsky-top-mina\\\/#primaryimage\",\"url\":\"https:\\\/\\\/www.ladime.sk\\\/wp-content\\\/uploads\\\/2022\\\/10\\\/ladime_zeny_top_organic_ruzovofialova_moda_buducnosti_1.jpg\",\"contentUrl\":\"https:\\\/\\\/www.ladime.sk\\\/wp-content\\\/uploads\\\/2022\\\/10\\\/ladime_zeny_top_organic_ruzovofialova_moda_buducnosti_1.jpg\",\"width\":805,\"height\":1006},{\"@type\":\"BreadcrumbList\",\"@id\":\"https:\\\/\\\/www.ladime.sk\\\/zeny\\\/damske-topy\\\/organic-damsky-top-mina\\\/#breadcrumb\",\"itemListElement\":[{\"@type\":\"ListItem\",\"position\":1,\"name\":\"\u00davod\",\"item\":\"https:\\\/\\\/www.ladime.sk\\\/\"},{\"@type\":\"ListItem\",\"position\":2,\"name\":\"Obchod\",\"item\":\"https:\\\/\\\/www.ladime.sk\\\/cs\\\/shop-cs\\\/\"},{\"@type\":\"ListItem\",\"position\":3,\"name\":\"D\u00e1msky ORGANIC top Mina\"}]},{\"@type\":\"WebSite\",\"@id\":\"https:\\\/\\\/www.ladime.sk\\\/#website\",\"url\":\"https:\\\/\\\/www.ladime.sk\\\/\",\"name\":\"ladime.sk\",\"description\":\"Ke\u010f lad\u00edme so svetom, mysl\u00edme na bud\u00facnos\u0165.\",\"publisher\":{\"@id\":\"https:\\\/\\\/www.ladime.sk\\\/#organization\"},\"potentialAction\":[{\"@type\":\"SearchAction\",\"target\":{\"@type\":\"EntryPoint\",\"urlTemplate\":\"https:\\\/\\\/www.ladime.sk\\\/?s={search_term_string}\"},\"query-input\":{\"@type\":\"PropertyValueSpecification\",\"valueRequired\":true,\"valueName\":\"search_term_string\"}}],\"inLanguage\":\"cs\"},{\"@type\":\"Organization\",\"@id\":\"https:\\\/\\\/www.ladime.sk\\\/#organization\",\"name\":\"Lad\u00edme\",\"url\":\"https:\\\/\\\/www.ladime.sk\\\/\",\"logo\":{\"@type\":\"ImageObject\",\"inLanguage\":\"cs\",\"@id\":\"https:\\\/\\\/www.ladime.sk\\\/#\\\/schema\\\/logo\\\/image\\\/\",\"url\":\"https:\\\/\\\/www.ladime.sk\\\/wp-content\\\/uploads\\\/2021\\\/08\\\/logo_ladime.svg\",\"contentUrl\":\"https:\\\/\\\/www.ladime.sk\\\/wp-content\\\/uploads\\\/2021\\\/08\\\/logo_ladime.svg\",\"width\":366,\"height\":185,\"caption\":\"Lad\u00edme\"},\"image\":{\"@id\":\"https:\\\/\\\/www.ladime.sk\\\/#\\\/schema\\\/logo\\\/image\\\/\"}}]}<\/script>\n<!-- \/ Yoast SEO plugin. -->","yoast_head_json":{"title":"D\u00e1msky ORGANIC top Mina - ladime.sk","description":"Origin\u00e1lny celoro\u010dn\u00fd d\u00e1msky ORGANIC top Mina dovol\u00ed vynikn\u00fa\u0165 krivk\u00e1m va\u0161ej postavy. Pr\u00edrodn\u00fd po\u010desan\u00fd bavlnen\u00fd \u00faplet sa postar\u00e1 o pohodlie.","robots":{"index":"index","follow":"follow","max-snippet":"max-snippet:-1","max-image-preview":"max-image-preview:large","max-video-preview":"max-video-preview:-1"},"canonical":"https:\/\/www.ladime.sk\/zeny\/damske-topy\/organic-damsky-top-mina\/","og_locale":"cs_CZ","og_type":"article","og_title":"D\u00e1msky ORGANIC top Mina - ladime.sk","og_description":"Origin\u00e1lny celoro\u010dn\u00fd d\u00e1msky ORGANIC top Mina dovol\u00ed vynikn\u00fa\u0165 krivk\u00e1m va\u0161ej postavy. Pr\u00edrodn\u00fd po\u010desan\u00fd bavlnen\u00fd \u00faplet sa postar\u00e1 o pohodlie.","og_url":"https:\/\/www.ladime.sk\/zeny\/damske-topy\/organic-damsky-top-mina\/","og_site_name":"ladime.sk","article_modified_time":"2026-02-04T15:54:07+00:00","og_image":[{"width":805,"height":1006,"url":"https:\/\/www.ladime.sk\/wp-content\/uploads\/2022\/10\/ladime_zeny_top_organic_ruzovofialova_moda_buducnosti_1.jpg","type":"image\/jpeg"}],"twitter_card":"summary_large_image","twitter_misc":{"Odhadovan\u00e1 doba \u010dten\u00ed":"1 minuta"},"schema":{"@context":"https:\/\/schema.org","@graph":[{"@type":"WebPage","@id":"https:\/\/www.ladime.sk\/zeny\/damske-topy\/organic-damsky-top-mina\/","url":"https:\/\/www.ladime.sk\/zeny\/damske-topy\/organic-damsky-top-mina\/","name":"D\u00e1msky ORGANIC top Mina - ladime.sk","isPartOf":{"@id":"https:\/\/www.ladime.sk\/#website"},"primaryImageOfPage":{"@id":"https:\/\/www.ladime.sk\/zeny\/damske-topy\/organic-damsky-top-mina\/#primaryimage"},"image":{"@id":"https:\/\/www.ladime.sk\/zeny\/damske-topy\/organic-damsky-top-mina\/#primaryimage"},"thumbnailUrl":"https:\/\/www.ladime.sk\/wp-content\/uploads\/2022\/10\/ladime_zeny_top_organic_ruzovofialova_moda_buducnosti_1.jpg","datePublished":"2024-11-07T12:49:02+00:00","dateModified":"2026-02-04T15:54:07+00:00","description":"Origin\u00e1lny celoro\u010dn\u00fd d\u00e1msky ORGANIC top Mina dovol\u00ed vynikn\u00fa\u0165 krivk\u00e1m va\u0161ej postavy. Pr\u00edrodn\u00fd po\u010desan\u00fd bavlnen\u00fd \u00faplet sa postar\u00e1 o pohodlie.","breadcrumb":{"@id":"https:\/\/www.ladime.sk\/zeny\/damske-topy\/organic-damsky-top-mina\/#breadcrumb"},"inLanguage":"cs","potentialAction":[{"@type":"ReadAction","target":["https:\/\/www.ladime.sk\/zeny\/damske-topy\/organic-damsky-top-mina\/"]}]},{"@type":"ImageObject","inLanguage":"cs","@id":"https:\/\/www.ladime.sk\/zeny\/damske-topy\/organic-damsky-top-mina\/#primaryimage","url":"https:\/\/www.ladime.sk\/wp-content\/uploads\/2022\/10\/ladime_zeny_top_organic_ruzovofialova_moda_buducnosti_1.jpg","contentUrl":"https:\/\/www.ladime.sk\/wp-content\/uploads\/2022\/10\/ladime_zeny_top_organic_ruzovofialova_moda_buducnosti_1.jpg","width":805,"height":1006},{"@type":"BreadcrumbList","@id":"https:\/\/www.ladime.sk\/zeny\/damske-topy\/organic-damsky-top-mina\/#breadcrumb","itemListElement":[{"@type":"ListItem","position":1,"name":"\u00davod","item":"https:\/\/www.ladime.sk\/"},{"@type":"ListItem","position":2,"name":"Obchod","item":"https:\/\/www.ladime.sk\/cs\/shop-cs\/"},{"@type":"ListItem","position":3,"name":"D\u00e1msky ORGANIC top Mina"}]},{"@type":"WebSite","@id":"https:\/\/www.ladime.sk\/#website","url":"https:\/\/www.ladime.sk\/","name":"ladime.sk","description":"Ke\u010f lad\u00edme so svetom, mysl\u00edme na bud\u00facnos\u0165.","publisher":{"@id":"https:\/\/www.ladime.sk\/#organization"},"potentialAction":[{"@type":"SearchAction","target":{"@type":"EntryPoint","urlTemplate":"https:\/\/www.ladime.sk\/?s={search_term_string}"},"query-input":{"@type":"PropertyValueSpecification","valueRequired":true,"valueName":"search_term_string"}}],"inLanguage":"cs"},{"@type":"Organization","@id":"https:\/\/www.ladime.sk\/#organization","name":"Lad\u00edme","url":"https:\/\/www.ladime.sk\/","logo":{"@type":"ImageObject","inLanguage":"cs","@id":"https:\/\/www.ladime.sk\/#\/schema\/logo\/image\/","url":"https:\/\/www.ladime.sk\/wp-content\/uploads\/2021\/08\/logo_ladime.svg","contentUrl":"https:\/\/www.ladime.sk\/wp-content\/uploads\/2021\/08\/logo_ladime.svg","width":366,"height":185,"caption":"Lad\u00edme"},"image":{"@id":"https:\/\/www.ladime.sk\/#\/schema\/logo\/image\/"}}]}},"_links":{"self":[{"href":"https:\/\/www.ladime.sk\/cs\/wp-json\/wp\/v2\/product\/5676593","targetHints":{"allow":["GET"]}}],"collection":[{"href":"https:\/\/www.ladime.sk\/cs\/wp-json\/wp\/v2\/product"}],"about":[{"href":"https:\/\/www.ladime.sk\/cs\/wp-json\/wp\/v2\/types\/product"}],"replies":[{"embeddable":true,"href":"https:\/\/www.ladime.sk\/cs\/wp-json\/wp\/v2\/comments?post=5676593"}],"version-history":[{"count":0,"href":"https:\/\/www.ladime.sk\/cs\/wp-json\/wp\/v2\/product\/5676593\/revisions"}],"wp:featuredmedia":[{"embeddable":true,"href":"https:\/\/www.ladime.sk\/cs\/wp-json\/wp\/v2\/media\/5682650"}],"wp:attachment":[{"href":"https:\/\/www.ladime.sk\/cs\/wp-json\/wp\/v2\/media?parent=5676593"}],"wp:term":[{"taxonomy":"product_brand","embeddable":true,"href":"https:\/\/www.ladime.sk\/cs\/wp-json\/wp\/v2\/product_brand?post=5676593"},{"taxonomy":"product_cat","embeddable":true,"href":"https:\/\/www.ladime.sk\/cs\/wp-json\/wp\/v2\/product_cat?post=5676593"},{"taxonomy":"product_tag","embeddable":true,"href":"https:\/\/www.ladime.sk\/cs\/wp-json\/wp\/v2\/product_tag?post=5676593"}],"curies":[{"name":"wp","href":"https:\/\/api.w.org\/{rel}","templated":true}]}}