{"id":5676575,"date":"2022-10-14T14:21:42","date_gmt":"2022-10-14T12:21:42","guid":{"rendered":"https:\/\/www.ladime.sk\/?post_type=product&#038;p=5676575"},"modified":"2025-11-28T20:14:35","modified_gmt":"2025-11-28T19:14:35","slug":"organic-damsky-top-elizabeth","status":"publish","type":"product","link":"https:\/\/www.ladime.sk\/cs\/zeny\/damske-topy\/organic-damsky-top-elizabeth\/","title":{"rendered":"D\u00e1msky ORGANIC top Elizabeth"},"content":{"rendered":"<h2>D\u00e1msky ORGANIC top Elizabeth \u2014 s\u00falad komfortu a extravagancie<\/h2>\n<p>Elegantn\u00e9, \u017eensk\u00e9 a zmyseln\u00e9 riasenie a cis\u00e1rsky ruk\u00e1v, ktor\u00fd pod\u010diarkuje nev\u0161ednos\u0165 dizajnu. To je <strong>d\u00e1msky ORGANIC top Elizabeth. <\/strong>Tento n\u00e1dhern\u00fd prechodn\u00fd top s v\u00e9\u010dkov\u00fdm v\u00fdstrihom sme vyrobili pre tie z v\u00e1s, ktor\u00e9 sa neboja extravagancie a z\u00e1rove\u0148 miluj\u00fa komfort.<\/p>\n<p><strong>Udr\u017eate\u013en\u00e1 m\u00f3da<\/strong> mysl\u00ed aj na va\u0161e pohodlie. Tento <strong><a href=\"https:\/\/www.ladime.sk\/zeny\/damske-topy\/\" target=\"_blank\" rel=\"noopener\">d\u00e1msky top<\/a><\/strong> p\u00f4sob\u00ed kr\u00e1\u013eovsky, a\u00a0zarad\u00ed sa k exkluz\u00edvnym k\u00faskom\u00a0v\u00e1\u0161ho \u0161atn\u00edka. Jemnu\u010dk\u00e1 biobavlna, z\u00a0ktorej je u\u0161it\u00fd, v\u00e1m prinesie jemn\u00e9 pohladenie a\u00a0pocit luxusu, \u010di ste pr\u00e1ve v\u00a0pr\u00e1ci alebo sed\u00edte pri \u0161\u00e1lke k\u00e1vy s priate\u013ekami. \u0160t\u00fdlov\u00fd mestsk\u00fd outfit si vytvor\u00edte v spojen\u00ed s na\u0161imi elegantn\u00fdmi <strong><a href=\"https:\/\/www.ladime.sk\/zeny\/damske-nohavice\/\" target=\"_blank\" rel=\"noopener\">softshell \u010di tepl\u00e1kov\u00fdmi nohavicami<\/a><\/strong>. Objedna\u0165 si ho m\u00f4\u017eete vo \u010diernej, bielej, striebornej alebo smaragdovo zelenej farbe.<\/p>\n<p>Modelka mamina Val\u00e9ria\u00a0 m\u00e1 oble\u010den\u00fa ve\u013ekos\u0165 36. V\u00fd\u0161ka modelky: 163cm a miery: 90-70-90<\/p>\n","protected":false},"excerpt":{"rendered":"<div class=\"o9v6fnle cxmmr5t8 oygrvhab hcukyx3x c1et5uql\">\n<div class=\"o9v6fnle cxmmr5t8 oygrvhab hcukyx3x c1et5uql\">\n<div>UDR\u017dATE\u013dN\u00dd K\u00daSOK<\/div>\n<div>\n<p>Prechodn\u00fd d\u00e1msky ORGANIC top Elizabeth s v\u00e9\u010dkov\u00fdm v\u00fdstrihom sme vyrobili pre tie z v\u00e1s, ktor\u00e9 sa neboja extravagancie a z\u00e1rove\u0148 miluj\u00fa komfort. Elegantn\u00e9 riasenie a cis\u00e1rsky ruk\u00e1v dotv\u00e1raj\u00fa jeho nev\u0161edn\u00fd vzh\u013ead a p\u00f4sobia kr\u00e1\u013eovsky. U\u0161it\u00fd je z jemnu\u010dkej biobavlny.<\/p>\n<\/div>\n<div><strong>Popis materi\u00e1lu:<\/strong> organick\u00fd bavlnen\u00fd \u00faplet<\/div>\n<div><strong>Farba:<\/strong> \u010dierna, biela, marhu\u013eov\u00e1, \u0161ed\u00e9 striebro, smaragdovo zelen\u00e1<\/div>\n<div>\n<div><strong>Certifik\u00e1ty materi\u00e1lu: <\/strong>OEKO-TEX 100, Trieda 1<\/div>\n<div>\u00a0 \u00a0 \u00a0 \u00a0 \u00a0 \u00a0 \u00a0 \u00a0 \u00a0 \u00a0 \u00a0 \u00a0 \u00a0 \u00a0 \u00a0 \u00a0 \u00a0 \u00a0 \u00a0 \u00a0 \u00a0 \u00a0 ORGANIC<\/div>\n<\/div>\n<div class=\"o9v6fnle cxmmr5t8 oygrvhab hcukyx3x c1et5uql\"><strong>Materi\u00e1lov\u00e9 zlo\u017eenie:<\/strong> 95% BIO bavlna 5% elastan<\/div>\n<div class=\"o9v6fnle cxmmr5t8 oygrvhab hcukyx3x c1et5uql\"><\/div>\n<\/div>\n<\/div>\n","protected":false},"featured_media":5676578,"comment_status":"closed","ping_status":"closed","template":"","meta":{"_acf_changed":false,"inline_featured_image":false},"product_brand":[],"product_cat":[79],"product_tag":[],"class_list":{"0":"post-5676575","1":"product","2":"type-product","3":"status-publish","4":"has-post-thumbnail","6":"product_cat-damske-topy","8":"first","9":"instock","10":"shipping-taxable","11":"purchasable","12":"product-type-variable","13":"wvs-archive-product-wrapper"},"acf":[],"yoast_head":"<!-- This site is optimized with the Yoast SEO plugin v27.4 - https:\/\/yoast.com\/product\/yoast-seo-wordpress\/ -->\n<title>D\u00e1msky ORGANIC top Elizabeth - ladime.sk<\/title>\n<meta name=\"description\" content=\"Prechodn\u00fd d\u00e1msky ORGANIC top Elizabeth s v\u00e9\u010dkov\u00fdm v\u00fdstrihom pre v\u0161etky \u017eeny, ktor\u00e9 sa neboja extravagancie a z\u00e1rove\u0148 miluj\u00fa komfort.\" \/>\n<meta name=\"robots\" content=\"index, follow, max-snippet:-1, max-image-preview:large, max-video-preview:-1\" \/>\n<link rel=\"canonical\" href=\"https:\/\/www.ladime.sk\/zeny\/damske-topy\/organic-damsky-top-elizabeth\/\" \/>\n<meta property=\"og:locale\" content=\"cs_CZ\" \/>\n<meta property=\"og:type\" content=\"article\" \/>\n<meta property=\"og:title\" content=\"D\u00e1msky ORGANIC top Elizabeth - ladime.sk\" \/>\n<meta property=\"og:description\" content=\"Prechodn\u00fd d\u00e1msky ORGANIC top Elizabeth s v\u00e9\u010dkov\u00fdm v\u00fdstrihom pre v\u0161etky \u017eeny, ktor\u00e9 sa neboja extravagancie a z\u00e1rove\u0148 miluj\u00fa komfort.\" \/>\n<meta property=\"og:url\" content=\"https:\/\/www.ladime.sk\/zeny\/damske-topy\/organic-damsky-top-elizabeth\/\" \/>\n<meta property=\"og:site_name\" content=\"ladime.sk\" \/>\n<meta property=\"article:modified_time\" content=\"2025-11-28T19:14:35+00:00\" \/>\n<meta property=\"og:image\" content=\"https:\/\/www.ladime.sk\/wp-content\/uploads\/2022\/10\/ladime_zeny_topy_lososova_siva_zelena_moda_buducnosti_na-kazdy-den-a-kazdu-prilezitost_43.jpg\" \/>\n\t<meta property=\"og:image:width\" content=\"805\" \/>\n\t<meta property=\"og:image:height\" content=\"1006\" \/>\n\t<meta property=\"og:image:type\" content=\"image\/jpeg\" \/>\n<meta name=\"twitter:card\" content=\"summary_large_image\" \/>\n<meta name=\"twitter:label1\" content=\"Odhadovan\u00e1 doba \u010dten\u00ed\" \/>\n\t<meta name=\"twitter:data1\" content=\"1 minuta\" \/>\n<script type=\"application\/ld+json\" class=\"yoast-schema-graph\">{\"@context\":\"https:\\\/\\\/schema.org\",\"@graph\":[{\"@type\":\"WebPage\",\"@id\":\"https:\\\/\\\/www.ladime.sk\\\/zeny\\\/damske-topy\\\/organic-damsky-top-elizabeth\\\/\",\"url\":\"https:\\\/\\\/www.ladime.sk\\\/zeny\\\/damske-topy\\\/organic-damsky-top-elizabeth\\\/\",\"name\":\"D\u00e1msky ORGANIC top Elizabeth - ladime.sk\",\"isPartOf\":{\"@id\":\"https:\\\/\\\/www.ladime.sk\\\/#website\"},\"primaryImageOfPage\":{\"@id\":\"https:\\\/\\\/www.ladime.sk\\\/zeny\\\/damske-topy\\\/organic-damsky-top-elizabeth\\\/#primaryimage\"},\"image\":{\"@id\":\"https:\\\/\\\/www.ladime.sk\\\/zeny\\\/damske-topy\\\/organic-damsky-top-elizabeth\\\/#primaryimage\"},\"thumbnailUrl\":\"https:\\\/\\\/www.ladime.sk\\\/wp-content\\\/uploads\\\/2022\\\/10\\\/ladime_zeny_topy_lososova_siva_zelena_moda_buducnosti_na-kazdy-den-a-kazdu-prilezitost_43.jpg\",\"datePublished\":\"2022-10-14T12:21:42+00:00\",\"dateModified\":\"2025-11-28T19:14:35+00:00\",\"description\":\"Prechodn\u00fd d\u00e1msky ORGANIC top Elizabeth s v\u00e9\u010dkov\u00fdm v\u00fdstrihom pre v\u0161etky \u017eeny, ktor\u00e9 sa neboja extravagancie a z\u00e1rove\u0148 miluj\u00fa komfort.\",\"breadcrumb\":{\"@id\":\"https:\\\/\\\/www.ladime.sk\\\/zeny\\\/damske-topy\\\/organic-damsky-top-elizabeth\\\/#breadcrumb\"},\"inLanguage\":\"cs\",\"potentialAction\":[{\"@type\":\"ReadAction\",\"target\":[\"https:\\\/\\\/www.ladime.sk\\\/zeny\\\/damske-topy\\\/organic-damsky-top-elizabeth\\\/\"]}]},{\"@type\":\"ImageObject\",\"inLanguage\":\"cs\",\"@id\":\"https:\\\/\\\/www.ladime.sk\\\/zeny\\\/damske-topy\\\/organic-damsky-top-elizabeth\\\/#primaryimage\",\"url\":\"https:\\\/\\\/www.ladime.sk\\\/wp-content\\\/uploads\\\/2022\\\/10\\\/ladime_zeny_topy_lososova_siva_zelena_moda_buducnosti_na-kazdy-den-a-kazdu-prilezitost_43.jpg\",\"contentUrl\":\"https:\\\/\\\/www.ladime.sk\\\/wp-content\\\/uploads\\\/2022\\\/10\\\/ladime_zeny_topy_lososova_siva_zelena_moda_buducnosti_na-kazdy-den-a-kazdu-prilezitost_43.jpg\",\"width\":805,\"height\":1006,\"caption\":\"D\u00e1msky ORGANIC top Elizabeth\"},{\"@type\":\"BreadcrumbList\",\"@id\":\"https:\\\/\\\/www.ladime.sk\\\/zeny\\\/damske-topy\\\/organic-damsky-top-elizabeth\\\/#breadcrumb\",\"itemListElement\":[{\"@type\":\"ListItem\",\"position\":1,\"name\":\"\u00davod\",\"item\":\"https:\\\/\\\/www.ladime.sk\\\/\"},{\"@type\":\"ListItem\",\"position\":2,\"name\":\"Obchod\",\"item\":\"https:\\\/\\\/www.ladime.sk\\\/cs\\\/shop-cs\\\/\"},{\"@type\":\"ListItem\",\"position\":3,\"name\":\"D\u00e1msky ORGANIC top Elizabeth\"}]},{\"@type\":\"WebSite\",\"@id\":\"https:\\\/\\\/www.ladime.sk\\\/#website\",\"url\":\"https:\\\/\\\/www.ladime.sk\\\/\",\"name\":\"ladime.sk\",\"description\":\"Ke\u010f lad\u00edme so svetom, mysl\u00edme na bud\u00facnos\u0165.\",\"publisher\":{\"@id\":\"https:\\\/\\\/www.ladime.sk\\\/#organization\"},\"potentialAction\":[{\"@type\":\"SearchAction\",\"target\":{\"@type\":\"EntryPoint\",\"urlTemplate\":\"https:\\\/\\\/www.ladime.sk\\\/?s={search_term_string}\"},\"query-input\":{\"@type\":\"PropertyValueSpecification\",\"valueRequired\":true,\"valueName\":\"search_term_string\"}}],\"inLanguage\":\"cs\"},{\"@type\":\"Organization\",\"@id\":\"https:\\\/\\\/www.ladime.sk\\\/#organization\",\"name\":\"Lad\u00edme\",\"url\":\"https:\\\/\\\/www.ladime.sk\\\/\",\"logo\":{\"@type\":\"ImageObject\",\"inLanguage\":\"cs\",\"@id\":\"https:\\\/\\\/www.ladime.sk\\\/#\\\/schema\\\/logo\\\/image\\\/\",\"url\":\"https:\\\/\\\/www.ladime.sk\\\/wp-content\\\/uploads\\\/2021\\\/08\\\/logo_ladime.svg\",\"contentUrl\":\"https:\\\/\\\/www.ladime.sk\\\/wp-content\\\/uploads\\\/2021\\\/08\\\/logo_ladime.svg\",\"width\":366,\"height\":185,\"caption\":\"Lad\u00edme\"},\"image\":{\"@id\":\"https:\\\/\\\/www.ladime.sk\\\/#\\\/schema\\\/logo\\\/image\\\/\"}}]}<\/script>\n<!-- \/ Yoast SEO plugin. -->","yoast_head_json":{"title":"D\u00e1msky ORGANIC top Elizabeth - ladime.sk","description":"Prechodn\u00fd d\u00e1msky ORGANIC top Elizabeth s v\u00e9\u010dkov\u00fdm v\u00fdstrihom pre v\u0161etky \u017eeny, ktor\u00e9 sa neboja extravagancie a z\u00e1rove\u0148 miluj\u00fa komfort.","robots":{"index":"index","follow":"follow","max-snippet":"max-snippet:-1","max-image-preview":"max-image-preview:large","max-video-preview":"max-video-preview:-1"},"canonical":"https:\/\/www.ladime.sk\/zeny\/damske-topy\/organic-damsky-top-elizabeth\/","og_locale":"cs_CZ","og_type":"article","og_title":"D\u00e1msky ORGANIC top Elizabeth - ladime.sk","og_description":"Prechodn\u00fd d\u00e1msky ORGANIC top Elizabeth s v\u00e9\u010dkov\u00fdm v\u00fdstrihom pre v\u0161etky \u017eeny, ktor\u00e9 sa neboja extravagancie a z\u00e1rove\u0148 miluj\u00fa komfort.","og_url":"https:\/\/www.ladime.sk\/zeny\/damske-topy\/organic-damsky-top-elizabeth\/","og_site_name":"ladime.sk","article_modified_time":"2025-11-28T19:14:35+00:00","og_image":[{"width":805,"height":1006,"url":"https:\/\/www.ladime.sk\/wp-content\/uploads\/2022\/10\/ladime_zeny_topy_lososova_siva_zelena_moda_buducnosti_na-kazdy-den-a-kazdu-prilezitost_43.jpg","type":"image\/jpeg"}],"twitter_card":"summary_large_image","twitter_misc":{"Odhadovan\u00e1 doba \u010dten\u00ed":"1 minuta"},"schema":{"@context":"https:\/\/schema.org","@graph":[{"@type":"WebPage","@id":"https:\/\/www.ladime.sk\/zeny\/damske-topy\/organic-damsky-top-elizabeth\/","url":"https:\/\/www.ladime.sk\/zeny\/damske-topy\/organic-damsky-top-elizabeth\/","name":"D\u00e1msky ORGANIC top Elizabeth - ladime.sk","isPartOf":{"@id":"https:\/\/www.ladime.sk\/#website"},"primaryImageOfPage":{"@id":"https:\/\/www.ladime.sk\/zeny\/damske-topy\/organic-damsky-top-elizabeth\/#primaryimage"},"image":{"@id":"https:\/\/www.ladime.sk\/zeny\/damske-topy\/organic-damsky-top-elizabeth\/#primaryimage"},"thumbnailUrl":"https:\/\/www.ladime.sk\/wp-content\/uploads\/2022\/10\/ladime_zeny_topy_lososova_siva_zelena_moda_buducnosti_na-kazdy-den-a-kazdu-prilezitost_43.jpg","datePublished":"2022-10-14T12:21:42+00:00","dateModified":"2025-11-28T19:14:35+00:00","description":"Prechodn\u00fd d\u00e1msky ORGANIC top Elizabeth s v\u00e9\u010dkov\u00fdm v\u00fdstrihom pre v\u0161etky \u017eeny, ktor\u00e9 sa neboja extravagancie a z\u00e1rove\u0148 miluj\u00fa komfort.","breadcrumb":{"@id":"https:\/\/www.ladime.sk\/zeny\/damske-topy\/organic-damsky-top-elizabeth\/#breadcrumb"},"inLanguage":"cs","potentialAction":[{"@type":"ReadAction","target":["https:\/\/www.ladime.sk\/zeny\/damske-topy\/organic-damsky-top-elizabeth\/"]}]},{"@type":"ImageObject","inLanguage":"cs","@id":"https:\/\/www.ladime.sk\/zeny\/damske-topy\/organic-damsky-top-elizabeth\/#primaryimage","url":"https:\/\/www.ladime.sk\/wp-content\/uploads\/2022\/10\/ladime_zeny_topy_lososova_siva_zelena_moda_buducnosti_na-kazdy-den-a-kazdu-prilezitost_43.jpg","contentUrl":"https:\/\/www.ladime.sk\/wp-content\/uploads\/2022\/10\/ladime_zeny_topy_lososova_siva_zelena_moda_buducnosti_na-kazdy-den-a-kazdu-prilezitost_43.jpg","width":805,"height":1006,"caption":"D\u00e1msky ORGANIC top Elizabeth"},{"@type":"BreadcrumbList","@id":"https:\/\/www.ladime.sk\/zeny\/damske-topy\/organic-damsky-top-elizabeth\/#breadcrumb","itemListElement":[{"@type":"ListItem","position":1,"name":"\u00davod","item":"https:\/\/www.ladime.sk\/"},{"@type":"ListItem","position":2,"name":"Obchod","item":"https:\/\/www.ladime.sk\/cs\/shop-cs\/"},{"@type":"ListItem","position":3,"name":"D\u00e1msky ORGANIC top Elizabeth"}]},{"@type":"WebSite","@id":"https:\/\/www.ladime.sk\/#website","url":"https:\/\/www.ladime.sk\/","name":"ladime.sk","description":"Ke\u010f lad\u00edme so svetom, mysl\u00edme na bud\u00facnos\u0165.","publisher":{"@id":"https:\/\/www.ladime.sk\/#organization"},"potentialAction":[{"@type":"SearchAction","target":{"@type":"EntryPoint","urlTemplate":"https:\/\/www.ladime.sk\/?s={search_term_string}"},"query-input":{"@type":"PropertyValueSpecification","valueRequired":true,"valueName":"search_term_string"}}],"inLanguage":"cs"},{"@type":"Organization","@id":"https:\/\/www.ladime.sk\/#organization","name":"Lad\u00edme","url":"https:\/\/www.ladime.sk\/","logo":{"@type":"ImageObject","inLanguage":"cs","@id":"https:\/\/www.ladime.sk\/#\/schema\/logo\/image\/","url":"https:\/\/www.ladime.sk\/wp-content\/uploads\/2021\/08\/logo_ladime.svg","contentUrl":"https:\/\/www.ladime.sk\/wp-content\/uploads\/2021\/08\/logo_ladime.svg","width":366,"height":185,"caption":"Lad\u00edme"},"image":{"@id":"https:\/\/www.ladime.sk\/#\/schema\/logo\/image\/"}}]}},"_links":{"self":[{"href":"https:\/\/www.ladime.sk\/cs\/wp-json\/wp\/v2\/product\/5676575","targetHints":{"allow":["GET"]}}],"collection":[{"href":"https:\/\/www.ladime.sk\/cs\/wp-json\/wp\/v2\/product"}],"about":[{"href":"https:\/\/www.ladime.sk\/cs\/wp-json\/wp\/v2\/types\/product"}],"replies":[{"embeddable":true,"href":"https:\/\/www.ladime.sk\/cs\/wp-json\/wp\/v2\/comments?post=5676575"}],"version-history":[{"count":0,"href":"https:\/\/www.ladime.sk\/cs\/wp-json\/wp\/v2\/product\/5676575\/revisions"}],"wp:featuredmedia":[{"embeddable":true,"href":"https:\/\/www.ladime.sk\/cs\/wp-json\/wp\/v2\/media\/5676578"}],"wp:attachment":[{"href":"https:\/\/www.ladime.sk\/cs\/wp-json\/wp\/v2\/media?parent=5676575"}],"wp:term":[{"taxonomy":"product_brand","embeddable":true,"href":"https:\/\/www.ladime.sk\/cs\/wp-json\/wp\/v2\/product_brand?post=5676575"},{"taxonomy":"product_cat","embeddable":true,"href":"https:\/\/www.ladime.sk\/cs\/wp-json\/wp\/v2\/product_cat?post=5676575"},{"taxonomy":"product_tag","embeddable":true,"href":"https:\/\/www.ladime.sk\/cs\/wp-json\/wp\/v2\/product_tag?post=5676575"}],"curies":[{"name":"wp","href":"https:\/\/api.w.org\/{rel}","templated":true}]}}