{"id":5676541,"date":"2022-10-14T13:53:58","date_gmt":"2022-10-14T11:53:58","guid":{"rendered":"https:\/\/www.ladime.sk\/?post_type=product&#038;p=5676541"},"modified":"2026-03-16T13:53:57","modified_gmt":"2026-03-16T12:53:57","slug":"elegantne-nepremokave-softshell-nohavice-pria","status":"publish","type":"product","link":"https:\/\/www.ladime.sk\/cs\/zeny\/damske-nohavice\/elegantne-nepremokave-softshell-nohavice-pria\/","title":{"rendered":"D\u00e1mske elegantn\u00e9 nepremokav\u00e9 softshell nohavice Pria"},"content":{"rendered":"<div class=\"kvgmc6g5 cxmmr5t8 oygrvhab hcukyx3x c1et5uql\">\n<div class=\"kvgmc6g5 cxmmr5t8 oygrvhab hcukyx3x c1et5uql\">\n<h2>D\u00e1mske elegantn\u00e9 nepremokav\u00e9 softshell nohavice Pria<\/h2>\n<p>M\u00f3dny odtie\u0148 antracitovej si z\u00edskal fan\u00fa\u0161ikov trendy <strong><a href=\"https:\/\/www.ladime.sk\/\" target=\"_blank\" rel=\"noopener\">oble\u010denia<\/a><\/strong> po celom svete. Ak ste mu pod\u013eahli aj vy, iste v\u00e1s zaujm\u00fa <strong>d\u00e1mske elegantn\u00e9 nepremokav\u00e9 softshell nohavice Pria<\/strong>. Tieto handmade nohavice vynikaj\u00fa tvarom, ktor\u00fd zv\u00fdraz\u0148uje \u017eensk\u00fd p\u00e1s, a\u00a0dovo\u013euje mu vynikn\u00fa\u0165. V\u00a0chladnom po\u010das\u00ed ocen\u00edte zateplenie fleesom.<\/p>\n<p>Pr\u00e9miov\u00fd softshell, z\u00a0ktor\u00e9ho s\u00fa <strong><a href=\"https:\/\/www.ladime.sk\/zeny\/damske-nohavice\/\" target=\"_blank\" rel=\"noopener\">nepremokav\u00e9 nohavice<\/a><\/strong> u\u0161it\u00e9, je vyroben\u00fd z\u00a0recyklovan\u00e9ho plastu. Vynikaj\u00faco odol\u00e1va p\u00f4sobeniu vody a\u00a0ochr\u00e1ni v\u00e1s aj pred vetrom. V\u010faka jeho priedu\u0161nosti sa v\u00a0\u0148om nebudete zbyto\u010dne poti\u0165. Mysleli sme aj na citliv\u00e9 \u017eensk\u00e9 partie \u2014 vysok\u00fd p\u00e1s je zateplen\u00fd a\u00a0ochr\u00e1ni ich pred chladom. Chodievate \u010dasto do lesa? <strong>D\u00e1mske softshell nohavice Pria<\/strong> sa \u013eahko \u010distia, nemus\u00edte sa preto ob\u00e1va\u0165, \u017ee ich za\u0161pin\u00edte.<\/p>\n<div class=\"kvgmc6g5 cxmmr5t8 oygrvhab hcukyx3x c1et5uql\">\n<div class=\"kvgmc6g5 cxmmr5t8 oygrvhab hcukyx3x c1et5uql\">\n<ul>\n<li>Praktick\u00e9 a jednoduch\u00e9 obliekania<\/li>\n<li>V p\u00e1se pru\u017en\u00e1 \u0161irok\u00e1 guma<\/li>\n<li>Ozdobn\u00e9 elegantn\u00e9 prvky na s\u00e1rach nohav\u00edc<\/li>\n<li>Zateplenie fleesom<\/li>\n<li>Vhodn\u00e9 na jese\u0148\/zimu\/vlhk\u00e9 po\u010dasie do mesta, do lesa, na prech\u00e1dzku i horsk\u00fd v\u00fdstup<\/li>\n<li>Vodeodoln\u00e9, priedu\u0161n\u00e9, vetruodoln\u00e9<\/li>\n<\/ul>\n<\/div>\n<\/div>\n<div class=\"kvgmc6g5 cxmmr5t8 oygrvhab hcukyx3x c1et5uql\">\n<div class=\"kvgmc6g5 cxmmr5t8 oygrvhab hcukyx3x c1et5uql\">\n<p>Materi\u00e1l &#8211; zimn\u00fd softshell:<\/p>\n<p>Vodeodolnos\u0165 10000 mm<br \/>\nPriedu\u0161nos\u0165 3000 g\/m2\/24h<\/p>\n<p>Softshell sa sklad\u00e1 z troch vrstiev: termoakt\u00edvna l\u00e1tka, izola\u010dn\u00e1 vrstva m\u00e4kk\u00fd fleece, vonkaj\u0161\u00ed nepremokav\u00fd materi\u00e1l s membr\u00e1nou<\/p>\n<\/div>\n<\/div>\n<\/div>\n<\/div>\n","protected":false},"excerpt":{"rendered":"<div class=\"o9v6fnle cxmmr5t8 oygrvhab hcukyx3x c1et5uql\">\n<div class=\"o9v6fnle cxmmr5t8 oygrvhab hcukyx3x c1et5uql\">\n<div class=\"o9v6fnle cxmmr5t8 oygrvhab hcukyx3x c1et5uql\">\n<div class=\"o9v6fnle cxmmr5t8 oygrvhab hcukyx3x c1et5uql\">\n<div>\n<p>U\u0161it\u00e9 v\u00a0m\u00f3dnom odtieni antracitovej z\u00a0pr\u00e9miov\u00fdch materi\u00e1lov, ktor\u00e9 sa postaraj\u00fa o\u00a0va\u0161e pohodlie. D\u00e1mske elegantn\u00e9 nepremokav\u00e9 softshell nohavice Pria zv\u00fdraznia v\u00e1\u0161 \u0161t\u00edhly p\u00e1s a\u00a0dokonale v\u00e1s ochr\u00e1nia pred chladom aj nepriaz\u0148ou po\u010dasia. M\u00f4\u017eete si ich obliec\u0165, kedyko\u013evek sa chyst\u00e1te na hory aj do mesta.<\/p>\n<\/div>\n<div><strong style=\"font-size: 16px;\">Popis materi\u00e1lu: <\/strong><span style=\"font-size: 16px;\">\u00a0pr\u00e9miov\u00fd softshell, zateplenie fleesom<\/span><\/div>\n<div class=\"o9v6fnle cxmmr5t8 oygrvhab hcukyx3x c1et5uql\"><strong style=\"font-size: 16px;\">Farba: <\/strong><span style=\"font-size: 16px;\">\u00a0antracitov\u00e1<\/span><\/div>\n<div><strong>Certifik\u00e1ty: <\/strong>OEKO-TEX 100<\/div>\n<\/div>\n<div><strong>Materi\u00e1lov\u00e9 zlo\u017eenie:<\/strong> 100% PES + TPU membr\u00e1na<\/div>\n<\/div>\n<\/div>\n<div><\/div>\n<\/div>\n","protected":false},"featured_media":5676548,"comment_status":"closed","ping_status":"closed","template":"","meta":{"_acf_changed":false,"inline_featured_image":false},"product_brand":[],"product_cat":[88],"product_tag":[],"class_list":{"0":"post-5676541","1":"product","2":"type-product","3":"status-publish","4":"has-post-thumbnail","6":"product_cat-damske-nohavice","8":"first","9":"instock","10":"shipping-taxable","11":"purchasable","12":"product-type-variable","13":"wvs-archive-product-wrapper"},"acf":[],"yoast_head":"<!-- This site is optimized with the Yoast SEO plugin v27.4 - https:\/\/yoast.com\/product\/yoast-seo-wordpress\/ -->\n<title>D\u00e1mske elegantn\u00e9 nepremokav\u00e9 softshell nohavice Pria - ladime.sk<\/title>\n<meta name=\"description\" content=\"D\u00e1mske elegantn\u00e9 nepremokav\u00e9 softshell nohavice Pria zv\u00fdraznia v\u00e1\u0161 \u0161t\u00edhly p\u00e1s a dokonale v\u00e1s ochr\u00e1nia pred chladom aj nepriaz\u0148ou po\u010dasia.\" \/>\n<meta name=\"robots\" content=\"index, follow, max-snippet:-1, max-image-preview:large, max-video-preview:-1\" \/>\n<link rel=\"canonical\" href=\"https:\/\/www.ladime.sk\/zeny\/damske-nohavice\/elegantne-nepremokave-softshell-nohavice-pria\/\" \/>\n<meta property=\"og:locale\" content=\"cs_CZ\" \/>\n<meta property=\"og:type\" content=\"article\" \/>\n<meta property=\"og:title\" content=\"D\u00e1mske elegantn\u00e9 nepremokav\u00e9 softshell nohavice Pria - ladime.sk\" \/>\n<meta property=\"og:description\" content=\"D\u00e1mske elegantn\u00e9 nepremokav\u00e9 softshell nohavice Pria zv\u00fdraznia v\u00e1\u0161 \u0161t\u00edhly p\u00e1s a dokonale v\u00e1s ochr\u00e1nia pred chladom aj nepriaz\u0148ou po\u010dasia.\" \/>\n<meta property=\"og:url\" content=\"https:\/\/www.ladime.sk\/zeny\/damske-nohavice\/elegantne-nepremokave-softshell-nohavice-pria\/\" \/>\n<meta property=\"og:site_name\" content=\"ladime.sk\" \/>\n<meta property=\"article:modified_time\" content=\"2026-03-16T12:53:57+00:00\" \/>\n<meta property=\"og:image\" content=\"https:\/\/www.ladime.sk\/wp-content\/uploads\/2022\/10\/ladime_zeny_nohavice_antracitova_softshell_moda_buducnosti_na-kazdy-den-a-kazdu-prilezitost.jpg\" \/>\n\t<meta property=\"og:image:width\" content=\"805\" \/>\n\t<meta property=\"og:image:height\" content=\"1006\" \/>\n\t<meta property=\"og:image:type\" content=\"image\/jpeg\" \/>\n<meta name=\"twitter:card\" content=\"summary_large_image\" \/>\n<meta name=\"twitter:label1\" content=\"Odhadovan\u00e1 doba \u010dten\u00ed\" \/>\n\t<meta name=\"twitter:data1\" content=\"2 minuty\" \/>\n<script type=\"application\/ld+json\" class=\"yoast-schema-graph\">{\"@context\":\"https:\\\/\\\/schema.org\",\"@graph\":[{\"@type\":\"WebPage\",\"@id\":\"https:\\\/\\\/www.ladime.sk\\\/zeny\\\/damske-nohavice\\\/elegantne-nepremokave-softshell-nohavice-pria\\\/\",\"url\":\"https:\\\/\\\/www.ladime.sk\\\/zeny\\\/damske-nohavice\\\/elegantne-nepremokave-softshell-nohavice-pria\\\/\",\"name\":\"D\u00e1mske elegantn\u00e9 nepremokav\u00e9 softshell nohavice Pria - ladime.sk\",\"isPartOf\":{\"@id\":\"https:\\\/\\\/www.ladime.sk\\\/#website\"},\"primaryImageOfPage\":{\"@id\":\"https:\\\/\\\/www.ladime.sk\\\/zeny\\\/damske-nohavice\\\/elegantne-nepremokave-softshell-nohavice-pria\\\/#primaryimage\"},\"image\":{\"@id\":\"https:\\\/\\\/www.ladime.sk\\\/zeny\\\/damske-nohavice\\\/elegantne-nepremokave-softshell-nohavice-pria\\\/#primaryimage\"},\"thumbnailUrl\":\"https:\\\/\\\/www.ladime.sk\\\/wp-content\\\/uploads\\\/2022\\\/10\\\/ladime_zeny_nohavice_antracitova_softshell_moda_buducnosti_na-kazdy-den-a-kazdu-prilezitost.jpg\",\"datePublished\":\"2022-10-14T11:53:58+00:00\",\"dateModified\":\"2026-03-16T12:53:57+00:00\",\"description\":\"D\u00e1mske elegantn\u00e9 nepremokav\u00e9 softshell nohavice Pria zv\u00fdraznia v\u00e1\u0161 \u0161t\u00edhly p\u00e1s a dokonale v\u00e1s ochr\u00e1nia pred chladom aj nepriaz\u0148ou po\u010dasia.\",\"breadcrumb\":{\"@id\":\"https:\\\/\\\/www.ladime.sk\\\/zeny\\\/damske-nohavice\\\/elegantne-nepremokave-softshell-nohavice-pria\\\/#breadcrumb\"},\"inLanguage\":\"cs\",\"potentialAction\":[{\"@type\":\"ReadAction\",\"target\":[\"https:\\\/\\\/www.ladime.sk\\\/zeny\\\/damske-nohavice\\\/elegantne-nepremokave-softshell-nohavice-pria\\\/\"]}]},{\"@type\":\"ImageObject\",\"inLanguage\":\"cs\",\"@id\":\"https:\\\/\\\/www.ladime.sk\\\/zeny\\\/damske-nohavice\\\/elegantne-nepremokave-softshell-nohavice-pria\\\/#primaryimage\",\"url\":\"https:\\\/\\\/www.ladime.sk\\\/wp-content\\\/uploads\\\/2022\\\/10\\\/ladime_zeny_nohavice_antracitova_softshell_moda_buducnosti_na-kazdy-den-a-kazdu-prilezitost.jpg\",\"contentUrl\":\"https:\\\/\\\/www.ladime.sk\\\/wp-content\\\/uploads\\\/2022\\\/10\\\/ladime_zeny_nohavice_antracitova_softshell_moda_buducnosti_na-kazdy-den-a-kazdu-prilezitost.jpg\",\"width\":805,\"height\":1006,\"caption\":\"D\u00e1mske elegantn\u00e9 nepremokav\u00e9 softshell nohavice Pria\"},{\"@type\":\"BreadcrumbList\",\"@id\":\"https:\\\/\\\/www.ladime.sk\\\/zeny\\\/damske-nohavice\\\/elegantne-nepremokave-softshell-nohavice-pria\\\/#breadcrumb\",\"itemListElement\":[{\"@type\":\"ListItem\",\"position\":1,\"name\":\"\u00davod\",\"item\":\"https:\\\/\\\/www.ladime.sk\\\/\"},{\"@type\":\"ListItem\",\"position\":2,\"name\":\"Obchod\",\"item\":\"https:\\\/\\\/www.ladime.sk\\\/cs\\\/shop-cs\\\/\"},{\"@type\":\"ListItem\",\"position\":3,\"name\":\"D\u00e1mske elegantn\u00e9 nepremokav\u00e9 softshell nohavice Pria\"}]},{\"@type\":\"WebSite\",\"@id\":\"https:\\\/\\\/www.ladime.sk\\\/#website\",\"url\":\"https:\\\/\\\/www.ladime.sk\\\/\",\"name\":\"ladime.sk\",\"description\":\"Ke\u010f lad\u00edme so svetom, mysl\u00edme na bud\u00facnos\u0165.\",\"publisher\":{\"@id\":\"https:\\\/\\\/www.ladime.sk\\\/#organization\"},\"potentialAction\":[{\"@type\":\"SearchAction\",\"target\":{\"@type\":\"EntryPoint\",\"urlTemplate\":\"https:\\\/\\\/www.ladime.sk\\\/?s={search_term_string}\"},\"query-input\":{\"@type\":\"PropertyValueSpecification\",\"valueRequired\":true,\"valueName\":\"search_term_string\"}}],\"inLanguage\":\"cs\"},{\"@type\":\"Organization\",\"@id\":\"https:\\\/\\\/www.ladime.sk\\\/#organization\",\"name\":\"Lad\u00edme\",\"url\":\"https:\\\/\\\/www.ladime.sk\\\/\",\"logo\":{\"@type\":\"ImageObject\",\"inLanguage\":\"cs\",\"@id\":\"https:\\\/\\\/www.ladime.sk\\\/#\\\/schema\\\/logo\\\/image\\\/\",\"url\":\"https:\\\/\\\/www.ladime.sk\\\/wp-content\\\/uploads\\\/2021\\\/08\\\/logo_ladime.svg\",\"contentUrl\":\"https:\\\/\\\/www.ladime.sk\\\/wp-content\\\/uploads\\\/2021\\\/08\\\/logo_ladime.svg\",\"width\":366,\"height\":185,\"caption\":\"Lad\u00edme\"},\"image\":{\"@id\":\"https:\\\/\\\/www.ladime.sk\\\/#\\\/schema\\\/logo\\\/image\\\/\"}}]}<\/script>\n<!-- \/ Yoast SEO plugin. -->","yoast_head_json":{"title":"D\u00e1mske elegantn\u00e9 nepremokav\u00e9 softshell nohavice Pria - ladime.sk","description":"D\u00e1mske elegantn\u00e9 nepremokav\u00e9 softshell nohavice Pria zv\u00fdraznia v\u00e1\u0161 \u0161t\u00edhly p\u00e1s a dokonale v\u00e1s ochr\u00e1nia pred chladom aj nepriaz\u0148ou po\u010dasia.","robots":{"index":"index","follow":"follow","max-snippet":"max-snippet:-1","max-image-preview":"max-image-preview:large","max-video-preview":"max-video-preview:-1"},"canonical":"https:\/\/www.ladime.sk\/zeny\/damske-nohavice\/elegantne-nepremokave-softshell-nohavice-pria\/","og_locale":"cs_CZ","og_type":"article","og_title":"D\u00e1mske elegantn\u00e9 nepremokav\u00e9 softshell nohavice Pria - ladime.sk","og_description":"D\u00e1mske elegantn\u00e9 nepremokav\u00e9 softshell nohavice Pria zv\u00fdraznia v\u00e1\u0161 \u0161t\u00edhly p\u00e1s a dokonale v\u00e1s ochr\u00e1nia pred chladom aj nepriaz\u0148ou po\u010dasia.","og_url":"https:\/\/www.ladime.sk\/zeny\/damske-nohavice\/elegantne-nepremokave-softshell-nohavice-pria\/","og_site_name":"ladime.sk","article_modified_time":"2026-03-16T12:53:57+00:00","og_image":[{"width":805,"height":1006,"url":"https:\/\/www.ladime.sk\/wp-content\/uploads\/2022\/10\/ladime_zeny_nohavice_antracitova_softshell_moda_buducnosti_na-kazdy-den-a-kazdu-prilezitost.jpg","type":"image\/jpeg"}],"twitter_card":"summary_large_image","twitter_misc":{"Odhadovan\u00e1 doba \u010dten\u00ed":"2 minuty"},"schema":{"@context":"https:\/\/schema.org","@graph":[{"@type":"WebPage","@id":"https:\/\/www.ladime.sk\/zeny\/damske-nohavice\/elegantne-nepremokave-softshell-nohavice-pria\/","url":"https:\/\/www.ladime.sk\/zeny\/damske-nohavice\/elegantne-nepremokave-softshell-nohavice-pria\/","name":"D\u00e1mske elegantn\u00e9 nepremokav\u00e9 softshell nohavice Pria - ladime.sk","isPartOf":{"@id":"https:\/\/www.ladime.sk\/#website"},"primaryImageOfPage":{"@id":"https:\/\/www.ladime.sk\/zeny\/damske-nohavice\/elegantne-nepremokave-softshell-nohavice-pria\/#primaryimage"},"image":{"@id":"https:\/\/www.ladime.sk\/zeny\/damske-nohavice\/elegantne-nepremokave-softshell-nohavice-pria\/#primaryimage"},"thumbnailUrl":"https:\/\/www.ladime.sk\/wp-content\/uploads\/2022\/10\/ladime_zeny_nohavice_antracitova_softshell_moda_buducnosti_na-kazdy-den-a-kazdu-prilezitost.jpg","datePublished":"2022-10-14T11:53:58+00:00","dateModified":"2026-03-16T12:53:57+00:00","description":"D\u00e1mske elegantn\u00e9 nepremokav\u00e9 softshell nohavice Pria zv\u00fdraznia v\u00e1\u0161 \u0161t\u00edhly p\u00e1s a dokonale v\u00e1s ochr\u00e1nia pred chladom aj nepriaz\u0148ou po\u010dasia.","breadcrumb":{"@id":"https:\/\/www.ladime.sk\/zeny\/damske-nohavice\/elegantne-nepremokave-softshell-nohavice-pria\/#breadcrumb"},"inLanguage":"cs","potentialAction":[{"@type":"ReadAction","target":["https:\/\/www.ladime.sk\/zeny\/damske-nohavice\/elegantne-nepremokave-softshell-nohavice-pria\/"]}]},{"@type":"ImageObject","inLanguage":"cs","@id":"https:\/\/www.ladime.sk\/zeny\/damske-nohavice\/elegantne-nepremokave-softshell-nohavice-pria\/#primaryimage","url":"https:\/\/www.ladime.sk\/wp-content\/uploads\/2022\/10\/ladime_zeny_nohavice_antracitova_softshell_moda_buducnosti_na-kazdy-den-a-kazdu-prilezitost.jpg","contentUrl":"https:\/\/www.ladime.sk\/wp-content\/uploads\/2022\/10\/ladime_zeny_nohavice_antracitova_softshell_moda_buducnosti_na-kazdy-den-a-kazdu-prilezitost.jpg","width":805,"height":1006,"caption":"D\u00e1mske elegantn\u00e9 nepremokav\u00e9 softshell nohavice Pria"},{"@type":"BreadcrumbList","@id":"https:\/\/www.ladime.sk\/zeny\/damske-nohavice\/elegantne-nepremokave-softshell-nohavice-pria\/#breadcrumb","itemListElement":[{"@type":"ListItem","position":1,"name":"\u00davod","item":"https:\/\/www.ladime.sk\/"},{"@type":"ListItem","position":2,"name":"Obchod","item":"https:\/\/www.ladime.sk\/cs\/shop-cs\/"},{"@type":"ListItem","position":3,"name":"D\u00e1mske elegantn\u00e9 nepremokav\u00e9 softshell nohavice Pria"}]},{"@type":"WebSite","@id":"https:\/\/www.ladime.sk\/#website","url":"https:\/\/www.ladime.sk\/","name":"ladime.sk","description":"Ke\u010f lad\u00edme so svetom, mysl\u00edme na bud\u00facnos\u0165.","publisher":{"@id":"https:\/\/www.ladime.sk\/#organization"},"potentialAction":[{"@type":"SearchAction","target":{"@type":"EntryPoint","urlTemplate":"https:\/\/www.ladime.sk\/?s={search_term_string}"},"query-input":{"@type":"PropertyValueSpecification","valueRequired":true,"valueName":"search_term_string"}}],"inLanguage":"cs"},{"@type":"Organization","@id":"https:\/\/www.ladime.sk\/#organization","name":"Lad\u00edme","url":"https:\/\/www.ladime.sk\/","logo":{"@type":"ImageObject","inLanguage":"cs","@id":"https:\/\/www.ladime.sk\/#\/schema\/logo\/image\/","url":"https:\/\/www.ladime.sk\/wp-content\/uploads\/2021\/08\/logo_ladime.svg","contentUrl":"https:\/\/www.ladime.sk\/wp-content\/uploads\/2021\/08\/logo_ladime.svg","width":366,"height":185,"caption":"Lad\u00edme"},"image":{"@id":"https:\/\/www.ladime.sk\/#\/schema\/logo\/image\/"}}]}},"_links":{"self":[{"href":"https:\/\/www.ladime.sk\/cs\/wp-json\/wp\/v2\/product\/5676541","targetHints":{"allow":["GET"]}}],"collection":[{"href":"https:\/\/www.ladime.sk\/cs\/wp-json\/wp\/v2\/product"}],"about":[{"href":"https:\/\/www.ladime.sk\/cs\/wp-json\/wp\/v2\/types\/product"}],"replies":[{"embeddable":true,"href":"https:\/\/www.ladime.sk\/cs\/wp-json\/wp\/v2\/comments?post=5676541"}],"version-history":[{"count":0,"href":"https:\/\/www.ladime.sk\/cs\/wp-json\/wp\/v2\/product\/5676541\/revisions"}],"wp:featuredmedia":[{"embeddable":true,"href":"https:\/\/www.ladime.sk\/cs\/wp-json\/wp\/v2\/media\/5676548"}],"wp:attachment":[{"href":"https:\/\/www.ladime.sk\/cs\/wp-json\/wp\/v2\/media?parent=5676541"}],"wp:term":[{"taxonomy":"product_brand","embeddable":true,"href":"https:\/\/www.ladime.sk\/cs\/wp-json\/wp\/v2\/product_brand?post=5676541"},{"taxonomy":"product_cat","embeddable":true,"href":"https:\/\/www.ladime.sk\/cs\/wp-json\/wp\/v2\/product_cat?post=5676541"},{"taxonomy":"product_tag","embeddable":true,"href":"https:\/\/www.ladime.sk\/cs\/wp-json\/wp\/v2\/product_tag?post=5676541"}],"curies":[{"name":"wp","href":"https:\/\/api.w.org\/{rel}","templated":true}]}}