{"id":5676463,"date":"2022-10-14T09:35:19","date_gmt":"2022-10-14T07:35:19","guid":{"rendered":"https:\/\/www.ladime.sk\/?post_type=product&#038;p=5676463"},"modified":"2025-11-21T14:56:16","modified_gmt":"2025-11-21T13:56:16","slug":"ikonicka-panska-softshellova-nepremokava-parka-nore","status":"publish","type":"product","link":"https:\/\/www.ladime.sk\/cs\/muzi\/panske-bundy-parky\/ikonicka-panska-softshellova-nepremokava-parka-nore\/","title":{"rendered":"P\u00e1nska nepremokav\u00e1 softshellov\u00e1 parka Nore"},"content":{"rendered":"<div class=\"kvgmc6g5 cxmmr5t8 oygrvhab hcukyx3x c1et5uql\">\n<div class=\"kvgmc6g5 cxmmr5t8 oygrvhab hcukyx3x c1et5uql\">\n<h2>P\u00e1nska softshellov\u00e1 nepremokav\u00e1 parka Nore z\u00a0pr\u00e9miov\u00e9ho softshellu<\/h2>\n<p>Na\u0161a <strong><a href=\"https:\/\/www.ladime.sk\/muzi\/\" target=\"_blank\" rel=\"noopener\">p\u00e1nska kolekcia<\/a><\/strong> tejto jesene predv\u00e1dza nov\u00e9 siluety: o nie\u010do mlad\u0161ie, o nie\u010do oblej\u0161ie, o nie\u010do zauj\u00edmavej\u0161ie, s cie\u013eom vynikn\u00fa\u0165 z davu. V\u00fdsledkom je jemn\u00e1 rovnov\u00e1ha, kde je kolekcia umiestnen\u00e1 na kri\u017eovatke outdoorov\u00e9ho oble\u010denia a mestkej m\u00f3dy. Nap\u013a\u0148a t\u00fdm na\u0161e poslanie in\u0161pirova\u0165 viac \u013eud\u00ed k nakupovaniu len jedn\u00e9ho univerz\u00e1lneho kusu oble\u010denia do nad\u010dasov\u00e9ho kapsulov\u00e9ho \u0161atn\u00edka. <strong>P\u00e1nska softshellov\u00e1 nepremokav\u00e1 parka Nore<\/strong> je \u0161it\u00e1 v s\u00fdtej antracitovej farbe s \u010diernym detailingom.<\/p>\n<p>V\u010faka unik\u00e1tnemu dizajnu je t\u00e1to <strong><a href=\"https:\/\/www.ladime.sk\/muzi\/panske-bundy-parky\/\" target=\"_blank\" rel=\"noopener\">p\u00e1nska parka<\/a><\/strong> svoj\u00edm v\u00fdrazom modul\u00e1rna a d\u00e1 sa nosi\u0165 na mnoho sp\u00f4sobov. Silueta sa d\u00e1 zmeni\u0165 a \u013eahko upravi\u0165 tak, aby vyhovovala aktu\u00e1lnemu outfitu. Samozrejmos\u0165ou je vysok\u00e1 kvalita pr\u00e9miov\u00e9ho fleesom zateplen\u00e9ho softshellu, ktor\u00fd je plne vodeodoln\u00fd a\u00a0vetruodoln\u00fd.<\/p>\n<ul>\n<li>Vysok\u00fd stojat\u00fd asymetrick\u00fd golie<\/li>\n<li>Dve bo\u010dn\u00e9 vreck\u00e1 a dve vn\u00fatorn\u00e9 vreck\u00e1<\/li>\n<li>Pred\u013a\u017een\u00fd zaoblen\u00fd zadn\u00fd diel<\/li>\n<li>Zateplenie fleesom<\/li>\n<li>U\u0161ko na zavesenie<\/li>\n<li>Vhodn\u00fd na jese\u0148\/zimu\/vlhk\u00e9 upr\u0161an\u00e9 po\u010dasie<\/li>\n<li>Vodeodoln\u00fd, priedu\u0161n\u00fd, vetruodoln\u00fd<\/li>\n<\/ul>\n<\/div>\n<\/div>\n<div class=\"kvgmc6g5 cxmmr5t8 oygrvhab hcukyx3x c1et5uql\">\n<div class=\"kvgmc6g5 cxmmr5t8 oygrvhab hcukyx3x c1et5uql\">\n<p>Materi\u00e1l &#8211; zimn\u00fd softshell:<\/p>\n<p>Vodeodolnos\u0165 10000 mm<br \/>\nPriedu\u0161nos\u0165 3000 g\/m2\/24h<\/p>\n<p>Softshell sa sklad\u00e1 z troch vrstiev: termoakt\u00edvna l\u00e1tka, izola\u010dn\u00e1 vrstva m\u00e4kk\u00fd fleece, vonkaj\u0161\u00ed nepremokav\u00fd materi\u00e1l s membr\u00e1nou<\/p>\n<\/div>\n<\/div>\n<p>Model Robin m\u00e1 oble\u010den\u00fa ve\u013ekos\u0165 L. V\u00fd\u0161ka modela: 195cm.<\/p>\n<p>&nbsp;<\/p>\n","protected":false},"excerpt":{"rendered":"<div class=\"o9v6fnle cxmmr5t8 oygrvhab hcukyx3x c1et5uql\">\n<div class=\"o9v6fnle cxmmr5t8 oygrvhab hcukyx3x c1et5uql\">\n<div>\n<p>Origin\u00e1lny vzh\u013ead, v\u0161estrannos\u0165 a\u00a0v\u00fdborn\u00e1 odolnos\u0165 vo\u010di vetru i da\u017e\u010fu. <strong>P\u00e1nska softshellov\u00e1 nepremokav\u00e1 parka Nore<\/strong> je k\u00fasok mnoh\u00fdch kombin\u00e1ci\u00ed. M\u00f4\u017eete si ju obliec\u0165 k\u00a0tepl\u00e1kov\u00fdm aj elegantn\u00fdm nohaviciam. U\u017e viete, kam sa v\u00a0nej najbli\u017e\u0161ie vyberiete? Bude to prech\u00e1dzka s\u00a0rodinou po meste alebo v\u00fdlet do pr\u00edrody?<\/p>\n<\/div>\n<div><strong style=\"font-size: 16px;\">Popis materi\u00e1lu: <\/strong><span style=\"font-size: 16px;\">\u00a0trojvrstvov\u00fd softshell s membr\u00e1nou a fleesov\u00fdm zateplen\u00edm<\/span><\/div>\n<div><\/div>\n<div><strong>Certifik\u00e1ty: <\/strong>OEKO-TEX 100<\/div>\n<div class=\"o9v6fnle cxmmr5t8 oygrvhab hcukyx3x c1et5uql\"><strong>Materi\u00e1lov\u00e9 zlo\u017eenie:<\/strong> 100% PES + TPU membr\u00e1na<\/div>\n<\/div>\n<\/div>\n","protected":false},"featured_media":5680432,"comment_status":"closed","ping_status":"closed","template":"","meta":{"_acf_changed":false,"inline_featured_image":false},"product_brand":[],"product_cat":[381],"product_tag":[],"class_list":{"0":"post-5676463","1":"product","2":"type-product","3":"status-publish","4":"has-post-thumbnail","6":"product_cat-panske-bundy-parky","8":"first","9":"instock","10":"shipping-taxable","11":"purchasable","12":"product-type-variable","13":"wvs-archive-product-wrapper"},"acf":[],"yoast_head":"<!-- This site is optimized with the Yoast SEO plugin v27.4 - https:\/\/yoast.com\/product\/yoast-seo-wordpress\/ -->\n<title>P\u00e1nska nepremokav\u00e1 softshellov\u00e1 parka Nore - ladime.sk<\/title>\n<meta name=\"description\" content=\"Origin\u00e1lny vzh\u013ead a v\u00fdborn\u00e1 odolnos\u0165 vo\u010di vetru i da\u017e\u010fu. P\u00e1nska softshellov\u00e1 nepremokav\u00e1 parka Nore k tepl\u00e1kov\u00fdm aj elegantn\u00fdm nohaviciam.\" \/>\n<meta name=\"robots\" content=\"index, follow, max-snippet:-1, max-image-preview:large, max-video-preview:-1\" \/>\n<link rel=\"canonical\" href=\"https:\/\/www.ladime.sk\/muzi\/panske-bundy-parky\/ikonicka-panska-softshellova-nepremokava-parka-nore\/\" \/>\n<meta property=\"og:locale\" content=\"cs_CZ\" \/>\n<meta property=\"og:type\" content=\"article\" \/>\n<meta property=\"og:title\" content=\"P\u00e1nska nepremokav\u00e1 softshellov\u00e1 parka Nore - ladime.sk\" \/>\n<meta property=\"og:description\" content=\"Origin\u00e1lny vzh\u013ead a v\u00fdborn\u00e1 odolnos\u0165 vo\u010di vetru i da\u017e\u010fu. P\u00e1nska softshellov\u00e1 nepremokav\u00e1 parka Nore k tepl\u00e1kov\u00fdm aj elegantn\u00fdm nohaviciam.\" \/>\n<meta property=\"og:url\" content=\"https:\/\/www.ladime.sk\/muzi\/panske-bundy-parky\/ikonicka-panska-softshellova-nepremokava-parka-nore\/\" \/>\n<meta property=\"og:site_name\" content=\"ladime.sk\" \/>\n<meta property=\"article:modified_time\" content=\"2025-11-21T13:56:16+00:00\" \/>\n<meta property=\"og:image\" content=\"https:\/\/www.ladime.sk\/wp-content\/uploads\/2022\/10\/DSC0603male.webp\" \/>\n\t<meta property=\"og:image:width\" content=\"1920\" \/>\n\t<meta property=\"og:image:height\" content=\"1280\" \/>\n\t<meta property=\"og:image:type\" content=\"image\/webp\" \/>\n<meta name=\"twitter:card\" content=\"summary_large_image\" \/>\n<meta name=\"twitter:label1\" content=\"Odhadovan\u00e1 doba \u010dten\u00ed\" \/>\n\t<meta name=\"twitter:data1\" content=\"2 minuty\" \/>\n<script type=\"application\/ld+json\" class=\"yoast-schema-graph\">{\"@context\":\"https:\\\/\\\/schema.org\",\"@graph\":[{\"@type\":\"WebPage\",\"@id\":\"https:\\\/\\\/www.ladime.sk\\\/muzi\\\/panske-bundy-parky\\\/ikonicka-panska-softshellova-nepremokava-parka-nore\\\/\",\"url\":\"https:\\\/\\\/www.ladime.sk\\\/muzi\\\/panske-bundy-parky\\\/ikonicka-panska-softshellova-nepremokava-parka-nore\\\/\",\"name\":\"P\u00e1nska nepremokav\u00e1 softshellov\u00e1 parka Nore - ladime.sk\",\"isPartOf\":{\"@id\":\"https:\\\/\\\/www.ladime.sk\\\/#website\"},\"primaryImageOfPage\":{\"@id\":\"https:\\\/\\\/www.ladime.sk\\\/muzi\\\/panske-bundy-parky\\\/ikonicka-panska-softshellova-nepremokava-parka-nore\\\/#primaryimage\"},\"image\":{\"@id\":\"https:\\\/\\\/www.ladime.sk\\\/muzi\\\/panske-bundy-parky\\\/ikonicka-panska-softshellova-nepremokava-parka-nore\\\/#primaryimage\"},\"thumbnailUrl\":\"https:\\\/\\\/www.ladime.sk\\\/wp-content\\\/uploads\\\/2022\\\/10\\\/DSC0603male.webp\",\"datePublished\":\"2022-10-14T07:35:19+00:00\",\"dateModified\":\"2025-11-21T13:56:16+00:00\",\"description\":\"Origin\u00e1lny vzh\u013ead a v\u00fdborn\u00e1 odolnos\u0165 vo\u010di vetru i da\u017e\u010fu. P\u00e1nska softshellov\u00e1 nepremokav\u00e1 parka Nore k tepl\u00e1kov\u00fdm aj elegantn\u00fdm nohaviciam.\",\"breadcrumb\":{\"@id\":\"https:\\\/\\\/www.ladime.sk\\\/muzi\\\/panske-bundy-parky\\\/ikonicka-panska-softshellova-nepremokava-parka-nore\\\/#breadcrumb\"},\"inLanguage\":\"cs\",\"potentialAction\":[{\"@type\":\"ReadAction\",\"target\":[\"https:\\\/\\\/www.ladime.sk\\\/muzi\\\/panske-bundy-parky\\\/ikonicka-panska-softshellova-nepremokava-parka-nore\\\/\"]}]},{\"@type\":\"ImageObject\",\"inLanguage\":\"cs\",\"@id\":\"https:\\\/\\\/www.ladime.sk\\\/muzi\\\/panske-bundy-parky\\\/ikonicka-panska-softshellova-nepremokava-parka-nore\\\/#primaryimage\",\"url\":\"https:\\\/\\\/www.ladime.sk\\\/wp-content\\\/uploads\\\/2022\\\/10\\\/DSC0603male.webp\",\"contentUrl\":\"https:\\\/\\\/www.ladime.sk\\\/wp-content\\\/uploads\\\/2022\\\/10\\\/DSC0603male.webp\",\"width\":1920,\"height\":1280},{\"@type\":\"BreadcrumbList\",\"@id\":\"https:\\\/\\\/www.ladime.sk\\\/muzi\\\/panske-bundy-parky\\\/ikonicka-panska-softshellova-nepremokava-parka-nore\\\/#breadcrumb\",\"itemListElement\":[{\"@type\":\"ListItem\",\"position\":1,\"name\":\"\u00davod\",\"item\":\"https:\\\/\\\/www.ladime.sk\\\/\"},{\"@type\":\"ListItem\",\"position\":2,\"name\":\"Obchod\",\"item\":\"https:\\\/\\\/www.ladime.sk\\\/cs\\\/shop-cs\\\/\"},{\"@type\":\"ListItem\",\"position\":3,\"name\":\"P\u00e1nska nepremokav\u00e1 softshellov\u00e1 parka Nore\"}]},{\"@type\":\"WebSite\",\"@id\":\"https:\\\/\\\/www.ladime.sk\\\/#website\",\"url\":\"https:\\\/\\\/www.ladime.sk\\\/\",\"name\":\"ladime.sk\",\"description\":\"Ke\u010f lad\u00edme so svetom, mysl\u00edme na bud\u00facnos\u0165.\",\"publisher\":{\"@id\":\"https:\\\/\\\/www.ladime.sk\\\/#organization\"},\"potentialAction\":[{\"@type\":\"SearchAction\",\"target\":{\"@type\":\"EntryPoint\",\"urlTemplate\":\"https:\\\/\\\/www.ladime.sk\\\/?s={search_term_string}\"},\"query-input\":{\"@type\":\"PropertyValueSpecification\",\"valueRequired\":true,\"valueName\":\"search_term_string\"}}],\"inLanguage\":\"cs\"},{\"@type\":\"Organization\",\"@id\":\"https:\\\/\\\/www.ladime.sk\\\/#organization\",\"name\":\"Lad\u00edme\",\"url\":\"https:\\\/\\\/www.ladime.sk\\\/\",\"logo\":{\"@type\":\"ImageObject\",\"inLanguage\":\"cs\",\"@id\":\"https:\\\/\\\/www.ladime.sk\\\/#\\\/schema\\\/logo\\\/image\\\/\",\"url\":\"https:\\\/\\\/www.ladime.sk\\\/wp-content\\\/uploads\\\/2021\\\/08\\\/logo_ladime.svg\",\"contentUrl\":\"https:\\\/\\\/www.ladime.sk\\\/wp-content\\\/uploads\\\/2021\\\/08\\\/logo_ladime.svg\",\"width\":366,\"height\":185,\"caption\":\"Lad\u00edme\"},\"image\":{\"@id\":\"https:\\\/\\\/www.ladime.sk\\\/#\\\/schema\\\/logo\\\/image\\\/\"}}]}<\/script>\n<!-- \/ Yoast SEO plugin. -->","yoast_head_json":{"title":"P\u00e1nska nepremokav\u00e1 softshellov\u00e1 parka Nore - ladime.sk","description":"Origin\u00e1lny vzh\u013ead a v\u00fdborn\u00e1 odolnos\u0165 vo\u010di vetru i da\u017e\u010fu. P\u00e1nska softshellov\u00e1 nepremokav\u00e1 parka Nore k tepl\u00e1kov\u00fdm aj elegantn\u00fdm nohaviciam.","robots":{"index":"index","follow":"follow","max-snippet":"max-snippet:-1","max-image-preview":"max-image-preview:large","max-video-preview":"max-video-preview:-1"},"canonical":"https:\/\/www.ladime.sk\/muzi\/panske-bundy-parky\/ikonicka-panska-softshellova-nepremokava-parka-nore\/","og_locale":"cs_CZ","og_type":"article","og_title":"P\u00e1nska nepremokav\u00e1 softshellov\u00e1 parka Nore - ladime.sk","og_description":"Origin\u00e1lny vzh\u013ead a v\u00fdborn\u00e1 odolnos\u0165 vo\u010di vetru i da\u017e\u010fu. P\u00e1nska softshellov\u00e1 nepremokav\u00e1 parka Nore k tepl\u00e1kov\u00fdm aj elegantn\u00fdm nohaviciam.","og_url":"https:\/\/www.ladime.sk\/muzi\/panske-bundy-parky\/ikonicka-panska-softshellova-nepremokava-parka-nore\/","og_site_name":"ladime.sk","article_modified_time":"2025-11-21T13:56:16+00:00","og_image":[{"width":1920,"height":1280,"url":"https:\/\/www.ladime.sk\/wp-content\/uploads\/2022\/10\/DSC0603male.webp","type":"image\/webp"}],"twitter_card":"summary_large_image","twitter_misc":{"Odhadovan\u00e1 doba \u010dten\u00ed":"2 minuty"},"schema":{"@context":"https:\/\/schema.org","@graph":[{"@type":"WebPage","@id":"https:\/\/www.ladime.sk\/muzi\/panske-bundy-parky\/ikonicka-panska-softshellova-nepremokava-parka-nore\/","url":"https:\/\/www.ladime.sk\/muzi\/panske-bundy-parky\/ikonicka-panska-softshellova-nepremokava-parka-nore\/","name":"P\u00e1nska nepremokav\u00e1 softshellov\u00e1 parka Nore - ladime.sk","isPartOf":{"@id":"https:\/\/www.ladime.sk\/#website"},"primaryImageOfPage":{"@id":"https:\/\/www.ladime.sk\/muzi\/panske-bundy-parky\/ikonicka-panska-softshellova-nepremokava-parka-nore\/#primaryimage"},"image":{"@id":"https:\/\/www.ladime.sk\/muzi\/panske-bundy-parky\/ikonicka-panska-softshellova-nepremokava-parka-nore\/#primaryimage"},"thumbnailUrl":"https:\/\/www.ladime.sk\/wp-content\/uploads\/2022\/10\/DSC0603male.webp","datePublished":"2022-10-14T07:35:19+00:00","dateModified":"2025-11-21T13:56:16+00:00","description":"Origin\u00e1lny vzh\u013ead a v\u00fdborn\u00e1 odolnos\u0165 vo\u010di vetru i da\u017e\u010fu. P\u00e1nska softshellov\u00e1 nepremokav\u00e1 parka Nore k tepl\u00e1kov\u00fdm aj elegantn\u00fdm nohaviciam.","breadcrumb":{"@id":"https:\/\/www.ladime.sk\/muzi\/panske-bundy-parky\/ikonicka-panska-softshellova-nepremokava-parka-nore\/#breadcrumb"},"inLanguage":"cs","potentialAction":[{"@type":"ReadAction","target":["https:\/\/www.ladime.sk\/muzi\/panske-bundy-parky\/ikonicka-panska-softshellova-nepremokava-parka-nore\/"]}]},{"@type":"ImageObject","inLanguage":"cs","@id":"https:\/\/www.ladime.sk\/muzi\/panske-bundy-parky\/ikonicka-panska-softshellova-nepremokava-parka-nore\/#primaryimage","url":"https:\/\/www.ladime.sk\/wp-content\/uploads\/2022\/10\/DSC0603male.webp","contentUrl":"https:\/\/www.ladime.sk\/wp-content\/uploads\/2022\/10\/DSC0603male.webp","width":1920,"height":1280},{"@type":"BreadcrumbList","@id":"https:\/\/www.ladime.sk\/muzi\/panske-bundy-parky\/ikonicka-panska-softshellova-nepremokava-parka-nore\/#breadcrumb","itemListElement":[{"@type":"ListItem","position":1,"name":"\u00davod","item":"https:\/\/www.ladime.sk\/"},{"@type":"ListItem","position":2,"name":"Obchod","item":"https:\/\/www.ladime.sk\/cs\/shop-cs\/"},{"@type":"ListItem","position":3,"name":"P\u00e1nska nepremokav\u00e1 softshellov\u00e1 parka Nore"}]},{"@type":"WebSite","@id":"https:\/\/www.ladime.sk\/#website","url":"https:\/\/www.ladime.sk\/","name":"ladime.sk","description":"Ke\u010f lad\u00edme so svetom, mysl\u00edme na bud\u00facnos\u0165.","publisher":{"@id":"https:\/\/www.ladime.sk\/#organization"},"potentialAction":[{"@type":"SearchAction","target":{"@type":"EntryPoint","urlTemplate":"https:\/\/www.ladime.sk\/?s={search_term_string}"},"query-input":{"@type":"PropertyValueSpecification","valueRequired":true,"valueName":"search_term_string"}}],"inLanguage":"cs"},{"@type":"Organization","@id":"https:\/\/www.ladime.sk\/#organization","name":"Lad\u00edme","url":"https:\/\/www.ladime.sk\/","logo":{"@type":"ImageObject","inLanguage":"cs","@id":"https:\/\/www.ladime.sk\/#\/schema\/logo\/image\/","url":"https:\/\/www.ladime.sk\/wp-content\/uploads\/2021\/08\/logo_ladime.svg","contentUrl":"https:\/\/www.ladime.sk\/wp-content\/uploads\/2021\/08\/logo_ladime.svg","width":366,"height":185,"caption":"Lad\u00edme"},"image":{"@id":"https:\/\/www.ladime.sk\/#\/schema\/logo\/image\/"}}]}},"_links":{"self":[{"href":"https:\/\/www.ladime.sk\/cs\/wp-json\/wp\/v2\/product\/5676463","targetHints":{"allow":["GET"]}}],"collection":[{"href":"https:\/\/www.ladime.sk\/cs\/wp-json\/wp\/v2\/product"}],"about":[{"href":"https:\/\/www.ladime.sk\/cs\/wp-json\/wp\/v2\/types\/product"}],"replies":[{"embeddable":true,"href":"https:\/\/www.ladime.sk\/cs\/wp-json\/wp\/v2\/comments?post=5676463"}],"version-history":[{"count":0,"href":"https:\/\/www.ladime.sk\/cs\/wp-json\/wp\/v2\/product\/5676463\/revisions"}],"wp:featuredmedia":[{"embeddable":true,"href":"https:\/\/www.ladime.sk\/cs\/wp-json\/wp\/v2\/media\/5680432"}],"wp:attachment":[{"href":"https:\/\/www.ladime.sk\/cs\/wp-json\/wp\/v2\/media?parent=5676463"}],"wp:term":[{"taxonomy":"product_brand","embeddable":true,"href":"https:\/\/www.ladime.sk\/cs\/wp-json\/wp\/v2\/product_brand?post=5676463"},{"taxonomy":"product_cat","embeddable":true,"href":"https:\/\/www.ladime.sk\/cs\/wp-json\/wp\/v2\/product_cat?post=5676463"},{"taxonomy":"product_tag","embeddable":true,"href":"https:\/\/www.ladime.sk\/cs\/wp-json\/wp\/v2\/product_tag?post=5676463"}],"curies":[{"name":"wp","href":"https:\/\/api.w.org\/{rel}","templated":true}]}}