{"id":5676401,"date":"2024-11-07T13:50:09","date_gmt":"2024-11-07T12:50:09","guid":{"rendered":"https:\/\/www.ladime.sk\/?post_type=product&#038;p=5676401"},"modified":"2026-03-10T09:21:22","modified_gmt":"2026-03-10T08:21:22","slug":"softshellovy-nepremokavy-kabat-eirin","status":"publish","type":"product","link":"https:\/\/www.ladime.sk\/cs\/zeny\/damske-bundy-kabaty-vesty\/softshellovy-nepremokavy-kabat-eirin\/","title":{"rendered":"D\u00e1msky dizajnov\u00fd softshellov\u00fd kab\u00e1t Eirin"},"content":{"rendered":"<div class=\"kvgmc6g5 cxmmr5t8 oygrvhab hcukyx3x c1et5uql\">\n<div class=\"kvgmc6g5 cxmmr5t8 oygrvhab hcukyx3x c1et5uql\">\n<h2>D\u00e1msky softshellov\u00fd nepremokav\u00fd kab\u00e1t Eirin v dizajne, ktor\u00fdm zaujmete<\/h2>\n<p>Elegantn\u00fd k\u00fasok, ak\u00fdm je <strong>d\u00e1msky softshellov\u00fd nepremokav\u00fd kab\u00e1t Eirin<\/strong>\u00a0predstavuje revolu\u010dn\u00fd model, ktor\u00fdm vyraz\u00edte dych v\u0161ade, kam pr\u00eddete. Kab\u00e1t sme vyrobili zo zateplen\u00e9ho softshellu, bude sa tak m\u00f4c\u0165 sta\u0165 va\u0161\u00edm sprievodcom po\u010das jesenn\u00fdch i zimn\u00fdch dn\u00ed. U\u0161it\u00fd je v mierne oversize \u0161t\u00fdle, aby ste si mohli pode\u0148 v\u00a0chladnej\u0161om po\u010das\u00ed obliec\u0165 aj <strong><a href=\"https:\/\/www.ladime.sk\/zeny\/damske-topy\/\" target=\"_blank\" rel=\"noopener\">hrub\u0161\u00ed top<\/a><\/strong> \u010di mikinu. D\u013a\u017eka ruk\u00e1vov je upraven\u00e1 tak, aby ste pri zdvihnut\u00ed r\u00fak nec\u00edtili chlad \u2014 zakryj\u00fa v\u00e1m ich a\u017e po h\u00e1nky.<\/p>\n<p><strong>Handmade d\u00e1msky kab\u00e1t Eirin <\/strong>m\u00e1 vzadu jemne pred\u013a\u017een\u00fd strih, v\u010faka \u010domu v\u00e1m ani pri najv\u00e4\u010d\u0161om vetre nebude zima na citliv\u00e9 partie. Kab\u00e1t sme doladili ozdobn\u00fdm pre\u0161it\u00edm s li\u0161tov\u00fdmi vreckami, vpredu o\u010dar\u00ed dvojradov\u00e9 asymetrick\u00e9 zap\u00ednanie so stojat\u00fdm golierom. M\u00f4\u017eete si ho tak samy tvarova\u0165 pod\u013ea vlastn\u00e9ho gusta. So zv\u00fd\u0161en\u00fdm alebo uhladen\u00fdm golierom, v\u017edy budete neodolate\u013en\u00e1 a jedine\u010dn\u00e1. Tento elegantn\u00fd, praktick\u00fd, n\u00e1padit\u00fd a predov\u0161etk\u00fdm nad\u010dasov\u00fd <strong><a href=\"https:\/\/www.ladime.sk\/zeny\/damske-bundy-kabaty-vesty\/\">d\u00e1msky kab\u00e1t<\/a><\/strong> v\u00e1s bude sprev\u00e1dza\u0165 nejedno ro\u010dn\u00e9 obdobie a stane sa va\u0161\u00edm druh\u00fdm ja. Skombinujete ho \u013eahko v\u010faka minimalistick\u00e9mu, ale inven\u010dn\u00e9mu dizajnu s tepl\u00e1kov\u00fdmi nohavicami, softshellov\u00fdmi nohavicami \u010di so \u0161atami z na\u0161ej dielne.<\/p>\n<ul>\n<li>Vysok\u00fd stojat\u00fd asymetrick\u00fd golier<\/li>\n<li>Jemne oversize strih<\/li>\n<li>Noblesn\u00e9 ruk\u00e1vy<\/li>\n<li>Dve bo\u010dn\u00e9 vreck\u00e1<\/li>\n<li>Pred\u013a\u017een\u00fd zaoblen\u00fd zadn\u00fd diel<\/li>\n<li>Zateplenie fleesom<\/li>\n<li>U\u0161ko na zavesenie<\/li>\n<li>Vhodn\u00fd na jese\u0148\/zimu\/vlhk\u00e9 upr\u0161an\u00e9 po\u010dasie<\/li>\n<li>Vodeodoln\u00fd, priedu\u0161n\u00fd, vetruodoln\u00fd<\/li>\n<\/ul>\n<\/div>\n<\/div>\n<div class=\"kvgmc6g5 cxmmr5t8 oygrvhab hcukyx3x c1et5uql\">\n<div class=\"kvgmc6g5 cxmmr5t8 oygrvhab hcukyx3x c1et5uql\">\n<p>Materi\u00e1l &#8211; zimn\u00fd softshell:<\/p>\n<p>Vodeodolnos\u0165 10000 mm<br \/>\nPriedu\u0161nos\u0165 3000 g\/m2\/24h<\/p>\n<p>Softshell sa sklad\u00e1 z troch vrstiev: termoakt\u00edvna l\u00e1tka, izola\u010dn\u00e1 vrstva m\u00e4kk\u00fd fleece, vonkaj\u0161\u00ed nepremokav\u00fd materi\u00e1l s membr\u00e1nou<\/p>\n<\/div>\n<\/div>\n<p>Modelka Val\u00e9ria m\u00e1 oble\u010den\u00fa ve\u013ekos\u0165 34. V\u00fd\u0161ka modelky: 163cm a miery: 90-70-92<\/p>\n<p>&nbsp;<\/p>\n","protected":false},"excerpt":{"rendered":"<div class=\"o9v6fnle cxmmr5t8 oygrvhab hcukyx3x c1et5uql\">\n<div class=\"o9v6fnle cxmmr5t8 oygrvhab hcukyx3x c1et5uql\">\n<div>\n<p>Nechajte sa o\u010dari\u0165 eleganciou! <strong>D\u00e1msky softshellov\u00fd nepremokav\u00fd kab\u00e1t Eirin<\/strong>\u00a0s\u00a0pred\u013a\u017een\u00fdm zadn\u00fdm dielom a dvojradov\u00fdm asymetrick\u00fdm zap\u00ednan\u00edm so stojat\u00fdm golierom vynikne v\u0161ade, kam pr\u00eddete. V\u010faka zatepleniu fleesom sa postar\u00e1 tie\u017e o\u00a0to, aby v\u00e1m bolo v\u017edy pr\u00edjemne teplo.<\/p>\n<\/div>\n<div><strong style=\"font-size: 16px;\">Popis materi\u00e1lu: <\/strong><span style=\"font-size: 16px;\">\u00a0trojvrstvov\u00fd softshell s membr\u00e1nou a fleesov\u00fdm zateplen\u00edm so vzorom rybia kos\u0165<\/span><\/div>\n<div><\/div>\n<div><strong>Certifik\u00e1ty: <\/strong>OEKO-TEX 100<\/div>\n<div class=\"o9v6fnle cxmmr5t8 oygrvhab hcukyx3x c1et5uql\"><strong>Materi\u00e1lov\u00e9 zlo\u017eenie:<\/strong> 100% PES + TPU membr\u00e1na<\/div>\n<\/div>\n<\/div>\n","protected":false},"featured_media":5682512,"comment_status":"closed","ping_status":"closed","template":"","meta":{"_acf_changed":false,"inline_featured_image":false},"product_brand":[],"product_cat":[298,427],"product_tag":[],"class_list":{"0":"post-5676401","1":"product","2":"type-product","3":"status-publish","4":"has-post-thumbnail","6":"product_cat-damske-bundy-kabaty-vesty","7":"product_cat-nova-kolekcia","9":"first","10":"onbackorder","11":"shipping-taxable","12":"purchasable","13":"product-type-variable","14":"wvs-archive-product-wrapper"},"acf":[],"yoast_head":"<!-- This site is optimized with the Yoast SEO plugin v27.4 - https:\/\/yoast.com\/product\/yoast-seo-wordpress\/ -->\n<title>D\u00e1msky dizajnov\u00fd softshellov\u00fd kab\u00e1t Eirin - ladime.sk<\/title>\n<meta name=\"description\" content=\"D\u00e1msky softshellov\u00fd nepremokav\u00fd kab\u00e1t Kyana s\u00a0pred\u013a\u017een\u00fdm zadn\u00fdm dielom a dvojradov\u00fdm asymetrick\u00fdm zap\u00ednan\u00edm so stojat\u00fdm golierom.\" \/>\n<meta name=\"robots\" content=\"index, follow, max-snippet:-1, max-image-preview:large, max-video-preview:-1\" \/>\n<link rel=\"canonical\" href=\"https:\/\/www.ladime.sk\/zeny\/damske-bundy-kabaty-vesty\/softshellovy-nepremokavy-kabat-eirin\/\" \/>\n<meta property=\"og:locale\" content=\"cs_CZ\" \/>\n<meta property=\"og:type\" content=\"article\" \/>\n<meta property=\"og:title\" content=\"D\u00e1msky dizajnov\u00fd softshellov\u00fd kab\u00e1t Eirin - ladime.sk\" \/>\n<meta property=\"og:description\" content=\"D\u00e1msky softshellov\u00fd nepremokav\u00fd kab\u00e1t Kyana s\u00a0pred\u013a\u017een\u00fdm zadn\u00fdm dielom a dvojradov\u00fdm asymetrick\u00fdm zap\u00ednan\u00edm so stojat\u00fdm golierom.\" \/>\n<meta property=\"og:url\" content=\"https:\/\/www.ladime.sk\/zeny\/damske-bundy-kabaty-vesty\/softshellovy-nepremokavy-kabat-eirin\/\" \/>\n<meta property=\"og:site_name\" content=\"ladime.sk\" \/>\n<meta property=\"article:modified_time\" content=\"2026-03-10T08:21:22+00:00\" \/>\n<meta property=\"og:image\" content=\"https:\/\/www.ladime.sk\/wp-content\/uploads\/2022\/10\/ladime_zeny_kabat_softshell_moda_buducnosti_1.jpg\" \/>\n\t<meta property=\"og:image:width\" content=\"805\" \/>\n\t<meta property=\"og:image:height\" content=\"1006\" \/>\n\t<meta property=\"og:image:type\" content=\"image\/jpeg\" \/>\n<meta name=\"twitter:card\" content=\"summary_large_image\" \/>\n<meta name=\"twitter:label1\" content=\"Odhadovan\u00e1 doba \u010dten\u00ed\" \/>\n\t<meta name=\"twitter:data1\" content=\"2 minuty\" \/>\n<script type=\"application\/ld+json\" class=\"yoast-schema-graph\">{\"@context\":\"https:\\\/\\\/schema.org\",\"@graph\":[{\"@type\":\"WebPage\",\"@id\":\"https:\\\/\\\/www.ladime.sk\\\/zeny\\\/damske-bundy-kabaty-vesty\\\/softshellovy-nepremokavy-kabat-eirin\\\/\",\"url\":\"https:\\\/\\\/www.ladime.sk\\\/zeny\\\/damske-bundy-kabaty-vesty\\\/softshellovy-nepremokavy-kabat-eirin\\\/\",\"name\":\"D\u00e1msky dizajnov\u00fd softshellov\u00fd kab\u00e1t Eirin - ladime.sk\",\"isPartOf\":{\"@id\":\"https:\\\/\\\/www.ladime.sk\\\/#website\"},\"primaryImageOfPage\":{\"@id\":\"https:\\\/\\\/www.ladime.sk\\\/zeny\\\/damske-bundy-kabaty-vesty\\\/softshellovy-nepremokavy-kabat-eirin\\\/#primaryimage\"},\"image\":{\"@id\":\"https:\\\/\\\/www.ladime.sk\\\/zeny\\\/damske-bundy-kabaty-vesty\\\/softshellovy-nepremokavy-kabat-eirin\\\/#primaryimage\"},\"thumbnailUrl\":\"https:\\\/\\\/www.ladime.sk\\\/wp-content\\\/uploads\\\/2022\\\/10\\\/ladime_zeny_kabat_softshell_moda_buducnosti_1.jpg\",\"datePublished\":\"2024-11-07T12:50:09+00:00\",\"dateModified\":\"2026-03-10T08:21:22+00:00\",\"description\":\"D\u00e1msky softshellov\u00fd nepremokav\u00fd kab\u00e1t Kyana s\u00a0pred\u013a\u017een\u00fdm zadn\u00fdm dielom a dvojradov\u00fdm asymetrick\u00fdm zap\u00ednan\u00edm so stojat\u00fdm golierom.\",\"breadcrumb\":{\"@id\":\"https:\\\/\\\/www.ladime.sk\\\/zeny\\\/damske-bundy-kabaty-vesty\\\/softshellovy-nepremokavy-kabat-eirin\\\/#breadcrumb\"},\"inLanguage\":\"cs\",\"potentialAction\":[{\"@type\":\"ReadAction\",\"target\":[\"https:\\\/\\\/www.ladime.sk\\\/zeny\\\/damske-bundy-kabaty-vesty\\\/softshellovy-nepremokavy-kabat-eirin\\\/\"]}]},{\"@type\":\"ImageObject\",\"inLanguage\":\"cs\",\"@id\":\"https:\\\/\\\/www.ladime.sk\\\/zeny\\\/damske-bundy-kabaty-vesty\\\/softshellovy-nepremokavy-kabat-eirin\\\/#primaryimage\",\"url\":\"https:\\\/\\\/www.ladime.sk\\\/wp-content\\\/uploads\\\/2022\\\/10\\\/ladime_zeny_kabat_softshell_moda_buducnosti_1.jpg\",\"contentUrl\":\"https:\\\/\\\/www.ladime.sk\\\/wp-content\\\/uploads\\\/2022\\\/10\\\/ladime_zeny_kabat_softshell_moda_buducnosti_1.jpg\",\"width\":805,\"height\":1006},{\"@type\":\"BreadcrumbList\",\"@id\":\"https:\\\/\\\/www.ladime.sk\\\/zeny\\\/damske-bundy-kabaty-vesty\\\/softshellovy-nepremokavy-kabat-eirin\\\/#breadcrumb\",\"itemListElement\":[{\"@type\":\"ListItem\",\"position\":1,\"name\":\"\u00davod\",\"item\":\"https:\\\/\\\/www.ladime.sk\\\/\"},{\"@type\":\"ListItem\",\"position\":2,\"name\":\"Obchod\",\"item\":\"https:\\\/\\\/www.ladime.sk\\\/cs\\\/shop-cs\\\/\"},{\"@type\":\"ListItem\",\"position\":3,\"name\":\"D\u00e1msky dizajnov\u00fd softshellov\u00fd kab\u00e1t Eirin\"}]},{\"@type\":\"WebSite\",\"@id\":\"https:\\\/\\\/www.ladime.sk\\\/#website\",\"url\":\"https:\\\/\\\/www.ladime.sk\\\/\",\"name\":\"ladime.sk\",\"description\":\"Ke\u010f lad\u00edme so svetom, mysl\u00edme na bud\u00facnos\u0165.\",\"publisher\":{\"@id\":\"https:\\\/\\\/www.ladime.sk\\\/#organization\"},\"potentialAction\":[{\"@type\":\"SearchAction\",\"target\":{\"@type\":\"EntryPoint\",\"urlTemplate\":\"https:\\\/\\\/www.ladime.sk\\\/?s={search_term_string}\"},\"query-input\":{\"@type\":\"PropertyValueSpecification\",\"valueRequired\":true,\"valueName\":\"search_term_string\"}}],\"inLanguage\":\"cs\"},{\"@type\":\"Organization\",\"@id\":\"https:\\\/\\\/www.ladime.sk\\\/#organization\",\"name\":\"Lad\u00edme\",\"url\":\"https:\\\/\\\/www.ladime.sk\\\/\",\"logo\":{\"@type\":\"ImageObject\",\"inLanguage\":\"cs\",\"@id\":\"https:\\\/\\\/www.ladime.sk\\\/#\\\/schema\\\/logo\\\/image\\\/\",\"url\":\"https:\\\/\\\/www.ladime.sk\\\/wp-content\\\/uploads\\\/2021\\\/08\\\/logo_ladime.svg\",\"contentUrl\":\"https:\\\/\\\/www.ladime.sk\\\/wp-content\\\/uploads\\\/2021\\\/08\\\/logo_ladime.svg\",\"width\":366,\"height\":185,\"caption\":\"Lad\u00edme\"},\"image\":{\"@id\":\"https:\\\/\\\/www.ladime.sk\\\/#\\\/schema\\\/logo\\\/image\\\/\"}}]}<\/script>\n<!-- \/ Yoast SEO plugin. -->","yoast_head_json":{"title":"D\u00e1msky dizajnov\u00fd softshellov\u00fd kab\u00e1t Eirin - ladime.sk","description":"D\u00e1msky softshellov\u00fd nepremokav\u00fd kab\u00e1t Kyana s\u00a0pred\u013a\u017een\u00fdm zadn\u00fdm dielom a dvojradov\u00fdm asymetrick\u00fdm zap\u00ednan\u00edm so stojat\u00fdm golierom.","robots":{"index":"index","follow":"follow","max-snippet":"max-snippet:-1","max-image-preview":"max-image-preview:large","max-video-preview":"max-video-preview:-1"},"canonical":"https:\/\/www.ladime.sk\/zeny\/damske-bundy-kabaty-vesty\/softshellovy-nepremokavy-kabat-eirin\/","og_locale":"cs_CZ","og_type":"article","og_title":"D\u00e1msky dizajnov\u00fd softshellov\u00fd kab\u00e1t Eirin - ladime.sk","og_description":"D\u00e1msky softshellov\u00fd nepremokav\u00fd kab\u00e1t Kyana s\u00a0pred\u013a\u017een\u00fdm zadn\u00fdm dielom a dvojradov\u00fdm asymetrick\u00fdm zap\u00ednan\u00edm so stojat\u00fdm golierom.","og_url":"https:\/\/www.ladime.sk\/zeny\/damske-bundy-kabaty-vesty\/softshellovy-nepremokavy-kabat-eirin\/","og_site_name":"ladime.sk","article_modified_time":"2026-03-10T08:21:22+00:00","og_image":[{"width":805,"height":1006,"url":"https:\/\/www.ladime.sk\/wp-content\/uploads\/2022\/10\/ladime_zeny_kabat_softshell_moda_buducnosti_1.jpg","type":"image\/jpeg"}],"twitter_card":"summary_large_image","twitter_misc":{"Odhadovan\u00e1 doba \u010dten\u00ed":"2 minuty"},"schema":{"@context":"https:\/\/schema.org","@graph":[{"@type":"WebPage","@id":"https:\/\/www.ladime.sk\/zeny\/damske-bundy-kabaty-vesty\/softshellovy-nepremokavy-kabat-eirin\/","url":"https:\/\/www.ladime.sk\/zeny\/damske-bundy-kabaty-vesty\/softshellovy-nepremokavy-kabat-eirin\/","name":"D\u00e1msky dizajnov\u00fd softshellov\u00fd kab\u00e1t Eirin - ladime.sk","isPartOf":{"@id":"https:\/\/www.ladime.sk\/#website"},"primaryImageOfPage":{"@id":"https:\/\/www.ladime.sk\/zeny\/damske-bundy-kabaty-vesty\/softshellovy-nepremokavy-kabat-eirin\/#primaryimage"},"image":{"@id":"https:\/\/www.ladime.sk\/zeny\/damske-bundy-kabaty-vesty\/softshellovy-nepremokavy-kabat-eirin\/#primaryimage"},"thumbnailUrl":"https:\/\/www.ladime.sk\/wp-content\/uploads\/2022\/10\/ladime_zeny_kabat_softshell_moda_buducnosti_1.jpg","datePublished":"2024-11-07T12:50:09+00:00","dateModified":"2026-03-10T08:21:22+00:00","description":"D\u00e1msky softshellov\u00fd nepremokav\u00fd kab\u00e1t Kyana s\u00a0pred\u013a\u017een\u00fdm zadn\u00fdm dielom a dvojradov\u00fdm asymetrick\u00fdm zap\u00ednan\u00edm so stojat\u00fdm golierom.","breadcrumb":{"@id":"https:\/\/www.ladime.sk\/zeny\/damske-bundy-kabaty-vesty\/softshellovy-nepremokavy-kabat-eirin\/#breadcrumb"},"inLanguage":"cs","potentialAction":[{"@type":"ReadAction","target":["https:\/\/www.ladime.sk\/zeny\/damske-bundy-kabaty-vesty\/softshellovy-nepremokavy-kabat-eirin\/"]}]},{"@type":"ImageObject","inLanguage":"cs","@id":"https:\/\/www.ladime.sk\/zeny\/damske-bundy-kabaty-vesty\/softshellovy-nepremokavy-kabat-eirin\/#primaryimage","url":"https:\/\/www.ladime.sk\/wp-content\/uploads\/2022\/10\/ladime_zeny_kabat_softshell_moda_buducnosti_1.jpg","contentUrl":"https:\/\/www.ladime.sk\/wp-content\/uploads\/2022\/10\/ladime_zeny_kabat_softshell_moda_buducnosti_1.jpg","width":805,"height":1006},{"@type":"BreadcrumbList","@id":"https:\/\/www.ladime.sk\/zeny\/damske-bundy-kabaty-vesty\/softshellovy-nepremokavy-kabat-eirin\/#breadcrumb","itemListElement":[{"@type":"ListItem","position":1,"name":"\u00davod","item":"https:\/\/www.ladime.sk\/"},{"@type":"ListItem","position":2,"name":"Obchod","item":"https:\/\/www.ladime.sk\/cs\/shop-cs\/"},{"@type":"ListItem","position":3,"name":"D\u00e1msky dizajnov\u00fd softshellov\u00fd kab\u00e1t Eirin"}]},{"@type":"WebSite","@id":"https:\/\/www.ladime.sk\/#website","url":"https:\/\/www.ladime.sk\/","name":"ladime.sk","description":"Ke\u010f lad\u00edme so svetom, mysl\u00edme na bud\u00facnos\u0165.","publisher":{"@id":"https:\/\/www.ladime.sk\/#organization"},"potentialAction":[{"@type":"SearchAction","target":{"@type":"EntryPoint","urlTemplate":"https:\/\/www.ladime.sk\/?s={search_term_string}"},"query-input":{"@type":"PropertyValueSpecification","valueRequired":true,"valueName":"search_term_string"}}],"inLanguage":"cs"},{"@type":"Organization","@id":"https:\/\/www.ladime.sk\/#organization","name":"Lad\u00edme","url":"https:\/\/www.ladime.sk\/","logo":{"@type":"ImageObject","inLanguage":"cs","@id":"https:\/\/www.ladime.sk\/#\/schema\/logo\/image\/","url":"https:\/\/www.ladime.sk\/wp-content\/uploads\/2021\/08\/logo_ladime.svg","contentUrl":"https:\/\/www.ladime.sk\/wp-content\/uploads\/2021\/08\/logo_ladime.svg","width":366,"height":185,"caption":"Lad\u00edme"},"image":{"@id":"https:\/\/www.ladime.sk\/#\/schema\/logo\/image\/"}}]}},"_links":{"self":[{"href":"https:\/\/www.ladime.sk\/cs\/wp-json\/wp\/v2\/product\/5676401","targetHints":{"allow":["GET"]}}],"collection":[{"href":"https:\/\/www.ladime.sk\/cs\/wp-json\/wp\/v2\/product"}],"about":[{"href":"https:\/\/www.ladime.sk\/cs\/wp-json\/wp\/v2\/types\/product"}],"replies":[{"embeddable":true,"href":"https:\/\/www.ladime.sk\/cs\/wp-json\/wp\/v2\/comments?post=5676401"}],"version-history":[{"count":0,"href":"https:\/\/www.ladime.sk\/cs\/wp-json\/wp\/v2\/product\/5676401\/revisions"}],"wp:featuredmedia":[{"embeddable":true,"href":"https:\/\/www.ladime.sk\/cs\/wp-json\/wp\/v2\/media\/5682512"}],"wp:attachment":[{"href":"https:\/\/www.ladime.sk\/cs\/wp-json\/wp\/v2\/media?parent=5676401"}],"wp:term":[{"taxonomy":"product_brand","embeddable":true,"href":"https:\/\/www.ladime.sk\/cs\/wp-json\/wp\/v2\/product_brand?post=5676401"},{"taxonomy":"product_cat","embeddable":true,"href":"https:\/\/www.ladime.sk\/cs\/wp-json\/wp\/v2\/product_cat?post=5676401"},{"taxonomy":"product_tag","embeddable":true,"href":"https:\/\/www.ladime.sk\/cs\/wp-json\/wp\/v2\/product_tag?post=5676401"}],"curies":[{"name":"wp","href":"https:\/\/api.w.org\/{rel}","templated":true}]}}