{"id":5676341,"date":"2022-10-12T14:36:37","date_gmt":"2022-10-12T12:36:37","guid":{"rendered":"https:\/\/www.ladime.sk\/?post_type=product&#038;p=5676341"},"modified":"2025-11-28T20:22:24","modified_gmt":"2025-11-28T19:22:24","slug":"organic-damsky-top-leya","status":"publish","type":"product","link":"https:\/\/www.ladime.sk\/cs\/zeny\/damske-topy\/organic-damsky-top-leya\/","title":{"rendered":"D\u00e1msky ORGANIC top Leya"},"content":{"rendered":"<h2>D\u00e1msky\u00a0ORGANIC\u00a0top Leya z bio bavlny<\/h2>\n<p>Nad\u010dasov\u00fd <strong>ORGANIC d\u00e1msky top Leya <\/strong>z jemnu\u010dkej biobavlny je v\u00fdnimo\u010dn\u00fd nielen materi\u00e1lom, ale aj zauj\u00edmav\u00fdm preveden\u00edm. Jeho vrchn\u00e1 \u010das\u0165 je mierne oversize, av\u0161ak na zv\u00fdraznenie l\u00ednie p\u00e1sa je v spodnej \u010dasti z\u00fa\u017een\u00fd. V\u010faka tomu sa budete c\u00edti\u0165 nielen pohodlne, ale aj ve\u013emi \u0161ik. Do chladn\u00fdch dn\u00ed sme cielene zvolili pred\u013a\u017een\u00e9 ruk\u00e1vy, ktor\u00e9 zahrej\u00fa a dod\u00e1vaj\u00fa mu n\u00e1dych extravagancie. S\u00fa vo\u013ene spadnut\u00e9, le\u017e\u00e9rne a z\u00e1rove\u0148 ve\u013emi elegantn\u00e9. Ke\u010f\u017ee je n\u00e1paditos\u0165 s\u00fa\u010das\u0165ou na\u0161ej tvorby, vrchn\u00fa \u010das\u0165 zdob\u00ed v\u00fdrazn\u00fd stojat\u00fd golier.<\/p>\n<p><strong><a href=\"https:\/\/www.ladime.sk\/zeny\/damske-topy\/\" target=\"_blank\" rel=\"noopener\">D\u00e1msky top<\/a><\/strong><strong> z\u00a0organick\u00e9ho \u00fapletu Leya <\/strong>zv\u00fdrazn\u00ed va\u0161u \u017eenskos\u0165. Hebk\u00e1 bio bavlna, ktor\u00e1 m\u00e1 <strong>certifik\u00e1t OEKO-TEX 100<\/strong>, bude pohl\u00e1dza\u0165 va\u0161u poko\u017eku a dod\u00e1 v\u00e1m pocit pohodlia, kamko\u013evek pr\u00eddete. Dostupn\u00fd je vo viacer\u00fdch farb\u00e1ch, ktor\u00e9 skombinujete s na\u0161imi <strong><a href=\"https:\/\/www.ladime.sk\/zeny\/damske-nohavice\/\" target=\"_blank\" rel=\"noopener\">softshellov\u00fdmi \u010di tepl\u00e1kov\u00fdmi nohavicami.<\/a><\/strong><\/p>\n<p>Modelka mamina Val\u00e9ria\u00a0 m\u00e1 oble\u010den\u00fa ve\u013ekos\u0165 36. V\u00fd\u0161ka modelky: 163cm a miery: 90-70-90<\/p>\n","protected":false},"excerpt":{"rendered":"<div class=\"o9v6fnle cxmmr5t8 oygrvhab hcukyx3x c1et5uql\">\n<div class=\"o9v6fnle cxmmr5t8 oygrvhab hcukyx3x c1et5uql\">\n<div>\n<p>D\u00e1msky ORGANIC top Leya vynik\u00e1 zauj\u00edmav\u00fdm preveden\u00edm. Mierne oversize vrchn\u00e1 \u010das\u0165 prech\u00e1dza do zv\u00fdraznenej l\u00ednie p\u00e1sa, ktor\u00fd pritiahne pozornos\u0165 na krivky va\u0161ej postavy. Pred\u013a\u017een\u00e9 ruk\u00e1vy zahrej\u00fa aj po\u010das chladn\u00fdch dn\u00ed, z\u00e1rove\u0148 dod\u00e1vaj\u00fa topu n\u00e1dych extravagancie.<\/p>\n<\/div>\n<div>UDR\u017dATE\u013dN\u00dd K\u00daSOK<\/div>\n<div><strong>Popis materi\u00e1lu:<\/strong> organick\u00fd bavlnen\u00fd \u00faplet bez po\u010desu<\/div>\n<div><strong>Farba:<\/strong> \u010dierna, mint zelen\u00e1 &#8211; VYPREDAN\u00c1, smotanovo biela, taupe hned\u00e1<\/div>\n<div>\n<div><strong>Certifik\u00e1ty materi\u00e1lu: <\/strong>OEKO-TEX 100, Trieda 1<\/div>\n<div>\u00a0 \u00a0 \u00a0 \u00a0 \u00a0 \u00a0 \u00a0 \u00a0 \u00a0 \u00a0 \u00a0 \u00a0 \u00a0 \u00a0 \u00a0 \u00a0 \u00a0 \u00a0 \u00a0 \u00a0 \u00a0 \u00a0 ORGANIC<\/div>\n<\/div>\n<div class=\"o9v6fnle cxmmr5t8 oygrvhab hcukyx3x c1et5uql\"><strong>Materi\u00e1lov\u00e9 zlo\u017eenie:<\/strong> 95% BIO bavlna 5% elastan<\/div>\n<div class=\"o9v6fnle cxmmr5t8 oygrvhab hcukyx3x c1et5uql\"><\/div>\n<\/div>\n<\/div>\n","protected":false},"featured_media":5676347,"comment_status":"closed","ping_status":"closed","template":"","meta":{"_acf_changed":false,"inline_featured_image":false},"product_brand":[],"product_cat":[79],"product_tag":[],"class_list":{"0":"post-5676341","1":"product","2":"type-product","3":"status-publish","4":"has-post-thumbnail","6":"product_cat-damske-topy","8":"first","9":"instock","10":"shipping-taxable","11":"purchasable","12":"product-type-variable","13":"wvs-archive-product-wrapper"},"acf":[],"yoast_head":"<!-- This site is optimized with the Yoast SEO plugin v27.4 - https:\/\/yoast.com\/product\/yoast-seo-wordpress\/ -->\n<title>D\u00e1msky ORGANIC top Leya - ladime.sk<\/title>\n<meta name=\"description\" content=\"D\u00e1msky ORGANIC top Leya vynik\u00e1 zauj\u00edmav\u00fdm preveden\u00edm. Oversize vrchn\u00e1 \u010das\u0165 prech\u00e1dza do zv\u00fdraznenej l\u00ednie p\u00e1sa, ktor\u00fd pritiahne pozornos\u0165.\" \/>\n<meta name=\"robots\" content=\"index, follow, max-snippet:-1, max-image-preview:large, max-video-preview:-1\" \/>\n<link rel=\"canonical\" href=\"https:\/\/www.ladime.sk\/zeny\/damske-topy\/organic-damsky-top-leya\/\" \/>\n<meta property=\"og:locale\" content=\"cs_CZ\" \/>\n<meta property=\"og:type\" content=\"article\" \/>\n<meta property=\"og:title\" content=\"D\u00e1msky ORGANIC top Leya - ladime.sk\" \/>\n<meta property=\"og:description\" content=\"D\u00e1msky ORGANIC top Leya vynik\u00e1 zauj\u00edmav\u00fdm preveden\u00edm. Oversize vrchn\u00e1 \u010das\u0165 prech\u00e1dza do zv\u00fdraznenej l\u00ednie p\u00e1sa, ktor\u00fd pritiahne pozornos\u0165.\" \/>\n<meta property=\"og:url\" content=\"https:\/\/www.ladime.sk\/zeny\/damske-topy\/organic-damsky-top-leya\/\" \/>\n<meta property=\"og:site_name\" content=\"ladime.sk\" \/>\n<meta property=\"article:modified_time\" content=\"2025-11-28T19:22:24+00:00\" \/>\n<meta property=\"og:image\" content=\"https:\/\/www.ladime.sk\/wp-content\/uploads\/2022\/10\/ladime_zeny_top_hneda_taupe_mint-zelena_smotanovO-biela_cierna_moda_buducnosti_na-kazdy-den-a-kazdu-prilezitost_3.jpg\" \/>\n\t<meta property=\"og:image:width\" content=\"805\" \/>\n\t<meta property=\"og:image:height\" content=\"1006\" \/>\n\t<meta property=\"og:image:type\" content=\"image\/jpeg\" \/>\n<meta name=\"twitter:card\" content=\"summary_large_image\" \/>\n<meta name=\"twitter:label1\" content=\"Odhadovan\u00e1 doba \u010dten\u00ed\" \/>\n\t<meta name=\"twitter:data1\" content=\"1 minuta\" \/>\n<script type=\"application\/ld+json\" class=\"yoast-schema-graph\">{\"@context\":\"https:\\\/\\\/schema.org\",\"@graph\":[{\"@type\":\"WebPage\",\"@id\":\"https:\\\/\\\/www.ladime.sk\\\/zeny\\\/damske-topy\\\/organic-damsky-top-leya\\\/\",\"url\":\"https:\\\/\\\/www.ladime.sk\\\/zeny\\\/damske-topy\\\/organic-damsky-top-leya\\\/\",\"name\":\"D\u00e1msky ORGANIC top Leya - ladime.sk\",\"isPartOf\":{\"@id\":\"https:\\\/\\\/www.ladime.sk\\\/#website\"},\"primaryImageOfPage\":{\"@id\":\"https:\\\/\\\/www.ladime.sk\\\/zeny\\\/damske-topy\\\/organic-damsky-top-leya\\\/#primaryimage\"},\"image\":{\"@id\":\"https:\\\/\\\/www.ladime.sk\\\/zeny\\\/damske-topy\\\/organic-damsky-top-leya\\\/#primaryimage\"},\"thumbnailUrl\":\"https:\\\/\\\/www.ladime.sk\\\/wp-content\\\/uploads\\\/2022\\\/10\\\/ladime_zeny_top_hneda_taupe_mint-zelena_smotanovO-biela_cierna_moda_buducnosti_na-kazdy-den-a-kazdu-prilezitost_3.jpg\",\"datePublished\":\"2022-10-12T12:36:37+00:00\",\"dateModified\":\"2025-11-28T19:22:24+00:00\",\"description\":\"D\u00e1msky ORGANIC top Leya vynik\u00e1 zauj\u00edmav\u00fdm preveden\u00edm. Oversize vrchn\u00e1 \u010das\u0165 prech\u00e1dza do zv\u00fdraznenej l\u00ednie p\u00e1sa, ktor\u00fd pritiahne pozornos\u0165.\",\"breadcrumb\":{\"@id\":\"https:\\\/\\\/www.ladime.sk\\\/zeny\\\/damske-topy\\\/organic-damsky-top-leya\\\/#breadcrumb\"},\"inLanguage\":\"cs\",\"potentialAction\":[{\"@type\":\"ReadAction\",\"target\":[\"https:\\\/\\\/www.ladime.sk\\\/zeny\\\/damske-topy\\\/organic-damsky-top-leya\\\/\"]}]},{\"@type\":\"ImageObject\",\"inLanguage\":\"cs\",\"@id\":\"https:\\\/\\\/www.ladime.sk\\\/zeny\\\/damske-topy\\\/organic-damsky-top-leya\\\/#primaryimage\",\"url\":\"https:\\\/\\\/www.ladime.sk\\\/wp-content\\\/uploads\\\/2022\\\/10\\\/ladime_zeny_top_hneda_taupe_mint-zelena_smotanovO-biela_cierna_moda_buducnosti_na-kazdy-den-a-kazdu-prilezitost_3.jpg\",\"contentUrl\":\"https:\\\/\\\/www.ladime.sk\\\/wp-content\\\/uploads\\\/2022\\\/10\\\/ladime_zeny_top_hneda_taupe_mint-zelena_smotanovO-biela_cierna_moda_buducnosti_na-kazdy-den-a-kazdu-prilezitost_3.jpg\",\"width\":805,\"height\":1006},{\"@type\":\"BreadcrumbList\",\"@id\":\"https:\\\/\\\/www.ladime.sk\\\/zeny\\\/damske-topy\\\/organic-damsky-top-leya\\\/#breadcrumb\",\"itemListElement\":[{\"@type\":\"ListItem\",\"position\":1,\"name\":\"\u00davod\",\"item\":\"https:\\\/\\\/www.ladime.sk\\\/\"},{\"@type\":\"ListItem\",\"position\":2,\"name\":\"Obchod\",\"item\":\"https:\\\/\\\/www.ladime.sk\\\/cs\\\/shop-cs\\\/\"},{\"@type\":\"ListItem\",\"position\":3,\"name\":\"D\u00e1msky ORGANIC top Leya\"}]},{\"@type\":\"WebSite\",\"@id\":\"https:\\\/\\\/www.ladime.sk\\\/#website\",\"url\":\"https:\\\/\\\/www.ladime.sk\\\/\",\"name\":\"ladime.sk\",\"description\":\"Ke\u010f lad\u00edme so svetom, mysl\u00edme na bud\u00facnos\u0165.\",\"publisher\":{\"@id\":\"https:\\\/\\\/www.ladime.sk\\\/#organization\"},\"potentialAction\":[{\"@type\":\"SearchAction\",\"target\":{\"@type\":\"EntryPoint\",\"urlTemplate\":\"https:\\\/\\\/www.ladime.sk\\\/?s={search_term_string}\"},\"query-input\":{\"@type\":\"PropertyValueSpecification\",\"valueRequired\":true,\"valueName\":\"search_term_string\"}}],\"inLanguage\":\"cs\"},{\"@type\":\"Organization\",\"@id\":\"https:\\\/\\\/www.ladime.sk\\\/#organization\",\"name\":\"Lad\u00edme\",\"url\":\"https:\\\/\\\/www.ladime.sk\\\/\",\"logo\":{\"@type\":\"ImageObject\",\"inLanguage\":\"cs\",\"@id\":\"https:\\\/\\\/www.ladime.sk\\\/#\\\/schema\\\/logo\\\/image\\\/\",\"url\":\"https:\\\/\\\/www.ladime.sk\\\/wp-content\\\/uploads\\\/2021\\\/08\\\/logo_ladime.svg\",\"contentUrl\":\"https:\\\/\\\/www.ladime.sk\\\/wp-content\\\/uploads\\\/2021\\\/08\\\/logo_ladime.svg\",\"width\":366,\"height\":185,\"caption\":\"Lad\u00edme\"},\"image\":{\"@id\":\"https:\\\/\\\/www.ladime.sk\\\/#\\\/schema\\\/logo\\\/image\\\/\"}}]}<\/script>\n<!-- \/ Yoast SEO plugin. -->","yoast_head_json":{"title":"D\u00e1msky ORGANIC top Leya - ladime.sk","description":"D\u00e1msky ORGANIC top Leya vynik\u00e1 zauj\u00edmav\u00fdm preveden\u00edm. Oversize vrchn\u00e1 \u010das\u0165 prech\u00e1dza do zv\u00fdraznenej l\u00ednie p\u00e1sa, ktor\u00fd pritiahne pozornos\u0165.","robots":{"index":"index","follow":"follow","max-snippet":"max-snippet:-1","max-image-preview":"max-image-preview:large","max-video-preview":"max-video-preview:-1"},"canonical":"https:\/\/www.ladime.sk\/zeny\/damske-topy\/organic-damsky-top-leya\/","og_locale":"cs_CZ","og_type":"article","og_title":"D\u00e1msky ORGANIC top Leya - ladime.sk","og_description":"D\u00e1msky ORGANIC top Leya vynik\u00e1 zauj\u00edmav\u00fdm preveden\u00edm. Oversize vrchn\u00e1 \u010das\u0165 prech\u00e1dza do zv\u00fdraznenej l\u00ednie p\u00e1sa, ktor\u00fd pritiahne pozornos\u0165.","og_url":"https:\/\/www.ladime.sk\/zeny\/damske-topy\/organic-damsky-top-leya\/","og_site_name":"ladime.sk","article_modified_time":"2025-11-28T19:22:24+00:00","og_image":[{"width":805,"height":1006,"url":"https:\/\/www.ladime.sk\/wp-content\/uploads\/2022\/10\/ladime_zeny_top_hneda_taupe_mint-zelena_smotanovO-biela_cierna_moda_buducnosti_na-kazdy-den-a-kazdu-prilezitost_3.jpg","type":"image\/jpeg"}],"twitter_card":"summary_large_image","twitter_misc":{"Odhadovan\u00e1 doba \u010dten\u00ed":"1 minuta"},"schema":{"@context":"https:\/\/schema.org","@graph":[{"@type":"WebPage","@id":"https:\/\/www.ladime.sk\/zeny\/damske-topy\/organic-damsky-top-leya\/","url":"https:\/\/www.ladime.sk\/zeny\/damske-topy\/organic-damsky-top-leya\/","name":"D\u00e1msky ORGANIC top Leya - ladime.sk","isPartOf":{"@id":"https:\/\/www.ladime.sk\/#website"},"primaryImageOfPage":{"@id":"https:\/\/www.ladime.sk\/zeny\/damske-topy\/organic-damsky-top-leya\/#primaryimage"},"image":{"@id":"https:\/\/www.ladime.sk\/zeny\/damske-topy\/organic-damsky-top-leya\/#primaryimage"},"thumbnailUrl":"https:\/\/www.ladime.sk\/wp-content\/uploads\/2022\/10\/ladime_zeny_top_hneda_taupe_mint-zelena_smotanovO-biela_cierna_moda_buducnosti_na-kazdy-den-a-kazdu-prilezitost_3.jpg","datePublished":"2022-10-12T12:36:37+00:00","dateModified":"2025-11-28T19:22:24+00:00","description":"D\u00e1msky ORGANIC top Leya vynik\u00e1 zauj\u00edmav\u00fdm preveden\u00edm. Oversize vrchn\u00e1 \u010das\u0165 prech\u00e1dza do zv\u00fdraznenej l\u00ednie p\u00e1sa, ktor\u00fd pritiahne pozornos\u0165.","breadcrumb":{"@id":"https:\/\/www.ladime.sk\/zeny\/damske-topy\/organic-damsky-top-leya\/#breadcrumb"},"inLanguage":"cs","potentialAction":[{"@type":"ReadAction","target":["https:\/\/www.ladime.sk\/zeny\/damske-topy\/organic-damsky-top-leya\/"]}]},{"@type":"ImageObject","inLanguage":"cs","@id":"https:\/\/www.ladime.sk\/zeny\/damske-topy\/organic-damsky-top-leya\/#primaryimage","url":"https:\/\/www.ladime.sk\/wp-content\/uploads\/2022\/10\/ladime_zeny_top_hneda_taupe_mint-zelena_smotanovO-biela_cierna_moda_buducnosti_na-kazdy-den-a-kazdu-prilezitost_3.jpg","contentUrl":"https:\/\/www.ladime.sk\/wp-content\/uploads\/2022\/10\/ladime_zeny_top_hneda_taupe_mint-zelena_smotanovO-biela_cierna_moda_buducnosti_na-kazdy-den-a-kazdu-prilezitost_3.jpg","width":805,"height":1006},{"@type":"BreadcrumbList","@id":"https:\/\/www.ladime.sk\/zeny\/damske-topy\/organic-damsky-top-leya\/#breadcrumb","itemListElement":[{"@type":"ListItem","position":1,"name":"\u00davod","item":"https:\/\/www.ladime.sk\/"},{"@type":"ListItem","position":2,"name":"Obchod","item":"https:\/\/www.ladime.sk\/cs\/shop-cs\/"},{"@type":"ListItem","position":3,"name":"D\u00e1msky ORGANIC top Leya"}]},{"@type":"WebSite","@id":"https:\/\/www.ladime.sk\/#website","url":"https:\/\/www.ladime.sk\/","name":"ladime.sk","description":"Ke\u010f lad\u00edme so svetom, mysl\u00edme na bud\u00facnos\u0165.","publisher":{"@id":"https:\/\/www.ladime.sk\/#organization"},"potentialAction":[{"@type":"SearchAction","target":{"@type":"EntryPoint","urlTemplate":"https:\/\/www.ladime.sk\/?s={search_term_string}"},"query-input":{"@type":"PropertyValueSpecification","valueRequired":true,"valueName":"search_term_string"}}],"inLanguage":"cs"},{"@type":"Organization","@id":"https:\/\/www.ladime.sk\/#organization","name":"Lad\u00edme","url":"https:\/\/www.ladime.sk\/","logo":{"@type":"ImageObject","inLanguage":"cs","@id":"https:\/\/www.ladime.sk\/#\/schema\/logo\/image\/","url":"https:\/\/www.ladime.sk\/wp-content\/uploads\/2021\/08\/logo_ladime.svg","contentUrl":"https:\/\/www.ladime.sk\/wp-content\/uploads\/2021\/08\/logo_ladime.svg","width":366,"height":185,"caption":"Lad\u00edme"},"image":{"@id":"https:\/\/www.ladime.sk\/#\/schema\/logo\/image\/"}}]}},"_links":{"self":[{"href":"https:\/\/www.ladime.sk\/cs\/wp-json\/wp\/v2\/product\/5676341","targetHints":{"allow":["GET"]}}],"collection":[{"href":"https:\/\/www.ladime.sk\/cs\/wp-json\/wp\/v2\/product"}],"about":[{"href":"https:\/\/www.ladime.sk\/cs\/wp-json\/wp\/v2\/types\/product"}],"replies":[{"embeddable":true,"href":"https:\/\/www.ladime.sk\/cs\/wp-json\/wp\/v2\/comments?post=5676341"}],"version-history":[{"count":0,"href":"https:\/\/www.ladime.sk\/cs\/wp-json\/wp\/v2\/product\/5676341\/revisions"}],"wp:featuredmedia":[{"embeddable":true,"href":"https:\/\/www.ladime.sk\/cs\/wp-json\/wp\/v2\/media\/5676347"}],"wp:attachment":[{"href":"https:\/\/www.ladime.sk\/cs\/wp-json\/wp\/v2\/media?parent=5676341"}],"wp:term":[{"taxonomy":"product_brand","embeddable":true,"href":"https:\/\/www.ladime.sk\/cs\/wp-json\/wp\/v2\/product_brand?post=5676341"},{"taxonomy":"product_cat","embeddable":true,"href":"https:\/\/www.ladime.sk\/cs\/wp-json\/wp\/v2\/product_cat?post=5676341"},{"taxonomy":"product_tag","embeddable":true,"href":"https:\/\/www.ladime.sk\/cs\/wp-json\/wp\/v2\/product_tag?post=5676341"}],"curies":[{"name":"wp","href":"https:\/\/api.w.org\/{rel}","templated":true}]}}