{"id":5675869,"date":"2022-05-08T12:38:20","date_gmt":"2022-05-08T10:38:20","guid":{"rendered":"https:\/\/www.ladime.sk\/?post_type=product&#038;p=5675869"},"modified":"2026-02-04T16:34:08","modified_gmt":"2026-02-04T15:34:08","slug":"organic-damske-basic-tricko-hestia","status":"publish","type":"product","link":"https:\/\/www.ladime.sk\/cs\/zeny\/damske-topy\/organic-damske-basic-tricko-hestia\/","title":{"rendered":"D\u00e1mske ORGANIC &#8222;basic&#8220; tri\u010dko Hestia"},"content":{"rendered":"<div dir=\"auto\">\n<div dir=\"auto\">\n<h2>D\u00e1mske ORGANIC &#8222;basic&#8220; tri\u010dko Hestia \u2014 viac ako tri\u010dko na ka\u017ed\u00fd de\u0148<\/h2>\n<p>Objavte nespo\u010detn\u00e9 mo\u017enosti kombin\u00e1ci\u00ed, ktor\u00e9 pon\u00faka ORGANIC d\u00e1mske &#8222;basic&#8220; tri\u010dko Hestia. Toto <strong><a href=\"https:\/\/www.ladime.sk\/zeny\/damske-topy\/\" target=\"_blank\" rel=\"noopener\">handmade tri\u010dko<\/a><\/strong> je \u0161it\u00e9 v\u00a0strihu, ktor\u00fd je zdanlivo jednoduch\u00fd, av\u0161ak pred\u013a\u017een\u00fd diel mu dod\u00e1va n\u00e1dych osobitosti. Raw detaily spolu s obl\u00fdm zakon\u010den\u00edm dotv\u00e1raj\u00fa le\u017e\u00e9rny \u0161t\u00fdl, ktor\u00fd je z\u00e1rukou, \u017ee z\u00e1\u017eitok z jeho nosenia sa bude nies\u0165 v duchu uvo\u013enenosti a nen\u00fatenosti. O pr\u00edjemn\u00fd pocit po\u010das cel\u00e9ho d\u0148a sa postar\u00e1 biobavlna v najvy\u0161\u0161ej kvalite.<\/p>\n<p><strong>D\u00e1msky \u201ebasic\u201c\u00a0top<\/strong> patr\u00ed ku k\u00faskom, ktor\u00e9 s\u00fa neodmyslite\u013enou s\u00fa\u010das\u0165ou \u0161atn\u00edka ka\u017edej trendy \u017eeny. M\u00f4\u017eete ho zladi\u0165 s\u00a0<strong><a href=\"https:\/\/www.ladime.sk\/zeny\/damske-nohavice\/\">tepl\u00e1kov\u00fdmi alebo softshell nohavicami<\/a><\/strong>. Ak budete chcie\u0165 necha\u0165 vynikn\u00fa\u0165 jeho obl\u00fd tvar, nechajte ho vo\u013ene spl\u00fdva\u0165. Tento <strong>d\u00e1msky top<\/strong> m\u00f4\u017eete nosi\u0165 tie\u017e zastr\u010den\u00fd do nohav\u00edc alebo sukne. Potom u\u017e sta\u010d\u00ed len prida\u0165 top\u00e1nky na op\u00e4tku a vytvor\u00edte si \u0161portovo-elegantn\u00fd outfit vhodn\u00fd (nielen) do pr\u00e1ce.<\/p>\n<\/div>\n<\/div>\n<div dir=\"auto\"><\/div>\n<div dir=\"auto\"><\/div>\n<div dir=\"auto\">Modelka Mia m\u00e1 oble\u010den\u00fa ve\u013ekos\u0165 34. V\u00fd\u0161ka modelky: 163cm a miery: 90-70-92<\/div>\n<div class=\"yj6qo\"><\/div>\n<div class=\"adL\" dir=\"auto\"><\/div>\n","protected":false},"excerpt":{"rendered":"<div>\n<p>H\u013ead\u00e1te k\u00fasok, ktor\u00fd m\u00f4\u017eete zladi\u0165 s\u00a0nohavicami, tepl\u00e1kmi aj suk\u0148ou? D\u00e1mske ORGANIC &#8222;basic&#8220; tri\u010dko Hestia bude dobre vyzera\u0165 v\u00a0\u0161portovom aj \u0161portovo-elegantnom outfite. Do v\u00e1\u0161ho \u0161atn\u00edka navy\u0161e prinesie uvo\u013enenos\u0165 a\u00a0hravos\u0165 mno\u017estva kombin\u00e1ci\u00ed.<\/p>\n<\/div>\n<div class=\"o9v6fnle cxmmr5t8 oygrvhab hcukyx3x c1et5uql\"><strong>Materi\u00e1l:<\/strong> 95% BIO bavlna 5% elastan<\/div>\n<div><\/div>\n<div><\/div>\n<div>\n<div><strong>Certifik\u00e1ty materi\u00e1lu: <\/strong>OEKO-TEX 100, Trieda 1<\/div>\n<div>\u00a0 \u00a0 \u00a0 \u00a0 \u00a0 \u00a0 \u00a0 \u00a0 \u00a0 \u00a0 \u00a0 \u00a0 \u00a0 \u00a0 \u00a0 \u00a0 \u00a0 \u00a0 \u00a0 \u00a0 \u00a0 \u00a0 ORGANIC<\/div>\n<\/div>\n<p><strong>Farba:<\/strong> \u010dierna, biela, bordov\u00e1, pastelov\u00e1 ru\u017eov\u00e1<\/p>\n<p>&nbsp;<\/p>\n","protected":false},"featured_media":5675654,"comment_status":"closed","ping_status":"closed","template":"","meta":{"_acf_changed":false,"inline_featured_image":false},"product_brand":[],"product_cat":[79],"product_tag":[],"class_list":{"0":"post-5675869","1":"product","2":"type-product","3":"status-publish","4":"has-post-thumbnail","6":"product_cat-damske-topy","8":"first","9":"instock","10":"shipping-taxable","11":"purchasable","12":"product-type-variable","13":"wvs-archive-product-wrapper"},"acf":[],"yoast_head":"<!-- This site is optimized with the Yoast SEO plugin v27.4 - https:\/\/yoast.com\/product\/yoast-seo-wordpress\/ -->\n<title>D\u00e1mske ORGANIC &quot;basic&quot; tri\u010dko Hestia - ladime.sk<\/title>\n<meta name=\"description\" content=\"H\u013ead\u00e1te k\u00fasok, ktor\u00fd sa d\u00e1 zladi\u0165 s nohavicami aj suk\u0148ou? D\u00e1mske ORGANIC &quot;basic&quot; tri\u010dko Hestia do \u0161portov\u00e9ho aj \u0161portovo-elegantn\u00e9ho outfitu.\" \/>\n<meta name=\"robots\" content=\"index, follow, max-snippet:-1, max-image-preview:large, max-video-preview:-1\" \/>\n<link rel=\"canonical\" href=\"https:\/\/www.ladime.sk\/zeny\/damske-topy\/organic-damske-basic-tricko-hestia\/\" \/>\n<meta property=\"og:locale\" content=\"cs_CZ\" \/>\n<meta property=\"og:type\" content=\"article\" \/>\n<meta property=\"og:title\" content=\"D\u00e1mske ORGANIC &quot;basic&quot; tri\u010dko Hestia - ladime.sk\" \/>\n<meta property=\"og:description\" content=\"H\u013ead\u00e1te k\u00fasok, ktor\u00fd sa d\u00e1 zladi\u0165 s nohavicami aj suk\u0148ou? D\u00e1mske ORGANIC &quot;basic&quot; tri\u010dko Hestia do \u0161portov\u00e9ho aj \u0161portovo-elegantn\u00e9ho outfitu.\" \/>\n<meta property=\"og:url\" content=\"https:\/\/www.ladime.sk\/zeny\/damske-topy\/organic-damske-basic-tricko-hestia\/\" \/>\n<meta property=\"og:site_name\" content=\"ladime.sk\" \/>\n<meta property=\"article:modified_time\" content=\"2026-02-04T15:34:08+00:00\" \/>\n<meta property=\"og:image\" content=\"https:\/\/www.ladime.sk\/wp-content\/uploads\/2022\/03\/oblecenie-ladime_damske-tricko_cierna_biobavlna_damske_nohavice_cierna_eshop-ladime_softshell_kaliopky.jpg\" \/>\n\t<meta property=\"og:image:width\" content=\"805\" \/>\n\t<meta property=\"og:image:height\" content=\"1006\" \/>\n\t<meta property=\"og:image:type\" content=\"image\/jpeg\" \/>\n<meta name=\"twitter:card\" content=\"summary_large_image\" \/>\n<meta name=\"twitter:label1\" content=\"Odhadovan\u00e1 doba \u010dten\u00ed\" \/>\n\t<meta name=\"twitter:data1\" content=\"2 minuty\" \/>\n<script type=\"application\/ld+json\" class=\"yoast-schema-graph\">{\"@context\":\"https:\\\/\\\/schema.org\",\"@graph\":[{\"@type\":\"WebPage\",\"@id\":\"https:\\\/\\\/www.ladime.sk\\\/zeny\\\/damske-topy\\\/organic-damske-basic-tricko-hestia\\\/\",\"url\":\"https:\\\/\\\/www.ladime.sk\\\/zeny\\\/damske-topy\\\/organic-damske-basic-tricko-hestia\\\/\",\"name\":\"D\u00e1mske ORGANIC \\\"basic\\\" tri\u010dko Hestia - ladime.sk\",\"isPartOf\":{\"@id\":\"https:\\\/\\\/www.ladime.sk\\\/#website\"},\"primaryImageOfPage\":{\"@id\":\"https:\\\/\\\/www.ladime.sk\\\/zeny\\\/damske-topy\\\/organic-damske-basic-tricko-hestia\\\/#primaryimage\"},\"image\":{\"@id\":\"https:\\\/\\\/www.ladime.sk\\\/zeny\\\/damske-topy\\\/organic-damske-basic-tricko-hestia\\\/#primaryimage\"},\"thumbnailUrl\":\"https:\\\/\\\/www.ladime.sk\\\/wp-content\\\/uploads\\\/2022\\\/03\\\/oblecenie-ladime_damske-tricko_cierna_biobavlna_damske_nohavice_cierna_eshop-ladime_softshell_kaliopky.jpg\",\"datePublished\":\"2022-05-08T10:38:20+00:00\",\"dateModified\":\"2026-02-04T15:34:08+00:00\",\"description\":\"H\u013ead\u00e1te k\u00fasok, ktor\u00fd sa d\u00e1 zladi\u0165 s nohavicami aj suk\u0148ou? D\u00e1mske ORGANIC \\\"basic\\\" tri\u010dko Hestia do \u0161portov\u00e9ho aj \u0161portovo-elegantn\u00e9ho outfitu.\",\"breadcrumb\":{\"@id\":\"https:\\\/\\\/www.ladime.sk\\\/zeny\\\/damske-topy\\\/organic-damske-basic-tricko-hestia\\\/#breadcrumb\"},\"inLanguage\":\"cs\",\"potentialAction\":[{\"@type\":\"ReadAction\",\"target\":[\"https:\\\/\\\/www.ladime.sk\\\/zeny\\\/damske-topy\\\/organic-damske-basic-tricko-hestia\\\/\"]}]},{\"@type\":\"ImageObject\",\"inLanguage\":\"cs\",\"@id\":\"https:\\\/\\\/www.ladime.sk\\\/zeny\\\/damske-topy\\\/organic-damske-basic-tricko-hestia\\\/#primaryimage\",\"url\":\"https:\\\/\\\/www.ladime.sk\\\/wp-content\\\/uploads\\\/2022\\\/03\\\/oblecenie-ladime_damske-tricko_cierna_biobavlna_damske_nohavice_cierna_eshop-ladime_softshell_kaliopky.jpg\",\"contentUrl\":\"https:\\\/\\\/www.ladime.sk\\\/wp-content\\\/uploads\\\/2022\\\/03\\\/oblecenie-ladime_damske-tricko_cierna_biobavlna_damske_nohavice_cierna_eshop-ladime_softshell_kaliopky.jpg\",\"width\":805,\"height\":1006,\"caption\":\"D\u00e1mske ORGANIC \\\"basic\\\" tri\u010dko Hestia\"},{\"@type\":\"BreadcrumbList\",\"@id\":\"https:\\\/\\\/www.ladime.sk\\\/zeny\\\/damske-topy\\\/organic-damske-basic-tricko-hestia\\\/#breadcrumb\",\"itemListElement\":[{\"@type\":\"ListItem\",\"position\":1,\"name\":\"\u00davod\",\"item\":\"https:\\\/\\\/www.ladime.sk\\\/\"},{\"@type\":\"ListItem\",\"position\":2,\"name\":\"Obchod\",\"item\":\"https:\\\/\\\/www.ladime.sk\\\/cs\\\/shop-cs\\\/\"},{\"@type\":\"ListItem\",\"position\":3,\"name\":\"D\u00e1mske ORGANIC &#8222;basic&#8220; tri\u010dko Hestia\"}]},{\"@type\":\"WebSite\",\"@id\":\"https:\\\/\\\/www.ladime.sk\\\/#website\",\"url\":\"https:\\\/\\\/www.ladime.sk\\\/\",\"name\":\"ladime.sk\",\"description\":\"Ke\u010f lad\u00edme so svetom, mysl\u00edme na bud\u00facnos\u0165.\",\"publisher\":{\"@id\":\"https:\\\/\\\/www.ladime.sk\\\/#organization\"},\"potentialAction\":[{\"@type\":\"SearchAction\",\"target\":{\"@type\":\"EntryPoint\",\"urlTemplate\":\"https:\\\/\\\/www.ladime.sk\\\/?s={search_term_string}\"},\"query-input\":{\"@type\":\"PropertyValueSpecification\",\"valueRequired\":true,\"valueName\":\"search_term_string\"}}],\"inLanguage\":\"cs\"},{\"@type\":\"Organization\",\"@id\":\"https:\\\/\\\/www.ladime.sk\\\/#organization\",\"name\":\"Lad\u00edme\",\"url\":\"https:\\\/\\\/www.ladime.sk\\\/\",\"logo\":{\"@type\":\"ImageObject\",\"inLanguage\":\"cs\",\"@id\":\"https:\\\/\\\/www.ladime.sk\\\/#\\\/schema\\\/logo\\\/image\\\/\",\"url\":\"https:\\\/\\\/www.ladime.sk\\\/wp-content\\\/uploads\\\/2021\\\/08\\\/logo_ladime.svg\",\"contentUrl\":\"https:\\\/\\\/www.ladime.sk\\\/wp-content\\\/uploads\\\/2021\\\/08\\\/logo_ladime.svg\",\"width\":366,\"height\":185,\"caption\":\"Lad\u00edme\"},\"image\":{\"@id\":\"https:\\\/\\\/www.ladime.sk\\\/#\\\/schema\\\/logo\\\/image\\\/\"}}]}<\/script>\n<!-- \/ Yoast SEO plugin. -->","yoast_head_json":{"title":"D\u00e1mske ORGANIC \"basic\" tri\u010dko Hestia - ladime.sk","description":"H\u013ead\u00e1te k\u00fasok, ktor\u00fd sa d\u00e1 zladi\u0165 s nohavicami aj suk\u0148ou? D\u00e1mske ORGANIC \"basic\" tri\u010dko Hestia do \u0161portov\u00e9ho aj \u0161portovo-elegantn\u00e9ho outfitu.","robots":{"index":"index","follow":"follow","max-snippet":"max-snippet:-1","max-image-preview":"max-image-preview:large","max-video-preview":"max-video-preview:-1"},"canonical":"https:\/\/www.ladime.sk\/zeny\/damske-topy\/organic-damske-basic-tricko-hestia\/","og_locale":"cs_CZ","og_type":"article","og_title":"D\u00e1mske ORGANIC \"basic\" tri\u010dko Hestia - ladime.sk","og_description":"H\u013ead\u00e1te k\u00fasok, ktor\u00fd sa d\u00e1 zladi\u0165 s nohavicami aj suk\u0148ou? D\u00e1mske ORGANIC \"basic\" tri\u010dko Hestia do \u0161portov\u00e9ho aj \u0161portovo-elegantn\u00e9ho outfitu.","og_url":"https:\/\/www.ladime.sk\/zeny\/damske-topy\/organic-damske-basic-tricko-hestia\/","og_site_name":"ladime.sk","article_modified_time":"2026-02-04T15:34:08+00:00","og_image":[{"width":805,"height":1006,"url":"https:\/\/www.ladime.sk\/wp-content\/uploads\/2022\/03\/oblecenie-ladime_damske-tricko_cierna_biobavlna_damske_nohavice_cierna_eshop-ladime_softshell_kaliopky.jpg","type":"image\/jpeg"}],"twitter_card":"summary_large_image","twitter_misc":{"Odhadovan\u00e1 doba \u010dten\u00ed":"2 minuty"},"schema":{"@context":"https:\/\/schema.org","@graph":[{"@type":"WebPage","@id":"https:\/\/www.ladime.sk\/zeny\/damske-topy\/organic-damske-basic-tricko-hestia\/","url":"https:\/\/www.ladime.sk\/zeny\/damske-topy\/organic-damske-basic-tricko-hestia\/","name":"D\u00e1mske ORGANIC \"basic\" tri\u010dko Hestia - ladime.sk","isPartOf":{"@id":"https:\/\/www.ladime.sk\/#website"},"primaryImageOfPage":{"@id":"https:\/\/www.ladime.sk\/zeny\/damske-topy\/organic-damske-basic-tricko-hestia\/#primaryimage"},"image":{"@id":"https:\/\/www.ladime.sk\/zeny\/damske-topy\/organic-damske-basic-tricko-hestia\/#primaryimage"},"thumbnailUrl":"https:\/\/www.ladime.sk\/wp-content\/uploads\/2022\/03\/oblecenie-ladime_damske-tricko_cierna_biobavlna_damske_nohavice_cierna_eshop-ladime_softshell_kaliopky.jpg","datePublished":"2022-05-08T10:38:20+00:00","dateModified":"2026-02-04T15:34:08+00:00","description":"H\u013ead\u00e1te k\u00fasok, ktor\u00fd sa d\u00e1 zladi\u0165 s nohavicami aj suk\u0148ou? D\u00e1mske ORGANIC \"basic\" tri\u010dko Hestia do \u0161portov\u00e9ho aj \u0161portovo-elegantn\u00e9ho outfitu.","breadcrumb":{"@id":"https:\/\/www.ladime.sk\/zeny\/damske-topy\/organic-damske-basic-tricko-hestia\/#breadcrumb"},"inLanguage":"cs","potentialAction":[{"@type":"ReadAction","target":["https:\/\/www.ladime.sk\/zeny\/damske-topy\/organic-damske-basic-tricko-hestia\/"]}]},{"@type":"ImageObject","inLanguage":"cs","@id":"https:\/\/www.ladime.sk\/zeny\/damske-topy\/organic-damske-basic-tricko-hestia\/#primaryimage","url":"https:\/\/www.ladime.sk\/wp-content\/uploads\/2022\/03\/oblecenie-ladime_damske-tricko_cierna_biobavlna_damske_nohavice_cierna_eshop-ladime_softshell_kaliopky.jpg","contentUrl":"https:\/\/www.ladime.sk\/wp-content\/uploads\/2022\/03\/oblecenie-ladime_damske-tricko_cierna_biobavlna_damske_nohavice_cierna_eshop-ladime_softshell_kaliopky.jpg","width":805,"height":1006,"caption":"D\u00e1mske ORGANIC \"basic\" tri\u010dko Hestia"},{"@type":"BreadcrumbList","@id":"https:\/\/www.ladime.sk\/zeny\/damske-topy\/organic-damske-basic-tricko-hestia\/#breadcrumb","itemListElement":[{"@type":"ListItem","position":1,"name":"\u00davod","item":"https:\/\/www.ladime.sk\/"},{"@type":"ListItem","position":2,"name":"Obchod","item":"https:\/\/www.ladime.sk\/cs\/shop-cs\/"},{"@type":"ListItem","position":3,"name":"D\u00e1mske ORGANIC &#8222;basic&#8220; tri\u010dko Hestia"}]},{"@type":"WebSite","@id":"https:\/\/www.ladime.sk\/#website","url":"https:\/\/www.ladime.sk\/","name":"ladime.sk","description":"Ke\u010f lad\u00edme so svetom, mysl\u00edme na bud\u00facnos\u0165.","publisher":{"@id":"https:\/\/www.ladime.sk\/#organization"},"potentialAction":[{"@type":"SearchAction","target":{"@type":"EntryPoint","urlTemplate":"https:\/\/www.ladime.sk\/?s={search_term_string}"},"query-input":{"@type":"PropertyValueSpecification","valueRequired":true,"valueName":"search_term_string"}}],"inLanguage":"cs"},{"@type":"Organization","@id":"https:\/\/www.ladime.sk\/#organization","name":"Lad\u00edme","url":"https:\/\/www.ladime.sk\/","logo":{"@type":"ImageObject","inLanguage":"cs","@id":"https:\/\/www.ladime.sk\/#\/schema\/logo\/image\/","url":"https:\/\/www.ladime.sk\/wp-content\/uploads\/2021\/08\/logo_ladime.svg","contentUrl":"https:\/\/www.ladime.sk\/wp-content\/uploads\/2021\/08\/logo_ladime.svg","width":366,"height":185,"caption":"Lad\u00edme"},"image":{"@id":"https:\/\/www.ladime.sk\/#\/schema\/logo\/image\/"}}]}},"_links":{"self":[{"href":"https:\/\/www.ladime.sk\/cs\/wp-json\/wp\/v2\/product\/5675869","targetHints":{"allow":["GET"]}}],"collection":[{"href":"https:\/\/www.ladime.sk\/cs\/wp-json\/wp\/v2\/product"}],"about":[{"href":"https:\/\/www.ladime.sk\/cs\/wp-json\/wp\/v2\/types\/product"}],"replies":[{"embeddable":true,"href":"https:\/\/www.ladime.sk\/cs\/wp-json\/wp\/v2\/comments?post=5675869"}],"version-history":[{"count":0,"href":"https:\/\/www.ladime.sk\/cs\/wp-json\/wp\/v2\/product\/5675869\/revisions"}],"wp:featuredmedia":[{"embeddable":true,"href":"https:\/\/www.ladime.sk\/cs\/wp-json\/wp\/v2\/media\/5675654"}],"wp:attachment":[{"href":"https:\/\/www.ladime.sk\/cs\/wp-json\/wp\/v2\/media?parent=5675869"}],"wp:term":[{"taxonomy":"product_brand","embeddable":true,"href":"https:\/\/www.ladime.sk\/cs\/wp-json\/wp\/v2\/product_brand?post=5675869"},{"taxonomy":"product_cat","embeddable":true,"href":"https:\/\/www.ladime.sk\/cs\/wp-json\/wp\/v2\/product_cat?post=5675869"},{"taxonomy":"product_tag","embeddable":true,"href":"https:\/\/www.ladime.sk\/cs\/wp-json\/wp\/v2\/product_tag?post=5675869"}],"curies":[{"name":"wp","href":"https:\/\/api.w.org\/{rel}","templated":true}]}}