{"id":5673330,"date":"2021-09-08T15:37:41","date_gmt":"2021-09-08T13:37:41","guid":{"rendered":"https:\/\/www.ladime.sk\/?post_type=product&#038;p=5673330"},"modified":"2026-04-08T13:02:41","modified_gmt":"2026-04-08T11:02:41","slug":"organic-damska-celenka-bohema","status":"publish","type":"product","link":"https:\/\/www.ladime.sk\/cs\/doplnky\/organic-damska-celenka-bohema\/","title":{"rendered":"D\u00e1mska ORGANIC \u010delenka Boh\u00e9ma"},"content":{"rendered":"<div class=\"kvgmc6g5 cxmmr5t8 oygrvhab hcukyx3x c1et5uql\">\n<h2>D\u00e1mska ORGANIC \u010delenka Boh\u00e9ma \u2014 m\u00f3dny doplnok v\u00a0origin\u00e1lnom dizajne<\/h2>\n<p>Aj vy m\u00e1te rada m\u00f3dne doplnky, ktor\u00e9 v\u00fdnimo\u010dn\u00fdm sp\u00f4sobom dotvoria v\u00e1\u0161 vzh\u013ead? Tak\u00fdmto k\u00faskom je aj <strong>d\u00e1mska ORGANIC \u010delenka Boh\u00e9ma<\/strong>. Pri jej nosen\u00ed v\u00e1s oslov\u00ed jej dvojvrstvov\u00e9 zlo\u017eenie, v\u010faka ktor\u00e9mu skvele posl\u00fa\u017ei ako ochrana u\u0161\u00ed pred chladn\u00fdm jarn\u00fdm v\u00e1nkom. Tento <strong><a href=\"https:\/\/www.ladime.sk\/doplnky\/\" target=\"_blank\" rel=\"noopener\">m\u00f3dny doplnok<\/a><\/strong> sa d\u00e1 kr\u00e1sne zladi\u0165 aj s diev\u010denskou \u010delenkou rovnakej farby, \u010d\u00edm vytvor\u00edte neprehliadnute\u013en\u00fd \u201cMiniMe Look\u201d.<\/p>\n<p><strong>\u010celenky Lad\u00edme<\/strong> s\u00fa vyr\u00e1bame z rovnak\u00fdch materi\u00e1lov ako na\u0161e oble\u010denie a maj\u00fa certifik\u00e1ty OEKO \u2013 TEX Trieda 1 a GOTS Organic. Maj\u00fa pr\u00edjemn\u00fd povrch,\u00a0s\u00fa ve\u013emi pohodln\u00e9 na nosenie, priedu\u0161nos\u0165 materi\u00e1lu br\u00e1ni nadmern\u00e9mu poteniu.<\/p>\n<\/div>\n<div class=\"o9v6fnle cxmmr5t8 oygrvhab hcukyx3x c1et5uql\"><\/div>\n<div class=\"o9v6fnle cxmmr5t8 oygrvhab hcukyx3x c1et5uql\"><\/div>\n","protected":false},"excerpt":{"rendered":"<div class=\"o9v6fnle cxmmr5t8 oygrvhab hcukyx3x c1et5uql\">\n<div>\n<p>D\u00e1mska ORGANIC \u010delenka Boh\u00e9ma jedine\u010dn\u00fdm sp\u00f4sobom dotvor\u00ed v\u00e1\u0161 vzh\u013ead. Zladi\u0165 ju m\u00f4\u017eete aj s diev\u010denskou \u010delenkou rovnakej farby a\u00a0vytvori\u0165 neprehliadnute\u013en\u00fd \u201cMiniMe Look\u201d. \u010celenka m\u00e1 dvojvrstvov\u00e9 zlo\u017eenie, skvele ochr\u00e1ni pred chladom, z\u00e1rove\u0148 br\u00e1ni zbyto\u010dn\u00e9mu poteniu.<\/p>\n<\/div>\n<div class=\"o9v6fnle cxmmr5t8 oygrvhab hcukyx3x c1et5uql\">UDR\u017dATE\u013dN\u00dd K\u00daSOK<\/div>\n<div><strong>Popis materi\u00e1lu: <\/strong>organick\u00e1 bavlna bez zateplenia<\/div>\n<div>\n<div><strong>Certifik\u00e1ty materi\u00e1lu: <\/strong>OEKO-TEX 100, Trieda 1<\/div>\n<div>\u00a0 \u00a0 \u00a0 \u00a0 \u00a0 \u00a0 \u00a0 \u00a0 \u00a0 \u00a0 \u00a0 \u00a0 \u00a0 \u00a0 \u00a0 \u00a0 \u00a0 \u00a0 \u00a0 \u00a0 \u00a0 \u00a0 ORGANIC<\/div>\n<\/div>\n<div><strong>Materi\u00e1lov\u00e9 zlo\u017eenie:<\/strong> 95% BIO bavlna 5% elastan<\/div>\n<\/div>\n<div><\/div>\n","protected":false},"featured_media":5674200,"comment_status":"closed","ping_status":"closed","template":"","meta":{"_acf_changed":false,"inline_featured_image":false},"product_brand":[],"product_cat":[121,47],"product_tag":[],"class_list":{"0":"post-5673330","1":"product","2":"type-product","3":"status-publish","4":"has-post-thumbnail","6":"product_cat-doplnky","7":"product_cat-zeny","9":"first","10":"instock","11":"shipping-taxable","12":"purchasable","13":"product-type-variable","14":"wvs-archive-product-wrapper"},"acf":[],"yoast_head":"<!-- This site is optimized with the Yoast SEO plugin v27.4 - https:\/\/yoast.com\/product\/yoast-seo-wordpress\/ -->\n<title>D\u00e1mska ORGANIC \u010delenka Boh\u00e9ma - ladime.sk<\/title>\n<meta name=\"description\" content=\"D\u00e1mska ORGANIC \u010delenka Boh\u00e9ma jedine\u010dn\u00fdm sp\u00f4sobom dotvor\u00ed v\u00e1\u0161 vzh\u013ead. Zladi\u0165 ju m\u00f4\u017eete aj s diev\u010denskou \u010delenkou rovnakej farby.\" \/>\n<meta name=\"robots\" content=\"index, follow, max-snippet:-1, max-image-preview:large, max-video-preview:-1\" \/>\n<link rel=\"canonical\" href=\"https:\/\/www.ladime.sk\/doplnky\/organic-damska-celenka-bohema\/\" \/>\n<meta property=\"og:locale\" content=\"cs_CZ\" \/>\n<meta property=\"og:type\" content=\"article\" \/>\n<meta property=\"og:title\" content=\"D\u00e1mska ORGANIC \u010delenka Boh\u00e9ma - ladime.sk\" \/>\n<meta property=\"og:description\" content=\"D\u00e1mska ORGANIC \u010delenka Boh\u00e9ma jedine\u010dn\u00fdm sp\u00f4sobom dotvor\u00ed v\u00e1\u0161 vzh\u013ead. Zladi\u0165 ju m\u00f4\u017eete aj s diev\u010denskou \u010delenkou rovnakej farby.\" \/>\n<meta property=\"og:url\" content=\"https:\/\/www.ladime.sk\/doplnky\/organic-damska-celenka-bohema\/\" \/>\n<meta property=\"og:site_name\" content=\"ladime.sk\" \/>\n<meta property=\"article:modified_time\" content=\"2026-04-08T11:02:41+00:00\" \/>\n<meta property=\"og:image\" content=\"https:\/\/www.ladime.sk\/wp-content\/uploads\/2021\/09\/ladime_zeny_top_biela_softshell_nohavice_cervena_bunda_cervena_celenka_biela_kolekcia_futuro-7.jpg\" \/>\n\t<meta property=\"og:image:width\" content=\"805\" \/>\n\t<meta property=\"og:image:height\" content=\"1006\" \/>\n\t<meta property=\"og:image:type\" content=\"image\/jpeg\" \/>\n<meta name=\"twitter:card\" content=\"summary_large_image\" \/>\n<meta name=\"twitter:label1\" content=\"Odhadovan\u00e1 doba \u010dten\u00ed\" \/>\n\t<meta name=\"twitter:data1\" content=\"1 minuta\" \/>\n<script type=\"application\/ld+json\" class=\"yoast-schema-graph\">{\"@context\":\"https:\\\/\\\/schema.org\",\"@graph\":[{\"@type\":\"WebPage\",\"@id\":\"https:\\\/\\\/www.ladime.sk\\\/doplnky\\\/organic-damska-celenka-bohema\\\/\",\"url\":\"https:\\\/\\\/www.ladime.sk\\\/doplnky\\\/organic-damska-celenka-bohema\\\/\",\"name\":\"D\u00e1mska ORGANIC \u010delenka Boh\u00e9ma - ladime.sk\",\"isPartOf\":{\"@id\":\"https:\\\/\\\/www.ladime.sk\\\/#website\"},\"primaryImageOfPage\":{\"@id\":\"https:\\\/\\\/www.ladime.sk\\\/doplnky\\\/organic-damska-celenka-bohema\\\/#primaryimage\"},\"image\":{\"@id\":\"https:\\\/\\\/www.ladime.sk\\\/doplnky\\\/organic-damska-celenka-bohema\\\/#primaryimage\"},\"thumbnailUrl\":\"https:\\\/\\\/www.ladime.sk\\\/wp-content\\\/uploads\\\/2021\\\/09\\\/ladime_zeny_top_biela_softshell_nohavice_cervena_bunda_cervena_celenka_biela_kolekcia_futuro-7.jpg\",\"datePublished\":\"2021-09-08T13:37:41+00:00\",\"dateModified\":\"2026-04-08T11:02:41+00:00\",\"description\":\"D\u00e1mska ORGANIC \u010delenka Boh\u00e9ma jedine\u010dn\u00fdm sp\u00f4sobom dotvor\u00ed v\u00e1\u0161 vzh\u013ead. Zladi\u0165 ju m\u00f4\u017eete aj s diev\u010denskou \u010delenkou rovnakej farby.\",\"breadcrumb\":{\"@id\":\"https:\\\/\\\/www.ladime.sk\\\/doplnky\\\/organic-damska-celenka-bohema\\\/#breadcrumb\"},\"inLanguage\":\"cs\",\"potentialAction\":[{\"@type\":\"ReadAction\",\"target\":[\"https:\\\/\\\/www.ladime.sk\\\/doplnky\\\/organic-damska-celenka-bohema\\\/\"]}]},{\"@type\":\"ImageObject\",\"inLanguage\":\"cs\",\"@id\":\"https:\\\/\\\/www.ladime.sk\\\/doplnky\\\/organic-damska-celenka-bohema\\\/#primaryimage\",\"url\":\"https:\\\/\\\/www.ladime.sk\\\/wp-content\\\/uploads\\\/2021\\\/09\\\/ladime_zeny_top_biela_softshell_nohavice_cervena_bunda_cervena_celenka_biela_kolekcia_futuro-7.jpg\",\"contentUrl\":\"https:\\\/\\\/www.ladime.sk\\\/wp-content\\\/uploads\\\/2021\\\/09\\\/ladime_zeny_top_biela_softshell_nohavice_cervena_bunda_cervena_celenka_biela_kolekcia_futuro-7.jpg\",\"width\":805,\"height\":1006,\"caption\":\"D\u00e1mska ORGANIC \u010delenka Boh\u00e9ma\"},{\"@type\":\"BreadcrumbList\",\"@id\":\"https:\\\/\\\/www.ladime.sk\\\/doplnky\\\/organic-damska-celenka-bohema\\\/#breadcrumb\",\"itemListElement\":[{\"@type\":\"ListItem\",\"position\":1,\"name\":\"\u00davod\",\"item\":\"https:\\\/\\\/www.ladime.sk\\\/\"},{\"@type\":\"ListItem\",\"position\":2,\"name\":\"Obchod\",\"item\":\"https:\\\/\\\/www.ladime.sk\\\/cs\\\/shop-cs\\\/\"},{\"@type\":\"ListItem\",\"position\":3,\"name\":\"D\u00e1mska ORGANIC \u010delenka Boh\u00e9ma\"}]},{\"@type\":\"WebSite\",\"@id\":\"https:\\\/\\\/www.ladime.sk\\\/#website\",\"url\":\"https:\\\/\\\/www.ladime.sk\\\/\",\"name\":\"ladime.sk\",\"description\":\"Ke\u010f lad\u00edme so svetom, mysl\u00edme na bud\u00facnos\u0165.\",\"publisher\":{\"@id\":\"https:\\\/\\\/www.ladime.sk\\\/#organization\"},\"potentialAction\":[{\"@type\":\"SearchAction\",\"target\":{\"@type\":\"EntryPoint\",\"urlTemplate\":\"https:\\\/\\\/www.ladime.sk\\\/?s={search_term_string}\"},\"query-input\":{\"@type\":\"PropertyValueSpecification\",\"valueRequired\":true,\"valueName\":\"search_term_string\"}}],\"inLanguage\":\"cs\"},{\"@type\":\"Organization\",\"@id\":\"https:\\\/\\\/www.ladime.sk\\\/#organization\",\"name\":\"Lad\u00edme\",\"url\":\"https:\\\/\\\/www.ladime.sk\\\/\",\"logo\":{\"@type\":\"ImageObject\",\"inLanguage\":\"cs\",\"@id\":\"https:\\\/\\\/www.ladime.sk\\\/#\\\/schema\\\/logo\\\/image\\\/\",\"url\":\"https:\\\/\\\/www.ladime.sk\\\/wp-content\\\/uploads\\\/2021\\\/08\\\/logo_ladime.svg\",\"contentUrl\":\"https:\\\/\\\/www.ladime.sk\\\/wp-content\\\/uploads\\\/2021\\\/08\\\/logo_ladime.svg\",\"width\":366,\"height\":185,\"caption\":\"Lad\u00edme\"},\"image\":{\"@id\":\"https:\\\/\\\/www.ladime.sk\\\/#\\\/schema\\\/logo\\\/image\\\/\"}}]}<\/script>\n<!-- \/ Yoast SEO plugin. -->","yoast_head_json":{"title":"D\u00e1mska ORGANIC \u010delenka Boh\u00e9ma - ladime.sk","description":"D\u00e1mska ORGANIC \u010delenka Boh\u00e9ma jedine\u010dn\u00fdm sp\u00f4sobom dotvor\u00ed v\u00e1\u0161 vzh\u013ead. Zladi\u0165 ju m\u00f4\u017eete aj s diev\u010denskou \u010delenkou rovnakej farby.","robots":{"index":"index","follow":"follow","max-snippet":"max-snippet:-1","max-image-preview":"max-image-preview:large","max-video-preview":"max-video-preview:-1"},"canonical":"https:\/\/www.ladime.sk\/doplnky\/organic-damska-celenka-bohema\/","og_locale":"cs_CZ","og_type":"article","og_title":"D\u00e1mska ORGANIC \u010delenka Boh\u00e9ma - ladime.sk","og_description":"D\u00e1mska ORGANIC \u010delenka Boh\u00e9ma jedine\u010dn\u00fdm sp\u00f4sobom dotvor\u00ed v\u00e1\u0161 vzh\u013ead. Zladi\u0165 ju m\u00f4\u017eete aj s diev\u010denskou \u010delenkou rovnakej farby.","og_url":"https:\/\/www.ladime.sk\/doplnky\/organic-damska-celenka-bohema\/","og_site_name":"ladime.sk","article_modified_time":"2026-04-08T11:02:41+00:00","og_image":[{"width":805,"height":1006,"url":"https:\/\/www.ladime.sk\/wp-content\/uploads\/2021\/09\/ladime_zeny_top_biela_softshell_nohavice_cervena_bunda_cervena_celenka_biela_kolekcia_futuro-7.jpg","type":"image\/jpeg"}],"twitter_card":"summary_large_image","twitter_misc":{"Odhadovan\u00e1 doba \u010dten\u00ed":"1 minuta"},"schema":{"@context":"https:\/\/schema.org","@graph":[{"@type":"WebPage","@id":"https:\/\/www.ladime.sk\/doplnky\/organic-damska-celenka-bohema\/","url":"https:\/\/www.ladime.sk\/doplnky\/organic-damska-celenka-bohema\/","name":"D\u00e1mska ORGANIC \u010delenka Boh\u00e9ma - ladime.sk","isPartOf":{"@id":"https:\/\/www.ladime.sk\/#website"},"primaryImageOfPage":{"@id":"https:\/\/www.ladime.sk\/doplnky\/organic-damska-celenka-bohema\/#primaryimage"},"image":{"@id":"https:\/\/www.ladime.sk\/doplnky\/organic-damska-celenka-bohema\/#primaryimage"},"thumbnailUrl":"https:\/\/www.ladime.sk\/wp-content\/uploads\/2021\/09\/ladime_zeny_top_biela_softshell_nohavice_cervena_bunda_cervena_celenka_biela_kolekcia_futuro-7.jpg","datePublished":"2021-09-08T13:37:41+00:00","dateModified":"2026-04-08T11:02:41+00:00","description":"D\u00e1mska ORGANIC \u010delenka Boh\u00e9ma jedine\u010dn\u00fdm sp\u00f4sobom dotvor\u00ed v\u00e1\u0161 vzh\u013ead. Zladi\u0165 ju m\u00f4\u017eete aj s diev\u010denskou \u010delenkou rovnakej farby.","breadcrumb":{"@id":"https:\/\/www.ladime.sk\/doplnky\/organic-damska-celenka-bohema\/#breadcrumb"},"inLanguage":"cs","potentialAction":[{"@type":"ReadAction","target":["https:\/\/www.ladime.sk\/doplnky\/organic-damska-celenka-bohema\/"]}]},{"@type":"ImageObject","inLanguage":"cs","@id":"https:\/\/www.ladime.sk\/doplnky\/organic-damska-celenka-bohema\/#primaryimage","url":"https:\/\/www.ladime.sk\/wp-content\/uploads\/2021\/09\/ladime_zeny_top_biela_softshell_nohavice_cervena_bunda_cervena_celenka_biela_kolekcia_futuro-7.jpg","contentUrl":"https:\/\/www.ladime.sk\/wp-content\/uploads\/2021\/09\/ladime_zeny_top_biela_softshell_nohavice_cervena_bunda_cervena_celenka_biela_kolekcia_futuro-7.jpg","width":805,"height":1006,"caption":"D\u00e1mska ORGANIC \u010delenka Boh\u00e9ma"},{"@type":"BreadcrumbList","@id":"https:\/\/www.ladime.sk\/doplnky\/organic-damska-celenka-bohema\/#breadcrumb","itemListElement":[{"@type":"ListItem","position":1,"name":"\u00davod","item":"https:\/\/www.ladime.sk\/"},{"@type":"ListItem","position":2,"name":"Obchod","item":"https:\/\/www.ladime.sk\/cs\/shop-cs\/"},{"@type":"ListItem","position":3,"name":"D\u00e1mska ORGANIC \u010delenka Boh\u00e9ma"}]},{"@type":"WebSite","@id":"https:\/\/www.ladime.sk\/#website","url":"https:\/\/www.ladime.sk\/","name":"ladime.sk","description":"Ke\u010f lad\u00edme so svetom, mysl\u00edme na bud\u00facnos\u0165.","publisher":{"@id":"https:\/\/www.ladime.sk\/#organization"},"potentialAction":[{"@type":"SearchAction","target":{"@type":"EntryPoint","urlTemplate":"https:\/\/www.ladime.sk\/?s={search_term_string}"},"query-input":{"@type":"PropertyValueSpecification","valueRequired":true,"valueName":"search_term_string"}}],"inLanguage":"cs"},{"@type":"Organization","@id":"https:\/\/www.ladime.sk\/#organization","name":"Lad\u00edme","url":"https:\/\/www.ladime.sk\/","logo":{"@type":"ImageObject","inLanguage":"cs","@id":"https:\/\/www.ladime.sk\/#\/schema\/logo\/image\/","url":"https:\/\/www.ladime.sk\/wp-content\/uploads\/2021\/08\/logo_ladime.svg","contentUrl":"https:\/\/www.ladime.sk\/wp-content\/uploads\/2021\/08\/logo_ladime.svg","width":366,"height":185,"caption":"Lad\u00edme"},"image":{"@id":"https:\/\/www.ladime.sk\/#\/schema\/logo\/image\/"}}]}},"_links":{"self":[{"href":"https:\/\/www.ladime.sk\/cs\/wp-json\/wp\/v2\/product\/5673330","targetHints":{"allow":["GET"]}}],"collection":[{"href":"https:\/\/www.ladime.sk\/cs\/wp-json\/wp\/v2\/product"}],"about":[{"href":"https:\/\/www.ladime.sk\/cs\/wp-json\/wp\/v2\/types\/product"}],"replies":[{"embeddable":true,"href":"https:\/\/www.ladime.sk\/cs\/wp-json\/wp\/v2\/comments?post=5673330"}],"version-history":[{"count":0,"href":"https:\/\/www.ladime.sk\/cs\/wp-json\/wp\/v2\/product\/5673330\/revisions"}],"wp:featuredmedia":[{"embeddable":true,"href":"https:\/\/www.ladime.sk\/cs\/wp-json\/wp\/v2\/media\/5674200"}],"wp:attachment":[{"href":"https:\/\/www.ladime.sk\/cs\/wp-json\/wp\/v2\/media?parent=5673330"}],"wp:term":[{"taxonomy":"product_brand","embeddable":true,"href":"https:\/\/www.ladime.sk\/cs\/wp-json\/wp\/v2\/product_brand?post=5673330"},{"taxonomy":"product_cat","embeddable":true,"href":"https:\/\/www.ladime.sk\/cs\/wp-json\/wp\/v2\/product_cat?post=5673330"},{"taxonomy":"product_tag","embeddable":true,"href":"https:\/\/www.ladime.sk\/cs\/wp-json\/wp\/v2\/product_tag?post=5673330"}],"curies":[{"name":"wp","href":"https:\/\/api.w.org\/{rel}","templated":true}]}}