{"id":5673148,"date":"2021-09-04T15:23:00","date_gmt":"2021-09-04T13:23:00","guid":{"rendered":"https:\/\/www.ladime.sk\/?post_type=product&#038;p=5673148"},"modified":"2026-01-21T08:52:18","modified_gmt":"2026-01-21T07:52:18","slug":"organic-damske-nohavice-saria","status":"publish","type":"product","link":"https:\/\/www.ladime.sk\/cs\/zeny\/damske-nohavice\/organic-damske-nohavice-saria\/","title":{"rendered":"D\u00e1mske ORGANIC nohavice Saria"},"content":{"rendered":"<div class=\"kvgmc6g5 cxmmr5t8 oygrvhab hcukyx3x c1et5uql\">\n<div class=\"kvgmc6g5 cxmmr5t8 oygrvhab hcukyx3x c1et5uql\">\n<h2>Komfortn\u00e9 a nad\u010dasov\u00e9 d\u00e1mske ORGANIC nohavice Saria<\/h2>\n<p>Dokonal\u00e9 pohodlie v\u00a0pr\u00e1ci, ke\u010f sa budete pon\u00e1h\u013ea\u0165 pre deti do \u0161k\u00f4lky aj vo vo\u013enom \u010dase. O\u00a0to sa postaraj\u00fa <strong>ru\u010dne \u0161it\u00e9 d\u00e1mske ORGANIC nohavice Saria<\/strong>. Tento <strong><a href=\"https:\/\/www.ladime.sk\/\" target=\"_blank\" rel=\"noopener\">nad\u010dasov\u00fd k\u00fasok<\/a><\/strong> sa iste r\u00fdchlo zarad\u00ed k\u00a0va\u0161im ob\u013e\u00faben\u00fdm a m\u00f4\u017eete s\u00a0nimi vytvori\u0165 nespo\u010detn\u00e9 mno\u017estvo kombin\u00e1ci\u00ed. Vyzeraj\u00fa v\u00fdborne v\u00a0\u0161portovo-elegantnom aj le\u017e\u00e9rnom outfite.<\/p>\n<p><strong><a href=\"https:\/\/www.ladime.sk\/zeny\/damske-nohavice\/\" target=\"_blank\" rel=\"noopener\">D\u00e1mske nohavice Saria<\/a><\/strong> s\u00fa k\u00faskom, s\u00a0ktor\u00fdm budete v\u017edy oble\u010den\u00e1 pod\u013ea aktu\u00e1lnych trendov. Pri ich v\u00fdrobe sme pou\u017eili organick\u00fd bavlnen\u00fd \u00faplet s jemn\u00fdm po\u010desom z rubovej strany. Pri nosen\u00ed si v\u00e1s z\u00edskaj\u00fa svojou jemnos\u0165ou a\u00a0priedu\u0161nos\u0165ou. V\u00fdborne tie\u017e odol\u00e1vaj\u00fa \u010dast\u00e9mu praniu a\u00a0zachov\u00e1vaj\u00fa si tvar. <strong>Udr\u017eate\u013en\u00e1 m\u00f3da<\/strong> \u0161it\u00e1 z bio bavlny bude vyhovova\u0165 aj n\u00e1rokom citlivej poko\u017eky \u2014 nesp\u00f4sobuje \u017eiadne alergick\u00e9 reakcie.<\/p>\n<\/div>\n<div class=\"o9v6fnle cxmmr5t8 oygrvhab hcukyx3x c1et5uql\"><\/div>\n<div class=\"o9v6fnle cxmmr5t8 oygrvhab hcukyx3x c1et5uql\">Modelka mamina Mia m\u00e1 oble\u010den\u00fa ve\u013ekos\u0165 36. V\u00fd\u0161ka modelky: 163cm a miery: 90-70-92<\/div>\n<\/div>\n","protected":false},"excerpt":{"rendered":"<div>\n<p>D\u00e1mske ORGANIC nohavice Saria sa postaraj\u00fa o dokonal\u00e9 pohodlie po\u010das ka\u017ed\u00e9ho d\u0148a. Kr\u00e1sne vynikn\u00fa v\u00a0\u0161portovo-elegantnom aj le\u017e\u00e9rnom outfite. U\u0161it\u00e9 s\u00fa z\u00a0organick\u00e9ho bavlnen\u00e9ho \u00fapletu s po\u010desom z rubovej strany, ktor\u00fd vynik\u00e1 hebkos\u0165ou, je priedu\u0161n\u00fd a nesp\u00f4sobuje alergick\u00e9 reakcie.<\/p>\n<\/div>\n<div>UDR\u017dATE\u013dN\u00dd K\u00daSOK<\/div>\n<div><\/div>\n<div><strong>Farba:\u00a0<\/strong>\u010dierna matn\u00e1, fialov\u00e1, \u0161koricovo &#8211; v\u00ednov\u00e1 VYPREDAN\u00c1, bordov\u00e1, p\u00fadrovo-ru\u017eov\u00e1<\/div>\n<div>\n<div><strong>Certifik\u00e1ty materi\u00e1lu: <\/strong>OEKO-TEX 100, Trieda 1<\/div>\n<div>\u00a0 \u00a0 \u00a0 \u00a0 \u00a0 \u00a0 \u00a0 \u00a0 \u00a0 \u00a0 \u00a0 \u00a0 \u00a0 \u00a0 \u00a0 \u00a0 \u00a0 \u00a0 \u00a0 \u00a0 \u00a0 \u00a0 ORGANIC<\/div>\n<\/div>\n<div class=\"o9v6fnle cxmmr5t8 oygrvhab hcukyx3x c1et5uql\"><strong>Materi\u00e1lov\u00e9 zlo\u017eenie:<\/strong> 95% BIO bavlna 5% elastan<\/div>\n<div><strong>Popis materi\u00e1lu:<\/strong> po\u010desan\u00e1 organick\u00e1 elastick\u00e1 bavlna, vhodn\u00e1 na ka\u017edodenn\u00e9 nosenie aj po\u010das chladnej\u0161\u00edch dn\u00ed\u00a0 v r\u00e1mci cel\u00e9ho roka<\/div>\n<div><\/div>\n<div><\/div>\n<div class=\"o9v6fnle cxmmr5t8 oygrvhab hcukyx3x c1et5uql\"><\/div>\n","protected":false},"featured_media":5674228,"comment_status":"closed","ping_status":"closed","template":"","meta":{"_acf_changed":false,"inline_featured_image":false},"product_brand":[],"product_cat":[88],"product_tag":[],"class_list":{"0":"post-5673148","1":"product","2":"type-product","3":"status-publish","4":"has-post-thumbnail","6":"product_cat-damske-nohavice","8":"first","9":"instock","10":"shipping-taxable","11":"purchasable","12":"product-type-variable","13":"wvs-archive-product-wrapper"},"acf":[],"yoast_head":"<!-- This site is optimized with the Yoast SEO plugin v27.4 - https:\/\/yoast.com\/product\/yoast-seo-wordpress\/ -->\n<title>D\u00e1mske ORGANIC nohavice Saria - ladime.sk<\/title>\n<meta name=\"description\" content=\"D\u00e1mske ORGANIC nohavice Saria sa postaraj\u00fa o dokonal\u00e9 pohodlie po\u010das ka\u017ed\u00e9ho d\u0148a. Kr\u00e1sne vynikn\u00fa v \u0161portovo-elegantnom aj le\u017e\u00e9rnom outfite.\" \/>\n<meta name=\"robots\" content=\"index, follow, max-snippet:-1, max-image-preview:large, max-video-preview:-1\" \/>\n<link rel=\"canonical\" href=\"https:\/\/www.ladime.sk\/zeny\/damske-nohavice\/organic-damske-nohavice-saria\/\" \/>\n<meta property=\"og:locale\" content=\"cs_CZ\" \/>\n<meta property=\"og:type\" content=\"article\" \/>\n<meta property=\"og:title\" content=\"D\u00e1mske ORGANIC nohavice Saria - ladime.sk\" \/>\n<meta property=\"og:description\" content=\"D\u00e1mske ORGANIC nohavice Saria sa postaraj\u00fa o dokonal\u00e9 pohodlie po\u010das ka\u017ed\u00e9ho d\u0148a. Kr\u00e1sne vynikn\u00fa v \u0161portovo-elegantnom aj le\u017e\u00e9rnom outfite.\" \/>\n<meta property=\"og:url\" content=\"https:\/\/www.ladime.sk\/zeny\/damske-nohavice\/organic-damske-nohavice-saria\/\" \/>\n<meta property=\"og:site_name\" content=\"ladime.sk\" \/>\n<meta property=\"article:modified_time\" content=\"2026-01-21T07:52:18+00:00\" \/>\n<meta property=\"og:image\" content=\"https:\/\/www.ladime.sk\/wp-content\/uploads\/2021\/09\/ladime_zeny_top_vesta_ruzova_nohavice_cierna_kolekcia_futuro-2.jpg\" \/>\n\t<meta property=\"og:image:width\" content=\"805\" \/>\n\t<meta property=\"og:image:height\" content=\"1006\" \/>\n\t<meta property=\"og:image:type\" content=\"image\/jpeg\" \/>\n<meta name=\"twitter:card\" content=\"summary_large_image\" \/>\n<meta name=\"twitter:label1\" content=\"Odhadovan\u00e1 doba \u010dten\u00ed\" \/>\n\t<meta name=\"twitter:data1\" content=\"1 minuta\" \/>\n<script type=\"application\/ld+json\" class=\"yoast-schema-graph\">{\"@context\":\"https:\\\/\\\/schema.org\",\"@graph\":[{\"@type\":\"WebPage\",\"@id\":\"https:\\\/\\\/www.ladime.sk\\\/zeny\\\/damske-nohavice\\\/organic-damske-nohavice-saria\\\/\",\"url\":\"https:\\\/\\\/www.ladime.sk\\\/zeny\\\/damske-nohavice\\\/organic-damske-nohavice-saria\\\/\",\"name\":\"D\u00e1mske ORGANIC nohavice Saria - ladime.sk\",\"isPartOf\":{\"@id\":\"https:\\\/\\\/www.ladime.sk\\\/#website\"},\"primaryImageOfPage\":{\"@id\":\"https:\\\/\\\/www.ladime.sk\\\/zeny\\\/damske-nohavice\\\/organic-damske-nohavice-saria\\\/#primaryimage\"},\"image\":{\"@id\":\"https:\\\/\\\/www.ladime.sk\\\/zeny\\\/damske-nohavice\\\/organic-damske-nohavice-saria\\\/#primaryimage\"},\"thumbnailUrl\":\"https:\\\/\\\/www.ladime.sk\\\/wp-content\\\/uploads\\\/2021\\\/09\\\/ladime_zeny_top_vesta_ruzova_nohavice_cierna_kolekcia_futuro-2.jpg\",\"datePublished\":\"2021-09-04T13:23:00+00:00\",\"dateModified\":\"2026-01-21T07:52:18+00:00\",\"description\":\"D\u00e1mske ORGANIC nohavice Saria sa postaraj\u00fa o dokonal\u00e9 pohodlie po\u010das ka\u017ed\u00e9ho d\u0148a. Kr\u00e1sne vynikn\u00fa v \u0161portovo-elegantnom aj le\u017e\u00e9rnom outfite.\",\"breadcrumb\":{\"@id\":\"https:\\\/\\\/www.ladime.sk\\\/zeny\\\/damske-nohavice\\\/organic-damske-nohavice-saria\\\/#breadcrumb\"},\"inLanguage\":\"cs\",\"potentialAction\":[{\"@type\":\"ReadAction\",\"target\":[\"https:\\\/\\\/www.ladime.sk\\\/zeny\\\/damske-nohavice\\\/organic-damske-nohavice-saria\\\/\"]}]},{\"@type\":\"ImageObject\",\"inLanguage\":\"cs\",\"@id\":\"https:\\\/\\\/www.ladime.sk\\\/zeny\\\/damske-nohavice\\\/organic-damske-nohavice-saria\\\/#primaryimage\",\"url\":\"https:\\\/\\\/www.ladime.sk\\\/wp-content\\\/uploads\\\/2021\\\/09\\\/ladime_zeny_top_vesta_ruzova_nohavice_cierna_kolekcia_futuro-2.jpg\",\"contentUrl\":\"https:\\\/\\\/www.ladime.sk\\\/wp-content\\\/uploads\\\/2021\\\/09\\\/ladime_zeny_top_vesta_ruzova_nohavice_cierna_kolekcia_futuro-2.jpg\",\"width\":805,\"height\":1006,\"caption\":\"D\u00e1mske ORGANIC nohavice Saria\"},{\"@type\":\"BreadcrumbList\",\"@id\":\"https:\\\/\\\/www.ladime.sk\\\/zeny\\\/damske-nohavice\\\/organic-damske-nohavice-saria\\\/#breadcrumb\",\"itemListElement\":[{\"@type\":\"ListItem\",\"position\":1,\"name\":\"\u00davod\",\"item\":\"https:\\\/\\\/www.ladime.sk\\\/\"},{\"@type\":\"ListItem\",\"position\":2,\"name\":\"Obchod\",\"item\":\"https:\\\/\\\/www.ladime.sk\\\/cs\\\/shop-cs\\\/\"},{\"@type\":\"ListItem\",\"position\":3,\"name\":\"D\u00e1mske ORGANIC nohavice Saria\"}]},{\"@type\":\"WebSite\",\"@id\":\"https:\\\/\\\/www.ladime.sk\\\/#website\",\"url\":\"https:\\\/\\\/www.ladime.sk\\\/\",\"name\":\"ladime.sk\",\"description\":\"Ke\u010f lad\u00edme so svetom, mysl\u00edme na bud\u00facnos\u0165.\",\"publisher\":{\"@id\":\"https:\\\/\\\/www.ladime.sk\\\/#organization\"},\"potentialAction\":[{\"@type\":\"SearchAction\",\"target\":{\"@type\":\"EntryPoint\",\"urlTemplate\":\"https:\\\/\\\/www.ladime.sk\\\/?s={search_term_string}\"},\"query-input\":{\"@type\":\"PropertyValueSpecification\",\"valueRequired\":true,\"valueName\":\"search_term_string\"}}],\"inLanguage\":\"cs\"},{\"@type\":\"Organization\",\"@id\":\"https:\\\/\\\/www.ladime.sk\\\/#organization\",\"name\":\"Lad\u00edme\",\"url\":\"https:\\\/\\\/www.ladime.sk\\\/\",\"logo\":{\"@type\":\"ImageObject\",\"inLanguage\":\"cs\",\"@id\":\"https:\\\/\\\/www.ladime.sk\\\/#\\\/schema\\\/logo\\\/image\\\/\",\"url\":\"https:\\\/\\\/www.ladime.sk\\\/wp-content\\\/uploads\\\/2021\\\/08\\\/logo_ladime.svg\",\"contentUrl\":\"https:\\\/\\\/www.ladime.sk\\\/wp-content\\\/uploads\\\/2021\\\/08\\\/logo_ladime.svg\",\"width\":366,\"height\":185,\"caption\":\"Lad\u00edme\"},\"image\":{\"@id\":\"https:\\\/\\\/www.ladime.sk\\\/#\\\/schema\\\/logo\\\/image\\\/\"}}]}<\/script>\n<!-- \/ Yoast SEO plugin. -->","yoast_head_json":{"title":"D\u00e1mske ORGANIC nohavice Saria - ladime.sk","description":"D\u00e1mske ORGANIC nohavice Saria sa postaraj\u00fa o dokonal\u00e9 pohodlie po\u010das ka\u017ed\u00e9ho d\u0148a. Kr\u00e1sne vynikn\u00fa v \u0161portovo-elegantnom aj le\u017e\u00e9rnom outfite.","robots":{"index":"index","follow":"follow","max-snippet":"max-snippet:-1","max-image-preview":"max-image-preview:large","max-video-preview":"max-video-preview:-1"},"canonical":"https:\/\/www.ladime.sk\/zeny\/damske-nohavice\/organic-damske-nohavice-saria\/","og_locale":"cs_CZ","og_type":"article","og_title":"D\u00e1mske ORGANIC nohavice Saria - ladime.sk","og_description":"D\u00e1mske ORGANIC nohavice Saria sa postaraj\u00fa o dokonal\u00e9 pohodlie po\u010das ka\u017ed\u00e9ho d\u0148a. Kr\u00e1sne vynikn\u00fa v \u0161portovo-elegantnom aj le\u017e\u00e9rnom outfite.","og_url":"https:\/\/www.ladime.sk\/zeny\/damske-nohavice\/organic-damske-nohavice-saria\/","og_site_name":"ladime.sk","article_modified_time":"2026-01-21T07:52:18+00:00","og_image":[{"width":805,"height":1006,"url":"https:\/\/www.ladime.sk\/wp-content\/uploads\/2021\/09\/ladime_zeny_top_vesta_ruzova_nohavice_cierna_kolekcia_futuro-2.jpg","type":"image\/jpeg"}],"twitter_card":"summary_large_image","twitter_misc":{"Odhadovan\u00e1 doba \u010dten\u00ed":"1 minuta"},"schema":{"@context":"https:\/\/schema.org","@graph":[{"@type":"WebPage","@id":"https:\/\/www.ladime.sk\/zeny\/damske-nohavice\/organic-damske-nohavice-saria\/","url":"https:\/\/www.ladime.sk\/zeny\/damske-nohavice\/organic-damske-nohavice-saria\/","name":"D\u00e1mske ORGANIC nohavice Saria - ladime.sk","isPartOf":{"@id":"https:\/\/www.ladime.sk\/#website"},"primaryImageOfPage":{"@id":"https:\/\/www.ladime.sk\/zeny\/damske-nohavice\/organic-damske-nohavice-saria\/#primaryimage"},"image":{"@id":"https:\/\/www.ladime.sk\/zeny\/damske-nohavice\/organic-damske-nohavice-saria\/#primaryimage"},"thumbnailUrl":"https:\/\/www.ladime.sk\/wp-content\/uploads\/2021\/09\/ladime_zeny_top_vesta_ruzova_nohavice_cierna_kolekcia_futuro-2.jpg","datePublished":"2021-09-04T13:23:00+00:00","dateModified":"2026-01-21T07:52:18+00:00","description":"D\u00e1mske ORGANIC nohavice Saria sa postaraj\u00fa o dokonal\u00e9 pohodlie po\u010das ka\u017ed\u00e9ho d\u0148a. Kr\u00e1sne vynikn\u00fa v \u0161portovo-elegantnom aj le\u017e\u00e9rnom outfite.","breadcrumb":{"@id":"https:\/\/www.ladime.sk\/zeny\/damske-nohavice\/organic-damske-nohavice-saria\/#breadcrumb"},"inLanguage":"cs","potentialAction":[{"@type":"ReadAction","target":["https:\/\/www.ladime.sk\/zeny\/damske-nohavice\/organic-damske-nohavice-saria\/"]}]},{"@type":"ImageObject","inLanguage":"cs","@id":"https:\/\/www.ladime.sk\/zeny\/damske-nohavice\/organic-damske-nohavice-saria\/#primaryimage","url":"https:\/\/www.ladime.sk\/wp-content\/uploads\/2021\/09\/ladime_zeny_top_vesta_ruzova_nohavice_cierna_kolekcia_futuro-2.jpg","contentUrl":"https:\/\/www.ladime.sk\/wp-content\/uploads\/2021\/09\/ladime_zeny_top_vesta_ruzova_nohavice_cierna_kolekcia_futuro-2.jpg","width":805,"height":1006,"caption":"D\u00e1mske ORGANIC nohavice Saria"},{"@type":"BreadcrumbList","@id":"https:\/\/www.ladime.sk\/zeny\/damske-nohavice\/organic-damske-nohavice-saria\/#breadcrumb","itemListElement":[{"@type":"ListItem","position":1,"name":"\u00davod","item":"https:\/\/www.ladime.sk\/"},{"@type":"ListItem","position":2,"name":"Obchod","item":"https:\/\/www.ladime.sk\/cs\/shop-cs\/"},{"@type":"ListItem","position":3,"name":"D\u00e1mske ORGANIC nohavice Saria"}]},{"@type":"WebSite","@id":"https:\/\/www.ladime.sk\/#website","url":"https:\/\/www.ladime.sk\/","name":"ladime.sk","description":"Ke\u010f lad\u00edme so svetom, mysl\u00edme na bud\u00facnos\u0165.","publisher":{"@id":"https:\/\/www.ladime.sk\/#organization"},"potentialAction":[{"@type":"SearchAction","target":{"@type":"EntryPoint","urlTemplate":"https:\/\/www.ladime.sk\/?s={search_term_string}"},"query-input":{"@type":"PropertyValueSpecification","valueRequired":true,"valueName":"search_term_string"}}],"inLanguage":"cs"},{"@type":"Organization","@id":"https:\/\/www.ladime.sk\/#organization","name":"Lad\u00edme","url":"https:\/\/www.ladime.sk\/","logo":{"@type":"ImageObject","inLanguage":"cs","@id":"https:\/\/www.ladime.sk\/#\/schema\/logo\/image\/","url":"https:\/\/www.ladime.sk\/wp-content\/uploads\/2021\/08\/logo_ladime.svg","contentUrl":"https:\/\/www.ladime.sk\/wp-content\/uploads\/2021\/08\/logo_ladime.svg","width":366,"height":185,"caption":"Lad\u00edme"},"image":{"@id":"https:\/\/www.ladime.sk\/#\/schema\/logo\/image\/"}}]}},"_links":{"self":[{"href":"https:\/\/www.ladime.sk\/cs\/wp-json\/wp\/v2\/product\/5673148","targetHints":{"allow":["GET"]}}],"collection":[{"href":"https:\/\/www.ladime.sk\/cs\/wp-json\/wp\/v2\/product"}],"about":[{"href":"https:\/\/www.ladime.sk\/cs\/wp-json\/wp\/v2\/types\/product"}],"replies":[{"embeddable":true,"href":"https:\/\/www.ladime.sk\/cs\/wp-json\/wp\/v2\/comments?post=5673148"}],"version-history":[{"count":0,"href":"https:\/\/www.ladime.sk\/cs\/wp-json\/wp\/v2\/product\/5673148\/revisions"}],"wp:featuredmedia":[{"embeddable":true,"href":"https:\/\/www.ladime.sk\/cs\/wp-json\/wp\/v2\/media\/5674228"}],"wp:attachment":[{"href":"https:\/\/www.ladime.sk\/cs\/wp-json\/wp\/v2\/media?parent=5673148"}],"wp:term":[{"taxonomy":"product_brand","embeddable":true,"href":"https:\/\/www.ladime.sk\/cs\/wp-json\/wp\/v2\/product_brand?post=5673148"},{"taxonomy":"product_cat","embeddable":true,"href":"https:\/\/www.ladime.sk\/cs\/wp-json\/wp\/v2\/product_cat?post=5673148"},{"taxonomy":"product_tag","embeddable":true,"href":"https:\/\/www.ladime.sk\/cs\/wp-json\/wp\/v2\/product_tag?post=5673148"}],"curies":[{"name":"wp","href":"https:\/\/api.w.org\/{rel}","templated":true}]}}