{"id":5673124,"date":"2021-09-04T14:52:26","date_gmt":"2021-09-04T12:52:26","guid":{"rendered":"https:\/\/www.ladime.sk\/?post_type=product&#038;p=5673124"},"modified":"2026-01-16T20:56:28","modified_gmt":"2026-01-16T19:56:28","slug":"organic-damske-nohavice-zoe","status":"publish","type":"product","link":"https:\/\/www.ladime.sk\/cs\/zeny\/damske-nohavice\/organic-damske-nohavice-zoe\/","title":{"rendered":"D\u00e1mske ORGANIC nohavice Zoe"},"content":{"rendered":"<div class=\"kvgmc6g5 cxmmr5t8 oygrvhab hcukyx3x c1et5uql\">\n<div class=\"kvgmc6g5 cxmmr5t8 oygrvhab hcukyx3x c1et5uql\">\n<div class=\"kvgmc6g5 cxmmr5t8 oygrvhab hcukyx3x c1et5uql\">\n<h2>Neuverite\u013ene komfortn\u00e9 d\u00e1mske ORGANIC nohavice Zoe<\/h2>\n<p><strong>D\u00e1mske ORGANIC nohavice Zoe<\/strong> u\u0161it\u00e9 z\u00a0jemn\u00e9ho, pr\u00edrodn\u00e9ho materi\u00e1lu v\u00a0strihu, v\u00a0ktorom sa budete c\u00edti\u0165 v\u017edy pohodlne. Z\u00fa\u017een\u00fd tvar nohav\u00edc d\u00e1 vynikn\u00fa\u0165 va\u0161im l\u00fdtkam, jemne zn\u00ed\u017een\u00fd sed sa postar\u00e1 o\u00a0slobodu pohybu. Vybra\u0165 si ich m\u00f4\u017eete v\u00a0r\u00f4znych farb\u00e1ch, kombinova\u0165, napr\u00edklad, s\u00a0teniskami a\u00a0<strong><a href=\"https:\/\/www.ladime.sk\/zeny\/damske-topy\/\" target=\"_blank\" rel=\"noopener\">topom<\/a><\/strong> z\u00a0na\u0161ej ponuky.<\/p>\n<p>Rovnako, ako in\u00e9 <strong>slow fashion k\u00fasky<\/strong>, aj <strong><a href=\"https:\/\/www.ladime.sk\/zeny\/damske-nohavice\/\" target=\"_blank\" rel=\"noopener\">d\u00e1mske nohavice Zoe<\/a><\/strong> naplnia pr\u00edsne po\u017eiadavky na kvalitu. <strong>Organick\u00fd bavlnen\u00fd \u00faplet<\/strong> je v\u00a0porovnan\u00ed s\u00a0be\u017en\u00fdm \u00fapletom jemnej\u0161\u00ed na dotyk, z\u00e1rove\u0148 vynik\u00e1 pevnos\u0165ou. Je vhodn\u00fd aj pre tie d\u00e1my, ktor\u00e9 maj\u00fa probl\u00e9m s\u00a0citlivou poko\u017ekou. Pri jeho nosen\u00ed sa nemus\u00edte ob\u00e1va\u0165 \u017eiadnych alergick\u00fdch reakci\u00ed.<\/p>\n<\/div>\n<div class=\"o9v6fnle cxmmr5t8 oygrvhab hcukyx3x c1et5uql\"><\/div>\n<div class=\"o9v6fnle cxmmr5t8 oygrvhab hcukyx3x c1et5uql\">Modelka mamina Mia m\u00e1 oble\u010den\u00fa ve\u013ekos\u0165 36. V\u00fd\u0161ka modelky: 163cm a miery: 90-70-92<\/div>\n<\/div>\n<\/div>\n","protected":false},"excerpt":{"rendered":"<div class=\"o9v6fnle cxmmr5t8 oygrvhab hcukyx3x c1et5uql\">\n<div>\n<p>Komfort pri nosen\u00ed, v\u00fdborn\u00e1 odolnos\u0165 aj priedu\u0161nos\u0165. D\u00e1mske ORGANIC nohavice Zoe naplnia va\u0161e po\u017eiadavky na kvalitu aj strih, ktor\u00fd zv\u00fdrazn\u00ed \u017eensk\u00e9 krivky. U\u0161it\u00e9 s\u00fa z\u00a0biobavlny s\u00a0pridan\u00fdm elastanom, ktor\u00e1 m\u00e1 certifik\u00e1t OEKO-TEX 100. Vybra\u0165 si ich m\u00f4\u017eete v\u00a0r\u00f4znych farb\u00e1ch.<\/p>\n<\/div>\n<div>UDR\u017dATE\u013dN\u00dd K\u00daSOK<\/div>\n<div><\/div>\n<div>\n<div><strong>Certifik\u00e1ty materi\u00e1lu: <\/strong>OEKO-TEX 100, Trieda 1<\/div>\n<div>\u00a0 \u00a0 \u00a0 \u00a0 \u00a0 \u00a0 \u00a0 \u00a0 \u00a0 \u00a0 \u00a0 \u00a0 \u00a0 \u00a0 \u00a0 \u00a0 \u00a0 \u00a0 \u00a0 \u00a0 \u00a0 \u00a0 ORGANIC<\/div>\n<\/div>\n<div><strong>Materi\u00e1lov\u00e9 zlo\u017eenie:<\/strong> 95% BIO bavlna 5% elastan<\/div>\n<div><strong>Popis materi\u00e1lu:<\/strong> po\u010desan\u00e1 organick\u00e1 elastick\u00e1 bavlna, vhodn\u00e1 na ka\u017edodenn\u00e9 nosenie aj po\u010das chladnej\u0161\u00edch dn\u00ed\u00a0 v r\u00e1mci cel\u00e9ho roka<\/div>\n<div><\/div>\n<div><\/div>\n<div class=\"o9v6fnle cxmmr5t8 oygrvhab hcukyx3x c1et5uql\"><\/div>\n<\/div>\n","protected":false},"featured_media":5674239,"comment_status":"closed","ping_status":"closed","template":"","meta":{"_acf_changed":false,"inline_featured_image":false},"product_brand":[],"product_cat":[88],"product_tag":[],"class_list":{"0":"post-5673124","1":"product","2":"type-product","3":"status-publish","4":"has-post-thumbnail","6":"product_cat-damske-nohavice","8":"first","9":"instock","10":"shipping-taxable","11":"purchasable","12":"product-type-variable","13":"wvs-archive-product-wrapper"},"acf":[],"yoast_head":"<!-- This site is optimized with the Yoast SEO plugin v27.4 - https:\/\/yoast.com\/product\/yoast-seo-wordpress\/ -->\n<title>D\u00e1mske ORGANIC nohavice Zoe - ladime.sk<\/title>\n<meta name=\"description\" content=\"Komfort, v\u00fdborn\u00e1 odolnos\u0165 a priedu\u0161nos\u0165. D\u00e1mske ORGANIC nohavice Zoe naplnia va\u0161e po\u017eiadavky na kvalitu i strih, ktor\u00fd zv\u00fdrazn\u00ed \u017eensk\u00e9 krivky.\" \/>\n<meta name=\"robots\" content=\"index, follow, max-snippet:-1, max-image-preview:large, max-video-preview:-1\" \/>\n<link rel=\"canonical\" href=\"https:\/\/www.ladime.sk\/zeny\/damske-nohavice\/organic-damske-nohavice-zoe\/\" \/>\n<meta property=\"og:locale\" content=\"cs_CZ\" \/>\n<meta property=\"og:type\" content=\"article\" \/>\n<meta property=\"og:title\" content=\"D\u00e1mske ORGANIC nohavice Zoe - ladime.sk\" \/>\n<meta property=\"og:description\" content=\"Komfort, v\u00fdborn\u00e1 odolnos\u0165 a priedu\u0161nos\u0165. D\u00e1mske ORGANIC nohavice Zoe naplnia va\u0161e po\u017eiadavky na kvalitu i strih, ktor\u00fd zv\u00fdrazn\u00ed \u017eensk\u00e9 krivky.\" \/>\n<meta property=\"og:url\" content=\"https:\/\/www.ladime.sk\/zeny\/damske-nohavice\/organic-damske-nohavice-zoe\/\" \/>\n<meta property=\"og:site_name\" content=\"ladime.sk\" \/>\n<meta property=\"article:modified_time\" content=\"2026-01-16T19:56:28+00:00\" \/>\n<meta property=\"og:image\" content=\"https:\/\/www.ladime.sk\/wp-content\/uploads\/2021\/09\/ladime_zeny_top_mikina_ruzova_nohavice_bordova_kolekcia_futuro.jpg\" \/>\n\t<meta property=\"og:image:width\" content=\"805\" \/>\n\t<meta property=\"og:image:height\" content=\"1006\" \/>\n\t<meta property=\"og:image:type\" content=\"image\/jpeg\" \/>\n<meta name=\"twitter:card\" content=\"summary_large_image\" \/>\n<meta name=\"twitter:label1\" content=\"Odhadovan\u00e1 doba \u010dten\u00ed\" \/>\n\t<meta name=\"twitter:data1\" content=\"1 minuta\" \/>\n<script type=\"application\/ld+json\" class=\"yoast-schema-graph\">{\"@context\":\"https:\\\/\\\/schema.org\",\"@graph\":[{\"@type\":\"WebPage\",\"@id\":\"https:\\\/\\\/www.ladime.sk\\\/zeny\\\/damske-nohavice\\\/organic-damske-nohavice-zoe\\\/\",\"url\":\"https:\\\/\\\/www.ladime.sk\\\/zeny\\\/damske-nohavice\\\/organic-damske-nohavice-zoe\\\/\",\"name\":\"D\u00e1mske ORGANIC nohavice Zoe - ladime.sk\",\"isPartOf\":{\"@id\":\"https:\\\/\\\/www.ladime.sk\\\/#website\"},\"primaryImageOfPage\":{\"@id\":\"https:\\\/\\\/www.ladime.sk\\\/zeny\\\/damske-nohavice\\\/organic-damske-nohavice-zoe\\\/#primaryimage\"},\"image\":{\"@id\":\"https:\\\/\\\/www.ladime.sk\\\/zeny\\\/damske-nohavice\\\/organic-damske-nohavice-zoe\\\/#primaryimage\"},\"thumbnailUrl\":\"https:\\\/\\\/www.ladime.sk\\\/wp-content\\\/uploads\\\/2021\\\/09\\\/ladime_zeny_top_mikina_ruzova_nohavice_bordova_kolekcia_futuro.jpg\",\"datePublished\":\"2021-09-04T12:52:26+00:00\",\"dateModified\":\"2026-01-16T19:56:28+00:00\",\"description\":\"Komfort, v\u00fdborn\u00e1 odolnos\u0165 a priedu\u0161nos\u0165. D\u00e1mske ORGANIC nohavice Zoe naplnia va\u0161e po\u017eiadavky na kvalitu i strih, ktor\u00fd zv\u00fdrazn\u00ed \u017eensk\u00e9 krivky.\",\"breadcrumb\":{\"@id\":\"https:\\\/\\\/www.ladime.sk\\\/zeny\\\/damske-nohavice\\\/organic-damske-nohavice-zoe\\\/#breadcrumb\"},\"inLanguage\":\"cs\",\"potentialAction\":[{\"@type\":\"ReadAction\",\"target\":[\"https:\\\/\\\/www.ladime.sk\\\/zeny\\\/damske-nohavice\\\/organic-damske-nohavice-zoe\\\/\"]}]},{\"@type\":\"ImageObject\",\"inLanguage\":\"cs\",\"@id\":\"https:\\\/\\\/www.ladime.sk\\\/zeny\\\/damske-nohavice\\\/organic-damske-nohavice-zoe\\\/#primaryimage\",\"url\":\"https:\\\/\\\/www.ladime.sk\\\/wp-content\\\/uploads\\\/2021\\\/09\\\/ladime_zeny_top_mikina_ruzova_nohavice_bordova_kolekcia_futuro.jpg\",\"contentUrl\":\"https:\\\/\\\/www.ladime.sk\\\/wp-content\\\/uploads\\\/2021\\\/09\\\/ladime_zeny_top_mikina_ruzova_nohavice_bordova_kolekcia_futuro.jpg\",\"width\":805,\"height\":1006},{\"@type\":\"BreadcrumbList\",\"@id\":\"https:\\\/\\\/www.ladime.sk\\\/zeny\\\/damske-nohavice\\\/organic-damske-nohavice-zoe\\\/#breadcrumb\",\"itemListElement\":[{\"@type\":\"ListItem\",\"position\":1,\"name\":\"\u00davod\",\"item\":\"https:\\\/\\\/www.ladime.sk\\\/\"},{\"@type\":\"ListItem\",\"position\":2,\"name\":\"Obchod\",\"item\":\"https:\\\/\\\/www.ladime.sk\\\/cs\\\/shop-cs\\\/\"},{\"@type\":\"ListItem\",\"position\":3,\"name\":\"D\u00e1mske ORGANIC nohavice Zoe\"}]},{\"@type\":\"WebSite\",\"@id\":\"https:\\\/\\\/www.ladime.sk\\\/#website\",\"url\":\"https:\\\/\\\/www.ladime.sk\\\/\",\"name\":\"ladime.sk\",\"description\":\"Ke\u010f lad\u00edme so svetom, mysl\u00edme na bud\u00facnos\u0165.\",\"publisher\":{\"@id\":\"https:\\\/\\\/www.ladime.sk\\\/#organization\"},\"potentialAction\":[{\"@type\":\"SearchAction\",\"target\":{\"@type\":\"EntryPoint\",\"urlTemplate\":\"https:\\\/\\\/www.ladime.sk\\\/?s={search_term_string}\"},\"query-input\":{\"@type\":\"PropertyValueSpecification\",\"valueRequired\":true,\"valueName\":\"search_term_string\"}}],\"inLanguage\":\"cs\"},{\"@type\":\"Organization\",\"@id\":\"https:\\\/\\\/www.ladime.sk\\\/#organization\",\"name\":\"Lad\u00edme\",\"url\":\"https:\\\/\\\/www.ladime.sk\\\/\",\"logo\":{\"@type\":\"ImageObject\",\"inLanguage\":\"cs\",\"@id\":\"https:\\\/\\\/www.ladime.sk\\\/#\\\/schema\\\/logo\\\/image\\\/\",\"url\":\"https:\\\/\\\/www.ladime.sk\\\/wp-content\\\/uploads\\\/2021\\\/08\\\/logo_ladime.svg\",\"contentUrl\":\"https:\\\/\\\/www.ladime.sk\\\/wp-content\\\/uploads\\\/2021\\\/08\\\/logo_ladime.svg\",\"width\":366,\"height\":185,\"caption\":\"Lad\u00edme\"},\"image\":{\"@id\":\"https:\\\/\\\/www.ladime.sk\\\/#\\\/schema\\\/logo\\\/image\\\/\"}}]}<\/script>\n<!-- \/ Yoast SEO plugin. -->","yoast_head_json":{"title":"D\u00e1mske ORGANIC nohavice Zoe - ladime.sk","description":"Komfort, v\u00fdborn\u00e1 odolnos\u0165 a priedu\u0161nos\u0165. D\u00e1mske ORGANIC nohavice Zoe naplnia va\u0161e po\u017eiadavky na kvalitu i strih, ktor\u00fd zv\u00fdrazn\u00ed \u017eensk\u00e9 krivky.","robots":{"index":"index","follow":"follow","max-snippet":"max-snippet:-1","max-image-preview":"max-image-preview:large","max-video-preview":"max-video-preview:-1"},"canonical":"https:\/\/www.ladime.sk\/zeny\/damske-nohavice\/organic-damske-nohavice-zoe\/","og_locale":"cs_CZ","og_type":"article","og_title":"D\u00e1mske ORGANIC nohavice Zoe - ladime.sk","og_description":"Komfort, v\u00fdborn\u00e1 odolnos\u0165 a priedu\u0161nos\u0165. D\u00e1mske ORGANIC nohavice Zoe naplnia va\u0161e po\u017eiadavky na kvalitu i strih, ktor\u00fd zv\u00fdrazn\u00ed \u017eensk\u00e9 krivky.","og_url":"https:\/\/www.ladime.sk\/zeny\/damske-nohavice\/organic-damske-nohavice-zoe\/","og_site_name":"ladime.sk","article_modified_time":"2026-01-16T19:56:28+00:00","og_image":[{"width":805,"height":1006,"url":"https:\/\/www.ladime.sk\/wp-content\/uploads\/2021\/09\/ladime_zeny_top_mikina_ruzova_nohavice_bordova_kolekcia_futuro.jpg","type":"image\/jpeg"}],"twitter_card":"summary_large_image","twitter_misc":{"Odhadovan\u00e1 doba \u010dten\u00ed":"1 minuta"},"schema":{"@context":"https:\/\/schema.org","@graph":[{"@type":"WebPage","@id":"https:\/\/www.ladime.sk\/zeny\/damske-nohavice\/organic-damske-nohavice-zoe\/","url":"https:\/\/www.ladime.sk\/zeny\/damske-nohavice\/organic-damske-nohavice-zoe\/","name":"D\u00e1mske ORGANIC nohavice Zoe - ladime.sk","isPartOf":{"@id":"https:\/\/www.ladime.sk\/#website"},"primaryImageOfPage":{"@id":"https:\/\/www.ladime.sk\/zeny\/damske-nohavice\/organic-damske-nohavice-zoe\/#primaryimage"},"image":{"@id":"https:\/\/www.ladime.sk\/zeny\/damske-nohavice\/organic-damske-nohavice-zoe\/#primaryimage"},"thumbnailUrl":"https:\/\/www.ladime.sk\/wp-content\/uploads\/2021\/09\/ladime_zeny_top_mikina_ruzova_nohavice_bordova_kolekcia_futuro.jpg","datePublished":"2021-09-04T12:52:26+00:00","dateModified":"2026-01-16T19:56:28+00:00","description":"Komfort, v\u00fdborn\u00e1 odolnos\u0165 a priedu\u0161nos\u0165. D\u00e1mske ORGANIC nohavice Zoe naplnia va\u0161e po\u017eiadavky na kvalitu i strih, ktor\u00fd zv\u00fdrazn\u00ed \u017eensk\u00e9 krivky.","breadcrumb":{"@id":"https:\/\/www.ladime.sk\/zeny\/damske-nohavice\/organic-damske-nohavice-zoe\/#breadcrumb"},"inLanguage":"cs","potentialAction":[{"@type":"ReadAction","target":["https:\/\/www.ladime.sk\/zeny\/damske-nohavice\/organic-damske-nohavice-zoe\/"]}]},{"@type":"ImageObject","inLanguage":"cs","@id":"https:\/\/www.ladime.sk\/zeny\/damske-nohavice\/organic-damske-nohavice-zoe\/#primaryimage","url":"https:\/\/www.ladime.sk\/wp-content\/uploads\/2021\/09\/ladime_zeny_top_mikina_ruzova_nohavice_bordova_kolekcia_futuro.jpg","contentUrl":"https:\/\/www.ladime.sk\/wp-content\/uploads\/2021\/09\/ladime_zeny_top_mikina_ruzova_nohavice_bordova_kolekcia_futuro.jpg","width":805,"height":1006},{"@type":"BreadcrumbList","@id":"https:\/\/www.ladime.sk\/zeny\/damske-nohavice\/organic-damske-nohavice-zoe\/#breadcrumb","itemListElement":[{"@type":"ListItem","position":1,"name":"\u00davod","item":"https:\/\/www.ladime.sk\/"},{"@type":"ListItem","position":2,"name":"Obchod","item":"https:\/\/www.ladime.sk\/cs\/shop-cs\/"},{"@type":"ListItem","position":3,"name":"D\u00e1mske ORGANIC nohavice Zoe"}]},{"@type":"WebSite","@id":"https:\/\/www.ladime.sk\/#website","url":"https:\/\/www.ladime.sk\/","name":"ladime.sk","description":"Ke\u010f lad\u00edme so svetom, mysl\u00edme na bud\u00facnos\u0165.","publisher":{"@id":"https:\/\/www.ladime.sk\/#organization"},"potentialAction":[{"@type":"SearchAction","target":{"@type":"EntryPoint","urlTemplate":"https:\/\/www.ladime.sk\/?s={search_term_string}"},"query-input":{"@type":"PropertyValueSpecification","valueRequired":true,"valueName":"search_term_string"}}],"inLanguage":"cs"},{"@type":"Organization","@id":"https:\/\/www.ladime.sk\/#organization","name":"Lad\u00edme","url":"https:\/\/www.ladime.sk\/","logo":{"@type":"ImageObject","inLanguage":"cs","@id":"https:\/\/www.ladime.sk\/#\/schema\/logo\/image\/","url":"https:\/\/www.ladime.sk\/wp-content\/uploads\/2021\/08\/logo_ladime.svg","contentUrl":"https:\/\/www.ladime.sk\/wp-content\/uploads\/2021\/08\/logo_ladime.svg","width":366,"height":185,"caption":"Lad\u00edme"},"image":{"@id":"https:\/\/www.ladime.sk\/#\/schema\/logo\/image\/"}}]}},"_links":{"self":[{"href":"https:\/\/www.ladime.sk\/cs\/wp-json\/wp\/v2\/product\/5673124","targetHints":{"allow":["GET"]}}],"collection":[{"href":"https:\/\/www.ladime.sk\/cs\/wp-json\/wp\/v2\/product"}],"about":[{"href":"https:\/\/www.ladime.sk\/cs\/wp-json\/wp\/v2\/types\/product"}],"replies":[{"embeddable":true,"href":"https:\/\/www.ladime.sk\/cs\/wp-json\/wp\/v2\/comments?post=5673124"}],"version-history":[{"count":0,"href":"https:\/\/www.ladime.sk\/cs\/wp-json\/wp\/v2\/product\/5673124\/revisions"}],"wp:featuredmedia":[{"embeddable":true,"href":"https:\/\/www.ladime.sk\/cs\/wp-json\/wp\/v2\/media\/5674239"}],"wp:attachment":[{"href":"https:\/\/www.ladime.sk\/cs\/wp-json\/wp\/v2\/media?parent=5673124"}],"wp:term":[{"taxonomy":"product_brand","embeddable":true,"href":"https:\/\/www.ladime.sk\/cs\/wp-json\/wp\/v2\/product_brand?post=5673124"},{"taxonomy":"product_cat","embeddable":true,"href":"https:\/\/www.ladime.sk\/cs\/wp-json\/wp\/v2\/product_cat?post=5673124"},{"taxonomy":"product_tag","embeddable":true,"href":"https:\/\/www.ladime.sk\/cs\/wp-json\/wp\/v2\/product_tag?post=5673124"}],"curies":[{"name":"wp","href":"https:\/\/api.w.org\/{rel}","templated":true}]}}