{"id":5673081,"date":"2021-09-04T13:40:06","date_gmt":"2021-09-04T11:40:06","guid":{"rendered":"https:\/\/www.ladime.sk\/?post_type=product&#038;p=5673081"},"modified":"2026-01-13T17:22:26","modified_gmt":"2026-01-13T16:22:26","slug":"satenove-softshellky-passionate","status":"publish","type":"product","link":"https:\/\/www.ladime.sk\/cs\/zeny\/damske-nohavice\/satenove-softshellky-passionate\/","title":{"rendered":"D\u00e1mske &#8222;Sat\u00e9nov\u00e9 softshellky&#8220; Passionate"},"content":{"rendered":"<div class=\"kvgmc6g5 cxmmr5t8 oygrvhab hcukyx3x c1et5uql\">\n<div class=\"kvgmc6g5 cxmmr5t8 oygrvhab hcukyx3x c1et5uql\">\n<div class=\"kvgmc6g5 cxmmr5t8 oygrvhab hcukyx3x c1et5uql\">\n<h2>D\u00e1mske &#8222;Sat\u00e9nov\u00e9 softshellky&#8220; Passionate<\/h2>\n<p>\u010co si predstav\u00edte, ke\u010f sa povie <strong><a href=\"https:\/\/www.ladime.sk\/zeny\/damske-nohavice\/\" target=\"_blank\" rel=\"noopener\">pohodln\u00e9 nohavice<\/a><\/strong>? Je to pr\u00edjemn\u00fd materi\u00e1l, ktor\u00fd nedr\u00e1\u017edi poko\u017eku, ale jemne ju pohl\u00e1dza? A\u00a0mali by ma\u0165 strih, v\u00a0ktorom za\u017eijete dokonal\u00fa slobodu pohybu? To v\u0161etko sp\u013a\u0148aj\u00fa <strong>handmade<\/strong> <strong>d\u00e1mske &#8222;Sat\u00e9nov\u00e9 softshellky&#8220; Passionate. <\/strong>Doprajte si komfort, ktor\u00fd pon\u00fakaj\u00fa aj vy.<\/p>\n<p><strong>D\u00e1mske<\/strong> <strong>softshellov\u00e9 nohavice Passionate <\/strong>s\u00fa ide\u00e1lnou vo\u013ebou, \u010di sa pr\u00e1ve chyst\u00e1te do mesta alebo do lesa. Uspokoja aj tie d\u00e1my, ktor\u00e9 dbaj\u00fa o jedine\u010dnos\u0165 prevedenia. Pohodln\u00fd p\u00e1s na gumu postupne prech\u00e1dza do u\u017e\u0161ieho tvaru nohav\u00edc. Ukon\u010denie zalo\u017een\u00edm l\u00e1tky a man\u017eetou zv\u00fdrazn\u00ed va\u0161e \u0161t\u00edhle l\u00fdtka. Spo\u013eahn\u00fa\u0165 sa m\u00f4\u017eete tie\u017e na ich vodeodolnos\u0165 a ochr\u00e1nia v\u00e1s aj pred vetrom.<\/p>\n<div class=\"kvgmc6g5 cxmmr5t8 oygrvhab hcukyx3x c1et5uql\">\n<div class=\"kvgmc6g5 cxmmr5t8 oygrvhab hcukyx3x c1et5uql\">\n<ul>\n<li>Praktick\u00e9 a jednoduch\u00e9 obliekanie<\/li>\n<li>V p\u00e1se pru\u017en\u00e1 guma<\/li>\n<li>Ozdobn\u00e9 prvky na s\u00e1rach nohav\u00edc<\/li>\n<li>Bez zateplenia<\/li>\n<li>Vhodn\u00e9 na jese\u0148, jar, vlhk\u00e9 a upr\u0161an\u00e9 po\u010dasie na prech\u00e1dzku do mesta i do lesa<\/li>\n<li>Vodeodoln\u00e9, priedu\u0161n\u00e9, vetruodoln\u00e9<\/li>\n<\/ul>\n<\/div>\n<\/div>\n<div class=\"kvgmc6g5 cxmmr5t8 oygrvhab hcukyx3x c1et5uql\">\n<div class=\"kvgmc6g5 cxmmr5t8 oygrvhab hcukyx3x c1et5uql\">\n<p>Materi\u00e1l &#8211; d\u017eersejov\u00fd softshell:<\/p>\n<p>Vodeodolnos\u0165 6500 mm<br \/>\nPriedu\u0161nos\u0165 300 g\/m2\/24h<\/p>\n<p>Softshell sa sklad\u00e1 z troch vrstiev s membr\u00e1nou<\/p>\n<\/div>\n<\/div>\n<\/div>\n<div class=\"o9v6fnle cxmmr5t8 oygrvhab hcukyx3x c1et5uql\"><\/div>\n<div class=\"o9v6fnle cxmmr5t8 oygrvhab hcukyx3x c1et5uql\">Modelka mamina Mia m\u00e1 oble\u010den\u00fa ve\u013ekos\u0165 36. V\u00fd\u0161ka modelky: 163cm a miery: 90-70-92<\/div>\n<\/div>\n<\/div>\n","protected":false},"excerpt":{"rendered":"<div class=\"o9v6fnle cxmmr5t8 oygrvhab hcukyx3x c1et5uql\">\n<div class=\"o9v6fnle cxmmr5t8 oygrvhab hcukyx3x c1et5uql\">\n<div>\n<p>Osobit\u00fd dizajn, ktor\u00fd d\u00e1va pojmu \u0161portov\u00e1 elegancia nov\u00fd zmysel \u2014 to s\u00fa d\u00e1mske &#8222;Sat\u00e9nov\u00e9 softshellky&#8220; Passionate. V t\u00fdchto nohaviciach budete dobre vyzera\u0165, \u010di sa vyberiete do mesta alebo do pr\u00edrody. Pri v\u00fdbere materi\u00e1lu sme mysleli aj na va\u0161e pohodlie v nepriaznivom po\u010das\u00ed. Ochr\u00e1ni v\u00e1s pred vetrom i da\u017e\u010fom.<\/p>\n<\/div>\n<div><strong style=\"font-size: 16px;\">Popis materi\u00e1lu: <\/strong><span style=\"font-size: 16px;\">\u00a0d\u017eersejov\u00fd softshell s membr\u00e1nou bez zateplenia<\/span><\/div>\n<div><strong style=\"font-size: 16px;\">Farba: <\/strong><span style=\"font-size: 16px;\">biela, p\u00fadrovo ru\u017eov\u00e1<\/span><\/div>\n<div><strong>Certifik\u00e1ty: <\/strong>OEKO-TEX 100<\/div>\n<div class=\"o9v6fnle cxmmr5t8 oygrvhab hcukyx3x c1et5uql\"><strong>Materi\u00e1lov\u00e9 zlo\u017eenie:<\/strong> 100% PES + TPU membr\u00e1na<\/div>\n<div><\/div>\n<div><\/div>\n<div><\/div>\n<\/div>\n<div><\/div>\n<div><\/div>\n<div><\/div>\n<div><\/div>\n<div><\/div>\n<div><\/div>\n<div class=\"o9v6fnle cxmmr5t8 oygrvhab hcukyx3x c1et5uql\"><\/div>\n<\/div>\n","protected":false},"featured_media":5674250,"comment_status":"closed","ping_status":"closed","template":"","meta":{"_acf_changed":false,"inline_featured_image":false},"product_brand":[],"product_cat":[88],"product_tag":[],"class_list":{"0":"post-5673081","1":"product","2":"type-product","3":"status-publish","4":"has-post-thumbnail","6":"product_cat-damske-nohavice","8":"first","9":"instock","10":"shipping-taxable","11":"purchasable","12":"product-type-variable","13":"wvs-archive-product-wrapper"},"acf":[],"yoast_head":"<!-- This site is optimized with the Yoast SEO plugin v27.5 - https:\/\/yoast.com\/product\/yoast-seo-wordpress\/ -->\n<title>D\u00e1mske &quot;Sat\u00e9nov\u00e9 softshellky&quot; Passionate - ladime.sk<\/title>\n<meta name=\"description\" content=\"Osobit\u00fd dizajn, ktor\u00fd d\u00e1va pojmu \u0161portov\u00e1 elegancia nov\u00fd zmysel \u2014 to s\u00fa d\u00e1mske &quot;Sat\u00e9nov\u00e9 softshellky&quot; Passionate do mesta aj do pr\u00edrody.\" \/>\n<meta name=\"robots\" content=\"index, follow, max-snippet:-1, max-image-preview:large, max-video-preview:-1\" \/>\n<link rel=\"canonical\" href=\"https:\/\/www.ladime.sk\/zeny\/damske-nohavice\/satenove-softshellky-passionate\/\" \/>\n<meta property=\"og:locale\" content=\"cs_CZ\" \/>\n<meta property=\"og:type\" content=\"article\" \/>\n<meta property=\"og:title\" content=\"D\u00e1mske &quot;Sat\u00e9nov\u00e9 softshellky&quot; Passionate - ladime.sk\" \/>\n<meta property=\"og:description\" content=\"Osobit\u00fd dizajn, ktor\u00fd d\u00e1va pojmu \u0161portov\u00e1 elegancia nov\u00fd zmysel \u2014 to s\u00fa d\u00e1mske &quot;Sat\u00e9nov\u00e9 softshellky&quot; Passionate do mesta aj do pr\u00edrody.\" \/>\n<meta property=\"og:url\" content=\"https:\/\/www.ladime.sk\/zeny\/damske-nohavice\/satenove-softshellky-passionate\/\" \/>\n<meta property=\"og:site_name\" content=\"ladime.sk\" \/>\n<meta property=\"article:modified_time\" content=\"2026-01-13T16:22:26+00:00\" \/>\n<meta property=\"og:image\" content=\"https:\/\/www.ladime.sk\/wp-content\/uploads\/2021\/09\/ladime_zeny_softshell_nohavice_biela_kolekcia_futuro-2.jpg\" \/>\n\t<meta property=\"og:image:width\" content=\"805\" \/>\n\t<meta property=\"og:image:height\" content=\"1006\" \/>\n\t<meta property=\"og:image:type\" content=\"image\/jpeg\" \/>\n<meta name=\"twitter:card\" content=\"summary_large_image\" \/>\n<meta name=\"twitter:label1\" content=\"Odhadovan\u00e1 doba \u010dten\u00ed\" \/>\n\t<meta name=\"twitter:data1\" content=\"2 minuty\" \/>\n<script type=\"application\/ld+json\" class=\"yoast-schema-graph\">{\"@context\":\"https:\\\/\\\/schema.org\",\"@graph\":[{\"@type\":\"WebPage\",\"@id\":\"https:\\\/\\\/www.ladime.sk\\\/zeny\\\/damske-nohavice\\\/satenove-softshellky-passionate\\\/\",\"url\":\"https:\\\/\\\/www.ladime.sk\\\/zeny\\\/damske-nohavice\\\/satenove-softshellky-passionate\\\/\",\"name\":\"D\u00e1mske \\\"Sat\u00e9nov\u00e9 softshellky\\\" Passionate - ladime.sk\",\"isPartOf\":{\"@id\":\"https:\\\/\\\/www.ladime.sk\\\/#website\"},\"primaryImageOfPage\":{\"@id\":\"https:\\\/\\\/www.ladime.sk\\\/zeny\\\/damske-nohavice\\\/satenove-softshellky-passionate\\\/#primaryimage\"},\"image\":{\"@id\":\"https:\\\/\\\/www.ladime.sk\\\/zeny\\\/damske-nohavice\\\/satenove-softshellky-passionate\\\/#primaryimage\"},\"thumbnailUrl\":\"https:\\\/\\\/www.ladime.sk\\\/wp-content\\\/uploads\\\/2021\\\/09\\\/ladime_zeny_softshell_nohavice_biela_kolekcia_futuro-2.jpg\",\"datePublished\":\"2021-09-04T11:40:06+00:00\",\"dateModified\":\"2026-01-13T16:22:26+00:00\",\"description\":\"Osobit\u00fd dizajn, ktor\u00fd d\u00e1va pojmu \u0161portov\u00e1 elegancia nov\u00fd zmysel \u2014 to s\u00fa d\u00e1mske \\\"Sat\u00e9nov\u00e9 softshellky\\\" Passionate do mesta aj do pr\u00edrody.\",\"breadcrumb\":{\"@id\":\"https:\\\/\\\/www.ladime.sk\\\/zeny\\\/damske-nohavice\\\/satenove-softshellky-passionate\\\/#breadcrumb\"},\"inLanguage\":\"cs\",\"potentialAction\":[{\"@type\":\"ReadAction\",\"target\":[\"https:\\\/\\\/www.ladime.sk\\\/zeny\\\/damske-nohavice\\\/satenove-softshellky-passionate\\\/\"]}]},{\"@type\":\"ImageObject\",\"inLanguage\":\"cs\",\"@id\":\"https:\\\/\\\/www.ladime.sk\\\/zeny\\\/damske-nohavice\\\/satenove-softshellky-passionate\\\/#primaryimage\",\"url\":\"https:\\\/\\\/www.ladime.sk\\\/wp-content\\\/uploads\\\/2021\\\/09\\\/ladime_zeny_softshell_nohavice_biela_kolekcia_futuro-2.jpg\",\"contentUrl\":\"https:\\\/\\\/www.ladime.sk\\\/wp-content\\\/uploads\\\/2021\\\/09\\\/ladime_zeny_softshell_nohavice_biela_kolekcia_futuro-2.jpg\",\"width\":805,\"height\":1006,\"caption\":\"D\u00e1mske \\\"Sat\u00e9nov\u00e9 softshellky\\\" Passionate\"},{\"@type\":\"BreadcrumbList\",\"@id\":\"https:\\\/\\\/www.ladime.sk\\\/zeny\\\/damske-nohavice\\\/satenove-softshellky-passionate\\\/#breadcrumb\",\"itemListElement\":[{\"@type\":\"ListItem\",\"position\":1,\"name\":\"\u00davod\",\"item\":\"https:\\\/\\\/www.ladime.sk\\\/\"},{\"@type\":\"ListItem\",\"position\":2,\"name\":\"Obchod\",\"item\":\"https:\\\/\\\/www.ladime.sk\\\/cs\\\/shop-cs\\\/\"},{\"@type\":\"ListItem\",\"position\":3,\"name\":\"D\u00e1mske &#8222;Sat\u00e9nov\u00e9 softshellky&#8220; Passionate\"}]},{\"@type\":\"WebSite\",\"@id\":\"https:\\\/\\\/www.ladime.sk\\\/#website\",\"url\":\"https:\\\/\\\/www.ladime.sk\\\/\",\"name\":\"ladime.sk\",\"description\":\"Ke\u010f lad\u00edme so svetom, mysl\u00edme na bud\u00facnos\u0165.\",\"publisher\":{\"@id\":\"https:\\\/\\\/www.ladime.sk\\\/#organization\"},\"potentialAction\":[{\"@type\":\"SearchAction\",\"target\":{\"@type\":\"EntryPoint\",\"urlTemplate\":\"https:\\\/\\\/www.ladime.sk\\\/?s={search_term_string}\"},\"query-input\":{\"@type\":\"PropertyValueSpecification\",\"valueRequired\":true,\"valueName\":\"search_term_string\"}}],\"inLanguage\":\"cs\"},{\"@type\":\"Organization\",\"@id\":\"https:\\\/\\\/www.ladime.sk\\\/#organization\",\"name\":\"Lad\u00edme\",\"url\":\"https:\\\/\\\/www.ladime.sk\\\/\",\"logo\":{\"@type\":\"ImageObject\",\"inLanguage\":\"cs\",\"@id\":\"https:\\\/\\\/www.ladime.sk\\\/#\\\/schema\\\/logo\\\/image\\\/\",\"url\":\"https:\\\/\\\/www.ladime.sk\\\/wp-content\\\/uploads\\\/2021\\\/08\\\/logo_ladime.svg\",\"contentUrl\":\"https:\\\/\\\/www.ladime.sk\\\/wp-content\\\/uploads\\\/2021\\\/08\\\/logo_ladime.svg\",\"width\":366,\"height\":185,\"caption\":\"Lad\u00edme\"},\"image\":{\"@id\":\"https:\\\/\\\/www.ladime.sk\\\/#\\\/schema\\\/logo\\\/image\\\/\"}}]}<\/script>\n<!-- \/ Yoast SEO plugin. -->","yoast_head_json":{"title":"D\u00e1mske \"Sat\u00e9nov\u00e9 softshellky\" Passionate - ladime.sk","description":"Osobit\u00fd dizajn, ktor\u00fd d\u00e1va pojmu \u0161portov\u00e1 elegancia nov\u00fd zmysel \u2014 to s\u00fa d\u00e1mske \"Sat\u00e9nov\u00e9 softshellky\" Passionate do mesta aj do pr\u00edrody.","robots":{"index":"index","follow":"follow","max-snippet":"max-snippet:-1","max-image-preview":"max-image-preview:large","max-video-preview":"max-video-preview:-1"},"canonical":"https:\/\/www.ladime.sk\/zeny\/damske-nohavice\/satenove-softshellky-passionate\/","og_locale":"cs_CZ","og_type":"article","og_title":"D\u00e1mske \"Sat\u00e9nov\u00e9 softshellky\" Passionate - ladime.sk","og_description":"Osobit\u00fd dizajn, ktor\u00fd d\u00e1va pojmu \u0161portov\u00e1 elegancia nov\u00fd zmysel \u2014 to s\u00fa d\u00e1mske \"Sat\u00e9nov\u00e9 softshellky\" Passionate do mesta aj do pr\u00edrody.","og_url":"https:\/\/www.ladime.sk\/zeny\/damske-nohavice\/satenove-softshellky-passionate\/","og_site_name":"ladime.sk","article_modified_time":"2026-01-13T16:22:26+00:00","og_image":[{"width":805,"height":1006,"url":"https:\/\/www.ladime.sk\/wp-content\/uploads\/2021\/09\/ladime_zeny_softshell_nohavice_biela_kolekcia_futuro-2.jpg","type":"image\/jpeg"}],"twitter_card":"summary_large_image","twitter_misc":{"Odhadovan\u00e1 doba \u010dten\u00ed":"2 minuty"},"schema":{"@context":"https:\/\/schema.org","@graph":[{"@type":"WebPage","@id":"https:\/\/www.ladime.sk\/zeny\/damske-nohavice\/satenove-softshellky-passionate\/","url":"https:\/\/www.ladime.sk\/zeny\/damske-nohavice\/satenove-softshellky-passionate\/","name":"D\u00e1mske \"Sat\u00e9nov\u00e9 softshellky\" Passionate - ladime.sk","isPartOf":{"@id":"https:\/\/www.ladime.sk\/#website"},"primaryImageOfPage":{"@id":"https:\/\/www.ladime.sk\/zeny\/damske-nohavice\/satenove-softshellky-passionate\/#primaryimage"},"image":{"@id":"https:\/\/www.ladime.sk\/zeny\/damske-nohavice\/satenove-softshellky-passionate\/#primaryimage"},"thumbnailUrl":"https:\/\/www.ladime.sk\/wp-content\/uploads\/2021\/09\/ladime_zeny_softshell_nohavice_biela_kolekcia_futuro-2.jpg","datePublished":"2021-09-04T11:40:06+00:00","dateModified":"2026-01-13T16:22:26+00:00","description":"Osobit\u00fd dizajn, ktor\u00fd d\u00e1va pojmu \u0161portov\u00e1 elegancia nov\u00fd zmysel \u2014 to s\u00fa d\u00e1mske \"Sat\u00e9nov\u00e9 softshellky\" Passionate do mesta aj do pr\u00edrody.","breadcrumb":{"@id":"https:\/\/www.ladime.sk\/zeny\/damske-nohavice\/satenove-softshellky-passionate\/#breadcrumb"},"inLanguage":"cs","potentialAction":[{"@type":"ReadAction","target":["https:\/\/www.ladime.sk\/zeny\/damske-nohavice\/satenove-softshellky-passionate\/"]}]},{"@type":"ImageObject","inLanguage":"cs","@id":"https:\/\/www.ladime.sk\/zeny\/damske-nohavice\/satenove-softshellky-passionate\/#primaryimage","url":"https:\/\/www.ladime.sk\/wp-content\/uploads\/2021\/09\/ladime_zeny_softshell_nohavice_biela_kolekcia_futuro-2.jpg","contentUrl":"https:\/\/www.ladime.sk\/wp-content\/uploads\/2021\/09\/ladime_zeny_softshell_nohavice_biela_kolekcia_futuro-2.jpg","width":805,"height":1006,"caption":"D\u00e1mske \"Sat\u00e9nov\u00e9 softshellky\" Passionate"},{"@type":"BreadcrumbList","@id":"https:\/\/www.ladime.sk\/zeny\/damske-nohavice\/satenove-softshellky-passionate\/#breadcrumb","itemListElement":[{"@type":"ListItem","position":1,"name":"\u00davod","item":"https:\/\/www.ladime.sk\/"},{"@type":"ListItem","position":2,"name":"Obchod","item":"https:\/\/www.ladime.sk\/cs\/shop-cs\/"},{"@type":"ListItem","position":3,"name":"D\u00e1mske &#8222;Sat\u00e9nov\u00e9 softshellky&#8220; Passionate"}]},{"@type":"WebSite","@id":"https:\/\/www.ladime.sk\/#website","url":"https:\/\/www.ladime.sk\/","name":"ladime.sk","description":"Ke\u010f lad\u00edme so svetom, mysl\u00edme na bud\u00facnos\u0165.","publisher":{"@id":"https:\/\/www.ladime.sk\/#organization"},"potentialAction":[{"@type":"SearchAction","target":{"@type":"EntryPoint","urlTemplate":"https:\/\/www.ladime.sk\/?s={search_term_string}"},"query-input":{"@type":"PropertyValueSpecification","valueRequired":true,"valueName":"search_term_string"}}],"inLanguage":"cs"},{"@type":"Organization","@id":"https:\/\/www.ladime.sk\/#organization","name":"Lad\u00edme","url":"https:\/\/www.ladime.sk\/","logo":{"@type":"ImageObject","inLanguage":"cs","@id":"https:\/\/www.ladime.sk\/#\/schema\/logo\/image\/","url":"https:\/\/www.ladime.sk\/wp-content\/uploads\/2021\/08\/logo_ladime.svg","contentUrl":"https:\/\/www.ladime.sk\/wp-content\/uploads\/2021\/08\/logo_ladime.svg","width":366,"height":185,"caption":"Lad\u00edme"},"image":{"@id":"https:\/\/www.ladime.sk\/#\/schema\/logo\/image\/"}}]}},"_links":{"self":[{"href":"https:\/\/www.ladime.sk\/cs\/wp-json\/wp\/v2\/product\/5673081","targetHints":{"allow":["GET"]}}],"collection":[{"href":"https:\/\/www.ladime.sk\/cs\/wp-json\/wp\/v2\/product"}],"about":[{"href":"https:\/\/www.ladime.sk\/cs\/wp-json\/wp\/v2\/types\/product"}],"replies":[{"embeddable":true,"href":"https:\/\/www.ladime.sk\/cs\/wp-json\/wp\/v2\/comments?post=5673081"}],"version-history":[{"count":0,"href":"https:\/\/www.ladime.sk\/cs\/wp-json\/wp\/v2\/product\/5673081\/revisions"}],"wp:featuredmedia":[{"embeddable":true,"href":"https:\/\/www.ladime.sk\/cs\/wp-json\/wp\/v2\/media\/5674250"}],"wp:attachment":[{"href":"https:\/\/www.ladime.sk\/cs\/wp-json\/wp\/v2\/media?parent=5673081"}],"wp:term":[{"taxonomy":"product_brand","embeddable":true,"href":"https:\/\/www.ladime.sk\/cs\/wp-json\/wp\/v2\/product_brand?post=5673081"},{"taxonomy":"product_cat","embeddable":true,"href":"https:\/\/www.ladime.sk\/cs\/wp-json\/wp\/v2\/product_cat?post=5673081"},{"taxonomy":"product_tag","embeddable":true,"href":"https:\/\/www.ladime.sk\/cs\/wp-json\/wp\/v2\/product_tag?post=5673081"}],"curies":[{"name":"wp","href":"https:\/\/api.w.org\/{rel}","templated":true}]}}