{"id":5673074,"date":"2021-09-04T13:20:36","date_gmt":"2021-09-04T11:20:36","guid":{"rendered":"https:\/\/www.ladime.sk\/?post_type=product&#038;p=5673074"},"modified":"2026-01-12T12:58:21","modified_gmt":"2026-01-12T11:58:21","slug":"satenove-softshellky-elegant","status":"publish","type":"product","link":"https:\/\/www.ladime.sk\/cs\/zeny\/damske-nohavice\/satenove-softshellky-elegant\/","title":{"rendered":"D\u00e1mske &#8222;Sat\u00e9nov\u00e9 softshellky&#8220; Elegant"},"content":{"rendered":"<div class=\"kvgmc6g5 cxmmr5t8 oygrvhab hcukyx3x c1et5uql\">\n<div class=\"kvgmc6g5 cxmmr5t8 oygrvhab hcukyx3x c1et5uql\">\n<div class=\"kvgmc6g5 cxmmr5t8 oygrvhab hcukyx3x c1et5uql\">\n<h2>D\u00e1mske &#8222;Sat\u00e9nov\u00e9 softshellky&#8220; Elegant<\/h2>\n<p>Elegancia, hravos\u0165 a\u00a0pohodlnos\u0165 \u2014 to v\u0161etko v\u00a0sebe sp\u00e1jaj\u00fa <strong>d\u00e1mske &#8222;Sat\u00e9nov\u00e9 softshellky&#8220; Elegant.<\/strong> Tieto <strong><a href=\"https:\/\/www.ladime.sk\/zeny\/damske-nohavice\/\">d\u00e1mske nohavice<\/a><\/strong> zaujm\u00fa tvarom, v\u00a0ktorom vynikn\u00fa va\u0161e prednosti. Nemus\u00edte sa v\u0161ak ob\u00e1va\u0165 \u017eiadneho nepohodlia. Poskytn\u00fa v\u00e1m dokonal\u00fa vo\u013enos\u0165 pri ka\u017edom pohybe.<\/p>\n<p><strong>D\u00e1mske softshellov\u00e9 nohavice<\/strong> s\u00fa neuverite\u013en\u00e9 komfortn\u00e9. Materi\u00e1l bez zateplenia, z\u00a0ktor\u00e9ho s\u00fa u\u0161it\u00e9, vynik\u00e1 priedu\u0161nos\u0165ou, ochr\u00e1ni v\u00e1s pred vetrom a\u00a0navy\u0161e nepremok\u00e1. Pri ich n\u00e1vrhu sme zvolili strih s\u00a0pru\u017enou gumou na p\u00e1se, ktor\u00e1 v\u00e1m u\u013eah\u010d\u00ed ich obliekanie. Zaujala v\u00e1s tie\u017e farba? E\u0161te viac jej dovol\u00edte vynikn\u00fa\u0165, ak ich skombinujete s\u00a0<strong><a href=\"https:\/\/www.ladime.sk\/zeny\/damske-topy\/\">topom<\/a><\/strong> alebo bundou z\u00a0na\u0161ej ponuky.<\/p>\n<div class=\"kvgmc6g5 cxmmr5t8 oygrvhab hcukyx3x c1et5uql\">\n<div class=\"kvgmc6g5 cxmmr5t8 oygrvhab hcukyx3x c1et5uql\">\n<ul>\n<li>Praktick\u00e9 a jednoduch\u00e9 obliekanie<\/li>\n<li>V p\u00e1se pru\u017en\u00e1 guma<\/li>\n<li>Ozdobn\u00e9 prvky na s\u00e1rach nohav\u00edc<\/li>\n<li>Bez zateplenia<\/li>\n<li>Vhodn\u00e9 na jese\u0148, jar, vlhk\u00e9 a upr\u0161an\u00e9 po\u010dasie na prech\u00e1dzku do mesta i do lesa<\/li>\n<li>Vodeodoln\u00e9, priedu\u0161n\u00e9, vetruodoln\u00e9<\/li>\n<\/ul>\n<\/div>\n<\/div>\n<div class=\"kvgmc6g5 cxmmr5t8 oygrvhab hcukyx3x c1et5uql\">\n<div class=\"kvgmc6g5 cxmmr5t8 oygrvhab hcukyx3x c1et5uql\">\n<p>Materi\u00e1l &#8211; d\u017eersejov\u00fd softshell:<\/p>\n<p>Vodeodolnos\u0165 6500 mm<br \/>\nPriedu\u0161nos\u0165 300 g\/m2\/24h<\/p>\n<p>Softshell sa sklad\u00e1 z troch vrstiev s membr\u00e1nou<\/p>\n<\/div>\n<\/div>\n<\/div>\n<div class=\"o9v6fnle cxmmr5t8 oygrvhab hcukyx3x c1et5uql\"><\/div>\n<div class=\"o9v6fnle cxmmr5t8 oygrvhab hcukyx3x c1et5uql\">Modelka mamina Mia m\u00e1 oble\u010den\u00fa ve\u013ekos\u0165 36. V\u00fd\u0161ka modelky: 163cm a miery: 90-70-92<\/div>\n<\/div>\n<\/div>\n","protected":false},"excerpt":{"rendered":"<div>\n<p>Oble\u010dte sa do pohodlia na prech\u00e1dzku do mesta aj do pr\u00edrody. D\u00e1mske &#8222;Sat\u00e9nov\u00e9 softshellky&#8220; Elegant s\u00fa neuverite\u013ene komfortn\u00e9, \u013eahko sa obliekaj\u00fa, chr\u00e1nia pred vetrom aj da\u017e\u010fom. Zladi\u0165 ich m\u00f4\u017eete s\u00a0topom alebo bundou z\u00a0na\u0161ej ponuky.<\/p>\n<\/div>\n<div><strong style=\"font-size: 16px;\">Popis materi\u00e1lu: <\/strong><span style=\"font-size: 16px;\">\u00a0d\u017eersejov\u00fd softshell s membr\u00e1nou bez zateplenia<\/span><\/div>\n<div><strong style=\"font-size: 16px;\">Farba: <\/strong><span style=\"font-size: 16px;\">smotanovo biela, p\u00fadrovo ru\u017eov\u00e1<\/span><\/div>\n<div><strong>Certifik\u00e1ty: <\/strong>OEKO-TEX 100<\/div>\n<div class=\"o9v6fnle cxmmr5t8 oygrvhab hcukyx3x c1et5uql\"><strong>Materi\u00e1lov\u00e9 zlo\u017eenie:<\/strong> 100% PES + TPU membr\u00e1na<\/div>\n<div><\/div>\n","protected":false},"featured_media":5674242,"comment_status":"closed","ping_status":"closed","template":"","meta":{"_acf_changed":false,"inline_featured_image":false},"product_brand":[],"product_cat":[88],"product_tag":[],"class_list":{"0":"post-5673074","1":"product","2":"type-product","3":"status-publish","4":"has-post-thumbnail","6":"product_cat-damske-nohavice","8":"first","9":"instock","10":"shipping-taxable","11":"purchasable","12":"product-type-variable","13":"wvs-archive-product-wrapper"},"acf":[],"yoast_head":"<!-- This site is optimized with the Yoast SEO plugin v27.5 - https:\/\/yoast.com\/product\/yoast-seo-wordpress\/ -->\n<title>D\u00e1mske &quot;Sat\u00e9nov\u00e9 softshellky&quot; Elegant - ladime.sk<\/title>\n<meta name=\"description\" content=\"D\u00e1mske &quot;Sat\u00e9nov\u00e9 softshellky&quot; Elegant s\u00fa komfortn\u00e9, \u013eahko sa obliekaj\u00fa, chr\u00e1nia pred vetrom aj da\u017e\u010fom. Zlad\u00edte ich s topom i bundou.\" \/>\n<meta name=\"robots\" content=\"index, follow, max-snippet:-1, max-image-preview:large, max-video-preview:-1\" \/>\n<link rel=\"canonical\" href=\"https:\/\/www.ladime.sk\/zeny\/damske-nohavice\/satenove-softshellky-elegant\/\" \/>\n<meta property=\"og:locale\" content=\"cs_CZ\" \/>\n<meta property=\"og:type\" content=\"article\" \/>\n<meta property=\"og:title\" content=\"D\u00e1mske &quot;Sat\u00e9nov\u00e9 softshellky&quot; Elegant - ladime.sk\" \/>\n<meta property=\"og:description\" content=\"D\u00e1mske &quot;Sat\u00e9nov\u00e9 softshellky&quot; Elegant s\u00fa komfortn\u00e9, \u013eahko sa obliekaj\u00fa, chr\u00e1nia pred vetrom aj da\u017e\u010fom. Zlad\u00edte ich s topom i bundou.\" \/>\n<meta property=\"og:url\" content=\"https:\/\/www.ladime.sk\/zeny\/damske-nohavice\/satenove-softshellky-elegant\/\" \/>\n<meta property=\"og:site_name\" content=\"ladime.sk\" \/>\n<meta property=\"article:modified_time\" content=\"2026-01-12T11:58:21+00:00\" \/>\n<meta property=\"og:image\" content=\"https:\/\/www.ladime.sk\/wp-content\/uploads\/2021\/09\/ladime_zeny_softshell_nohavice_ruzova_kolekcia_futuro.jpg\" \/>\n\t<meta property=\"og:image:width\" content=\"805\" \/>\n\t<meta property=\"og:image:height\" content=\"1006\" \/>\n\t<meta property=\"og:image:type\" content=\"image\/jpeg\" \/>\n<meta name=\"twitter:card\" content=\"summary_large_image\" \/>\n<meta name=\"twitter:label1\" content=\"Odhadovan\u00e1 doba \u010dten\u00ed\" \/>\n\t<meta name=\"twitter:data1\" content=\"2 minuty\" \/>\n<script type=\"application\/ld+json\" class=\"yoast-schema-graph\">{\"@context\":\"https:\\\/\\\/schema.org\",\"@graph\":[{\"@type\":\"WebPage\",\"@id\":\"https:\\\/\\\/www.ladime.sk\\\/zeny\\\/damske-nohavice\\\/satenove-softshellky-elegant\\\/\",\"url\":\"https:\\\/\\\/www.ladime.sk\\\/zeny\\\/damske-nohavice\\\/satenove-softshellky-elegant\\\/\",\"name\":\"D\u00e1mske \\\"Sat\u00e9nov\u00e9 softshellky\\\" Elegant - ladime.sk\",\"isPartOf\":{\"@id\":\"https:\\\/\\\/www.ladime.sk\\\/#website\"},\"primaryImageOfPage\":{\"@id\":\"https:\\\/\\\/www.ladime.sk\\\/zeny\\\/damske-nohavice\\\/satenove-softshellky-elegant\\\/#primaryimage\"},\"image\":{\"@id\":\"https:\\\/\\\/www.ladime.sk\\\/zeny\\\/damske-nohavice\\\/satenove-softshellky-elegant\\\/#primaryimage\"},\"thumbnailUrl\":\"https:\\\/\\\/www.ladime.sk\\\/wp-content\\\/uploads\\\/2021\\\/09\\\/ladime_zeny_softshell_nohavice_ruzova_kolekcia_futuro.jpg\",\"datePublished\":\"2021-09-04T11:20:36+00:00\",\"dateModified\":\"2026-01-12T11:58:21+00:00\",\"description\":\"D\u00e1mske \\\"Sat\u00e9nov\u00e9 softshellky\\\" Elegant s\u00fa komfortn\u00e9, \u013eahko sa obliekaj\u00fa, chr\u00e1nia pred vetrom aj da\u017e\u010fom. Zlad\u00edte ich s topom i bundou.\",\"breadcrumb\":{\"@id\":\"https:\\\/\\\/www.ladime.sk\\\/zeny\\\/damske-nohavice\\\/satenove-softshellky-elegant\\\/#breadcrumb\"},\"inLanguage\":\"cs\",\"potentialAction\":[{\"@type\":\"ReadAction\",\"target\":[\"https:\\\/\\\/www.ladime.sk\\\/zeny\\\/damske-nohavice\\\/satenove-softshellky-elegant\\\/\"]}]},{\"@type\":\"ImageObject\",\"inLanguage\":\"cs\",\"@id\":\"https:\\\/\\\/www.ladime.sk\\\/zeny\\\/damske-nohavice\\\/satenove-softshellky-elegant\\\/#primaryimage\",\"url\":\"https:\\\/\\\/www.ladime.sk\\\/wp-content\\\/uploads\\\/2021\\\/09\\\/ladime_zeny_softshell_nohavice_ruzova_kolekcia_futuro.jpg\",\"contentUrl\":\"https:\\\/\\\/www.ladime.sk\\\/wp-content\\\/uploads\\\/2021\\\/09\\\/ladime_zeny_softshell_nohavice_ruzova_kolekcia_futuro.jpg\",\"width\":805,\"height\":1006,\"caption\":\"D\u00e1mske \\\"Sat\u00e9nov\u00e9 softshellky\\\" Elegant\"},{\"@type\":\"BreadcrumbList\",\"@id\":\"https:\\\/\\\/www.ladime.sk\\\/zeny\\\/damske-nohavice\\\/satenove-softshellky-elegant\\\/#breadcrumb\",\"itemListElement\":[{\"@type\":\"ListItem\",\"position\":1,\"name\":\"\u00davod\",\"item\":\"https:\\\/\\\/www.ladime.sk\\\/\"},{\"@type\":\"ListItem\",\"position\":2,\"name\":\"Obchod\",\"item\":\"https:\\\/\\\/www.ladime.sk\\\/cs\\\/shop-cs\\\/\"},{\"@type\":\"ListItem\",\"position\":3,\"name\":\"D\u00e1mske &#8222;Sat\u00e9nov\u00e9 softshellky&#8220; Elegant\"}]},{\"@type\":\"WebSite\",\"@id\":\"https:\\\/\\\/www.ladime.sk\\\/#website\",\"url\":\"https:\\\/\\\/www.ladime.sk\\\/\",\"name\":\"ladime.sk\",\"description\":\"Ke\u010f lad\u00edme so svetom, mysl\u00edme na bud\u00facnos\u0165.\",\"publisher\":{\"@id\":\"https:\\\/\\\/www.ladime.sk\\\/#organization\"},\"potentialAction\":[{\"@type\":\"SearchAction\",\"target\":{\"@type\":\"EntryPoint\",\"urlTemplate\":\"https:\\\/\\\/www.ladime.sk\\\/?s={search_term_string}\"},\"query-input\":{\"@type\":\"PropertyValueSpecification\",\"valueRequired\":true,\"valueName\":\"search_term_string\"}}],\"inLanguage\":\"cs\"},{\"@type\":\"Organization\",\"@id\":\"https:\\\/\\\/www.ladime.sk\\\/#organization\",\"name\":\"Lad\u00edme\",\"url\":\"https:\\\/\\\/www.ladime.sk\\\/\",\"logo\":{\"@type\":\"ImageObject\",\"inLanguage\":\"cs\",\"@id\":\"https:\\\/\\\/www.ladime.sk\\\/#\\\/schema\\\/logo\\\/image\\\/\",\"url\":\"https:\\\/\\\/www.ladime.sk\\\/wp-content\\\/uploads\\\/2021\\\/08\\\/logo_ladime.svg\",\"contentUrl\":\"https:\\\/\\\/www.ladime.sk\\\/wp-content\\\/uploads\\\/2021\\\/08\\\/logo_ladime.svg\",\"width\":366,\"height\":185,\"caption\":\"Lad\u00edme\"},\"image\":{\"@id\":\"https:\\\/\\\/www.ladime.sk\\\/#\\\/schema\\\/logo\\\/image\\\/\"}}]}<\/script>\n<!-- \/ Yoast SEO plugin. -->","yoast_head_json":{"title":"D\u00e1mske \"Sat\u00e9nov\u00e9 softshellky\" Elegant - ladime.sk","description":"D\u00e1mske \"Sat\u00e9nov\u00e9 softshellky\" Elegant s\u00fa komfortn\u00e9, \u013eahko sa obliekaj\u00fa, chr\u00e1nia pred vetrom aj da\u017e\u010fom. Zlad\u00edte ich s topom i bundou.","robots":{"index":"index","follow":"follow","max-snippet":"max-snippet:-1","max-image-preview":"max-image-preview:large","max-video-preview":"max-video-preview:-1"},"canonical":"https:\/\/www.ladime.sk\/zeny\/damske-nohavice\/satenove-softshellky-elegant\/","og_locale":"cs_CZ","og_type":"article","og_title":"D\u00e1mske \"Sat\u00e9nov\u00e9 softshellky\" Elegant - ladime.sk","og_description":"D\u00e1mske \"Sat\u00e9nov\u00e9 softshellky\" Elegant s\u00fa komfortn\u00e9, \u013eahko sa obliekaj\u00fa, chr\u00e1nia pred vetrom aj da\u017e\u010fom. Zlad\u00edte ich s topom i bundou.","og_url":"https:\/\/www.ladime.sk\/zeny\/damske-nohavice\/satenove-softshellky-elegant\/","og_site_name":"ladime.sk","article_modified_time":"2026-01-12T11:58:21+00:00","og_image":[{"width":805,"height":1006,"url":"https:\/\/www.ladime.sk\/wp-content\/uploads\/2021\/09\/ladime_zeny_softshell_nohavice_ruzova_kolekcia_futuro.jpg","type":"image\/jpeg"}],"twitter_card":"summary_large_image","twitter_misc":{"Odhadovan\u00e1 doba \u010dten\u00ed":"2 minuty"},"schema":{"@context":"https:\/\/schema.org","@graph":[{"@type":"WebPage","@id":"https:\/\/www.ladime.sk\/zeny\/damske-nohavice\/satenove-softshellky-elegant\/","url":"https:\/\/www.ladime.sk\/zeny\/damske-nohavice\/satenove-softshellky-elegant\/","name":"D\u00e1mske \"Sat\u00e9nov\u00e9 softshellky\" Elegant - ladime.sk","isPartOf":{"@id":"https:\/\/www.ladime.sk\/#website"},"primaryImageOfPage":{"@id":"https:\/\/www.ladime.sk\/zeny\/damske-nohavice\/satenove-softshellky-elegant\/#primaryimage"},"image":{"@id":"https:\/\/www.ladime.sk\/zeny\/damske-nohavice\/satenove-softshellky-elegant\/#primaryimage"},"thumbnailUrl":"https:\/\/www.ladime.sk\/wp-content\/uploads\/2021\/09\/ladime_zeny_softshell_nohavice_ruzova_kolekcia_futuro.jpg","datePublished":"2021-09-04T11:20:36+00:00","dateModified":"2026-01-12T11:58:21+00:00","description":"D\u00e1mske \"Sat\u00e9nov\u00e9 softshellky\" Elegant s\u00fa komfortn\u00e9, \u013eahko sa obliekaj\u00fa, chr\u00e1nia pred vetrom aj da\u017e\u010fom. Zlad\u00edte ich s topom i bundou.","breadcrumb":{"@id":"https:\/\/www.ladime.sk\/zeny\/damske-nohavice\/satenove-softshellky-elegant\/#breadcrumb"},"inLanguage":"cs","potentialAction":[{"@type":"ReadAction","target":["https:\/\/www.ladime.sk\/zeny\/damske-nohavice\/satenove-softshellky-elegant\/"]}]},{"@type":"ImageObject","inLanguage":"cs","@id":"https:\/\/www.ladime.sk\/zeny\/damske-nohavice\/satenove-softshellky-elegant\/#primaryimage","url":"https:\/\/www.ladime.sk\/wp-content\/uploads\/2021\/09\/ladime_zeny_softshell_nohavice_ruzova_kolekcia_futuro.jpg","contentUrl":"https:\/\/www.ladime.sk\/wp-content\/uploads\/2021\/09\/ladime_zeny_softshell_nohavice_ruzova_kolekcia_futuro.jpg","width":805,"height":1006,"caption":"D\u00e1mske \"Sat\u00e9nov\u00e9 softshellky\" Elegant"},{"@type":"BreadcrumbList","@id":"https:\/\/www.ladime.sk\/zeny\/damske-nohavice\/satenove-softshellky-elegant\/#breadcrumb","itemListElement":[{"@type":"ListItem","position":1,"name":"\u00davod","item":"https:\/\/www.ladime.sk\/"},{"@type":"ListItem","position":2,"name":"Obchod","item":"https:\/\/www.ladime.sk\/cs\/shop-cs\/"},{"@type":"ListItem","position":3,"name":"D\u00e1mske &#8222;Sat\u00e9nov\u00e9 softshellky&#8220; Elegant"}]},{"@type":"WebSite","@id":"https:\/\/www.ladime.sk\/#website","url":"https:\/\/www.ladime.sk\/","name":"ladime.sk","description":"Ke\u010f lad\u00edme so svetom, mysl\u00edme na bud\u00facnos\u0165.","publisher":{"@id":"https:\/\/www.ladime.sk\/#organization"},"potentialAction":[{"@type":"SearchAction","target":{"@type":"EntryPoint","urlTemplate":"https:\/\/www.ladime.sk\/?s={search_term_string}"},"query-input":{"@type":"PropertyValueSpecification","valueRequired":true,"valueName":"search_term_string"}}],"inLanguage":"cs"},{"@type":"Organization","@id":"https:\/\/www.ladime.sk\/#organization","name":"Lad\u00edme","url":"https:\/\/www.ladime.sk\/","logo":{"@type":"ImageObject","inLanguage":"cs","@id":"https:\/\/www.ladime.sk\/#\/schema\/logo\/image\/","url":"https:\/\/www.ladime.sk\/wp-content\/uploads\/2021\/08\/logo_ladime.svg","contentUrl":"https:\/\/www.ladime.sk\/wp-content\/uploads\/2021\/08\/logo_ladime.svg","width":366,"height":185,"caption":"Lad\u00edme"},"image":{"@id":"https:\/\/www.ladime.sk\/#\/schema\/logo\/image\/"}}]}},"_links":{"self":[{"href":"https:\/\/www.ladime.sk\/cs\/wp-json\/wp\/v2\/product\/5673074","targetHints":{"allow":["GET"]}}],"collection":[{"href":"https:\/\/www.ladime.sk\/cs\/wp-json\/wp\/v2\/product"}],"about":[{"href":"https:\/\/www.ladime.sk\/cs\/wp-json\/wp\/v2\/types\/product"}],"replies":[{"embeddable":true,"href":"https:\/\/www.ladime.sk\/cs\/wp-json\/wp\/v2\/comments?post=5673074"}],"version-history":[{"count":0,"href":"https:\/\/www.ladime.sk\/cs\/wp-json\/wp\/v2\/product\/5673074\/revisions"}],"wp:featuredmedia":[{"embeddable":true,"href":"https:\/\/www.ladime.sk\/cs\/wp-json\/wp\/v2\/media\/5674242"}],"wp:attachment":[{"href":"https:\/\/www.ladime.sk\/cs\/wp-json\/wp\/v2\/media?parent=5673074"}],"wp:term":[{"taxonomy":"product_brand","embeddable":true,"href":"https:\/\/www.ladime.sk\/cs\/wp-json\/wp\/v2\/product_brand?post=5673074"},{"taxonomy":"product_cat","embeddable":true,"href":"https:\/\/www.ladime.sk\/cs\/wp-json\/wp\/v2\/product_cat?post=5673074"},{"taxonomy":"product_tag","embeddable":true,"href":"https:\/\/www.ladime.sk\/cs\/wp-json\/wp\/v2\/product_tag?post=5673074"}],"curies":[{"name":"wp","href":"https:\/\/api.w.org\/{rel}","templated":true}]}}