{"id":5672906,"date":"2021-09-04T08:02:02","date_gmt":"2021-09-04T06:02:02","guid":{"rendered":"https:\/\/www.ladime.sk\/?post_type=product&#038;p=5672906"},"modified":"2026-02-04T16:55:24","modified_gmt":"2026-02-04T15:55:24","slug":"organic-top-noblesa","status":"publish","type":"product","link":"https:\/\/www.ladime.sk\/cs\/zeny\/damske-topy\/organic-top-noblesa\/","title":{"rendered":"D\u00e1msky ORGANIC top Noblesa"},"content":{"rendered":"<h2>D\u00e1msky ORGANIC top Noblesa<\/h2>\n<p>\u010co si predstav\u00edte, ke\u010f sa povie dokonal\u00e1 vo\u013enos\u0165 pri ka\u017edom pohybe? Je to jemn\u00e1 tkanina, ktor\u00e1 doslova splynie s\u00a0va\u0161ou postavou a\u00a0z\u00e1rove\u0148 dovol\u00ed vynikn\u00fa\u0165 va\u0161ej \u017eenskosti? V\u00a0tom pr\u00edpade <strong>d\u00e1msky ORGANIC top Noblesa<\/strong> presne napln\u00ed va\u0161e predstavy.<\/p>\n<p><strong><a href=\"https:\/\/www.ladime.sk\/\" target=\"_blank\" rel=\"noopener\">Handmade udr\u017eate\u013en\u00e1 m\u00f3da<\/a><\/strong> z\u00a0na\u0161ej ponuky z\u00e1rove\u0148 mysl\u00ed na v\u00e1\u0161 komfort po\u010das v\u0161etk\u00fdch chv\u00ed\u013e. Preto je aj tento <strong><a href=\"https:\/\/www.ladime.sk\/zeny\/damske-topy\/\">elegantn\u00fd d\u00e1msky top<\/a><\/strong> s noblesn\u00fdmi ruk\u00e1vmi vyroben\u00fd z najjemnej\u0161ieho organick\u00e9ho \u00fapletu s\u00a0certifik\u00e1tom OEKO-TEX 100. Obklop\u00ed v\u00e1s svojou jemnos\u0165ou, priedu\u0161nos\u0165 materi\u00e1lu dovol\u00ed poko\u017eke d\u00fdcha\u0165 a\u00a0oslov\u00ed v\u00e1s tie\u017e svojou odolnos\u0165ou. Aj po mnoh\u00fdch opraniach bude st\u00e1le vyzera\u0165 ako nov\u00fd, aby \u010do najdlh\u0161ie mohol by\u0165 s\u00fa\u010das\u0165ou v\u00e1\u0161ho nad\u010dasov\u00e9ho \u0161atn\u00edka.<\/p>\n<p>Modelka mamina Mia m\u00e1 oble\u010den\u00fa ve\u013ekos\u0165 36. V\u00fd\u0161ka modelky: 163cm a miery: 90-70-92<\/p>\n","protected":false},"excerpt":{"rendered":"<div class=\"o9v6fnle cxmmr5t8 oygrvhab hcukyx3x c1et5uql\">\n<div class=\"o9v6fnle cxmmr5t8 oygrvhab hcukyx3x c1et5uql\">\n<div>\n<p>D\u00e1msky ORGANIC top Noblesa z\u00a0najjemnej\u0161ieho organick\u00e9ho \u00fapletu s\u00a0certifik\u00e1tom OEKO-TEX 100 v\u00e1s obklop\u00ed svojou jemnos\u0165ou. Hebk\u00e1 tkanina doslova splynie s\u00a0va\u0161ou postavou a\u00a0z\u00e1rove\u0148 dovol\u00ed vynikn\u00fa\u0165 va\u0161ej \u017eenskosti. U\u017eite si nenapodobite\u013en\u00fd pocit komfortu ka\u017ed\u00fd de\u0148!<\/p>\n<\/div>\n<div>UDR\u017dATE\u013dN\u00dd K\u00daSOK<\/div>\n<div><strong>Popis materi\u00e1lu:<\/strong> organick\u00fd bavlnen\u00fd \u00faplet bez po\u010desu<\/div>\n<div><strong>Farba: <\/strong>bordov\u00e1, \u010dierna, biela<\/div>\n<div>\n<div><strong>Certifik\u00e1ty materi\u00e1lu: <\/strong>OEKO-TEX 100, Trieda 1<\/div>\n<div>\u00a0 \u00a0 \u00a0 \u00a0 \u00a0 \u00a0 \u00a0 \u00a0 \u00a0 \u00a0 \u00a0 \u00a0 \u00a0 \u00a0 \u00a0 \u00a0 \u00a0 \u00a0 \u00a0 \u00a0 \u00a0 \u00a0 ORGANIC<\/div>\n<\/div>\n<div class=\"o9v6fnle cxmmr5t8 oygrvhab hcukyx3x c1et5uql\"><strong>Materi\u00e1lov\u00e9 zlo\u017eenie:<\/strong> 95% BIO bavlna 5% elastan<\/div>\n<div class=\"o9v6fnle cxmmr5t8 oygrvhab hcukyx3x c1et5uql\"><\/div>\n<\/div>\n<\/div>\n","protected":false},"featured_media":5674165,"comment_status":"closed","ping_status":"closed","template":"","meta":{"_acf_changed":false,"inline_featured_image":false},"product_brand":[],"product_cat":[79],"product_tag":[],"class_list":{"0":"post-5672906","1":"product","2":"type-product","3":"status-publish","4":"has-post-thumbnail","6":"product_cat-damske-topy","8":"first","9":"instock","10":"shipping-taxable","11":"purchasable","12":"product-type-variable","13":"wvs-archive-product-wrapper"},"acf":[],"yoast_head":"<!-- This site is optimized with the Yoast SEO plugin v27.4 - https:\/\/yoast.com\/product\/yoast-seo-wordpress\/ -->\n<title>D\u00e1msky ORGANIC top Noblesa - ladime.sk<\/title>\n<meta name=\"description\" content=\"D\u00e1msky ORGANIC top Noblesa z najjemnej\u0161ieho organick\u00e9ho \u00fapletu v\u00e1s obklop\u00ed svojou jemnos\u0165ou. Hebk\u00e1 tkanina dovol\u00ed vynikn\u00fa\u0165 va\u0161ej \u017eenskosti.\" \/>\n<meta name=\"robots\" content=\"index, follow, max-snippet:-1, max-image-preview:large, max-video-preview:-1\" \/>\n<link rel=\"canonical\" href=\"https:\/\/www.ladime.sk\/zeny\/damske-topy\/organic-top-noblesa\/\" \/>\n<meta property=\"og:locale\" content=\"cs_CZ\" \/>\n<meta property=\"og:type\" content=\"article\" \/>\n<meta property=\"og:title\" content=\"D\u00e1msky ORGANIC top Noblesa - ladime.sk\" \/>\n<meta property=\"og:description\" content=\"D\u00e1msky ORGANIC top Noblesa z najjemnej\u0161ieho organick\u00e9ho \u00fapletu v\u00e1s obklop\u00ed svojou jemnos\u0165ou. Hebk\u00e1 tkanina dovol\u00ed vynikn\u00fa\u0165 va\u0161ej \u017eenskosti.\" \/>\n<meta property=\"og:url\" content=\"https:\/\/www.ladime.sk\/zeny\/damske-topy\/organic-top-noblesa\/\" \/>\n<meta property=\"og:site_name\" content=\"ladime.sk\" \/>\n<meta property=\"article:modified_time\" content=\"2026-02-04T15:55:24+00:00\" \/>\n<meta property=\"og:image\" content=\"https:\/\/www.ladime.sk\/wp-content\/uploads\/2021\/09\/ladime_zeny_top_cierna_softshell_nohavice_biela_kolekcia_futuro-3.jpg\" \/>\n\t<meta property=\"og:image:width\" content=\"805\" \/>\n\t<meta property=\"og:image:height\" content=\"1006\" \/>\n\t<meta property=\"og:image:type\" content=\"image\/jpeg\" \/>\n<meta name=\"twitter:card\" content=\"summary_large_image\" \/>\n<meta name=\"twitter:label1\" content=\"Odhadovan\u00e1 doba \u010dten\u00ed\" \/>\n\t<meta name=\"twitter:data1\" content=\"1 minuta\" \/>\n<script type=\"application\/ld+json\" class=\"yoast-schema-graph\">{\"@context\":\"https:\\\/\\\/schema.org\",\"@graph\":[{\"@type\":\"WebPage\",\"@id\":\"https:\\\/\\\/www.ladime.sk\\\/zeny\\\/damske-topy\\\/organic-top-noblesa\\\/\",\"url\":\"https:\\\/\\\/www.ladime.sk\\\/zeny\\\/damske-topy\\\/organic-top-noblesa\\\/\",\"name\":\"D\u00e1msky ORGANIC top Noblesa - ladime.sk\",\"isPartOf\":{\"@id\":\"https:\\\/\\\/www.ladime.sk\\\/#website\"},\"primaryImageOfPage\":{\"@id\":\"https:\\\/\\\/www.ladime.sk\\\/zeny\\\/damske-topy\\\/organic-top-noblesa\\\/#primaryimage\"},\"image\":{\"@id\":\"https:\\\/\\\/www.ladime.sk\\\/zeny\\\/damske-topy\\\/organic-top-noblesa\\\/#primaryimage\"},\"thumbnailUrl\":\"https:\\\/\\\/www.ladime.sk\\\/wp-content\\\/uploads\\\/2021\\\/09\\\/ladime_zeny_top_cierna_softshell_nohavice_biela_kolekcia_futuro-3.jpg\",\"datePublished\":\"2021-09-04T06:02:02+00:00\",\"dateModified\":\"2026-02-04T15:55:24+00:00\",\"description\":\"D\u00e1msky ORGANIC top Noblesa z najjemnej\u0161ieho organick\u00e9ho \u00fapletu v\u00e1s obklop\u00ed svojou jemnos\u0165ou. Hebk\u00e1 tkanina dovol\u00ed vynikn\u00fa\u0165 va\u0161ej \u017eenskosti.\",\"breadcrumb\":{\"@id\":\"https:\\\/\\\/www.ladime.sk\\\/zeny\\\/damske-topy\\\/organic-top-noblesa\\\/#breadcrumb\"},\"inLanguage\":\"cs\",\"potentialAction\":[{\"@type\":\"ReadAction\",\"target\":[\"https:\\\/\\\/www.ladime.sk\\\/zeny\\\/damske-topy\\\/organic-top-noblesa\\\/\"]}]},{\"@type\":\"ImageObject\",\"inLanguage\":\"cs\",\"@id\":\"https:\\\/\\\/www.ladime.sk\\\/zeny\\\/damske-topy\\\/organic-top-noblesa\\\/#primaryimage\",\"url\":\"https:\\\/\\\/www.ladime.sk\\\/wp-content\\\/uploads\\\/2021\\\/09\\\/ladime_zeny_top_cierna_softshell_nohavice_biela_kolekcia_futuro-3.jpg\",\"contentUrl\":\"https:\\\/\\\/www.ladime.sk\\\/wp-content\\\/uploads\\\/2021\\\/09\\\/ladime_zeny_top_cierna_softshell_nohavice_biela_kolekcia_futuro-3.jpg\",\"width\":805,\"height\":1006,\"caption\":\"D\u00e1msky ORGANIC top Noblesa\"},{\"@type\":\"BreadcrumbList\",\"@id\":\"https:\\\/\\\/www.ladime.sk\\\/zeny\\\/damske-topy\\\/organic-top-noblesa\\\/#breadcrumb\",\"itemListElement\":[{\"@type\":\"ListItem\",\"position\":1,\"name\":\"\u00davod\",\"item\":\"https:\\\/\\\/www.ladime.sk\\\/\"},{\"@type\":\"ListItem\",\"position\":2,\"name\":\"Obchod\",\"item\":\"https:\\\/\\\/www.ladime.sk\\\/cs\\\/shop-cs\\\/\"},{\"@type\":\"ListItem\",\"position\":3,\"name\":\"D\u00e1msky ORGANIC top Noblesa\"}]},{\"@type\":\"WebSite\",\"@id\":\"https:\\\/\\\/www.ladime.sk\\\/#website\",\"url\":\"https:\\\/\\\/www.ladime.sk\\\/\",\"name\":\"ladime.sk\",\"description\":\"Ke\u010f lad\u00edme so svetom, mysl\u00edme na bud\u00facnos\u0165.\",\"publisher\":{\"@id\":\"https:\\\/\\\/www.ladime.sk\\\/#organization\"},\"potentialAction\":[{\"@type\":\"SearchAction\",\"target\":{\"@type\":\"EntryPoint\",\"urlTemplate\":\"https:\\\/\\\/www.ladime.sk\\\/?s={search_term_string}\"},\"query-input\":{\"@type\":\"PropertyValueSpecification\",\"valueRequired\":true,\"valueName\":\"search_term_string\"}}],\"inLanguage\":\"cs\"},{\"@type\":\"Organization\",\"@id\":\"https:\\\/\\\/www.ladime.sk\\\/#organization\",\"name\":\"Lad\u00edme\",\"url\":\"https:\\\/\\\/www.ladime.sk\\\/\",\"logo\":{\"@type\":\"ImageObject\",\"inLanguage\":\"cs\",\"@id\":\"https:\\\/\\\/www.ladime.sk\\\/#\\\/schema\\\/logo\\\/image\\\/\",\"url\":\"https:\\\/\\\/www.ladime.sk\\\/wp-content\\\/uploads\\\/2021\\\/08\\\/logo_ladime.svg\",\"contentUrl\":\"https:\\\/\\\/www.ladime.sk\\\/wp-content\\\/uploads\\\/2021\\\/08\\\/logo_ladime.svg\",\"width\":366,\"height\":185,\"caption\":\"Lad\u00edme\"},\"image\":{\"@id\":\"https:\\\/\\\/www.ladime.sk\\\/#\\\/schema\\\/logo\\\/image\\\/\"}}]}<\/script>\n<!-- \/ Yoast SEO plugin. -->","yoast_head_json":{"title":"D\u00e1msky ORGANIC top Noblesa - ladime.sk","description":"D\u00e1msky ORGANIC top Noblesa z najjemnej\u0161ieho organick\u00e9ho \u00fapletu v\u00e1s obklop\u00ed svojou jemnos\u0165ou. Hebk\u00e1 tkanina dovol\u00ed vynikn\u00fa\u0165 va\u0161ej \u017eenskosti.","robots":{"index":"index","follow":"follow","max-snippet":"max-snippet:-1","max-image-preview":"max-image-preview:large","max-video-preview":"max-video-preview:-1"},"canonical":"https:\/\/www.ladime.sk\/zeny\/damske-topy\/organic-top-noblesa\/","og_locale":"cs_CZ","og_type":"article","og_title":"D\u00e1msky ORGANIC top Noblesa - ladime.sk","og_description":"D\u00e1msky ORGANIC top Noblesa z najjemnej\u0161ieho organick\u00e9ho \u00fapletu v\u00e1s obklop\u00ed svojou jemnos\u0165ou. Hebk\u00e1 tkanina dovol\u00ed vynikn\u00fa\u0165 va\u0161ej \u017eenskosti.","og_url":"https:\/\/www.ladime.sk\/zeny\/damske-topy\/organic-top-noblesa\/","og_site_name":"ladime.sk","article_modified_time":"2026-02-04T15:55:24+00:00","og_image":[{"width":805,"height":1006,"url":"https:\/\/www.ladime.sk\/wp-content\/uploads\/2021\/09\/ladime_zeny_top_cierna_softshell_nohavice_biela_kolekcia_futuro-3.jpg","type":"image\/jpeg"}],"twitter_card":"summary_large_image","twitter_misc":{"Odhadovan\u00e1 doba \u010dten\u00ed":"1 minuta"},"schema":{"@context":"https:\/\/schema.org","@graph":[{"@type":"WebPage","@id":"https:\/\/www.ladime.sk\/zeny\/damske-topy\/organic-top-noblesa\/","url":"https:\/\/www.ladime.sk\/zeny\/damske-topy\/organic-top-noblesa\/","name":"D\u00e1msky ORGANIC top Noblesa - ladime.sk","isPartOf":{"@id":"https:\/\/www.ladime.sk\/#website"},"primaryImageOfPage":{"@id":"https:\/\/www.ladime.sk\/zeny\/damske-topy\/organic-top-noblesa\/#primaryimage"},"image":{"@id":"https:\/\/www.ladime.sk\/zeny\/damske-topy\/organic-top-noblesa\/#primaryimage"},"thumbnailUrl":"https:\/\/www.ladime.sk\/wp-content\/uploads\/2021\/09\/ladime_zeny_top_cierna_softshell_nohavice_biela_kolekcia_futuro-3.jpg","datePublished":"2021-09-04T06:02:02+00:00","dateModified":"2026-02-04T15:55:24+00:00","description":"D\u00e1msky ORGANIC top Noblesa z najjemnej\u0161ieho organick\u00e9ho \u00fapletu v\u00e1s obklop\u00ed svojou jemnos\u0165ou. Hebk\u00e1 tkanina dovol\u00ed vynikn\u00fa\u0165 va\u0161ej \u017eenskosti.","breadcrumb":{"@id":"https:\/\/www.ladime.sk\/zeny\/damske-topy\/organic-top-noblesa\/#breadcrumb"},"inLanguage":"cs","potentialAction":[{"@type":"ReadAction","target":["https:\/\/www.ladime.sk\/zeny\/damske-topy\/organic-top-noblesa\/"]}]},{"@type":"ImageObject","inLanguage":"cs","@id":"https:\/\/www.ladime.sk\/zeny\/damske-topy\/organic-top-noblesa\/#primaryimage","url":"https:\/\/www.ladime.sk\/wp-content\/uploads\/2021\/09\/ladime_zeny_top_cierna_softshell_nohavice_biela_kolekcia_futuro-3.jpg","contentUrl":"https:\/\/www.ladime.sk\/wp-content\/uploads\/2021\/09\/ladime_zeny_top_cierna_softshell_nohavice_biela_kolekcia_futuro-3.jpg","width":805,"height":1006,"caption":"D\u00e1msky ORGANIC top Noblesa"},{"@type":"BreadcrumbList","@id":"https:\/\/www.ladime.sk\/zeny\/damske-topy\/organic-top-noblesa\/#breadcrumb","itemListElement":[{"@type":"ListItem","position":1,"name":"\u00davod","item":"https:\/\/www.ladime.sk\/"},{"@type":"ListItem","position":2,"name":"Obchod","item":"https:\/\/www.ladime.sk\/cs\/shop-cs\/"},{"@type":"ListItem","position":3,"name":"D\u00e1msky ORGANIC top Noblesa"}]},{"@type":"WebSite","@id":"https:\/\/www.ladime.sk\/#website","url":"https:\/\/www.ladime.sk\/","name":"ladime.sk","description":"Ke\u010f lad\u00edme so svetom, mysl\u00edme na bud\u00facnos\u0165.","publisher":{"@id":"https:\/\/www.ladime.sk\/#organization"},"potentialAction":[{"@type":"SearchAction","target":{"@type":"EntryPoint","urlTemplate":"https:\/\/www.ladime.sk\/?s={search_term_string}"},"query-input":{"@type":"PropertyValueSpecification","valueRequired":true,"valueName":"search_term_string"}}],"inLanguage":"cs"},{"@type":"Organization","@id":"https:\/\/www.ladime.sk\/#organization","name":"Lad\u00edme","url":"https:\/\/www.ladime.sk\/","logo":{"@type":"ImageObject","inLanguage":"cs","@id":"https:\/\/www.ladime.sk\/#\/schema\/logo\/image\/","url":"https:\/\/www.ladime.sk\/wp-content\/uploads\/2021\/08\/logo_ladime.svg","contentUrl":"https:\/\/www.ladime.sk\/wp-content\/uploads\/2021\/08\/logo_ladime.svg","width":366,"height":185,"caption":"Lad\u00edme"},"image":{"@id":"https:\/\/www.ladime.sk\/#\/schema\/logo\/image\/"}}]}},"_links":{"self":[{"href":"https:\/\/www.ladime.sk\/cs\/wp-json\/wp\/v2\/product\/5672906","targetHints":{"allow":["GET"]}}],"collection":[{"href":"https:\/\/www.ladime.sk\/cs\/wp-json\/wp\/v2\/product"}],"about":[{"href":"https:\/\/www.ladime.sk\/cs\/wp-json\/wp\/v2\/types\/product"}],"replies":[{"embeddable":true,"href":"https:\/\/www.ladime.sk\/cs\/wp-json\/wp\/v2\/comments?post=5672906"}],"version-history":[{"count":0,"href":"https:\/\/www.ladime.sk\/cs\/wp-json\/wp\/v2\/product\/5672906\/revisions"}],"wp:featuredmedia":[{"embeddable":true,"href":"https:\/\/www.ladime.sk\/cs\/wp-json\/wp\/v2\/media\/5674165"}],"wp:attachment":[{"href":"https:\/\/www.ladime.sk\/cs\/wp-json\/wp\/v2\/media?parent=5672906"}],"wp:term":[{"taxonomy":"product_brand","embeddable":true,"href":"https:\/\/www.ladime.sk\/cs\/wp-json\/wp\/v2\/product_brand?post=5672906"},{"taxonomy":"product_cat","embeddable":true,"href":"https:\/\/www.ladime.sk\/cs\/wp-json\/wp\/v2\/product_cat?post=5672906"},{"taxonomy":"product_tag","embeddable":true,"href":"https:\/\/www.ladime.sk\/cs\/wp-json\/wp\/v2\/product_tag?post=5672906"}],"curies":[{"name":"wp","href":"https:\/\/api.w.org\/{rel}","templated":true}]}}