{"id":5672874,"date":"2021-09-04T07:05:44","date_gmt":"2021-09-04T05:05:44","guid":{"rendered":"https:\/\/www.ladime.sk\/?post_type=product&#038;p=5672874"},"modified":"2026-03-19T10:28:24","modified_gmt":"2026-03-19T09:28:24","slug":"organic-damske-saty-lara","status":"publish","type":"product","link":"https:\/\/www.ladime.sk\/cs\/zeny-cs\/saty-cs\/organic-damske-saty-lara\/","title":{"rendered":"D\u00e1mske ORGANIC \u0161aty Lara"},"content":{"rendered":"<div class=\"kvgmc6g5 cxmmr5t8 oygrvhab hcukyx3x c1et5uql\">\n<h2>D\u00e1mske ORGANIC \u0161aty Lara \u2014 doprajte si ka\u017ed\u00fd de\u0148 nov\u00fd look<\/h2>\n<p>\u017denskos\u0165, jednoduchos\u0165 a pohodlie. <strong>D\u00e1mske ORGANIC \u0161aty Lara<\/strong>\u00a0s\u00fa multifunk\u010dn\u00fdm k\u00faskom, ktor\u00fd by nemal \u017eiadnej \u017eene ch\u00fdba\u0165 v \u0161atn\u00edku. M\u00f4\u017eete ich zladi\u0165 s\u00a0r\u00f4znymi doplnkami, ktor\u00e9 v\u00e1m pom\u00f4\u017eu vytvori\u0165 ka\u017ed\u00fd de\u0148 celkom nov\u00fd look.<\/p>\n<p>Ktor\u00fd \u0161t\u00fdl to bude dnes? Ak sa rozhodnete pre \u0161portov\u00fa eleganciu, <strong>\u0161aty z\u00a0organickej bavlny<\/strong> Vanes jednoducho skombinujete s teniskami a riflov\u00fdm opaskom. Odv\u00e1\u017eny urban \u0161t\u00fdl vytvor\u00edte spolu s bagand\u017eami a vy\u0161\u0161\u00edmi pono\u017ekami. Nie je to celkom ono? Pre tie d\u00e1my, ktor\u00e9 sa rozhodli vyrazi\u0165 do pr\u00e1ce \u010di do mesta v \u0161t\u00fdle luxusnej elegancie, je tu mo\u017enos\u0165 kombin\u00e1cie s lodi\u010dkami alebo \u010di\u017emami na podp\u00e4tku. Jemnos\u0165, ladnos\u0165 a pohodov\u00fa \u017eenskos\u0165 dosiahnete, ak si k nim obujete mu\u0161ketierky. <strong><a href=\"https:\/\/www.ladime.sk\/kategoria\/zeny\/saty\/\">Handmade d\u00e1mske \u0161aty Lara<\/a><\/strong>\u00a0v\u00e1m umo\u017enia by\u0165 st\u00e1le sama sebou. <strong>Udr\u017eate\u013en\u00e1 m\u00f3da<\/strong> sa postar\u00e1 aj o\u00a0v\u00e1\u0161 komfort. U\u0161it\u00e9 s\u00fa z organickej bavlny, ktor\u00e1 m\u00e1 certifik\u00e1t OEKO-TEX 100. Nechajte sa obklopi\u0165 ich jemnos\u0165ou a\u00a0u\u017e\u00edvajte si pocit pohodlia ka\u017ed\u00fd de\u0148.<\/p>\n<p>\u0160aty je mo\u017en\u00e9 objedna\u0165 aj v inej ako z\u00e1kladnej d\u013a\u017eke pre jednotliv\u00e9 ve\u013ekosti &#8211; pre viac info <a href=\"https:\/\/www.ladime.sk\/kontakt\/\">tu<\/a>.<\/p>\n<p>&nbsp;<\/p>\n<\/div>\n<div class=\"o9v6fnle cxmmr5t8 oygrvhab hcukyx3x c1et5uql\"><\/div>\n<div class=\"o9v6fnle cxmmr5t8 oygrvhab hcukyx3x c1et5uql\">Modelka Mia m\u00e1 oble\u010den\u00fa ve\u013ekos\u0165 36. V\u00fd\u0161ka modelky: 163cm a miery: 90-70-92<\/div>\n<div><\/div>\n","protected":false},"excerpt":{"rendered":"<div>\n<p>Udr\u017eate\u013en\u00e1 m\u00f3da sa star\u00e1 o v\u00e1\u0161 komfort po\u010das ka\u017ed\u00e9ho d\u0148a. D\u00e1mske ORGANIC \u0161aty Lara u\u0161it\u00e9 z organickej bavlny, ktor\u00e1 m\u00e1 certifik\u00e1t OEKO-TEX 100, v\u00e1s doslova obklopia svojou jemnos\u0165ou. Umo\u017enia v\u00e1m vytvori\u0165 mnohorak\u00e9 outfity. Sta\u010d\u00ed len zvoli\u0165 tie spr\u00e1vne doplnky a m\u00f4\u017eete vyrazi\u0165 do pr\u00e1ce alebo do mesta s priate\u013ekami.<\/p>\n<\/div>\n<div class=\"o9v6fnle cxmmr5t8 oygrvhab hcukyx3x c1et5uql\">UDR\u017dATE\u013dN\u00dd K\u00daSOK<\/div>\n<div><\/div>\n<div><\/div>\n<div><strong>Materi\u00e1lov\u00e9 zlo\u017eenie:<\/strong> 95% BIO bavlna 5% elastan<\/div>\n<div>\n<div><strong>Certifik\u00e1ty materi\u00e1lu: <\/strong>OEKO-TEX 100, Trieda 1<\/div>\n<div>\u00a0 \u00a0 \u00a0 \u00a0 \u00a0 \u00a0 \u00a0 \u00a0 \u00a0 \u00a0 \u00a0 \u00a0 \u00a0 \u00a0 \u00a0 \u00a0 \u00a0 \u00a0 \u00a0 \u00a0 \u00a0 \u00a0 ORGANIC<\/div>\n<\/div>\n<div><\/div>\n<div>\u0160aty je mo\u017en\u00e9 objedna\u0165 aj v inej ako z\u00e1kladnej d\u013a\u017eke pre jednotliv\u00e9 ve\u013ekosti &#8211; pre viac info <a href=\"https:\/\/www.ladime.sk\/kontakt\/\">tu<\/a>.<\/div>\n","protected":false},"featured_media":5683918,"comment_status":"closed","ping_status":"closed","template":"","meta":{"_acf_changed":false,"inline_featured_image":false},"product_brand":[],"product_cat":[59,47],"product_tag":[],"class_list":{"0":"post-5672874","1":"product","2":"type-product","3":"status-publish","4":"has-post-thumbnail","6":"product_cat-damske-saty","7":"product_cat-zeny","9":"first","10":"instock","11":"shipping-taxable","12":"purchasable","13":"product-type-variable","14":"wvs-archive-product-wrapper"},"acf":[],"yoast_head":"<!-- This site is optimized with the Yoast SEO plugin v27.4 - https:\/\/yoast.com\/product\/yoast-seo-wordpress\/ -->\n<title>D\u00e1mske ORGANIC \u0161aty Lara - ladime.sk<\/title>\n<meta name=\"description\" content=\"Udr\u017eate\u013en\u00e1 m\u00f3da sa postar\u00e1 o v\u00e1\u0161 komfort po\u010das cel\u00e9ho d\u0148a. D\u00e1mske ORGANIC \u0161aty Lara u\u0161it\u00e9 z organickej bavlny s certifik\u00e1tom OEKO-TEX 100.\" \/>\n<meta name=\"robots\" content=\"index, follow, max-snippet:-1, max-image-preview:large, max-video-preview:-1\" \/>\n<link rel=\"canonical\" href=\"https:\/\/www.ladime.sk\/zeny\/damske-saty\/organic-damske-saty-lara\/\" \/>\n<meta property=\"og:locale\" content=\"cs_CZ\" \/>\n<meta property=\"og:type\" content=\"article\" \/>\n<meta property=\"og:title\" content=\"D\u00e1mske ORGANIC \u0161aty Lara - ladime.sk\" \/>\n<meta property=\"og:description\" content=\"Udr\u017eate\u013en\u00e1 m\u00f3da sa postar\u00e1 o v\u00e1\u0161 komfort po\u010das cel\u00e9ho d\u0148a. D\u00e1mske ORGANIC \u0161aty Lara u\u0161it\u00e9 z organickej bavlny s certifik\u00e1tom OEKO-TEX 100.\" \/>\n<meta property=\"og:url\" content=\"https:\/\/www.ladime.sk\/zeny\/damske-saty\/organic-damske-saty-lara\/\" \/>\n<meta property=\"og:site_name\" content=\"ladime.sk\" \/>\n<meta property=\"article:modified_time\" content=\"2026-03-19T09:28:24+00:00\" \/>\n<meta property=\"og:image\" content=\"https:\/\/www.ladime.sk\/wp-content\/uploads\/2021\/09\/DSC9637male-1.jpg\" \/>\n\t<meta property=\"og:image:width\" content=\"1535\" \/>\n\t<meta property=\"og:image:height\" content=\"1920\" \/>\n\t<meta property=\"og:image:type\" content=\"image\/jpeg\" \/>\n<meta name=\"twitter:card\" content=\"summary_large_image\" \/>\n<meta name=\"twitter:label1\" content=\"Odhadovan\u00e1 doba \u010dten\u00ed\" \/>\n\t<meta name=\"twitter:data1\" content=\"2 minuty\" \/>\n<script type=\"application\/ld+json\" class=\"yoast-schema-graph\">{\"@context\":\"https:\\\/\\\/schema.org\",\"@graph\":[{\"@type\":\"WebPage\",\"@id\":\"https:\\\/\\\/www.ladime.sk\\\/zeny\\\/damske-saty\\\/organic-damske-saty-lara\\\/\",\"url\":\"https:\\\/\\\/www.ladime.sk\\\/zeny\\\/damske-saty\\\/organic-damske-saty-lara\\\/\",\"name\":\"D\u00e1mske ORGANIC \u0161aty Lara - ladime.sk\",\"isPartOf\":{\"@id\":\"https:\\\/\\\/www.ladime.sk\\\/#website\"},\"primaryImageOfPage\":{\"@id\":\"https:\\\/\\\/www.ladime.sk\\\/zeny\\\/damske-saty\\\/organic-damske-saty-lara\\\/#primaryimage\"},\"image\":{\"@id\":\"https:\\\/\\\/www.ladime.sk\\\/zeny\\\/damske-saty\\\/organic-damske-saty-lara\\\/#primaryimage\"},\"thumbnailUrl\":\"https:\\\/\\\/www.ladime.sk\\\/wp-content\\\/uploads\\\/2021\\\/09\\\/DSC9637male-1.jpg\",\"datePublished\":\"2021-09-04T05:05:44+00:00\",\"dateModified\":\"2026-03-19T09:28:24+00:00\",\"description\":\"Udr\u017eate\u013en\u00e1 m\u00f3da sa postar\u00e1 o v\u00e1\u0161 komfort po\u010das cel\u00e9ho d\u0148a. D\u00e1mske ORGANIC \u0161aty Lara u\u0161it\u00e9 z organickej bavlny s certifik\u00e1tom OEKO-TEX 100.\",\"breadcrumb\":{\"@id\":\"https:\\\/\\\/www.ladime.sk\\\/zeny\\\/damske-saty\\\/organic-damske-saty-lara\\\/#breadcrumb\"},\"inLanguage\":\"cs\",\"potentialAction\":[{\"@type\":\"ReadAction\",\"target\":[\"https:\\\/\\\/www.ladime.sk\\\/zeny\\\/damske-saty\\\/organic-damske-saty-lara\\\/\"]}]},{\"@type\":\"ImageObject\",\"inLanguage\":\"cs\",\"@id\":\"https:\\\/\\\/www.ladime.sk\\\/zeny\\\/damske-saty\\\/organic-damske-saty-lara\\\/#primaryimage\",\"url\":\"https:\\\/\\\/www.ladime.sk\\\/wp-content\\\/uploads\\\/2021\\\/09\\\/DSC9637male-1.jpg\",\"contentUrl\":\"https:\\\/\\\/www.ladime.sk\\\/wp-content\\\/uploads\\\/2021\\\/09\\\/DSC9637male-1.jpg\",\"width\":1535,\"height\":1920},{\"@type\":\"BreadcrumbList\",\"@id\":\"https:\\\/\\\/www.ladime.sk\\\/zeny\\\/damske-saty\\\/organic-damske-saty-lara\\\/#breadcrumb\",\"itemListElement\":[{\"@type\":\"ListItem\",\"position\":1,\"name\":\"\u00davod\",\"item\":\"https:\\\/\\\/www.ladime.sk\\\/\"},{\"@type\":\"ListItem\",\"position\":2,\"name\":\"Obchod\",\"item\":\"https:\\\/\\\/www.ladime.sk\\\/cs\\\/shop-cs\\\/\"},{\"@type\":\"ListItem\",\"position\":3,\"name\":\"D\u00e1mske ORGANIC \u0161aty Lara\"}]},{\"@type\":\"WebSite\",\"@id\":\"https:\\\/\\\/www.ladime.sk\\\/#website\",\"url\":\"https:\\\/\\\/www.ladime.sk\\\/\",\"name\":\"ladime.sk\",\"description\":\"Ke\u010f lad\u00edme so svetom, mysl\u00edme na bud\u00facnos\u0165.\",\"publisher\":{\"@id\":\"https:\\\/\\\/www.ladime.sk\\\/#organization\"},\"potentialAction\":[{\"@type\":\"SearchAction\",\"target\":{\"@type\":\"EntryPoint\",\"urlTemplate\":\"https:\\\/\\\/www.ladime.sk\\\/?s={search_term_string}\"},\"query-input\":{\"@type\":\"PropertyValueSpecification\",\"valueRequired\":true,\"valueName\":\"search_term_string\"}}],\"inLanguage\":\"cs\"},{\"@type\":\"Organization\",\"@id\":\"https:\\\/\\\/www.ladime.sk\\\/#organization\",\"name\":\"Lad\u00edme\",\"url\":\"https:\\\/\\\/www.ladime.sk\\\/\",\"logo\":{\"@type\":\"ImageObject\",\"inLanguage\":\"cs\",\"@id\":\"https:\\\/\\\/www.ladime.sk\\\/#\\\/schema\\\/logo\\\/image\\\/\",\"url\":\"https:\\\/\\\/www.ladime.sk\\\/wp-content\\\/uploads\\\/2021\\\/08\\\/logo_ladime.svg\",\"contentUrl\":\"https:\\\/\\\/www.ladime.sk\\\/wp-content\\\/uploads\\\/2021\\\/08\\\/logo_ladime.svg\",\"width\":366,\"height\":185,\"caption\":\"Lad\u00edme\"},\"image\":{\"@id\":\"https:\\\/\\\/www.ladime.sk\\\/#\\\/schema\\\/logo\\\/image\\\/\"}}]}<\/script>\n<!-- \/ Yoast SEO plugin. -->","yoast_head_json":{"title":"D\u00e1mske ORGANIC \u0161aty Lara - ladime.sk","description":"Udr\u017eate\u013en\u00e1 m\u00f3da sa postar\u00e1 o v\u00e1\u0161 komfort po\u010das cel\u00e9ho d\u0148a. D\u00e1mske ORGANIC \u0161aty Lara u\u0161it\u00e9 z organickej bavlny s certifik\u00e1tom OEKO-TEX 100.","robots":{"index":"index","follow":"follow","max-snippet":"max-snippet:-1","max-image-preview":"max-image-preview:large","max-video-preview":"max-video-preview:-1"},"canonical":"https:\/\/www.ladime.sk\/zeny\/damske-saty\/organic-damske-saty-lara\/","og_locale":"cs_CZ","og_type":"article","og_title":"D\u00e1mske ORGANIC \u0161aty Lara - ladime.sk","og_description":"Udr\u017eate\u013en\u00e1 m\u00f3da sa postar\u00e1 o v\u00e1\u0161 komfort po\u010das cel\u00e9ho d\u0148a. D\u00e1mske ORGANIC \u0161aty Lara u\u0161it\u00e9 z organickej bavlny s certifik\u00e1tom OEKO-TEX 100.","og_url":"https:\/\/www.ladime.sk\/zeny\/damske-saty\/organic-damske-saty-lara\/","og_site_name":"ladime.sk","article_modified_time":"2026-03-19T09:28:24+00:00","og_image":[{"width":1535,"height":1920,"url":"https:\/\/www.ladime.sk\/wp-content\/uploads\/2021\/09\/DSC9637male-1.jpg","type":"image\/jpeg"}],"twitter_card":"summary_large_image","twitter_misc":{"Odhadovan\u00e1 doba \u010dten\u00ed":"2 minuty"},"schema":{"@context":"https:\/\/schema.org","@graph":[{"@type":"WebPage","@id":"https:\/\/www.ladime.sk\/zeny\/damske-saty\/organic-damske-saty-lara\/","url":"https:\/\/www.ladime.sk\/zeny\/damske-saty\/organic-damske-saty-lara\/","name":"D\u00e1mske ORGANIC \u0161aty Lara - ladime.sk","isPartOf":{"@id":"https:\/\/www.ladime.sk\/#website"},"primaryImageOfPage":{"@id":"https:\/\/www.ladime.sk\/zeny\/damske-saty\/organic-damske-saty-lara\/#primaryimage"},"image":{"@id":"https:\/\/www.ladime.sk\/zeny\/damske-saty\/organic-damske-saty-lara\/#primaryimage"},"thumbnailUrl":"https:\/\/www.ladime.sk\/wp-content\/uploads\/2021\/09\/DSC9637male-1.jpg","datePublished":"2021-09-04T05:05:44+00:00","dateModified":"2026-03-19T09:28:24+00:00","description":"Udr\u017eate\u013en\u00e1 m\u00f3da sa postar\u00e1 o v\u00e1\u0161 komfort po\u010das cel\u00e9ho d\u0148a. D\u00e1mske ORGANIC \u0161aty Lara u\u0161it\u00e9 z organickej bavlny s certifik\u00e1tom OEKO-TEX 100.","breadcrumb":{"@id":"https:\/\/www.ladime.sk\/zeny\/damske-saty\/organic-damske-saty-lara\/#breadcrumb"},"inLanguage":"cs","potentialAction":[{"@type":"ReadAction","target":["https:\/\/www.ladime.sk\/zeny\/damske-saty\/organic-damske-saty-lara\/"]}]},{"@type":"ImageObject","inLanguage":"cs","@id":"https:\/\/www.ladime.sk\/zeny\/damske-saty\/organic-damske-saty-lara\/#primaryimage","url":"https:\/\/www.ladime.sk\/wp-content\/uploads\/2021\/09\/DSC9637male-1.jpg","contentUrl":"https:\/\/www.ladime.sk\/wp-content\/uploads\/2021\/09\/DSC9637male-1.jpg","width":1535,"height":1920},{"@type":"BreadcrumbList","@id":"https:\/\/www.ladime.sk\/zeny\/damske-saty\/organic-damske-saty-lara\/#breadcrumb","itemListElement":[{"@type":"ListItem","position":1,"name":"\u00davod","item":"https:\/\/www.ladime.sk\/"},{"@type":"ListItem","position":2,"name":"Obchod","item":"https:\/\/www.ladime.sk\/cs\/shop-cs\/"},{"@type":"ListItem","position":3,"name":"D\u00e1mske ORGANIC \u0161aty Lara"}]},{"@type":"WebSite","@id":"https:\/\/www.ladime.sk\/#website","url":"https:\/\/www.ladime.sk\/","name":"ladime.sk","description":"Ke\u010f lad\u00edme so svetom, mysl\u00edme na bud\u00facnos\u0165.","publisher":{"@id":"https:\/\/www.ladime.sk\/#organization"},"potentialAction":[{"@type":"SearchAction","target":{"@type":"EntryPoint","urlTemplate":"https:\/\/www.ladime.sk\/?s={search_term_string}"},"query-input":{"@type":"PropertyValueSpecification","valueRequired":true,"valueName":"search_term_string"}}],"inLanguage":"cs"},{"@type":"Organization","@id":"https:\/\/www.ladime.sk\/#organization","name":"Lad\u00edme","url":"https:\/\/www.ladime.sk\/","logo":{"@type":"ImageObject","inLanguage":"cs","@id":"https:\/\/www.ladime.sk\/#\/schema\/logo\/image\/","url":"https:\/\/www.ladime.sk\/wp-content\/uploads\/2021\/08\/logo_ladime.svg","contentUrl":"https:\/\/www.ladime.sk\/wp-content\/uploads\/2021\/08\/logo_ladime.svg","width":366,"height":185,"caption":"Lad\u00edme"},"image":{"@id":"https:\/\/www.ladime.sk\/#\/schema\/logo\/image\/"}}]}},"_links":{"self":[{"href":"https:\/\/www.ladime.sk\/cs\/wp-json\/wp\/v2\/product\/5672874","targetHints":{"allow":["GET"]}}],"collection":[{"href":"https:\/\/www.ladime.sk\/cs\/wp-json\/wp\/v2\/product"}],"about":[{"href":"https:\/\/www.ladime.sk\/cs\/wp-json\/wp\/v2\/types\/product"}],"replies":[{"embeddable":true,"href":"https:\/\/www.ladime.sk\/cs\/wp-json\/wp\/v2\/comments?post=5672874"}],"version-history":[{"count":0,"href":"https:\/\/www.ladime.sk\/cs\/wp-json\/wp\/v2\/product\/5672874\/revisions"}],"wp:featuredmedia":[{"embeddable":true,"href":"https:\/\/www.ladime.sk\/cs\/wp-json\/wp\/v2\/media\/5683918"}],"wp:attachment":[{"href":"https:\/\/www.ladime.sk\/cs\/wp-json\/wp\/v2\/media?parent=5672874"}],"wp:term":[{"taxonomy":"product_brand","embeddable":true,"href":"https:\/\/www.ladime.sk\/cs\/wp-json\/wp\/v2\/product_brand?post=5672874"},{"taxonomy":"product_cat","embeddable":true,"href":"https:\/\/www.ladime.sk\/cs\/wp-json\/wp\/v2\/product_cat?post=5672874"},{"taxonomy":"product_tag","embeddable":true,"href":"https:\/\/www.ladime.sk\/cs\/wp-json\/wp\/v2\/product_tag?post=5672874"}],"curies":[{"name":"wp","href":"https:\/\/api.w.org\/{rel}","templated":true}]}}