{"id":5671505,"date":"2021-03-28T19:33:51","date_gmt":"2021-03-28T17:33:51","guid":{"rendered":"https:\/\/www.ladime.sk\/?post_type=product&#038;p=5671505"},"modified":"2025-11-11T15:44:30","modified_gmt":"2025-11-11T14:44:30","slug":"panske-kratasy-marchello","status":"publish","type":"product","link":"https:\/\/www.ladime.sk\/cs\/muzi\/panske-kratasy\/panske-kratasy-marchello\/","title":{"rendered":"P\u00e1nske ORGANIC kra\u0165asy Marchello"},"content":{"rendered":"<h2>\u0160t\u00fdlov\u00e9 p\u00e1nske ORGANIC kra\u0165asy Marchello<\/h2>\n<p><strong>P\u00e1nske ORGANIC kra\u0165asy Marchello<\/strong> s\u00fa u\u0161it\u00e9 v\u00a0strihu s v\u00fdrazn\u00fdm \u0161tepovan\u00edm, ktor\u00e9 pod\u010diarkuje\u00a0ich elegantn\u00fd vzh\u013ead. Oslovia v\u00e1s tie\u017e svojou praktickos\u0165ou. Ka\u017ed\u00fd mu\u017e iste ocen\u00ed kryt\u00e9 bo\u010dn\u00e9 vreck\u00e1 a\u00a0neuverite\u013en\u00fa pohodlnos\u0165. Radi by ste sa zladili aj s\u00a0ostatn\u00fdmi \u010dlenmi rodiny? <strong><a href=\"https:\/\/www.ladime.sk\/muzi\/panske-kratasy\/\" target=\"_blank\" rel=\"noopener\">P\u00e1nske \u0161ortky<\/a><\/strong> Marchello kr\u00e1sne pasuj\u00fa k d\u00e1mskym suk\u0148okra\u0165asom Amaly a detsk\u00fdm kra\u0165ask\u00e1m Nero.<\/p>\n<p>Pri v\u00fdrobe na\u0161ich produktov kladieme d\u00f4raz na <strong>udr\u017eate\u013enos\u0165 a\u00a0fairtrade<\/strong>. V\u00a0ka\u017edom kroku od pestovania biobavlny, cez jej spracovanie a\u017e po dokon\u010denie hotov\u00e9ho <strong><a href=\"https:\/\/www.ladime.sk\">handmade v\u00fdrobku<\/a><\/strong> s\u00fa splnen\u00e9 v\u0161etky po\u017eadovan\u00e9 ekonomick\u00e9, soci\u00e1lne a\u00a0ekologick\u00e9 \u0161tandardy. Organick\u00fd french terry \u00faplet je na dotyk jemnej\u0161\u00ed, odolnej\u0161\u00ed a\u00a0priedu\u0161nej\u0161\u00ed, navy\u0161e nesp\u00f4sobuje \u017eiadne alergick\u00e9 reakcie.<\/p>\n","protected":false},"excerpt":{"rendered":"<div class=\"o9v6fnle cxmmr5t8 oygrvhab hcukyx3x c1et5uql\">\n<div class=\"o9v6fnle cxmmr5t8 oygrvhab hcukyx3x c1et5uql\">\n<div>\n<p>P\u00e1nske ORGANIC kra\u0165asy Marchello s\u00fa k\u00faskom, po ktorom r\u00e1d siahne ka\u017ed\u00fd modern\u00fd mu\u017e. Origin\u00e1lne spojenie \u0161t\u00fdlu, nad\u010dasovosti a\u00a0praktickosti z\u00a0nich sprav\u00ed vo\u013ebu \u010d\u00edslo jeden aj vtedy, ke\u010f sa budete chysta\u0165 na prech\u00e1dzku so svojou rodinou. Pekne ladia s d\u00e1mskymi suk\u0148okra\u0165asmi Amaly a detsk\u00fdmi kra\u0165askami Nero.<\/p>\n<\/div>\n<div class=\"o9v6fnle cxmmr5t8 oygrvhab hcukyx3x c1et5uql\"><strong>Materi\u00e1l:<\/strong> 95% BIO bavlna 5% elastan<\/div>\n<div><\/div>\n<div><\/div>\n<div>\n<div><strong>Certifik\u00e1ty materi\u00e1lu: <\/strong>OEKO-TEX 100, Trieda 1<\/div>\n<div>\u00a0 \u00a0 \u00a0 \u00a0 \u00a0 \u00a0 \u00a0 \u00a0 \u00a0 \u00a0 \u00a0 \u00a0 \u00a0 \u00a0 \u00a0 \u00a0 \u00a0 \u00a0 \u00a0 \u00a0 \u00a0 \u00a0 ORGANIC<\/div>\n<\/div>\n<div><\/div>\n<\/div>\n<div><\/div>\n<div class=\"o9v6fnle cxmmr5t8 oygrvhab hcukyx3x c1et5uql\"><strong>Farba:<\/strong> matn\u00e1 \u010dierna<\/div>\n<div class=\"o9v6fnle cxmmr5t8 oygrvhab hcukyx3x c1et5uql\"><\/div>\n<\/div>\n","protected":false},"featured_media":5671397,"comment_status":"closed","ping_status":"closed","template":"","meta":{"_acf_changed":false,"inline_featured_image":false},"product_brand":[],"product_cat":[98],"product_tag":[],"class_list":{"0":"post-5671505","1":"product","2":"type-product","3":"status-publish","4":"has-post-thumbnail","6":"product_cat-panske-kratasy","8":"first","9":"instock","10":"shipping-taxable","11":"purchasable","12":"product-type-variable","13":"wvs-archive-product-wrapper"},"acf":[],"yoast_head":"<!-- This site is optimized with the Yoast SEO plugin v27.4 - https:\/\/yoast.com\/product\/yoast-seo-wordpress\/ -->\n<title>P\u00e1nske ORGANIC kra\u0165asy Marchello - ladime.sk<\/title>\n<meta name=\"description\" content=\"P\u00e1nske ORGANIC kra\u0165asy Marchello s\u00fa k\u00faskom, po ktorom r\u00e1d siahne ka\u017ed\u00fd modern\u00fd mu\u017e. Origin\u00e1lne spojenie \u0161t\u00fdlu, nad\u010dasovosti a praktickosti.\" \/>\n<meta name=\"robots\" content=\"index, follow, max-snippet:-1, max-image-preview:large, max-video-preview:-1\" \/>\n<link rel=\"canonical\" href=\"https:\/\/www.ladime.sk\/muzi\/panske-kratasy\/panske-kratasy-marchello\/\" \/>\n<meta property=\"og:locale\" content=\"cs_CZ\" \/>\n<meta property=\"og:type\" content=\"article\" \/>\n<meta property=\"og:title\" content=\"P\u00e1nske ORGANIC kra\u0165asy Marchello - ladime.sk\" \/>\n<meta property=\"og:description\" content=\"P\u00e1nske ORGANIC kra\u0165asy Marchello s\u00fa k\u00faskom, po ktorom r\u00e1d siahne ka\u017ed\u00fd modern\u00fd mu\u017e. Origin\u00e1lne spojenie \u0161t\u00fdlu, nad\u010dasovosti a praktickosti.\" \/>\n<meta property=\"og:url\" content=\"https:\/\/www.ladime.sk\/muzi\/panske-kratasy\/panske-kratasy-marchello\/\" \/>\n<meta property=\"og:site_name\" content=\"ladime.sk\" \/>\n<meta property=\"article:modified_time\" content=\"2025-11-11T14:44:30+00:00\" \/>\n<meta property=\"og:image\" content=\"https:\/\/www.ladime.sk\/wp-content\/uploads\/2021\/03\/oblecenie-ladime_pansky-top_petrolejova_panske-kratasy_cierna_eshop-ladime_7.jpg\" \/>\n\t<meta property=\"og:image:width\" content=\"805\" \/>\n\t<meta property=\"og:image:height\" content=\"1006\" \/>\n\t<meta property=\"og:image:type\" content=\"image\/jpeg\" \/>\n<meta name=\"twitter:card\" content=\"summary_large_image\" \/>\n<meta name=\"twitter:label1\" content=\"Odhadovan\u00e1 doba \u010dten\u00ed\" \/>\n\t<meta name=\"twitter:data1\" content=\"1 minuta\" \/>\n<script type=\"application\/ld+json\" class=\"yoast-schema-graph\">{\"@context\":\"https:\\\/\\\/schema.org\",\"@graph\":[{\"@type\":\"WebPage\",\"@id\":\"https:\\\/\\\/www.ladime.sk\\\/muzi\\\/panske-kratasy\\\/panske-kratasy-marchello\\\/\",\"url\":\"https:\\\/\\\/www.ladime.sk\\\/muzi\\\/panske-kratasy\\\/panske-kratasy-marchello\\\/\",\"name\":\"P\u00e1nske ORGANIC kra\u0165asy Marchello - ladime.sk\",\"isPartOf\":{\"@id\":\"https:\\\/\\\/www.ladime.sk\\\/#website\"},\"primaryImageOfPage\":{\"@id\":\"https:\\\/\\\/www.ladime.sk\\\/muzi\\\/panske-kratasy\\\/panske-kratasy-marchello\\\/#primaryimage\"},\"image\":{\"@id\":\"https:\\\/\\\/www.ladime.sk\\\/muzi\\\/panske-kratasy\\\/panske-kratasy-marchello\\\/#primaryimage\"},\"thumbnailUrl\":\"https:\\\/\\\/www.ladime.sk\\\/wp-content\\\/uploads\\\/2021\\\/03\\\/oblecenie-ladime_pansky-top_petrolejova_panske-kratasy_cierna_eshop-ladime_7.jpg\",\"datePublished\":\"2021-03-28T17:33:51+00:00\",\"dateModified\":\"2025-11-11T14:44:30+00:00\",\"description\":\"P\u00e1nske ORGANIC kra\u0165asy Marchello s\u00fa k\u00faskom, po ktorom r\u00e1d siahne ka\u017ed\u00fd modern\u00fd mu\u017e. Origin\u00e1lne spojenie \u0161t\u00fdlu, nad\u010dasovosti a praktickosti.\",\"breadcrumb\":{\"@id\":\"https:\\\/\\\/www.ladime.sk\\\/muzi\\\/panske-kratasy\\\/panske-kratasy-marchello\\\/#breadcrumb\"},\"inLanguage\":\"cs\",\"potentialAction\":[{\"@type\":\"ReadAction\",\"target\":[\"https:\\\/\\\/www.ladime.sk\\\/muzi\\\/panske-kratasy\\\/panske-kratasy-marchello\\\/\"]}]},{\"@type\":\"ImageObject\",\"inLanguage\":\"cs\",\"@id\":\"https:\\\/\\\/www.ladime.sk\\\/muzi\\\/panske-kratasy\\\/panske-kratasy-marchello\\\/#primaryimage\",\"url\":\"https:\\\/\\\/www.ladime.sk\\\/wp-content\\\/uploads\\\/2021\\\/03\\\/oblecenie-ladime_pansky-top_petrolejova_panske-kratasy_cierna_eshop-ladime_7.jpg\",\"contentUrl\":\"https:\\\/\\\/www.ladime.sk\\\/wp-content\\\/uploads\\\/2021\\\/03\\\/oblecenie-ladime_pansky-top_petrolejova_panske-kratasy_cierna_eshop-ladime_7.jpg\",\"width\":805,\"height\":1006,\"caption\":\"p\u00e1nske ORGANIC kra\u0165asy Marchello\"},{\"@type\":\"BreadcrumbList\",\"@id\":\"https:\\\/\\\/www.ladime.sk\\\/muzi\\\/panske-kratasy\\\/panske-kratasy-marchello\\\/#breadcrumb\",\"itemListElement\":[{\"@type\":\"ListItem\",\"position\":1,\"name\":\"\u00davod\",\"item\":\"https:\\\/\\\/www.ladime.sk\\\/\"},{\"@type\":\"ListItem\",\"position\":2,\"name\":\"Obchod\",\"item\":\"https:\\\/\\\/www.ladime.sk\\\/cs\\\/shop-cs\\\/\"},{\"@type\":\"ListItem\",\"position\":3,\"name\":\"P\u00e1nske ORGANIC kra\u0165asy Marchello\"}]},{\"@type\":\"WebSite\",\"@id\":\"https:\\\/\\\/www.ladime.sk\\\/#website\",\"url\":\"https:\\\/\\\/www.ladime.sk\\\/\",\"name\":\"ladime.sk\",\"description\":\"Ke\u010f lad\u00edme so svetom, mysl\u00edme na bud\u00facnos\u0165.\",\"publisher\":{\"@id\":\"https:\\\/\\\/www.ladime.sk\\\/#organization\"},\"potentialAction\":[{\"@type\":\"SearchAction\",\"target\":{\"@type\":\"EntryPoint\",\"urlTemplate\":\"https:\\\/\\\/www.ladime.sk\\\/?s={search_term_string}\"},\"query-input\":{\"@type\":\"PropertyValueSpecification\",\"valueRequired\":true,\"valueName\":\"search_term_string\"}}],\"inLanguage\":\"cs\"},{\"@type\":\"Organization\",\"@id\":\"https:\\\/\\\/www.ladime.sk\\\/#organization\",\"name\":\"Lad\u00edme\",\"url\":\"https:\\\/\\\/www.ladime.sk\\\/\",\"logo\":{\"@type\":\"ImageObject\",\"inLanguage\":\"cs\",\"@id\":\"https:\\\/\\\/www.ladime.sk\\\/#\\\/schema\\\/logo\\\/image\\\/\",\"url\":\"https:\\\/\\\/www.ladime.sk\\\/wp-content\\\/uploads\\\/2021\\\/08\\\/logo_ladime.svg\",\"contentUrl\":\"https:\\\/\\\/www.ladime.sk\\\/wp-content\\\/uploads\\\/2021\\\/08\\\/logo_ladime.svg\",\"width\":366,\"height\":185,\"caption\":\"Lad\u00edme\"},\"image\":{\"@id\":\"https:\\\/\\\/www.ladime.sk\\\/#\\\/schema\\\/logo\\\/image\\\/\"}}]}<\/script>\n<!-- \/ Yoast SEO plugin. -->","yoast_head_json":{"title":"P\u00e1nske ORGANIC kra\u0165asy Marchello - ladime.sk","description":"P\u00e1nske ORGANIC kra\u0165asy Marchello s\u00fa k\u00faskom, po ktorom r\u00e1d siahne ka\u017ed\u00fd modern\u00fd mu\u017e. Origin\u00e1lne spojenie \u0161t\u00fdlu, nad\u010dasovosti a praktickosti.","robots":{"index":"index","follow":"follow","max-snippet":"max-snippet:-1","max-image-preview":"max-image-preview:large","max-video-preview":"max-video-preview:-1"},"canonical":"https:\/\/www.ladime.sk\/muzi\/panske-kratasy\/panske-kratasy-marchello\/","og_locale":"cs_CZ","og_type":"article","og_title":"P\u00e1nske ORGANIC kra\u0165asy Marchello - ladime.sk","og_description":"P\u00e1nske ORGANIC kra\u0165asy Marchello s\u00fa k\u00faskom, po ktorom r\u00e1d siahne ka\u017ed\u00fd modern\u00fd mu\u017e. Origin\u00e1lne spojenie \u0161t\u00fdlu, nad\u010dasovosti a praktickosti.","og_url":"https:\/\/www.ladime.sk\/muzi\/panske-kratasy\/panske-kratasy-marchello\/","og_site_name":"ladime.sk","article_modified_time":"2025-11-11T14:44:30+00:00","og_image":[{"width":805,"height":1006,"url":"https:\/\/www.ladime.sk\/wp-content\/uploads\/2021\/03\/oblecenie-ladime_pansky-top_petrolejova_panske-kratasy_cierna_eshop-ladime_7.jpg","type":"image\/jpeg"}],"twitter_card":"summary_large_image","twitter_misc":{"Odhadovan\u00e1 doba \u010dten\u00ed":"1 minuta"},"schema":{"@context":"https:\/\/schema.org","@graph":[{"@type":"WebPage","@id":"https:\/\/www.ladime.sk\/muzi\/panske-kratasy\/panske-kratasy-marchello\/","url":"https:\/\/www.ladime.sk\/muzi\/panske-kratasy\/panske-kratasy-marchello\/","name":"P\u00e1nske ORGANIC kra\u0165asy Marchello - ladime.sk","isPartOf":{"@id":"https:\/\/www.ladime.sk\/#website"},"primaryImageOfPage":{"@id":"https:\/\/www.ladime.sk\/muzi\/panske-kratasy\/panske-kratasy-marchello\/#primaryimage"},"image":{"@id":"https:\/\/www.ladime.sk\/muzi\/panske-kratasy\/panske-kratasy-marchello\/#primaryimage"},"thumbnailUrl":"https:\/\/www.ladime.sk\/wp-content\/uploads\/2021\/03\/oblecenie-ladime_pansky-top_petrolejova_panske-kratasy_cierna_eshop-ladime_7.jpg","datePublished":"2021-03-28T17:33:51+00:00","dateModified":"2025-11-11T14:44:30+00:00","description":"P\u00e1nske ORGANIC kra\u0165asy Marchello s\u00fa k\u00faskom, po ktorom r\u00e1d siahne ka\u017ed\u00fd modern\u00fd mu\u017e. Origin\u00e1lne spojenie \u0161t\u00fdlu, nad\u010dasovosti a praktickosti.","breadcrumb":{"@id":"https:\/\/www.ladime.sk\/muzi\/panske-kratasy\/panske-kratasy-marchello\/#breadcrumb"},"inLanguage":"cs","potentialAction":[{"@type":"ReadAction","target":["https:\/\/www.ladime.sk\/muzi\/panske-kratasy\/panske-kratasy-marchello\/"]}]},{"@type":"ImageObject","inLanguage":"cs","@id":"https:\/\/www.ladime.sk\/muzi\/panske-kratasy\/panske-kratasy-marchello\/#primaryimage","url":"https:\/\/www.ladime.sk\/wp-content\/uploads\/2021\/03\/oblecenie-ladime_pansky-top_petrolejova_panske-kratasy_cierna_eshop-ladime_7.jpg","contentUrl":"https:\/\/www.ladime.sk\/wp-content\/uploads\/2021\/03\/oblecenie-ladime_pansky-top_petrolejova_panske-kratasy_cierna_eshop-ladime_7.jpg","width":805,"height":1006,"caption":"p\u00e1nske ORGANIC kra\u0165asy Marchello"},{"@type":"BreadcrumbList","@id":"https:\/\/www.ladime.sk\/muzi\/panske-kratasy\/panske-kratasy-marchello\/#breadcrumb","itemListElement":[{"@type":"ListItem","position":1,"name":"\u00davod","item":"https:\/\/www.ladime.sk\/"},{"@type":"ListItem","position":2,"name":"Obchod","item":"https:\/\/www.ladime.sk\/cs\/shop-cs\/"},{"@type":"ListItem","position":3,"name":"P\u00e1nske ORGANIC kra\u0165asy Marchello"}]},{"@type":"WebSite","@id":"https:\/\/www.ladime.sk\/#website","url":"https:\/\/www.ladime.sk\/","name":"ladime.sk","description":"Ke\u010f lad\u00edme so svetom, mysl\u00edme na bud\u00facnos\u0165.","publisher":{"@id":"https:\/\/www.ladime.sk\/#organization"},"potentialAction":[{"@type":"SearchAction","target":{"@type":"EntryPoint","urlTemplate":"https:\/\/www.ladime.sk\/?s={search_term_string}"},"query-input":{"@type":"PropertyValueSpecification","valueRequired":true,"valueName":"search_term_string"}}],"inLanguage":"cs"},{"@type":"Organization","@id":"https:\/\/www.ladime.sk\/#organization","name":"Lad\u00edme","url":"https:\/\/www.ladime.sk\/","logo":{"@type":"ImageObject","inLanguage":"cs","@id":"https:\/\/www.ladime.sk\/#\/schema\/logo\/image\/","url":"https:\/\/www.ladime.sk\/wp-content\/uploads\/2021\/08\/logo_ladime.svg","contentUrl":"https:\/\/www.ladime.sk\/wp-content\/uploads\/2021\/08\/logo_ladime.svg","width":366,"height":185,"caption":"Lad\u00edme"},"image":{"@id":"https:\/\/www.ladime.sk\/#\/schema\/logo\/image\/"}}]}},"_links":{"self":[{"href":"https:\/\/www.ladime.sk\/cs\/wp-json\/wp\/v2\/product\/5671505","targetHints":{"allow":["GET"]}}],"collection":[{"href":"https:\/\/www.ladime.sk\/cs\/wp-json\/wp\/v2\/product"}],"about":[{"href":"https:\/\/www.ladime.sk\/cs\/wp-json\/wp\/v2\/types\/product"}],"replies":[{"embeddable":true,"href":"https:\/\/www.ladime.sk\/cs\/wp-json\/wp\/v2\/comments?post=5671505"}],"version-history":[{"count":0,"href":"https:\/\/www.ladime.sk\/cs\/wp-json\/wp\/v2\/product\/5671505\/revisions"}],"wp:featuredmedia":[{"embeddable":true,"href":"https:\/\/www.ladime.sk\/cs\/wp-json\/wp\/v2\/media\/5671397"}],"wp:attachment":[{"href":"https:\/\/www.ladime.sk\/cs\/wp-json\/wp\/v2\/media?parent=5671505"}],"wp:term":[{"taxonomy":"product_brand","embeddable":true,"href":"https:\/\/www.ladime.sk\/cs\/wp-json\/wp\/v2\/product_brand?post=5671505"},{"taxonomy":"product_cat","embeddable":true,"href":"https:\/\/www.ladime.sk\/cs\/wp-json\/wp\/v2\/product_cat?post=5671505"},{"taxonomy":"product_tag","embeddable":true,"href":"https:\/\/www.ladime.sk\/cs\/wp-json\/wp\/v2\/product_tag?post=5671505"}],"curies":[{"name":"wp","href":"https:\/\/api.w.org\/{rel}","templated":true}]}}