{"id":5677960,"date":"2021-08-31T09:52:57","date_gmt":"2021-08-31T07:52:57","guid":{"rendered":"https:\/\/www.ladime.sk\/cart\/"},"modified":"2023-06-21T17:07:11","modified_gmt":"2023-06-21T15:07:11","slug":"kosik-cs","status":"publish","type":"page","link":"https:\/\/www.ladime.sk\/cs\/kosik-cs\/","title":{"rendered":"Ko\u0161\u00edk"},"content":{"rendered":"<h1>Ko\u0161\u00edk<\/h1>\n\n","protected":false},"excerpt":{"rendered":"<p>Ko\u0161\u00edk<\/p>\n","protected":false},"author":15,"featured_media":0,"parent":0,"menu_order":0,"comment_status":"closed","ping_status":"closed","template":"","meta":{"_acf_changed":false,"inline_featured_image":false,"footnotes":""},"class_list":["post-5677960","page","type-page","status-publish","hentry"],"blocksy_meta":[],"acf":[],"yoast_head":"<!-- This site is optimized with the Yoast SEO plugin v27.4 - https:\/\/yoast.com\/product\/yoast-seo-wordpress\/ -->\n<title>Ko\u0161\u00edk - ladime.sk<\/title>\n<meta name=\"description\" content=\"Lad\u00edme is a Slovak brand focused on comfortable clothing for families. We pay attention to the uniqueness and quality of each piece. At the same time we aim to produce a sustainable fashion.\" \/>\n<meta name=\"robots\" content=\"index, follow, max-snippet:-1, max-image-preview:large, max-video-preview:-1\" \/>\n<link rel=\"canonical\" href=\"https:\/\/www.ladime.sk\/cs\/kosik-cs\/\" \/>\n<meta property=\"og:locale\" content=\"cs_CZ\" \/>\n<meta property=\"og:type\" content=\"article\" \/>\n<meta property=\"og:title\" content=\"Ko\u0161\u00edk - ladime.sk\" \/>\n<meta property=\"og:description\" content=\"Lad\u00edme is a Slovak brand focused on comfortable clothing for families. We pay attention to the uniqueness and quality of each piece. At the same time we aim to produce a sustainable fashion.\" \/>\n<meta property=\"og:url\" content=\"https:\/\/www.ladime.sk\/cs\/kosik-cs\/\" \/>\n<meta property=\"og:site_name\" content=\"ladime.sk\" \/>\n<meta property=\"article:modified_time\" content=\"2023-06-21T15:07:11+00:00\" \/>\n<meta name=\"twitter:card\" content=\"summary_large_image\" \/>\n<script type=\"application\/ld+json\" class=\"yoast-schema-graph\">{\"@context\":\"https:\\\/\\\/schema.org\",\"@graph\":[{\"@type\":\"WebPage\",\"@id\":\"https:\\\/\\\/www.ladime.sk\\\/cs\\\/kosik-cs\\\/\",\"url\":\"https:\\\/\\\/www.ladime.sk\\\/cs\\\/kosik-cs\\\/\",\"name\":\"Ko\u0161\u00edk - ladime.sk\",\"isPartOf\":{\"@id\":\"https:\\\/\\\/www.ladime.sk\\\/#website\"},\"datePublished\":\"2021-08-31T07:52:57+00:00\",\"dateModified\":\"2023-06-21T15:07:11+00:00\",\"description\":\"Lad\u00edme is a Slovak brand focused on comfortable clothing for families. We pay attention to the uniqueness and quality of each piece. At the same time we aim to produce a sustainable fashion.\",\"breadcrumb\":{\"@id\":\"https:\\\/\\\/www.ladime.sk\\\/cs\\\/kosik-cs\\\/#breadcrumb\"},\"inLanguage\":\"cs\",\"potentialAction\":[{\"@type\":\"ReadAction\",\"target\":[\"https:\\\/\\\/www.ladime.sk\\\/cs\\\/kosik-cs\\\/\"]}]},{\"@type\":\"BreadcrumbList\",\"@id\":\"https:\\\/\\\/www.ladime.sk\\\/cs\\\/kosik-cs\\\/#breadcrumb\",\"itemListElement\":[{\"@type\":\"ListItem\",\"position\":1,\"name\":\"\u00davod\",\"item\":\"https:\\\/\\\/www.ladime.sk\\\/\"},{\"@type\":\"ListItem\",\"position\":2,\"name\":\"Ko\u0161\u00edk\"}]},{\"@type\":\"WebSite\",\"@id\":\"https:\\\/\\\/www.ladime.sk\\\/#website\",\"url\":\"https:\\\/\\\/www.ladime.sk\\\/\",\"name\":\"ladime.sk\",\"description\":\"Ke\u010f lad\u00edme so svetom, mysl\u00edme na bud\u00facnos\u0165.\",\"publisher\":{\"@id\":\"https:\\\/\\\/www.ladime.sk\\\/#organization\"},\"potentialAction\":[{\"@type\":\"SearchAction\",\"target\":{\"@type\":\"EntryPoint\",\"urlTemplate\":\"https:\\\/\\\/www.ladime.sk\\\/?s={search_term_string}\"},\"query-input\":{\"@type\":\"PropertyValueSpecification\",\"valueRequired\":true,\"valueName\":\"search_term_string\"}}],\"inLanguage\":\"cs\"},{\"@type\":\"Organization\",\"@id\":\"https:\\\/\\\/www.ladime.sk\\\/#organization\",\"name\":\"Lad\u00edme\",\"url\":\"https:\\\/\\\/www.ladime.sk\\\/\",\"logo\":{\"@type\":\"ImageObject\",\"inLanguage\":\"cs\",\"@id\":\"https:\\\/\\\/www.ladime.sk\\\/#\\\/schema\\\/logo\\\/image\\\/\",\"url\":\"https:\\\/\\\/www.ladime.sk\\\/wp-content\\\/uploads\\\/2021\\\/08\\\/logo_ladime.svg\",\"contentUrl\":\"https:\\\/\\\/www.ladime.sk\\\/wp-content\\\/uploads\\\/2021\\\/08\\\/logo_ladime.svg\",\"width\":366,\"height\":185,\"caption\":\"Lad\u00edme\"},\"image\":{\"@id\":\"https:\\\/\\\/www.ladime.sk\\\/#\\\/schema\\\/logo\\\/image\\\/\"}}]}<\/script>\n<!-- \/ Yoast SEO plugin. -->","yoast_head_json":{"title":"Ko\u0161\u00edk - ladime.sk","description":"Lad\u00edme is a Slovak brand focused on comfortable clothing for families. We pay attention to the uniqueness and quality of each piece. At the same time we aim to produce a sustainable fashion.","robots":{"index":"index","follow":"follow","max-snippet":"max-snippet:-1","max-image-preview":"max-image-preview:large","max-video-preview":"max-video-preview:-1"},"canonical":"https:\/\/www.ladime.sk\/cs\/kosik-cs\/","og_locale":"cs_CZ","og_type":"article","og_title":"Ko\u0161\u00edk - ladime.sk","og_description":"Lad\u00edme is a Slovak brand focused on comfortable clothing for families. We pay attention to the uniqueness and quality of each piece. At the same time we aim to produce a sustainable fashion.","og_url":"https:\/\/www.ladime.sk\/cs\/kosik-cs\/","og_site_name":"ladime.sk","article_modified_time":"2023-06-21T15:07:11+00:00","twitter_card":"summary_large_image","schema":{"@context":"https:\/\/schema.org","@graph":[{"@type":"WebPage","@id":"https:\/\/www.ladime.sk\/cs\/kosik-cs\/","url":"https:\/\/www.ladime.sk\/cs\/kosik-cs\/","name":"Ko\u0161\u00edk - ladime.sk","isPartOf":{"@id":"https:\/\/www.ladime.sk\/#website"},"datePublished":"2021-08-31T07:52:57+00:00","dateModified":"2023-06-21T15:07:11+00:00","description":"Lad\u00edme is a Slovak brand focused on comfortable clothing for families. We pay attention to the uniqueness and quality of each piece. At the same time we aim to produce a sustainable fashion.","breadcrumb":{"@id":"https:\/\/www.ladime.sk\/cs\/kosik-cs\/#breadcrumb"},"inLanguage":"cs","potentialAction":[{"@type":"ReadAction","target":["https:\/\/www.ladime.sk\/cs\/kosik-cs\/"]}]},{"@type":"BreadcrumbList","@id":"https:\/\/www.ladime.sk\/cs\/kosik-cs\/#breadcrumb","itemListElement":[{"@type":"ListItem","position":1,"name":"\u00davod","item":"https:\/\/www.ladime.sk\/"},{"@type":"ListItem","position":2,"name":"Ko\u0161\u00edk"}]},{"@type":"WebSite","@id":"https:\/\/www.ladime.sk\/#website","url":"https:\/\/www.ladime.sk\/","name":"ladime.sk","description":"Ke\u010f lad\u00edme so svetom, mysl\u00edme na bud\u00facnos\u0165.","publisher":{"@id":"https:\/\/www.ladime.sk\/#organization"},"potentialAction":[{"@type":"SearchAction","target":{"@type":"EntryPoint","urlTemplate":"https:\/\/www.ladime.sk\/?s={search_term_string}"},"query-input":{"@type":"PropertyValueSpecification","valueRequired":true,"valueName":"search_term_string"}}],"inLanguage":"cs"},{"@type":"Organization","@id":"https:\/\/www.ladime.sk\/#organization","name":"Lad\u00edme","url":"https:\/\/www.ladime.sk\/","logo":{"@type":"ImageObject","inLanguage":"cs","@id":"https:\/\/www.ladime.sk\/#\/schema\/logo\/image\/","url":"https:\/\/www.ladime.sk\/wp-content\/uploads\/2021\/08\/logo_ladime.svg","contentUrl":"https:\/\/www.ladime.sk\/wp-content\/uploads\/2021\/08\/logo_ladime.svg","width":366,"height":185,"caption":"Lad\u00edme"},"image":{"@id":"https:\/\/www.ladime.sk\/#\/schema\/logo\/image\/"}}]}},"_links":{"self":[{"href":"https:\/\/www.ladime.sk\/cs\/wp-json\/wp\/v2\/pages\/5677960","targetHints":{"allow":["GET"]}}],"collection":[{"href":"https:\/\/www.ladime.sk\/cs\/wp-json\/wp\/v2\/pages"}],"about":[{"href":"https:\/\/www.ladime.sk\/cs\/wp-json\/wp\/v2\/types\/page"}],"author":[{"embeddable":true,"href":"https:\/\/www.ladime.sk\/cs\/wp-json\/wp\/v2\/users\/15"}],"replies":[{"embeddable":true,"href":"https:\/\/www.ladime.sk\/cs\/wp-json\/wp\/v2\/comments?post=5677960"}],"version-history":[{"count":0,"href":"https:\/\/www.ladime.sk\/cs\/wp-json\/wp\/v2\/pages\/5677960\/revisions"}],"wp:attachment":[{"href":"https:\/\/www.ladime.sk\/cs\/wp-json\/wp\/v2\/media?parent=5677960"}],"curies":[{"name":"wp","href":"https:\/\/api.w.org\/{rel}","templated":true}]}}